{"id":5531,"date":"2025-06-17T03:14:39","date_gmt":"2025-06-17T03:14:39","guid":{"rendered":"https:\/\/tzionlibreria.com\/?post_type=product&#038;p=5531"},"modified":"2025-06-17T03:14:39","modified_gmt":"2025-06-17T03:14:39","slug":"la-derrota-de-los-angeles-de-las-tinieblas","status":"publish","type":"product","link":"https:\/\/tzionlibreria.com\/index.php\/product\/la-derrota-de-los-angeles-de-las-tinieblas\/","title":{"rendered":"La derrota de los \u00e1ngeles de las tinieblas"},"content":{"rendered":"<h3 data-start=\"260\" data-end=\"316\">\ud83d\udee1\ufe0f <strong data-start=\"268\" data-end=\"314\">La derrota de los \u00e1ngeles de las tinieblas<\/strong><\/h3>\n<p data-start=\"317\" data-end=\"501\"><strong data-start=\"317\" data-end=\"331\">Subt\u00edtulo:<\/strong> C\u00f3mo romper la opresi\u00f3n demon\u00edaca en la vida del creyente<br data-start=\"389\" data-end=\"392\" \/><strong data-start=\"392\" data-end=\"402\">Autor:<\/strong> Charles H. Kraft<br data-start=\"419\" data-end=\"422\" \/><strong data-start=\"422\" data-end=\"436\">Categor\u00eda:<\/strong> Guerra espiritual<br data-start=\"454\" data-end=\"457\" \/><strong data-start=\"457\" data-end=\"468\">Idioma:<\/strong> Espa\u00f1ol<br data-start=\"476\" data-end=\"479\" \/><strong data-start=\"479\" data-end=\"487\">SKU:<\/strong> 9789587371116<\/p>\n<h3 data-start=\"508\" data-end=\"540\"><\/h3>\n<p data-start=\"542\" data-end=\"615\"><strong data-start=\"542\" data-end=\"615\">\u00bfEst\u00e1s viviendo bajo alguna forma de opresi\u00f3n espiritual sin saberlo?<\/strong><\/p>\n<p data-start=\"617\" data-end=\"840\">En este poderoso y pr\u00e1ctico manual, el Dr. <strong data-start=\"660\" data-end=\"680\">Charles H. Kraft<\/strong> expone con claridad y respaldo b\u00edblico c\u00f3mo operan los demonios, c\u00f3mo influyen en la vida del creyente y, sobre todo, <strong data-start=\"799\" data-end=\"839\">c\u00f3mo resistirlos y romper su dominio<\/strong>.<\/p>\n<p data-start=\"842\" data-end=\"1092\">Basado en d\u00e9cadas de experiencia ministerial, este libro no solo ense\u00f1a sino que equipa al lector para vivir en <strong data-start=\"954\" data-end=\"977\">libertad espiritual<\/strong> y ministrar esa misma libertad a otros.<br data-start=\"1017\" data-end=\"1020\" \/>No es teor\u00eda: son principios probados en el campo de batalla espiritual.<\/p>\n<hr data-start=\"1094\" data-end=\"1097\" \/>\n<h3 data-start=\"1099\" data-end=\"1134\">\ud83d\udc65 <strong data-start=\"1106\" data-end=\"1134\">\u00bfPara qui\u00e9n va dirigido?<\/strong><\/h3>\n<ul data-start=\"1136\" data-end=\"1453\">\n<li data-start=\"1136\" data-end=\"1216\">\n<p data-start=\"1138\" data-end=\"1216\">Creyentes que experimentan ataques espirituales y no saben c\u00f3mo enfrentarlos<\/p>\n<\/li>\n<li data-start=\"1217\" data-end=\"1282\">\n<p data-start=\"1219\" data-end=\"1282\">Pastores, intercesores y l\u00edderes de ministerios de liberaci\u00f3n<\/p>\n<\/li>\n<li data-start=\"1283\" data-end=\"1355\">\n<p data-start=\"1285\" data-end=\"1355\">Personas que desean aprender a ministrar sanidad y libertad en otros<\/p>\n<\/li>\n<li data-start=\"1356\" data-end=\"1453\">\n<p data-start=\"1358\" data-end=\"1453\">Cristianos interesados en entender el mundo espiritual desde una perspectiva b\u00edblica y pr\u00e1ctica<\/p>\n<\/li>\n<\/ul>\n<hr data-start=\"1455\" data-end=\"1458\" \/>\n<h3 data-start=\"1460\" data-end=\"1488\">\u2705 <strong data-start=\"1466\" data-end=\"1488\">Ventajas del libro<\/strong><\/h3>\n<ul data-start=\"1490\" data-end=\"1776\">\n<li data-start=\"1490\" data-end=\"1544\">\n<p data-start=\"1492\" data-end=\"1544\">Enfoque pr\u00e1ctico, b\u00edblico y basado en casos reales<\/p>\n<\/li>\n<li data-start=\"1545\" data-end=\"1610\">\n<p data-start=\"1547\" data-end=\"1610\">Ideal como manual de guerra espiritual personal o ministerial<\/p>\n<\/li>\n<li data-start=\"1611\" data-end=\"1697\">\n<p data-start=\"1613\" data-end=\"1697\">Brinda herramientas para romper ataduras, liberar oprimidos y caminar en autoridad<\/p>\n<\/li>\n<li data-start=\"1698\" data-end=\"1776\">\n<p data-start=\"1700\" data-end=\"1776\">Recomendado por l\u00edderes espirituales por su claridad, profundidad y utilidad<\/p>\n<\/li>\n<\/ul>\n","protected":false},"excerpt":{"rendered":"<p>\ud83d\udee1\ufe0f La derrota de los \u00e1ngeles de las tinieblas Subt\u00edtulo: C\u00f3mo romper la opresi\u00f3n demon\u00edaca en la vida del creyenteAutor: Charles H. KraftCategor\u00eda: Guerra espiritualIdioma: Espa\u00f1olSKU: 9789587371116 \u00bfEst\u00e1s viviendo bajo alguna forma de opresi\u00f3n espiritual sin saberlo? En este poderoso y pr\u00e1ctico manual, el Dr. Charles H. Kraft expone con claridad y respaldo b\u00edblico c\u00f3mo [&hellip;]<\/p>\n","protected":false},"featured_media":5532,"comment_status":"open","ping_status":"closed","template":"","meta":{"om_disable_all_campaigns":false,"_monsterinsights_skip_tracking":false,"_monsterinsights_sitenote_active":false,"_monsterinsights_sitenote_note":"","_monsterinsights_sitenote_category":0,"site-sidebar-layout":"default","site-content-layout":"","ast-site-content-layout":"default","site-content-style":"default","site-sidebar-style":"default","ast-global-header-display":"","ast-banner-title-visibility":"","ast-main-header-display":"","ast-hfb-above-header-display":"","ast-hfb-below-header-display":"","ast-hfb-mobile-header-display":"","site-post-title":"","ast-breadcrumbs-content":"","ast-featured-img":"","footer-sml-layout":"","ast-disable-related-posts":"","theme-transparent-header-meta":"default","adv-header-id-meta":"","stick-header-meta":"","header-above-stick-meta":"","header-main-stick-meta":"","header-below-stick-meta":"","astra-migrate-meta-layouts":"set","ast-page-background-enabled":"default","ast-page-background-meta":{"desktop":{"background-color":"var(--ast-global-color-4)","background-image":"","background-repeat":"repeat","background-position":"center center","background-size":"auto","background-attachment":"scroll","background-type":"","background-media":"","overlay-type":"","overlay-color":"","overlay-opacity":"","overlay-gradient":""},"tablet":{"background-color":"","background-image":"","background-repeat":"repeat","background-position":"center center","background-size":"auto","background-attachment":"scroll","background-type":"","background-media":"","overlay-type":"","overlay-color":"","overlay-opacity":"","overlay-gradient":""},"mobile":{"background-color":"","background-image":"","background-repeat":"repeat","background-position":"center center","background-size":"auto","background-attachment":"scroll","background-type":"","background-media":"","overlay-type":"","overlay-color":"","overlay-opacity":"","overlay-gradient":""}},"ast-content-background-meta":{"desktop":{"background-color":"var(--ast-global-color-5)","background-image":"","background-repeat":"repeat","background-position":"center center","background-size":"auto","background-attachment":"scroll","background-type":"","background-media":"","overlay-type":"","overlay-color":"","overlay-opacity":"","overlay-gradient":""},"tablet":{"background-color":"var(--ast-global-color-5)","background-image":"","background-repeat":"repeat","background-position":"center center","background-size":"auto","background-attachment":"scroll","background-type":"","background-media":"","overlay-type":"","overlay-color":"","overlay-opacity":"","overlay-gradient":""},"mobile":{"background-color":"var(--ast-global-color-5)","background-image":"","background-repeat":"repeat","background-position":"center center","background-size":"auto","background-attachment":"scroll","background-type":"","background-media":"","overlay-type":"","overlay-color":"","overlay-opacity":"","overlay-gradient":""}}},"product_brand":[],"product_cat":[168,169,23,166],"product_tag":[306],"class_list":{"0":"post-5531","1":"product","2":"type-product","3":"status-publish","4":"has-post-thumbnail","6":"product_cat-guerra-espiritual","7":"product_cat-hombres","8":"product_cat-libros","9":"product_cat-profecia","10":"product_tag-desafio","11":"desktop-align-left","12":"tablet-align-left","13":"mobile-align-left","15":"first","16":"instock","17":"shipping-taxable","18":"purchasable","19":"product-type-simple"},"yoast_head":"<!-- This site is optimized with the Yoast SEO plugin v27.4 - https:\/\/yoast.com\/product\/yoast-seo-wordpress\/ -->\n<title>La derrota de los \u00e1ngeles de las tinieblas - tzionlibreria.com<\/title>\n<meta name=\"description\" content=\"Expone con claridad y respaldo b\u00edblico c\u00f3mo operan los demonios, c\u00f3mo influyen en la vida del creyente y, sobre todo, c\u00f3mo resistirlos y romper su dominio.\" \/>\n<meta name=\"robots\" content=\"index, follow, max-snippet:-1, max-image-preview:large, max-video-preview:-1\" \/>\n<link rel=\"canonical\" href=\"https:\/\/tzionlibreria.com\/index.php\/product\/la-derrota-de-los-angeles-de-las-tinieblas\/\" \/>\n<meta property=\"og:locale\" content=\"es_ES\" \/>\n<meta property=\"og:type\" content=\"article\" \/>\n<meta property=\"og:title\" content=\"La derrota de los \u00e1ngeles de las tinieblas - tzionlibreria.com\" \/>\n<meta property=\"og:description\" content=\"Expone con claridad y respaldo b\u00edblico c\u00f3mo operan los demonios, c\u00f3mo influyen en la vida del creyente y, sobre todo, c\u00f3mo resistirlos y romper su dominio.\" \/>\n<meta property=\"og:url\" content=\"https:\/\/tzionlibreria.com\/index.php\/product\/la-derrota-de-los-angeles-de-las-tinieblas\/\" \/>\n<meta property=\"og:site_name\" content=\"tzionlibreria.com\" \/>\n<meta property=\"og:image\" content=\"http:\/\/tzionlibreria.com\/wp-content\/uploads\/2025\/06\/142.png\" \/>\n\t<meta property=\"og:image:width\" content=\"1080\" \/>\n\t<meta property=\"og:image:height\" content=\"1080\" \/>\n\t<meta property=\"og:image:type\" content=\"image\/png\" \/>\n<meta name=\"twitter:card\" content=\"summary_large_image\" \/>\n<meta name=\"twitter:label1\" content=\"Tiempo de lectura\" \/>\n\t<meta name=\"twitter:data1\" content=\"2 minutos\" \/>\n<script type=\"application\/ld+json\" class=\"yoast-schema-graph\">{\"@context\":\"https:\\\/\\\/schema.org\",\"@graph\":[{\"@type\":\"WebPage\",\"@id\":\"https:\\\/\\\/tzionlibreria.com\\\/index.php\\\/product\\\/la-derrota-de-los-angeles-de-las-tinieblas\\\/\",\"url\":\"https:\\\/\\\/tzionlibreria.com\\\/index.php\\\/product\\\/la-derrota-de-los-angeles-de-las-tinieblas\\\/\",\"name\":\"La derrota de los \u00e1ngeles de las tinieblas - tzionlibreria.com\",\"isPartOf\":{\"@id\":\"https:\\\/\\\/tzionlibreria.com\\\/#website\"},\"primaryImageOfPage\":{\"@id\":\"https:\\\/\\\/tzionlibreria.com\\\/index.php\\\/product\\\/la-derrota-de-los-angeles-de-las-tinieblas\\\/#primaryimage\"},\"image\":{\"@id\":\"https:\\\/\\\/tzionlibreria.com\\\/index.php\\\/product\\\/la-derrota-de-los-angeles-de-las-tinieblas\\\/#primaryimage\"},\"thumbnailUrl\":\"https:\\\/\\\/tzionlibreria.com\\\/wp-content\\\/uploads\\\/2025\\\/06\\\/142.png\",\"datePublished\":\"2025-06-17T03:14:39+00:00\",\"description\":\"Expone con claridad y respaldo b\u00edblico c\u00f3mo operan los demonios, c\u00f3mo influyen en la vida del creyente y, sobre todo, c\u00f3mo resistirlos y romper su dominio.\",\"breadcrumb\":{\"@id\":\"https:\\\/\\\/tzionlibreria.com\\\/index.php\\\/product\\\/la-derrota-de-los-angeles-de-las-tinieblas\\\/#breadcrumb\"},\"inLanguage\":\"es-CO\",\"potentialAction\":[{\"@type\":\"ReadAction\",\"target\":[\"https:\\\/\\\/tzionlibreria.com\\\/index.php\\\/product\\\/la-derrota-de-los-angeles-de-las-tinieblas\\\/\"]}]},{\"@type\":\"ImageObject\",\"inLanguage\":\"es-CO\",\"@id\":\"https:\\\/\\\/tzionlibreria.com\\\/index.php\\\/product\\\/la-derrota-de-los-angeles-de-las-tinieblas\\\/#primaryimage\",\"url\":\"https:\\\/\\\/tzionlibreria.com\\\/wp-content\\\/uploads\\\/2025\\\/06\\\/142.png\",\"contentUrl\":\"https:\\\/\\\/tzionlibreria.com\\\/wp-content\\\/uploads\\\/2025\\\/06\\\/142.png\",\"width\":1080,\"height\":1080},{\"@type\":\"BreadcrumbList\",\"@id\":\"https:\\\/\\\/tzionlibreria.com\\\/index.php\\\/product\\\/la-derrota-de-los-angeles-de-las-tinieblas\\\/#breadcrumb\",\"itemListElement\":[{\"@type\":\"ListItem\",\"position\":1,\"name\":\"Inicio\",\"item\":\"https:\\\/\\\/tzionlibreria.com\\\/\"},{\"@type\":\"ListItem\",\"position\":2,\"name\":\"Shop\",\"item\":\"https:\\\/\\\/tzionlibreria.com\\\/index.php\\\/shop\\\/\"},{\"@type\":\"ListItem\",\"position\":3,\"name\":\"La derrota de los \u00e1ngeles de las tinieblas\"}]},{\"@type\":\"WebSite\",\"@id\":\"https:\\\/\\\/tzionlibreria.com\\\/#website\",\"url\":\"https:\\\/\\\/tzionlibreria.com\\\/\",\"name\":\"tzionlibreria.com\",\"description\":\"Libreria Cristiana Venezuela\",\"publisher\":{\"@id\":\"https:\\\/\\\/tzionlibreria.com\\\/#organization\"},\"potentialAction\":[{\"@type\":\"SearchAction\",\"target\":{\"@type\":\"EntryPoint\",\"urlTemplate\":\"https:\\\/\\\/tzionlibreria.com\\\/?s={search_term_string}\"},\"query-input\":{\"@type\":\"PropertyValueSpecification\",\"valueRequired\":true,\"valueName\":\"search_term_string\"}}],\"inLanguage\":\"es-CO\"},{\"@type\":\"Organization\",\"@id\":\"https:\\\/\\\/tzionlibreria.com\\\/#organization\",\"name\":\"tzionlibreria.com\",\"url\":\"https:\\\/\\\/tzionlibreria.com\\\/\",\"logo\":{\"@type\":\"ImageObject\",\"inLanguage\":\"es-CO\",\"@id\":\"https:\\\/\\\/tzionlibreria.com\\\/#\\\/schema\\\/logo\\\/image\\\/\",\"url\":\"https:\\\/\\\/tzionlibreria.com\\\/wp-content\\\/uploads\\\/2023\\\/10\\\/cropped-Cuadricula-scaled-1.jpg\",\"contentUrl\":\"https:\\\/\\\/tzionlibreria.com\\\/wp-content\\\/uploads\\\/2023\\\/10\\\/cropped-Cuadricula-scaled-1.jpg\",\"width\":2560,\"height\":2560,\"caption\":\"tzionlibreria.com\"},\"image\":{\"@id\":\"https:\\\/\\\/tzionlibreria.com\\\/#\\\/schema\\\/logo\\\/image\\\/\"}}]}<\/script>\n<!-- \/ Yoast SEO plugin. -->","yoast_head_json":{"title":"La derrota de los \u00e1ngeles de las tinieblas - tzionlibreria.com","description":"Expone con claridad y respaldo b\u00edblico c\u00f3mo operan los demonios, c\u00f3mo influyen en la vida del creyente y, sobre todo, c\u00f3mo resistirlos y romper su dominio.","robots":{"index":"index","follow":"follow","max-snippet":"max-snippet:-1","max-image-preview":"max-image-preview:large","max-video-preview":"max-video-preview:-1"},"canonical":"https:\/\/tzionlibreria.com\/index.php\/product\/la-derrota-de-los-angeles-de-las-tinieblas\/","og_locale":"es_ES","og_type":"article","og_title":"La derrota de los \u00e1ngeles de las tinieblas - tzionlibreria.com","og_description":"Expone con claridad y respaldo b\u00edblico c\u00f3mo operan los demonios, c\u00f3mo influyen en la vida del creyente y, sobre todo, c\u00f3mo resistirlos y romper su dominio.","og_url":"https:\/\/tzionlibreria.com\/index.php\/product\/la-derrota-de-los-angeles-de-las-tinieblas\/","og_site_name":"tzionlibreria.com","og_image":[{"width":1080,"height":1080,"url":"http:\/\/tzionlibreria.com\/wp-content\/uploads\/2025\/06\/142.png","type":"image\/png"}],"twitter_card":"summary_large_image","twitter_misc":{"Tiempo de lectura":"2 minutos"},"schema":{"@context":"https:\/\/schema.org","@graph":[{"@type":"WebPage","@id":"https:\/\/tzionlibreria.com\/index.php\/product\/la-derrota-de-los-angeles-de-las-tinieblas\/","url":"https:\/\/tzionlibreria.com\/index.php\/product\/la-derrota-de-los-angeles-de-las-tinieblas\/","name":"La derrota de los \u00e1ngeles de las tinieblas - tzionlibreria.com","isPartOf":{"@id":"https:\/\/tzionlibreria.com\/#website"},"primaryImageOfPage":{"@id":"https:\/\/tzionlibreria.com\/index.php\/product\/la-derrota-de-los-angeles-de-las-tinieblas\/#primaryimage"},"image":{"@id":"https:\/\/tzionlibreria.com\/index.php\/product\/la-derrota-de-los-angeles-de-las-tinieblas\/#primaryimage"},"thumbnailUrl":"https:\/\/tzionlibreria.com\/wp-content\/uploads\/2025\/06\/142.png","datePublished":"2025-06-17T03:14:39+00:00","description":"Expone con claridad y respaldo b\u00edblico c\u00f3mo operan los demonios, c\u00f3mo influyen en la vida del creyente y, sobre todo, c\u00f3mo resistirlos y romper su dominio.","breadcrumb":{"@id":"https:\/\/tzionlibreria.com\/index.php\/product\/la-derrota-de-los-angeles-de-las-tinieblas\/#breadcrumb"},"inLanguage":"es-CO","potentialAction":[{"@type":"ReadAction","target":["https:\/\/tzionlibreria.com\/index.php\/product\/la-derrota-de-los-angeles-de-las-tinieblas\/"]}]},{"@type":"ImageObject","inLanguage":"es-CO","@id":"https:\/\/tzionlibreria.com\/index.php\/product\/la-derrota-de-los-angeles-de-las-tinieblas\/#primaryimage","url":"https:\/\/tzionlibreria.com\/wp-content\/uploads\/2025\/06\/142.png","contentUrl":"https:\/\/tzionlibreria.com\/wp-content\/uploads\/2025\/06\/142.png","width":1080,"height":1080},{"@type":"BreadcrumbList","@id":"https:\/\/tzionlibreria.com\/index.php\/product\/la-derrota-de-los-angeles-de-las-tinieblas\/#breadcrumb","itemListElement":[{"@type":"ListItem","position":1,"name":"Inicio","item":"https:\/\/tzionlibreria.com\/"},{"@type":"ListItem","position":2,"name":"Shop","item":"https:\/\/tzionlibreria.com\/index.php\/shop\/"},{"@type":"ListItem","position":3,"name":"La derrota de los \u00e1ngeles de las tinieblas"}]},{"@type":"WebSite","@id":"https:\/\/tzionlibreria.com\/#website","url":"https:\/\/tzionlibreria.com\/","name":"tzionlibreria.com","description":"Libreria Cristiana Venezuela","publisher":{"@id":"https:\/\/tzionlibreria.com\/#organization"},"potentialAction":[{"@type":"SearchAction","target":{"@type":"EntryPoint","urlTemplate":"https:\/\/tzionlibreria.com\/?s={search_term_string}"},"query-input":{"@type":"PropertyValueSpecification","valueRequired":true,"valueName":"search_term_string"}}],"inLanguage":"es-CO"},{"@type":"Organization","@id":"https:\/\/tzionlibreria.com\/#organization","name":"tzionlibreria.com","url":"https:\/\/tzionlibreria.com\/","logo":{"@type":"ImageObject","inLanguage":"es-CO","@id":"https:\/\/tzionlibreria.com\/#\/schema\/logo\/image\/","url":"https:\/\/tzionlibreria.com\/wp-content\/uploads\/2023\/10\/cropped-Cuadricula-scaled-1.jpg","contentUrl":"https:\/\/tzionlibreria.com\/wp-content\/uploads\/2023\/10\/cropped-Cuadricula-scaled-1.jpg","width":2560,"height":2560,"caption":"tzionlibreria.com"},"image":{"@id":"https:\/\/tzionlibreria.com\/#\/schema\/logo\/image\/"}}]}},"jetpack_sharing_enabled":true,"_links":{"self":[{"href":"https:\/\/tzionlibreria.com\/index.php\/wp-json\/wp\/v2\/product\/5531","targetHints":{"allow":["GET"]}}],"collection":[{"href":"https:\/\/tzionlibreria.com\/index.php\/wp-json\/wp\/v2\/product"}],"about":[{"href":"https:\/\/tzionlibreria.com\/index.php\/wp-json\/wp\/v2\/types\/product"}],"replies":[{"embeddable":true,"href":"https:\/\/tzionlibreria.com\/index.php\/wp-json\/wp\/v2\/comments?post=5531"}],"wp:featuredmedia":[{"embeddable":true,"href":"https:\/\/tzionlibreria.com\/index.php\/wp-json\/wp\/v2\/media\/5532"}],"wp:attachment":[{"href":"https:\/\/tzionlibreria.com\/index.php\/wp-json\/wp\/v2\/media?parent=5531"}],"wp:term":[{"taxonomy":"product_brand","embeddable":true,"href":"https:\/\/tzionlibreria.com\/index.php\/wp-json\/wp\/v2\/product_brand?post=5531"},{"taxonomy":"product_cat","embeddable":true,"href":"https:\/\/tzionlibreria.com\/index.php\/wp-json\/wp\/v2\/product_cat?post=5531"},{"taxonomy":"product_tag","embeddable":true,"href":"https:\/\/tzionlibreria.com\/index.php\/wp-json\/wp\/v2\/product_tag?post=5531"}],"curies":[{"name":"wp","href":"https:\/\/api.w.org\/{rel}","templated":true}]}}