{"id":5548,"date":"2025-06-17T23:32:58","date_gmt":"2025-06-17T23:32:58","guid":{"rendered":"https:\/\/tzionlibreria.com\/?post_type=product&#038;p=5548"},"modified":"2025-06-17T23:34:31","modified_gmt":"2025-06-17T23:34:31","slug":"biblia-letra-grande-rvr-1960-azul-con-blanco-cierre","status":"publish","type":"product","link":"https:\/\/tzionlibreria.com\/index.php\/product\/biblia-letra-grande-rvr-1960-azul-con-blanco-cierre\/","title":{"rendered":"Biblia Letra Grande RVR 1960 Azul con Blanco Cierre"},"content":{"rendered":"<div class=\"ast-oembed-container \" style=\"height: 100%;\"><iframe title=\"Biblia Letra Grande de 12 puntos con Cierre Color Blanco - Turquesa RVR 1960\" width=\"500\" height=\"281\" src=\"https:\/\/www.youtube.com\/embed\/8o-edtH6-m4?feature=oembed\" frameborder=\"0\" allow=\"accelerometer; autoplay; clipboard-write; encrypted-media; gyroscope; picture-in-picture; web-share\" referrerpolicy=\"strict-origin-when-cross-origin\" allowfullscreen><\/iframe><\/div>\n<p>&nbsp;<\/p>\n<h3 data-start=\"164\" data-end=\"254\">\ud83d\udcd8 <strong data-start=\"171\" data-end=\"252\">Biblia Reina Valera 1960 \u2013 Letra Grande | Azul con Blanco | Manual con Cierre<\/strong><\/h3>\n<p>&nbsp;<\/p>\n<p data-start=\"256\" data-end=\"384\"><strong data-start=\"256\" data-end=\"384\">Una Biblia elegante y pr\u00e1ctica, perfecta para quienes desean una lectura c\u00f3moda y un estudio profundo de la Palabra de Dios.<\/strong><\/p>\n<hr data-start=\"386\" data-end=\"389\" \/>\n<p data-start=\"391\" data-end=\"666\"><strong data-start=\"391\" data-end=\"422\">\ud83d\udd39 \u00bfPara qui\u00e9n va dirigida?<\/strong><br data-start=\"422\" data-end=\"425\" \/>Ideal para hombres y mujeres que buscan una Biblia de uso diario con letra grande, dise\u00f1o moderno y recursos de estudio. Recomendable para l\u00edderes, maestros, predicadores o cualquier creyente que valore claridad, orden y profundidad b\u00edblica.<\/p>\n<hr data-start=\"668\" data-end=\"671\" \/>\n<p data-start=\"673\" data-end=\"708\"><strong data-start=\"673\" data-end=\"706\">\u2728 Caracter\u00edsticas destacadas:<\/strong><\/p>\n<ul data-start=\"709\" data-end=\"1231\">\n<li data-start=\"709\" data-end=\"808\">\n<p data-start=\"711\" data-end=\"808\"><strong data-start=\"711\" data-end=\"723\">Versi\u00f3n:<\/strong> Reina-Valera 1960 \u2013 Traducci\u00f3n cl\u00e1sica y ampliamente aceptada en el mundo hispano.<\/p>\n<\/li>\n<li data-start=\"809\" data-end=\"897\">\n<p data-start=\"811\" data-end=\"897\"><strong data-start=\"811\" data-end=\"837\">Letra grande (12 pts):<\/strong> Vers\u00edculos seguidos y lectura fluida sin esfuerzo visual.<\/p>\n<\/li>\n<li data-start=\"898\" data-end=\"992\">\n<p data-start=\"900\" data-end=\"992\"><strong data-start=\"900\" data-end=\"920\">Dise\u00f1o elegante:<\/strong> Cubierta en imitaci\u00f3n piel azul con blanco, detalle grabado y cierre.<\/p>\n<\/li>\n<li data-start=\"993\" data-end=\"1080\">\n<p data-start=\"995\" data-end=\"1080\"><strong data-start=\"995\" data-end=\"1013\">Tama\u00f1o manual:<\/strong> F\u00e1cil de llevar a la iglesia, reuniones o viajes (135 x 210 mm).<\/p>\n<\/li>\n<li data-start=\"1081\" data-end=\"1166\">\n<p data-start=\"1083\" data-end=\"1166\"><strong data-start=\"1083\" data-end=\"1112\">Palabras de Jes\u00fas en rojo<\/strong> para facilitar la identificaci\u00f3n de sus ense\u00f1anzas.<\/p>\n<\/li>\n<li data-start=\"1167\" data-end=\"1231\">\n<p data-start=\"1169\" data-end=\"1231\"><strong data-start=\"1169\" data-end=\"1208\">Concordancia y referencias cruzadas<\/strong> para estudio profundo.<\/p>\n<\/li>\n<\/ul>\n<hr data-start=\"1233\" data-end=\"1236\" \/>\n<p data-start=\"1238\" data-end=\"1275\"><strong data-start=\"1238\" data-end=\"1273\">\ud83d\udcd8 Contenido especial incluido:<\/strong><\/p>\n<ul data-start=\"1276\" data-end=\"1672\">\n<li data-start=\"1276\" data-end=\"1310\">\n<p data-start=\"1278\" data-end=\"1310\">Vers\u00edculos clave de cada libro<\/p>\n<\/li>\n<li data-start=\"1311\" data-end=\"1334\">\n<p data-start=\"1313\" data-end=\"1334\">Genealog\u00eda de Jes\u00fas<\/p>\n<\/li>\n<li data-start=\"1335\" data-end=\"1355\">\n<p data-start=\"1337\" data-end=\"1355\">Fiestas b\u00edblicas<\/p>\n<\/li>\n<li data-start=\"1356\" data-end=\"1383\">\n<p data-start=\"1358\" data-end=\"1383\">Tipolog\u00eda de los salmos<\/p>\n<\/li>\n<li data-start=\"1384\" data-end=\"1404\">\n<p data-start=\"1386\" data-end=\"1404\">Plano del templo<\/p>\n<\/li>\n<li data-start=\"1405\" data-end=\"1439\">\n<p data-start=\"1407\" data-end=\"1439\">Cronolog\u00eda de Reyes y Profetas<\/p>\n<\/li>\n<li data-start=\"1440\" data-end=\"1483\">\n<p data-start=\"1442\" data-end=\"1483\">Cuadro de par\u00e1bolas y milagros de Jes\u00fas<\/p>\n<\/li>\n<li data-start=\"1484\" data-end=\"1524\">\n<p data-start=\"1486\" data-end=\"1524\">Plan de salvaci\u00f3n y promesas de Dios<\/p>\n<\/li>\n<li data-start=\"1525\" data-end=\"1554\">\n<p data-start=\"1527\" data-end=\"1554\">Plan de lectura en un a\u00f1o<\/p>\n<\/li>\n<li data-start=\"1555\" data-end=\"1584\">\n<p data-start=\"1557\" data-end=\"1584\"><strong data-start=\"1557\" data-end=\"1582\">12 mapas a todo color<\/strong><\/p>\n<\/li>\n<li data-start=\"1585\" data-end=\"1634\">\n<p data-start=\"1587\" data-end=\"1634\"><strong data-start=\"1587\" data-end=\"1632\">32 p\u00e1ginas con ayudas y esquemas visuales<\/strong><\/p>\n<\/li>\n<li data-start=\"1635\" data-end=\"1672\">\n<p data-start=\"1637\" data-end=\"1672\">Concordancia de personajes b\u00edblicos<\/p>\n<\/li>\n<\/ul>\n<hr data-start=\"1674\" data-end=\"1677\" \/>\n<p data-start=\"1679\" data-end=\"1714\"><strong data-start=\"1679\" data-end=\"1712\">\ud83d\udce6 Especificaciones t\u00e9cnicas:<\/strong><\/p>\n<ul data-start=\"1715\" data-end=\"1882\">\n<li data-start=\"1715\" data-end=\"1742\">\n<p data-start=\"1717\" data-end=\"1742\"><strong data-start=\"1717\" data-end=\"1726\">ISBN:<\/strong> 9798885165075<\/p>\n<\/li>\n<li data-start=\"1743\" data-end=\"1781\">\n<p data-start=\"1745\" data-end=\"1781\"><strong data-start=\"1745\" data-end=\"1761\">Dimensiones:<\/strong> 150 x 228 x 30 mm<\/p>\n<\/li>\n<li data-start=\"1782\" data-end=\"1825\">\n<p data-start=\"1784\" data-end=\"1825\"><strong data-start=\"1784\" data-end=\"1797\">Cubierta:<\/strong> Imitaci\u00f3n piel con cierre<\/p>\n<\/li>\n<li data-start=\"1826\" data-end=\"1849\">\n<p data-start=\"1828\" data-end=\"1849\"><strong data-start=\"1828\" data-end=\"1839\">Idioma:<\/strong> Espa\u00f1ol<\/p>\n<\/li>\n<li data-start=\"1850\" data-end=\"1882\">\n<p data-start=\"1852\" data-end=\"1882\"><strong data-start=\"1852\" data-end=\"1862\">Letra:<\/strong> Grande, 12 puntos<\/p>\n<\/li>\n<\/ul>\n<hr data-start=\"1884\" data-end=\"1887\" \/>\n<p data-start=\"1889\" data-end=\"2094\"><strong data-start=\"1889\" data-end=\"1983\">Una Biblia pr\u00e1ctica, completa y visualmente hermosa que ser\u00e1 tu compa\u00f1era diaria en la fe.<\/strong><\/p>\n","protected":false},"excerpt":{"rendered":"<p>&nbsp; \ud83d\udcd8 Biblia Reina Valera 1960 \u2013 Letra Grande | Azul con Blanco | Manual con Cierre &nbsp; Una Biblia elegante y pr\u00e1ctica, perfecta para quienes desean una lectura c\u00f3moda y un estudio profundo de la Palabra de Dios. \ud83d\udd39 \u00bfPara qui\u00e9n va dirigida?Ideal para hombres y mujeres que buscan una Biblia de uso diario [&hellip;]<\/p>\n","protected":false},"featured_media":5549,"comment_status":"open","ping_status":"closed","template":"","meta":{"om_disable_all_campaigns":false,"_monsterinsights_skip_tracking":false,"_monsterinsights_sitenote_active":false,"_monsterinsights_sitenote_note":"","_monsterinsights_sitenote_category":0,"site-sidebar-layout":"default","site-content-layout":"","ast-site-content-layout":"default","site-content-style":"default","site-sidebar-style":"default","ast-global-header-display":"","ast-banner-title-visibility":"","ast-main-header-display":"","ast-hfb-above-header-display":"","ast-hfb-below-header-display":"","ast-hfb-mobile-header-display":"","site-post-title":"","ast-breadcrumbs-content":"","ast-featured-img":"","footer-sml-layout":"","ast-disable-related-posts":"","theme-transparent-header-meta":"default","adv-header-id-meta":"","stick-header-meta":"","header-above-stick-meta":"","header-main-stick-meta":"","header-below-stick-meta":"","astra-migrate-meta-layouts":"set","ast-page-background-enabled":"default","ast-page-background-meta":{"desktop":{"background-color":"var(--ast-global-color-4)","background-image":"","background-repeat":"repeat","background-position":"center center","background-size":"auto","background-attachment":"scroll","background-type":"","background-media":"","overlay-type":"","overlay-color":"","overlay-opacity":"","overlay-gradient":""},"tablet":{"background-color":"","background-image":"","background-repeat":"repeat","background-position":"center center","background-size":"auto","background-attachment":"scroll","background-type":"","background-media":"","overlay-type":"","overlay-color":"","overlay-opacity":"","overlay-gradient":""},"mobile":{"background-color":"","background-image":"","background-repeat":"repeat","background-position":"center center","background-size":"auto","background-attachment":"scroll","background-type":"","background-media":"","overlay-type":"","overlay-color":"","overlay-opacity":"","overlay-gradient":""}},"ast-content-background-meta":{"desktop":{"background-color":"var(--ast-global-color-5)","background-image":"","background-repeat":"repeat","background-position":"center center","background-size":"auto","background-attachment":"scroll","background-type":"","background-media":"","overlay-type":"","overlay-color":"","overlay-opacity":"","overlay-gradient":""},"tablet":{"background-color":"var(--ast-global-color-5)","background-image":"","background-repeat":"repeat","background-position":"center center","background-size":"auto","background-attachment":"scroll","background-type":"","background-media":"","overlay-type":"","overlay-color":"","overlay-opacity":"","overlay-gradient":""},"mobile":{"background-color":"var(--ast-global-color-5)","background-image":"","background-repeat":"repeat","background-position":"center center","background-size":"auto","background-attachment":"scroll","background-type":"","background-media":"","overlay-type":"","overlay-color":"","overlay-opacity":"","overlay-gradient":""}}},"product_brand":[],"product_cat":[22,42,177],"product_tag":[],"class_list":{"0":"post-5548","1":"product","2":"type-product","3":"status-publish","4":"has-post-thumbnail","6":"product_cat-biblias","7":"product_cat-biblias-reina-valera","8":"product_cat-letra-grande-rvr","9":"desktop-align-left","10":"tablet-align-left","11":"mobile-align-left","13":"first","14":"instock","15":"shipping-taxable","16":"purchasable","17":"product-type-simple"},"yoast_head":"<!-- This site is optimized with the Yoast SEO plugin v27.4 - https:\/\/yoast.com\/product\/yoast-seo-wordpress\/ -->\n<title>Biblia Letra Grande RVR 1960 Azul con Blanco Cierre - tzionlibreria.com<\/title>\n<meta name=\"description\" content=\"Una Biblia elegante y pr\u00e1ctica, perfecta para quienes desean una lectura c\u00f3moda y un estudio profundo de la Palabra de Dios.\" \/>\n<meta name=\"robots\" content=\"index, follow, max-snippet:-1, max-image-preview:large, max-video-preview:-1\" \/>\n<link rel=\"canonical\" href=\"https:\/\/tzionlibreria.com\/index.php\/product\/biblia-letra-grande-rvr-1960-azul-con-blanco-cierre\/\" \/>\n<meta property=\"og:locale\" content=\"es_ES\" \/>\n<meta property=\"og:type\" content=\"article\" \/>\n<meta property=\"og:title\" content=\"Biblia Letra Grande RVR 1960 Azul con Blanco Cierre - tzionlibreria.com\" \/>\n<meta property=\"og:description\" content=\"Una Biblia elegante y pr\u00e1ctica, perfecta para quienes desean una lectura c\u00f3moda y un estudio profundo de la Palabra de Dios.\" \/>\n<meta property=\"og:url\" content=\"https:\/\/tzionlibreria.com\/index.php\/product\/biblia-letra-grande-rvr-1960-azul-con-blanco-cierre\/\" \/>\n<meta property=\"og:site_name\" content=\"tzionlibreria.com\" \/>\n<meta property=\"article:modified_time\" content=\"2025-06-17T23:34:31+00:00\" \/>\n<meta property=\"og:image\" content=\"http:\/\/tzionlibreria.com\/wp-content\/uploads\/2025\/06\/TURQUESA.png\" \/>\n\t<meta property=\"og:image:width\" content=\"1080\" \/>\n\t<meta property=\"og:image:height\" content=\"1080\" \/>\n\t<meta property=\"og:image:type\" content=\"image\/png\" \/>\n<meta name=\"twitter:card\" content=\"summary_large_image\" \/>\n<meta name=\"twitter:label1\" content=\"Tiempo de lectura\" \/>\n\t<meta name=\"twitter:data1\" content=\"2 minutos\" \/>\n<script type=\"application\/ld+json\" class=\"yoast-schema-graph\">{\"@context\":\"https:\\\/\\\/schema.org\",\"@graph\":[{\"@type\":\"WebPage\",\"@id\":\"https:\\\/\\\/tzionlibreria.com\\\/index.php\\\/product\\\/biblia-letra-grande-rvr-1960-azul-con-blanco-cierre\\\/\",\"url\":\"https:\\\/\\\/tzionlibreria.com\\\/index.php\\\/product\\\/biblia-letra-grande-rvr-1960-azul-con-blanco-cierre\\\/\",\"name\":\"Biblia Letra Grande RVR 1960 Azul con Blanco Cierre - tzionlibreria.com\",\"isPartOf\":{\"@id\":\"https:\\\/\\\/tzionlibreria.com\\\/#website\"},\"primaryImageOfPage\":{\"@id\":\"https:\\\/\\\/tzionlibreria.com\\\/index.php\\\/product\\\/biblia-letra-grande-rvr-1960-azul-con-blanco-cierre\\\/#primaryimage\"},\"image\":{\"@id\":\"https:\\\/\\\/tzionlibreria.com\\\/index.php\\\/product\\\/biblia-letra-grande-rvr-1960-azul-con-blanco-cierre\\\/#primaryimage\"},\"thumbnailUrl\":\"https:\\\/\\\/tzionlibreria.com\\\/wp-content\\\/uploads\\\/2025\\\/06\\\/TURQUESA.png\",\"datePublished\":\"2025-06-17T23:32:58+00:00\",\"dateModified\":\"2025-06-17T23:34:31+00:00\",\"description\":\"Una Biblia elegante y pr\u00e1ctica, perfecta para quienes desean una lectura c\u00f3moda y un estudio profundo de la Palabra de Dios.\",\"breadcrumb\":{\"@id\":\"https:\\\/\\\/tzionlibreria.com\\\/index.php\\\/product\\\/biblia-letra-grande-rvr-1960-azul-con-blanco-cierre\\\/#breadcrumb\"},\"inLanguage\":\"es-CO\",\"potentialAction\":[{\"@type\":\"ReadAction\",\"target\":[\"https:\\\/\\\/tzionlibreria.com\\\/index.php\\\/product\\\/biblia-letra-grande-rvr-1960-azul-con-blanco-cierre\\\/\"]}]},{\"@type\":\"ImageObject\",\"inLanguage\":\"es-CO\",\"@id\":\"https:\\\/\\\/tzionlibreria.com\\\/index.php\\\/product\\\/biblia-letra-grande-rvr-1960-azul-con-blanco-cierre\\\/#primaryimage\",\"url\":\"https:\\\/\\\/tzionlibreria.com\\\/wp-content\\\/uploads\\\/2025\\\/06\\\/TURQUESA.png\",\"contentUrl\":\"https:\\\/\\\/tzionlibreria.com\\\/wp-content\\\/uploads\\\/2025\\\/06\\\/TURQUESA.png\",\"width\":1080,\"height\":1080},{\"@type\":\"BreadcrumbList\",\"@id\":\"https:\\\/\\\/tzionlibreria.com\\\/index.php\\\/product\\\/biblia-letra-grande-rvr-1960-azul-con-blanco-cierre\\\/#breadcrumb\",\"itemListElement\":[{\"@type\":\"ListItem\",\"position\":1,\"name\":\"Inicio\",\"item\":\"https:\\\/\\\/tzionlibreria.com\\\/\"},{\"@type\":\"ListItem\",\"position\":2,\"name\":\"Shop\",\"item\":\"https:\\\/\\\/tzionlibreria.com\\\/index.php\\\/shop\\\/\"},{\"@type\":\"ListItem\",\"position\":3,\"name\":\"Biblia Letra Grande RVR 1960 Azul con Blanco Cierre\"}]},{\"@type\":\"WebSite\",\"@id\":\"https:\\\/\\\/tzionlibreria.com\\\/#website\",\"url\":\"https:\\\/\\\/tzionlibreria.com\\\/\",\"name\":\"tzionlibreria.com\",\"description\":\"Libreria Cristiana Venezuela\",\"publisher\":{\"@id\":\"https:\\\/\\\/tzionlibreria.com\\\/#organization\"},\"potentialAction\":[{\"@type\":\"SearchAction\",\"target\":{\"@type\":\"EntryPoint\",\"urlTemplate\":\"https:\\\/\\\/tzionlibreria.com\\\/?s={search_term_string}\"},\"query-input\":{\"@type\":\"PropertyValueSpecification\",\"valueRequired\":true,\"valueName\":\"search_term_string\"}}],\"inLanguage\":\"es-CO\"},{\"@type\":\"Organization\",\"@id\":\"https:\\\/\\\/tzionlibreria.com\\\/#organization\",\"name\":\"tzionlibreria.com\",\"url\":\"https:\\\/\\\/tzionlibreria.com\\\/\",\"logo\":{\"@type\":\"ImageObject\",\"inLanguage\":\"es-CO\",\"@id\":\"https:\\\/\\\/tzionlibreria.com\\\/#\\\/schema\\\/logo\\\/image\\\/\",\"url\":\"https:\\\/\\\/tzionlibreria.com\\\/wp-content\\\/uploads\\\/2023\\\/10\\\/cropped-Cuadricula-scaled-1.jpg\",\"contentUrl\":\"https:\\\/\\\/tzionlibreria.com\\\/wp-content\\\/uploads\\\/2023\\\/10\\\/cropped-Cuadricula-scaled-1.jpg\",\"width\":2560,\"height\":2560,\"caption\":\"tzionlibreria.com\"},\"image\":{\"@id\":\"https:\\\/\\\/tzionlibreria.com\\\/#\\\/schema\\\/logo\\\/image\\\/\"}}]}<\/script>\n<!-- \/ Yoast SEO plugin. -->","yoast_head_json":{"title":"Biblia Letra Grande RVR 1960 Azul con Blanco Cierre - tzionlibreria.com","description":"Una Biblia elegante y pr\u00e1ctica, perfecta para quienes desean una lectura c\u00f3moda y un estudio profundo de la Palabra de Dios.","robots":{"index":"index","follow":"follow","max-snippet":"max-snippet:-1","max-image-preview":"max-image-preview:large","max-video-preview":"max-video-preview:-1"},"canonical":"https:\/\/tzionlibreria.com\/index.php\/product\/biblia-letra-grande-rvr-1960-azul-con-blanco-cierre\/","og_locale":"es_ES","og_type":"article","og_title":"Biblia Letra Grande RVR 1960 Azul con Blanco Cierre - tzionlibreria.com","og_description":"Una Biblia elegante y pr\u00e1ctica, perfecta para quienes desean una lectura c\u00f3moda y un estudio profundo de la Palabra de Dios.","og_url":"https:\/\/tzionlibreria.com\/index.php\/product\/biblia-letra-grande-rvr-1960-azul-con-blanco-cierre\/","og_site_name":"tzionlibreria.com","article_modified_time":"2025-06-17T23:34:31+00:00","og_image":[{"width":1080,"height":1080,"url":"http:\/\/tzionlibreria.com\/wp-content\/uploads\/2025\/06\/TURQUESA.png","type":"image\/png"}],"twitter_card":"summary_large_image","twitter_misc":{"Tiempo de lectura":"2 minutos"},"schema":{"@context":"https:\/\/schema.org","@graph":[{"@type":"WebPage","@id":"https:\/\/tzionlibreria.com\/index.php\/product\/biblia-letra-grande-rvr-1960-azul-con-blanco-cierre\/","url":"https:\/\/tzionlibreria.com\/index.php\/product\/biblia-letra-grande-rvr-1960-azul-con-blanco-cierre\/","name":"Biblia Letra Grande RVR 1960 Azul con Blanco Cierre - tzionlibreria.com","isPartOf":{"@id":"https:\/\/tzionlibreria.com\/#website"},"primaryImageOfPage":{"@id":"https:\/\/tzionlibreria.com\/index.php\/product\/biblia-letra-grande-rvr-1960-azul-con-blanco-cierre\/#primaryimage"},"image":{"@id":"https:\/\/tzionlibreria.com\/index.php\/product\/biblia-letra-grande-rvr-1960-azul-con-blanco-cierre\/#primaryimage"},"thumbnailUrl":"https:\/\/tzionlibreria.com\/wp-content\/uploads\/2025\/06\/TURQUESA.png","datePublished":"2025-06-17T23:32:58+00:00","dateModified":"2025-06-17T23:34:31+00:00","description":"Una Biblia elegante y pr\u00e1ctica, perfecta para quienes desean una lectura c\u00f3moda y un estudio profundo de la Palabra de Dios.","breadcrumb":{"@id":"https:\/\/tzionlibreria.com\/index.php\/product\/biblia-letra-grande-rvr-1960-azul-con-blanco-cierre\/#breadcrumb"},"inLanguage":"es-CO","potentialAction":[{"@type":"ReadAction","target":["https:\/\/tzionlibreria.com\/index.php\/product\/biblia-letra-grande-rvr-1960-azul-con-blanco-cierre\/"]}]},{"@type":"ImageObject","inLanguage":"es-CO","@id":"https:\/\/tzionlibreria.com\/index.php\/product\/biblia-letra-grande-rvr-1960-azul-con-blanco-cierre\/#primaryimage","url":"https:\/\/tzionlibreria.com\/wp-content\/uploads\/2025\/06\/TURQUESA.png","contentUrl":"https:\/\/tzionlibreria.com\/wp-content\/uploads\/2025\/06\/TURQUESA.png","width":1080,"height":1080},{"@type":"BreadcrumbList","@id":"https:\/\/tzionlibreria.com\/index.php\/product\/biblia-letra-grande-rvr-1960-azul-con-blanco-cierre\/#breadcrumb","itemListElement":[{"@type":"ListItem","position":1,"name":"Inicio","item":"https:\/\/tzionlibreria.com\/"},{"@type":"ListItem","position":2,"name":"Shop","item":"https:\/\/tzionlibreria.com\/index.php\/shop\/"},{"@type":"ListItem","position":3,"name":"Biblia Letra Grande RVR 1960 Azul con Blanco Cierre"}]},{"@type":"WebSite","@id":"https:\/\/tzionlibreria.com\/#website","url":"https:\/\/tzionlibreria.com\/","name":"tzionlibreria.com","description":"Libreria Cristiana Venezuela","publisher":{"@id":"https:\/\/tzionlibreria.com\/#organization"},"potentialAction":[{"@type":"SearchAction","target":{"@type":"EntryPoint","urlTemplate":"https:\/\/tzionlibreria.com\/?s={search_term_string}"},"query-input":{"@type":"PropertyValueSpecification","valueRequired":true,"valueName":"search_term_string"}}],"inLanguage":"es-CO"},{"@type":"Organization","@id":"https:\/\/tzionlibreria.com\/#organization","name":"tzionlibreria.com","url":"https:\/\/tzionlibreria.com\/","logo":{"@type":"ImageObject","inLanguage":"es-CO","@id":"https:\/\/tzionlibreria.com\/#\/schema\/logo\/image\/","url":"https:\/\/tzionlibreria.com\/wp-content\/uploads\/2023\/10\/cropped-Cuadricula-scaled-1.jpg","contentUrl":"https:\/\/tzionlibreria.com\/wp-content\/uploads\/2023\/10\/cropped-Cuadricula-scaled-1.jpg","width":2560,"height":2560,"caption":"tzionlibreria.com"},"image":{"@id":"https:\/\/tzionlibreria.com\/#\/schema\/logo\/image\/"}}]}},"jetpack_sharing_enabled":true,"_links":{"self":[{"href":"https:\/\/tzionlibreria.com\/index.php\/wp-json\/wp\/v2\/product\/5548","targetHints":{"allow":["GET"]}}],"collection":[{"href":"https:\/\/tzionlibreria.com\/index.php\/wp-json\/wp\/v2\/product"}],"about":[{"href":"https:\/\/tzionlibreria.com\/index.php\/wp-json\/wp\/v2\/types\/product"}],"replies":[{"embeddable":true,"href":"https:\/\/tzionlibreria.com\/index.php\/wp-json\/wp\/v2\/comments?post=5548"}],"wp:featuredmedia":[{"embeddable":true,"href":"https:\/\/tzionlibreria.com\/index.php\/wp-json\/wp\/v2\/media\/5549"}],"wp:attachment":[{"href":"https:\/\/tzionlibreria.com\/index.php\/wp-json\/wp\/v2\/media?parent=5548"}],"wp:term":[{"taxonomy":"product_brand","embeddable":true,"href":"https:\/\/tzionlibreria.com\/index.php\/wp-json\/wp\/v2\/product_brand?post=5548"},{"taxonomy":"product_cat","embeddable":true,"href":"https:\/\/tzionlibreria.com\/index.php\/wp-json\/wp\/v2\/product_cat?post=5548"},{"taxonomy":"product_tag","embeddable":true,"href":"https:\/\/tzionlibreria.com\/index.php\/wp-json\/wp\/v2\/product_tag?post=5548"}],"curies":[{"name":"wp","href":"https:\/\/api.w.org\/{rel}","templated":true}]}}