{"id":5610,"date":"2025-07-23T22:22:58","date_gmt":"2025-07-23T22:22:58","guid":{"rendered":"https:\/\/tzionlibreria.com\/?post_type=product&#038;p=5610"},"modified":"2025-07-23T22:22:58","modified_gmt":"2025-07-23T22:22:58","slug":"biblia-textual-3ra-edicion-de-regreso-a-las-fuentes","status":"publish","type":"product","link":"https:\/\/tzionlibreria.com\/index.php\/product\/biblia-textual-3ra-edicion-de-regreso-a-las-fuentes\/","title":{"rendered":"Biblia Textual \u2013 3ra Edici\u00f3n- De regreso a las fuentes"},"content":{"rendered":"<p data-start=\"140\" data-end=\"239\"><strong data-start=\"140\" data-end=\"209\">\ud83d\udcd6 Biblia Textual \u2013 3ra Edici\u00f3n | Sociedad B\u00edblica Iberoamericana<\/strong><br data-start=\"209\" data-end=\"212\" \/><em data-start=\"212\" data-end=\"239\">De regreso a las fuentes.<\/em><\/p>\n<p data-start=\"241\" data-end=\"579\">Con una traducci\u00f3n rigurosamente contextual de los textos originales en hebreo, arameo y griego, la <strong data-start=\"341\" data-end=\"359\">Biblia Textual<\/strong> es la versi\u00f3n m\u00e1s literal disponible en espa\u00f1ol. Esta edici\u00f3n es ampliamente respetada por maestros, pastores y estudiosos de la Palabra que desean profundizar con fidelidad en el significado original de las Escrituras.<\/p>\n<p data-start=\"581\" data-end=\"642\">\ud83d\udd0d <strong data-start=\"584\" data-end=\"642\">Ideal para estudio b\u00edblico serio y ense\u00f1anza profunda.<\/strong><\/p>\n<p data-start=\"644\" data-end=\"667\">\ud83d\udd38 <strong data-start=\"647\" data-end=\"667\">Caracter\u00edsticas:<\/strong><\/p>\n<ul data-start=\"668\" data-end=\"914\">\n<li data-start=\"668\" data-end=\"730\">\n<p data-start=\"670\" data-end=\"730\">Traducci\u00f3n literal y contextual desde los idiomas originales<\/p>\n<\/li>\n<li data-start=\"731\" data-end=\"771\">\n<p data-start=\"733\" data-end=\"771\">Tercera edici\u00f3n revisada y actualizada<\/p>\n<\/li>\n<li data-start=\"772\" data-end=\"808\">\n<p data-start=\"774\" data-end=\"808\">1334 p\u00e1ginas de contenido profundo<\/p>\n<\/li>\n<li data-start=\"809\" data-end=\"851\">\n<p data-start=\"811\" data-end=\"851\">Formato pr\u00e1ctico en <strong data-start=\"831\" data-end=\"851\">cubierta r\u00fastica<\/strong><\/p>\n<\/li>\n<li data-start=\"852\" data-end=\"881\">\n<p data-start=\"854\" data-end=\"881\">Dimensiones: 14 x 21 x 3 cm<\/p>\n<\/li>\n<li data-start=\"882\" data-end=\"895\">\n<p data-start=\"884\" data-end=\"895\">Peso: 560 g<\/p>\n<\/li>\n<li data-start=\"896\" data-end=\"914\">\n<p data-start=\"898\" data-end=\"914\">ISBN: 097103916X<\/p>\n<\/li>\n<\/ul>\n<p data-start=\"916\" data-end=\"1014\">\ud83d\udcd8 <em data-start=\"919\" data-end=\"1014\">Una Biblia fiel a los textos originales, para quienes buscan precisi\u00f3n, profundidad y verdad.<\/em><\/p>\n","protected":false},"excerpt":{"rendered":"<p>\ud83d\udcd6 Biblia Textual \u2013 3ra Edici\u00f3n | Sociedad B\u00edblica IberoamericanaDe regreso a las fuentes. Con una traducci\u00f3n rigurosamente contextual de los textos originales en hebreo, arameo y griego, la Biblia Textual es la versi\u00f3n m\u00e1s literal disponible en espa\u00f1ol. Esta edici\u00f3n es ampliamente respetada por maestros, pastores y estudiosos de la Palabra que desean profundizar [&hellip;]<\/p>\n","protected":false},"featured_media":5611,"comment_status":"open","ping_status":"closed","template":"","meta":{"om_disable_all_campaigns":false,"_monsterinsights_skip_tracking":false,"_monsterinsights_sitenote_active":false,"_monsterinsights_sitenote_note":"","_monsterinsights_sitenote_category":0,"site-sidebar-layout":"default","site-content-layout":"","ast-site-content-layout":"default","site-content-style":"default","site-sidebar-style":"default","ast-global-header-display":"","ast-banner-title-visibility":"","ast-main-header-display":"","ast-hfb-above-header-display":"","ast-hfb-below-header-display":"","ast-hfb-mobile-header-display":"","site-post-title":"","ast-breadcrumbs-content":"","ast-featured-img":"","footer-sml-layout":"","ast-disable-related-posts":"","theme-transparent-header-meta":"default","adv-header-id-meta":"","stick-header-meta":"","header-above-stick-meta":"","header-main-stick-meta":"","header-below-stick-meta":"","astra-migrate-meta-layouts":"set","ast-page-background-enabled":"default","ast-page-background-meta":{"desktop":{"background-color":"var(--ast-global-color-4)","background-image":"","background-repeat":"repeat","background-position":"center center","background-size":"auto","background-attachment":"scroll","background-type":"","background-media":"","overlay-type":"","overlay-color":"","overlay-opacity":"","overlay-gradient":""},"tablet":{"background-color":"","background-image":"","background-repeat":"repeat","background-position":"center center","background-size":"auto","background-attachment":"scroll","background-type":"","background-media":"","overlay-type":"","overlay-color":"","overlay-opacity":"","overlay-gradient":""},"mobile":{"background-color":"","background-image":"","background-repeat":"repeat","background-position":"center center","background-size":"auto","background-attachment":"scroll","background-type":"","background-media":"","overlay-type":"","overlay-color":"","overlay-opacity":"","overlay-gradient":""}},"ast-content-background-meta":{"desktop":{"background-color":"var(--ast-global-color-5)","background-image":"","background-repeat":"repeat","background-position":"center center","background-size":"auto","background-attachment":"scroll","background-type":"","background-media":"","overlay-type":"","overlay-color":"","overlay-opacity":"","overlay-gradient":""},"tablet":{"background-color":"var(--ast-global-color-5)","background-image":"","background-repeat":"repeat","background-position":"center center","background-size":"auto","background-attachment":"scroll","background-type":"","background-media":"","overlay-type":"","overlay-color":"","overlay-opacity":"","overlay-gradient":""},"mobile":{"background-color":"var(--ast-global-color-5)","background-image":"","background-repeat":"repeat","background-position":"center center","background-size":"auto","background-attachment":"scroll","background-type":"","background-media":"","overlay-type":"","overlay-color":"","overlay-opacity":"","overlay-gradient":""}}},"product_brand":[],"product_cat":[22,26,257],"product_tag":[],"class_list":{"0":"post-5610","1":"product","2":"type-product","3":"status-publish","4":"has-post-thumbnail","6":"product_cat-biblias","7":"product_cat-teologia","8":"product_cat-textual","9":"desktop-align-left","10":"tablet-align-left","11":"mobile-align-left","13":"first","14":"instock","15":"shipping-taxable","16":"purchasable","17":"product-type-simple"},"yoast_head":"<!-- This site is optimized with the Yoast SEO plugin v27.3 - https:\/\/yoast.com\/product\/yoast-seo-wordpress\/ -->\n<title>Biblia Textual \u2013 3ra Edici\u00f3n- De regreso a las fuentes - tzionlibreria.com<\/title>\n<meta name=\"description\" content=\"Traducci\u00f3n rigurosamente contextual de los textos originales en hebreo, arameo y griego, la Biblia Textual es la versi\u00f3n m\u00e1s literal disponible en espa\u00f1ol.\" \/>\n<meta name=\"robots\" content=\"index, follow, max-snippet:-1, max-image-preview:large, max-video-preview:-1\" \/>\n<link rel=\"canonical\" href=\"https:\/\/tzionlibreria.com\/index.php\/product\/biblia-textual-3ra-edicion-de-regreso-a-las-fuentes\/\" \/>\n<meta property=\"og:locale\" content=\"es_ES\" \/>\n<meta property=\"og:type\" content=\"article\" \/>\n<meta property=\"og:title\" content=\"Biblia Textual \u2013 3ra Edici\u00f3n- De regreso a las fuentes - tzionlibreria.com\" \/>\n<meta property=\"og:description\" content=\"Traducci\u00f3n rigurosamente contextual de los textos originales en hebreo, arameo y griego, la Biblia Textual es la versi\u00f3n m\u00e1s literal disponible en espa\u00f1ol.\" \/>\n<meta property=\"og:url\" content=\"https:\/\/tzionlibreria.com\/index.php\/product\/biblia-textual-3ra-edicion-de-regreso-a-las-fuentes\/\" \/>\n<meta property=\"og:site_name\" content=\"tzionlibreria.com\" \/>\n<meta property=\"og:image\" content=\"http:\/\/tzionlibreria.com\/wp-content\/uploads\/2025\/07\/textual3era.jpg\" \/>\n\t<meta property=\"og:image:width\" content=\"913\" \/>\n\t<meta property=\"og:image:height\" content=\"1500\" \/>\n\t<meta property=\"og:image:type\" content=\"image\/jpeg\" \/>\n<meta name=\"twitter:card\" content=\"summary_large_image\" \/>\n<meta name=\"twitter:label1\" content=\"Tiempo de lectura\" \/>\n\t<meta name=\"twitter:data1\" content=\"1 minuto\" \/>\n<script type=\"application\/ld+json\" class=\"yoast-schema-graph\">{\"@context\":\"https:\\\/\\\/schema.org\",\"@graph\":[{\"@type\":\"WebPage\",\"@id\":\"https:\\\/\\\/tzionlibreria.com\\\/index.php\\\/product\\\/biblia-textual-3ra-edicion-de-regreso-a-las-fuentes\\\/\",\"url\":\"https:\\\/\\\/tzionlibreria.com\\\/index.php\\\/product\\\/biblia-textual-3ra-edicion-de-regreso-a-las-fuentes\\\/\",\"name\":\"Biblia Textual \u2013 3ra Edici\u00f3n- De regreso a las fuentes - tzionlibreria.com\",\"isPartOf\":{\"@id\":\"https:\\\/\\\/tzionlibreria.com\\\/#website\"},\"primaryImageOfPage\":{\"@id\":\"https:\\\/\\\/tzionlibreria.com\\\/index.php\\\/product\\\/biblia-textual-3ra-edicion-de-regreso-a-las-fuentes\\\/#primaryimage\"},\"image\":{\"@id\":\"https:\\\/\\\/tzionlibreria.com\\\/index.php\\\/product\\\/biblia-textual-3ra-edicion-de-regreso-a-las-fuentes\\\/#primaryimage\"},\"thumbnailUrl\":\"https:\\\/\\\/tzionlibreria.com\\\/wp-content\\\/uploads\\\/2025\\\/07\\\/textual3era.jpg\",\"datePublished\":\"2025-07-23T22:22:58+00:00\",\"description\":\"Traducci\u00f3n rigurosamente contextual de los textos originales en hebreo, arameo y griego, la Biblia Textual es la versi\u00f3n m\u00e1s literal disponible en espa\u00f1ol.\",\"breadcrumb\":{\"@id\":\"https:\\\/\\\/tzionlibreria.com\\\/index.php\\\/product\\\/biblia-textual-3ra-edicion-de-regreso-a-las-fuentes\\\/#breadcrumb\"},\"inLanguage\":\"es-CO\",\"potentialAction\":[{\"@type\":\"ReadAction\",\"target\":[\"https:\\\/\\\/tzionlibreria.com\\\/index.php\\\/product\\\/biblia-textual-3ra-edicion-de-regreso-a-las-fuentes\\\/\"]}]},{\"@type\":\"ImageObject\",\"inLanguage\":\"es-CO\",\"@id\":\"https:\\\/\\\/tzionlibreria.com\\\/index.php\\\/product\\\/biblia-textual-3ra-edicion-de-regreso-a-las-fuentes\\\/#primaryimage\",\"url\":\"https:\\\/\\\/tzionlibreria.com\\\/wp-content\\\/uploads\\\/2025\\\/07\\\/textual3era.jpg\",\"contentUrl\":\"https:\\\/\\\/tzionlibreria.com\\\/wp-content\\\/uploads\\\/2025\\\/07\\\/textual3era.jpg\",\"width\":913,\"height\":1500},{\"@type\":\"BreadcrumbList\",\"@id\":\"https:\\\/\\\/tzionlibreria.com\\\/index.php\\\/product\\\/biblia-textual-3ra-edicion-de-regreso-a-las-fuentes\\\/#breadcrumb\",\"itemListElement\":[{\"@type\":\"ListItem\",\"position\":1,\"name\":\"Inicio\",\"item\":\"https:\\\/\\\/tzionlibreria.com\\\/\"},{\"@type\":\"ListItem\",\"position\":2,\"name\":\"Shop\",\"item\":\"https:\\\/\\\/tzionlibreria.com\\\/index.php\\\/shop\\\/\"},{\"@type\":\"ListItem\",\"position\":3,\"name\":\"Biblia Textual \u2013 3ra Edici\u00f3n- De regreso a las fuentes\"}]},{\"@type\":\"WebSite\",\"@id\":\"https:\\\/\\\/tzionlibreria.com\\\/#website\",\"url\":\"https:\\\/\\\/tzionlibreria.com\\\/\",\"name\":\"tzionlibreria.com\",\"description\":\"Libreria Cristiana Venezuela\",\"publisher\":{\"@id\":\"https:\\\/\\\/tzionlibreria.com\\\/#organization\"},\"potentialAction\":[{\"@type\":\"SearchAction\",\"target\":{\"@type\":\"EntryPoint\",\"urlTemplate\":\"https:\\\/\\\/tzionlibreria.com\\\/?s={search_term_string}\"},\"query-input\":{\"@type\":\"PropertyValueSpecification\",\"valueRequired\":true,\"valueName\":\"search_term_string\"}}],\"inLanguage\":\"es-CO\"},{\"@type\":\"Organization\",\"@id\":\"https:\\\/\\\/tzionlibreria.com\\\/#organization\",\"name\":\"tzionlibreria.com\",\"url\":\"https:\\\/\\\/tzionlibreria.com\\\/\",\"logo\":{\"@type\":\"ImageObject\",\"inLanguage\":\"es-CO\",\"@id\":\"https:\\\/\\\/tzionlibreria.com\\\/#\\\/schema\\\/logo\\\/image\\\/\",\"url\":\"https:\\\/\\\/tzionlibreria.com\\\/wp-content\\\/uploads\\\/2023\\\/10\\\/cropped-Cuadricula-scaled-1.jpg\",\"contentUrl\":\"https:\\\/\\\/tzionlibreria.com\\\/wp-content\\\/uploads\\\/2023\\\/10\\\/cropped-Cuadricula-scaled-1.jpg\",\"width\":2560,\"height\":2560,\"caption\":\"tzionlibreria.com\"},\"image\":{\"@id\":\"https:\\\/\\\/tzionlibreria.com\\\/#\\\/schema\\\/logo\\\/image\\\/\"}}]}<\/script>\n<!-- \/ Yoast SEO plugin. -->","yoast_head_json":{"title":"Biblia Textual \u2013 3ra Edici\u00f3n- De regreso a las fuentes - tzionlibreria.com","description":"Traducci\u00f3n rigurosamente contextual de los textos originales en hebreo, arameo y griego, la Biblia Textual es la versi\u00f3n m\u00e1s literal disponible en espa\u00f1ol.","robots":{"index":"index","follow":"follow","max-snippet":"max-snippet:-1","max-image-preview":"max-image-preview:large","max-video-preview":"max-video-preview:-1"},"canonical":"https:\/\/tzionlibreria.com\/index.php\/product\/biblia-textual-3ra-edicion-de-regreso-a-las-fuentes\/","og_locale":"es_ES","og_type":"article","og_title":"Biblia Textual \u2013 3ra Edici\u00f3n- De regreso a las fuentes - tzionlibreria.com","og_description":"Traducci\u00f3n rigurosamente contextual de los textos originales en hebreo, arameo y griego, la Biblia Textual es la versi\u00f3n m\u00e1s literal disponible en espa\u00f1ol.","og_url":"https:\/\/tzionlibreria.com\/index.php\/product\/biblia-textual-3ra-edicion-de-regreso-a-las-fuentes\/","og_site_name":"tzionlibreria.com","og_image":[{"width":913,"height":1500,"url":"http:\/\/tzionlibreria.com\/wp-content\/uploads\/2025\/07\/textual3era.jpg","type":"image\/jpeg"}],"twitter_card":"summary_large_image","twitter_misc":{"Tiempo de lectura":"1 minuto"},"schema":{"@context":"https:\/\/schema.org","@graph":[{"@type":"WebPage","@id":"https:\/\/tzionlibreria.com\/index.php\/product\/biblia-textual-3ra-edicion-de-regreso-a-las-fuentes\/","url":"https:\/\/tzionlibreria.com\/index.php\/product\/biblia-textual-3ra-edicion-de-regreso-a-las-fuentes\/","name":"Biblia Textual \u2013 3ra Edici\u00f3n- De regreso a las fuentes - tzionlibreria.com","isPartOf":{"@id":"https:\/\/tzionlibreria.com\/#website"},"primaryImageOfPage":{"@id":"https:\/\/tzionlibreria.com\/index.php\/product\/biblia-textual-3ra-edicion-de-regreso-a-las-fuentes\/#primaryimage"},"image":{"@id":"https:\/\/tzionlibreria.com\/index.php\/product\/biblia-textual-3ra-edicion-de-regreso-a-las-fuentes\/#primaryimage"},"thumbnailUrl":"https:\/\/tzionlibreria.com\/wp-content\/uploads\/2025\/07\/textual3era.jpg","datePublished":"2025-07-23T22:22:58+00:00","description":"Traducci\u00f3n rigurosamente contextual de los textos originales en hebreo, arameo y griego, la Biblia Textual es la versi\u00f3n m\u00e1s literal disponible en espa\u00f1ol.","breadcrumb":{"@id":"https:\/\/tzionlibreria.com\/index.php\/product\/biblia-textual-3ra-edicion-de-regreso-a-las-fuentes\/#breadcrumb"},"inLanguage":"es-CO","potentialAction":[{"@type":"ReadAction","target":["https:\/\/tzionlibreria.com\/index.php\/product\/biblia-textual-3ra-edicion-de-regreso-a-las-fuentes\/"]}]},{"@type":"ImageObject","inLanguage":"es-CO","@id":"https:\/\/tzionlibreria.com\/index.php\/product\/biblia-textual-3ra-edicion-de-regreso-a-las-fuentes\/#primaryimage","url":"https:\/\/tzionlibreria.com\/wp-content\/uploads\/2025\/07\/textual3era.jpg","contentUrl":"https:\/\/tzionlibreria.com\/wp-content\/uploads\/2025\/07\/textual3era.jpg","width":913,"height":1500},{"@type":"BreadcrumbList","@id":"https:\/\/tzionlibreria.com\/index.php\/product\/biblia-textual-3ra-edicion-de-regreso-a-las-fuentes\/#breadcrumb","itemListElement":[{"@type":"ListItem","position":1,"name":"Inicio","item":"https:\/\/tzionlibreria.com\/"},{"@type":"ListItem","position":2,"name":"Shop","item":"https:\/\/tzionlibreria.com\/index.php\/shop\/"},{"@type":"ListItem","position":3,"name":"Biblia Textual \u2013 3ra Edici\u00f3n- De regreso a las fuentes"}]},{"@type":"WebSite","@id":"https:\/\/tzionlibreria.com\/#website","url":"https:\/\/tzionlibreria.com\/","name":"tzionlibreria.com","description":"Libreria Cristiana Venezuela","publisher":{"@id":"https:\/\/tzionlibreria.com\/#organization"},"potentialAction":[{"@type":"SearchAction","target":{"@type":"EntryPoint","urlTemplate":"https:\/\/tzionlibreria.com\/?s={search_term_string}"},"query-input":{"@type":"PropertyValueSpecification","valueRequired":true,"valueName":"search_term_string"}}],"inLanguage":"es-CO"},{"@type":"Organization","@id":"https:\/\/tzionlibreria.com\/#organization","name":"tzionlibreria.com","url":"https:\/\/tzionlibreria.com\/","logo":{"@type":"ImageObject","inLanguage":"es-CO","@id":"https:\/\/tzionlibreria.com\/#\/schema\/logo\/image\/","url":"https:\/\/tzionlibreria.com\/wp-content\/uploads\/2023\/10\/cropped-Cuadricula-scaled-1.jpg","contentUrl":"https:\/\/tzionlibreria.com\/wp-content\/uploads\/2023\/10\/cropped-Cuadricula-scaled-1.jpg","width":2560,"height":2560,"caption":"tzionlibreria.com"},"image":{"@id":"https:\/\/tzionlibreria.com\/#\/schema\/logo\/image\/"}}]}},"jetpack_sharing_enabled":true,"_links":{"self":[{"href":"https:\/\/tzionlibreria.com\/index.php\/wp-json\/wp\/v2\/product\/5610","targetHints":{"allow":["GET"]}}],"collection":[{"href":"https:\/\/tzionlibreria.com\/index.php\/wp-json\/wp\/v2\/product"}],"about":[{"href":"https:\/\/tzionlibreria.com\/index.php\/wp-json\/wp\/v2\/types\/product"}],"replies":[{"embeddable":true,"href":"https:\/\/tzionlibreria.com\/index.php\/wp-json\/wp\/v2\/comments?post=5610"}],"wp:featuredmedia":[{"embeddable":true,"href":"https:\/\/tzionlibreria.com\/index.php\/wp-json\/wp\/v2\/media\/5611"}],"wp:attachment":[{"href":"https:\/\/tzionlibreria.com\/index.php\/wp-json\/wp\/v2\/media?parent=5610"}],"wp:term":[{"taxonomy":"product_brand","embeddable":true,"href":"https:\/\/tzionlibreria.com\/index.php\/wp-json\/wp\/v2\/product_brand?post=5610"},{"taxonomy":"product_cat","embeddable":true,"href":"https:\/\/tzionlibreria.com\/index.php\/wp-json\/wp\/v2\/product_cat?post=5610"},{"taxonomy":"product_tag","embeddable":true,"href":"https:\/\/tzionlibreria.com\/index.php\/wp-json\/wp\/v2\/product_tag?post=5610"}],"curies":[{"name":"wp","href":"https:\/\/api.w.org\/{rel}","templated":true}]}}