{"id":562,"date":"2023-10-07T02:48:44","date_gmt":"2023-10-07T02:48:44","guid":{"rendered":"https:\/\/tzionlibreria.com\/?post_type=product&#038;p=562"},"modified":"2026-04-09T20:00:51","modified_gmt":"2026-04-09T20:00:51","slug":"biblia-del-ministro-rvr60-caoba-fino-piel-fabricada","status":"publish","type":"product","link":"https:\/\/tzionlibreria.com\/index.php\/product\/biblia-del-ministro-rvr60-caoba-fino-piel-fabricada\/","title":{"rendered":"Biblia Del Ministro Rvr60 Caoba Fino Piel Fabricada"},"content":{"rendered":"<p>Biblia del Ministro RVR60, caoba fino piel fabricada<\/p>\n<p>La Biblia del Ministro es ideal para su uso en el p\u00falpito por su letra grande, amplios m\u00e1rgenes y extensas notas auxiliares de muchos de los principales predicadores y l\u00edderes de la iglesia de hoy. La Biblia del Ministro coloca las ayudas necesarias en el centro de la Biblia y en una fuente m\u00e1s grande que el texto de la Biblia. Esta ubicaci\u00f3n y composici\u00f3n permite que la Biblia se mantenga abierta f\u00e1cilmente en la mano del ministro o en el p\u00falpito, haci\u00e9ndola muy legible en el momento de su uso. Es un elemento de presentaci\u00f3n perfecto para una variedad de ocasiones especiales, incluido el mes de agradecimiento al pastor. Disponible en RVR1960, una traducci\u00f3n tradicional y verdadera.<\/p>\n<p>Incluye material de apoyo para:<\/p>\n<p>&#8211; La Cena del Se\u00f1or<br \/>\n&#8211; El culto f\u00fanebre<br \/>\n&#8211; Celebraci\u00f3n de quincea\u00f1era<br \/>\n&#8211; Ceremonia de nuevos ministros<br \/>\n&#8211; Dedicaci\u00f3n de ni\u00f1os<br \/>\n&#8211; Ceremonia de bautismo<br \/>\n&#8211; Ordenaci\u00f3n de l\u00edderes de la iglesia y otros<\/p>\n<p>Editor: Broadman &amp; Holman<\/p>\n<p>ISBN: 9781535985062<\/p>\n","protected":false},"excerpt":{"rendered":"<p>Biblia del Ministro RVR60, caoba fino piel fabricada La Biblia del Ministro es ideal para su uso en el p\u00falpito por su letra grande, amplios m\u00e1rgenes y extensas notas auxiliares de muchos de los principales predicadores y l\u00edderes de la iglesia de hoy. La Biblia del Ministro coloca las ayudas necesarias en el centro de [&hellip;]<\/p>\n","protected":false},"featured_media":563,"comment_status":"open","ping_status":"closed","template":"","meta":{"om_disable_all_campaigns":false,"_monsterinsights_skip_tracking":false,"_monsterinsights_sitenote_active":false,"_monsterinsights_sitenote_note":"","_monsterinsights_sitenote_category":0,"site-sidebar-layout":"default","site-content-layout":"","ast-site-content-layout":"default","site-content-style":"default","site-sidebar-style":"default","ast-global-header-display":"","ast-banner-title-visibility":"","ast-main-header-display":"","ast-hfb-above-header-display":"","ast-hfb-below-header-display":"","ast-hfb-mobile-header-display":"","site-post-title":"","ast-breadcrumbs-content":"","ast-featured-img":"","footer-sml-layout":"","ast-disable-related-posts":"","theme-transparent-header-meta":"default","adv-header-id-meta":"","stick-header-meta":"","header-above-stick-meta":"","header-main-stick-meta":"","header-below-stick-meta":"","astra-migrate-meta-layouts":"set","ast-page-background-enabled":"default","ast-page-background-meta":{"desktop":{"background-color":"var(--ast-global-color-4)","background-image":"","background-repeat":"repeat","background-position":"center center","background-size":"auto","background-attachment":"scroll","background-type":"","background-media":"","overlay-type":"","overlay-color":"","overlay-opacity":"","overlay-gradient":""},"tablet":{"background-color":"","background-image":"","background-repeat":"repeat","background-position":"center center","background-size":"auto","background-attachment":"scroll","background-type":"","background-media":"","overlay-type":"","overlay-color":"","overlay-opacity":"","overlay-gradient":""},"mobile":{"background-color":"","background-image":"","background-repeat":"repeat","background-position":"center center","background-size":"auto","background-attachment":"scroll","background-type":"","background-media":"","overlay-type":"","overlay-color":"","overlay-opacity":"","overlay-gradient":""}},"ast-content-background-meta":{"desktop":{"background-color":"var(--ast-global-color-5)","background-image":"","background-repeat":"repeat","background-position":"center center","background-size":"auto","background-attachment":"scroll","background-type":"","background-media":"","overlay-type":"","overlay-color":"","overlay-opacity":"","overlay-gradient":""},"tablet":{"background-color":"var(--ast-global-color-5)","background-image":"","background-repeat":"repeat","background-position":"center center","background-size":"auto","background-attachment":"scroll","background-type":"","background-media":"","overlay-type":"","overlay-color":"","overlay-opacity":"","overlay-gradient":""},"mobile":{"background-color":"var(--ast-global-color-5)","background-image":"","background-repeat":"repeat","background-position":"center center","background-size":"auto","background-attachment":"scroll","background-type":"","background-media":"","overlay-type":"","overlay-color":"","overlay-opacity":"","overlay-gradient":""}}},"product_brand":[],"product_cat":[42,18],"product_tag":[],"class_list":{"0":"post-562","1":"product","2":"type-product","3":"status-publish","4":"has-post-thumbnail","6":"product_cat-biblias-reina-valera","7":"product_cat-uncategorized","8":"desktop-align-left","9":"tablet-align-left","10":"mobile-align-left","12":"first","13":"instock","14":"shipping-taxable","15":"purchasable","16":"product-type-simple"},"yoast_head":"<!-- This site is optimized with the Yoast SEO plugin v27.4 - https:\/\/yoast.com\/product\/yoast-seo-wordpress\/ -->\n<title>Biblia Del Ministro Rvr60 Caoba Fino Piel Fabricada - tzionlibreria.com<\/title>\n<meta name=\"robots\" content=\"index, follow, max-snippet:-1, max-image-preview:large, max-video-preview:-1\" \/>\n<link rel=\"canonical\" href=\"https:\/\/tzionlibreria.com\/index.php\/product\/biblia-del-ministro-rvr60-caoba-fino-piel-fabricada\/\" \/>\n<meta property=\"og:locale\" content=\"es_ES\" \/>\n<meta property=\"og:type\" content=\"article\" \/>\n<meta property=\"og:title\" content=\"Biblia Del Ministro Rvr60 Caoba Fino Piel Fabricada - tzionlibreria.com\" \/>\n<meta property=\"og:description\" content=\"Biblia del Ministro RVR60, caoba fino piel fabricada La Biblia del Ministro es ideal para su uso en el p\u00falpito por su letra grande, amplios m\u00e1rgenes y extensas notas auxiliares de muchos de los principales predicadores y l\u00edderes de la iglesia de hoy. La Biblia del Ministro coloca las ayudas necesarias en el centro de [&hellip;]\" \/>\n<meta property=\"og:url\" content=\"https:\/\/tzionlibreria.com\/index.php\/product\/biblia-del-ministro-rvr60-caoba-fino-piel-fabricada\/\" \/>\n<meta property=\"og:site_name\" content=\"tzionlibreria.com\" \/>\n<meta property=\"article:modified_time\" content=\"2026-04-09T20:00:51+00:00\" \/>\n<meta property=\"og:image\" content=\"http:\/\/tzionlibreria.com\/wp-content\/uploads\/2023\/10\/D_NQ_NP_2X_986570-MLV52800335060_122022-F.webp\" \/>\n\t<meta property=\"og:image:width\" content=\"1092\" \/>\n\t<meta property=\"og:image:height\" content=\"960\" \/>\n\t<meta property=\"og:image:type\" content=\"image\/webp\" \/>\n<meta name=\"twitter:card\" content=\"summary_large_image\" \/>\n<meta name=\"twitter:label1\" content=\"Tiempo de lectura\" \/>\n\t<meta name=\"twitter:data1\" content=\"1 minuto\" \/>\n<script type=\"application\/ld+json\" class=\"yoast-schema-graph\">{\"@context\":\"https:\\\/\\\/schema.org\",\"@graph\":[{\"@type\":\"WebPage\",\"@id\":\"https:\\\/\\\/tzionlibreria.com\\\/index.php\\\/product\\\/biblia-del-ministro-rvr60-caoba-fino-piel-fabricada\\\/\",\"url\":\"https:\\\/\\\/tzionlibreria.com\\\/index.php\\\/product\\\/biblia-del-ministro-rvr60-caoba-fino-piel-fabricada\\\/\",\"name\":\"Biblia Del Ministro Rvr60 Caoba Fino Piel Fabricada - tzionlibreria.com\",\"isPartOf\":{\"@id\":\"https:\\\/\\\/tzionlibreria.com\\\/#website\"},\"primaryImageOfPage\":{\"@id\":\"https:\\\/\\\/tzionlibreria.com\\\/index.php\\\/product\\\/biblia-del-ministro-rvr60-caoba-fino-piel-fabricada\\\/#primaryimage\"},\"image\":{\"@id\":\"https:\\\/\\\/tzionlibreria.com\\\/index.php\\\/product\\\/biblia-del-ministro-rvr60-caoba-fino-piel-fabricada\\\/#primaryimage\"},\"thumbnailUrl\":\"https:\\\/\\\/tzionlibreria.com\\\/wp-content\\\/uploads\\\/2023\\\/10\\\/D_NQ_NP_2X_986570-MLV52800335060_122022-F.webp\",\"datePublished\":\"2023-10-07T02:48:44+00:00\",\"dateModified\":\"2026-04-09T20:00:51+00:00\",\"breadcrumb\":{\"@id\":\"https:\\\/\\\/tzionlibreria.com\\\/index.php\\\/product\\\/biblia-del-ministro-rvr60-caoba-fino-piel-fabricada\\\/#breadcrumb\"},\"inLanguage\":\"es-CO\",\"potentialAction\":[{\"@type\":\"ReadAction\",\"target\":[\"https:\\\/\\\/tzionlibreria.com\\\/index.php\\\/product\\\/biblia-del-ministro-rvr60-caoba-fino-piel-fabricada\\\/\"]}]},{\"@type\":\"ImageObject\",\"inLanguage\":\"es-CO\",\"@id\":\"https:\\\/\\\/tzionlibreria.com\\\/index.php\\\/product\\\/biblia-del-ministro-rvr60-caoba-fino-piel-fabricada\\\/#primaryimage\",\"url\":\"https:\\\/\\\/tzionlibreria.com\\\/wp-content\\\/uploads\\\/2023\\\/10\\\/D_NQ_NP_2X_986570-MLV52800335060_122022-F.webp\",\"contentUrl\":\"https:\\\/\\\/tzionlibreria.com\\\/wp-content\\\/uploads\\\/2023\\\/10\\\/D_NQ_NP_2X_986570-MLV52800335060_122022-F.webp\",\"width\":1092,\"height\":960},{\"@type\":\"BreadcrumbList\",\"@id\":\"https:\\\/\\\/tzionlibreria.com\\\/index.php\\\/product\\\/biblia-del-ministro-rvr60-caoba-fino-piel-fabricada\\\/#breadcrumb\",\"itemListElement\":[{\"@type\":\"ListItem\",\"position\":1,\"name\":\"Inicio\",\"item\":\"https:\\\/\\\/tzionlibreria.com\\\/\"},{\"@type\":\"ListItem\",\"position\":2,\"name\":\"Shop\",\"item\":\"https:\\\/\\\/tzionlibreria.com\\\/index.php\\\/shop\\\/\"},{\"@type\":\"ListItem\",\"position\":3,\"name\":\"Biblia Del Ministro Rvr60 Caoba Fino Piel Fabricada\"}]},{\"@type\":\"WebSite\",\"@id\":\"https:\\\/\\\/tzionlibreria.com\\\/#website\",\"url\":\"https:\\\/\\\/tzionlibreria.com\\\/\",\"name\":\"tzionlibreria.com\",\"description\":\"Libreria Cristiana Venezuela\",\"publisher\":{\"@id\":\"https:\\\/\\\/tzionlibreria.com\\\/#organization\"},\"potentialAction\":[{\"@type\":\"SearchAction\",\"target\":{\"@type\":\"EntryPoint\",\"urlTemplate\":\"https:\\\/\\\/tzionlibreria.com\\\/?s={search_term_string}\"},\"query-input\":{\"@type\":\"PropertyValueSpecification\",\"valueRequired\":true,\"valueName\":\"search_term_string\"}}],\"inLanguage\":\"es-CO\"},{\"@type\":\"Organization\",\"@id\":\"https:\\\/\\\/tzionlibreria.com\\\/#organization\",\"name\":\"tzionlibreria.com\",\"url\":\"https:\\\/\\\/tzionlibreria.com\\\/\",\"logo\":{\"@type\":\"ImageObject\",\"inLanguage\":\"es-CO\",\"@id\":\"https:\\\/\\\/tzionlibreria.com\\\/#\\\/schema\\\/logo\\\/image\\\/\",\"url\":\"https:\\\/\\\/tzionlibreria.com\\\/wp-content\\\/uploads\\\/2023\\\/10\\\/cropped-Cuadricula-scaled-1.jpg\",\"contentUrl\":\"https:\\\/\\\/tzionlibreria.com\\\/wp-content\\\/uploads\\\/2023\\\/10\\\/cropped-Cuadricula-scaled-1.jpg\",\"width\":2560,\"height\":2560,\"caption\":\"tzionlibreria.com\"},\"image\":{\"@id\":\"https:\\\/\\\/tzionlibreria.com\\\/#\\\/schema\\\/logo\\\/image\\\/\"}}]}<\/script>\n<!-- \/ Yoast SEO plugin. -->","yoast_head_json":{"title":"Biblia Del Ministro Rvr60 Caoba Fino Piel Fabricada - tzionlibreria.com","robots":{"index":"index","follow":"follow","max-snippet":"max-snippet:-1","max-image-preview":"max-image-preview:large","max-video-preview":"max-video-preview:-1"},"canonical":"https:\/\/tzionlibreria.com\/index.php\/product\/biblia-del-ministro-rvr60-caoba-fino-piel-fabricada\/","og_locale":"es_ES","og_type":"article","og_title":"Biblia Del Ministro Rvr60 Caoba Fino Piel Fabricada - tzionlibreria.com","og_description":"Biblia del Ministro RVR60, caoba fino piel fabricada La Biblia del Ministro es ideal para su uso en el p\u00falpito por su letra grande, amplios m\u00e1rgenes y extensas notas auxiliares de muchos de los principales predicadores y l\u00edderes de la iglesia de hoy. La Biblia del Ministro coloca las ayudas necesarias en el centro de [&hellip;]","og_url":"https:\/\/tzionlibreria.com\/index.php\/product\/biblia-del-ministro-rvr60-caoba-fino-piel-fabricada\/","og_site_name":"tzionlibreria.com","article_modified_time":"2026-04-09T20:00:51+00:00","og_image":[{"width":1092,"height":960,"url":"http:\/\/tzionlibreria.com\/wp-content\/uploads\/2023\/10\/D_NQ_NP_2X_986570-MLV52800335060_122022-F.webp","type":"image\/webp"}],"twitter_card":"summary_large_image","twitter_misc":{"Tiempo de lectura":"1 minuto"},"schema":{"@context":"https:\/\/schema.org","@graph":[{"@type":"WebPage","@id":"https:\/\/tzionlibreria.com\/index.php\/product\/biblia-del-ministro-rvr60-caoba-fino-piel-fabricada\/","url":"https:\/\/tzionlibreria.com\/index.php\/product\/biblia-del-ministro-rvr60-caoba-fino-piel-fabricada\/","name":"Biblia Del Ministro Rvr60 Caoba Fino Piel Fabricada - tzionlibreria.com","isPartOf":{"@id":"https:\/\/tzionlibreria.com\/#website"},"primaryImageOfPage":{"@id":"https:\/\/tzionlibreria.com\/index.php\/product\/biblia-del-ministro-rvr60-caoba-fino-piel-fabricada\/#primaryimage"},"image":{"@id":"https:\/\/tzionlibreria.com\/index.php\/product\/biblia-del-ministro-rvr60-caoba-fino-piel-fabricada\/#primaryimage"},"thumbnailUrl":"https:\/\/tzionlibreria.com\/wp-content\/uploads\/2023\/10\/D_NQ_NP_2X_986570-MLV52800335060_122022-F.webp","datePublished":"2023-10-07T02:48:44+00:00","dateModified":"2026-04-09T20:00:51+00:00","breadcrumb":{"@id":"https:\/\/tzionlibreria.com\/index.php\/product\/biblia-del-ministro-rvr60-caoba-fino-piel-fabricada\/#breadcrumb"},"inLanguage":"es-CO","potentialAction":[{"@type":"ReadAction","target":["https:\/\/tzionlibreria.com\/index.php\/product\/biblia-del-ministro-rvr60-caoba-fino-piel-fabricada\/"]}]},{"@type":"ImageObject","inLanguage":"es-CO","@id":"https:\/\/tzionlibreria.com\/index.php\/product\/biblia-del-ministro-rvr60-caoba-fino-piel-fabricada\/#primaryimage","url":"https:\/\/tzionlibreria.com\/wp-content\/uploads\/2023\/10\/D_NQ_NP_2X_986570-MLV52800335060_122022-F.webp","contentUrl":"https:\/\/tzionlibreria.com\/wp-content\/uploads\/2023\/10\/D_NQ_NP_2X_986570-MLV52800335060_122022-F.webp","width":1092,"height":960},{"@type":"BreadcrumbList","@id":"https:\/\/tzionlibreria.com\/index.php\/product\/biblia-del-ministro-rvr60-caoba-fino-piel-fabricada\/#breadcrumb","itemListElement":[{"@type":"ListItem","position":1,"name":"Inicio","item":"https:\/\/tzionlibreria.com\/"},{"@type":"ListItem","position":2,"name":"Shop","item":"https:\/\/tzionlibreria.com\/index.php\/shop\/"},{"@type":"ListItem","position":3,"name":"Biblia Del Ministro Rvr60 Caoba Fino Piel Fabricada"}]},{"@type":"WebSite","@id":"https:\/\/tzionlibreria.com\/#website","url":"https:\/\/tzionlibreria.com\/","name":"tzionlibreria.com","description":"Libreria Cristiana Venezuela","publisher":{"@id":"https:\/\/tzionlibreria.com\/#organization"},"potentialAction":[{"@type":"SearchAction","target":{"@type":"EntryPoint","urlTemplate":"https:\/\/tzionlibreria.com\/?s={search_term_string}"},"query-input":{"@type":"PropertyValueSpecification","valueRequired":true,"valueName":"search_term_string"}}],"inLanguage":"es-CO"},{"@type":"Organization","@id":"https:\/\/tzionlibreria.com\/#organization","name":"tzionlibreria.com","url":"https:\/\/tzionlibreria.com\/","logo":{"@type":"ImageObject","inLanguage":"es-CO","@id":"https:\/\/tzionlibreria.com\/#\/schema\/logo\/image\/","url":"https:\/\/tzionlibreria.com\/wp-content\/uploads\/2023\/10\/cropped-Cuadricula-scaled-1.jpg","contentUrl":"https:\/\/tzionlibreria.com\/wp-content\/uploads\/2023\/10\/cropped-Cuadricula-scaled-1.jpg","width":2560,"height":2560,"caption":"tzionlibreria.com"},"image":{"@id":"https:\/\/tzionlibreria.com\/#\/schema\/logo\/image\/"}}]}},"jetpack_sharing_enabled":true,"_links":{"self":[{"href":"https:\/\/tzionlibreria.com\/index.php\/wp-json\/wp\/v2\/product\/562","targetHints":{"allow":["GET"]}}],"collection":[{"href":"https:\/\/tzionlibreria.com\/index.php\/wp-json\/wp\/v2\/product"}],"about":[{"href":"https:\/\/tzionlibreria.com\/index.php\/wp-json\/wp\/v2\/types\/product"}],"replies":[{"embeddable":true,"href":"https:\/\/tzionlibreria.com\/index.php\/wp-json\/wp\/v2\/comments?post=562"}],"wp:featuredmedia":[{"embeddable":true,"href":"https:\/\/tzionlibreria.com\/index.php\/wp-json\/wp\/v2\/media\/563"}],"wp:attachment":[{"href":"https:\/\/tzionlibreria.com\/index.php\/wp-json\/wp\/v2\/media?parent=562"}],"wp:term":[{"taxonomy":"product_brand","embeddable":true,"href":"https:\/\/tzionlibreria.com\/index.php\/wp-json\/wp\/v2\/product_brand?post=562"},{"taxonomy":"product_cat","embeddable":true,"href":"https:\/\/tzionlibreria.com\/index.php\/wp-json\/wp\/v2\/product_cat?post=562"},{"taxonomy":"product_tag","embeddable":true,"href":"https:\/\/tzionlibreria.com\/index.php\/wp-json\/wp\/v2\/product_tag?post=562"}],"curies":[{"name":"wp","href":"https:\/\/api.w.org\/{rel}","templated":true}]}}