{"id":5627,"date":"2025-07-23T23:50:37","date_gmt":"2025-07-23T23:50:37","guid":{"rendered":"https:\/\/tzionlibreria.com\/?post_type=product&#038;p=5627"},"modified":"2026-03-25T19:59:11","modified_gmt":"2026-03-25T19:59:11","slug":"biblia-rvr-1960-letra-gigante-15-pts-flor-rosa-con-cierre","status":"publish","type":"product","link":"https:\/\/tzionlibreria.com\/index.php\/product\/biblia-rvr-1960-letra-gigante-15-pts-flor-rosa-con-cierre\/","title":{"rendered":"Biblia RVR 1960 Letra Gigante 15 pts Flor Rosa con cierre \/\u00edndice"},"content":{"rendered":"<h3 data-start=\"178\" data-end=\"246\">\ud83d\udcd6 Santa Biblia RVR1960 | Letra Gigante | Flor Rosa con Cierre<\/h3>\n<p>&nbsp;<\/p>\n<p data-start=\"247\" data-end=\"406\"><strong data-start=\"247\" data-end=\"324\">Versi\u00f3n Reina-Valera 1960 \u2022 Letra 15 pts \u2022 S\u00edmil piel con \u00edndice y cierre<\/strong><br data-start=\"324\" data-end=\"327\" \/>\ud83d\udcd8 <strong data-start=\"330\" data-end=\"406\">ISBN: 9798885161558 | Tama\u00f1o: 17.5 x 25 x 4 cm | Lanzamiento: 30.08.2024<\/strong><\/p>\n<p data-start=\"408\" data-end=\"698\">Una Biblia pensada para quienes valoran la <strong data-start=\"451\" data-end=\"503\">claridad, la belleza y la profundidad espiritual<\/strong>. Su delicado dise\u00f1o floral rosado, su encuadernaci\u00f3n con cierre y su letra gigante de 15 puntos la hacen perfecta para mujeres de todas las edades que desean leer c\u00f3modamente la Palabra de Dios.<\/p>\n<p data-start=\"700\" data-end=\"735\">\ud83d\udccc <strong data-start=\"703\" data-end=\"735\">Caracter\u00edsticas principales:<\/strong><\/p>\n<ul data-start=\"736\" data-end=\"1056\">\n<li data-start=\"736\" data-end=\"768\">\n<p data-start=\"738\" data-end=\"768\">Letra gigante de 15 puntos \ud83e\udde0\u2728<\/p>\n<\/li>\n<li data-start=\"769\" data-end=\"796\">\n<p data-start=\"771\" data-end=\"796\">Palabras de Jes\u00fas en rojo<\/p>\n<\/li>\n<li data-start=\"797\" data-end=\"836\">\n<p data-start=\"799\" data-end=\"836\">Referencias cruzadas al pie de p\u00e1gina<\/p>\n<\/li>\n<li data-start=\"837\" data-end=\"902\">\n<p data-start=\"839\" data-end=\"902\">Abreviaturas e introducciones por <strong data-start=\"873\" data-end=\"902\">C.H. Spurgeon y J.C. Ryle<\/strong><\/p>\n<\/li>\n<li data-start=\"903\" data-end=\"941\">\n<p data-start=\"905\" data-end=\"941\">Concordancia completa de 120 p\u00e1ginas<\/p>\n<\/li>\n<li data-start=\"942\" data-end=\"981\">\n<p data-start=\"944\" data-end=\"981\">\u00cdndice lateral para navegaci\u00f3n r\u00e1pida<\/p>\n<\/li>\n<li data-start=\"982\" data-end=\"1056\">\n<p data-start=\"984\" data-end=\"1056\">Encuadernaci\u00f3n en s\u00edmil piel con <strong data-start=\"1017\" data-end=\"1032\">zipper rosa<\/strong> (resistente y pr\u00e1ctica)<\/p>\n<\/li>\n<\/ul>\n<p data-start=\"1058\" data-end=\"1104\">\ud83c\udf38 <strong data-start=\"1061\" data-end=\"1104\">Material de estudio adicional incluido:<\/strong><\/p>\n<ul data-start=\"1105\" data-end=\"1342\">\n<li data-start=\"1105\" data-end=\"1126\">\n<p data-start=\"1107\" data-end=\"1126\">Genealog\u00eda de Jes\u00fas<\/p>\n<\/li>\n<li data-start=\"1127\" data-end=\"1143\">\n<p data-start=\"1129\" data-end=\"1143\">Fiestas jud\u00edas<\/p>\n<\/li>\n<li data-start=\"1144\" data-end=\"1175\">\n<p data-start=\"1146\" data-end=\"1175\">Par\u00e1bolas y milagros de Jes\u00fas<\/p>\n<\/li>\n<li data-start=\"1176\" data-end=\"1195\">\n<p data-start=\"1178\" data-end=\"1195\">Plan de salvaci\u00f3n<\/p>\n<\/li>\n<li data-start=\"1196\" data-end=\"1240\">\n<p data-start=\"1198\" data-end=\"1240\">Vers\u00edculos clave y plan de lectura b\u00edblica<\/p>\n<\/li>\n<li data-start=\"1241\" data-end=\"1266\">\n<p data-start=\"1243\" data-end=\"1266\">Tipolog\u00eda de los salmos<\/p>\n<\/li>\n<li data-start=\"1267\" data-end=\"1299\">\n<p data-start=\"1269\" data-end=\"1299\">Cronolog\u00eda de reyes y profetas<\/p>\n<\/li>\n<li data-start=\"1300\" data-end=\"1342\">\n<p data-start=\"1302\" data-end=\"1342\">Plano del templo y 12 mapas a todo color<\/p>\n<\/li>\n<\/ul>\n<p data-start=\"1344\" data-end=\"1562\">\ud83d\udce6 <strong data-start=\"1347\" data-end=\"1416\">Ideal para regalo, estudio b\u00edblico personal o lectura en iglesia.<\/strong><br data-start=\"1416\" data-end=\"1419\" \/><strong data-start=\"1419\" data-end=\"1443\">La Reina-Valera 1960<\/strong> sigue siendo la versi\u00f3n m\u00e1s amada por las iglesias de habla hispana por su fidelidad al mensaje y su estilo reverente.<\/p>\n","protected":false},"excerpt":{"rendered":"<p>\ud83d\udcd6 Santa Biblia RVR1960 | Letra Gigante | Flor Rosa con Cierre &nbsp; Versi\u00f3n Reina-Valera 1960 \u2022 Letra 15 pts \u2022 S\u00edmil piel con \u00edndice y cierre\ud83d\udcd8 ISBN: 9798885161558 | Tama\u00f1o: 17.5 x 25 x 4 cm | Lanzamiento: 30.08.2024 Una Biblia pensada para quienes valoran la claridad, la belleza y la profundidad espiritual. Su [&hellip;]<\/p>\n","protected":false},"featured_media":5628,"comment_status":"open","ping_status":"closed","template":"","meta":{"om_disable_all_campaigns":false,"_monsterinsights_skip_tracking":false,"_monsterinsights_sitenote_active":false,"_monsterinsights_sitenote_note":"","_monsterinsights_sitenote_category":0,"site-sidebar-layout":"default","site-content-layout":"","ast-site-content-layout":"default","site-content-style":"default","site-sidebar-style":"default","ast-global-header-display":"","ast-banner-title-visibility":"","ast-main-header-display":"","ast-hfb-above-header-display":"","ast-hfb-below-header-display":"","ast-hfb-mobile-header-display":"","site-post-title":"","ast-breadcrumbs-content":"","ast-featured-img":"","footer-sml-layout":"","ast-disable-related-posts":"","theme-transparent-header-meta":"default","adv-header-id-meta":"","stick-header-meta":"","header-above-stick-meta":"","header-main-stick-meta":"","header-below-stick-meta":"","astra-migrate-meta-layouts":"set","ast-page-background-enabled":"default","ast-page-background-meta":{"desktop":{"background-color":"var(--ast-global-color-4)","background-image":"","background-repeat":"repeat","background-position":"center center","background-size":"auto","background-attachment":"scroll","background-type":"","background-media":"","overlay-type":"","overlay-color":"","overlay-opacity":"","overlay-gradient":""},"tablet":{"background-color":"","background-image":"","background-repeat":"repeat","background-position":"center center","background-size":"auto","background-attachment":"scroll","background-type":"","background-media":"","overlay-type":"","overlay-color":"","overlay-opacity":"","overlay-gradient":""},"mobile":{"background-color":"","background-image":"","background-repeat":"repeat","background-position":"center center","background-size":"auto","background-attachment":"scroll","background-type":"","background-media":"","overlay-type":"","overlay-color":"","overlay-opacity":"","overlay-gradient":""}},"ast-content-background-meta":{"desktop":{"background-color":"var(--ast-global-color-5)","background-image":"","background-repeat":"repeat","background-position":"center center","background-size":"auto","background-attachment":"scroll","background-type":"","background-media":"","overlay-type":"","overlay-color":"","overlay-opacity":"","overlay-gradient":""},"tablet":{"background-color":"var(--ast-global-color-5)","background-image":"","background-repeat":"repeat","background-position":"center center","background-size":"auto","background-attachment":"scroll","background-type":"","background-media":"","overlay-type":"","overlay-color":"","overlay-opacity":"","overlay-gradient":""},"mobile":{"background-color":"var(--ast-global-color-5)","background-image":"","background-repeat":"repeat","background-position":"center center","background-size":"auto","background-attachment":"scroll","background-type":"","background-media":"","overlay-type":"","overlay-color":"","overlay-opacity":"","overlay-gradient":""}}},"product_brand":[],"product_cat":[22,42,179],"product_tag":[],"class_list":{"0":"post-5627","1":"product","2":"type-product","3":"status-publish","4":"has-post-thumbnail","6":"product_cat-biblias","7":"product_cat-biblias-reina-valera","8":"product_cat-letra-gigante-rvr","9":"desktop-align-left","10":"tablet-align-left","11":"mobile-align-left","13":"first","14":"instock","15":"shipping-taxable","16":"purchasable","17":"product-type-simple"},"yoast_head":"<!-- This site is optimized with the Yoast SEO plugin v27.4 - https:\/\/yoast.com\/product\/yoast-seo-wordpress\/ -->\n<title>Biblia RVR 1960 Letra Gigante 15 pts Flor Rosa con cierre \/\u00edndice - tzionlibreria.com<\/title>\n<meta name=\"description\" content=\"Una Biblia pensada para quienes valoran la claridad, la belleza y la profundidad espiritual. Letra gigante de 15 puntos la hacen perfecta para mujeres.\" \/>\n<meta name=\"robots\" content=\"index, follow, max-snippet:-1, max-image-preview:large, max-video-preview:-1\" \/>\n<link rel=\"canonical\" href=\"https:\/\/tzionlibreria.com\/index.php\/product\/biblia-rvr-1960-letra-gigante-15-pts-flor-rosa-con-cierre\/\" \/>\n<meta property=\"og:locale\" content=\"es_ES\" \/>\n<meta property=\"og:type\" content=\"article\" \/>\n<meta property=\"og:title\" content=\"Biblia RVR 1960 Letra Gigante 15 pts Flor Rosa con cierre \/\u00edndice - tzionlibreria.com\" \/>\n<meta property=\"og:description\" content=\"Una Biblia pensada para quienes valoran la claridad, la belleza y la profundidad espiritual. Letra gigante de 15 puntos la hacen perfecta para mujeres.\" \/>\n<meta property=\"og:url\" content=\"https:\/\/tzionlibreria.com\/index.php\/product\/biblia-rvr-1960-letra-gigante-15-pts-flor-rosa-con-cierre\/\" \/>\n<meta property=\"og:site_name\" content=\"tzionlibreria.com\" \/>\n<meta property=\"article:modified_time\" content=\"2026-03-25T19:59:11+00:00\" \/>\n<meta property=\"og:image\" content=\"http:\/\/tzionlibreria.com\/wp-content\/uploads\/2025\/07\/9798885161558__59356.jpg\" \/>\n\t<meta property=\"og:image:width\" content=\"1280\" \/>\n\t<meta property=\"og:image:height\" content=\"1280\" \/>\n\t<meta property=\"og:image:type\" content=\"image\/jpeg\" \/>\n<meta name=\"twitter:card\" content=\"summary_large_image\" \/>\n<meta name=\"twitter:label1\" content=\"Tiempo de lectura\" \/>\n\t<meta name=\"twitter:data1\" content=\"2 minutos\" \/>\n<script type=\"application\/ld+json\" class=\"yoast-schema-graph\">{\"@context\":\"https:\\\/\\\/schema.org\",\"@graph\":[{\"@type\":\"WebPage\",\"@id\":\"https:\\\/\\\/tzionlibreria.com\\\/index.php\\\/product\\\/biblia-rvr-1960-letra-gigante-15-pts-flor-rosa-con-cierre\\\/\",\"url\":\"https:\\\/\\\/tzionlibreria.com\\\/index.php\\\/product\\\/biblia-rvr-1960-letra-gigante-15-pts-flor-rosa-con-cierre\\\/\",\"name\":\"Biblia RVR 1960 Letra Gigante 15 pts Flor Rosa con cierre \\\/\u00edndice - tzionlibreria.com\",\"isPartOf\":{\"@id\":\"https:\\\/\\\/tzionlibreria.com\\\/#website\"},\"primaryImageOfPage\":{\"@id\":\"https:\\\/\\\/tzionlibreria.com\\\/index.php\\\/product\\\/biblia-rvr-1960-letra-gigante-15-pts-flor-rosa-con-cierre\\\/#primaryimage\"},\"image\":{\"@id\":\"https:\\\/\\\/tzionlibreria.com\\\/index.php\\\/product\\\/biblia-rvr-1960-letra-gigante-15-pts-flor-rosa-con-cierre\\\/#primaryimage\"},\"thumbnailUrl\":\"https:\\\/\\\/tzionlibreria.com\\\/wp-content\\\/uploads\\\/2025\\\/07\\\/9798885161558__59356.jpg\",\"datePublished\":\"2025-07-23T23:50:37+00:00\",\"dateModified\":\"2026-03-25T19:59:11+00:00\",\"description\":\"Una Biblia pensada para quienes valoran la claridad, la belleza y la profundidad espiritual. Letra gigante de 15 puntos la hacen perfecta para mujeres.\",\"breadcrumb\":{\"@id\":\"https:\\\/\\\/tzionlibreria.com\\\/index.php\\\/product\\\/biblia-rvr-1960-letra-gigante-15-pts-flor-rosa-con-cierre\\\/#breadcrumb\"},\"inLanguage\":\"es-CO\",\"potentialAction\":[{\"@type\":\"ReadAction\",\"target\":[\"https:\\\/\\\/tzionlibreria.com\\\/index.php\\\/product\\\/biblia-rvr-1960-letra-gigante-15-pts-flor-rosa-con-cierre\\\/\"]}]},{\"@type\":\"ImageObject\",\"inLanguage\":\"es-CO\",\"@id\":\"https:\\\/\\\/tzionlibreria.com\\\/index.php\\\/product\\\/biblia-rvr-1960-letra-gigante-15-pts-flor-rosa-con-cierre\\\/#primaryimage\",\"url\":\"https:\\\/\\\/tzionlibreria.com\\\/wp-content\\\/uploads\\\/2025\\\/07\\\/9798885161558__59356.jpg\",\"contentUrl\":\"https:\\\/\\\/tzionlibreria.com\\\/wp-content\\\/uploads\\\/2025\\\/07\\\/9798885161558__59356.jpg\",\"width\":1280,\"height\":1280},{\"@type\":\"BreadcrumbList\",\"@id\":\"https:\\\/\\\/tzionlibreria.com\\\/index.php\\\/product\\\/biblia-rvr-1960-letra-gigante-15-pts-flor-rosa-con-cierre\\\/#breadcrumb\",\"itemListElement\":[{\"@type\":\"ListItem\",\"position\":1,\"name\":\"Inicio\",\"item\":\"https:\\\/\\\/tzionlibreria.com\\\/\"},{\"@type\":\"ListItem\",\"position\":2,\"name\":\"Shop\",\"item\":\"https:\\\/\\\/tzionlibreria.com\\\/index.php\\\/shop\\\/\"},{\"@type\":\"ListItem\",\"position\":3,\"name\":\"Biblia RVR 1960 Letra Gigante 15 pts Flor Rosa con cierre \\\/\u00edndice\"}]},{\"@type\":\"WebSite\",\"@id\":\"https:\\\/\\\/tzionlibreria.com\\\/#website\",\"url\":\"https:\\\/\\\/tzionlibreria.com\\\/\",\"name\":\"tzionlibreria.com\",\"description\":\"Libreria Cristiana Venezuela\",\"publisher\":{\"@id\":\"https:\\\/\\\/tzionlibreria.com\\\/#organization\"},\"potentialAction\":[{\"@type\":\"SearchAction\",\"target\":{\"@type\":\"EntryPoint\",\"urlTemplate\":\"https:\\\/\\\/tzionlibreria.com\\\/?s={search_term_string}\"},\"query-input\":{\"@type\":\"PropertyValueSpecification\",\"valueRequired\":true,\"valueName\":\"search_term_string\"}}],\"inLanguage\":\"es-CO\"},{\"@type\":\"Organization\",\"@id\":\"https:\\\/\\\/tzionlibreria.com\\\/#organization\",\"name\":\"tzionlibreria.com\",\"url\":\"https:\\\/\\\/tzionlibreria.com\\\/\",\"logo\":{\"@type\":\"ImageObject\",\"inLanguage\":\"es-CO\",\"@id\":\"https:\\\/\\\/tzionlibreria.com\\\/#\\\/schema\\\/logo\\\/image\\\/\",\"url\":\"https:\\\/\\\/tzionlibreria.com\\\/wp-content\\\/uploads\\\/2023\\\/10\\\/cropped-Cuadricula-scaled-1.jpg\",\"contentUrl\":\"https:\\\/\\\/tzionlibreria.com\\\/wp-content\\\/uploads\\\/2023\\\/10\\\/cropped-Cuadricula-scaled-1.jpg\",\"width\":2560,\"height\":2560,\"caption\":\"tzionlibreria.com\"},\"image\":{\"@id\":\"https:\\\/\\\/tzionlibreria.com\\\/#\\\/schema\\\/logo\\\/image\\\/\"}}]}<\/script>\n<!-- \/ Yoast SEO plugin. -->","yoast_head_json":{"title":"Biblia RVR 1960 Letra Gigante 15 pts Flor Rosa con cierre \/\u00edndice - tzionlibreria.com","description":"Una Biblia pensada para quienes valoran la claridad, la belleza y la profundidad espiritual. Letra gigante de 15 puntos la hacen perfecta para mujeres.","robots":{"index":"index","follow":"follow","max-snippet":"max-snippet:-1","max-image-preview":"max-image-preview:large","max-video-preview":"max-video-preview:-1"},"canonical":"https:\/\/tzionlibreria.com\/index.php\/product\/biblia-rvr-1960-letra-gigante-15-pts-flor-rosa-con-cierre\/","og_locale":"es_ES","og_type":"article","og_title":"Biblia RVR 1960 Letra Gigante 15 pts Flor Rosa con cierre \/\u00edndice - tzionlibreria.com","og_description":"Una Biblia pensada para quienes valoran la claridad, la belleza y la profundidad espiritual. Letra gigante de 15 puntos la hacen perfecta para mujeres.","og_url":"https:\/\/tzionlibreria.com\/index.php\/product\/biblia-rvr-1960-letra-gigante-15-pts-flor-rosa-con-cierre\/","og_site_name":"tzionlibreria.com","article_modified_time":"2026-03-25T19:59:11+00:00","og_image":[{"width":1280,"height":1280,"url":"http:\/\/tzionlibreria.com\/wp-content\/uploads\/2025\/07\/9798885161558__59356.jpg","type":"image\/jpeg"}],"twitter_card":"summary_large_image","twitter_misc":{"Tiempo de lectura":"2 minutos"},"schema":{"@context":"https:\/\/schema.org","@graph":[{"@type":"WebPage","@id":"https:\/\/tzionlibreria.com\/index.php\/product\/biblia-rvr-1960-letra-gigante-15-pts-flor-rosa-con-cierre\/","url":"https:\/\/tzionlibreria.com\/index.php\/product\/biblia-rvr-1960-letra-gigante-15-pts-flor-rosa-con-cierre\/","name":"Biblia RVR 1960 Letra Gigante 15 pts Flor Rosa con cierre \/\u00edndice - tzionlibreria.com","isPartOf":{"@id":"https:\/\/tzionlibreria.com\/#website"},"primaryImageOfPage":{"@id":"https:\/\/tzionlibreria.com\/index.php\/product\/biblia-rvr-1960-letra-gigante-15-pts-flor-rosa-con-cierre\/#primaryimage"},"image":{"@id":"https:\/\/tzionlibreria.com\/index.php\/product\/biblia-rvr-1960-letra-gigante-15-pts-flor-rosa-con-cierre\/#primaryimage"},"thumbnailUrl":"https:\/\/tzionlibreria.com\/wp-content\/uploads\/2025\/07\/9798885161558__59356.jpg","datePublished":"2025-07-23T23:50:37+00:00","dateModified":"2026-03-25T19:59:11+00:00","description":"Una Biblia pensada para quienes valoran la claridad, la belleza y la profundidad espiritual. Letra gigante de 15 puntos la hacen perfecta para mujeres.","breadcrumb":{"@id":"https:\/\/tzionlibreria.com\/index.php\/product\/biblia-rvr-1960-letra-gigante-15-pts-flor-rosa-con-cierre\/#breadcrumb"},"inLanguage":"es-CO","potentialAction":[{"@type":"ReadAction","target":["https:\/\/tzionlibreria.com\/index.php\/product\/biblia-rvr-1960-letra-gigante-15-pts-flor-rosa-con-cierre\/"]}]},{"@type":"ImageObject","inLanguage":"es-CO","@id":"https:\/\/tzionlibreria.com\/index.php\/product\/biblia-rvr-1960-letra-gigante-15-pts-flor-rosa-con-cierre\/#primaryimage","url":"https:\/\/tzionlibreria.com\/wp-content\/uploads\/2025\/07\/9798885161558__59356.jpg","contentUrl":"https:\/\/tzionlibreria.com\/wp-content\/uploads\/2025\/07\/9798885161558__59356.jpg","width":1280,"height":1280},{"@type":"BreadcrumbList","@id":"https:\/\/tzionlibreria.com\/index.php\/product\/biblia-rvr-1960-letra-gigante-15-pts-flor-rosa-con-cierre\/#breadcrumb","itemListElement":[{"@type":"ListItem","position":1,"name":"Inicio","item":"https:\/\/tzionlibreria.com\/"},{"@type":"ListItem","position":2,"name":"Shop","item":"https:\/\/tzionlibreria.com\/index.php\/shop\/"},{"@type":"ListItem","position":3,"name":"Biblia RVR 1960 Letra Gigante 15 pts Flor Rosa con cierre \/\u00edndice"}]},{"@type":"WebSite","@id":"https:\/\/tzionlibreria.com\/#website","url":"https:\/\/tzionlibreria.com\/","name":"tzionlibreria.com","description":"Libreria Cristiana Venezuela","publisher":{"@id":"https:\/\/tzionlibreria.com\/#organization"},"potentialAction":[{"@type":"SearchAction","target":{"@type":"EntryPoint","urlTemplate":"https:\/\/tzionlibreria.com\/?s={search_term_string}"},"query-input":{"@type":"PropertyValueSpecification","valueRequired":true,"valueName":"search_term_string"}}],"inLanguage":"es-CO"},{"@type":"Organization","@id":"https:\/\/tzionlibreria.com\/#organization","name":"tzionlibreria.com","url":"https:\/\/tzionlibreria.com\/","logo":{"@type":"ImageObject","inLanguage":"es-CO","@id":"https:\/\/tzionlibreria.com\/#\/schema\/logo\/image\/","url":"https:\/\/tzionlibreria.com\/wp-content\/uploads\/2023\/10\/cropped-Cuadricula-scaled-1.jpg","contentUrl":"https:\/\/tzionlibreria.com\/wp-content\/uploads\/2023\/10\/cropped-Cuadricula-scaled-1.jpg","width":2560,"height":2560,"caption":"tzionlibreria.com"},"image":{"@id":"https:\/\/tzionlibreria.com\/#\/schema\/logo\/image\/"}}]}},"jetpack_sharing_enabled":true,"_links":{"self":[{"href":"https:\/\/tzionlibreria.com\/index.php\/wp-json\/wp\/v2\/product\/5627","targetHints":{"allow":["GET"]}}],"collection":[{"href":"https:\/\/tzionlibreria.com\/index.php\/wp-json\/wp\/v2\/product"}],"about":[{"href":"https:\/\/tzionlibreria.com\/index.php\/wp-json\/wp\/v2\/types\/product"}],"replies":[{"embeddable":true,"href":"https:\/\/tzionlibreria.com\/index.php\/wp-json\/wp\/v2\/comments?post=5627"}],"wp:featuredmedia":[{"embeddable":true,"href":"https:\/\/tzionlibreria.com\/index.php\/wp-json\/wp\/v2\/media\/5628"}],"wp:attachment":[{"href":"https:\/\/tzionlibreria.com\/index.php\/wp-json\/wp\/v2\/media?parent=5627"}],"wp:term":[{"taxonomy":"product_brand","embeddable":true,"href":"https:\/\/tzionlibreria.com\/index.php\/wp-json\/wp\/v2\/product_brand?post=5627"},{"taxonomy":"product_cat","embeddable":true,"href":"https:\/\/tzionlibreria.com\/index.php\/wp-json\/wp\/v2\/product_cat?post=5627"},{"taxonomy":"product_tag","embeddable":true,"href":"https:\/\/tzionlibreria.com\/index.php\/wp-json\/wp\/v2\/product_tag?post=5627"}],"curies":[{"name":"wp","href":"https:\/\/api.w.org\/{rel}","templated":true}]}}