{"id":5635,"date":"2025-07-24T00:00:20","date_gmt":"2025-07-24T00:00:20","guid":{"rendered":"https:\/\/tzionlibreria.com\/?post_type=product&#038;p=5635"},"modified":"2025-07-24T00:00:20","modified_gmt":"2025-07-24T00:00:20","slug":"el-mundo-perdido-de-los-profetas-john-h-walton","status":"publish","type":"product","link":"https:\/\/tzionlibreria.com\/index.php\/product\/el-mundo-perdido-de-los-profetas-john-h-walton\/","title":{"rendered":"El Mundo Perdido de los Profetas \u2013 John H. Walton"},"content":{"rendered":"<h3 data-start=\"159\" data-end=\"219\">\ud83d\udcd8 <em data-start=\"166\" data-end=\"200\">El Mundo Perdido de los Profetas<\/em> \u2013 John H. Walton<\/h3>\n<p data-start=\"220\" data-end=\"438\"><strong data-start=\"220\" data-end=\"310\">La profec\u00eda del Antiguo Testamento y la literatura apocal\u00edptica en el contexto antiguo<\/strong><\/p>\n<p data-start=\"220\" data-end=\"438\"><br data-start=\"310\" data-end=\"313\" \/><strong data-start=\"313\" data-end=\"322\">ISBN:<\/strong> 9781962296335 | <strong data-start=\"339\" data-end=\"364\">Publicaciones Kerigma<\/strong><br data-start=\"364\" data-end=\"367\" \/>\ud83d\udcc5 <strong data-start=\"370\" data-end=\"386\">Lanzamiento:<\/strong> 30.08.2024 | \ud83d\udcd6 <strong data-start=\"403\" data-end=\"418\">202 p\u00e1ginas<\/strong> | \ud83d\udcd0 <strong data-start=\"424\" data-end=\"438\">16 x 22 cm<\/strong><\/p>\n<p data-start=\"220\" data-end=\"438\">\n<p data-start=\"440\" data-end=\"799\">\ud83d\udd0d En este volumen transformador, el reconocido erudito <strong data-start=\"496\" data-end=\"514\">John H. Walton<\/strong> aplica su enfoque distintivo del \u201cMundo Perdido\u201d al estudio de los profetas b\u00edblicos. Con claridad y profundidad, Walton nos desaf\u00eda a ir m\u00e1s all\u00e1 de las interpretaciones modernas escatol\u00f3gicas o apolog\u00e9ticas, y nos devuelve al <strong data-start=\"743\" data-end=\"798\">contexto original y prop\u00f3sito del mensaje prof\u00e9tico<\/strong>.<\/p>\n<p data-start=\"801\" data-end=\"952\">\ud83d\udcac <em data-start=\"804\" data-end=\"952\">\u201cEste libro ofrece a la iglesia un correctivo muy necesario\u2026 El mensaje de los profetas a\u00fan tiene poder para formar y transformar nuestras vidas.\u201d<\/em><\/p>\n<h3 data-start=\"954\" data-end=\"977\">\ud83d\udccc Caracter\u00edsticas:<\/h3>\n<ul data-start=\"978\" data-end=\"1281\">\n<li data-start=\"978\" data-end=\"1070\">\n<p data-start=\"980\" data-end=\"1070\">An\u00e1lisis profundo del <strong data-start=\"1002\" data-end=\"1046\">contexto cultural, literario y teol\u00f3gico<\/strong> de la profec\u00eda b\u00edblica.<\/p>\n<\/li>\n<li data-start=\"1071\" data-end=\"1150\">\n<p data-start=\"1073\" data-end=\"1150\">Enfoque acad\u00e9mico pero accesible, ideal para pastores, estudiantes y l\u00edderes.<\/p>\n<\/li>\n<li data-start=\"1151\" data-end=\"1236\">\n<p data-start=\"1153\" data-end=\"1236\">Explicaciones claras sobre la <strong data-start=\"1183\" data-end=\"1210\">literatura apocal\u00edptica<\/strong> en el Antiguo Testamento.<\/p>\n<\/li>\n<li data-start=\"1237\" data-end=\"1281\">\n<p data-start=\"1239\" data-end=\"1281\">Encuadernaci\u00f3n r\u00fastica y formato pr\u00e1ctico.<\/p>\n<\/li>\n<\/ul>\n<p>Este libro\u00a0<strong data-start=\"1266\" data-end=\"1338\">es una gu\u00eda necesaria para pastores, l\u00edderes, maestros y estudiantes<\/strong>\u00a0que desean manejar con fidelidad el mensaje de los profetas y redescubrir su relevancia para nuestros tiempos<\/p>\n<p data-start=\"1283\" data-end=\"1386\">\ud83c\udfaf <em data-start=\"1286\" data-end=\"1386\">Una herramienta imprescindible para entender el verdadero rol de los profetas y su impacto eterno.<\/em><\/p>\n","protected":false},"excerpt":{"rendered":"<p>\ud83d\udcd8 El Mundo Perdido de los Profetas \u2013 John H. Walton La profec\u00eda del Antiguo Testamento y la literatura apocal\u00edptica en el contexto antiguo ISBN: 9781962296335 | Publicaciones Kerigma\ud83d\udcc5 Lanzamiento: 30.08.2024 | \ud83d\udcd6 202 p\u00e1ginas | \ud83d\udcd0 16 x 22 cm \ud83d\udd0d En este volumen transformador, el reconocido erudito John H. Walton aplica su enfoque [&hellip;]<\/p>\n","protected":false},"featured_media":5636,"comment_status":"open","ping_status":"closed","template":"","meta":{"om_disable_all_campaigns":false,"_monsterinsights_skip_tracking":false,"_monsterinsights_sitenote_active":false,"_monsterinsights_sitenote_note":"","_monsterinsights_sitenote_category":0,"site-sidebar-layout":"default","site-content-layout":"","ast-site-content-layout":"default","site-content-style":"default","site-sidebar-style":"default","ast-global-header-display":"","ast-banner-title-visibility":"","ast-main-header-display":"","ast-hfb-above-header-display":"","ast-hfb-below-header-display":"","ast-hfb-mobile-header-display":"","site-post-title":"","ast-breadcrumbs-content":"","ast-featured-img":"","footer-sml-layout":"","ast-disable-related-posts":"","theme-transparent-header-meta":"default","adv-header-id-meta":"","stick-header-meta":"","header-above-stick-meta":"","header-main-stick-meta":"","header-below-stick-meta":"","astra-migrate-meta-layouts":"set","ast-page-background-enabled":"default","ast-page-background-meta":{"desktop":{"background-color":"var(--ast-global-color-4)","background-image":"","background-repeat":"repeat","background-position":"center center","background-size":"auto","background-attachment":"scroll","background-type":"","background-media":"","overlay-type":"","overlay-color":"","overlay-opacity":"","overlay-gradient":""},"tablet":{"background-color":"","background-image":"","background-repeat":"repeat","background-position":"center center","background-size":"auto","background-attachment":"scroll","background-type":"","background-media":"","overlay-type":"","overlay-color":"","overlay-opacity":"","overlay-gradient":""},"mobile":{"background-color":"","background-image":"","background-repeat":"repeat","background-position":"center center","background-size":"auto","background-attachment":"scroll","background-type":"","background-media":"","overlay-type":"","overlay-color":"","overlay-opacity":"","overlay-gradient":""}},"ast-content-background-meta":{"desktop":{"background-color":"var(--ast-global-color-5)","background-image":"","background-repeat":"repeat","background-position":"center center","background-size":"auto","background-attachment":"scroll","background-type":"","background-media":"","overlay-type":"","overlay-color":"","overlay-opacity":"","overlay-gradient":""},"tablet":{"background-color":"var(--ast-global-color-5)","background-image":"","background-repeat":"repeat","background-position":"center center","background-size":"auto","background-attachment":"scroll","background-type":"","background-media":"","overlay-type":"","overlay-color":"","overlay-opacity":"","overlay-gradient":""},"mobile":{"background-color":"var(--ast-global-color-5)","background-image":"","background-repeat":"repeat","background-position":"center center","background-size":"auto","background-attachment":"scroll","background-type":"","background-media":"","overlay-type":"","overlay-color":"","overlay-opacity":"","overlay-gradient":""}}},"product_brand":[],"product_cat":[23,166],"product_tag":[],"class_list":{"0":"post-5635","1":"product","2":"type-product","3":"status-publish","4":"has-post-thumbnail","6":"product_cat-libros","7":"product_cat-profecia","8":"desktop-align-left","9":"tablet-align-left","10":"mobile-align-left","12":"first","13":"instock","14":"shipping-taxable","15":"purchasable","16":"product-type-simple"},"yoast_head":"<!-- This site is optimized with the Yoast SEO plugin v27.4 - https:\/\/yoast.com\/product\/yoast-seo-wordpress\/ -->\n<title>El Mundo Perdido de los Profetas \u2013 John H. Walton - tzionlibreria.com<\/title>\n<meta name=\"description\" content=\"Este libro es una gu\u00eda para pastores, l\u00edderes, maestros que desean manejar con fidelidad el mensaje de los profetas y su relevancia para nuestros tiempos.\" \/>\n<meta name=\"robots\" content=\"index, follow, max-snippet:-1, max-image-preview:large, max-video-preview:-1\" \/>\n<link rel=\"canonical\" href=\"https:\/\/tzionlibreria.com\/index.php\/product\/el-mundo-perdido-de-los-profetas-john-h-walton\/\" \/>\n<meta property=\"og:locale\" content=\"es_ES\" \/>\n<meta property=\"og:type\" content=\"article\" \/>\n<meta property=\"og:title\" content=\"El Mundo Perdido de los Profetas \u2013 John H. Walton - tzionlibreria.com\" \/>\n<meta property=\"og:description\" content=\"Este libro es una gu\u00eda para pastores, l\u00edderes, maestros que desean manejar con fidelidad el mensaje de los profetas y su relevancia para nuestros tiempos.\" \/>\n<meta property=\"og:url\" content=\"https:\/\/tzionlibreria.com\/index.php\/product\/el-mundo-perdido-de-los-profetas-john-h-walton\/\" \/>\n<meta property=\"og:site_name\" content=\"tzionlibreria.com\" \/>\n<meta property=\"og:image\" content=\"http:\/\/tzionlibreria.com\/wp-content\/uploads\/2025\/07\/61iwfZL6QlL._SL1500_.jpg\" \/>\n\t<meta property=\"og:image:width\" content=\"1000\" \/>\n\t<meta property=\"og:image:height\" content=\"1500\" \/>\n\t<meta property=\"og:image:type\" content=\"image\/jpeg\" \/>\n<meta name=\"twitter:card\" content=\"summary_large_image\" \/>\n<meta name=\"twitter:label1\" content=\"Tiempo de lectura\" \/>\n\t<meta name=\"twitter:data1\" content=\"2 minutos\" \/>\n<script type=\"application\/ld+json\" class=\"yoast-schema-graph\">{\"@context\":\"https:\\\/\\\/schema.org\",\"@graph\":[{\"@type\":\"WebPage\",\"@id\":\"https:\\\/\\\/tzionlibreria.com\\\/index.php\\\/product\\\/el-mundo-perdido-de-los-profetas-john-h-walton\\\/\",\"url\":\"https:\\\/\\\/tzionlibreria.com\\\/index.php\\\/product\\\/el-mundo-perdido-de-los-profetas-john-h-walton\\\/\",\"name\":\"El Mundo Perdido de los Profetas \u2013 John H. Walton - tzionlibreria.com\",\"isPartOf\":{\"@id\":\"https:\\\/\\\/tzionlibreria.com\\\/#website\"},\"primaryImageOfPage\":{\"@id\":\"https:\\\/\\\/tzionlibreria.com\\\/index.php\\\/product\\\/el-mundo-perdido-de-los-profetas-john-h-walton\\\/#primaryimage\"},\"image\":{\"@id\":\"https:\\\/\\\/tzionlibreria.com\\\/index.php\\\/product\\\/el-mundo-perdido-de-los-profetas-john-h-walton\\\/#primaryimage\"},\"thumbnailUrl\":\"https:\\\/\\\/tzionlibreria.com\\\/wp-content\\\/uploads\\\/2025\\\/07\\\/61iwfZL6QlL._SL1500_.jpg\",\"datePublished\":\"2025-07-24T00:00:20+00:00\",\"description\":\"Este libro es una gu\u00eda para pastores, l\u00edderes, maestros que desean manejar con fidelidad el mensaje de los profetas y su relevancia para nuestros tiempos.\",\"breadcrumb\":{\"@id\":\"https:\\\/\\\/tzionlibreria.com\\\/index.php\\\/product\\\/el-mundo-perdido-de-los-profetas-john-h-walton\\\/#breadcrumb\"},\"inLanguage\":\"es-CO\",\"potentialAction\":[{\"@type\":\"ReadAction\",\"target\":[\"https:\\\/\\\/tzionlibreria.com\\\/index.php\\\/product\\\/el-mundo-perdido-de-los-profetas-john-h-walton\\\/\"]}]},{\"@type\":\"ImageObject\",\"inLanguage\":\"es-CO\",\"@id\":\"https:\\\/\\\/tzionlibreria.com\\\/index.php\\\/product\\\/el-mundo-perdido-de-los-profetas-john-h-walton\\\/#primaryimage\",\"url\":\"https:\\\/\\\/tzionlibreria.com\\\/wp-content\\\/uploads\\\/2025\\\/07\\\/61iwfZL6QlL._SL1500_.jpg\",\"contentUrl\":\"https:\\\/\\\/tzionlibreria.com\\\/wp-content\\\/uploads\\\/2025\\\/07\\\/61iwfZL6QlL._SL1500_.jpg\",\"width\":1000,\"height\":1500},{\"@type\":\"BreadcrumbList\",\"@id\":\"https:\\\/\\\/tzionlibreria.com\\\/index.php\\\/product\\\/el-mundo-perdido-de-los-profetas-john-h-walton\\\/#breadcrumb\",\"itemListElement\":[{\"@type\":\"ListItem\",\"position\":1,\"name\":\"Inicio\",\"item\":\"https:\\\/\\\/tzionlibreria.com\\\/\"},{\"@type\":\"ListItem\",\"position\":2,\"name\":\"Shop\",\"item\":\"https:\\\/\\\/tzionlibreria.com\\\/index.php\\\/shop\\\/\"},{\"@type\":\"ListItem\",\"position\":3,\"name\":\"El Mundo Perdido de los Profetas \u2013 John H. Walton\"}]},{\"@type\":\"WebSite\",\"@id\":\"https:\\\/\\\/tzionlibreria.com\\\/#website\",\"url\":\"https:\\\/\\\/tzionlibreria.com\\\/\",\"name\":\"tzionlibreria.com\",\"description\":\"Libreria Cristiana Venezuela\",\"publisher\":{\"@id\":\"https:\\\/\\\/tzionlibreria.com\\\/#organization\"},\"potentialAction\":[{\"@type\":\"SearchAction\",\"target\":{\"@type\":\"EntryPoint\",\"urlTemplate\":\"https:\\\/\\\/tzionlibreria.com\\\/?s={search_term_string}\"},\"query-input\":{\"@type\":\"PropertyValueSpecification\",\"valueRequired\":true,\"valueName\":\"search_term_string\"}}],\"inLanguage\":\"es-CO\"},{\"@type\":\"Organization\",\"@id\":\"https:\\\/\\\/tzionlibreria.com\\\/#organization\",\"name\":\"tzionlibreria.com\",\"url\":\"https:\\\/\\\/tzionlibreria.com\\\/\",\"logo\":{\"@type\":\"ImageObject\",\"inLanguage\":\"es-CO\",\"@id\":\"https:\\\/\\\/tzionlibreria.com\\\/#\\\/schema\\\/logo\\\/image\\\/\",\"url\":\"https:\\\/\\\/tzionlibreria.com\\\/wp-content\\\/uploads\\\/2023\\\/10\\\/cropped-Cuadricula-scaled-1.jpg\",\"contentUrl\":\"https:\\\/\\\/tzionlibreria.com\\\/wp-content\\\/uploads\\\/2023\\\/10\\\/cropped-Cuadricula-scaled-1.jpg\",\"width\":2560,\"height\":2560,\"caption\":\"tzionlibreria.com\"},\"image\":{\"@id\":\"https:\\\/\\\/tzionlibreria.com\\\/#\\\/schema\\\/logo\\\/image\\\/\"}}]}<\/script>\n<!-- \/ Yoast SEO plugin. -->","yoast_head_json":{"title":"El Mundo Perdido de los Profetas \u2013 John H. Walton - tzionlibreria.com","description":"Este libro es una gu\u00eda para pastores, l\u00edderes, maestros que desean manejar con fidelidad el mensaje de los profetas y su relevancia para nuestros tiempos.","robots":{"index":"index","follow":"follow","max-snippet":"max-snippet:-1","max-image-preview":"max-image-preview:large","max-video-preview":"max-video-preview:-1"},"canonical":"https:\/\/tzionlibreria.com\/index.php\/product\/el-mundo-perdido-de-los-profetas-john-h-walton\/","og_locale":"es_ES","og_type":"article","og_title":"El Mundo Perdido de los Profetas \u2013 John H. Walton - tzionlibreria.com","og_description":"Este libro es una gu\u00eda para pastores, l\u00edderes, maestros que desean manejar con fidelidad el mensaje de los profetas y su relevancia para nuestros tiempos.","og_url":"https:\/\/tzionlibreria.com\/index.php\/product\/el-mundo-perdido-de-los-profetas-john-h-walton\/","og_site_name":"tzionlibreria.com","og_image":[{"width":1000,"height":1500,"url":"http:\/\/tzionlibreria.com\/wp-content\/uploads\/2025\/07\/61iwfZL6QlL._SL1500_.jpg","type":"image\/jpeg"}],"twitter_card":"summary_large_image","twitter_misc":{"Tiempo de lectura":"2 minutos"},"schema":{"@context":"https:\/\/schema.org","@graph":[{"@type":"WebPage","@id":"https:\/\/tzionlibreria.com\/index.php\/product\/el-mundo-perdido-de-los-profetas-john-h-walton\/","url":"https:\/\/tzionlibreria.com\/index.php\/product\/el-mundo-perdido-de-los-profetas-john-h-walton\/","name":"El Mundo Perdido de los Profetas \u2013 John H. Walton - tzionlibreria.com","isPartOf":{"@id":"https:\/\/tzionlibreria.com\/#website"},"primaryImageOfPage":{"@id":"https:\/\/tzionlibreria.com\/index.php\/product\/el-mundo-perdido-de-los-profetas-john-h-walton\/#primaryimage"},"image":{"@id":"https:\/\/tzionlibreria.com\/index.php\/product\/el-mundo-perdido-de-los-profetas-john-h-walton\/#primaryimage"},"thumbnailUrl":"https:\/\/tzionlibreria.com\/wp-content\/uploads\/2025\/07\/61iwfZL6QlL._SL1500_.jpg","datePublished":"2025-07-24T00:00:20+00:00","description":"Este libro es una gu\u00eda para pastores, l\u00edderes, maestros que desean manejar con fidelidad el mensaje de los profetas y su relevancia para nuestros tiempos.","breadcrumb":{"@id":"https:\/\/tzionlibreria.com\/index.php\/product\/el-mundo-perdido-de-los-profetas-john-h-walton\/#breadcrumb"},"inLanguage":"es-CO","potentialAction":[{"@type":"ReadAction","target":["https:\/\/tzionlibreria.com\/index.php\/product\/el-mundo-perdido-de-los-profetas-john-h-walton\/"]}]},{"@type":"ImageObject","inLanguage":"es-CO","@id":"https:\/\/tzionlibreria.com\/index.php\/product\/el-mundo-perdido-de-los-profetas-john-h-walton\/#primaryimage","url":"https:\/\/tzionlibreria.com\/wp-content\/uploads\/2025\/07\/61iwfZL6QlL._SL1500_.jpg","contentUrl":"https:\/\/tzionlibreria.com\/wp-content\/uploads\/2025\/07\/61iwfZL6QlL._SL1500_.jpg","width":1000,"height":1500},{"@type":"BreadcrumbList","@id":"https:\/\/tzionlibreria.com\/index.php\/product\/el-mundo-perdido-de-los-profetas-john-h-walton\/#breadcrumb","itemListElement":[{"@type":"ListItem","position":1,"name":"Inicio","item":"https:\/\/tzionlibreria.com\/"},{"@type":"ListItem","position":2,"name":"Shop","item":"https:\/\/tzionlibreria.com\/index.php\/shop\/"},{"@type":"ListItem","position":3,"name":"El Mundo Perdido de los Profetas \u2013 John H. Walton"}]},{"@type":"WebSite","@id":"https:\/\/tzionlibreria.com\/#website","url":"https:\/\/tzionlibreria.com\/","name":"tzionlibreria.com","description":"Libreria Cristiana Venezuela","publisher":{"@id":"https:\/\/tzionlibreria.com\/#organization"},"potentialAction":[{"@type":"SearchAction","target":{"@type":"EntryPoint","urlTemplate":"https:\/\/tzionlibreria.com\/?s={search_term_string}"},"query-input":{"@type":"PropertyValueSpecification","valueRequired":true,"valueName":"search_term_string"}}],"inLanguage":"es-CO"},{"@type":"Organization","@id":"https:\/\/tzionlibreria.com\/#organization","name":"tzionlibreria.com","url":"https:\/\/tzionlibreria.com\/","logo":{"@type":"ImageObject","inLanguage":"es-CO","@id":"https:\/\/tzionlibreria.com\/#\/schema\/logo\/image\/","url":"https:\/\/tzionlibreria.com\/wp-content\/uploads\/2023\/10\/cropped-Cuadricula-scaled-1.jpg","contentUrl":"https:\/\/tzionlibreria.com\/wp-content\/uploads\/2023\/10\/cropped-Cuadricula-scaled-1.jpg","width":2560,"height":2560,"caption":"tzionlibreria.com"},"image":{"@id":"https:\/\/tzionlibreria.com\/#\/schema\/logo\/image\/"}}]}},"jetpack_sharing_enabled":true,"_links":{"self":[{"href":"https:\/\/tzionlibreria.com\/index.php\/wp-json\/wp\/v2\/product\/5635","targetHints":{"allow":["GET"]}}],"collection":[{"href":"https:\/\/tzionlibreria.com\/index.php\/wp-json\/wp\/v2\/product"}],"about":[{"href":"https:\/\/tzionlibreria.com\/index.php\/wp-json\/wp\/v2\/types\/product"}],"replies":[{"embeddable":true,"href":"https:\/\/tzionlibreria.com\/index.php\/wp-json\/wp\/v2\/comments?post=5635"}],"wp:featuredmedia":[{"embeddable":true,"href":"https:\/\/tzionlibreria.com\/index.php\/wp-json\/wp\/v2\/media\/5636"}],"wp:attachment":[{"href":"https:\/\/tzionlibreria.com\/index.php\/wp-json\/wp\/v2\/media?parent=5635"}],"wp:term":[{"taxonomy":"product_brand","embeddable":true,"href":"https:\/\/tzionlibreria.com\/index.php\/wp-json\/wp\/v2\/product_brand?post=5635"},{"taxonomy":"product_cat","embeddable":true,"href":"https:\/\/tzionlibreria.com\/index.php\/wp-json\/wp\/v2\/product_cat?post=5635"},{"taxonomy":"product_tag","embeddable":true,"href":"https:\/\/tzionlibreria.com\/index.php\/wp-json\/wp\/v2\/product_tag?post=5635"}],"curies":[{"name":"wp","href":"https:\/\/api.w.org\/{rel}","templated":true}]}}