{"id":5641,"date":"2025-07-24T00:54:40","date_gmt":"2025-07-24T00:54:40","guid":{"rendered":"https:\/\/tzionlibreria.com\/?post_type=product&#038;p=5641"},"modified":"2025-07-24T00:56:11","modified_gmt":"2025-07-24T00:56:11","slug":"ayuno-y-aceleracion-tomi-arayomi","status":"publish","type":"product","link":"https:\/\/tzionlibreria.com\/index.php\/product\/ayuno-y-aceleracion-tomi-arayomi\/","title":{"rendered":"Ayuno y Aceleraci\u00f3n \u2013 Tomi Arayomi"},"content":{"rendered":"<p data-start=\"186\" data-end=\"268\">\ud83d\udcd8\u00a0<strong data-start=\"189\" data-end=\"227\">Ayuno y Aceleraci\u00f3n \u2013 Tomi Arayomi<\/strong><br data-start=\"227\" data-end=\"230\" \/>\u26a1\u00a0<em data-start=\"232\" data-end=\"268\">21 d\u00edas que pueden cambiarlo todo.<\/em><\/p>\n<p data-start=\"270\" data-end=\"390\">Este libro es m\u00e1s que una gu\u00eda sobre el ayuno. Es una llave de\u00a0<strong data-start=\"333\" data-end=\"387\">acceso a milagros, avance y aceleraci\u00f3n espiritual<\/strong>.<\/p>\n<p data-start=\"392\" data-end=\"500\">Inspirado en 1 Samuel 30:8<br data-start=\"418\" data-end=\"421\" \/><em data-start=\"421\" data-end=\"500\">\u201cPers\u00edguelos, porque de cierto los alcanzar\u00e1s y sin duda rescatar\u00e1s a todos.\u201d<\/em><\/p>\n<hr data-start=\"502\" data-end=\"505\" \/>\n<p data-start=\"507\" data-end=\"834\">\ud83d\udd25\u00a0<strong data-start=\"510\" data-end=\"538\">\u00bfQu\u00e9 encontrar\u00e1s dentro?<\/strong><br data-start=\"538\" data-end=\"541\" \/>\u2705 C\u00f3mo iniciar y terminar un ayuno de 21 d\u00edas con enfoque y poder<br data-start=\"606\" data-end=\"609\" \/>\u2705 Testimonios reales de transformaci\u00f3n y milagros<br data-start=\"658\" data-end=\"661\" \/>\u2705 Beneficios espirituales, f\u00edsicos y mentales del ayuno<br data-start=\"716\" data-end=\"719\" \/>\u2705 21\u00a0<strong data-start=\"724\" data-end=\"750\">declaraciones at\u00f3micas<\/strong>\u00a0para abrir tu destino<br data-start=\"772\" data-end=\"775\" \/>\u2705 La trilog\u00eda del ayuno: una estrategia pr\u00e1ctica y poderosa<\/p>\n<hr data-start=\"836\" data-end=\"839\" \/>\n<p data-start=\"841\" data-end=\"862\">\ud83d\udee1\ufe0f\u00a0<strong data-start=\"845\" data-end=\"860\">Ideal para:<\/strong><\/p>\n<ul data-start=\"863\" data-end=\"1112\">\n<li data-start=\"863\" data-end=\"928\">\n<p data-start=\"865\" data-end=\"928\">Creyentes que desean romper ciclos y entrar en nuevos niveles<\/p>\n<\/li>\n<li data-start=\"929\" data-end=\"976\">\n<p data-start=\"931\" data-end=\"976\">Personas que anhelan un reinicio espiritual<\/p>\n<\/li>\n<li data-start=\"977\" data-end=\"1042\">\n<p data-start=\"979\" data-end=\"1042\">L\u00edderes que desean activar el poder del ayuno en su comunidad<\/p>\n<\/li>\n<li data-start=\"1043\" data-end=\"1112\">\n<p data-start=\"1045\" data-end=\"1112\">Todos los que buscan\u00a0<strong data-start=\"1066\" data-end=\"1112\">respuestas, direcci\u00f3n y aceleraci\u00f3n divina<\/strong><\/p>\n<\/li>\n<\/ul>\n<hr data-start=\"1114\" data-end=\"1117\" \/>\n<p data-start=\"1119\" data-end=\"1279\">\ud83c\udfaf \u00a1Este es tu momento!<br data-start=\"1142\" data-end=\"1145\" \/>No ayunes por costumbre\u2026 ayuna con prop\u00f3sito, direcci\u00f3n y fuego.<br data-start=\"1209\" data-end=\"1212\" \/>Adquiere tu copia y prep\u00e1rate para\u00a0<strong data-start=\"1247\" data-end=\"1276\">acelerar hacia tu destino<\/strong>.<\/p>\n","protected":false},"excerpt":{"rendered":"<p>\ud83d\udcd8\u00a0Ayuno y Aceleraci\u00f3n \u2013 Tomi Arayomi\u26a1\u00a021 d\u00edas que pueden cambiarlo todo. Este libro es m\u00e1s que una gu\u00eda sobre el ayuno. Es una llave de\u00a0acceso a milagros, avance y aceleraci\u00f3n espiritual. Inspirado en 1 Samuel 30:8\u201cPers\u00edguelos, porque de cierto los alcanzar\u00e1s y sin duda rescatar\u00e1s a todos.\u201d \ud83d\udd25\u00a0\u00bfQu\u00e9 encontrar\u00e1s dentro?\u2705 C\u00f3mo iniciar y terminar un [&hellip;]<\/p>\n","protected":false},"featured_media":5642,"comment_status":"open","ping_status":"closed","template":"","meta":{"om_disable_all_campaigns":false,"_monsterinsights_skip_tracking":false,"_monsterinsights_sitenote_active":false,"_monsterinsights_sitenote_note":"","_monsterinsights_sitenote_category":0,"site-sidebar-layout":"default","site-content-layout":"","ast-site-content-layout":"default","site-content-style":"default","site-sidebar-style":"default","ast-global-header-display":"","ast-banner-title-visibility":"","ast-main-header-display":"","ast-hfb-above-header-display":"","ast-hfb-below-header-display":"","ast-hfb-mobile-header-display":"","site-post-title":"","ast-breadcrumbs-content":"","ast-featured-img":"","footer-sml-layout":"","ast-disable-related-posts":"","theme-transparent-header-meta":"default","adv-header-id-meta":"","stick-header-meta":"","header-above-stick-meta":"","header-main-stick-meta":"","header-below-stick-meta":"","astra-migrate-meta-layouts":"set","ast-page-background-enabled":"default","ast-page-background-meta":{"desktop":{"background-color":"var(--ast-global-color-4)","background-image":"","background-repeat":"repeat","background-position":"center center","background-size":"auto","background-attachment":"scroll","background-type":"","background-media":"","overlay-type":"","overlay-color":"","overlay-opacity":"","overlay-gradient":""},"tablet":{"background-color":"","background-image":"","background-repeat":"repeat","background-position":"center center","background-size":"auto","background-attachment":"scroll","background-type":"","background-media":"","overlay-type":"","overlay-color":"","overlay-opacity":"","overlay-gradient":""},"mobile":{"background-color":"","background-image":"","background-repeat":"repeat","background-position":"center center","background-size":"auto","background-attachment":"scroll","background-type":"","background-media":"","overlay-type":"","overlay-color":"","overlay-opacity":"","overlay-gradient":""}},"ast-content-background-meta":{"desktop":{"background-color":"var(--ast-global-color-5)","background-image":"","background-repeat":"repeat","background-position":"center center","background-size":"auto","background-attachment":"scroll","background-type":"","background-media":"","overlay-type":"","overlay-color":"","overlay-opacity":"","overlay-gradient":""},"tablet":{"background-color":"var(--ast-global-color-5)","background-image":"","background-repeat":"repeat","background-position":"center center","background-size":"auto","background-attachment":"scroll","background-type":"","background-media":"","overlay-type":"","overlay-color":"","overlay-opacity":"","overlay-gradient":""},"mobile":{"background-color":"var(--ast-global-color-5)","background-image":"","background-repeat":"repeat","background-position":"center center","background-size":"auto","background-attachment":"scroll","background-type":"","background-media":"","overlay-type":"","overlay-color":"","overlay-opacity":"","overlay-gradient":""}}},"product_brand":[],"product_cat":[169,173,23,175,166],"product_tag":[],"class_list":{"0":"post-5641","1":"product","2":"type-product","3":"status-publish","4":"has-post-thumbnail","6":"product_cat-hombres","7":"product_cat-jovenes","8":"product_cat-libros","9":"product_cat-liderazgo","10":"product_cat-profecia","11":"desktop-align-left","12":"tablet-align-left","13":"mobile-align-left","15":"first","16":"instock","17":"shipping-taxable","18":"purchasable","19":"product-type-simple"},"yoast_head":"<!-- This site is optimized with the Yoast SEO plugin v27.4 - https:\/\/yoast.com\/product\/yoast-seo-wordpress\/ -->\n<title>Ayuno y Aceleraci\u00f3n \u2013 Tomi Arayomi - tzionlibreria.com<\/title>\n<meta name=\"description\" content=\"Este libro es m\u00e1s que una gu\u00eda sobre el ayuno. Es una llave de\u00a0acceso a milagros, avance y aceleraci\u00f3n espiritual. 21 d\u00edas que pueden cambiarlo todo.\" \/>\n<meta name=\"robots\" content=\"index, follow, max-snippet:-1, max-image-preview:large, max-video-preview:-1\" \/>\n<link rel=\"canonical\" href=\"https:\/\/tzionlibreria.com\/index.php\/product\/ayuno-y-aceleracion-tomi-arayomi\/\" \/>\n<meta property=\"og:locale\" content=\"es_ES\" \/>\n<meta property=\"og:type\" content=\"article\" \/>\n<meta property=\"og:title\" content=\"Ayuno y Aceleraci\u00f3n \u2013 Tomi Arayomi - tzionlibreria.com\" \/>\n<meta property=\"og:description\" content=\"Este libro es m\u00e1s que una gu\u00eda sobre el ayuno. Es una llave de\u00a0acceso a milagros, avance y aceleraci\u00f3n espiritual. 21 d\u00edas que pueden cambiarlo todo.\" \/>\n<meta property=\"og:url\" content=\"https:\/\/tzionlibreria.com\/index.php\/product\/ayuno-y-aceleracion-tomi-arayomi\/\" \/>\n<meta property=\"og:site_name\" content=\"tzionlibreria.com\" \/>\n<meta property=\"article:modified_time\" content=\"2025-07-24T00:56:11+00:00\" \/>\n<meta property=\"og:image\" content=\"http:\/\/tzionlibreria.com\/wp-content\/uploads\/2025\/07\/1a5fef8c-92ce-46cd-acf2-97c962d16b81.jpeg\" \/>\n\t<meta property=\"og:image:width\" content=\"1600\" \/>\n\t<meta property=\"og:image:height\" content=\"900\" \/>\n\t<meta property=\"og:image:type\" content=\"image\/jpeg\" \/>\n<meta name=\"twitter:card\" content=\"summary_large_image\" \/>\n<meta name=\"twitter:label1\" content=\"Tiempo de lectura\" \/>\n\t<meta name=\"twitter:data1\" content=\"1 minuto\" \/>\n<script type=\"application\/ld+json\" class=\"yoast-schema-graph\">{\"@context\":\"https:\\\/\\\/schema.org\",\"@graph\":[{\"@type\":\"WebPage\",\"@id\":\"https:\\\/\\\/tzionlibreria.com\\\/index.php\\\/product\\\/ayuno-y-aceleracion-tomi-arayomi\\\/\",\"url\":\"https:\\\/\\\/tzionlibreria.com\\\/index.php\\\/product\\\/ayuno-y-aceleracion-tomi-arayomi\\\/\",\"name\":\"Ayuno y Aceleraci\u00f3n \u2013 Tomi Arayomi - tzionlibreria.com\",\"isPartOf\":{\"@id\":\"https:\\\/\\\/tzionlibreria.com\\\/#website\"},\"primaryImageOfPage\":{\"@id\":\"https:\\\/\\\/tzionlibreria.com\\\/index.php\\\/product\\\/ayuno-y-aceleracion-tomi-arayomi\\\/#primaryimage\"},\"image\":{\"@id\":\"https:\\\/\\\/tzionlibreria.com\\\/index.php\\\/product\\\/ayuno-y-aceleracion-tomi-arayomi\\\/#primaryimage\"},\"thumbnailUrl\":\"https:\\\/\\\/tzionlibreria.com\\\/wp-content\\\/uploads\\\/2025\\\/07\\\/1a5fef8c-92ce-46cd-acf2-97c962d16b81.jpeg\",\"datePublished\":\"2025-07-24T00:54:40+00:00\",\"dateModified\":\"2025-07-24T00:56:11+00:00\",\"description\":\"Este libro es m\u00e1s que una gu\u00eda sobre el ayuno. Es una llave de\u00a0acceso a milagros, avance y aceleraci\u00f3n espiritual. 21 d\u00edas que pueden cambiarlo todo.\",\"breadcrumb\":{\"@id\":\"https:\\\/\\\/tzionlibreria.com\\\/index.php\\\/product\\\/ayuno-y-aceleracion-tomi-arayomi\\\/#breadcrumb\"},\"inLanguage\":\"es-CO\",\"potentialAction\":[{\"@type\":\"ReadAction\",\"target\":[\"https:\\\/\\\/tzionlibreria.com\\\/index.php\\\/product\\\/ayuno-y-aceleracion-tomi-arayomi\\\/\"]}]},{\"@type\":\"ImageObject\",\"inLanguage\":\"es-CO\",\"@id\":\"https:\\\/\\\/tzionlibreria.com\\\/index.php\\\/product\\\/ayuno-y-aceleracion-tomi-arayomi\\\/#primaryimage\",\"url\":\"https:\\\/\\\/tzionlibreria.com\\\/wp-content\\\/uploads\\\/2025\\\/07\\\/1a5fef8c-92ce-46cd-acf2-97c962d16b81.jpeg\",\"contentUrl\":\"https:\\\/\\\/tzionlibreria.com\\\/wp-content\\\/uploads\\\/2025\\\/07\\\/1a5fef8c-92ce-46cd-acf2-97c962d16b81.jpeg\",\"width\":1600,\"height\":900},{\"@type\":\"BreadcrumbList\",\"@id\":\"https:\\\/\\\/tzionlibreria.com\\\/index.php\\\/product\\\/ayuno-y-aceleracion-tomi-arayomi\\\/#breadcrumb\",\"itemListElement\":[{\"@type\":\"ListItem\",\"position\":1,\"name\":\"Inicio\",\"item\":\"https:\\\/\\\/tzionlibreria.com\\\/\"},{\"@type\":\"ListItem\",\"position\":2,\"name\":\"Shop\",\"item\":\"https:\\\/\\\/tzionlibreria.com\\\/index.php\\\/shop\\\/\"},{\"@type\":\"ListItem\",\"position\":3,\"name\":\"Ayuno y Aceleraci\u00f3n \u2013 Tomi Arayomi\"}]},{\"@type\":\"WebSite\",\"@id\":\"https:\\\/\\\/tzionlibreria.com\\\/#website\",\"url\":\"https:\\\/\\\/tzionlibreria.com\\\/\",\"name\":\"tzionlibreria.com\",\"description\":\"Libreria Cristiana Venezuela\",\"publisher\":{\"@id\":\"https:\\\/\\\/tzionlibreria.com\\\/#organization\"},\"potentialAction\":[{\"@type\":\"SearchAction\",\"target\":{\"@type\":\"EntryPoint\",\"urlTemplate\":\"https:\\\/\\\/tzionlibreria.com\\\/?s={search_term_string}\"},\"query-input\":{\"@type\":\"PropertyValueSpecification\",\"valueRequired\":true,\"valueName\":\"search_term_string\"}}],\"inLanguage\":\"es-CO\"},{\"@type\":\"Organization\",\"@id\":\"https:\\\/\\\/tzionlibreria.com\\\/#organization\",\"name\":\"tzionlibreria.com\",\"url\":\"https:\\\/\\\/tzionlibreria.com\\\/\",\"logo\":{\"@type\":\"ImageObject\",\"inLanguage\":\"es-CO\",\"@id\":\"https:\\\/\\\/tzionlibreria.com\\\/#\\\/schema\\\/logo\\\/image\\\/\",\"url\":\"https:\\\/\\\/tzionlibreria.com\\\/wp-content\\\/uploads\\\/2023\\\/10\\\/cropped-Cuadricula-scaled-1.jpg\",\"contentUrl\":\"https:\\\/\\\/tzionlibreria.com\\\/wp-content\\\/uploads\\\/2023\\\/10\\\/cropped-Cuadricula-scaled-1.jpg\",\"width\":2560,\"height\":2560,\"caption\":\"tzionlibreria.com\"},\"image\":{\"@id\":\"https:\\\/\\\/tzionlibreria.com\\\/#\\\/schema\\\/logo\\\/image\\\/\"}}]}<\/script>\n<!-- \/ Yoast SEO plugin. -->","yoast_head_json":{"title":"Ayuno y Aceleraci\u00f3n \u2013 Tomi Arayomi - tzionlibreria.com","description":"Este libro es m\u00e1s que una gu\u00eda sobre el ayuno. Es una llave de\u00a0acceso a milagros, avance y aceleraci\u00f3n espiritual. 21 d\u00edas que pueden cambiarlo todo.","robots":{"index":"index","follow":"follow","max-snippet":"max-snippet:-1","max-image-preview":"max-image-preview:large","max-video-preview":"max-video-preview:-1"},"canonical":"https:\/\/tzionlibreria.com\/index.php\/product\/ayuno-y-aceleracion-tomi-arayomi\/","og_locale":"es_ES","og_type":"article","og_title":"Ayuno y Aceleraci\u00f3n \u2013 Tomi Arayomi - tzionlibreria.com","og_description":"Este libro es m\u00e1s que una gu\u00eda sobre el ayuno. Es una llave de\u00a0acceso a milagros, avance y aceleraci\u00f3n espiritual. 21 d\u00edas que pueden cambiarlo todo.","og_url":"https:\/\/tzionlibreria.com\/index.php\/product\/ayuno-y-aceleracion-tomi-arayomi\/","og_site_name":"tzionlibreria.com","article_modified_time":"2025-07-24T00:56:11+00:00","og_image":[{"width":1600,"height":900,"url":"http:\/\/tzionlibreria.com\/wp-content\/uploads\/2025\/07\/1a5fef8c-92ce-46cd-acf2-97c962d16b81.jpeg","type":"image\/jpeg"}],"twitter_card":"summary_large_image","twitter_misc":{"Tiempo de lectura":"1 minuto"},"schema":{"@context":"https:\/\/schema.org","@graph":[{"@type":"WebPage","@id":"https:\/\/tzionlibreria.com\/index.php\/product\/ayuno-y-aceleracion-tomi-arayomi\/","url":"https:\/\/tzionlibreria.com\/index.php\/product\/ayuno-y-aceleracion-tomi-arayomi\/","name":"Ayuno y Aceleraci\u00f3n \u2013 Tomi Arayomi - tzionlibreria.com","isPartOf":{"@id":"https:\/\/tzionlibreria.com\/#website"},"primaryImageOfPage":{"@id":"https:\/\/tzionlibreria.com\/index.php\/product\/ayuno-y-aceleracion-tomi-arayomi\/#primaryimage"},"image":{"@id":"https:\/\/tzionlibreria.com\/index.php\/product\/ayuno-y-aceleracion-tomi-arayomi\/#primaryimage"},"thumbnailUrl":"https:\/\/tzionlibreria.com\/wp-content\/uploads\/2025\/07\/1a5fef8c-92ce-46cd-acf2-97c962d16b81.jpeg","datePublished":"2025-07-24T00:54:40+00:00","dateModified":"2025-07-24T00:56:11+00:00","description":"Este libro es m\u00e1s que una gu\u00eda sobre el ayuno. Es una llave de\u00a0acceso a milagros, avance y aceleraci\u00f3n espiritual. 21 d\u00edas que pueden cambiarlo todo.","breadcrumb":{"@id":"https:\/\/tzionlibreria.com\/index.php\/product\/ayuno-y-aceleracion-tomi-arayomi\/#breadcrumb"},"inLanguage":"es-CO","potentialAction":[{"@type":"ReadAction","target":["https:\/\/tzionlibreria.com\/index.php\/product\/ayuno-y-aceleracion-tomi-arayomi\/"]}]},{"@type":"ImageObject","inLanguage":"es-CO","@id":"https:\/\/tzionlibreria.com\/index.php\/product\/ayuno-y-aceleracion-tomi-arayomi\/#primaryimage","url":"https:\/\/tzionlibreria.com\/wp-content\/uploads\/2025\/07\/1a5fef8c-92ce-46cd-acf2-97c962d16b81.jpeg","contentUrl":"https:\/\/tzionlibreria.com\/wp-content\/uploads\/2025\/07\/1a5fef8c-92ce-46cd-acf2-97c962d16b81.jpeg","width":1600,"height":900},{"@type":"BreadcrumbList","@id":"https:\/\/tzionlibreria.com\/index.php\/product\/ayuno-y-aceleracion-tomi-arayomi\/#breadcrumb","itemListElement":[{"@type":"ListItem","position":1,"name":"Inicio","item":"https:\/\/tzionlibreria.com\/"},{"@type":"ListItem","position":2,"name":"Shop","item":"https:\/\/tzionlibreria.com\/index.php\/shop\/"},{"@type":"ListItem","position":3,"name":"Ayuno y Aceleraci\u00f3n \u2013 Tomi Arayomi"}]},{"@type":"WebSite","@id":"https:\/\/tzionlibreria.com\/#website","url":"https:\/\/tzionlibreria.com\/","name":"tzionlibreria.com","description":"Libreria Cristiana Venezuela","publisher":{"@id":"https:\/\/tzionlibreria.com\/#organization"},"potentialAction":[{"@type":"SearchAction","target":{"@type":"EntryPoint","urlTemplate":"https:\/\/tzionlibreria.com\/?s={search_term_string}"},"query-input":{"@type":"PropertyValueSpecification","valueRequired":true,"valueName":"search_term_string"}}],"inLanguage":"es-CO"},{"@type":"Organization","@id":"https:\/\/tzionlibreria.com\/#organization","name":"tzionlibreria.com","url":"https:\/\/tzionlibreria.com\/","logo":{"@type":"ImageObject","inLanguage":"es-CO","@id":"https:\/\/tzionlibreria.com\/#\/schema\/logo\/image\/","url":"https:\/\/tzionlibreria.com\/wp-content\/uploads\/2023\/10\/cropped-Cuadricula-scaled-1.jpg","contentUrl":"https:\/\/tzionlibreria.com\/wp-content\/uploads\/2023\/10\/cropped-Cuadricula-scaled-1.jpg","width":2560,"height":2560,"caption":"tzionlibreria.com"},"image":{"@id":"https:\/\/tzionlibreria.com\/#\/schema\/logo\/image\/"}}]}},"jetpack_sharing_enabled":true,"_links":{"self":[{"href":"https:\/\/tzionlibreria.com\/index.php\/wp-json\/wp\/v2\/product\/5641","targetHints":{"allow":["GET"]}}],"collection":[{"href":"https:\/\/tzionlibreria.com\/index.php\/wp-json\/wp\/v2\/product"}],"about":[{"href":"https:\/\/tzionlibreria.com\/index.php\/wp-json\/wp\/v2\/types\/product"}],"replies":[{"embeddable":true,"href":"https:\/\/tzionlibreria.com\/index.php\/wp-json\/wp\/v2\/comments?post=5641"}],"wp:featuredmedia":[{"embeddable":true,"href":"https:\/\/tzionlibreria.com\/index.php\/wp-json\/wp\/v2\/media\/5642"}],"wp:attachment":[{"href":"https:\/\/tzionlibreria.com\/index.php\/wp-json\/wp\/v2\/media?parent=5641"}],"wp:term":[{"taxonomy":"product_brand","embeddable":true,"href":"https:\/\/tzionlibreria.com\/index.php\/wp-json\/wp\/v2\/product_brand?post=5641"},{"taxonomy":"product_cat","embeddable":true,"href":"https:\/\/tzionlibreria.com\/index.php\/wp-json\/wp\/v2\/product_cat?post=5641"},{"taxonomy":"product_tag","embeddable":true,"href":"https:\/\/tzionlibreria.com\/index.php\/wp-json\/wp\/v2\/product_tag?post=5641"}],"curies":[{"name":"wp","href":"https:\/\/api.w.org\/{rel}","templated":true}]}}