{"id":5690,"date":"2025-08-19T13:56:35","date_gmt":"2025-08-19T13:56:35","guid":{"rendered":"https:\/\/tzionlibreria.com\/?post_type=product&#038;p=5690"},"modified":"2026-02-18T23:34:36","modified_gmt":"2026-02-18T23:34:36","slug":"biblia-inspira-ntv-sentipiel-paraiso-floral-filament-app","status":"publish","type":"product","link":"https:\/\/tzionlibreria.com\/index.php\/product\/biblia-inspira-ntv-sentipiel-paraiso-floral-filament-app\/","title":{"rendered":"Biblia Inspira NTV SentiPiel Para\u00edso floral \u2013 Filament App"},"content":{"rendered":"<h3 data-start=\"208\" data-end=\"265\">\ud83d\udcd6 Biblia Inspira NTV \u2013 Para\u00edso Floral | SentiPiel\u2122<\/h3>\n<p data-start=\"266\" data-end=\"304\">\ud83c\udf81\u00a0<em data-start=\"269\" data-end=\"304\">Incluye empaque listo para regalo<\/em><\/p>\n<p data-start=\"306\" data-end=\"572\"><strong data-start=\"306\" data-end=\"368\">La Biblia que despierta tu creatividad y profundiza tu fe.<\/strong><br data-start=\"368\" data-end=\"371\" \/>Ganadora del premio \u00abBiblia del A\u00f1o\u00bb (SEPA 2024), la Biblia\u00a0<em data-start=\"431\" data-end=\"440\">Inspira<\/em>\u00a0combina arte, reflexi\u00f3n y estudio b\u00edblico en una edici\u00f3n pensada para mujeres que desean vivir su fe con creatividad e inspiraci\u00f3n.<\/p>\n<p data-start=\"574\" data-end=\"763\">Con un dise\u00f1o fresco y colorido en tonos florales, esta edici\u00f3n en tapa SentiPiel\u2122 Para\u00edso Floral no solo es visualmente hermosa, sino tambi\u00e9n una herramienta poderosa de conexi\u00f3n con Dios.<\/p>\n<hr data-start=\"765\" data-end=\"768\" \/>\n<h3 data-start=\"770\" data-end=\"793\">\ud83c\udf38 Caracter\u00edsticas:<\/h3>\n<ul data-start=\"794\" data-end=\"1383\">\n<li data-start=\"794\" data-end=\"859\">\n<p data-start=\"796\" data-end=\"859\">Texto claro y preciso de la\u00a0<strong data-start=\"824\" data-end=\"859\">Nueva Traducci\u00f3n Viviente (NTV)<\/strong><\/p>\n<\/li>\n<li data-start=\"860\" data-end=\"939\">\n<p data-start=\"862\" data-end=\"939\"><strong data-start=\"862\" data-end=\"901\">M\u00e1s de 400 ilustraciones originales<\/strong>\u00a0creadas por artistas latinoamericanos<\/p>\n<\/li>\n<li data-start=\"940\" data-end=\"995\">\n<p data-start=\"942\" data-end=\"995\">Amplios m\u00e1rgenes para\u00a0<strong data-start=\"964\" data-end=\"995\">escribir, colorear o anotar<\/strong><\/p>\n<\/li>\n<li data-start=\"996\" data-end=\"1027\">\n<p data-start=\"998\" data-end=\"1027\"><strong data-start=\"998\" data-end=\"1015\">Letra legible<\/strong>\u00a0de 8.25 pts<\/p>\n<\/li>\n<li data-start=\"1028\" data-end=\"1056\">\n<p data-start=\"1030\" data-end=\"1056\">Dise\u00f1o de una sola columna<\/p>\n<\/li>\n<li data-start=\"1057\" data-end=\"1104\">\n<p data-start=\"1059\" data-end=\"1104\"><strong data-start=\"1059\" data-end=\"1104\">Arte b\u00edblico de p\u00e1gina completa y parcial<\/strong><\/p>\n<\/li>\n<li data-start=\"1105\" data-end=\"1167\">\n<p data-start=\"1107\" data-end=\"1167\">Encuadernaci\u00f3n duradera en\u00a0<strong data-start=\"1134\" data-end=\"1167\">SentiPiel\u2122 con acabado floral<\/strong><\/p>\n<\/li>\n<li data-start=\"1168\" data-end=\"1383\">\n<p data-start=\"1170\" data-end=\"1236\"><strong data-start=\"1170\" data-end=\"1212\">Habilitada para la aplicaci\u00f3n Filament<\/strong>, con acceso gratuito a:<\/p>\n<ul data-start=\"1239\" data-end=\"1383\">\n<li data-start=\"1239\" data-end=\"1267\">\n<p data-start=\"1241\" data-end=\"1267\">Notas de estudio (25.000+)<\/p>\n<\/li>\n<li data-start=\"1270\" data-end=\"1289\">\n<p data-start=\"1272\" data-end=\"1289\">Biblia en audio<\/p>\n<\/li>\n<li data-start=\"1292\" data-end=\"1345\">\n<p data-start=\"1294\" data-end=\"1345\">Devocionales, videos, mapas y m\u00fasica de adoraci\u00f3n<\/p>\n<\/li>\n<li data-start=\"1348\" data-end=\"1383\">\n<p data-start=\"1350\" data-end=\"1383\">Art\u00edculos tem\u00e1ticos y biogr\u00e1ficos<\/p>\n<\/li>\n<\/ul>\n<\/li>\n<\/ul>\n<p data-start=\"1385\" data-end=\"1502\">\ud83d\udcf2\u00a0<em data-start=\"1388\" data-end=\"1502\">Con solo escanear una p\u00e1gina desde tu celular, accedes a una experiencia de estudio interactiva y enriquecedora.<\/em><\/p>\n<hr data-start=\"1504\" data-end=\"1507\" \/>\n<p data-start=\"1509\" data-end=\"1689\">\ud83d\udc9d\u00a0<em data-start=\"1512\" data-end=\"1618\">Ideal para regalar en cumplea\u00f1os, bautizos, discipulados o simplemente para bendecir a alguien especial.<\/em><br data-start=\"1618\" data-end=\"1621\" \/><strong data-start=\"1621\" data-end=\"1689\">Una Biblia que te inspira a vivir y expresar tu fe con libertad.<\/strong><\/p>\n","protected":false},"excerpt":{"rendered":"<p>\ud83d\udcd6 Biblia Inspira NTV \u2013 Para\u00edso Floral | SentiPiel\u2122 \ud83c\udf81\u00a0Incluye empaque listo para regalo La Biblia que despierta tu creatividad y profundiza tu fe.Ganadora del premio \u00abBiblia del A\u00f1o\u00bb (SEPA 2024), la Biblia\u00a0Inspira\u00a0combina arte, reflexi\u00f3n y estudio b\u00edblico en una edici\u00f3n pensada para mujeres que desean vivir su fe con creatividad e inspiraci\u00f3n. Con un [&hellip;]<\/p>\n","protected":false},"featured_media":5691,"comment_status":"open","ping_status":"closed","template":"","meta":{"om_disable_all_campaigns":false,"_monsterinsights_skip_tracking":false,"_monsterinsights_sitenote_active":false,"_monsterinsights_sitenote_note":"","_monsterinsights_sitenote_category":0,"site-sidebar-layout":"default","site-content-layout":"","ast-site-content-layout":"default","site-content-style":"default","site-sidebar-style":"default","ast-global-header-display":"","ast-banner-title-visibility":"","ast-main-header-display":"","ast-hfb-above-header-display":"","ast-hfb-below-header-display":"","ast-hfb-mobile-header-display":"","site-post-title":"","ast-breadcrumbs-content":"","ast-featured-img":"","footer-sml-layout":"","ast-disable-related-posts":"","theme-transparent-header-meta":"default","adv-header-id-meta":"","stick-header-meta":"","header-above-stick-meta":"","header-main-stick-meta":"","header-below-stick-meta":"","astra-migrate-meta-layouts":"set","ast-page-background-enabled":"default","ast-page-background-meta":{"desktop":{"background-color":"var(--ast-global-color-4)","background-image":"","background-repeat":"repeat","background-position":"center center","background-size":"auto","background-attachment":"scroll","background-type":"","background-media":"","overlay-type":"","overlay-color":"","overlay-opacity":"","overlay-gradient":""},"tablet":{"background-color":"","background-image":"","background-repeat":"repeat","background-position":"center center","background-size":"auto","background-attachment":"scroll","background-type":"","background-media":"","overlay-type":"","overlay-color":"","overlay-opacity":"","overlay-gradient":""},"mobile":{"background-color":"","background-image":"","background-repeat":"repeat","background-position":"center center","background-size":"auto","background-attachment":"scroll","background-type":"","background-media":"","overlay-type":"","overlay-color":"","overlay-opacity":"","overlay-gradient":""}},"ast-content-background-meta":{"desktop":{"background-color":"var(--ast-global-color-5)","background-image":"","background-repeat":"repeat","background-position":"center center","background-size":"auto","background-attachment":"scroll","background-type":"","background-media":"","overlay-type":"","overlay-color":"","overlay-opacity":"","overlay-gradient":""},"tablet":{"background-color":"var(--ast-global-color-5)","background-image":"","background-repeat":"repeat","background-position":"center center","background-size":"auto","background-attachment":"scroll","background-type":"","background-media":"","overlay-type":"","overlay-color":"","overlay-opacity":"","overlay-gradient":""},"mobile":{"background-color":"var(--ast-global-color-5)","background-image":"","background-repeat":"repeat","background-position":"center center","background-size":"auto","background-attachment":"scroll","background-type":"","background-media":"","overlay-type":"","overlay-color":"","overlay-opacity":"","overlay-gradient":""}}},"product_brand":[],"product_cat":[304,22,34,31],"product_tag":[48],"class_list":{"0":"post-5690","1":"product","2":"type-product","3":"status-publish","4":"has-post-thumbnail","6":"product_cat-biblia-juvenil","7":"product_cat-biblias","8":"product_cat-biblias-devocionales","9":"product_cat-biblias-ntv","10":"product_tag-ntv","11":"desktop-align-left","12":"tablet-align-left","13":"mobile-align-left","15":"first","16":"outofstock","17":"shipping-taxable","18":"purchasable","19":"product-type-simple"},"yoast_head":"<!-- This site is optimized with the Yoast SEO plugin v27.4 - https:\/\/yoast.com\/product\/yoast-seo-wordpress\/ -->\n<title>Biblia Inspira NTV SentiPiel Para\u00edso floral \u2013 Filament App - tzionlibreria.com<\/title>\n<meta name=\"description\" content=\"la Biblia\u00a0Inspira NTV \u00a0combina arte, reflexi\u00f3n y estudio b\u00edblico en una edici\u00f3n pensada para mujeres que desean vivir su fe con creatividad e inspiraci\u00f3n.\" \/>\n<meta name=\"robots\" content=\"index, follow, max-snippet:-1, max-image-preview:large, max-video-preview:-1\" \/>\n<link rel=\"canonical\" href=\"https:\/\/tzionlibreria.com\/index.php\/product\/biblia-inspira-ntv-sentipiel-paraiso-floral-filament-app\/\" \/>\n<meta property=\"og:locale\" content=\"es_ES\" \/>\n<meta property=\"og:type\" content=\"article\" \/>\n<meta property=\"og:title\" content=\"Biblia Inspira NTV SentiPiel Para\u00edso floral \u2013 Filament App - tzionlibreria.com\" \/>\n<meta property=\"og:description\" content=\"la Biblia\u00a0Inspira NTV \u00a0combina arte, reflexi\u00f3n y estudio b\u00edblico en una edici\u00f3n pensada para mujeres que desean vivir su fe con creatividad e inspiraci\u00f3n.\" \/>\n<meta property=\"og:url\" content=\"https:\/\/tzionlibreria.com\/index.php\/product\/biblia-inspira-ntv-sentipiel-paraiso-floral-filament-app\/\" \/>\n<meta property=\"og:site_name\" content=\"tzionlibreria.com\" \/>\n<meta property=\"article:modified_time\" content=\"2026-02-18T23:34:36+00:00\" \/>\n<meta property=\"og:image\" content=\"http:\/\/tzionlibreria.com\/wp-content\/uploads\/2025\/08\/4.jpg\" \/>\n\t<meta property=\"og:image:width\" content=\"1080\" \/>\n\t<meta property=\"og:image:height\" content=\"1080\" \/>\n\t<meta property=\"og:image:type\" content=\"image\/jpeg\" \/>\n<meta name=\"twitter:card\" content=\"summary_large_image\" \/>\n<meta name=\"twitter:label1\" content=\"Tiempo de lectura\" \/>\n\t<meta name=\"twitter:data1\" content=\"2 minutos\" \/>\n<script type=\"application\/ld+json\" class=\"yoast-schema-graph\">{\"@context\":\"https:\\\/\\\/schema.org\",\"@graph\":[{\"@type\":\"WebPage\",\"@id\":\"https:\\\/\\\/tzionlibreria.com\\\/index.php\\\/product\\\/biblia-inspira-ntv-sentipiel-paraiso-floral-filament-app\\\/\",\"url\":\"https:\\\/\\\/tzionlibreria.com\\\/index.php\\\/product\\\/biblia-inspira-ntv-sentipiel-paraiso-floral-filament-app\\\/\",\"name\":\"Biblia Inspira NTV SentiPiel Para\u00edso floral \u2013 Filament App - tzionlibreria.com\",\"isPartOf\":{\"@id\":\"https:\\\/\\\/tzionlibreria.com\\\/#website\"},\"primaryImageOfPage\":{\"@id\":\"https:\\\/\\\/tzionlibreria.com\\\/index.php\\\/product\\\/biblia-inspira-ntv-sentipiel-paraiso-floral-filament-app\\\/#primaryimage\"},\"image\":{\"@id\":\"https:\\\/\\\/tzionlibreria.com\\\/index.php\\\/product\\\/biblia-inspira-ntv-sentipiel-paraiso-floral-filament-app\\\/#primaryimage\"},\"thumbnailUrl\":\"https:\\\/\\\/tzionlibreria.com\\\/wp-content\\\/uploads\\\/2025\\\/08\\\/4.jpg\",\"datePublished\":\"2025-08-19T13:56:35+00:00\",\"dateModified\":\"2026-02-18T23:34:36+00:00\",\"description\":\"la Biblia\u00a0Inspira NTV \u00a0combina arte, reflexi\u00f3n y estudio b\u00edblico en una edici\u00f3n pensada para mujeres que desean vivir su fe con creatividad e inspiraci\u00f3n.\",\"breadcrumb\":{\"@id\":\"https:\\\/\\\/tzionlibreria.com\\\/index.php\\\/product\\\/biblia-inspira-ntv-sentipiel-paraiso-floral-filament-app\\\/#breadcrumb\"},\"inLanguage\":\"es-CO\",\"potentialAction\":[{\"@type\":\"ReadAction\",\"target\":[\"https:\\\/\\\/tzionlibreria.com\\\/index.php\\\/product\\\/biblia-inspira-ntv-sentipiel-paraiso-floral-filament-app\\\/\"]}]},{\"@type\":\"ImageObject\",\"inLanguage\":\"es-CO\",\"@id\":\"https:\\\/\\\/tzionlibreria.com\\\/index.php\\\/product\\\/biblia-inspira-ntv-sentipiel-paraiso-floral-filament-app\\\/#primaryimage\",\"url\":\"https:\\\/\\\/tzionlibreria.com\\\/wp-content\\\/uploads\\\/2025\\\/08\\\/4.jpg\",\"contentUrl\":\"https:\\\/\\\/tzionlibreria.com\\\/wp-content\\\/uploads\\\/2025\\\/08\\\/4.jpg\",\"width\":1080,\"height\":1080},{\"@type\":\"BreadcrumbList\",\"@id\":\"https:\\\/\\\/tzionlibreria.com\\\/index.php\\\/product\\\/biblia-inspira-ntv-sentipiel-paraiso-floral-filament-app\\\/#breadcrumb\",\"itemListElement\":[{\"@type\":\"ListItem\",\"position\":1,\"name\":\"Inicio\",\"item\":\"https:\\\/\\\/tzionlibreria.com\\\/\"},{\"@type\":\"ListItem\",\"position\":2,\"name\":\"Shop\",\"item\":\"https:\\\/\\\/tzionlibreria.com\\\/index.php\\\/shop\\\/\"},{\"@type\":\"ListItem\",\"position\":3,\"name\":\"Biblia Inspira NTV SentiPiel Para\u00edso floral \u2013 Filament App\"}]},{\"@type\":\"WebSite\",\"@id\":\"https:\\\/\\\/tzionlibreria.com\\\/#website\",\"url\":\"https:\\\/\\\/tzionlibreria.com\\\/\",\"name\":\"tzionlibreria.com\",\"description\":\"Libreria Cristiana Venezuela\",\"publisher\":{\"@id\":\"https:\\\/\\\/tzionlibreria.com\\\/#organization\"},\"potentialAction\":[{\"@type\":\"SearchAction\",\"target\":{\"@type\":\"EntryPoint\",\"urlTemplate\":\"https:\\\/\\\/tzionlibreria.com\\\/?s={search_term_string}\"},\"query-input\":{\"@type\":\"PropertyValueSpecification\",\"valueRequired\":true,\"valueName\":\"search_term_string\"}}],\"inLanguage\":\"es-CO\"},{\"@type\":\"Organization\",\"@id\":\"https:\\\/\\\/tzionlibreria.com\\\/#organization\",\"name\":\"tzionlibreria.com\",\"url\":\"https:\\\/\\\/tzionlibreria.com\\\/\",\"logo\":{\"@type\":\"ImageObject\",\"inLanguage\":\"es-CO\",\"@id\":\"https:\\\/\\\/tzionlibreria.com\\\/#\\\/schema\\\/logo\\\/image\\\/\",\"url\":\"https:\\\/\\\/tzionlibreria.com\\\/wp-content\\\/uploads\\\/2023\\\/10\\\/cropped-Cuadricula-scaled-1.jpg\",\"contentUrl\":\"https:\\\/\\\/tzionlibreria.com\\\/wp-content\\\/uploads\\\/2023\\\/10\\\/cropped-Cuadricula-scaled-1.jpg\",\"width\":2560,\"height\":2560,\"caption\":\"tzionlibreria.com\"},\"image\":{\"@id\":\"https:\\\/\\\/tzionlibreria.com\\\/#\\\/schema\\\/logo\\\/image\\\/\"}}]}<\/script>\n<!-- \/ Yoast SEO plugin. -->","yoast_head_json":{"title":"Biblia Inspira NTV SentiPiel Para\u00edso floral \u2013 Filament App - tzionlibreria.com","description":"la Biblia\u00a0Inspira NTV \u00a0combina arte, reflexi\u00f3n y estudio b\u00edblico en una edici\u00f3n pensada para mujeres que desean vivir su fe con creatividad e inspiraci\u00f3n.","robots":{"index":"index","follow":"follow","max-snippet":"max-snippet:-1","max-image-preview":"max-image-preview:large","max-video-preview":"max-video-preview:-1"},"canonical":"https:\/\/tzionlibreria.com\/index.php\/product\/biblia-inspira-ntv-sentipiel-paraiso-floral-filament-app\/","og_locale":"es_ES","og_type":"article","og_title":"Biblia Inspira NTV SentiPiel Para\u00edso floral \u2013 Filament App - tzionlibreria.com","og_description":"la Biblia\u00a0Inspira NTV \u00a0combina arte, reflexi\u00f3n y estudio b\u00edblico en una edici\u00f3n pensada para mujeres que desean vivir su fe con creatividad e inspiraci\u00f3n.","og_url":"https:\/\/tzionlibreria.com\/index.php\/product\/biblia-inspira-ntv-sentipiel-paraiso-floral-filament-app\/","og_site_name":"tzionlibreria.com","article_modified_time":"2026-02-18T23:34:36+00:00","og_image":[{"width":1080,"height":1080,"url":"http:\/\/tzionlibreria.com\/wp-content\/uploads\/2025\/08\/4.jpg","type":"image\/jpeg"}],"twitter_card":"summary_large_image","twitter_misc":{"Tiempo de lectura":"2 minutos"},"schema":{"@context":"https:\/\/schema.org","@graph":[{"@type":"WebPage","@id":"https:\/\/tzionlibreria.com\/index.php\/product\/biblia-inspira-ntv-sentipiel-paraiso-floral-filament-app\/","url":"https:\/\/tzionlibreria.com\/index.php\/product\/biblia-inspira-ntv-sentipiel-paraiso-floral-filament-app\/","name":"Biblia Inspira NTV SentiPiel Para\u00edso floral \u2013 Filament App - tzionlibreria.com","isPartOf":{"@id":"https:\/\/tzionlibreria.com\/#website"},"primaryImageOfPage":{"@id":"https:\/\/tzionlibreria.com\/index.php\/product\/biblia-inspira-ntv-sentipiel-paraiso-floral-filament-app\/#primaryimage"},"image":{"@id":"https:\/\/tzionlibreria.com\/index.php\/product\/biblia-inspira-ntv-sentipiel-paraiso-floral-filament-app\/#primaryimage"},"thumbnailUrl":"https:\/\/tzionlibreria.com\/wp-content\/uploads\/2025\/08\/4.jpg","datePublished":"2025-08-19T13:56:35+00:00","dateModified":"2026-02-18T23:34:36+00:00","description":"la Biblia\u00a0Inspira NTV \u00a0combina arte, reflexi\u00f3n y estudio b\u00edblico en una edici\u00f3n pensada para mujeres que desean vivir su fe con creatividad e inspiraci\u00f3n.","breadcrumb":{"@id":"https:\/\/tzionlibreria.com\/index.php\/product\/biblia-inspira-ntv-sentipiel-paraiso-floral-filament-app\/#breadcrumb"},"inLanguage":"es-CO","potentialAction":[{"@type":"ReadAction","target":["https:\/\/tzionlibreria.com\/index.php\/product\/biblia-inspira-ntv-sentipiel-paraiso-floral-filament-app\/"]}]},{"@type":"ImageObject","inLanguage":"es-CO","@id":"https:\/\/tzionlibreria.com\/index.php\/product\/biblia-inspira-ntv-sentipiel-paraiso-floral-filament-app\/#primaryimage","url":"https:\/\/tzionlibreria.com\/wp-content\/uploads\/2025\/08\/4.jpg","contentUrl":"https:\/\/tzionlibreria.com\/wp-content\/uploads\/2025\/08\/4.jpg","width":1080,"height":1080},{"@type":"BreadcrumbList","@id":"https:\/\/tzionlibreria.com\/index.php\/product\/biblia-inspira-ntv-sentipiel-paraiso-floral-filament-app\/#breadcrumb","itemListElement":[{"@type":"ListItem","position":1,"name":"Inicio","item":"https:\/\/tzionlibreria.com\/"},{"@type":"ListItem","position":2,"name":"Shop","item":"https:\/\/tzionlibreria.com\/index.php\/shop\/"},{"@type":"ListItem","position":3,"name":"Biblia Inspira NTV SentiPiel Para\u00edso floral \u2013 Filament App"}]},{"@type":"WebSite","@id":"https:\/\/tzionlibreria.com\/#website","url":"https:\/\/tzionlibreria.com\/","name":"tzionlibreria.com","description":"Libreria Cristiana Venezuela","publisher":{"@id":"https:\/\/tzionlibreria.com\/#organization"},"potentialAction":[{"@type":"SearchAction","target":{"@type":"EntryPoint","urlTemplate":"https:\/\/tzionlibreria.com\/?s={search_term_string}"},"query-input":{"@type":"PropertyValueSpecification","valueRequired":true,"valueName":"search_term_string"}}],"inLanguage":"es-CO"},{"@type":"Organization","@id":"https:\/\/tzionlibreria.com\/#organization","name":"tzionlibreria.com","url":"https:\/\/tzionlibreria.com\/","logo":{"@type":"ImageObject","inLanguage":"es-CO","@id":"https:\/\/tzionlibreria.com\/#\/schema\/logo\/image\/","url":"https:\/\/tzionlibreria.com\/wp-content\/uploads\/2023\/10\/cropped-Cuadricula-scaled-1.jpg","contentUrl":"https:\/\/tzionlibreria.com\/wp-content\/uploads\/2023\/10\/cropped-Cuadricula-scaled-1.jpg","width":2560,"height":2560,"caption":"tzionlibreria.com"},"image":{"@id":"https:\/\/tzionlibreria.com\/#\/schema\/logo\/image\/"}}]}},"jetpack_sharing_enabled":true,"_links":{"self":[{"href":"https:\/\/tzionlibreria.com\/index.php\/wp-json\/wp\/v2\/product\/5690","targetHints":{"allow":["GET"]}}],"collection":[{"href":"https:\/\/tzionlibreria.com\/index.php\/wp-json\/wp\/v2\/product"}],"about":[{"href":"https:\/\/tzionlibreria.com\/index.php\/wp-json\/wp\/v2\/types\/product"}],"replies":[{"embeddable":true,"href":"https:\/\/tzionlibreria.com\/index.php\/wp-json\/wp\/v2\/comments?post=5690"}],"wp:featuredmedia":[{"embeddable":true,"href":"https:\/\/tzionlibreria.com\/index.php\/wp-json\/wp\/v2\/media\/5691"}],"wp:attachment":[{"href":"https:\/\/tzionlibreria.com\/index.php\/wp-json\/wp\/v2\/media?parent=5690"}],"wp:term":[{"taxonomy":"product_brand","embeddable":true,"href":"https:\/\/tzionlibreria.com\/index.php\/wp-json\/wp\/v2\/product_brand?post=5690"},{"taxonomy":"product_cat","embeddable":true,"href":"https:\/\/tzionlibreria.com\/index.php\/wp-json\/wp\/v2\/product_cat?post=5690"},{"taxonomy":"product_tag","embeddable":true,"href":"https:\/\/tzionlibreria.com\/index.php\/wp-json\/wp\/v2\/product_tag?post=5690"}],"curies":[{"name":"wp","href":"https:\/\/api.w.org\/{rel}","templated":true}]}}