{"id":5702,"date":"2025-08-19T14:20:06","date_gmt":"2025-08-19T14:20:06","guid":{"rendered":"https:\/\/tzionlibreria.com\/?post_type=product&#038;p=5702"},"modified":"2025-08-19T14:21:05","modified_gmt":"2025-08-19T14:21:05","slug":"biblia-inspira-ntv-letra-grande-10-azul-con-flores-filament-app","status":"publish","type":"product","link":"https:\/\/tzionlibreria.com\/index.php\/product\/biblia-inspira-ntv-letra-grande-10-azul-con-flores-filament-app\/","title":{"rendered":"Biblia Inspira NTV Letra Grande 10 Azul con Flores Filament App"},"content":{"rendered":"<div class=\"ast-oembed-container \" style=\"height: 100%;\"><iframe title=\"Nuevas Biblia Inspira NTV Letra Grande Filament\" width=\"500\" height=\"281\" src=\"https:\/\/www.youtube.com\/embed\/Kp8pPDBdfiI?feature=oembed\" frameborder=\"0\" allow=\"accelerometer; autoplay; clipboard-write; encrypted-media; gyroscope; picture-in-picture; web-share\" referrerpolicy=\"strict-origin-when-cross-origin\" allowfullscreen><\/iframe><\/div>\n<p data-start=\"153\" data-end=\"210\">\ud83c\udfc6 <strong data-start=\"156\" data-end=\"208\">Ganadora del premio \u201cBiblia del A\u00f1o\u201d (SEPA 2024)<\/strong><\/p>\n<p data-start=\"212\" data-end=\"536\">La <strong data-start=\"215\" data-end=\"237\">Biblia Inspira NTV<\/strong> es mucho m\u00e1s que una Biblia: es un espacio para que tu fe se exprese de manera creativa. Inspirada en la reconocida <em data-start=\"354\" data-end=\"369\">Inspire Bible<\/em> en ingl\u00e9s, esta edici\u00f3n en espa\u00f1ol con <strong data-start=\"409\" data-end=\"425\">letra grande<\/strong> y habilitada para <strong data-start=\"444\" data-end=\"456\">Filament<\/strong> te invita a conectar con Dios a trav\u00e9s de la lectura, la reflexi\u00f3n y el arte.<\/p>\n<p data-start=\"538\" data-end=\"777\">Su dise\u00f1o de <strong data-start=\"551\" data-end=\"592\">una sola columna con amplios m\u00e1rgenes<\/strong> y m\u00e1s de <strong data-start=\"602\" data-end=\"661\">400 ilustraciones creadas por artistas latinoamericanos<\/strong> la convierten en la compa\u00f1era ideal para escribir, dibujar y colorear mientras profundizas en la Palabra de Dios.<\/p>\n<p data-start=\"779\" data-end=\"799\">\ud83c\udf38 <strong data-start=\"782\" data-end=\"797\">Ideal para:<\/strong><\/p>\n<ul data-start=\"800\" data-end=\"947\">\n<li data-start=\"800\" data-end=\"840\">\n<p data-start=\"802\" data-end=\"840\">Uso personal, devocional y creativo.<\/p>\n<\/li>\n<li data-start=\"841\" data-end=\"901\">\n<p data-start=\"843\" data-end=\"901\">Compartir en grupos peque\u00f1os y actividades de comunidad.<\/p>\n<\/li>\n<li data-start=\"902\" data-end=\"947\">\n<p data-start=\"904\" data-end=\"947\">Regalo especial que inspira y transforma.<\/p>\n<\/li>\n<\/ul>\n<p data-start=\"949\" data-end=\"985\">\u2728 <strong data-start=\"951\" data-end=\"983\">Caracter\u00edsticas principales:<\/strong><\/p>\n<ul data-start=\"986\" data-end=\"1342\">\n<li data-start=\"986\" data-end=\"1051\">\n<p data-start=\"988\" data-end=\"1051\">Texto claro y fiel de la <strong data-start=\"1013\" data-end=\"1048\">Nueva Traducci\u00f3n Viviente (NTV)<\/strong>.<\/p>\n<\/li>\n<li data-start=\"1052\" data-end=\"1105\">\n<p data-start=\"1054\" data-end=\"1105\">Letra grande de <strong data-start=\"1070\" data-end=\"1082\">10.5 pts<\/strong> para lectura c\u00f3moda.<\/p>\n<\/li>\n<li data-start=\"1106\" data-end=\"1162\">\n<p data-start=\"1108\" data-end=\"1162\">M\u00e1s de <strong data-start=\"1115\" data-end=\"1145\">400 ilustraciones b\u00edblicas<\/strong> para colorear.<\/p>\n<\/li>\n<li data-start=\"1163\" data-end=\"1201\">\n<p data-start=\"1165\" data-end=\"1201\">Arte de p\u00e1gina completa y parcial.<\/p>\n<\/li>\n<li data-start=\"1202\" data-end=\"1261\">\n<p data-start=\"1204\" data-end=\"1261\">Amplios m\u00e1rgenes para anotaciones, notas y reflexiones.<\/p>\n<\/li>\n<li data-start=\"1262\" data-end=\"1293\">\n<p data-start=\"1264\" data-end=\"1293\">Formato a una sola columna.<\/p>\n<\/li>\n<li data-start=\"1294\" data-end=\"1342\">\n<p data-start=\"1296\" data-end=\"1342\">Compatible con la <strong data-start=\"1314\" data-end=\"1330\">app Filament<\/strong> (gratis).<\/p>\n<\/li>\n<\/ul>\n<p data-start=\"1344\" data-end=\"1397\">\ud83d\udcf2 <strong data-start=\"1347\" data-end=\"1395\">App Filament \u2013 recursos digitales incluidos:<\/strong><\/p>\n<ul data-start=\"1398\" data-end=\"1699\">\n<li data-start=\"1398\" data-end=\"1447\">\n<p data-start=\"1400\" data-end=\"1447\">25,000 notas de estudio de eruditos b\u00edblicos.<\/p>\n<\/li>\n<li data-start=\"1448\" data-end=\"1468\">\n<p data-start=\"1450\" data-end=\"1468\">Biblia en audio.<\/p>\n<\/li>\n<li data-start=\"1469\" data-end=\"1504\">\n<p data-start=\"1471\" data-end=\"1504\">M\u00e1s de 100 videos explicativos.<\/p>\n<\/li>\n<li data-start=\"1505\" data-end=\"1533\">\n<p data-start=\"1507\" data-end=\"1533\">30+ mapas e infograf\u00edas.<\/p>\n<\/li>\n<li data-start=\"1534\" data-end=\"1581\">\n<p data-start=\"1536\" data-end=\"1581\">Perfiles biogr\u00e1ficos y art\u00edculos tem\u00e1ticos.<\/p>\n<\/li>\n<li data-start=\"1582\" data-end=\"1629\">\n<p data-start=\"1584\" data-end=\"1629\">2,000 devocionales para inspiraci\u00f3n diaria.<\/p>\n<\/li>\n<li data-start=\"1630\" data-end=\"1660\">\n<p data-start=\"1632\" data-end=\"1660\">Planes de lectura b\u00edblica.<\/p>\n<\/li>\n<li data-start=\"1661\" data-end=\"1699\">\n<p data-start=\"1663\" data-end=\"1699\">Biblioteca de m\u00fasica de adoraci\u00f3n.<\/p>\n<\/li>\n<\/ul>\n<p data-start=\"1701\" data-end=\"1919\">\ud83c\udf1f Con la <strong data-start=\"1711\" data-end=\"1759\">Biblia Inspira NTV Letra Grande con Filament<\/strong>, cada lectura se convierte en una experiencia creativa y profunda. Es la Biblia que <strong data-start=\"1844\" data-end=\"1916\">inspira tu fe, activa tu creatividad y transforma tu tiempo con Dios<\/strong>.<\/p>\n<p data-start=\"1281\" data-end=\"1320\">\ud83d\udcd0 <strong data-start=\"1284\" data-end=\"1318\">Especificaciones del producto:<\/strong><\/p>\n<ul data-start=\"1321\" data-end=\"1586\">\n<li data-start=\"1321\" data-end=\"1344\">\n<p data-start=\"1323\" data-end=\"1344\">ISBN: 9781496488985<\/p>\n<\/li>\n<li data-start=\"1345\" data-end=\"1377\">\n<p data-start=\"1347\" data-end=\"1377\">C\u00f3digo de producto: 04403985<\/p>\n<\/li>\n<li data-start=\"1378\" data-end=\"1412\">\n<p data-start=\"1380\" data-end=\"1412\">Dimensiones: 216 x 266 x 44 mm<\/p>\n<\/li>\n<li data-start=\"1413\" data-end=\"1431\">\n<p data-start=\"1415\" data-end=\"1431\">Peso: 2.000 kg<\/p>\n<\/li>\n<li data-start=\"1432\" data-end=\"1462\">\n<p data-start=\"1434\" data-end=\"1462\">Encuadernaci\u00f3n: S\u00edmil piel<\/p>\n<\/li>\n<li data-start=\"1463\" data-end=\"1482\">\n<p data-start=\"1465\" data-end=\"1482\">Idioma: Espa\u00f1ol<\/p>\n<\/li>\n<li data-start=\"1483\" data-end=\"1519\">\n<p data-start=\"1485\" data-end=\"1519\">Fecha de publicaci\u00f3n: 30\/06\/2025<\/p>\n<\/li>\n<li data-start=\"1520\" data-end=\"1558\">\n<p data-start=\"1522\" data-end=\"1558\">Especialidad: Estudio con Filament<\/p>\n<\/li>\n<li data-start=\"1559\" data-end=\"1586\">\n<p data-start=\"1561\" data-end=\"1586\">Dise\u00f1o: Azul con flores<\/p>\n<\/li>\n<\/ul>\n<p data-start=\"1588\" data-end=\"1704\">\u2705 Una Biblia pensada para quienes desean <strong data-start=\"1629\" data-end=\"1701\">unir estudio profundo, creatividad y belleza en su tiempo devocional<\/strong>.<\/p>\n","protected":false},"excerpt":{"rendered":"<p>\ud83c\udfc6 Ganadora del premio \u201cBiblia del A\u00f1o\u201d (SEPA 2024) La Biblia Inspira NTV es mucho m\u00e1s que una Biblia: es un espacio para que tu fe se exprese de manera creativa. Inspirada en la reconocida Inspire Bible en ingl\u00e9s, esta edici\u00f3n en espa\u00f1ol con letra grande y habilitada para Filament te invita a conectar con [&hellip;]<\/p>\n","protected":false},"featured_media":5703,"comment_status":"open","ping_status":"closed","template":"","meta":{"om_disable_all_campaigns":false,"_monsterinsights_skip_tracking":false,"_monsterinsights_sitenote_active":false,"_monsterinsights_sitenote_note":"","_monsterinsights_sitenote_category":0,"site-sidebar-layout":"default","site-content-layout":"","ast-site-content-layout":"default","site-content-style":"default","site-sidebar-style":"default","ast-global-header-display":"","ast-banner-title-visibility":"","ast-main-header-display":"","ast-hfb-above-header-display":"","ast-hfb-below-header-display":"","ast-hfb-mobile-header-display":"","site-post-title":"","ast-breadcrumbs-content":"","ast-featured-img":"","footer-sml-layout":"","ast-disable-related-posts":"","theme-transparent-header-meta":"default","adv-header-id-meta":"","stick-header-meta":"","header-above-stick-meta":"","header-main-stick-meta":"","header-below-stick-meta":"","astra-migrate-meta-layouts":"set","ast-page-background-enabled":"default","ast-page-background-meta":{"desktop":{"background-color":"var(--ast-global-color-4)","background-image":"","background-repeat":"repeat","background-position":"center center","background-size":"auto","background-attachment":"scroll","background-type":"","background-media":"","overlay-type":"","overlay-color":"","overlay-opacity":"","overlay-gradient":""},"tablet":{"background-color":"","background-image":"","background-repeat":"repeat","background-position":"center center","background-size":"auto","background-attachment":"scroll","background-type":"","background-media":"","overlay-type":"","overlay-color":"","overlay-opacity":"","overlay-gradient":""},"mobile":{"background-color":"","background-image":"","background-repeat":"repeat","background-position":"center center","background-size":"auto","background-attachment":"scroll","background-type":"","background-media":"","overlay-type":"","overlay-color":"","overlay-opacity":"","overlay-gradient":""}},"ast-content-background-meta":{"desktop":{"background-color":"var(--ast-global-color-5)","background-image":"","background-repeat":"repeat","background-position":"center center","background-size":"auto","background-attachment":"scroll","background-type":"","background-media":"","overlay-type":"","overlay-color":"","overlay-opacity":"","overlay-gradient":""},"tablet":{"background-color":"var(--ast-global-color-5)","background-image":"","background-repeat":"repeat","background-position":"center center","background-size":"auto","background-attachment":"scroll","background-type":"","background-media":"","overlay-type":"","overlay-color":"","overlay-opacity":"","overlay-gradient":""},"mobile":{"background-color":"var(--ast-global-color-5)","background-image":"","background-repeat":"repeat","background-position":"center center","background-size":"auto","background-attachment":"scroll","background-type":"","background-media":"","overlay-type":"","overlay-color":"","overlay-opacity":"","overlay-gradient":""}}},"product_brand":[],"product_cat":[304,22,34,31,180],"product_tag":[48],"class_list":{"0":"post-5702","1":"product","2":"type-product","3":"status-publish","4":"has-post-thumbnail","6":"product_cat-biblia-juvenil","7":"product_cat-biblias","8":"product_cat-biblias-devocionales","9":"product_cat-biblias-ntv","10":"product_cat-letra-grande-ntv","11":"product_tag-ntv","12":"desktop-align-left","13":"tablet-align-left","14":"mobile-align-left","16":"first","17":"instock","18":"shipping-taxable","19":"purchasable","20":"product-type-simple"},"yoast_head":"<!-- This site is optimized with the Yoast SEO plugin v27.4 - https:\/\/yoast.com\/product\/yoast-seo-wordpress\/ -->\n<title>Biblia Inspira NTV Letra Grande 10 Azul con Flores Filament App - tzionlibreria.com<\/title>\n<meta name=\"description\" content=\"Biblia Inspira NTV Letra Grande con Filament, cada lectura se convierte en una experiencia creativa y profunda. Es la Biblia que inspira tu fe y creatividad\" \/>\n<meta name=\"robots\" content=\"index, follow, max-snippet:-1, max-image-preview:large, max-video-preview:-1\" \/>\n<link rel=\"canonical\" href=\"https:\/\/tzionlibreria.com\/index.php\/product\/biblia-inspira-ntv-letra-grande-10-azul-con-flores-filament-app\/\" \/>\n<meta property=\"og:locale\" content=\"es_ES\" \/>\n<meta property=\"og:type\" content=\"article\" \/>\n<meta property=\"og:title\" content=\"Biblia Inspira NTV Letra Grande 10 Azul con Flores Filament App - tzionlibreria.com\" \/>\n<meta property=\"og:description\" content=\"Biblia Inspira NTV Letra Grande con Filament, cada lectura se convierte en una experiencia creativa y profunda. Es la Biblia que inspira tu fe y creatividad\" \/>\n<meta property=\"og:url\" content=\"https:\/\/tzionlibreria.com\/index.php\/product\/biblia-inspira-ntv-letra-grande-10-azul-con-flores-filament-app\/\" \/>\n<meta property=\"og:site_name\" content=\"tzionlibreria.com\" \/>\n<meta property=\"article:modified_time\" content=\"2025-08-19T14:21:05+00:00\" \/>\n<meta property=\"og:image\" content=\"http:\/\/tzionlibreria.com\/wp-content\/uploads\/2025\/08\/5.jpg\" \/>\n\t<meta property=\"og:image:width\" content=\"1080\" \/>\n\t<meta property=\"og:image:height\" content=\"1080\" \/>\n\t<meta property=\"og:image:type\" content=\"image\/jpeg\" \/>\n<meta name=\"twitter:card\" content=\"summary_large_image\" \/>\n<meta name=\"twitter:label1\" content=\"Tiempo de lectura\" \/>\n\t<meta name=\"twitter:data1\" content=\"2 minutos\" \/>\n<script type=\"application\/ld+json\" class=\"yoast-schema-graph\">{\"@context\":\"https:\\\/\\\/schema.org\",\"@graph\":[{\"@type\":\"WebPage\",\"@id\":\"https:\\\/\\\/tzionlibreria.com\\\/index.php\\\/product\\\/biblia-inspira-ntv-letra-grande-10-azul-con-flores-filament-app\\\/\",\"url\":\"https:\\\/\\\/tzionlibreria.com\\\/index.php\\\/product\\\/biblia-inspira-ntv-letra-grande-10-azul-con-flores-filament-app\\\/\",\"name\":\"Biblia Inspira NTV Letra Grande 10 Azul con Flores Filament App - tzionlibreria.com\",\"isPartOf\":{\"@id\":\"https:\\\/\\\/tzionlibreria.com\\\/#website\"},\"primaryImageOfPage\":{\"@id\":\"https:\\\/\\\/tzionlibreria.com\\\/index.php\\\/product\\\/biblia-inspira-ntv-letra-grande-10-azul-con-flores-filament-app\\\/#primaryimage\"},\"image\":{\"@id\":\"https:\\\/\\\/tzionlibreria.com\\\/index.php\\\/product\\\/biblia-inspira-ntv-letra-grande-10-azul-con-flores-filament-app\\\/#primaryimage\"},\"thumbnailUrl\":\"https:\\\/\\\/tzionlibreria.com\\\/wp-content\\\/uploads\\\/2025\\\/08\\\/5.jpg\",\"datePublished\":\"2025-08-19T14:20:06+00:00\",\"dateModified\":\"2025-08-19T14:21:05+00:00\",\"description\":\"Biblia Inspira NTV Letra Grande con Filament, cada lectura se convierte en una experiencia creativa y profunda. Es la Biblia que inspira tu fe y creatividad\",\"breadcrumb\":{\"@id\":\"https:\\\/\\\/tzionlibreria.com\\\/index.php\\\/product\\\/biblia-inspira-ntv-letra-grande-10-azul-con-flores-filament-app\\\/#breadcrumb\"},\"inLanguage\":\"es-CO\",\"potentialAction\":[{\"@type\":\"ReadAction\",\"target\":[\"https:\\\/\\\/tzionlibreria.com\\\/index.php\\\/product\\\/biblia-inspira-ntv-letra-grande-10-azul-con-flores-filament-app\\\/\"]}]},{\"@type\":\"ImageObject\",\"inLanguage\":\"es-CO\",\"@id\":\"https:\\\/\\\/tzionlibreria.com\\\/index.php\\\/product\\\/biblia-inspira-ntv-letra-grande-10-azul-con-flores-filament-app\\\/#primaryimage\",\"url\":\"https:\\\/\\\/tzionlibreria.com\\\/wp-content\\\/uploads\\\/2025\\\/08\\\/5.jpg\",\"contentUrl\":\"https:\\\/\\\/tzionlibreria.com\\\/wp-content\\\/uploads\\\/2025\\\/08\\\/5.jpg\",\"width\":1080,\"height\":1080},{\"@type\":\"BreadcrumbList\",\"@id\":\"https:\\\/\\\/tzionlibreria.com\\\/index.php\\\/product\\\/biblia-inspira-ntv-letra-grande-10-azul-con-flores-filament-app\\\/#breadcrumb\",\"itemListElement\":[{\"@type\":\"ListItem\",\"position\":1,\"name\":\"Inicio\",\"item\":\"https:\\\/\\\/tzionlibreria.com\\\/\"},{\"@type\":\"ListItem\",\"position\":2,\"name\":\"Shop\",\"item\":\"https:\\\/\\\/tzionlibreria.com\\\/index.php\\\/shop\\\/\"},{\"@type\":\"ListItem\",\"position\":3,\"name\":\"Biblia Inspira NTV Letra Grande 10 Azul con Flores Filament App\"}]},{\"@type\":\"WebSite\",\"@id\":\"https:\\\/\\\/tzionlibreria.com\\\/#website\",\"url\":\"https:\\\/\\\/tzionlibreria.com\\\/\",\"name\":\"tzionlibreria.com\",\"description\":\"Libreria Cristiana Venezuela\",\"publisher\":{\"@id\":\"https:\\\/\\\/tzionlibreria.com\\\/#organization\"},\"potentialAction\":[{\"@type\":\"SearchAction\",\"target\":{\"@type\":\"EntryPoint\",\"urlTemplate\":\"https:\\\/\\\/tzionlibreria.com\\\/?s={search_term_string}\"},\"query-input\":{\"@type\":\"PropertyValueSpecification\",\"valueRequired\":true,\"valueName\":\"search_term_string\"}}],\"inLanguage\":\"es-CO\"},{\"@type\":\"Organization\",\"@id\":\"https:\\\/\\\/tzionlibreria.com\\\/#organization\",\"name\":\"tzionlibreria.com\",\"url\":\"https:\\\/\\\/tzionlibreria.com\\\/\",\"logo\":{\"@type\":\"ImageObject\",\"inLanguage\":\"es-CO\",\"@id\":\"https:\\\/\\\/tzionlibreria.com\\\/#\\\/schema\\\/logo\\\/image\\\/\",\"url\":\"https:\\\/\\\/tzionlibreria.com\\\/wp-content\\\/uploads\\\/2023\\\/10\\\/cropped-Cuadricula-scaled-1.jpg\",\"contentUrl\":\"https:\\\/\\\/tzionlibreria.com\\\/wp-content\\\/uploads\\\/2023\\\/10\\\/cropped-Cuadricula-scaled-1.jpg\",\"width\":2560,\"height\":2560,\"caption\":\"tzionlibreria.com\"},\"image\":{\"@id\":\"https:\\\/\\\/tzionlibreria.com\\\/#\\\/schema\\\/logo\\\/image\\\/\"}}]}<\/script>\n<!-- \/ Yoast SEO plugin. -->","yoast_head_json":{"title":"Biblia Inspira NTV Letra Grande 10 Azul con Flores Filament App - tzionlibreria.com","description":"Biblia Inspira NTV Letra Grande con Filament, cada lectura se convierte en una experiencia creativa y profunda. Es la Biblia que inspira tu fe y creatividad","robots":{"index":"index","follow":"follow","max-snippet":"max-snippet:-1","max-image-preview":"max-image-preview:large","max-video-preview":"max-video-preview:-1"},"canonical":"https:\/\/tzionlibreria.com\/index.php\/product\/biblia-inspira-ntv-letra-grande-10-azul-con-flores-filament-app\/","og_locale":"es_ES","og_type":"article","og_title":"Biblia Inspira NTV Letra Grande 10 Azul con Flores Filament App - tzionlibreria.com","og_description":"Biblia Inspira NTV Letra Grande con Filament, cada lectura se convierte en una experiencia creativa y profunda. Es la Biblia que inspira tu fe y creatividad","og_url":"https:\/\/tzionlibreria.com\/index.php\/product\/biblia-inspira-ntv-letra-grande-10-azul-con-flores-filament-app\/","og_site_name":"tzionlibreria.com","article_modified_time":"2025-08-19T14:21:05+00:00","og_image":[{"width":1080,"height":1080,"url":"http:\/\/tzionlibreria.com\/wp-content\/uploads\/2025\/08\/5.jpg","type":"image\/jpeg"}],"twitter_card":"summary_large_image","twitter_misc":{"Tiempo de lectura":"2 minutos"},"schema":{"@context":"https:\/\/schema.org","@graph":[{"@type":"WebPage","@id":"https:\/\/tzionlibreria.com\/index.php\/product\/biblia-inspira-ntv-letra-grande-10-azul-con-flores-filament-app\/","url":"https:\/\/tzionlibreria.com\/index.php\/product\/biblia-inspira-ntv-letra-grande-10-azul-con-flores-filament-app\/","name":"Biblia Inspira NTV Letra Grande 10 Azul con Flores Filament App - tzionlibreria.com","isPartOf":{"@id":"https:\/\/tzionlibreria.com\/#website"},"primaryImageOfPage":{"@id":"https:\/\/tzionlibreria.com\/index.php\/product\/biblia-inspira-ntv-letra-grande-10-azul-con-flores-filament-app\/#primaryimage"},"image":{"@id":"https:\/\/tzionlibreria.com\/index.php\/product\/biblia-inspira-ntv-letra-grande-10-azul-con-flores-filament-app\/#primaryimage"},"thumbnailUrl":"https:\/\/tzionlibreria.com\/wp-content\/uploads\/2025\/08\/5.jpg","datePublished":"2025-08-19T14:20:06+00:00","dateModified":"2025-08-19T14:21:05+00:00","description":"Biblia Inspira NTV Letra Grande con Filament, cada lectura se convierte en una experiencia creativa y profunda. Es la Biblia que inspira tu fe y creatividad","breadcrumb":{"@id":"https:\/\/tzionlibreria.com\/index.php\/product\/biblia-inspira-ntv-letra-grande-10-azul-con-flores-filament-app\/#breadcrumb"},"inLanguage":"es-CO","potentialAction":[{"@type":"ReadAction","target":["https:\/\/tzionlibreria.com\/index.php\/product\/biblia-inspira-ntv-letra-grande-10-azul-con-flores-filament-app\/"]}]},{"@type":"ImageObject","inLanguage":"es-CO","@id":"https:\/\/tzionlibreria.com\/index.php\/product\/biblia-inspira-ntv-letra-grande-10-azul-con-flores-filament-app\/#primaryimage","url":"https:\/\/tzionlibreria.com\/wp-content\/uploads\/2025\/08\/5.jpg","contentUrl":"https:\/\/tzionlibreria.com\/wp-content\/uploads\/2025\/08\/5.jpg","width":1080,"height":1080},{"@type":"BreadcrumbList","@id":"https:\/\/tzionlibreria.com\/index.php\/product\/biblia-inspira-ntv-letra-grande-10-azul-con-flores-filament-app\/#breadcrumb","itemListElement":[{"@type":"ListItem","position":1,"name":"Inicio","item":"https:\/\/tzionlibreria.com\/"},{"@type":"ListItem","position":2,"name":"Shop","item":"https:\/\/tzionlibreria.com\/index.php\/shop\/"},{"@type":"ListItem","position":3,"name":"Biblia Inspira NTV Letra Grande 10 Azul con Flores Filament App"}]},{"@type":"WebSite","@id":"https:\/\/tzionlibreria.com\/#website","url":"https:\/\/tzionlibreria.com\/","name":"tzionlibreria.com","description":"Libreria Cristiana Venezuela","publisher":{"@id":"https:\/\/tzionlibreria.com\/#organization"},"potentialAction":[{"@type":"SearchAction","target":{"@type":"EntryPoint","urlTemplate":"https:\/\/tzionlibreria.com\/?s={search_term_string}"},"query-input":{"@type":"PropertyValueSpecification","valueRequired":true,"valueName":"search_term_string"}}],"inLanguage":"es-CO"},{"@type":"Organization","@id":"https:\/\/tzionlibreria.com\/#organization","name":"tzionlibreria.com","url":"https:\/\/tzionlibreria.com\/","logo":{"@type":"ImageObject","inLanguage":"es-CO","@id":"https:\/\/tzionlibreria.com\/#\/schema\/logo\/image\/","url":"https:\/\/tzionlibreria.com\/wp-content\/uploads\/2023\/10\/cropped-Cuadricula-scaled-1.jpg","contentUrl":"https:\/\/tzionlibreria.com\/wp-content\/uploads\/2023\/10\/cropped-Cuadricula-scaled-1.jpg","width":2560,"height":2560,"caption":"tzionlibreria.com"},"image":{"@id":"https:\/\/tzionlibreria.com\/#\/schema\/logo\/image\/"}}]}},"jetpack_sharing_enabled":true,"_links":{"self":[{"href":"https:\/\/tzionlibreria.com\/index.php\/wp-json\/wp\/v2\/product\/5702","targetHints":{"allow":["GET"]}}],"collection":[{"href":"https:\/\/tzionlibreria.com\/index.php\/wp-json\/wp\/v2\/product"}],"about":[{"href":"https:\/\/tzionlibreria.com\/index.php\/wp-json\/wp\/v2\/types\/product"}],"replies":[{"embeddable":true,"href":"https:\/\/tzionlibreria.com\/index.php\/wp-json\/wp\/v2\/comments?post=5702"}],"wp:featuredmedia":[{"embeddable":true,"href":"https:\/\/tzionlibreria.com\/index.php\/wp-json\/wp\/v2\/media\/5703"}],"wp:attachment":[{"href":"https:\/\/tzionlibreria.com\/index.php\/wp-json\/wp\/v2\/media?parent=5702"}],"wp:term":[{"taxonomy":"product_brand","embeddable":true,"href":"https:\/\/tzionlibreria.com\/index.php\/wp-json\/wp\/v2\/product_brand?post=5702"},{"taxonomy":"product_cat","embeddable":true,"href":"https:\/\/tzionlibreria.com\/index.php\/wp-json\/wp\/v2\/product_cat?post=5702"},{"taxonomy":"product_tag","embeddable":true,"href":"https:\/\/tzionlibreria.com\/index.php\/wp-json\/wp\/v2\/product_tag?post=5702"}],"curies":[{"name":"wp","href":"https:\/\/api.w.org\/{rel}","templated":true}]}}