{"id":5718,"date":"2025-08-19T14:46:01","date_gmt":"2025-08-19T14:46:01","guid":{"rendered":"https:\/\/tzionlibreria.com\/?post_type=product&#038;p=5718"},"modified":"2025-08-19T14:50:11","modified_gmt":"2025-08-19T14:50:11","slug":"biblia-de-referencia-thompson-rvr-1960-tapa-dura","status":"publish","type":"product","link":"https:\/\/tzionlibreria.com\/index.php\/product\/biblia-de-referencia-thompson-rvr-1960-tapa-dura\/","title":{"rendered":"Biblia de Referencia Thompson RVR 1960 \u2013 Tapa Dura"},"content":{"rendered":"<div class=\"ast-oembed-container \" style=\"height: 100%;\"><iframe title=\"Biblia De Referencia Thompson Rvr60 Tama\u00f1o Personal\" width=\"500\" height=\"281\" src=\"https:\/\/www.youtube.com\/embed\/9z0ieS1nzv8?feature=oembed\" frameborder=\"0\" allow=\"accelerometer; autoplay; clipboard-write; encrypted-media; gyroscope; picture-in-picture; web-share\" referrerpolicy=\"strict-origin-when-cross-origin\" allowfullscreen><\/iframe><\/div>\n<p data-start=\"80\" data-end=\"140\">\ud83d\udcd6\u2728 <strong data-start=\"84\" data-end=\"138\">Biblia de Referencia Thompson RVR 1960 \u2013 Tapa Dura<\/strong><\/p>\n<p data-start=\"142\" data-end=\"555\">La <strong data-start=\"145\" data-end=\"178\">Biblia de Referencia Thompson<\/strong> en la cl\u00e1sica versi\u00f3n <strong data-start=\"201\" data-end=\"222\">Reina-Valera 1960<\/strong> es reconocida como una de las Biblias de estudio m\u00e1s completas y pr\u00e1cticas disponibles en espa\u00f1ol. Su innovador sistema de <strong data-start=\"346\" data-end=\"373\">referencias encadenadas<\/strong> convierte a esta Biblia en una verdadera <strong data-start=\"415\" data-end=\"448\">biblioteca de estudio b\u00edblico<\/strong>, ideal para pastores, maestros, estudiantes y todo creyente que desea profundizar en la Palabra de Dios.<\/p>\n<p data-start=\"557\" data-end=\"834\">Con m\u00e1s de <strong data-start=\"568\" data-end=\"602\">7,000 nombres, lugares y temas<\/strong> y m\u00e1s de <strong data-start=\"612\" data-end=\"635\">100,000 referencias<\/strong> analizadas y clasificadas, esta edici\u00f3n permite estudiar la Biblia <strong data-start=\"703\" data-end=\"758\">por temas, por personajes o vers\u00edculo por vers\u00edculo<\/strong>, facilitando la preparaci\u00f3n de predicaciones, clases y estudios b\u00edblicos.<\/p>\n<p data-start=\"836\" data-end=\"872\">\u2728 <strong data-start=\"838\" data-end=\"870\">Caracter\u00edsticas principales:<\/strong><\/p>\n<ul data-start=\"873\" data-end=\"1249\">\n<li data-start=\"873\" data-end=\"944\">\n<p data-start=\"875\" data-end=\"944\">M\u00e1s de <strong data-start=\"882\" data-end=\"914\">100,000 referencias b\u00edblicas<\/strong> clasificadas y encadenadas.<\/p>\n<\/li>\n<li data-start=\"945\" data-end=\"985\">\n<p data-start=\"947\" data-end=\"985\">An\u00e1lisis de cada libro de la Biblia.<\/p>\n<\/li>\n<li data-start=\"986\" data-end=\"1031\">\n<p data-start=\"988\" data-end=\"1031\">Estudios bosquejados y armon\u00edas b\u00edblicas.<\/p>\n<\/li>\n<li data-start=\"1032\" data-end=\"1082\">\n<p data-start=\"1034\" data-end=\"1082\">Estudios ilustrados y suplemento arqueol\u00f3gico.<\/p>\n<\/li>\n<li data-start=\"1083\" data-end=\"1109\">\n<p data-start=\"1085\" data-end=\"1109\">16 mapas a todo color.<\/p>\n<\/li>\n<li data-start=\"1110\" data-end=\"1135\">\n<p data-start=\"1112\" data-end=\"1135\">Concordancia b\u00edblica.<\/p>\n<\/li>\n<li data-start=\"1136\" data-end=\"1166\">\n<p data-start=\"1138\" data-end=\"1166\">Palabras de Jes\u00fas en rojo.<\/p>\n<\/li>\n<li data-start=\"1167\" data-end=\"1188\">\n<p data-start=\"1169\" data-end=\"1188\">Revisi\u00f3n de 1960.<\/p>\n<\/li>\n<li data-start=\"1189\" data-end=\"1249\">\n<p data-start=\"1191\" data-end=\"1249\">Ideal para <strong data-start=\"1202\" data-end=\"1246\">predicar por tema, vers\u00edculo o biograf\u00eda<\/strong>.<\/p>\n<\/li>\n<\/ul>\n<p data-start=\"1251\" data-end=\"1290\">\ud83d\udcd0 <strong data-start=\"1254\" data-end=\"1288\">Especificaciones del producto:<\/strong><\/p>\n<ul data-start=\"1291\" data-end=\"1526\">\n<li data-start=\"1291\" data-end=\"1321\">\n<p data-start=\"1293\" data-end=\"1321\">Versi\u00f3n: Reina-Valera 1960<\/p>\n<\/li>\n<li data-start=\"1322\" data-end=\"1341\">\n<p data-start=\"1324\" data-end=\"1341\">Editorial: Vida<\/p>\n<\/li>\n<li data-start=\"1342\" data-end=\"1365\">\n<p data-start=\"1344\" data-end=\"1365\">ISBN: 9780829750317<\/p>\n<\/li>\n<li data-start=\"1366\" data-end=\"1385\">\n<p data-start=\"1368\" data-end=\"1385\">Idioma: Espa\u00f1ol<\/p>\n<\/li>\n<li data-start=\"1386\" data-end=\"1419\">\n<p data-start=\"1388\" data-end=\"1419\">Encuadernaci\u00f3n: <strong data-start=\"1404\" data-end=\"1417\">Tapa dura<\/strong><\/p>\n<\/li>\n<li data-start=\"1420\" data-end=\"1448\">\n<p data-start=\"1422\" data-end=\"1448\">N\u00famero de p\u00e1ginas: 1,824<\/p>\n<\/li>\n<li data-start=\"1449\" data-end=\"1475\">\n<p data-start=\"1451\" data-end=\"1475\">Tama\u00f1o de letra: 7 pts<\/p>\n<\/li>\n<li data-start=\"1476\" data-end=\"1507\">\n<p data-start=\"1478\" data-end=\"1507\">Dimensiones: 15 x 22 x 4 cm<\/p>\n<\/li>\n<li data-start=\"1508\" data-end=\"1526\">\n<p data-start=\"1510\" data-end=\"1526\">Peso: 0,984 kg<\/p>\n<\/li>\n<\/ul>\n<p data-start=\"1528\" data-end=\"1776\">\u2705 Desde 1982, m\u00e1s de <strong data-start=\"1549\" data-end=\"1592\">70,000 pastores, evangelistas y obreros<\/strong> en todo el mundo han sido preparados con la ayuda de esta Biblia. Su riqueza de recursos la convierte en la herramienta indispensable para un estudio b\u00edblico profundo y sistem\u00e1tico.<\/p>\n<hr data-start=\"1778\" data-end=\"1783\" \/>\n<p data-start=\"1785\" data-end=\"1899\" data-is-last-node=\"\" data-is-only-node=\"\">\n","protected":false},"excerpt":{"rendered":"<p>\ud83d\udcd6\u2728 Biblia de Referencia Thompson RVR 1960 \u2013 Tapa Dura La Biblia de Referencia Thompson en la cl\u00e1sica versi\u00f3n Reina-Valera 1960 es reconocida como una de las Biblias de estudio m\u00e1s completas y pr\u00e1cticas disponibles en espa\u00f1ol. Su innovador sistema de referencias encadenadas convierte a esta Biblia en una verdadera biblioteca de estudio b\u00edblico, ideal [&hellip;]<\/p>\n","protected":false},"featured_media":5719,"comment_status":"open","ping_status":"closed","template":"","meta":{"om_disable_all_campaigns":false,"_monsterinsights_skip_tracking":false,"_monsterinsights_sitenote_active":false,"_monsterinsights_sitenote_note":"","_monsterinsights_sitenote_category":0,"site-sidebar-layout":"default","site-content-layout":"","ast-site-content-layout":"default","site-content-style":"default","site-sidebar-style":"default","ast-global-header-display":"","ast-banner-title-visibility":"","ast-main-header-display":"","ast-hfb-above-header-display":"","ast-hfb-below-header-display":"","ast-hfb-mobile-header-display":"","site-post-title":"","ast-breadcrumbs-content":"","ast-featured-img":"","footer-sml-layout":"","ast-disable-related-posts":"","theme-transparent-header-meta":"default","adv-header-id-meta":"","stick-header-meta":"","header-above-stick-meta":"","header-main-stick-meta":"","header-below-stick-meta":"","astra-migrate-meta-layouts":"set","ast-page-background-enabled":"default","ast-page-background-meta":{"desktop":{"background-color":"var(--ast-global-color-4)","background-image":"","background-repeat":"repeat","background-position":"center center","background-size":"auto","background-attachment":"scroll","background-type":"","background-media":"","overlay-type":"","overlay-color":"","overlay-opacity":"","overlay-gradient":""},"tablet":{"background-color":"","background-image":"","background-repeat":"repeat","background-position":"center center","background-size":"auto","background-attachment":"scroll","background-type":"","background-media":"","overlay-type":"","overlay-color":"","overlay-opacity":"","overlay-gradient":""},"mobile":{"background-color":"","background-image":"","background-repeat":"repeat","background-position":"center center","background-size":"auto","background-attachment":"scroll","background-type":"","background-media":"","overlay-type":"","overlay-color":"","overlay-opacity":"","overlay-gradient":""}},"ast-content-background-meta":{"desktop":{"background-color":"var(--ast-global-color-5)","background-image":"","background-repeat":"repeat","background-position":"center center","background-size":"auto","background-attachment":"scroll","background-type":"","background-media":"","overlay-type":"","overlay-color":"","overlay-opacity":"","overlay-gradient":""},"tablet":{"background-color":"var(--ast-global-color-5)","background-image":"","background-repeat":"repeat","background-position":"center center","background-size":"auto","background-attachment":"scroll","background-type":"","background-media":"","overlay-type":"","overlay-color":"","overlay-opacity":"","overlay-gradient":""},"mobile":{"background-color":"var(--ast-global-color-5)","background-image":"","background-repeat":"repeat","background-position":"center center","background-size":"auto","background-attachment":"scroll","background-type":"","background-media":"","overlay-type":"","overlay-color":"","overlay-opacity":"","overlay-gradient":""}}},"product_brand":[],"product_cat":[22,30],"product_tag":[],"class_list":{"0":"post-5718","1":"product","2":"type-product","3":"status-publish","4":"has-post-thumbnail","6":"product_cat-biblias","7":"product_cat-biblia-de-estudio","8":"desktop-align-left","9":"tablet-align-left","10":"mobile-align-left","12":"first","13":"instock","14":"shipping-taxable","15":"purchasable","16":"product-type-simple"},"yoast_head":"<!-- This site is optimized with the Yoast SEO plugin v27.4 - https:\/\/yoast.com\/product\/yoast-seo-wordpress\/ -->\n<title>Biblia de Referencia Thompson RVR 1960 \u2013 Tapa Dura - tzionlibreria.com<\/title>\n<meta name=\"description\" content=\"Esta Biblia en una verdadera biblioteca de estudio b\u00edblico,ideal para pastores, maestros, estudiantes y creyente para la profundizar en la Palabra de Dios.\" \/>\n<meta name=\"robots\" content=\"index, follow, max-snippet:-1, max-image-preview:large, max-video-preview:-1\" \/>\n<link rel=\"canonical\" href=\"https:\/\/tzionlibreria.com\/index.php\/product\/biblia-de-referencia-thompson-rvr-1960-tapa-dura\/\" \/>\n<meta property=\"og:locale\" content=\"es_ES\" \/>\n<meta property=\"og:type\" content=\"article\" \/>\n<meta property=\"og:title\" content=\"Biblia de Referencia Thompson RVR 1960 \u2013 Tapa Dura - tzionlibreria.com\" \/>\n<meta property=\"og:description\" content=\"Esta Biblia en una verdadera biblioteca de estudio b\u00edblico,ideal para pastores, maestros, estudiantes y creyente para la profundizar en la Palabra de Dios.\" \/>\n<meta property=\"og:url\" content=\"https:\/\/tzionlibreria.com\/index.php\/product\/biblia-de-referencia-thompson-rvr-1960-tapa-dura\/\" \/>\n<meta property=\"og:site_name\" content=\"tzionlibreria.com\" \/>\n<meta property=\"article:modified_time\" content=\"2025-08-19T14:50:11+00:00\" \/>\n<meta property=\"og:image\" content=\"http:\/\/tzionlibreria.com\/wp-content\/uploads\/2025\/08\/6.jpg\" \/>\n\t<meta property=\"og:image:width\" content=\"1080\" \/>\n\t<meta property=\"og:image:height\" content=\"1080\" \/>\n\t<meta property=\"og:image:type\" content=\"image\/jpeg\" \/>\n<meta name=\"twitter:card\" content=\"summary_large_image\" \/>\n<meta name=\"twitter:label1\" content=\"Tiempo de lectura\" \/>\n\t<meta name=\"twitter:data1\" content=\"2 minutos\" \/>\n<script type=\"application\/ld+json\" class=\"yoast-schema-graph\">{\"@context\":\"https:\\\/\\\/schema.org\",\"@graph\":[{\"@type\":\"WebPage\",\"@id\":\"https:\\\/\\\/tzionlibreria.com\\\/index.php\\\/product\\\/biblia-de-referencia-thompson-rvr-1960-tapa-dura\\\/\",\"url\":\"https:\\\/\\\/tzionlibreria.com\\\/index.php\\\/product\\\/biblia-de-referencia-thompson-rvr-1960-tapa-dura\\\/\",\"name\":\"Biblia de Referencia Thompson RVR 1960 \u2013 Tapa Dura - tzionlibreria.com\",\"isPartOf\":{\"@id\":\"https:\\\/\\\/tzionlibreria.com\\\/#website\"},\"primaryImageOfPage\":{\"@id\":\"https:\\\/\\\/tzionlibreria.com\\\/index.php\\\/product\\\/biblia-de-referencia-thompson-rvr-1960-tapa-dura\\\/#primaryimage\"},\"image\":{\"@id\":\"https:\\\/\\\/tzionlibreria.com\\\/index.php\\\/product\\\/biblia-de-referencia-thompson-rvr-1960-tapa-dura\\\/#primaryimage\"},\"thumbnailUrl\":\"https:\\\/\\\/tzionlibreria.com\\\/wp-content\\\/uploads\\\/2025\\\/08\\\/6.jpg\",\"datePublished\":\"2025-08-19T14:46:01+00:00\",\"dateModified\":\"2025-08-19T14:50:11+00:00\",\"description\":\"Esta Biblia en una verdadera biblioteca de estudio b\u00edblico,ideal para pastores, maestros, estudiantes y creyente para la profundizar en la Palabra de Dios.\",\"breadcrumb\":{\"@id\":\"https:\\\/\\\/tzionlibreria.com\\\/index.php\\\/product\\\/biblia-de-referencia-thompson-rvr-1960-tapa-dura\\\/#breadcrumb\"},\"inLanguage\":\"es-CO\",\"potentialAction\":[{\"@type\":\"ReadAction\",\"target\":[\"https:\\\/\\\/tzionlibreria.com\\\/index.php\\\/product\\\/biblia-de-referencia-thompson-rvr-1960-tapa-dura\\\/\"]}]},{\"@type\":\"ImageObject\",\"inLanguage\":\"es-CO\",\"@id\":\"https:\\\/\\\/tzionlibreria.com\\\/index.php\\\/product\\\/biblia-de-referencia-thompson-rvr-1960-tapa-dura\\\/#primaryimage\",\"url\":\"https:\\\/\\\/tzionlibreria.com\\\/wp-content\\\/uploads\\\/2025\\\/08\\\/6.jpg\",\"contentUrl\":\"https:\\\/\\\/tzionlibreria.com\\\/wp-content\\\/uploads\\\/2025\\\/08\\\/6.jpg\",\"width\":1080,\"height\":1080},{\"@type\":\"BreadcrumbList\",\"@id\":\"https:\\\/\\\/tzionlibreria.com\\\/index.php\\\/product\\\/biblia-de-referencia-thompson-rvr-1960-tapa-dura\\\/#breadcrumb\",\"itemListElement\":[{\"@type\":\"ListItem\",\"position\":1,\"name\":\"Inicio\",\"item\":\"https:\\\/\\\/tzionlibreria.com\\\/\"},{\"@type\":\"ListItem\",\"position\":2,\"name\":\"Shop\",\"item\":\"https:\\\/\\\/tzionlibreria.com\\\/index.php\\\/shop\\\/\"},{\"@type\":\"ListItem\",\"position\":3,\"name\":\"Biblia de Referencia Thompson RVR 1960 \u2013 Tapa Dura\"}]},{\"@type\":\"WebSite\",\"@id\":\"https:\\\/\\\/tzionlibreria.com\\\/#website\",\"url\":\"https:\\\/\\\/tzionlibreria.com\\\/\",\"name\":\"tzionlibreria.com\",\"description\":\"Libreria Cristiana Venezuela\",\"publisher\":{\"@id\":\"https:\\\/\\\/tzionlibreria.com\\\/#organization\"},\"potentialAction\":[{\"@type\":\"SearchAction\",\"target\":{\"@type\":\"EntryPoint\",\"urlTemplate\":\"https:\\\/\\\/tzionlibreria.com\\\/?s={search_term_string}\"},\"query-input\":{\"@type\":\"PropertyValueSpecification\",\"valueRequired\":true,\"valueName\":\"search_term_string\"}}],\"inLanguage\":\"es-CO\"},{\"@type\":\"Organization\",\"@id\":\"https:\\\/\\\/tzionlibreria.com\\\/#organization\",\"name\":\"tzionlibreria.com\",\"url\":\"https:\\\/\\\/tzionlibreria.com\\\/\",\"logo\":{\"@type\":\"ImageObject\",\"inLanguage\":\"es-CO\",\"@id\":\"https:\\\/\\\/tzionlibreria.com\\\/#\\\/schema\\\/logo\\\/image\\\/\",\"url\":\"https:\\\/\\\/tzionlibreria.com\\\/wp-content\\\/uploads\\\/2023\\\/10\\\/cropped-Cuadricula-scaled-1.jpg\",\"contentUrl\":\"https:\\\/\\\/tzionlibreria.com\\\/wp-content\\\/uploads\\\/2023\\\/10\\\/cropped-Cuadricula-scaled-1.jpg\",\"width\":2560,\"height\":2560,\"caption\":\"tzionlibreria.com\"},\"image\":{\"@id\":\"https:\\\/\\\/tzionlibreria.com\\\/#\\\/schema\\\/logo\\\/image\\\/\"}}]}<\/script>\n<!-- \/ Yoast SEO plugin. -->","yoast_head_json":{"title":"Biblia de Referencia Thompson RVR 1960 \u2013 Tapa Dura - tzionlibreria.com","description":"Esta Biblia en una verdadera biblioteca de estudio b\u00edblico,ideal para pastores, maestros, estudiantes y creyente para la profundizar en la Palabra de Dios.","robots":{"index":"index","follow":"follow","max-snippet":"max-snippet:-1","max-image-preview":"max-image-preview:large","max-video-preview":"max-video-preview:-1"},"canonical":"https:\/\/tzionlibreria.com\/index.php\/product\/biblia-de-referencia-thompson-rvr-1960-tapa-dura\/","og_locale":"es_ES","og_type":"article","og_title":"Biblia de Referencia Thompson RVR 1960 \u2013 Tapa Dura - tzionlibreria.com","og_description":"Esta Biblia en una verdadera biblioteca de estudio b\u00edblico,ideal para pastores, maestros, estudiantes y creyente para la profundizar en la Palabra de Dios.","og_url":"https:\/\/tzionlibreria.com\/index.php\/product\/biblia-de-referencia-thompson-rvr-1960-tapa-dura\/","og_site_name":"tzionlibreria.com","article_modified_time":"2025-08-19T14:50:11+00:00","og_image":[{"width":1080,"height":1080,"url":"http:\/\/tzionlibreria.com\/wp-content\/uploads\/2025\/08\/6.jpg","type":"image\/jpeg"}],"twitter_card":"summary_large_image","twitter_misc":{"Tiempo de lectura":"2 minutos"},"schema":{"@context":"https:\/\/schema.org","@graph":[{"@type":"WebPage","@id":"https:\/\/tzionlibreria.com\/index.php\/product\/biblia-de-referencia-thompson-rvr-1960-tapa-dura\/","url":"https:\/\/tzionlibreria.com\/index.php\/product\/biblia-de-referencia-thompson-rvr-1960-tapa-dura\/","name":"Biblia de Referencia Thompson RVR 1960 \u2013 Tapa Dura - tzionlibreria.com","isPartOf":{"@id":"https:\/\/tzionlibreria.com\/#website"},"primaryImageOfPage":{"@id":"https:\/\/tzionlibreria.com\/index.php\/product\/biblia-de-referencia-thompson-rvr-1960-tapa-dura\/#primaryimage"},"image":{"@id":"https:\/\/tzionlibreria.com\/index.php\/product\/biblia-de-referencia-thompson-rvr-1960-tapa-dura\/#primaryimage"},"thumbnailUrl":"https:\/\/tzionlibreria.com\/wp-content\/uploads\/2025\/08\/6.jpg","datePublished":"2025-08-19T14:46:01+00:00","dateModified":"2025-08-19T14:50:11+00:00","description":"Esta Biblia en una verdadera biblioteca de estudio b\u00edblico,ideal para pastores, maestros, estudiantes y creyente para la profundizar en la Palabra de Dios.","breadcrumb":{"@id":"https:\/\/tzionlibreria.com\/index.php\/product\/biblia-de-referencia-thompson-rvr-1960-tapa-dura\/#breadcrumb"},"inLanguage":"es-CO","potentialAction":[{"@type":"ReadAction","target":["https:\/\/tzionlibreria.com\/index.php\/product\/biblia-de-referencia-thompson-rvr-1960-tapa-dura\/"]}]},{"@type":"ImageObject","inLanguage":"es-CO","@id":"https:\/\/tzionlibreria.com\/index.php\/product\/biblia-de-referencia-thompson-rvr-1960-tapa-dura\/#primaryimage","url":"https:\/\/tzionlibreria.com\/wp-content\/uploads\/2025\/08\/6.jpg","contentUrl":"https:\/\/tzionlibreria.com\/wp-content\/uploads\/2025\/08\/6.jpg","width":1080,"height":1080},{"@type":"BreadcrumbList","@id":"https:\/\/tzionlibreria.com\/index.php\/product\/biblia-de-referencia-thompson-rvr-1960-tapa-dura\/#breadcrumb","itemListElement":[{"@type":"ListItem","position":1,"name":"Inicio","item":"https:\/\/tzionlibreria.com\/"},{"@type":"ListItem","position":2,"name":"Shop","item":"https:\/\/tzionlibreria.com\/index.php\/shop\/"},{"@type":"ListItem","position":3,"name":"Biblia de Referencia Thompson RVR 1960 \u2013 Tapa Dura"}]},{"@type":"WebSite","@id":"https:\/\/tzionlibreria.com\/#website","url":"https:\/\/tzionlibreria.com\/","name":"tzionlibreria.com","description":"Libreria Cristiana Venezuela","publisher":{"@id":"https:\/\/tzionlibreria.com\/#organization"},"potentialAction":[{"@type":"SearchAction","target":{"@type":"EntryPoint","urlTemplate":"https:\/\/tzionlibreria.com\/?s={search_term_string}"},"query-input":{"@type":"PropertyValueSpecification","valueRequired":true,"valueName":"search_term_string"}}],"inLanguage":"es-CO"},{"@type":"Organization","@id":"https:\/\/tzionlibreria.com\/#organization","name":"tzionlibreria.com","url":"https:\/\/tzionlibreria.com\/","logo":{"@type":"ImageObject","inLanguage":"es-CO","@id":"https:\/\/tzionlibreria.com\/#\/schema\/logo\/image\/","url":"https:\/\/tzionlibreria.com\/wp-content\/uploads\/2023\/10\/cropped-Cuadricula-scaled-1.jpg","contentUrl":"https:\/\/tzionlibreria.com\/wp-content\/uploads\/2023\/10\/cropped-Cuadricula-scaled-1.jpg","width":2560,"height":2560,"caption":"tzionlibreria.com"},"image":{"@id":"https:\/\/tzionlibreria.com\/#\/schema\/logo\/image\/"}}]}},"jetpack_sharing_enabled":true,"_links":{"self":[{"href":"https:\/\/tzionlibreria.com\/index.php\/wp-json\/wp\/v2\/product\/5718","targetHints":{"allow":["GET"]}}],"collection":[{"href":"https:\/\/tzionlibreria.com\/index.php\/wp-json\/wp\/v2\/product"}],"about":[{"href":"https:\/\/tzionlibreria.com\/index.php\/wp-json\/wp\/v2\/types\/product"}],"replies":[{"embeddable":true,"href":"https:\/\/tzionlibreria.com\/index.php\/wp-json\/wp\/v2\/comments?post=5718"}],"wp:featuredmedia":[{"embeddable":true,"href":"https:\/\/tzionlibreria.com\/index.php\/wp-json\/wp\/v2\/media\/5719"}],"wp:attachment":[{"href":"https:\/\/tzionlibreria.com\/index.php\/wp-json\/wp\/v2\/media?parent=5718"}],"wp:term":[{"taxonomy":"product_brand","embeddable":true,"href":"https:\/\/tzionlibreria.com\/index.php\/wp-json\/wp\/v2\/product_brand?post=5718"},{"taxonomy":"product_cat","embeddable":true,"href":"https:\/\/tzionlibreria.com\/index.php\/wp-json\/wp\/v2\/product_cat?post=5718"},{"taxonomy":"product_tag","embeddable":true,"href":"https:\/\/tzionlibreria.com\/index.php\/wp-json\/wp\/v2\/product_tag?post=5718"}],"curies":[{"name":"wp","href":"https:\/\/api.w.org\/{rel}","templated":true}]}}