{"id":5744,"date":"2025-08-20T00:19:41","date_gmt":"2025-08-20T00:19:41","guid":{"rendered":"https:\/\/tzionlibreria.com\/?post_type=product&#038;p=5744"},"modified":"2025-10-27T21:15:13","modified_gmt":"2025-10-27T21:15:13","slug":"biblia-peshitta-traduccion-de-los-antiguos-manuscritos-arameos-imit-piel-caoba","status":"publish","type":"product","link":"https:\/\/tzionlibreria.com\/index.php\/product\/biblia-peshitta-traduccion-de-los-antiguos-manuscritos-arameos-imit-piel-caoba\/","title":{"rendered":"Biblia Peshitta -traducci\u00f3n de los antiguos manuscritos arameos- imit. piel, caoba"},"content":{"rendered":"<p data-start=\"81\" data-end=\"150\">\ud83d\udcd6\u2728 <strong data-start=\"85\" data-end=\"148\">La Biblia Peshitta en Espa\u00f1ol \u2013 El Lenguaje que Jes\u00fas Habl\u00f3<\/strong><\/p>\n<p data-start=\"152\" data-end=\"440\">Un verdadero <strong data-start=\"165\" data-end=\"185\">tesoro sin igual<\/strong> para todo amante de la Palabra de Dios. Basada en el texto <strong data-start=\"245\" data-end=\"257\">Peshitta<\/strong>, antiguo manuscrito b\u00edblico en <strong data-start=\"289\" data-end=\"299\">arameo<\/strong> \u2014el idioma que habl\u00f3 nuestro Se\u00f1or Jes\u00fas y Sus ap\u00f3stoles\u2014 esta Biblia abre la puerta a un entendimiento m\u00e1s profundo del mensaje original.<\/p>\n<p data-start=\"442\" data-end=\"605\">Fruto de m\u00e1s de <strong data-start=\"458\" data-end=\"498\">dos d\u00e9cadas de traducci\u00f3n al espa\u00f1ol<\/strong>, la Biblia Peshitta ofrece un texto claro, sencillo y directo, fiel al lenguaje de los tiempos b\u00edblicos.<\/p>\n<p data-start=\"607\" data-end=\"653\">\u2728 <strong data-start=\"609\" data-end=\"651\">Recursos y caracter\u00edsticas especiales:<\/strong><\/p>\n<ul data-start=\"654\" data-end=\"1121\">\n<li data-start=\"654\" data-end=\"699\">\n<p data-start=\"656\" data-end=\"699\">Diccionario extensivo <strong data-start=\"678\" data-end=\"696\">Arameo\u2013Espa\u00f1ol<\/strong>.<\/p>\n<\/li>\n<li data-start=\"700\" data-end=\"758\">\n<p data-start=\"702\" data-end=\"758\">Tabla de vers\u00edculos m\u00e1s relevantes del texto Peshitta.<\/p>\n<\/li>\n<li data-start=\"759\" data-end=\"796\">\n<p data-start=\"761\" data-end=\"796\">Datos hist\u00f3ricos y tradicionales.<\/p>\n<\/li>\n<li data-start=\"797\" data-end=\"816\">\n<p data-start=\"799\" data-end=\"816\">Alefato arameo.<\/p>\n<\/li>\n<li data-start=\"817\" data-end=\"859\">\n<p data-start=\"819\" data-end=\"859\">Comparaci\u00f3n con traducciones actuales.<\/p>\n<\/li>\n<li data-start=\"860\" data-end=\"905\">\n<p data-start=\"862\" data-end=\"905\">Orden cronol\u00f3gico de los libros b\u00edblicos.<\/p>\n<\/li>\n<li data-start=\"906\" data-end=\"986\">\n<p data-start=\"908\" data-end=\"986\"><strong data-start=\"908\" data-end=\"922\">Letra roja<\/strong>: pasajes mesi\u00e1nicos en el A.T. y palabras de Jes\u00fas en el N.T.<\/p>\n<\/li>\n<li data-start=\"987\" data-end=\"1028\">\n<p data-start=\"989\" data-end=\"1028\">Fundamentos del cristianismo genuino.<\/p>\n<\/li>\n<li data-start=\"1029\" data-end=\"1075\">\n<p data-start=\"1031\" data-end=\"1075\">Mapas a color y tablas de pesos y medidas.<\/p>\n<\/li>\n<li data-start=\"1076\" data-end=\"1121\">\n<p data-start=\"1078\" data-end=\"1121\">P\u00e1gina de presentaci\u00f3n + cinta marcadora.<\/p>\n<\/li>\n<\/ul>\n<p data-start=\"1123\" data-end=\"1162\">\ud83d\udcd0 <strong data-start=\"1126\" data-end=\"1160\">Especificaciones del producto:<\/strong><\/p>\n<ul data-start=\"1163\" data-end=\"1356\">\n<li data-start=\"1163\" data-end=\"1195\">\n<p data-start=\"1165\" data-end=\"1195\">Editorial: Broadman &amp; Holman<\/p>\n<\/li>\n<li data-start=\"1196\" data-end=\"1219\">\n<p data-start=\"1198\" data-end=\"1219\">ISBN: 9781433644818<\/p>\n<\/li>\n<li data-start=\"1220\" data-end=\"1249\">\n<p data-start=\"1222\" data-end=\"1249\">Dimensiones: 140 x 230 mm<\/p>\n<\/li>\n<li data-start=\"1250\" data-end=\"1268\">\n<p data-start=\"1252\" data-end=\"1268\">Peso: 0,091 kg<\/p>\n<\/li>\n<li data-start=\"1269\" data-end=\"1307\">\n<p data-start=\"1271\" data-end=\"1307\">Encuadernaci\u00f3n: <strong data-start=\"1287\" data-end=\"1305\">Imitaci\u00f3n piel<\/strong><\/p>\n<\/li>\n<li data-start=\"1308\" data-end=\"1336\">\n<p data-start=\"1310\" data-end=\"1336\">N\u00famero de p\u00e1ginas: 1,600<\/p>\n<\/li>\n<li data-start=\"1337\" data-end=\"1356\">\n<p data-start=\"1339\" data-end=\"1356\">Idioma: Espa\u00f1ol<\/p>\n<\/li>\n<\/ul>\n<p data-start=\"1358\" data-end=\"1499\">\u2705 Una Biblia \u00fanica que te permite <strong data-start=\"1392\" data-end=\"1448\">explorar las Escrituras en el idioma que habl\u00f3 Jes\u00fas<\/strong>, enriqueciendo tu estudio y fortaleciendo tu fe.<\/p>\n","protected":false},"excerpt":{"rendered":"<p>\ud83d\udcd6\u2728 La Biblia Peshitta en Espa\u00f1ol \u2013 El Lenguaje que Jes\u00fas Habl\u00f3 Un verdadero tesoro sin igual para todo amante de la Palabra de Dios. Basada en el texto Peshitta, antiguo manuscrito b\u00edblico en arameo \u2014el idioma que habl\u00f3 nuestro Se\u00f1or Jes\u00fas y Sus ap\u00f3stoles\u2014 esta Biblia abre la puerta a un entendimiento m\u00e1s profundo [&hellip;]<\/p>\n","protected":false},"featured_media":5746,"comment_status":"open","ping_status":"closed","template":"","meta":{"om_disable_all_campaigns":false,"_monsterinsights_skip_tracking":false,"_monsterinsights_sitenote_active":false,"_monsterinsights_sitenote_note":"","_monsterinsights_sitenote_category":0,"site-sidebar-layout":"default","site-content-layout":"","ast-site-content-layout":"default","site-content-style":"default","site-sidebar-style":"default","ast-global-header-display":"","ast-banner-title-visibility":"","ast-main-header-display":"","ast-hfb-above-header-display":"","ast-hfb-below-header-display":"","ast-hfb-mobile-header-display":"","site-post-title":"","ast-breadcrumbs-content":"","ast-featured-img":"","footer-sml-layout":"","ast-disable-related-posts":"","theme-transparent-header-meta":"default","adv-header-id-meta":"","stick-header-meta":"","header-above-stick-meta":"","header-main-stick-meta":"","header-below-stick-meta":"","astra-migrate-meta-layouts":"set","ast-page-background-enabled":"default","ast-page-background-meta":{"desktop":{"background-color":"var(--ast-global-color-4)","background-image":"","background-repeat":"repeat","background-position":"center center","background-size":"auto","background-attachment":"scroll","background-type":"","background-media":"","overlay-type":"","overlay-color":"","overlay-opacity":"","overlay-gradient":""},"tablet":{"background-color":"","background-image":"","background-repeat":"repeat","background-position":"center center","background-size":"auto","background-attachment":"scroll","background-type":"","background-media":"","overlay-type":"","overlay-color":"","overlay-opacity":"","overlay-gradient":""},"mobile":{"background-color":"","background-image":"","background-repeat":"repeat","background-position":"center center","background-size":"auto","background-attachment":"scroll","background-type":"","background-media":"","overlay-type":"","overlay-color":"","overlay-opacity":"","overlay-gradient":""}},"ast-content-background-meta":{"desktop":{"background-color":"var(--ast-global-color-5)","background-image":"","background-repeat":"repeat","background-position":"center center","background-size":"auto","background-attachment":"scroll","background-type":"","background-media":"","overlay-type":"","overlay-color":"","overlay-opacity":"","overlay-gradient":""},"tablet":{"background-color":"var(--ast-global-color-5)","background-image":"","background-repeat":"repeat","background-position":"center center","background-size":"auto","background-attachment":"scroll","background-type":"","background-media":"","overlay-type":"","overlay-color":"","overlay-opacity":"","overlay-gradient":""},"mobile":{"background-color":"var(--ast-global-color-5)","background-image":"","background-repeat":"repeat","background-position":"center center","background-size":"auto","background-attachment":"scroll","background-type":"","background-media":"","overlay-type":"","overlay-color":"","overlay-opacity":"","overlay-gradient":""}}},"product_brand":[],"product_cat":[305,22,30],"product_tag":[],"class_list":{"0":"post-5744","1":"product","2":"type-product","3":"status-publish","4":"has-post-thumbnail","6":"product_cat-biblia-para-ministros","7":"product_cat-biblias","8":"product_cat-biblia-de-estudio","9":"desktop-align-left","10":"tablet-align-left","11":"mobile-align-left","13":"first","14":"instock","15":"shipping-taxable","16":"purchasable","17":"product-type-simple"},"yoast_head":"<!-- This site is optimized with the Yoast SEO plugin v27.4 - https:\/\/yoast.com\/product\/yoast-seo-wordpress\/ -->\n<title>Biblia Peshitta -traducci\u00f3n de los antiguos manuscritos arameos- imit. piel, caoba - tzionlibreria.com<\/title>\n<meta name=\"description\" content=\"Biblia Peshita te permite explorar las Escrituras en el idioma que habl\u00f3 Jes\u00fas, enriqueciendo tu estudio y fortaleciendo tu fe.\" \/>\n<meta name=\"robots\" content=\"index, follow, max-snippet:-1, max-image-preview:large, max-video-preview:-1\" \/>\n<link rel=\"canonical\" href=\"https:\/\/tzionlibreria.com\/index.php\/product\/biblia-peshitta-traduccion-de-los-antiguos-manuscritos-arameos-imit-piel-caoba\/\" \/>\n<meta property=\"og:locale\" content=\"es_ES\" \/>\n<meta property=\"og:type\" content=\"article\" \/>\n<meta property=\"og:title\" content=\"Biblia Peshitta -traducci\u00f3n de los antiguos manuscritos arameos- imit. piel, caoba - tzionlibreria.com\" \/>\n<meta property=\"og:description\" content=\"Biblia Peshita te permite explorar las Escrituras en el idioma que habl\u00f3 Jes\u00fas, enriqueciendo tu estudio y fortaleciendo tu fe.\" \/>\n<meta property=\"og:url\" content=\"https:\/\/tzionlibreria.com\/index.php\/product\/biblia-peshitta-traduccion-de-los-antiguos-manuscritos-arameos-imit-piel-caoba\/\" \/>\n<meta property=\"og:site_name\" content=\"tzionlibreria.com\" \/>\n<meta property=\"article:modified_time\" content=\"2025-10-27T21:15:13+00:00\" \/>\n<meta property=\"og:image\" content=\"http:\/\/tzionlibreria.com\/wp-content\/uploads\/2025\/08\/10.jpg\" \/>\n\t<meta property=\"og:image:width\" content=\"1080\" \/>\n\t<meta property=\"og:image:height\" content=\"1080\" \/>\n\t<meta property=\"og:image:type\" content=\"image\/jpeg\" \/>\n<meta name=\"twitter:card\" content=\"summary_large_image\" \/>\n<meta name=\"twitter:label1\" content=\"Tiempo de lectura\" \/>\n\t<meta name=\"twitter:data1\" content=\"2 minutos\" \/>\n<script type=\"application\/ld+json\" class=\"yoast-schema-graph\">{\"@context\":\"https:\\\/\\\/schema.org\",\"@graph\":[{\"@type\":\"WebPage\",\"@id\":\"https:\\\/\\\/tzionlibreria.com\\\/index.php\\\/product\\\/biblia-peshitta-traduccion-de-los-antiguos-manuscritos-arameos-imit-piel-caoba\\\/\",\"url\":\"https:\\\/\\\/tzionlibreria.com\\\/index.php\\\/product\\\/biblia-peshitta-traduccion-de-los-antiguos-manuscritos-arameos-imit-piel-caoba\\\/\",\"name\":\"Biblia Peshitta -traducci\u00f3n de los antiguos manuscritos arameos- imit. piel, caoba - tzionlibreria.com\",\"isPartOf\":{\"@id\":\"https:\\\/\\\/tzionlibreria.com\\\/#website\"},\"primaryImageOfPage\":{\"@id\":\"https:\\\/\\\/tzionlibreria.com\\\/index.php\\\/product\\\/biblia-peshitta-traduccion-de-los-antiguos-manuscritos-arameos-imit-piel-caoba\\\/#primaryimage\"},\"image\":{\"@id\":\"https:\\\/\\\/tzionlibreria.com\\\/index.php\\\/product\\\/biblia-peshitta-traduccion-de-los-antiguos-manuscritos-arameos-imit-piel-caoba\\\/#primaryimage\"},\"thumbnailUrl\":\"https:\\\/\\\/tzionlibreria.com\\\/wp-content\\\/uploads\\\/2025\\\/08\\\/10.jpg\",\"datePublished\":\"2025-08-20T00:19:41+00:00\",\"dateModified\":\"2025-10-27T21:15:13+00:00\",\"description\":\"Biblia Peshita te permite explorar las Escrituras en el idioma que habl\u00f3 Jes\u00fas, enriqueciendo tu estudio y fortaleciendo tu fe.\",\"breadcrumb\":{\"@id\":\"https:\\\/\\\/tzionlibreria.com\\\/index.php\\\/product\\\/biblia-peshitta-traduccion-de-los-antiguos-manuscritos-arameos-imit-piel-caoba\\\/#breadcrumb\"},\"inLanguage\":\"es-CO\",\"potentialAction\":[{\"@type\":\"ReadAction\",\"target\":[\"https:\\\/\\\/tzionlibreria.com\\\/index.php\\\/product\\\/biblia-peshitta-traduccion-de-los-antiguos-manuscritos-arameos-imit-piel-caoba\\\/\"]}]},{\"@type\":\"ImageObject\",\"inLanguage\":\"es-CO\",\"@id\":\"https:\\\/\\\/tzionlibreria.com\\\/index.php\\\/product\\\/biblia-peshitta-traduccion-de-los-antiguos-manuscritos-arameos-imit-piel-caoba\\\/#primaryimage\",\"url\":\"https:\\\/\\\/tzionlibreria.com\\\/wp-content\\\/uploads\\\/2025\\\/08\\\/10.jpg\",\"contentUrl\":\"https:\\\/\\\/tzionlibreria.com\\\/wp-content\\\/uploads\\\/2025\\\/08\\\/10.jpg\",\"width\":1080,\"height\":1080},{\"@type\":\"BreadcrumbList\",\"@id\":\"https:\\\/\\\/tzionlibreria.com\\\/index.php\\\/product\\\/biblia-peshitta-traduccion-de-los-antiguos-manuscritos-arameos-imit-piel-caoba\\\/#breadcrumb\",\"itemListElement\":[{\"@type\":\"ListItem\",\"position\":1,\"name\":\"Inicio\",\"item\":\"https:\\\/\\\/tzionlibreria.com\\\/\"},{\"@type\":\"ListItem\",\"position\":2,\"name\":\"Shop\",\"item\":\"https:\\\/\\\/tzionlibreria.com\\\/index.php\\\/shop\\\/\"},{\"@type\":\"ListItem\",\"position\":3,\"name\":\"Biblia Peshitta -traducci\u00f3n de los antiguos manuscritos arameos- imit. piel, caoba\"}]},{\"@type\":\"WebSite\",\"@id\":\"https:\\\/\\\/tzionlibreria.com\\\/#website\",\"url\":\"https:\\\/\\\/tzionlibreria.com\\\/\",\"name\":\"tzionlibreria.com\",\"description\":\"Libreria Cristiana Venezuela\",\"publisher\":{\"@id\":\"https:\\\/\\\/tzionlibreria.com\\\/#organization\"},\"potentialAction\":[{\"@type\":\"SearchAction\",\"target\":{\"@type\":\"EntryPoint\",\"urlTemplate\":\"https:\\\/\\\/tzionlibreria.com\\\/?s={search_term_string}\"},\"query-input\":{\"@type\":\"PropertyValueSpecification\",\"valueRequired\":true,\"valueName\":\"search_term_string\"}}],\"inLanguage\":\"es-CO\"},{\"@type\":\"Organization\",\"@id\":\"https:\\\/\\\/tzionlibreria.com\\\/#organization\",\"name\":\"tzionlibreria.com\",\"url\":\"https:\\\/\\\/tzionlibreria.com\\\/\",\"logo\":{\"@type\":\"ImageObject\",\"inLanguage\":\"es-CO\",\"@id\":\"https:\\\/\\\/tzionlibreria.com\\\/#\\\/schema\\\/logo\\\/image\\\/\",\"url\":\"https:\\\/\\\/tzionlibreria.com\\\/wp-content\\\/uploads\\\/2023\\\/10\\\/cropped-Cuadricula-scaled-1.jpg\",\"contentUrl\":\"https:\\\/\\\/tzionlibreria.com\\\/wp-content\\\/uploads\\\/2023\\\/10\\\/cropped-Cuadricula-scaled-1.jpg\",\"width\":2560,\"height\":2560,\"caption\":\"tzionlibreria.com\"},\"image\":{\"@id\":\"https:\\\/\\\/tzionlibreria.com\\\/#\\\/schema\\\/logo\\\/image\\\/\"}}]}<\/script>\n<!-- \/ Yoast SEO plugin. -->","yoast_head_json":{"title":"Biblia Peshitta -traducci\u00f3n de los antiguos manuscritos arameos- imit. piel, caoba - tzionlibreria.com","description":"Biblia Peshita te permite explorar las Escrituras en el idioma que habl\u00f3 Jes\u00fas, enriqueciendo tu estudio y fortaleciendo tu fe.","robots":{"index":"index","follow":"follow","max-snippet":"max-snippet:-1","max-image-preview":"max-image-preview:large","max-video-preview":"max-video-preview:-1"},"canonical":"https:\/\/tzionlibreria.com\/index.php\/product\/biblia-peshitta-traduccion-de-los-antiguos-manuscritos-arameos-imit-piel-caoba\/","og_locale":"es_ES","og_type":"article","og_title":"Biblia Peshitta -traducci\u00f3n de los antiguos manuscritos arameos- imit. piel, caoba - tzionlibreria.com","og_description":"Biblia Peshita te permite explorar las Escrituras en el idioma que habl\u00f3 Jes\u00fas, enriqueciendo tu estudio y fortaleciendo tu fe.","og_url":"https:\/\/tzionlibreria.com\/index.php\/product\/biblia-peshitta-traduccion-de-los-antiguos-manuscritos-arameos-imit-piel-caoba\/","og_site_name":"tzionlibreria.com","article_modified_time":"2025-10-27T21:15:13+00:00","og_image":[{"width":1080,"height":1080,"url":"http:\/\/tzionlibreria.com\/wp-content\/uploads\/2025\/08\/10.jpg","type":"image\/jpeg"}],"twitter_card":"summary_large_image","twitter_misc":{"Tiempo de lectura":"2 minutos"},"schema":{"@context":"https:\/\/schema.org","@graph":[{"@type":"WebPage","@id":"https:\/\/tzionlibreria.com\/index.php\/product\/biblia-peshitta-traduccion-de-los-antiguos-manuscritos-arameos-imit-piel-caoba\/","url":"https:\/\/tzionlibreria.com\/index.php\/product\/biblia-peshitta-traduccion-de-los-antiguos-manuscritos-arameos-imit-piel-caoba\/","name":"Biblia Peshitta -traducci\u00f3n de los antiguos manuscritos arameos- imit. piel, caoba - tzionlibreria.com","isPartOf":{"@id":"https:\/\/tzionlibreria.com\/#website"},"primaryImageOfPage":{"@id":"https:\/\/tzionlibreria.com\/index.php\/product\/biblia-peshitta-traduccion-de-los-antiguos-manuscritos-arameos-imit-piel-caoba\/#primaryimage"},"image":{"@id":"https:\/\/tzionlibreria.com\/index.php\/product\/biblia-peshitta-traduccion-de-los-antiguos-manuscritos-arameos-imit-piel-caoba\/#primaryimage"},"thumbnailUrl":"https:\/\/tzionlibreria.com\/wp-content\/uploads\/2025\/08\/10.jpg","datePublished":"2025-08-20T00:19:41+00:00","dateModified":"2025-10-27T21:15:13+00:00","description":"Biblia Peshita te permite explorar las Escrituras en el idioma que habl\u00f3 Jes\u00fas, enriqueciendo tu estudio y fortaleciendo tu fe.","breadcrumb":{"@id":"https:\/\/tzionlibreria.com\/index.php\/product\/biblia-peshitta-traduccion-de-los-antiguos-manuscritos-arameos-imit-piel-caoba\/#breadcrumb"},"inLanguage":"es-CO","potentialAction":[{"@type":"ReadAction","target":["https:\/\/tzionlibreria.com\/index.php\/product\/biblia-peshitta-traduccion-de-los-antiguos-manuscritos-arameos-imit-piel-caoba\/"]}]},{"@type":"ImageObject","inLanguage":"es-CO","@id":"https:\/\/tzionlibreria.com\/index.php\/product\/biblia-peshitta-traduccion-de-los-antiguos-manuscritos-arameos-imit-piel-caoba\/#primaryimage","url":"https:\/\/tzionlibreria.com\/wp-content\/uploads\/2025\/08\/10.jpg","contentUrl":"https:\/\/tzionlibreria.com\/wp-content\/uploads\/2025\/08\/10.jpg","width":1080,"height":1080},{"@type":"BreadcrumbList","@id":"https:\/\/tzionlibreria.com\/index.php\/product\/biblia-peshitta-traduccion-de-los-antiguos-manuscritos-arameos-imit-piel-caoba\/#breadcrumb","itemListElement":[{"@type":"ListItem","position":1,"name":"Inicio","item":"https:\/\/tzionlibreria.com\/"},{"@type":"ListItem","position":2,"name":"Shop","item":"https:\/\/tzionlibreria.com\/index.php\/shop\/"},{"@type":"ListItem","position":3,"name":"Biblia Peshitta -traducci\u00f3n de los antiguos manuscritos arameos- imit. piel, caoba"}]},{"@type":"WebSite","@id":"https:\/\/tzionlibreria.com\/#website","url":"https:\/\/tzionlibreria.com\/","name":"tzionlibreria.com","description":"Libreria Cristiana Venezuela","publisher":{"@id":"https:\/\/tzionlibreria.com\/#organization"},"potentialAction":[{"@type":"SearchAction","target":{"@type":"EntryPoint","urlTemplate":"https:\/\/tzionlibreria.com\/?s={search_term_string}"},"query-input":{"@type":"PropertyValueSpecification","valueRequired":true,"valueName":"search_term_string"}}],"inLanguage":"es-CO"},{"@type":"Organization","@id":"https:\/\/tzionlibreria.com\/#organization","name":"tzionlibreria.com","url":"https:\/\/tzionlibreria.com\/","logo":{"@type":"ImageObject","inLanguage":"es-CO","@id":"https:\/\/tzionlibreria.com\/#\/schema\/logo\/image\/","url":"https:\/\/tzionlibreria.com\/wp-content\/uploads\/2023\/10\/cropped-Cuadricula-scaled-1.jpg","contentUrl":"https:\/\/tzionlibreria.com\/wp-content\/uploads\/2023\/10\/cropped-Cuadricula-scaled-1.jpg","width":2560,"height":2560,"caption":"tzionlibreria.com"},"image":{"@id":"https:\/\/tzionlibreria.com\/#\/schema\/logo\/image\/"}}]}},"jetpack_sharing_enabled":true,"_links":{"self":[{"href":"https:\/\/tzionlibreria.com\/index.php\/wp-json\/wp\/v2\/product\/5744","targetHints":{"allow":["GET"]}}],"collection":[{"href":"https:\/\/tzionlibreria.com\/index.php\/wp-json\/wp\/v2\/product"}],"about":[{"href":"https:\/\/tzionlibreria.com\/index.php\/wp-json\/wp\/v2\/types\/product"}],"replies":[{"embeddable":true,"href":"https:\/\/tzionlibreria.com\/index.php\/wp-json\/wp\/v2\/comments?post=5744"}],"wp:featuredmedia":[{"embeddable":true,"href":"https:\/\/tzionlibreria.com\/index.php\/wp-json\/wp\/v2\/media\/5746"}],"wp:attachment":[{"href":"https:\/\/tzionlibreria.com\/index.php\/wp-json\/wp\/v2\/media?parent=5744"}],"wp:term":[{"taxonomy":"product_brand","embeddable":true,"href":"https:\/\/tzionlibreria.com\/index.php\/wp-json\/wp\/v2\/product_brand?post=5744"},{"taxonomy":"product_cat","embeddable":true,"href":"https:\/\/tzionlibreria.com\/index.php\/wp-json\/wp\/v2\/product_cat?post=5744"},{"taxonomy":"product_tag","embeddable":true,"href":"https:\/\/tzionlibreria.com\/index.php\/wp-json\/wp\/v2\/product_tag?post=5744"}],"curies":[{"name":"wp","href":"https:\/\/api.w.org\/{rel}","templated":true}]}}