{"id":5752,"date":"2025-08-20T00:36:42","date_gmt":"2025-08-20T00:36:42","guid":{"rendered":"https:\/\/tzionlibreria.com\/?post_type=product&#038;p=5752"},"modified":"2025-12-23T15:03:24","modified_gmt":"2025-12-23T15:03:24","slug":"la-biblia-del-pescador-edicion-liderazgo-rvr-1960-piel","status":"publish","type":"product","link":"https:\/\/tzionlibreria.com\/index.php\/product\/la-biblia-del-pescador-edicion-liderazgo-rvr-1960-piel\/","title":{"rendered":"La Biblia del Pescador \u2013 Edici\u00f3n Liderazgo, RVR 1960 Piel"},"content":{"rendered":"<div class=\"ast-oembed-container \" style=\"height: 100%;\"><iframe title=\"Pastor Pab\u00f3n autor de la Biblia del pescador #mtsv2025\" width=\"500\" height=\"281\" src=\"https:\/\/www.youtube.com\/embed\/1Y6MyDeI9Eo?feature=oembed\" frameborder=\"0\" allow=\"accelerometer; autoplay; clipboard-write; encrypted-media; gyroscope; picture-in-picture; web-share\" referrerpolicy=\"strict-origin-when-cross-origin\" allowfullscreen><\/iframe><\/div>\n<p data-start=\"77\" data-end=\"139\">\n<p data-start=\"77\" data-end=\"139\">\ud83d\udcd6\u2728 <strong data-start=\"81\" data-end=\"137\">La Biblia del Pescador \u2013 Edici\u00f3n Liderazgo, RVR 1960<\/strong><\/p>\n<p data-start=\"141\" data-end=\"335\">Una Biblia especialmente dise\u00f1ada para <strong data-start=\"180\" data-end=\"225\">pastores, l\u00edderes y siervos de la Iglesia<\/strong>, con recursos pr\u00e1cticos que facilitan la ense\u00f1anza, la predicaci\u00f3n y la consejer\u00eda en el ministerio diario.<\/p>\n<p data-start=\"337\" data-end=\"597\">La <strong data-start=\"340\" data-end=\"383\">Biblia del Pescador \u2013 Edici\u00f3n Liderazgo<\/strong> incluye herramientas \u00fanicas como <strong data-start=\"417\" data-end=\"525\">cadenas tem\u00e1ticas, art\u00edculos in\u00e9ditos, bosquejos de sermones y un \u00edndice extenso por \u00e1reas ministeriales<\/strong>, convirti\u00e9ndola en una gu\u00eda indispensable para el servicio cristiano.<\/p>\n<p data-start=\"599\" data-end=\"645\">\u2728 <strong data-start=\"601\" data-end=\"643\">Recursos y caracter\u00edsticas especiales:<\/strong><\/p>\n<ul data-start=\"646\" data-end=\"1132\">\n<li data-start=\"646\" data-end=\"691\">\n<p data-start=\"648\" data-end=\"691\"><strong data-start=\"648\" data-end=\"672\">50 cadenas tem\u00e1ticas<\/strong> sobre liderazgo.<\/p>\n<\/li>\n<li data-start=\"692\" data-end=\"761\">\n<p data-start=\"694\" data-end=\"761\"><strong data-start=\"694\" data-end=\"719\">16 art\u00edculos in\u00e9ditos<\/strong> sobre liderazgo pastoral y ministerial.<\/p>\n<\/li>\n<li data-start=\"762\" data-end=\"812\">\n<p data-start=\"764\" data-end=\"812\"><strong data-start=\"764\" data-end=\"792\">28 bosquejos de sermones<\/strong> listos para usar.<\/p>\n<\/li>\n<li data-start=\"813\" data-end=\"856\">\n<p data-start=\"815\" data-end=\"856\">Introducci\u00f3n a cada libro de la Biblia.<\/p>\n<\/li>\n<li data-start=\"857\" data-end=\"904\">\n<p data-start=\"859\" data-end=\"904\">Palabras clave nuevas para estudio b\u00edblico.<\/p>\n<\/li>\n<li data-start=\"905\" data-end=\"948\">\n<p data-start=\"907\" data-end=\"948\">Manual pr\u00e1ctico de c\u00f3mo usar la Biblia.<\/p>\n<\/li>\n<li data-start=\"949\" data-end=\"1001\">\n<p data-start=\"951\" data-end=\"1001\">\u00cdndice por temas y alfab\u00e9tico de palabras clave.<\/p>\n<\/li>\n<li data-start=\"1002\" data-end=\"1034\">\n<p data-start=\"1004\" data-end=\"1034\">5 principios de vida eterna.<\/p>\n<\/li>\n<li data-start=\"1035\" data-end=\"1087\">\n<p data-start=\"1037\" data-end=\"1087\"><strong data-start=\"1037\" data-end=\"1064\">Edici\u00f3n en letra grande<\/strong> para lectura c\u00f3moda.<\/p>\n<\/li>\n<li data-start=\"1088\" data-end=\"1132\">\n<p data-start=\"1090\" data-end=\"1132\">Cubierta en <strong data-start=\"1102\" data-end=\"1129\">piel fabricada duradera<\/strong>.<\/p>\n<\/li>\n<\/ul>\n<p data-start=\"1134\" data-end=\"1173\">\ud83d\udcd0 <strong data-start=\"1137\" data-end=\"1171\">Especificaciones del producto:<\/strong><\/p>\n<ul data-start=\"1174\" data-end=\"1405\">\n<li data-start=\"1174\" data-end=\"1197\">\n<p data-start=\"1176\" data-end=\"1197\">ISBN: 9781087739571<\/p>\n<\/li>\n<li data-start=\"1198\" data-end=\"1230\">\n<p data-start=\"1200\" data-end=\"1230\">Editorial: Broadman &amp; Holman<\/p>\n<\/li>\n<li data-start=\"1231\" data-end=\"1265\">\n<p data-start=\"1233\" data-end=\"1265\">Dimensiones: 152 x 229 x 40 mm<\/p>\n<\/li>\n<li data-start=\"1266\" data-end=\"1284\">\n<p data-start=\"1268\" data-end=\"1284\">Peso: 0,065 kg<\/p>\n<\/li>\n<li data-start=\"1285\" data-end=\"1319\">\n<p data-start=\"1287\" data-end=\"1319\">Encuadernaci\u00f3n: Piel fabricada<\/p>\n<\/li>\n<li data-start=\"1320\" data-end=\"1348\">\n<p data-start=\"1322\" data-end=\"1348\">N\u00famero de p\u00e1ginas: 1,454<\/p>\n<\/li>\n<li data-start=\"1349\" data-end=\"1368\">\n<p data-start=\"1351\" data-end=\"1368\">Idioma: Espa\u00f1ol<\/p>\n<\/li>\n<li data-start=\"1369\" data-end=\"1405\">\n<p data-start=\"1371\" data-end=\"1405\">Fecha de publicaci\u00f3n: 11\/01\/2021<\/p>\n<\/li>\n<\/ul>\n<p data-start=\"1407\" data-end=\"1548\">\u2705 Una Biblia completa que no solo edifica tu vida personal, sino que tambi\u00e9n te equipa para <strong data-start=\"1499\" data-end=\"1545\">guiar, aconsejar y predicar con excelencia<\/strong>.<\/p>\n","protected":false},"excerpt":{"rendered":"<p>\ud83d\udcd6\u2728 La Biblia del Pescador \u2013 Edici\u00f3n Liderazgo, RVR 1960 Una Biblia especialmente dise\u00f1ada para pastores, l\u00edderes y siervos de la Iglesia, con recursos pr\u00e1cticos que facilitan la ense\u00f1anza, la predicaci\u00f3n y la consejer\u00eda en el ministerio diario. La Biblia del Pescador \u2013 Edici\u00f3n Liderazgo incluye herramientas \u00fanicas como cadenas tem\u00e1ticas, art\u00edculos in\u00e9ditos, bosquejos de [&hellip;]<\/p>\n","protected":false},"featured_media":5753,"comment_status":"open","ping_status":"closed","template":"","meta":{"om_disable_all_campaigns":false,"_monsterinsights_skip_tracking":false,"_monsterinsights_sitenote_active":false,"_monsterinsights_sitenote_note":"","_monsterinsights_sitenote_category":0,"site-sidebar-layout":"default","site-content-layout":"","ast-site-content-layout":"default","site-content-style":"default","site-sidebar-style":"default","ast-global-header-display":"","ast-banner-title-visibility":"","ast-main-header-display":"","ast-hfb-above-header-display":"","ast-hfb-below-header-display":"","ast-hfb-mobile-header-display":"","site-post-title":"","ast-breadcrumbs-content":"","ast-featured-img":"","footer-sml-layout":"","ast-disable-related-posts":"","theme-transparent-header-meta":"default","adv-header-id-meta":"","stick-header-meta":"","header-above-stick-meta":"","header-main-stick-meta":"","header-below-stick-meta":"","astra-migrate-meta-layouts":"set","ast-page-background-enabled":"default","ast-page-background-meta":{"desktop":{"background-color":"var(--ast-global-color-4)","background-image":"","background-repeat":"repeat","background-position":"center center","background-size":"auto","background-attachment":"scroll","background-type":"","background-media":"","overlay-type":"","overlay-color":"","overlay-opacity":"","overlay-gradient":""},"tablet":{"background-color":"","background-image":"","background-repeat":"repeat","background-position":"center center","background-size":"auto","background-attachment":"scroll","background-type":"","background-media":"","overlay-type":"","overlay-color":"","overlay-opacity":"","overlay-gradient":""},"mobile":{"background-color":"","background-image":"","background-repeat":"repeat","background-position":"center center","background-size":"auto","background-attachment":"scroll","background-type":"","background-media":"","overlay-type":"","overlay-color":"","overlay-opacity":"","overlay-gradient":""}},"ast-content-background-meta":{"desktop":{"background-color":"var(--ast-global-color-5)","background-image":"","background-repeat":"repeat","background-position":"center center","background-size":"auto","background-attachment":"scroll","background-type":"","background-media":"","overlay-type":"","overlay-color":"","overlay-opacity":"","overlay-gradient":""},"tablet":{"background-color":"var(--ast-global-color-5)","background-image":"","background-repeat":"repeat","background-position":"center center","background-size":"auto","background-attachment":"scroll","background-type":"","background-media":"","overlay-type":"","overlay-color":"","overlay-opacity":"","overlay-gradient":""},"mobile":{"background-color":"var(--ast-global-color-5)","background-image":"","background-repeat":"repeat","background-position":"center center","background-size":"auto","background-attachment":"scroll","background-type":"","background-media":"","overlay-type":"","overlay-color":"","overlay-opacity":"","overlay-gradient":""}}},"product_brand":[],"product_cat":[163,22,42],"product_tag":[],"class_list":{"0":"post-5752","1":"product","2":"type-product","3":"status-publish","4":"has-post-thumbnail","6":"product_cat-biblia-de-liderazgo","7":"product_cat-biblias","8":"product_cat-biblias-reina-valera","9":"desktop-align-left","10":"tablet-align-left","11":"mobile-align-left","13":"first","14":"outofstock","15":"shipping-taxable","16":"purchasable","17":"product-type-simple"},"yoast_head":"<!-- This site is optimized with the Yoast SEO plugin v27.5 - https:\/\/yoast.com\/product\/yoast-seo-wordpress\/ -->\n<title>La Biblia del Pescador \u2013 Edici\u00f3n Liderazgo, RVR 1960 Piel - tzionlibreria.com<\/title>\n<meta name=\"description\" content=\"Una Biblia especialmente dise\u00f1ada para pastores, l\u00edderes y siervos de la Iglesia, con recursos pr\u00e1cticos que facilitan la ense\u00f1anza,predicaci\u00f3n,consejer\u00eda.\" \/>\n<meta name=\"robots\" content=\"index, follow, max-snippet:-1, max-image-preview:large, max-video-preview:-1\" \/>\n<link rel=\"canonical\" href=\"https:\/\/tzionlibreria.com\/index.php\/product\/la-biblia-del-pescador-edicion-liderazgo-rvr-1960-piel\/\" \/>\n<meta property=\"og:locale\" content=\"es_ES\" \/>\n<meta property=\"og:type\" content=\"article\" \/>\n<meta property=\"og:title\" content=\"La Biblia del Pescador \u2013 Edici\u00f3n Liderazgo, RVR 1960 Piel - tzionlibreria.com\" \/>\n<meta property=\"og:description\" content=\"Una Biblia especialmente dise\u00f1ada para pastores, l\u00edderes y siervos de la Iglesia, con recursos pr\u00e1cticos que facilitan la ense\u00f1anza,predicaci\u00f3n,consejer\u00eda.\" \/>\n<meta property=\"og:url\" content=\"https:\/\/tzionlibreria.com\/index.php\/product\/la-biblia-del-pescador-edicion-liderazgo-rvr-1960-piel\/\" \/>\n<meta property=\"og:site_name\" content=\"tzionlibreria.com\" \/>\n<meta property=\"article:modified_time\" content=\"2025-12-23T15:03:24+00:00\" \/>\n<meta property=\"og:image\" content=\"http:\/\/tzionlibreria.com\/wp-content\/uploads\/2025\/08\/11.jpg\" \/>\n\t<meta property=\"og:image:width\" content=\"1080\" \/>\n\t<meta property=\"og:image:height\" content=\"1080\" \/>\n\t<meta property=\"og:image:type\" content=\"image\/jpeg\" \/>\n<meta name=\"twitter:card\" content=\"summary_large_image\" \/>\n<meta name=\"twitter:label1\" content=\"Tiempo de lectura\" \/>\n\t<meta name=\"twitter:data1\" content=\"2 minutos\" \/>\n<script type=\"application\/ld+json\" class=\"yoast-schema-graph\">{\"@context\":\"https:\\\/\\\/schema.org\",\"@graph\":[{\"@type\":\"WebPage\",\"@id\":\"https:\\\/\\\/tzionlibreria.com\\\/index.php\\\/product\\\/la-biblia-del-pescador-edicion-liderazgo-rvr-1960-piel\\\/\",\"url\":\"https:\\\/\\\/tzionlibreria.com\\\/index.php\\\/product\\\/la-biblia-del-pescador-edicion-liderazgo-rvr-1960-piel\\\/\",\"name\":\"La Biblia del Pescador \u2013 Edici\u00f3n Liderazgo, RVR 1960 Piel - tzionlibreria.com\",\"isPartOf\":{\"@id\":\"https:\\\/\\\/tzionlibreria.com\\\/#website\"},\"primaryImageOfPage\":{\"@id\":\"https:\\\/\\\/tzionlibreria.com\\\/index.php\\\/product\\\/la-biblia-del-pescador-edicion-liderazgo-rvr-1960-piel\\\/#primaryimage\"},\"image\":{\"@id\":\"https:\\\/\\\/tzionlibreria.com\\\/index.php\\\/product\\\/la-biblia-del-pescador-edicion-liderazgo-rvr-1960-piel\\\/#primaryimage\"},\"thumbnailUrl\":\"https:\\\/\\\/tzionlibreria.com\\\/wp-content\\\/uploads\\\/2025\\\/08\\\/11.jpg\",\"datePublished\":\"2025-08-20T00:36:42+00:00\",\"dateModified\":\"2025-12-23T15:03:24+00:00\",\"description\":\"Una Biblia especialmente dise\u00f1ada para pastores, l\u00edderes y siervos de la Iglesia, con recursos pr\u00e1cticos que facilitan la ense\u00f1anza,predicaci\u00f3n,consejer\u00eda.\",\"breadcrumb\":{\"@id\":\"https:\\\/\\\/tzionlibreria.com\\\/index.php\\\/product\\\/la-biblia-del-pescador-edicion-liderazgo-rvr-1960-piel\\\/#breadcrumb\"},\"inLanguage\":\"es-CO\",\"potentialAction\":[{\"@type\":\"ReadAction\",\"target\":[\"https:\\\/\\\/tzionlibreria.com\\\/index.php\\\/product\\\/la-biblia-del-pescador-edicion-liderazgo-rvr-1960-piel\\\/\"]}]},{\"@type\":\"ImageObject\",\"inLanguage\":\"es-CO\",\"@id\":\"https:\\\/\\\/tzionlibreria.com\\\/index.php\\\/product\\\/la-biblia-del-pescador-edicion-liderazgo-rvr-1960-piel\\\/#primaryimage\",\"url\":\"https:\\\/\\\/tzionlibreria.com\\\/wp-content\\\/uploads\\\/2025\\\/08\\\/11.jpg\",\"contentUrl\":\"https:\\\/\\\/tzionlibreria.com\\\/wp-content\\\/uploads\\\/2025\\\/08\\\/11.jpg\",\"width\":1080,\"height\":1080},{\"@type\":\"BreadcrumbList\",\"@id\":\"https:\\\/\\\/tzionlibreria.com\\\/index.php\\\/product\\\/la-biblia-del-pescador-edicion-liderazgo-rvr-1960-piel\\\/#breadcrumb\",\"itemListElement\":[{\"@type\":\"ListItem\",\"position\":1,\"name\":\"Inicio\",\"item\":\"https:\\\/\\\/tzionlibreria.com\\\/\"},{\"@type\":\"ListItem\",\"position\":2,\"name\":\"Shop\",\"item\":\"https:\\\/\\\/tzionlibreria.com\\\/index.php\\\/shop\\\/\"},{\"@type\":\"ListItem\",\"position\":3,\"name\":\"La Biblia del Pescador \u2013 Edici\u00f3n Liderazgo, RVR 1960 Piel\"}]},{\"@type\":\"WebSite\",\"@id\":\"https:\\\/\\\/tzionlibreria.com\\\/#website\",\"url\":\"https:\\\/\\\/tzionlibreria.com\\\/\",\"name\":\"tzionlibreria.com\",\"description\":\"Libreria Cristiana Venezuela\",\"publisher\":{\"@id\":\"https:\\\/\\\/tzionlibreria.com\\\/#organization\"},\"potentialAction\":[{\"@type\":\"SearchAction\",\"target\":{\"@type\":\"EntryPoint\",\"urlTemplate\":\"https:\\\/\\\/tzionlibreria.com\\\/?s={search_term_string}\"},\"query-input\":{\"@type\":\"PropertyValueSpecification\",\"valueRequired\":true,\"valueName\":\"search_term_string\"}}],\"inLanguage\":\"es-CO\"},{\"@type\":\"Organization\",\"@id\":\"https:\\\/\\\/tzionlibreria.com\\\/#organization\",\"name\":\"tzionlibreria.com\",\"url\":\"https:\\\/\\\/tzionlibreria.com\\\/\",\"logo\":{\"@type\":\"ImageObject\",\"inLanguage\":\"es-CO\",\"@id\":\"https:\\\/\\\/tzionlibreria.com\\\/#\\\/schema\\\/logo\\\/image\\\/\",\"url\":\"https:\\\/\\\/tzionlibreria.com\\\/wp-content\\\/uploads\\\/2023\\\/10\\\/cropped-Cuadricula-scaled-1.jpg\",\"contentUrl\":\"https:\\\/\\\/tzionlibreria.com\\\/wp-content\\\/uploads\\\/2023\\\/10\\\/cropped-Cuadricula-scaled-1.jpg\",\"width\":2560,\"height\":2560,\"caption\":\"tzionlibreria.com\"},\"image\":{\"@id\":\"https:\\\/\\\/tzionlibreria.com\\\/#\\\/schema\\\/logo\\\/image\\\/\"}}]}<\/script>\n<!-- \/ Yoast SEO plugin. -->","yoast_head_json":{"title":"La Biblia del Pescador \u2013 Edici\u00f3n Liderazgo, RVR 1960 Piel - tzionlibreria.com","description":"Una Biblia especialmente dise\u00f1ada para pastores, l\u00edderes y siervos de la Iglesia, con recursos pr\u00e1cticos que facilitan la ense\u00f1anza,predicaci\u00f3n,consejer\u00eda.","robots":{"index":"index","follow":"follow","max-snippet":"max-snippet:-1","max-image-preview":"max-image-preview:large","max-video-preview":"max-video-preview:-1"},"canonical":"https:\/\/tzionlibreria.com\/index.php\/product\/la-biblia-del-pescador-edicion-liderazgo-rvr-1960-piel\/","og_locale":"es_ES","og_type":"article","og_title":"La Biblia del Pescador \u2013 Edici\u00f3n Liderazgo, RVR 1960 Piel - tzionlibreria.com","og_description":"Una Biblia especialmente dise\u00f1ada para pastores, l\u00edderes y siervos de la Iglesia, con recursos pr\u00e1cticos que facilitan la ense\u00f1anza,predicaci\u00f3n,consejer\u00eda.","og_url":"https:\/\/tzionlibreria.com\/index.php\/product\/la-biblia-del-pescador-edicion-liderazgo-rvr-1960-piel\/","og_site_name":"tzionlibreria.com","article_modified_time":"2025-12-23T15:03:24+00:00","og_image":[{"width":1080,"height":1080,"url":"http:\/\/tzionlibreria.com\/wp-content\/uploads\/2025\/08\/11.jpg","type":"image\/jpeg"}],"twitter_card":"summary_large_image","twitter_misc":{"Tiempo de lectura":"2 minutos"},"schema":{"@context":"https:\/\/schema.org","@graph":[{"@type":"WebPage","@id":"https:\/\/tzionlibreria.com\/index.php\/product\/la-biblia-del-pescador-edicion-liderazgo-rvr-1960-piel\/","url":"https:\/\/tzionlibreria.com\/index.php\/product\/la-biblia-del-pescador-edicion-liderazgo-rvr-1960-piel\/","name":"La Biblia del Pescador \u2013 Edici\u00f3n Liderazgo, RVR 1960 Piel - tzionlibreria.com","isPartOf":{"@id":"https:\/\/tzionlibreria.com\/#website"},"primaryImageOfPage":{"@id":"https:\/\/tzionlibreria.com\/index.php\/product\/la-biblia-del-pescador-edicion-liderazgo-rvr-1960-piel\/#primaryimage"},"image":{"@id":"https:\/\/tzionlibreria.com\/index.php\/product\/la-biblia-del-pescador-edicion-liderazgo-rvr-1960-piel\/#primaryimage"},"thumbnailUrl":"https:\/\/tzionlibreria.com\/wp-content\/uploads\/2025\/08\/11.jpg","datePublished":"2025-08-20T00:36:42+00:00","dateModified":"2025-12-23T15:03:24+00:00","description":"Una Biblia especialmente dise\u00f1ada para pastores, l\u00edderes y siervos de la Iglesia, con recursos pr\u00e1cticos que facilitan la ense\u00f1anza,predicaci\u00f3n,consejer\u00eda.","breadcrumb":{"@id":"https:\/\/tzionlibreria.com\/index.php\/product\/la-biblia-del-pescador-edicion-liderazgo-rvr-1960-piel\/#breadcrumb"},"inLanguage":"es-CO","potentialAction":[{"@type":"ReadAction","target":["https:\/\/tzionlibreria.com\/index.php\/product\/la-biblia-del-pescador-edicion-liderazgo-rvr-1960-piel\/"]}]},{"@type":"ImageObject","inLanguage":"es-CO","@id":"https:\/\/tzionlibreria.com\/index.php\/product\/la-biblia-del-pescador-edicion-liderazgo-rvr-1960-piel\/#primaryimage","url":"https:\/\/tzionlibreria.com\/wp-content\/uploads\/2025\/08\/11.jpg","contentUrl":"https:\/\/tzionlibreria.com\/wp-content\/uploads\/2025\/08\/11.jpg","width":1080,"height":1080},{"@type":"BreadcrumbList","@id":"https:\/\/tzionlibreria.com\/index.php\/product\/la-biblia-del-pescador-edicion-liderazgo-rvr-1960-piel\/#breadcrumb","itemListElement":[{"@type":"ListItem","position":1,"name":"Inicio","item":"https:\/\/tzionlibreria.com\/"},{"@type":"ListItem","position":2,"name":"Shop","item":"https:\/\/tzionlibreria.com\/index.php\/shop\/"},{"@type":"ListItem","position":3,"name":"La Biblia del Pescador \u2013 Edici\u00f3n Liderazgo, RVR 1960 Piel"}]},{"@type":"WebSite","@id":"https:\/\/tzionlibreria.com\/#website","url":"https:\/\/tzionlibreria.com\/","name":"tzionlibreria.com","description":"Libreria Cristiana Venezuela","publisher":{"@id":"https:\/\/tzionlibreria.com\/#organization"},"potentialAction":[{"@type":"SearchAction","target":{"@type":"EntryPoint","urlTemplate":"https:\/\/tzionlibreria.com\/?s={search_term_string}"},"query-input":{"@type":"PropertyValueSpecification","valueRequired":true,"valueName":"search_term_string"}}],"inLanguage":"es-CO"},{"@type":"Organization","@id":"https:\/\/tzionlibreria.com\/#organization","name":"tzionlibreria.com","url":"https:\/\/tzionlibreria.com\/","logo":{"@type":"ImageObject","inLanguage":"es-CO","@id":"https:\/\/tzionlibreria.com\/#\/schema\/logo\/image\/","url":"https:\/\/tzionlibreria.com\/wp-content\/uploads\/2023\/10\/cropped-Cuadricula-scaled-1.jpg","contentUrl":"https:\/\/tzionlibreria.com\/wp-content\/uploads\/2023\/10\/cropped-Cuadricula-scaled-1.jpg","width":2560,"height":2560,"caption":"tzionlibreria.com"},"image":{"@id":"https:\/\/tzionlibreria.com\/#\/schema\/logo\/image\/"}}]}},"jetpack_sharing_enabled":true,"_links":{"self":[{"href":"https:\/\/tzionlibreria.com\/index.php\/wp-json\/wp\/v2\/product\/5752","targetHints":{"allow":["GET"]}}],"collection":[{"href":"https:\/\/tzionlibreria.com\/index.php\/wp-json\/wp\/v2\/product"}],"about":[{"href":"https:\/\/tzionlibreria.com\/index.php\/wp-json\/wp\/v2\/types\/product"}],"replies":[{"embeddable":true,"href":"https:\/\/tzionlibreria.com\/index.php\/wp-json\/wp\/v2\/comments?post=5752"}],"wp:featuredmedia":[{"embeddable":true,"href":"https:\/\/tzionlibreria.com\/index.php\/wp-json\/wp\/v2\/media\/5753"}],"wp:attachment":[{"href":"https:\/\/tzionlibreria.com\/index.php\/wp-json\/wp\/v2\/media?parent=5752"}],"wp:term":[{"taxonomy":"product_brand","embeddable":true,"href":"https:\/\/tzionlibreria.com\/index.php\/wp-json\/wp\/v2\/product_brand?post=5752"},{"taxonomy":"product_cat","embeddable":true,"href":"https:\/\/tzionlibreria.com\/index.php\/wp-json\/wp\/v2\/product_cat?post=5752"},{"taxonomy":"product_tag","embeddable":true,"href":"https:\/\/tzionlibreria.com\/index.php\/wp-json\/wp\/v2\/product_tag?post=5752"}],"curies":[{"name":"wp","href":"https:\/\/api.w.org\/{rel}","templated":true}]}}