{"id":5764,"date":"2025-08-20T00:52:52","date_gmt":"2025-08-20T00:52:52","guid":{"rendered":"https:\/\/tzionlibreria.com\/?post_type=product&#038;p=5764"},"modified":"2025-09-24T13:24:44","modified_gmt":"2025-09-24T13:24:44","slug":"biblia-de-estudio-diario-vivir-para-jovenes-ntv-filament-tapa-dura","status":"publish","type":"product","link":"https:\/\/tzionlibreria.com\/index.php\/product\/biblia-de-estudio-diario-vivir-para-jovenes-ntv-filament-tapa-dura\/","title":{"rendered":"Biblia de Estudio Diario Vivir para J\u00f3venes NTV Tapa Dura &#8211; app Filament"},"content":{"rendered":"<p data-start=\"83\" data-end=\"160\">\ud83d\udcd6\ud83d\udd25 <strong data-start=\"88\" data-end=\"158\">Biblia de Estudio del Diario Vivir para J\u00f3venes \u2013 NTV con Filament<\/strong><\/p>\n<p data-start=\"162\" data-end=\"465\">\u00a1El estudio de la Biblia cobra vida! \u2728 Esta Biblia, con un <strong data-start=\"221\" data-end=\"246\">interior a todo color<\/strong> y un dise\u00f1o visualmente llamativo, invita a los j\u00f3venes a profundizar en las Escrituras de manera din\u00e1mica y significativa. Su objetivo es claro: ayudarte a conocer m\u00e1s de Dios y comprender mejor Su obra en el mundo.<\/p>\n<p data-start=\"467\" data-end=\"674\">Usa el texto fiel y claro de la <strong data-start=\"499\" data-end=\"534\">Nueva Traducci\u00f3n Viviente (NTV)<\/strong> y est\u00e1 habilitada con la innovadora <strong data-start=\"571\" data-end=\"600\">aplicaci\u00f3n Filament Bible<\/strong>, que amplifica tu estudio con miles de recursos digitales interactivos.<\/p>\n<p data-start=\"676\" data-end=\"713\">\ud83c\udf1f <strong data-start=\"679\" data-end=\"711\">Caracter\u00edsticas principales:<\/strong><\/p>\n<ul data-start=\"714\" data-end=\"1187\">\n<li data-start=\"714\" data-end=\"769\">\n<p data-start=\"716\" data-end=\"769\">Texto b\u00edblico: <strong data-start=\"731\" data-end=\"766\">NTV \u2013 Nueva Traducci\u00f3n Viviente<\/strong>.<\/p>\n<\/li>\n<li data-start=\"770\" data-end=\"796\">\n<p data-start=\"772\" data-end=\"796\">Interior a todo color.<\/p>\n<\/li>\n<li data-start=\"797\" data-end=\"848\">\n<p data-start=\"799\" data-end=\"848\">Miles de notas de estudio impresas y digitales.<\/p>\n<\/li>\n<li data-start=\"849\" data-end=\"911\">\n<p data-start=\"851\" data-end=\"911\">Gu\u00eda de lectura que conecta la trama central de la Biblia.<\/p>\n<\/li>\n<li data-start=\"912\" data-end=\"958\">\n<p data-start=\"914\" data-end=\"958\">81 res\u00famenes de personajes b\u00edblicos clave.<\/p>\n<\/li>\n<li data-start=\"959\" data-end=\"1010\">\n<p data-start=\"961\" data-end=\"1010\">136 im\u00e1genes ilustrativas de lugares y objetos.<\/p>\n<\/li>\n<li data-start=\"1011\" data-end=\"1071\">\n<p data-start=\"1013\" data-end=\"1071\">59 respuestas a preguntas esenciales de la fe cristiana.<\/p>\n<\/li>\n<li data-start=\"1072\" data-end=\"1107\">\n<p data-start=\"1074\" data-end=\"1107\">315 mapas, cuadros y diagramas.<\/p>\n<\/li>\n<li data-start=\"1108\" data-end=\"1138\">\n<p data-start=\"1110\" data-end=\"1138\">L\u00edneas de tiempo b\u00edblicas.<\/p>\n<\/li>\n<li data-start=\"1139\" data-end=\"1187\">\n<p data-start=\"1141\" data-end=\"1187\">Compatible con la <strong data-start=\"1159\" data-end=\"1175\">app Filament<\/strong> (gratis).<\/p>\n<\/li>\n<\/ul>\n<p data-start=\"1189\" data-end=\"1237\">\ud83d\udcf2 <strong data-start=\"1192\" data-end=\"1235\">Recursos digitales con la App Filament:<\/strong><\/p>\n<ul data-start=\"1238\" data-end=\"1560\">\n<li data-start=\"1238\" data-end=\"1278\">\n<p data-start=\"1240\" data-end=\"1278\">25,000 notas de estudio de expertos.<\/p>\n<\/li>\n<li data-start=\"1279\" data-end=\"1302\">\n<p data-start=\"1281\" data-end=\"1302\">Biblia en audio \ud83c\udfa7.<\/p>\n<\/li>\n<li data-start=\"1303\" data-end=\"1338\">\n<p data-start=\"1305\" data-end=\"1338\">M\u00e1s de 100 videos explicativos.<\/p>\n<\/li>\n<li data-start=\"1339\" data-end=\"1380\">\n<p data-start=\"1341\" data-end=\"1380\">30+ mapas e infograf\u00edas interactivas.<\/p>\n<\/li>\n<li data-start=\"1381\" data-end=\"1428\">\n<p data-start=\"1383\" data-end=\"1428\">Perfiles biogr\u00e1ficos y art\u00edculos tem\u00e1ticos.<\/p>\n<\/li>\n<li data-start=\"1429\" data-end=\"1487\">\n<p data-start=\"1431\" data-end=\"1487\">+1,000 art\u00edculos devocionales para inspiraci\u00f3n diaria.<\/p>\n<\/li>\n<li data-start=\"1488\" data-end=\"1518\">\n<p data-start=\"1490\" data-end=\"1518\">Planes de lectura b\u00edblica.<\/p>\n<\/li>\n<li data-start=\"1519\" data-end=\"1560\">\n<p data-start=\"1521\" data-end=\"1560\">Biblioteca de m\u00fasica de adoraci\u00f3n \ud83c\udfb6.<\/p>\n<\/li>\n<\/ul>\n<p data-start=\"1562\" data-end=\"1736\">\u2705 Una Biblia <strong data-start=\"1575\" data-end=\"1608\">moderna, visual e interactiva<\/strong>, pensada para j\u00f3venes que desean crecer en su fe y experimentar la Palabra de Dios de una manera fresca, pr\u00e1ctica y profunda.<\/p>\n<hr data-start=\"1738\" data-end=\"1743\" \/>\n<p data-start=\"1745\" data-end=\"1857\" data-is-last-node=\"\" data-is-only-node=\"\">\n","protected":false},"excerpt":{"rendered":"<p>\ud83d\udcd6\ud83d\udd25 Biblia de Estudio del Diario Vivir para J\u00f3venes \u2013 NTV con Filament \u00a1El estudio de la Biblia cobra vida! \u2728 Esta Biblia, con un interior a todo color y un dise\u00f1o visualmente llamativo, invita a los j\u00f3venes a profundizar en las Escrituras de manera din\u00e1mica y significativa. Su objetivo es claro: ayudarte a conocer [&hellip;]<\/p>\n","protected":false},"featured_media":5766,"comment_status":"open","ping_status":"closed","template":"","meta":{"om_disable_all_campaigns":false,"_monsterinsights_skip_tracking":false,"_monsterinsights_sitenote_active":false,"_monsterinsights_sitenote_note":"","_monsterinsights_sitenote_category":0,"site-sidebar-layout":"default","site-content-layout":"","ast-site-content-layout":"default","site-content-style":"default","site-sidebar-style":"default","ast-global-header-display":"","ast-banner-title-visibility":"","ast-main-header-display":"","ast-hfb-above-header-display":"","ast-hfb-below-header-display":"","ast-hfb-mobile-header-display":"","site-post-title":"","ast-breadcrumbs-content":"","ast-featured-img":"","footer-sml-layout":"","ast-disable-related-posts":"","theme-transparent-header-meta":"default","adv-header-id-meta":"","stick-header-meta":"","header-above-stick-meta":"","header-main-stick-meta":"","header-below-stick-meta":"","astra-migrate-meta-layouts":"set","ast-page-background-enabled":"default","ast-page-background-meta":{"desktop":{"background-color":"var(--ast-global-color-4)","background-image":"","background-repeat":"repeat","background-position":"center center","background-size":"auto","background-attachment":"scroll","background-type":"","background-media":"","overlay-type":"","overlay-color":"","overlay-opacity":"","overlay-gradient":""},"tablet":{"background-color":"","background-image":"","background-repeat":"repeat","background-position":"center center","background-size":"auto","background-attachment":"scroll","background-type":"","background-media":"","overlay-type":"","overlay-color":"","overlay-opacity":"","overlay-gradient":""},"mobile":{"background-color":"","background-image":"","background-repeat":"repeat","background-position":"center center","background-size":"auto","background-attachment":"scroll","background-type":"","background-media":"","overlay-type":"","overlay-color":"","overlay-opacity":"","overlay-gradient":""}},"ast-content-background-meta":{"desktop":{"background-color":"var(--ast-global-color-5)","background-image":"","background-repeat":"repeat","background-position":"center center","background-size":"auto","background-attachment":"scroll","background-type":"","background-media":"","overlay-type":"","overlay-color":"","overlay-opacity":"","overlay-gradient":""},"tablet":{"background-color":"var(--ast-global-color-5)","background-image":"","background-repeat":"repeat","background-position":"center center","background-size":"auto","background-attachment":"scroll","background-type":"","background-media":"","overlay-type":"","overlay-color":"","overlay-opacity":"","overlay-gradient":""},"mobile":{"background-color":"var(--ast-global-color-5)","background-image":"","background-repeat":"repeat","background-position":"center center","background-size":"auto","background-attachment":"scroll","background-type":"","background-media":"","overlay-type":"","overlay-color":"","overlay-opacity":"","overlay-gradient":""}}},"product_brand":[],"product_cat":[22,31],"product_tag":[],"class_list":{"0":"post-5764","1":"product","2":"type-product","3":"status-publish","4":"has-post-thumbnail","6":"product_cat-biblias","7":"product_cat-biblias-ntv","8":"desktop-align-left","9":"tablet-align-left","10":"mobile-align-left","12":"first","13":"outofstock","14":"shipping-taxable","15":"purchasable","16":"product-type-simple"},"yoast_head":"<!-- This site is optimized with the Yoast SEO plugin v27.4 - https:\/\/yoast.com\/product\/yoast-seo-wordpress\/ -->\n<title>Biblia de Estudio Diario Vivir para J\u00f3venes NTV Tapa Dura - app Filament - tzionlibreria.com<\/title>\n<meta name=\"description\" content=\"Biblia a todo color y un dise\u00f1o visualmente llamativo, invita a los j\u00f3venes a profundizar en las Escrituras de manera din\u00e1mica y significativa.\" \/>\n<meta name=\"robots\" content=\"index, follow, max-snippet:-1, max-image-preview:large, max-video-preview:-1\" \/>\n<link rel=\"canonical\" href=\"https:\/\/tzionlibreria.com\/index.php\/product\/biblia-de-estudio-diario-vivir-para-jovenes-ntv-filament-tapa-dura\/\" \/>\n<meta property=\"og:locale\" content=\"es_ES\" \/>\n<meta property=\"og:type\" content=\"article\" \/>\n<meta property=\"og:title\" content=\"Biblia de Estudio Diario Vivir para J\u00f3venes NTV Tapa Dura - app Filament - tzionlibreria.com\" \/>\n<meta property=\"og:description\" content=\"Biblia a todo color y un dise\u00f1o visualmente llamativo, invita a los j\u00f3venes a profundizar en las Escrituras de manera din\u00e1mica y significativa.\" \/>\n<meta property=\"og:url\" content=\"https:\/\/tzionlibreria.com\/index.php\/product\/biblia-de-estudio-diario-vivir-para-jovenes-ntv-filament-tapa-dura\/\" \/>\n<meta property=\"og:site_name\" content=\"tzionlibreria.com\" \/>\n<meta property=\"article:modified_time\" content=\"2025-09-24T13:24:44+00:00\" \/>\n<meta property=\"og:image\" content=\"http:\/\/tzionlibreria.com\/wp-content\/uploads\/2025\/08\/12.jpg\" \/>\n\t<meta property=\"og:image:width\" content=\"1080\" \/>\n\t<meta property=\"og:image:height\" content=\"1080\" \/>\n\t<meta property=\"og:image:type\" content=\"image\/jpeg\" \/>\n<meta name=\"twitter:card\" content=\"summary_large_image\" \/>\n<meta name=\"twitter:label1\" content=\"Tiempo de lectura\" \/>\n\t<meta name=\"twitter:data1\" content=\"2 minutos\" \/>\n<script type=\"application\/ld+json\" class=\"yoast-schema-graph\">{\"@context\":\"https:\\\/\\\/schema.org\",\"@graph\":[{\"@type\":\"WebPage\",\"@id\":\"https:\\\/\\\/tzionlibreria.com\\\/index.php\\\/product\\\/biblia-de-estudio-diario-vivir-para-jovenes-ntv-filament-tapa-dura\\\/\",\"url\":\"https:\\\/\\\/tzionlibreria.com\\\/index.php\\\/product\\\/biblia-de-estudio-diario-vivir-para-jovenes-ntv-filament-tapa-dura\\\/\",\"name\":\"Biblia de Estudio Diario Vivir para J\u00f3venes NTV Tapa Dura - app Filament - tzionlibreria.com\",\"isPartOf\":{\"@id\":\"https:\\\/\\\/tzionlibreria.com\\\/#website\"},\"primaryImageOfPage\":{\"@id\":\"https:\\\/\\\/tzionlibreria.com\\\/index.php\\\/product\\\/biblia-de-estudio-diario-vivir-para-jovenes-ntv-filament-tapa-dura\\\/#primaryimage\"},\"image\":{\"@id\":\"https:\\\/\\\/tzionlibreria.com\\\/index.php\\\/product\\\/biblia-de-estudio-diario-vivir-para-jovenes-ntv-filament-tapa-dura\\\/#primaryimage\"},\"thumbnailUrl\":\"https:\\\/\\\/tzionlibreria.com\\\/wp-content\\\/uploads\\\/2025\\\/08\\\/12.jpg\",\"datePublished\":\"2025-08-20T00:52:52+00:00\",\"dateModified\":\"2025-09-24T13:24:44+00:00\",\"description\":\"Biblia a todo color y un dise\u00f1o visualmente llamativo, invita a los j\u00f3venes a profundizar en las Escrituras de manera din\u00e1mica y significativa.\",\"breadcrumb\":{\"@id\":\"https:\\\/\\\/tzionlibreria.com\\\/index.php\\\/product\\\/biblia-de-estudio-diario-vivir-para-jovenes-ntv-filament-tapa-dura\\\/#breadcrumb\"},\"inLanguage\":\"es-CO\",\"potentialAction\":[{\"@type\":\"ReadAction\",\"target\":[\"https:\\\/\\\/tzionlibreria.com\\\/index.php\\\/product\\\/biblia-de-estudio-diario-vivir-para-jovenes-ntv-filament-tapa-dura\\\/\"]}]},{\"@type\":\"ImageObject\",\"inLanguage\":\"es-CO\",\"@id\":\"https:\\\/\\\/tzionlibreria.com\\\/index.php\\\/product\\\/biblia-de-estudio-diario-vivir-para-jovenes-ntv-filament-tapa-dura\\\/#primaryimage\",\"url\":\"https:\\\/\\\/tzionlibreria.com\\\/wp-content\\\/uploads\\\/2025\\\/08\\\/12.jpg\",\"contentUrl\":\"https:\\\/\\\/tzionlibreria.com\\\/wp-content\\\/uploads\\\/2025\\\/08\\\/12.jpg\",\"width\":1080,\"height\":1080},{\"@type\":\"BreadcrumbList\",\"@id\":\"https:\\\/\\\/tzionlibreria.com\\\/index.php\\\/product\\\/biblia-de-estudio-diario-vivir-para-jovenes-ntv-filament-tapa-dura\\\/#breadcrumb\",\"itemListElement\":[{\"@type\":\"ListItem\",\"position\":1,\"name\":\"Inicio\",\"item\":\"https:\\\/\\\/tzionlibreria.com\\\/\"},{\"@type\":\"ListItem\",\"position\":2,\"name\":\"Shop\",\"item\":\"https:\\\/\\\/tzionlibreria.com\\\/index.php\\\/shop\\\/\"},{\"@type\":\"ListItem\",\"position\":3,\"name\":\"Biblia de Estudio Diario Vivir para J\u00f3venes NTV Tapa Dura &#8211; app Filament\"}]},{\"@type\":\"WebSite\",\"@id\":\"https:\\\/\\\/tzionlibreria.com\\\/#website\",\"url\":\"https:\\\/\\\/tzionlibreria.com\\\/\",\"name\":\"tzionlibreria.com\",\"description\":\"Libreria Cristiana Venezuela\",\"publisher\":{\"@id\":\"https:\\\/\\\/tzionlibreria.com\\\/#organization\"},\"potentialAction\":[{\"@type\":\"SearchAction\",\"target\":{\"@type\":\"EntryPoint\",\"urlTemplate\":\"https:\\\/\\\/tzionlibreria.com\\\/?s={search_term_string}\"},\"query-input\":{\"@type\":\"PropertyValueSpecification\",\"valueRequired\":true,\"valueName\":\"search_term_string\"}}],\"inLanguage\":\"es-CO\"},{\"@type\":\"Organization\",\"@id\":\"https:\\\/\\\/tzionlibreria.com\\\/#organization\",\"name\":\"tzionlibreria.com\",\"url\":\"https:\\\/\\\/tzionlibreria.com\\\/\",\"logo\":{\"@type\":\"ImageObject\",\"inLanguage\":\"es-CO\",\"@id\":\"https:\\\/\\\/tzionlibreria.com\\\/#\\\/schema\\\/logo\\\/image\\\/\",\"url\":\"https:\\\/\\\/tzionlibreria.com\\\/wp-content\\\/uploads\\\/2023\\\/10\\\/cropped-Cuadricula-scaled-1.jpg\",\"contentUrl\":\"https:\\\/\\\/tzionlibreria.com\\\/wp-content\\\/uploads\\\/2023\\\/10\\\/cropped-Cuadricula-scaled-1.jpg\",\"width\":2560,\"height\":2560,\"caption\":\"tzionlibreria.com\"},\"image\":{\"@id\":\"https:\\\/\\\/tzionlibreria.com\\\/#\\\/schema\\\/logo\\\/image\\\/\"}}]}<\/script>\n<!-- \/ Yoast SEO plugin. -->","yoast_head_json":{"title":"Biblia de Estudio Diario Vivir para J\u00f3venes NTV Tapa Dura - app Filament - tzionlibreria.com","description":"Biblia a todo color y un dise\u00f1o visualmente llamativo, invita a los j\u00f3venes a profundizar en las Escrituras de manera din\u00e1mica y significativa.","robots":{"index":"index","follow":"follow","max-snippet":"max-snippet:-1","max-image-preview":"max-image-preview:large","max-video-preview":"max-video-preview:-1"},"canonical":"https:\/\/tzionlibreria.com\/index.php\/product\/biblia-de-estudio-diario-vivir-para-jovenes-ntv-filament-tapa-dura\/","og_locale":"es_ES","og_type":"article","og_title":"Biblia de Estudio Diario Vivir para J\u00f3venes NTV Tapa Dura - app Filament - tzionlibreria.com","og_description":"Biblia a todo color y un dise\u00f1o visualmente llamativo, invita a los j\u00f3venes a profundizar en las Escrituras de manera din\u00e1mica y significativa.","og_url":"https:\/\/tzionlibreria.com\/index.php\/product\/biblia-de-estudio-diario-vivir-para-jovenes-ntv-filament-tapa-dura\/","og_site_name":"tzionlibreria.com","article_modified_time":"2025-09-24T13:24:44+00:00","og_image":[{"width":1080,"height":1080,"url":"http:\/\/tzionlibreria.com\/wp-content\/uploads\/2025\/08\/12.jpg","type":"image\/jpeg"}],"twitter_card":"summary_large_image","twitter_misc":{"Tiempo de lectura":"2 minutos"},"schema":{"@context":"https:\/\/schema.org","@graph":[{"@type":"WebPage","@id":"https:\/\/tzionlibreria.com\/index.php\/product\/biblia-de-estudio-diario-vivir-para-jovenes-ntv-filament-tapa-dura\/","url":"https:\/\/tzionlibreria.com\/index.php\/product\/biblia-de-estudio-diario-vivir-para-jovenes-ntv-filament-tapa-dura\/","name":"Biblia de Estudio Diario Vivir para J\u00f3venes NTV Tapa Dura - app Filament - tzionlibreria.com","isPartOf":{"@id":"https:\/\/tzionlibreria.com\/#website"},"primaryImageOfPage":{"@id":"https:\/\/tzionlibreria.com\/index.php\/product\/biblia-de-estudio-diario-vivir-para-jovenes-ntv-filament-tapa-dura\/#primaryimage"},"image":{"@id":"https:\/\/tzionlibreria.com\/index.php\/product\/biblia-de-estudio-diario-vivir-para-jovenes-ntv-filament-tapa-dura\/#primaryimage"},"thumbnailUrl":"https:\/\/tzionlibreria.com\/wp-content\/uploads\/2025\/08\/12.jpg","datePublished":"2025-08-20T00:52:52+00:00","dateModified":"2025-09-24T13:24:44+00:00","description":"Biblia a todo color y un dise\u00f1o visualmente llamativo, invita a los j\u00f3venes a profundizar en las Escrituras de manera din\u00e1mica y significativa.","breadcrumb":{"@id":"https:\/\/tzionlibreria.com\/index.php\/product\/biblia-de-estudio-diario-vivir-para-jovenes-ntv-filament-tapa-dura\/#breadcrumb"},"inLanguage":"es-CO","potentialAction":[{"@type":"ReadAction","target":["https:\/\/tzionlibreria.com\/index.php\/product\/biblia-de-estudio-diario-vivir-para-jovenes-ntv-filament-tapa-dura\/"]}]},{"@type":"ImageObject","inLanguage":"es-CO","@id":"https:\/\/tzionlibreria.com\/index.php\/product\/biblia-de-estudio-diario-vivir-para-jovenes-ntv-filament-tapa-dura\/#primaryimage","url":"https:\/\/tzionlibreria.com\/wp-content\/uploads\/2025\/08\/12.jpg","contentUrl":"https:\/\/tzionlibreria.com\/wp-content\/uploads\/2025\/08\/12.jpg","width":1080,"height":1080},{"@type":"BreadcrumbList","@id":"https:\/\/tzionlibreria.com\/index.php\/product\/biblia-de-estudio-diario-vivir-para-jovenes-ntv-filament-tapa-dura\/#breadcrumb","itemListElement":[{"@type":"ListItem","position":1,"name":"Inicio","item":"https:\/\/tzionlibreria.com\/"},{"@type":"ListItem","position":2,"name":"Shop","item":"https:\/\/tzionlibreria.com\/index.php\/shop\/"},{"@type":"ListItem","position":3,"name":"Biblia de Estudio Diario Vivir para J\u00f3venes NTV Tapa Dura &#8211; app Filament"}]},{"@type":"WebSite","@id":"https:\/\/tzionlibreria.com\/#website","url":"https:\/\/tzionlibreria.com\/","name":"tzionlibreria.com","description":"Libreria Cristiana Venezuela","publisher":{"@id":"https:\/\/tzionlibreria.com\/#organization"},"potentialAction":[{"@type":"SearchAction","target":{"@type":"EntryPoint","urlTemplate":"https:\/\/tzionlibreria.com\/?s={search_term_string}"},"query-input":{"@type":"PropertyValueSpecification","valueRequired":true,"valueName":"search_term_string"}}],"inLanguage":"es-CO"},{"@type":"Organization","@id":"https:\/\/tzionlibreria.com\/#organization","name":"tzionlibreria.com","url":"https:\/\/tzionlibreria.com\/","logo":{"@type":"ImageObject","inLanguage":"es-CO","@id":"https:\/\/tzionlibreria.com\/#\/schema\/logo\/image\/","url":"https:\/\/tzionlibreria.com\/wp-content\/uploads\/2023\/10\/cropped-Cuadricula-scaled-1.jpg","contentUrl":"https:\/\/tzionlibreria.com\/wp-content\/uploads\/2023\/10\/cropped-Cuadricula-scaled-1.jpg","width":2560,"height":2560,"caption":"tzionlibreria.com"},"image":{"@id":"https:\/\/tzionlibreria.com\/#\/schema\/logo\/image\/"}}]}},"jetpack_sharing_enabled":true,"_links":{"self":[{"href":"https:\/\/tzionlibreria.com\/index.php\/wp-json\/wp\/v2\/product\/5764","targetHints":{"allow":["GET"]}}],"collection":[{"href":"https:\/\/tzionlibreria.com\/index.php\/wp-json\/wp\/v2\/product"}],"about":[{"href":"https:\/\/tzionlibreria.com\/index.php\/wp-json\/wp\/v2\/types\/product"}],"replies":[{"embeddable":true,"href":"https:\/\/tzionlibreria.com\/index.php\/wp-json\/wp\/v2\/comments?post=5764"}],"wp:featuredmedia":[{"embeddable":true,"href":"https:\/\/tzionlibreria.com\/index.php\/wp-json\/wp\/v2\/media\/5766"}],"wp:attachment":[{"href":"https:\/\/tzionlibreria.com\/index.php\/wp-json\/wp\/v2\/media?parent=5764"}],"wp:term":[{"taxonomy":"product_brand","embeddable":true,"href":"https:\/\/tzionlibreria.com\/index.php\/wp-json\/wp\/v2\/product_brand?post=5764"},{"taxonomy":"product_cat","embeddable":true,"href":"https:\/\/tzionlibreria.com\/index.php\/wp-json\/wp\/v2\/product_cat?post=5764"},{"taxonomy":"product_tag","embeddable":true,"href":"https:\/\/tzionlibreria.com\/index.php\/wp-json\/wp\/v2\/product_tag?post=5764"}],"curies":[{"name":"wp","href":"https:\/\/api.w.org\/{rel}","templated":true}]}}