{"id":5773,"date":"2025-08-20T01:05:58","date_gmt":"2025-08-20T01:05:58","guid":{"rendered":"https:\/\/tzionlibreria.com\/?post_type=product&#038;p=5773"},"modified":"2025-08-20T01:07:56","modified_gmt":"2025-08-20T01:07:56","slug":"biblia-de-estudio-del-diario-vivir-para-jovenes-ntv-piel-rosa-app-filament","status":"publish","type":"product","link":"https:\/\/tzionlibreria.com\/index.php\/product\/biblia-de-estudio-del-diario-vivir-para-jovenes-ntv-piel-rosa-app-filament\/","title":{"rendered":"Biblia de Estudio Diario Vivir para J\u00f3venes  NTV Piel Rosa- App Filament"},"content":{"rendered":"<p data-start=\"107\" data-end=\"211\">\ud83d\udcd6\u2728 <strong data-start=\"111\" data-end=\"209\">Biblia de Estudio del Diario Vivir para J\u00f3venes \u2013 NTV con Filament (Edici\u00f3n Rosada, Tapa Dura)<\/strong><\/p>\n<p data-start=\"213\" data-end=\"431\">\u00a1El estudio de la Biblia cobra vida! \ud83d\ude4c<br data-start=\"252\" data-end=\"255\" \/>Con un <strong data-start=\"262\" data-end=\"287\">interior a todo color<\/strong> y un dise\u00f1o moderno, esta Biblia invita a los j\u00f3venes a profundizar en las Escrituras y a conocer m\u00e1s de Dios de una manera din\u00e1mica y clara.<\/p>\n<p data-start=\"433\" data-end=\"745\">La <strong data-start=\"436\" data-end=\"487\">Biblia de Estudio del Diario Vivir para J\u00f3venes<\/strong> utiliza el texto fiel y accesible de la <strong data-start=\"528\" data-end=\"563\">Nueva Traducci\u00f3n Viviente (NTV)<\/strong> y est\u00e1 habilitada con la innovadora <strong data-start=\"600\" data-end=\"622\">app Filament Bible<\/strong>, que conecta cada p\u00e1gina con miles de recursos digitales interactivos para enriquecer tu tiempo devocional y de estudio.<\/p>\n<p data-start=\"747\" data-end=\"784\">\ud83c\udf1f <strong data-start=\"750\" data-end=\"782\">Caracter\u00edsticas principales:<\/strong><\/p>\n<ul data-start=\"785\" data-end=\"1246\">\n<li data-start=\"785\" data-end=\"840\">\n<p data-start=\"787\" data-end=\"840\">Texto b\u00edblico: <strong data-start=\"802\" data-end=\"837\">NTV \u2013 Nueva Traducci\u00f3n Viviente<\/strong>.<\/p>\n<\/li>\n<li data-start=\"841\" data-end=\"867\">\n<p data-start=\"843\" data-end=\"867\">Interior a todo color.<\/p>\n<\/li>\n<li data-start=\"868\" data-end=\"921\">\n<p data-start=\"870\" data-end=\"921\">Miles de notas de estudio (impresas y digitales).<\/p>\n<\/li>\n<li data-start=\"922\" data-end=\"976\">\n<p data-start=\"924\" data-end=\"976\">Gu\u00eda de lectura con la trama central de la Biblia.<\/p>\n<\/li>\n<li data-start=\"977\" data-end=\"1017\">\n<p data-start=\"979\" data-end=\"1017\">81 res\u00famenes de personajes b\u00edblicos.<\/p>\n<\/li>\n<li data-start=\"1018\" data-end=\"1069\">\n<p data-start=\"1020\" data-end=\"1069\">136 im\u00e1genes ilustrativas de lugares y objetos.<\/p>\n<\/li>\n<li data-start=\"1070\" data-end=\"1130\">\n<p data-start=\"1072\" data-end=\"1130\">59 respuestas a preguntas esenciales de la fe cristiana.<\/p>\n<\/li>\n<li data-start=\"1131\" data-end=\"1166\">\n<p data-start=\"1133\" data-end=\"1166\">315 mapas, cuadros y diagramas.<\/p>\n<\/li>\n<li data-start=\"1167\" data-end=\"1197\">\n<p data-start=\"1169\" data-end=\"1197\">L\u00edneas de tiempo b\u00edblicas.<\/p>\n<\/li>\n<li data-start=\"1198\" data-end=\"1246\">\n<p data-start=\"1200\" data-end=\"1246\">Compatible con la <strong data-start=\"1218\" data-end=\"1234\">app Filament<\/strong> (gratis).<\/p>\n<\/li>\n<\/ul>\n<p data-start=\"1248\" data-end=\"1286\">\ud83d\udcf2 <strong data-start=\"1251\" data-end=\"1284\">Recursos con la app Filament:<\/strong><\/p>\n<ul data-start=\"1287\" data-end=\"1612\">\n<li data-start=\"1287\" data-end=\"1346\">\n<p data-start=\"1289\" data-end=\"1346\">25,000 notas de estudio de m\u00e1s de 40 eruditos b\u00edblicos.<\/p>\n<\/li>\n<li data-start=\"1347\" data-end=\"1370\">\n<p data-start=\"1349\" data-end=\"1370\">Biblia en audio \ud83c\udfa7.<\/p>\n<\/li>\n<li data-start=\"1371\" data-end=\"1400\">\n<p data-start=\"1373\" data-end=\"1400\">100+ videos explicativos.<\/p>\n<\/li>\n<li data-start=\"1401\" data-end=\"1442\">\n<p data-start=\"1403\" data-end=\"1442\">30+ mapas e infograf\u00edas interactivas.<\/p>\n<\/li>\n<li data-start=\"1443\" data-end=\"1490\">\n<p data-start=\"1445\" data-end=\"1490\">Perfiles biogr\u00e1ficos y art\u00edculos tem\u00e1ticos.<\/p>\n<\/li>\n<li data-start=\"1491\" data-end=\"1539\">\n<p data-start=\"1493\" data-end=\"1539\">+1,000 devocionales para inspiraci\u00f3n diaria.<\/p>\n<\/li>\n<li data-start=\"1540\" data-end=\"1570\">\n<p data-start=\"1542\" data-end=\"1570\">Planes de lectura b\u00edblica.<\/p>\n<\/li>\n<li data-start=\"1571\" data-end=\"1612\">\n<p data-start=\"1573\" data-end=\"1612\">Biblioteca de m\u00fasica de adoraci\u00f3n \ud83c\udfb6.<\/p>\n<\/li>\n<\/ul>\n<p data-start=\"1614\" data-end=\"1653\">\ud83d\udcd0 <strong data-start=\"1617\" data-end=\"1651\">Especificaciones del producto:<\/strong><\/p>\n<ul data-start=\"1654\" data-end=\"1889\">\n<li data-start=\"1654\" data-end=\"1677\">\n<p data-start=\"1656\" data-end=\"1677\">ISBN: 9781496429902<\/p>\n<\/li>\n<li data-start=\"1678\" data-end=\"1712\">\n<p data-start=\"1680\" data-end=\"1712\">Dimensiones: 155 x 231 x 45 mm<\/p>\n<\/li>\n<li data-start=\"1713\" data-end=\"1731\">\n<p data-start=\"1715\" data-end=\"1731\">Peso: 1,030 kg<\/p>\n<\/li>\n<li data-start=\"1732\" data-end=\"1760\">\n<p data-start=\"1734\" data-end=\"1760\">N\u00famero de p\u00e1ginas: 1,792<\/p>\n<\/li>\n<li data-start=\"1761\" data-end=\"1797\">\n<p data-start=\"1763\" data-end=\"1797\">Fecha de publicaci\u00f3n: 17\/12\/2024<\/p>\n<\/li>\n<li data-start=\"1798\" data-end=\"1817\">\n<p data-start=\"1800\" data-end=\"1817\">Idioma: Espa\u00f1ol<\/p>\n<\/li>\n<li data-start=\"1818\" data-end=\"1834\">\n<p data-start=\"1820\" data-end=\"1834\">Versi\u00f3n: NTV<\/p>\n<\/li>\n<li data-start=\"1835\" data-end=\"1871\">\n<p data-start=\"1837\" data-end=\"1871\">Especialidad: Estudio + Filament<\/p>\n<\/li>\n<li data-start=\"1872\" data-end=\"1889\">\n<p data-start=\"1874\" data-end=\"1889\">Color: Rosado<\/p>\n<\/li>\n<\/ul>\n<p data-start=\"1891\" data-end=\"2070\">\u2705 Una Biblia pensada para <strong data-start=\"1917\" data-end=\"1955\">j\u00f3venes que desean crecer en su fe<\/strong>, disfrutar de un estudio profundo y vivir una experiencia b\u00edblica enriquecida con recursos digitales y visuales.<\/p>\n","protected":false},"excerpt":{"rendered":"<p>\ud83d\udcd6\u2728 Biblia de Estudio del Diario Vivir para J\u00f3venes \u2013 NTV con Filament (Edici\u00f3n Rosada, Tapa Dura) \u00a1El estudio de la Biblia cobra vida! \ud83d\ude4cCon un interior a todo color y un dise\u00f1o moderno, esta Biblia invita a los j\u00f3venes a profundizar en las Escrituras y a conocer m\u00e1s de Dios de una manera din\u00e1mica [&hellip;]<\/p>\n","protected":false},"featured_media":5774,"comment_status":"open","ping_status":"closed","template":"","meta":{"om_disable_all_campaigns":false,"_monsterinsights_skip_tracking":false,"_monsterinsights_sitenote_active":false,"_monsterinsights_sitenote_note":"","_monsterinsights_sitenote_category":0,"site-sidebar-layout":"default","site-content-layout":"","ast-site-content-layout":"default","site-content-style":"default","site-sidebar-style":"default","ast-global-header-display":"","ast-banner-title-visibility":"","ast-main-header-display":"","ast-hfb-above-header-display":"","ast-hfb-below-header-display":"","ast-hfb-mobile-header-display":"","site-post-title":"","ast-breadcrumbs-content":"","ast-featured-img":"","footer-sml-layout":"","ast-disable-related-posts":"","theme-transparent-header-meta":"default","adv-header-id-meta":"","stick-header-meta":"","header-above-stick-meta":"","header-main-stick-meta":"","header-below-stick-meta":"","astra-migrate-meta-layouts":"set","ast-page-background-enabled":"default","ast-page-background-meta":{"desktop":{"background-color":"var(--ast-global-color-4)","background-image":"","background-repeat":"repeat","background-position":"center center","background-size":"auto","background-attachment":"scroll","background-type":"","background-media":"","overlay-type":"","overlay-color":"","overlay-opacity":"","overlay-gradient":""},"tablet":{"background-color":"","background-image":"","background-repeat":"repeat","background-position":"center center","background-size":"auto","background-attachment":"scroll","background-type":"","background-media":"","overlay-type":"","overlay-color":"","overlay-opacity":"","overlay-gradient":""},"mobile":{"background-color":"","background-image":"","background-repeat":"repeat","background-position":"center center","background-size":"auto","background-attachment":"scroll","background-type":"","background-media":"","overlay-type":"","overlay-color":"","overlay-opacity":"","overlay-gradient":""}},"ast-content-background-meta":{"desktop":{"background-color":"var(--ast-global-color-5)","background-image":"","background-repeat":"repeat","background-position":"center center","background-size":"auto","background-attachment":"scroll","background-type":"","background-media":"","overlay-type":"","overlay-color":"","overlay-opacity":"","overlay-gradient":""},"tablet":{"background-color":"var(--ast-global-color-5)","background-image":"","background-repeat":"repeat","background-position":"center center","background-size":"auto","background-attachment":"scroll","background-type":"","background-media":"","overlay-type":"","overlay-color":"","overlay-opacity":"","overlay-gradient":""},"mobile":{"background-color":"var(--ast-global-color-5)","background-image":"","background-repeat":"repeat","background-position":"center center","background-size":"auto","background-attachment":"scroll","background-type":"","background-media":"","overlay-type":"","overlay-color":"","overlay-opacity":"","overlay-gradient":""}}},"product_brand":[],"product_cat":[304,22,30,31],"product_tag":[],"class_list":{"0":"post-5773","1":"product","2":"type-product","3":"status-publish","4":"has-post-thumbnail","6":"product_cat-biblia-juvenil","7":"product_cat-biblias","8":"product_cat-biblia-de-estudio","9":"product_cat-biblias-ntv","10":"desktop-align-left","11":"tablet-align-left","12":"mobile-align-left","14":"first","15":"instock","16":"shipping-taxable","17":"purchasable","18":"product-type-simple"},"yoast_head":"<!-- This site is optimized with the Yoast SEO plugin v27.4 - https:\/\/yoast.com\/product\/yoast-seo-wordpress\/ -->\n<title>Biblia de Estudio Diario Vivir para J\u00f3venes NTV Piel Rosa- App Filament - tzionlibreria.com<\/title>\n<meta name=\"description\" content=\"Biblia para j\u00f3venes que desean crecer en su fe, disfrutar de un estudio profundo y vivir una experiencia b\u00edblica enriquecida con recursos digitales.\" \/>\n<meta name=\"robots\" content=\"index, follow, max-snippet:-1, max-image-preview:large, max-video-preview:-1\" \/>\n<link rel=\"canonical\" href=\"https:\/\/tzionlibreria.com\/index.php\/product\/biblia-de-estudio-del-diario-vivir-para-jovenes-ntv-piel-rosa-app-filament\/\" \/>\n<meta property=\"og:locale\" content=\"es_ES\" \/>\n<meta property=\"og:type\" content=\"article\" \/>\n<meta property=\"og:title\" content=\"Biblia de Estudio Diario Vivir para J\u00f3venes NTV Piel Rosa- App Filament - tzionlibreria.com\" \/>\n<meta property=\"og:description\" content=\"Biblia para j\u00f3venes que desean crecer en su fe, disfrutar de un estudio profundo y vivir una experiencia b\u00edblica enriquecida con recursos digitales.\" \/>\n<meta property=\"og:url\" content=\"https:\/\/tzionlibreria.com\/index.php\/product\/biblia-de-estudio-del-diario-vivir-para-jovenes-ntv-piel-rosa-app-filament\/\" \/>\n<meta property=\"og:site_name\" content=\"tzionlibreria.com\" \/>\n<meta property=\"article:modified_time\" content=\"2025-08-20T01:07:56+00:00\" \/>\n<meta property=\"og:image\" content=\"http:\/\/tzionlibreria.com\/wp-content\/uploads\/2025\/08\/13.jpg\" \/>\n\t<meta property=\"og:image:width\" content=\"1080\" \/>\n\t<meta property=\"og:image:height\" content=\"1080\" \/>\n\t<meta property=\"og:image:type\" content=\"image\/jpeg\" \/>\n<meta name=\"twitter:card\" content=\"summary_large_image\" \/>\n<meta name=\"twitter:label1\" content=\"Tiempo de lectura\" \/>\n\t<meta name=\"twitter:data1\" content=\"2 minutos\" \/>\n<script type=\"application\/ld+json\" class=\"yoast-schema-graph\">{\"@context\":\"https:\\\/\\\/schema.org\",\"@graph\":[{\"@type\":\"WebPage\",\"@id\":\"https:\\\/\\\/tzionlibreria.com\\\/index.php\\\/product\\\/biblia-de-estudio-del-diario-vivir-para-jovenes-ntv-piel-rosa-app-filament\\\/\",\"url\":\"https:\\\/\\\/tzionlibreria.com\\\/index.php\\\/product\\\/biblia-de-estudio-del-diario-vivir-para-jovenes-ntv-piel-rosa-app-filament\\\/\",\"name\":\"Biblia de Estudio Diario Vivir para J\u00f3venes NTV Piel Rosa- App Filament - tzionlibreria.com\",\"isPartOf\":{\"@id\":\"https:\\\/\\\/tzionlibreria.com\\\/#website\"},\"primaryImageOfPage\":{\"@id\":\"https:\\\/\\\/tzionlibreria.com\\\/index.php\\\/product\\\/biblia-de-estudio-del-diario-vivir-para-jovenes-ntv-piel-rosa-app-filament\\\/#primaryimage\"},\"image\":{\"@id\":\"https:\\\/\\\/tzionlibreria.com\\\/index.php\\\/product\\\/biblia-de-estudio-del-diario-vivir-para-jovenes-ntv-piel-rosa-app-filament\\\/#primaryimage\"},\"thumbnailUrl\":\"https:\\\/\\\/tzionlibreria.com\\\/wp-content\\\/uploads\\\/2025\\\/08\\\/13.jpg\",\"datePublished\":\"2025-08-20T01:05:58+00:00\",\"dateModified\":\"2025-08-20T01:07:56+00:00\",\"description\":\"Biblia para j\u00f3venes que desean crecer en su fe, disfrutar de un estudio profundo y vivir una experiencia b\u00edblica enriquecida con recursos digitales.\",\"breadcrumb\":{\"@id\":\"https:\\\/\\\/tzionlibreria.com\\\/index.php\\\/product\\\/biblia-de-estudio-del-diario-vivir-para-jovenes-ntv-piel-rosa-app-filament\\\/#breadcrumb\"},\"inLanguage\":\"es-CO\",\"potentialAction\":[{\"@type\":\"ReadAction\",\"target\":[\"https:\\\/\\\/tzionlibreria.com\\\/index.php\\\/product\\\/biblia-de-estudio-del-diario-vivir-para-jovenes-ntv-piel-rosa-app-filament\\\/\"]}]},{\"@type\":\"ImageObject\",\"inLanguage\":\"es-CO\",\"@id\":\"https:\\\/\\\/tzionlibreria.com\\\/index.php\\\/product\\\/biblia-de-estudio-del-diario-vivir-para-jovenes-ntv-piel-rosa-app-filament\\\/#primaryimage\",\"url\":\"https:\\\/\\\/tzionlibreria.com\\\/wp-content\\\/uploads\\\/2025\\\/08\\\/13.jpg\",\"contentUrl\":\"https:\\\/\\\/tzionlibreria.com\\\/wp-content\\\/uploads\\\/2025\\\/08\\\/13.jpg\",\"width\":1080,\"height\":1080},{\"@type\":\"BreadcrumbList\",\"@id\":\"https:\\\/\\\/tzionlibreria.com\\\/index.php\\\/product\\\/biblia-de-estudio-del-diario-vivir-para-jovenes-ntv-piel-rosa-app-filament\\\/#breadcrumb\",\"itemListElement\":[{\"@type\":\"ListItem\",\"position\":1,\"name\":\"Inicio\",\"item\":\"https:\\\/\\\/tzionlibreria.com\\\/\"},{\"@type\":\"ListItem\",\"position\":2,\"name\":\"Shop\",\"item\":\"https:\\\/\\\/tzionlibreria.com\\\/index.php\\\/shop\\\/\"},{\"@type\":\"ListItem\",\"position\":3,\"name\":\"Biblia de Estudio Diario Vivir para J\u00f3venes NTV Piel Rosa- App Filament\"}]},{\"@type\":\"WebSite\",\"@id\":\"https:\\\/\\\/tzionlibreria.com\\\/#website\",\"url\":\"https:\\\/\\\/tzionlibreria.com\\\/\",\"name\":\"tzionlibreria.com\",\"description\":\"Libreria Cristiana Venezuela\",\"publisher\":{\"@id\":\"https:\\\/\\\/tzionlibreria.com\\\/#organization\"},\"potentialAction\":[{\"@type\":\"SearchAction\",\"target\":{\"@type\":\"EntryPoint\",\"urlTemplate\":\"https:\\\/\\\/tzionlibreria.com\\\/?s={search_term_string}\"},\"query-input\":{\"@type\":\"PropertyValueSpecification\",\"valueRequired\":true,\"valueName\":\"search_term_string\"}}],\"inLanguage\":\"es-CO\"},{\"@type\":\"Organization\",\"@id\":\"https:\\\/\\\/tzionlibreria.com\\\/#organization\",\"name\":\"tzionlibreria.com\",\"url\":\"https:\\\/\\\/tzionlibreria.com\\\/\",\"logo\":{\"@type\":\"ImageObject\",\"inLanguage\":\"es-CO\",\"@id\":\"https:\\\/\\\/tzionlibreria.com\\\/#\\\/schema\\\/logo\\\/image\\\/\",\"url\":\"https:\\\/\\\/tzionlibreria.com\\\/wp-content\\\/uploads\\\/2023\\\/10\\\/cropped-Cuadricula-scaled-1.jpg\",\"contentUrl\":\"https:\\\/\\\/tzionlibreria.com\\\/wp-content\\\/uploads\\\/2023\\\/10\\\/cropped-Cuadricula-scaled-1.jpg\",\"width\":2560,\"height\":2560,\"caption\":\"tzionlibreria.com\"},\"image\":{\"@id\":\"https:\\\/\\\/tzionlibreria.com\\\/#\\\/schema\\\/logo\\\/image\\\/\"}}]}<\/script>\n<!-- \/ Yoast SEO plugin. -->","yoast_head_json":{"title":"Biblia de Estudio Diario Vivir para J\u00f3venes NTV Piel Rosa- App Filament - tzionlibreria.com","description":"Biblia para j\u00f3venes que desean crecer en su fe, disfrutar de un estudio profundo y vivir una experiencia b\u00edblica enriquecida con recursos digitales.","robots":{"index":"index","follow":"follow","max-snippet":"max-snippet:-1","max-image-preview":"max-image-preview:large","max-video-preview":"max-video-preview:-1"},"canonical":"https:\/\/tzionlibreria.com\/index.php\/product\/biblia-de-estudio-del-diario-vivir-para-jovenes-ntv-piel-rosa-app-filament\/","og_locale":"es_ES","og_type":"article","og_title":"Biblia de Estudio Diario Vivir para J\u00f3venes NTV Piel Rosa- App Filament - tzionlibreria.com","og_description":"Biblia para j\u00f3venes que desean crecer en su fe, disfrutar de un estudio profundo y vivir una experiencia b\u00edblica enriquecida con recursos digitales.","og_url":"https:\/\/tzionlibreria.com\/index.php\/product\/biblia-de-estudio-del-diario-vivir-para-jovenes-ntv-piel-rosa-app-filament\/","og_site_name":"tzionlibreria.com","article_modified_time":"2025-08-20T01:07:56+00:00","og_image":[{"width":1080,"height":1080,"url":"http:\/\/tzionlibreria.com\/wp-content\/uploads\/2025\/08\/13.jpg","type":"image\/jpeg"}],"twitter_card":"summary_large_image","twitter_misc":{"Tiempo de lectura":"2 minutos"},"schema":{"@context":"https:\/\/schema.org","@graph":[{"@type":"WebPage","@id":"https:\/\/tzionlibreria.com\/index.php\/product\/biblia-de-estudio-del-diario-vivir-para-jovenes-ntv-piel-rosa-app-filament\/","url":"https:\/\/tzionlibreria.com\/index.php\/product\/biblia-de-estudio-del-diario-vivir-para-jovenes-ntv-piel-rosa-app-filament\/","name":"Biblia de Estudio Diario Vivir para J\u00f3venes NTV Piel Rosa- App Filament - tzionlibreria.com","isPartOf":{"@id":"https:\/\/tzionlibreria.com\/#website"},"primaryImageOfPage":{"@id":"https:\/\/tzionlibreria.com\/index.php\/product\/biblia-de-estudio-del-diario-vivir-para-jovenes-ntv-piel-rosa-app-filament\/#primaryimage"},"image":{"@id":"https:\/\/tzionlibreria.com\/index.php\/product\/biblia-de-estudio-del-diario-vivir-para-jovenes-ntv-piel-rosa-app-filament\/#primaryimage"},"thumbnailUrl":"https:\/\/tzionlibreria.com\/wp-content\/uploads\/2025\/08\/13.jpg","datePublished":"2025-08-20T01:05:58+00:00","dateModified":"2025-08-20T01:07:56+00:00","description":"Biblia para j\u00f3venes que desean crecer en su fe, disfrutar de un estudio profundo y vivir una experiencia b\u00edblica enriquecida con recursos digitales.","breadcrumb":{"@id":"https:\/\/tzionlibreria.com\/index.php\/product\/biblia-de-estudio-del-diario-vivir-para-jovenes-ntv-piel-rosa-app-filament\/#breadcrumb"},"inLanguage":"es-CO","potentialAction":[{"@type":"ReadAction","target":["https:\/\/tzionlibreria.com\/index.php\/product\/biblia-de-estudio-del-diario-vivir-para-jovenes-ntv-piel-rosa-app-filament\/"]}]},{"@type":"ImageObject","inLanguage":"es-CO","@id":"https:\/\/tzionlibreria.com\/index.php\/product\/biblia-de-estudio-del-diario-vivir-para-jovenes-ntv-piel-rosa-app-filament\/#primaryimage","url":"https:\/\/tzionlibreria.com\/wp-content\/uploads\/2025\/08\/13.jpg","contentUrl":"https:\/\/tzionlibreria.com\/wp-content\/uploads\/2025\/08\/13.jpg","width":1080,"height":1080},{"@type":"BreadcrumbList","@id":"https:\/\/tzionlibreria.com\/index.php\/product\/biblia-de-estudio-del-diario-vivir-para-jovenes-ntv-piel-rosa-app-filament\/#breadcrumb","itemListElement":[{"@type":"ListItem","position":1,"name":"Inicio","item":"https:\/\/tzionlibreria.com\/"},{"@type":"ListItem","position":2,"name":"Shop","item":"https:\/\/tzionlibreria.com\/index.php\/shop\/"},{"@type":"ListItem","position":3,"name":"Biblia de Estudio Diario Vivir para J\u00f3venes NTV Piel Rosa- App Filament"}]},{"@type":"WebSite","@id":"https:\/\/tzionlibreria.com\/#website","url":"https:\/\/tzionlibreria.com\/","name":"tzionlibreria.com","description":"Libreria Cristiana Venezuela","publisher":{"@id":"https:\/\/tzionlibreria.com\/#organization"},"potentialAction":[{"@type":"SearchAction","target":{"@type":"EntryPoint","urlTemplate":"https:\/\/tzionlibreria.com\/?s={search_term_string}"},"query-input":{"@type":"PropertyValueSpecification","valueRequired":true,"valueName":"search_term_string"}}],"inLanguage":"es-CO"},{"@type":"Organization","@id":"https:\/\/tzionlibreria.com\/#organization","name":"tzionlibreria.com","url":"https:\/\/tzionlibreria.com\/","logo":{"@type":"ImageObject","inLanguage":"es-CO","@id":"https:\/\/tzionlibreria.com\/#\/schema\/logo\/image\/","url":"https:\/\/tzionlibreria.com\/wp-content\/uploads\/2023\/10\/cropped-Cuadricula-scaled-1.jpg","contentUrl":"https:\/\/tzionlibreria.com\/wp-content\/uploads\/2023\/10\/cropped-Cuadricula-scaled-1.jpg","width":2560,"height":2560,"caption":"tzionlibreria.com"},"image":{"@id":"https:\/\/tzionlibreria.com\/#\/schema\/logo\/image\/"}}]}},"jetpack_sharing_enabled":true,"_links":{"self":[{"href":"https:\/\/tzionlibreria.com\/index.php\/wp-json\/wp\/v2\/product\/5773","targetHints":{"allow":["GET"]}}],"collection":[{"href":"https:\/\/tzionlibreria.com\/index.php\/wp-json\/wp\/v2\/product"}],"about":[{"href":"https:\/\/tzionlibreria.com\/index.php\/wp-json\/wp\/v2\/types\/product"}],"replies":[{"embeddable":true,"href":"https:\/\/tzionlibreria.com\/index.php\/wp-json\/wp\/v2\/comments?post=5773"}],"wp:featuredmedia":[{"embeddable":true,"href":"https:\/\/tzionlibreria.com\/index.php\/wp-json\/wp\/v2\/media\/5774"}],"wp:attachment":[{"href":"https:\/\/tzionlibreria.com\/index.php\/wp-json\/wp\/v2\/media?parent=5773"}],"wp:term":[{"taxonomy":"product_brand","embeddable":true,"href":"https:\/\/tzionlibreria.com\/index.php\/wp-json\/wp\/v2\/product_brand?post=5773"},{"taxonomy":"product_cat","embeddable":true,"href":"https:\/\/tzionlibreria.com\/index.php\/wp-json\/wp\/v2\/product_cat?post=5773"},{"taxonomy":"product_tag","embeddable":true,"href":"https:\/\/tzionlibreria.com\/index.php\/wp-json\/wp\/v2\/product_tag?post=5773"}],"curies":[{"name":"wp","href":"https:\/\/api.w.org\/{rel}","templated":true}]}}