{"id":5781,"date":"2025-08-20T01:26:05","date_gmt":"2025-08-20T01:26:05","guid":{"rendered":"https:\/\/tzionlibreria.com\/?post_type=product&#038;p=5781"},"modified":"2025-08-20T01:26:13","modified_gmt":"2025-08-20T01:26:13","slug":"biblia-de-estudio-diario-vivir-para-jovenes-ntv-piel-azul-app-filament","status":"publish","type":"product","link":"https:\/\/tzionlibreria.com\/index.php\/product\/biblia-de-estudio-diario-vivir-para-jovenes-ntv-piel-azul-app-filament\/","title":{"rendered":"\u00a0Biblia de Estudio Diario Vivir para J\u00f3venes \u2013 NTV Piel Azul &#8211; App Filament"},"content":{"rendered":"<p data-start=\"120\" data-end=\"222\">\ud83d\udcd6\u2728\u00a0<strong data-start=\"124\" data-end=\"220\">Biblia de Estudio del Diario Vivir para J\u00f3venes \u2013 NTV con Filament (Edici\u00f3n Azul, Tapa Dura)<\/strong><\/p>\n<p data-start=\"224\" data-end=\"486\">\u00a1El estudio de la Biblia cobra vida! \ud83d\ude4c<br data-start=\"263\" data-end=\"266\" \/>Con un\u00a0<strong data-start=\"273\" data-end=\"298\">interior a todo color<\/strong>\u00a0y un dise\u00f1o llamativo, esta Biblia invita a j\u00f3venes y lectores de todas las edades a profundizar en las Escrituras y a conocer m\u00e1s de Dios de una manera clara, din\u00e1mica y enriquecedora.<\/p>\n<p data-start=\"488\" data-end=\"816\">La\u00a0<strong data-start=\"491\" data-end=\"542\">Biblia de Estudio del Diario Vivir para J\u00f3venes<\/strong>\u00a0utiliza el texto fiel y preciso de la\u00a0<strong data-start=\"581\" data-end=\"616\">Nueva Traducci\u00f3n Viviente (NTV)<\/strong>\u00a0y est\u00e1 habilitada con la innovadora\u00a0<strong data-start=\"653\" data-end=\"675\">app Filament Bible<\/strong>, que amplifica tu lectura con miles de recursos digitales interactivos: notas de estudio, devocionales, videos, mapas, m\u00fasica y mucho m\u00e1s.<\/p>\n<p data-start=\"818\" data-end=\"855\">\ud83c\udf1f\u00a0<strong data-start=\"821\" data-end=\"853\">Caracter\u00edsticas principales:<\/strong><\/p>\n<ul data-start=\"856\" data-end=\"1318\">\n<li data-start=\"856\" data-end=\"911\">\n<p data-start=\"858\" data-end=\"911\">Texto b\u00edblico:\u00a0<strong data-start=\"873\" data-end=\"908\">NTV \u2013 Nueva Traducci\u00f3n Viviente<\/strong>.<\/p>\n<\/li>\n<li data-start=\"912\" data-end=\"938\">\n<p data-start=\"914\" data-end=\"938\">Interior a todo color.<\/p>\n<\/li>\n<li data-start=\"939\" data-end=\"992\">\n<p data-start=\"941\" data-end=\"992\">Miles de notas de estudio (impresas y digitales).<\/p>\n<\/li>\n<li data-start=\"993\" data-end=\"1055\">\n<p data-start=\"995\" data-end=\"1055\">Gu\u00eda de lectura que conecta la trama central de la Biblia.<\/p>\n<\/li>\n<li data-start=\"1056\" data-end=\"1102\">\n<p data-start=\"1058\" data-end=\"1102\">81 res\u00famenes de personajes b\u00edblicos clave.<\/p>\n<\/li>\n<li data-start=\"1103\" data-end=\"1150\">\n<p data-start=\"1105\" data-end=\"1150\">136 im\u00e1genes de lugares y objetos b\u00edblicos.<\/p>\n<\/li>\n<li data-start=\"1151\" data-end=\"1211\">\n<p data-start=\"1153\" data-end=\"1211\">59 respuestas a preguntas esenciales de la fe cristiana.<\/p>\n<\/li>\n<li data-start=\"1212\" data-end=\"1247\">\n<p data-start=\"1214\" data-end=\"1247\">315 mapas, cuadros y diagramas.<\/p>\n<\/li>\n<li data-start=\"1248\" data-end=\"1269\">\n<p data-start=\"1250\" data-end=\"1269\">L\u00edneas de tiempo.<\/p>\n<\/li>\n<li data-start=\"1270\" data-end=\"1318\">\n<p data-start=\"1272\" data-end=\"1318\">Compatible con la\u00a0<strong data-start=\"1290\" data-end=\"1306\">app Filament<\/strong>\u00a0(gratis).<\/p>\n<\/li>\n<\/ul>\n<p data-start=\"1320\" data-end=\"1358\">\ud83d\udcf2\u00a0<strong data-start=\"1323\" data-end=\"1356\">Recursos con la app Filament:<\/strong><\/p>\n<ul data-start=\"1359\" data-end=\"1691\">\n<li data-start=\"1359\" data-end=\"1408\">\n<p data-start=\"1361\" data-end=\"1408\">25,000 notas de estudio de eruditos b\u00edblicos.<\/p>\n<\/li>\n<li data-start=\"1409\" data-end=\"1432\">\n<p data-start=\"1411\" data-end=\"1432\">Biblia en audio \ud83c\udfa7.<\/p>\n<\/li>\n<li data-start=\"1433\" data-end=\"1468\">\n<p data-start=\"1435\" data-end=\"1468\">M\u00e1s de 100 videos explicativos.<\/p>\n<\/li>\n<li data-start=\"1469\" data-end=\"1510\">\n<p data-start=\"1471\" data-end=\"1510\">30+ mapas e infograf\u00edas interactivas.<\/p>\n<\/li>\n<li data-start=\"1511\" data-end=\"1569\">\n<p data-start=\"1513\" data-end=\"1569\">Cientos de perfiles biogr\u00e1ficos y art\u00edculos tem\u00e1ticos.<\/p>\n<\/li>\n<li data-start=\"1570\" data-end=\"1618\">\n<p data-start=\"1572\" data-end=\"1618\">+1,000 devocionales para inspiraci\u00f3n diaria.<\/p>\n<\/li>\n<li data-start=\"1619\" data-end=\"1649\">\n<p data-start=\"1621\" data-end=\"1649\">Planes de lectura b\u00edblica.<\/p>\n<\/li>\n<li data-start=\"1650\" data-end=\"1691\">\n<p data-start=\"1652\" data-end=\"1691\">Biblioteca de m\u00fasica de adoraci\u00f3n \ud83c\udfb6.<\/p>\n<\/li>\n<\/ul>\n<p data-start=\"1693\" data-end=\"1732\">\ud83d\udcd0\u00a0<strong data-start=\"1696\" data-end=\"1730\">Especificaciones del producto:<\/strong><\/p>\n<ul data-start=\"1733\" data-end=\"1947\">\n<li data-start=\"1733\" data-end=\"1756\">\n<p data-start=\"1735\" data-end=\"1756\">ISBN: 9781496429896<\/p>\n<\/li>\n<li data-start=\"1757\" data-end=\"1791\">\n<p data-start=\"1759\" data-end=\"1791\">Dimensiones: 137 x 216 x 40 mm<\/p>\n<\/li>\n<li data-start=\"1792\" data-end=\"1820\">\n<p data-start=\"1794\" data-end=\"1820\">N\u00famero de p\u00e1ginas: 1,792<\/p>\n<\/li>\n<li data-start=\"1821\" data-end=\"1857\">\n<p data-start=\"1823\" data-end=\"1857\">Fecha de publicaci\u00f3n: 17\/12\/2024<\/p>\n<\/li>\n<li data-start=\"1858\" data-end=\"1877\">\n<p data-start=\"1860\" data-end=\"1877\">Idioma: Espa\u00f1ol<\/p>\n<\/li>\n<li data-start=\"1878\" data-end=\"1894\">\n<p data-start=\"1880\" data-end=\"1894\">Versi\u00f3n: NTV<\/p>\n<\/li>\n<li data-start=\"1895\" data-end=\"1931\">\n<p data-start=\"1897\" data-end=\"1931\">Especialidad: Estudio + Filament<\/p>\n<\/li>\n<li data-start=\"1932\" data-end=\"1947\">\n<p data-start=\"1934\" data-end=\"1947\">Color: Azul<\/p>\n<\/li>\n<\/ul>\n<p data-start=\"1949\" data-end=\"2153\">\u2705 Una Biblia\u00a0<strong data-start=\"1962\" data-end=\"1995\">moderna, visual e interactiva<\/strong>, ideal para j\u00f3venes que desean profundizar en la Palabra de Dios y disfrutar de una experiencia \u00fanica de estudio b\u00edblico con recursos digitales y visuales.<\/p>\n","protected":false},"excerpt":{"rendered":"<p>\ud83d\udcd6\u2728\u00a0Biblia de Estudio del Diario Vivir para J\u00f3venes \u2013 NTV con Filament (Edici\u00f3n Azul, Tapa Dura) \u00a1El estudio de la Biblia cobra vida! \ud83d\ude4cCon un\u00a0interior a todo color\u00a0y un dise\u00f1o llamativo, esta Biblia invita a j\u00f3venes y lectores de todas las edades a profundizar en las Escrituras y a conocer m\u00e1s de Dios de una [&hellip;]<\/p>\n","protected":false},"featured_media":5782,"comment_status":"open","ping_status":"closed","template":"","meta":{"om_disable_all_campaigns":false,"_monsterinsights_skip_tracking":false,"_monsterinsights_sitenote_active":false,"_monsterinsights_sitenote_note":"","_monsterinsights_sitenote_category":0,"site-sidebar-layout":"default","site-content-layout":"","ast-site-content-layout":"default","site-content-style":"default","site-sidebar-style":"default","ast-global-header-display":"","ast-banner-title-visibility":"","ast-main-header-display":"","ast-hfb-above-header-display":"","ast-hfb-below-header-display":"","ast-hfb-mobile-header-display":"","site-post-title":"","ast-breadcrumbs-content":"","ast-featured-img":"","footer-sml-layout":"","ast-disable-related-posts":"","theme-transparent-header-meta":"default","adv-header-id-meta":"","stick-header-meta":"","header-above-stick-meta":"","header-main-stick-meta":"","header-below-stick-meta":"","astra-migrate-meta-layouts":"set","ast-page-background-enabled":"default","ast-page-background-meta":{"desktop":{"background-color":"var(--ast-global-color-4)","background-image":"","background-repeat":"repeat","background-position":"center center","background-size":"auto","background-attachment":"scroll","background-type":"","background-media":"","overlay-type":"","overlay-color":"","overlay-opacity":"","overlay-gradient":""},"tablet":{"background-color":"","background-image":"","background-repeat":"repeat","background-position":"center center","background-size":"auto","background-attachment":"scroll","background-type":"","background-media":"","overlay-type":"","overlay-color":"","overlay-opacity":"","overlay-gradient":""},"mobile":{"background-color":"","background-image":"","background-repeat":"repeat","background-position":"center center","background-size":"auto","background-attachment":"scroll","background-type":"","background-media":"","overlay-type":"","overlay-color":"","overlay-opacity":"","overlay-gradient":""}},"ast-content-background-meta":{"desktop":{"background-color":"var(--ast-global-color-5)","background-image":"","background-repeat":"repeat","background-position":"center center","background-size":"auto","background-attachment":"scroll","background-type":"","background-media":"","overlay-type":"","overlay-color":"","overlay-opacity":"","overlay-gradient":""},"tablet":{"background-color":"var(--ast-global-color-5)","background-image":"","background-repeat":"repeat","background-position":"center center","background-size":"auto","background-attachment":"scroll","background-type":"","background-media":"","overlay-type":"","overlay-color":"","overlay-opacity":"","overlay-gradient":""},"mobile":{"background-color":"var(--ast-global-color-5)","background-image":"","background-repeat":"repeat","background-position":"center center","background-size":"auto","background-attachment":"scroll","background-type":"","background-media":"","overlay-type":"","overlay-color":"","overlay-opacity":"","overlay-gradient":""}}},"product_brand":[],"product_cat":[304,22,30,31],"product_tag":[],"class_list":{"0":"post-5781","1":"product","2":"type-product","3":"status-publish","4":"has-post-thumbnail","6":"product_cat-biblia-juvenil","7":"product_cat-biblias","8":"product_cat-biblia-de-estudio","9":"product_cat-biblias-ntv","10":"desktop-align-left","11":"tablet-align-left","12":"mobile-align-left","14":"first","15":"instock","16":"shipping-taxable","17":"purchasable","18":"product-type-simple"},"yoast_head":"<!-- This site is optimized with the Yoast SEO plugin v27.4 - https:\/\/yoast.com\/product\/yoast-seo-wordpress\/ -->\n<title>\u00a0Biblia de Estudio Diario Vivir para J\u00f3venes \u2013 NTV Piel Azul - App Filament - tzionlibreria.com<\/title>\n<meta name=\"description\" content=\"Biblia NTV interactiva para j\u00f3venes que desean profundizar en la Palabra de Dios y disfrutar de una experiencia de estudio b\u00edblico con recursos digitales.\" \/>\n<meta name=\"robots\" content=\"index, follow, max-snippet:-1, max-image-preview:large, max-video-preview:-1\" \/>\n<link rel=\"canonical\" href=\"https:\/\/tzionlibreria.com\/index.php\/product\/biblia-de-estudio-diario-vivir-para-jovenes-ntv-piel-azul-app-filament\/\" \/>\n<meta property=\"og:locale\" content=\"es_ES\" \/>\n<meta property=\"og:type\" content=\"article\" \/>\n<meta property=\"og:title\" content=\"\u00a0Biblia de Estudio Diario Vivir para J\u00f3venes \u2013 NTV Piel Azul - App Filament - tzionlibreria.com\" \/>\n<meta property=\"og:description\" content=\"Biblia NTV interactiva para j\u00f3venes que desean profundizar en la Palabra de Dios y disfrutar de una experiencia de estudio b\u00edblico con recursos digitales.\" \/>\n<meta property=\"og:url\" content=\"https:\/\/tzionlibreria.com\/index.php\/product\/biblia-de-estudio-diario-vivir-para-jovenes-ntv-piel-azul-app-filament\/\" \/>\n<meta property=\"og:site_name\" content=\"tzionlibreria.com\" \/>\n<meta property=\"article:modified_time\" content=\"2025-08-20T01:26:13+00:00\" \/>\n<meta property=\"og:image\" content=\"http:\/\/tzionlibreria.com\/wp-content\/uploads\/2025\/08\/15.jpg\" \/>\n\t<meta property=\"og:image:width\" content=\"1080\" \/>\n\t<meta property=\"og:image:height\" content=\"1080\" \/>\n\t<meta property=\"og:image:type\" content=\"image\/jpeg\" \/>\n<meta name=\"twitter:card\" content=\"summary_large_image\" \/>\n<meta name=\"twitter:label1\" content=\"Tiempo de lectura\" \/>\n\t<meta name=\"twitter:data1\" content=\"2 minutos\" \/>\n<script type=\"application\/ld+json\" class=\"yoast-schema-graph\">{\"@context\":\"https:\\\/\\\/schema.org\",\"@graph\":[{\"@type\":\"WebPage\",\"@id\":\"https:\\\/\\\/tzionlibreria.com\\\/index.php\\\/product\\\/biblia-de-estudio-diario-vivir-para-jovenes-ntv-piel-azul-app-filament\\\/\",\"url\":\"https:\\\/\\\/tzionlibreria.com\\\/index.php\\\/product\\\/biblia-de-estudio-diario-vivir-para-jovenes-ntv-piel-azul-app-filament\\\/\",\"name\":\"\u00a0Biblia de Estudio Diario Vivir para J\u00f3venes \u2013 NTV Piel Azul - App Filament - tzionlibreria.com\",\"isPartOf\":{\"@id\":\"https:\\\/\\\/tzionlibreria.com\\\/#website\"},\"primaryImageOfPage\":{\"@id\":\"https:\\\/\\\/tzionlibreria.com\\\/index.php\\\/product\\\/biblia-de-estudio-diario-vivir-para-jovenes-ntv-piel-azul-app-filament\\\/#primaryimage\"},\"image\":{\"@id\":\"https:\\\/\\\/tzionlibreria.com\\\/index.php\\\/product\\\/biblia-de-estudio-diario-vivir-para-jovenes-ntv-piel-azul-app-filament\\\/#primaryimage\"},\"thumbnailUrl\":\"https:\\\/\\\/tzionlibreria.com\\\/wp-content\\\/uploads\\\/2025\\\/08\\\/15.jpg\",\"datePublished\":\"2025-08-20T01:26:05+00:00\",\"dateModified\":\"2025-08-20T01:26:13+00:00\",\"description\":\"Biblia NTV interactiva para j\u00f3venes que desean profundizar en la Palabra de Dios y disfrutar de una experiencia de estudio b\u00edblico con recursos digitales.\",\"breadcrumb\":{\"@id\":\"https:\\\/\\\/tzionlibreria.com\\\/index.php\\\/product\\\/biblia-de-estudio-diario-vivir-para-jovenes-ntv-piel-azul-app-filament\\\/#breadcrumb\"},\"inLanguage\":\"es-CO\",\"potentialAction\":[{\"@type\":\"ReadAction\",\"target\":[\"https:\\\/\\\/tzionlibreria.com\\\/index.php\\\/product\\\/biblia-de-estudio-diario-vivir-para-jovenes-ntv-piel-azul-app-filament\\\/\"]}]},{\"@type\":\"ImageObject\",\"inLanguage\":\"es-CO\",\"@id\":\"https:\\\/\\\/tzionlibreria.com\\\/index.php\\\/product\\\/biblia-de-estudio-diario-vivir-para-jovenes-ntv-piel-azul-app-filament\\\/#primaryimage\",\"url\":\"https:\\\/\\\/tzionlibreria.com\\\/wp-content\\\/uploads\\\/2025\\\/08\\\/15.jpg\",\"contentUrl\":\"https:\\\/\\\/tzionlibreria.com\\\/wp-content\\\/uploads\\\/2025\\\/08\\\/15.jpg\",\"width\":1080,\"height\":1080},{\"@type\":\"BreadcrumbList\",\"@id\":\"https:\\\/\\\/tzionlibreria.com\\\/index.php\\\/product\\\/biblia-de-estudio-diario-vivir-para-jovenes-ntv-piel-azul-app-filament\\\/#breadcrumb\",\"itemListElement\":[{\"@type\":\"ListItem\",\"position\":1,\"name\":\"Inicio\",\"item\":\"https:\\\/\\\/tzionlibreria.com\\\/\"},{\"@type\":\"ListItem\",\"position\":2,\"name\":\"Shop\",\"item\":\"https:\\\/\\\/tzionlibreria.com\\\/index.php\\\/shop\\\/\"},{\"@type\":\"ListItem\",\"position\":3,\"name\":\"\u00a0Biblia de Estudio Diario Vivir para J\u00f3venes \u2013 NTV Piel Azul &#8211; App Filament\"}]},{\"@type\":\"WebSite\",\"@id\":\"https:\\\/\\\/tzionlibreria.com\\\/#website\",\"url\":\"https:\\\/\\\/tzionlibreria.com\\\/\",\"name\":\"tzionlibreria.com\",\"description\":\"Libreria Cristiana Venezuela\",\"publisher\":{\"@id\":\"https:\\\/\\\/tzionlibreria.com\\\/#organization\"},\"potentialAction\":[{\"@type\":\"SearchAction\",\"target\":{\"@type\":\"EntryPoint\",\"urlTemplate\":\"https:\\\/\\\/tzionlibreria.com\\\/?s={search_term_string}\"},\"query-input\":{\"@type\":\"PropertyValueSpecification\",\"valueRequired\":true,\"valueName\":\"search_term_string\"}}],\"inLanguage\":\"es-CO\"},{\"@type\":\"Organization\",\"@id\":\"https:\\\/\\\/tzionlibreria.com\\\/#organization\",\"name\":\"tzionlibreria.com\",\"url\":\"https:\\\/\\\/tzionlibreria.com\\\/\",\"logo\":{\"@type\":\"ImageObject\",\"inLanguage\":\"es-CO\",\"@id\":\"https:\\\/\\\/tzionlibreria.com\\\/#\\\/schema\\\/logo\\\/image\\\/\",\"url\":\"https:\\\/\\\/tzionlibreria.com\\\/wp-content\\\/uploads\\\/2023\\\/10\\\/cropped-Cuadricula-scaled-1.jpg\",\"contentUrl\":\"https:\\\/\\\/tzionlibreria.com\\\/wp-content\\\/uploads\\\/2023\\\/10\\\/cropped-Cuadricula-scaled-1.jpg\",\"width\":2560,\"height\":2560,\"caption\":\"tzionlibreria.com\"},\"image\":{\"@id\":\"https:\\\/\\\/tzionlibreria.com\\\/#\\\/schema\\\/logo\\\/image\\\/\"}}]}<\/script>\n<!-- \/ Yoast SEO plugin. -->","yoast_head_json":{"title":"\u00a0Biblia de Estudio Diario Vivir para J\u00f3venes \u2013 NTV Piel Azul - App Filament - tzionlibreria.com","description":"Biblia NTV interactiva para j\u00f3venes que desean profundizar en la Palabra de Dios y disfrutar de una experiencia de estudio b\u00edblico con recursos digitales.","robots":{"index":"index","follow":"follow","max-snippet":"max-snippet:-1","max-image-preview":"max-image-preview:large","max-video-preview":"max-video-preview:-1"},"canonical":"https:\/\/tzionlibreria.com\/index.php\/product\/biblia-de-estudio-diario-vivir-para-jovenes-ntv-piel-azul-app-filament\/","og_locale":"es_ES","og_type":"article","og_title":"\u00a0Biblia de Estudio Diario Vivir para J\u00f3venes \u2013 NTV Piel Azul - App Filament - tzionlibreria.com","og_description":"Biblia NTV interactiva para j\u00f3venes que desean profundizar en la Palabra de Dios y disfrutar de una experiencia de estudio b\u00edblico con recursos digitales.","og_url":"https:\/\/tzionlibreria.com\/index.php\/product\/biblia-de-estudio-diario-vivir-para-jovenes-ntv-piel-azul-app-filament\/","og_site_name":"tzionlibreria.com","article_modified_time":"2025-08-20T01:26:13+00:00","og_image":[{"width":1080,"height":1080,"url":"http:\/\/tzionlibreria.com\/wp-content\/uploads\/2025\/08\/15.jpg","type":"image\/jpeg"}],"twitter_card":"summary_large_image","twitter_misc":{"Tiempo de lectura":"2 minutos"},"schema":{"@context":"https:\/\/schema.org","@graph":[{"@type":"WebPage","@id":"https:\/\/tzionlibreria.com\/index.php\/product\/biblia-de-estudio-diario-vivir-para-jovenes-ntv-piel-azul-app-filament\/","url":"https:\/\/tzionlibreria.com\/index.php\/product\/biblia-de-estudio-diario-vivir-para-jovenes-ntv-piel-azul-app-filament\/","name":"\u00a0Biblia de Estudio Diario Vivir para J\u00f3venes \u2013 NTV Piel Azul - App Filament - tzionlibreria.com","isPartOf":{"@id":"https:\/\/tzionlibreria.com\/#website"},"primaryImageOfPage":{"@id":"https:\/\/tzionlibreria.com\/index.php\/product\/biblia-de-estudio-diario-vivir-para-jovenes-ntv-piel-azul-app-filament\/#primaryimage"},"image":{"@id":"https:\/\/tzionlibreria.com\/index.php\/product\/biblia-de-estudio-diario-vivir-para-jovenes-ntv-piel-azul-app-filament\/#primaryimage"},"thumbnailUrl":"https:\/\/tzionlibreria.com\/wp-content\/uploads\/2025\/08\/15.jpg","datePublished":"2025-08-20T01:26:05+00:00","dateModified":"2025-08-20T01:26:13+00:00","description":"Biblia NTV interactiva para j\u00f3venes que desean profundizar en la Palabra de Dios y disfrutar de una experiencia de estudio b\u00edblico con recursos digitales.","breadcrumb":{"@id":"https:\/\/tzionlibreria.com\/index.php\/product\/biblia-de-estudio-diario-vivir-para-jovenes-ntv-piel-azul-app-filament\/#breadcrumb"},"inLanguage":"es-CO","potentialAction":[{"@type":"ReadAction","target":["https:\/\/tzionlibreria.com\/index.php\/product\/biblia-de-estudio-diario-vivir-para-jovenes-ntv-piel-azul-app-filament\/"]}]},{"@type":"ImageObject","inLanguage":"es-CO","@id":"https:\/\/tzionlibreria.com\/index.php\/product\/biblia-de-estudio-diario-vivir-para-jovenes-ntv-piel-azul-app-filament\/#primaryimage","url":"https:\/\/tzionlibreria.com\/wp-content\/uploads\/2025\/08\/15.jpg","contentUrl":"https:\/\/tzionlibreria.com\/wp-content\/uploads\/2025\/08\/15.jpg","width":1080,"height":1080},{"@type":"BreadcrumbList","@id":"https:\/\/tzionlibreria.com\/index.php\/product\/biblia-de-estudio-diario-vivir-para-jovenes-ntv-piel-azul-app-filament\/#breadcrumb","itemListElement":[{"@type":"ListItem","position":1,"name":"Inicio","item":"https:\/\/tzionlibreria.com\/"},{"@type":"ListItem","position":2,"name":"Shop","item":"https:\/\/tzionlibreria.com\/index.php\/shop\/"},{"@type":"ListItem","position":3,"name":"\u00a0Biblia de Estudio Diario Vivir para J\u00f3venes \u2013 NTV Piel Azul &#8211; App Filament"}]},{"@type":"WebSite","@id":"https:\/\/tzionlibreria.com\/#website","url":"https:\/\/tzionlibreria.com\/","name":"tzionlibreria.com","description":"Libreria Cristiana Venezuela","publisher":{"@id":"https:\/\/tzionlibreria.com\/#organization"},"potentialAction":[{"@type":"SearchAction","target":{"@type":"EntryPoint","urlTemplate":"https:\/\/tzionlibreria.com\/?s={search_term_string}"},"query-input":{"@type":"PropertyValueSpecification","valueRequired":true,"valueName":"search_term_string"}}],"inLanguage":"es-CO"},{"@type":"Organization","@id":"https:\/\/tzionlibreria.com\/#organization","name":"tzionlibreria.com","url":"https:\/\/tzionlibreria.com\/","logo":{"@type":"ImageObject","inLanguage":"es-CO","@id":"https:\/\/tzionlibreria.com\/#\/schema\/logo\/image\/","url":"https:\/\/tzionlibreria.com\/wp-content\/uploads\/2023\/10\/cropped-Cuadricula-scaled-1.jpg","contentUrl":"https:\/\/tzionlibreria.com\/wp-content\/uploads\/2023\/10\/cropped-Cuadricula-scaled-1.jpg","width":2560,"height":2560,"caption":"tzionlibreria.com"},"image":{"@id":"https:\/\/tzionlibreria.com\/#\/schema\/logo\/image\/"}}]}},"jetpack_sharing_enabled":true,"_links":{"self":[{"href":"https:\/\/tzionlibreria.com\/index.php\/wp-json\/wp\/v2\/product\/5781","targetHints":{"allow":["GET"]}}],"collection":[{"href":"https:\/\/tzionlibreria.com\/index.php\/wp-json\/wp\/v2\/product"}],"about":[{"href":"https:\/\/tzionlibreria.com\/index.php\/wp-json\/wp\/v2\/types\/product"}],"replies":[{"embeddable":true,"href":"https:\/\/tzionlibreria.com\/index.php\/wp-json\/wp\/v2\/comments?post=5781"}],"wp:featuredmedia":[{"embeddable":true,"href":"https:\/\/tzionlibreria.com\/index.php\/wp-json\/wp\/v2\/media\/5782"}],"wp:attachment":[{"href":"https:\/\/tzionlibreria.com\/index.php\/wp-json\/wp\/v2\/media?parent=5781"}],"wp:term":[{"taxonomy":"product_brand","embeddable":true,"href":"https:\/\/tzionlibreria.com\/index.php\/wp-json\/wp\/v2\/product_brand?post=5781"},{"taxonomy":"product_cat","embeddable":true,"href":"https:\/\/tzionlibreria.com\/index.php\/wp-json\/wp\/v2\/product_cat?post=5781"},{"taxonomy":"product_tag","embeddable":true,"href":"https:\/\/tzionlibreria.com\/index.php\/wp-json\/wp\/v2\/product_tag?post=5781"}],"curies":[{"name":"wp","href":"https:\/\/api.w.org\/{rel}","templated":true}]}}