{"id":5828,"date":"2025-08-26T00:58:29","date_gmt":"2025-08-26T00:58:29","guid":{"rendered":"https:\/\/tzionlibreria.com\/?post_type=product&#038;p=5828"},"modified":"2025-08-26T00:59:37","modified_gmt":"2025-08-26T00:59:37","slug":"un-emprendedor-conforme-al-corazon-de-dios","status":"publish","type":"product","link":"https:\/\/tzionlibreria.com\/index.php\/product\/un-emprendedor-conforme-al-corazon-de-dios\/","title":{"rendered":"Un Emprendedor Conforme al Coraz\u00f3n de Dios"},"content":{"rendered":"<div class=\"ast-oembed-container \" style=\"height: 100%;\"><iframe title=\"Un emprendedor conforme al coraz\u00f3n de Dios:  Gu\u00eda pr\u00e1ctica para tener a Dios como socio\" width=\"422\" height=\"750\" src=\"https:\/\/www.youtube.com\/embed\/79MsG0ioRcQ?feature=oembed\" frameborder=\"0\" allow=\"accelerometer; autoplay; clipboard-write; encrypted-media; gyroscope; picture-in-picture; web-share\" referrerpolicy=\"strict-origin-when-cross-origin\" allowfullscreen><\/iframe><\/div>\n<p>&nbsp;<\/p>\n<p data-start=\"148\" data-end=\"263\">\ud83d\udcd8\u00a0<strong data-start=\"151\" data-end=\"197\">Un Emprendedor Conforme al Coraz\u00f3n de Dios<\/strong><br data-start=\"197\" data-end=\"200\" \/>\ud83d\udcbc\u00a0<em data-start=\"203\" data-end=\"263\">Gu\u00eda pr\u00e1ctica para emprender con Dios como socio principal<\/em><\/p>\n<p data-start=\"265\" data-end=\"447\">\u00bfY si tus ideas de negocio no solo generaran ingresos, sino tambi\u00e9n prop\u00f3sito eterno?<br data-start=\"350\" data-end=\"353\" \/>Este libro es para todo aquel que quiere honrar a Dios\u00a0<strong data-start=\"408\" data-end=\"446\">en su empresa, decisiones y visi\u00f3n<\/strong>.<\/p>\n<hr data-start=\"449\" data-end=\"452\" \/>\n<p data-start=\"454\" data-end=\"697\">\ud83d\udd25\u00a0<strong data-start=\"457\" data-end=\"478\">\u00bfQu\u00e9 encontrar\u00e1s?<\/strong><br data-start=\"478\" data-end=\"481\" \/>\u2705 Principios b\u00edblicos aplicados al emprendimiento<br data-start=\"530\" data-end=\"533\" \/>\u2705 Retos diarios para activar tu fe y tu acci\u00f3n<br data-start=\"579\" data-end=\"582\" \/>\u2705 Un plan de 21 d\u00edas con ense\u00f1anzas pr\u00e1cticas y desaf\u00edos<br data-start=\"638\" data-end=\"641\" \/>\u2705 La promesa de Dios para quienes le entregan su empresa<\/p>\n<hr data-start=\"699\" data-end=\"702\" \/>\n<p data-start=\"704\" data-end=\"724\">\ud83c\udf31\u00a0<strong data-start=\"707\" data-end=\"722\">Ideal para:<\/strong><\/p>\n<ul data-start=\"725\" data-end=\"951\">\n<li data-start=\"725\" data-end=\"753\">\n<p data-start=\"727\" data-end=\"753\">Emprendedores cristianos<\/p>\n<\/li>\n<li data-start=\"754\" data-end=\"819\">\n<p data-start=\"756\" data-end=\"819\">L\u00edderes de negocios que quieren avanzar con valores del Reino<\/p>\n<\/li>\n<li data-start=\"820\" data-end=\"875\">\n<p data-start=\"822\" data-end=\"875\">Personas que desean emprender bajo direcci\u00f3n divina<\/p>\n<\/li>\n<li data-start=\"876\" data-end=\"951\">\n<p data-start=\"878\" data-end=\"951\">Equipos ministeriales o empresariales que buscan integrar fe + estrategia<\/p>\n<\/li>\n<\/ul>\n<hr data-start=\"953\" data-end=\"956\" \/>\n<p data-start=\"958\" data-end=\"1006\">\ud83c\udfa7 \u00a1Incluye audiolibro!<br data-start=\"981\" data-end=\"984\" \/>\ud83d\udcd6 ISBN: 9789584982025<\/p>\n<p data-start=\"1008\" data-end=\"1196\">\ud83d\udca1 No emprendas solo. Invita a Dios a ser tu socio mayoritario.<\/p>\n","protected":false},"excerpt":{"rendered":"<p>&nbsp; \ud83d\udcd8\u00a0Un Emprendedor Conforme al Coraz\u00f3n de Dios\ud83d\udcbc\u00a0Gu\u00eda pr\u00e1ctica para emprender con Dios como socio principal \u00bfY si tus ideas de negocio no solo generaran ingresos, sino tambi\u00e9n prop\u00f3sito eterno?Este libro es para todo aquel que quiere honrar a Dios\u00a0en su empresa, decisiones y visi\u00f3n. \ud83d\udd25\u00a0\u00bfQu\u00e9 encontrar\u00e1s?\u2705 Principios b\u00edblicos aplicados al emprendimiento\u2705 Retos diarios para [&hellip;]<\/p>\n","protected":false},"featured_media":5829,"comment_status":"open","ping_status":"closed","template":"","meta":{"om_disable_all_campaigns":false,"_monsterinsights_skip_tracking":false,"_monsterinsights_sitenote_active":false,"_monsterinsights_sitenote_note":"","_monsterinsights_sitenote_category":0,"site-sidebar-layout":"default","site-content-layout":"","ast-site-content-layout":"default","site-content-style":"default","site-sidebar-style":"default","ast-global-header-display":"","ast-banner-title-visibility":"","ast-main-header-display":"","ast-hfb-above-header-display":"","ast-hfb-below-header-display":"","ast-hfb-mobile-header-display":"","site-post-title":"","ast-breadcrumbs-content":"","ast-featured-img":"","footer-sml-layout":"","ast-disable-related-posts":"","theme-transparent-header-meta":"default","adv-header-id-meta":"","stick-header-meta":"","header-above-stick-meta":"","header-main-stick-meta":"","header-below-stick-meta":"","astra-migrate-meta-layouts":"set","ast-page-background-enabled":"default","ast-page-background-meta":{"desktop":{"background-color":"var(--ast-global-color-4)","background-image":"","background-repeat":"repeat","background-position":"center center","background-size":"auto","background-attachment":"scroll","background-type":"","background-media":"","overlay-type":"","overlay-color":"","overlay-opacity":"","overlay-gradient":""},"tablet":{"background-color":"","background-image":"","background-repeat":"repeat","background-position":"center center","background-size":"auto","background-attachment":"scroll","background-type":"","background-media":"","overlay-type":"","overlay-color":"","overlay-opacity":"","overlay-gradient":""},"mobile":{"background-color":"","background-image":"","background-repeat":"repeat","background-position":"center center","background-size":"auto","background-attachment":"scroll","background-type":"","background-media":"","overlay-type":"","overlay-color":"","overlay-opacity":"","overlay-gradient":""}},"ast-content-background-meta":{"desktop":{"background-color":"var(--ast-global-color-5)","background-image":"","background-repeat":"repeat","background-position":"center center","background-size":"auto","background-attachment":"scroll","background-type":"","background-media":"","overlay-type":"","overlay-color":"","overlay-opacity":"","overlay-gradient":""},"tablet":{"background-color":"var(--ast-global-color-5)","background-image":"","background-repeat":"repeat","background-position":"center center","background-size":"auto","background-attachment":"scroll","background-type":"","background-media":"","overlay-type":"","overlay-color":"","overlay-opacity":"","overlay-gradient":""},"mobile":{"background-color":"var(--ast-global-color-5)","background-image":"","background-repeat":"repeat","background-position":"center center","background-size":"auto","background-attachment":"scroll","background-type":"","background-media":"","overlay-type":"","overlay-color":"","overlay-opacity":"","overlay-gradient":""}}},"product_brand":[],"product_cat":[310,169,173,23],"product_tag":[],"class_list":{"0":"post-5828","1":"product","2":"type-product","3":"status-publish","4":"has-post-thumbnail","6":"product_cat-finanzas","7":"product_cat-hombres","8":"product_cat-jovenes","9":"product_cat-libros","10":"desktop-align-left","11":"tablet-align-left","12":"mobile-align-left","14":"first","15":"instock","16":"shipping-taxable","17":"purchasable","18":"product-type-simple"},"yoast_head":"<!-- This site is optimized with the Yoast SEO plugin v27.4 - https:\/\/yoast.com\/product\/yoast-seo-wordpress\/ -->\n<title>Un Emprendedor Conforme al Coraz\u00f3n de Dios - tzionlibreria.com<\/title>\n<meta name=\"description\" content=\"Este libro es para todo aquel que quiere honrar a Dios\u00a0en su empresa, decisiones y visi\u00f3n. No emprendas solo. Invita a Dios a ser tu socio mayoritario.\" \/>\n<meta name=\"robots\" content=\"index, follow, max-snippet:-1, max-image-preview:large, max-video-preview:-1\" \/>\n<link rel=\"canonical\" href=\"https:\/\/tzionlibreria.com\/index.php\/product\/un-emprendedor-conforme-al-corazon-de-dios\/\" \/>\n<meta property=\"og:locale\" content=\"es_ES\" \/>\n<meta property=\"og:type\" content=\"article\" \/>\n<meta property=\"og:title\" content=\"Un Emprendedor Conforme al Coraz\u00f3n de Dios - tzionlibreria.com\" \/>\n<meta property=\"og:description\" content=\"Este libro es para todo aquel que quiere honrar a Dios\u00a0en su empresa, decisiones y visi\u00f3n. No emprendas solo. Invita a Dios a ser tu socio mayoritario.\" \/>\n<meta property=\"og:url\" content=\"https:\/\/tzionlibreria.com\/index.php\/product\/un-emprendedor-conforme-al-corazon-de-dios\/\" \/>\n<meta property=\"og:site_name\" content=\"tzionlibreria.com\" \/>\n<meta property=\"article:modified_time\" content=\"2025-08-26T00:59:37+00:00\" \/>\n<meta property=\"og:image\" content=\"http:\/\/tzionlibreria.com\/wp-content\/uploads\/2025\/08\/17.png\" \/>\n\t<meta property=\"og:image:width\" content=\"1080\" \/>\n\t<meta property=\"og:image:height\" content=\"1080\" \/>\n\t<meta property=\"og:image:type\" content=\"image\/png\" \/>\n<meta name=\"twitter:card\" content=\"summary_large_image\" \/>\n<meta name=\"twitter:label1\" content=\"Tiempo de lectura\" \/>\n\t<meta name=\"twitter:data1\" content=\"1 minuto\" \/>\n<script type=\"application\/ld+json\" class=\"yoast-schema-graph\">{\"@context\":\"https:\\\/\\\/schema.org\",\"@graph\":[{\"@type\":\"WebPage\",\"@id\":\"https:\\\/\\\/tzionlibreria.com\\\/index.php\\\/product\\\/un-emprendedor-conforme-al-corazon-de-dios\\\/\",\"url\":\"https:\\\/\\\/tzionlibreria.com\\\/index.php\\\/product\\\/un-emprendedor-conforme-al-corazon-de-dios\\\/\",\"name\":\"Un Emprendedor Conforme al Coraz\u00f3n de Dios - tzionlibreria.com\",\"isPartOf\":{\"@id\":\"https:\\\/\\\/tzionlibreria.com\\\/#website\"},\"primaryImageOfPage\":{\"@id\":\"https:\\\/\\\/tzionlibreria.com\\\/index.php\\\/product\\\/un-emprendedor-conforme-al-corazon-de-dios\\\/#primaryimage\"},\"image\":{\"@id\":\"https:\\\/\\\/tzionlibreria.com\\\/index.php\\\/product\\\/un-emprendedor-conforme-al-corazon-de-dios\\\/#primaryimage\"},\"thumbnailUrl\":\"https:\\\/\\\/tzionlibreria.com\\\/wp-content\\\/uploads\\\/2025\\\/08\\\/17.png\",\"datePublished\":\"2025-08-26T00:58:29+00:00\",\"dateModified\":\"2025-08-26T00:59:37+00:00\",\"description\":\"Este libro es para todo aquel que quiere honrar a Dios\u00a0en su empresa, decisiones y visi\u00f3n. No emprendas solo. Invita a Dios a ser tu socio mayoritario.\",\"breadcrumb\":{\"@id\":\"https:\\\/\\\/tzionlibreria.com\\\/index.php\\\/product\\\/un-emprendedor-conforme-al-corazon-de-dios\\\/#breadcrumb\"},\"inLanguage\":\"es-CO\",\"potentialAction\":[{\"@type\":\"ReadAction\",\"target\":[\"https:\\\/\\\/tzionlibreria.com\\\/index.php\\\/product\\\/un-emprendedor-conforme-al-corazon-de-dios\\\/\"]}]},{\"@type\":\"ImageObject\",\"inLanguage\":\"es-CO\",\"@id\":\"https:\\\/\\\/tzionlibreria.com\\\/index.php\\\/product\\\/un-emprendedor-conforme-al-corazon-de-dios\\\/#primaryimage\",\"url\":\"https:\\\/\\\/tzionlibreria.com\\\/wp-content\\\/uploads\\\/2025\\\/08\\\/17.png\",\"contentUrl\":\"https:\\\/\\\/tzionlibreria.com\\\/wp-content\\\/uploads\\\/2025\\\/08\\\/17.png\",\"width\":1080,\"height\":1080},{\"@type\":\"BreadcrumbList\",\"@id\":\"https:\\\/\\\/tzionlibreria.com\\\/index.php\\\/product\\\/un-emprendedor-conforme-al-corazon-de-dios\\\/#breadcrumb\",\"itemListElement\":[{\"@type\":\"ListItem\",\"position\":1,\"name\":\"Inicio\",\"item\":\"https:\\\/\\\/tzionlibreria.com\\\/\"},{\"@type\":\"ListItem\",\"position\":2,\"name\":\"Shop\",\"item\":\"https:\\\/\\\/tzionlibreria.com\\\/index.php\\\/shop\\\/\"},{\"@type\":\"ListItem\",\"position\":3,\"name\":\"Un Emprendedor Conforme al Coraz\u00f3n de Dios\"}]},{\"@type\":\"WebSite\",\"@id\":\"https:\\\/\\\/tzionlibreria.com\\\/#website\",\"url\":\"https:\\\/\\\/tzionlibreria.com\\\/\",\"name\":\"tzionlibreria.com\",\"description\":\"Libreria Cristiana Venezuela\",\"publisher\":{\"@id\":\"https:\\\/\\\/tzionlibreria.com\\\/#organization\"},\"potentialAction\":[{\"@type\":\"SearchAction\",\"target\":{\"@type\":\"EntryPoint\",\"urlTemplate\":\"https:\\\/\\\/tzionlibreria.com\\\/?s={search_term_string}\"},\"query-input\":{\"@type\":\"PropertyValueSpecification\",\"valueRequired\":true,\"valueName\":\"search_term_string\"}}],\"inLanguage\":\"es-CO\"},{\"@type\":\"Organization\",\"@id\":\"https:\\\/\\\/tzionlibreria.com\\\/#organization\",\"name\":\"tzionlibreria.com\",\"url\":\"https:\\\/\\\/tzionlibreria.com\\\/\",\"logo\":{\"@type\":\"ImageObject\",\"inLanguage\":\"es-CO\",\"@id\":\"https:\\\/\\\/tzionlibreria.com\\\/#\\\/schema\\\/logo\\\/image\\\/\",\"url\":\"https:\\\/\\\/tzionlibreria.com\\\/wp-content\\\/uploads\\\/2023\\\/10\\\/cropped-Cuadricula-scaled-1.jpg\",\"contentUrl\":\"https:\\\/\\\/tzionlibreria.com\\\/wp-content\\\/uploads\\\/2023\\\/10\\\/cropped-Cuadricula-scaled-1.jpg\",\"width\":2560,\"height\":2560,\"caption\":\"tzionlibreria.com\"},\"image\":{\"@id\":\"https:\\\/\\\/tzionlibreria.com\\\/#\\\/schema\\\/logo\\\/image\\\/\"}}]}<\/script>\n<!-- \/ Yoast SEO plugin. -->","yoast_head_json":{"title":"Un Emprendedor Conforme al Coraz\u00f3n de Dios - tzionlibreria.com","description":"Este libro es para todo aquel que quiere honrar a Dios\u00a0en su empresa, decisiones y visi\u00f3n. No emprendas solo. Invita a Dios a ser tu socio mayoritario.","robots":{"index":"index","follow":"follow","max-snippet":"max-snippet:-1","max-image-preview":"max-image-preview:large","max-video-preview":"max-video-preview:-1"},"canonical":"https:\/\/tzionlibreria.com\/index.php\/product\/un-emprendedor-conforme-al-corazon-de-dios\/","og_locale":"es_ES","og_type":"article","og_title":"Un Emprendedor Conforme al Coraz\u00f3n de Dios - tzionlibreria.com","og_description":"Este libro es para todo aquel que quiere honrar a Dios\u00a0en su empresa, decisiones y visi\u00f3n. No emprendas solo. Invita a Dios a ser tu socio mayoritario.","og_url":"https:\/\/tzionlibreria.com\/index.php\/product\/un-emprendedor-conforme-al-corazon-de-dios\/","og_site_name":"tzionlibreria.com","article_modified_time":"2025-08-26T00:59:37+00:00","og_image":[{"width":1080,"height":1080,"url":"http:\/\/tzionlibreria.com\/wp-content\/uploads\/2025\/08\/17.png","type":"image\/png"}],"twitter_card":"summary_large_image","twitter_misc":{"Tiempo de lectura":"1 minuto"},"schema":{"@context":"https:\/\/schema.org","@graph":[{"@type":"WebPage","@id":"https:\/\/tzionlibreria.com\/index.php\/product\/un-emprendedor-conforme-al-corazon-de-dios\/","url":"https:\/\/tzionlibreria.com\/index.php\/product\/un-emprendedor-conforme-al-corazon-de-dios\/","name":"Un Emprendedor Conforme al Coraz\u00f3n de Dios - tzionlibreria.com","isPartOf":{"@id":"https:\/\/tzionlibreria.com\/#website"},"primaryImageOfPage":{"@id":"https:\/\/tzionlibreria.com\/index.php\/product\/un-emprendedor-conforme-al-corazon-de-dios\/#primaryimage"},"image":{"@id":"https:\/\/tzionlibreria.com\/index.php\/product\/un-emprendedor-conforme-al-corazon-de-dios\/#primaryimage"},"thumbnailUrl":"https:\/\/tzionlibreria.com\/wp-content\/uploads\/2025\/08\/17.png","datePublished":"2025-08-26T00:58:29+00:00","dateModified":"2025-08-26T00:59:37+00:00","description":"Este libro es para todo aquel que quiere honrar a Dios\u00a0en su empresa, decisiones y visi\u00f3n. No emprendas solo. Invita a Dios a ser tu socio mayoritario.","breadcrumb":{"@id":"https:\/\/tzionlibreria.com\/index.php\/product\/un-emprendedor-conforme-al-corazon-de-dios\/#breadcrumb"},"inLanguage":"es-CO","potentialAction":[{"@type":"ReadAction","target":["https:\/\/tzionlibreria.com\/index.php\/product\/un-emprendedor-conforme-al-corazon-de-dios\/"]}]},{"@type":"ImageObject","inLanguage":"es-CO","@id":"https:\/\/tzionlibreria.com\/index.php\/product\/un-emprendedor-conforme-al-corazon-de-dios\/#primaryimage","url":"https:\/\/tzionlibreria.com\/wp-content\/uploads\/2025\/08\/17.png","contentUrl":"https:\/\/tzionlibreria.com\/wp-content\/uploads\/2025\/08\/17.png","width":1080,"height":1080},{"@type":"BreadcrumbList","@id":"https:\/\/tzionlibreria.com\/index.php\/product\/un-emprendedor-conforme-al-corazon-de-dios\/#breadcrumb","itemListElement":[{"@type":"ListItem","position":1,"name":"Inicio","item":"https:\/\/tzionlibreria.com\/"},{"@type":"ListItem","position":2,"name":"Shop","item":"https:\/\/tzionlibreria.com\/index.php\/shop\/"},{"@type":"ListItem","position":3,"name":"Un Emprendedor Conforme al Coraz\u00f3n de Dios"}]},{"@type":"WebSite","@id":"https:\/\/tzionlibreria.com\/#website","url":"https:\/\/tzionlibreria.com\/","name":"tzionlibreria.com","description":"Libreria Cristiana Venezuela","publisher":{"@id":"https:\/\/tzionlibreria.com\/#organization"},"potentialAction":[{"@type":"SearchAction","target":{"@type":"EntryPoint","urlTemplate":"https:\/\/tzionlibreria.com\/?s={search_term_string}"},"query-input":{"@type":"PropertyValueSpecification","valueRequired":true,"valueName":"search_term_string"}}],"inLanguage":"es-CO"},{"@type":"Organization","@id":"https:\/\/tzionlibreria.com\/#organization","name":"tzionlibreria.com","url":"https:\/\/tzionlibreria.com\/","logo":{"@type":"ImageObject","inLanguage":"es-CO","@id":"https:\/\/tzionlibreria.com\/#\/schema\/logo\/image\/","url":"https:\/\/tzionlibreria.com\/wp-content\/uploads\/2023\/10\/cropped-Cuadricula-scaled-1.jpg","contentUrl":"https:\/\/tzionlibreria.com\/wp-content\/uploads\/2023\/10\/cropped-Cuadricula-scaled-1.jpg","width":2560,"height":2560,"caption":"tzionlibreria.com"},"image":{"@id":"https:\/\/tzionlibreria.com\/#\/schema\/logo\/image\/"}}]}},"jetpack_sharing_enabled":true,"_links":{"self":[{"href":"https:\/\/tzionlibreria.com\/index.php\/wp-json\/wp\/v2\/product\/5828","targetHints":{"allow":["GET"]}}],"collection":[{"href":"https:\/\/tzionlibreria.com\/index.php\/wp-json\/wp\/v2\/product"}],"about":[{"href":"https:\/\/tzionlibreria.com\/index.php\/wp-json\/wp\/v2\/types\/product"}],"replies":[{"embeddable":true,"href":"https:\/\/tzionlibreria.com\/index.php\/wp-json\/wp\/v2\/comments?post=5828"}],"wp:featuredmedia":[{"embeddable":true,"href":"https:\/\/tzionlibreria.com\/index.php\/wp-json\/wp\/v2\/media\/5829"}],"wp:attachment":[{"href":"https:\/\/tzionlibreria.com\/index.php\/wp-json\/wp\/v2\/media?parent=5828"}],"wp:term":[{"taxonomy":"product_brand","embeddable":true,"href":"https:\/\/tzionlibreria.com\/index.php\/wp-json\/wp\/v2\/product_brand?post=5828"},{"taxonomy":"product_cat","embeddable":true,"href":"https:\/\/tzionlibreria.com\/index.php\/wp-json\/wp\/v2\/product_cat?post=5828"},{"taxonomy":"product_tag","embeddable":true,"href":"https:\/\/tzionlibreria.com\/index.php\/wp-json\/wp\/v2\/product_tag?post=5828"}],"curies":[{"name":"wp","href":"https:\/\/api.w.org\/{rel}","templated":true}]}}