{"id":5833,"date":"2025-08-26T01:09:01","date_gmt":"2025-08-26T01:09:01","guid":{"rendered":"https:\/\/tzionlibreria.com\/?post_type=product&#038;p=5833"},"modified":"2026-02-05T21:52:06","modified_gmt":"2026-02-05T21:52:06","slug":"finanzas-biblicas-cambia-tu-y-cambiara-tus-finanzas","status":"publish","type":"product","link":"https:\/\/tzionlibreria.com\/index.php\/product\/finanzas-biblicas-cambia-tu-y-cambiara-tus-finanzas\/","title":{"rendered":"Finanzas Biblicas &#8211; Cambia t\u00fa y Cambiar\u00e1 tus Finanzas"},"content":{"rendered":"<div class=\"ast-oembed-container \" style=\"height: 100%;\"><iframe title=\"Finanzas b\u00edblicas de H\u00e9ctor Salcedo\" width=\"500\" height=\"281\" src=\"https:\/\/www.youtube.com\/embed\/h4zIQdNWAjE?feature=oembed\" frameborder=\"0\" allow=\"accelerometer; autoplay; clipboard-write; encrypted-media; gyroscope; picture-in-picture; web-share\" referrerpolicy=\"strict-origin-when-cross-origin\" allowfullscreen><\/iframe><\/div>\n<p>&nbsp;<\/p>\n<p data-start=\"183\" data-end=\"230\"><strong data-start=\"183\" data-end=\"228\">\u201cTu manejo del dinero refleja qui\u00e9n eres\u201d<\/strong><\/p>\n<p data-start=\"232\" data-end=\"603\"><em data-start=\"232\" data-end=\"251\">Finanzas B\u00edblicas<\/em>, escrito por H\u00e9ctor Salcedo, es una obra que combina principios eternos de la Palabra de Dios con consejos pr\u00e1cticos para el manejo del dinero. M\u00e1s que un manual financiero, es una gu\u00eda de transformaci\u00f3n personal que ense\u00f1a a alinear las finanzas con la voluntad de Dios, entendiendo que el problema no est\u00e1 solo en la billetera, sino en el coraz\u00f3n.<\/p>\n<p data-start=\"605\" data-end=\"941\">El libro revela c\u00f3mo una perspectiva equivocada de lo material puede traer ansiedad, envidia, inseguridad, conflictos familiares y divisiones en comunidades de fe. A trav\u00e9s de una traves\u00eda b\u00edblica, el autor muestra que el verdadero cambio financiero empieza en nuestro interior, y desde all\u00ed transforma nuestras decisiones econ\u00f3micas.<\/p>\n<p data-start=\"943\" data-end=\"1176\">\u270d\ufe0f Autor: H\u00e9ctor Salcedo<br data-start=\"967\" data-end=\"970\" \/>\ud83d\udcda Editorial: Vida<br data-start=\"988\" data-end=\"991\" \/>\ud83d\udccc ISBN: 9780829743111<br data-start=\"1013\" data-end=\"1016\" \/>\ud83d\udcd1 P\u00e1ginas: 176<br data-start=\"1031\" data-end=\"1034\" \/>\ud83d\udce6 Peso: 0,190 kg<br data-start=\"1051\" data-end=\"1054\" \/>\ud83d\udcd0 Dimensiones: 60 x 90 x 10 mm<br data-start=\"1085\" data-end=\"1088\" \/>\ud83d\udcc5 Lanzamiento: 13 de agosto de 2020<br data-start=\"1124\" data-end=\"1127\" \/>\ud83d\udcd1 Encuadernaci\u00f3n: R\u00fastica<br data-start=\"1153\" data-end=\"1156\" \/>\ud83c\udf0e Idioma: Espa\u00f1ol<\/p>\n<hr data-start=\"1178\" data-end=\"1181\" \/>\n<h2 data-start=\"1183\" data-end=\"1201\">\ud83c\udf1f Beneficios<\/h2>\n<ul data-start=\"1202\" data-end=\"1789\">\n<li data-start=\"1202\" data-end=\"1291\">\n<p data-start=\"1204\" data-end=\"1291\">\u2705 Aprender a ver el dinero desde una <strong data-start=\"1241\" data-end=\"1264\">perspectiva b\u00edblica<\/strong> y no meramente material.<\/p>\n<\/li>\n<li data-start=\"1292\" data-end=\"1594\">\n<p data-start=\"1294\" data-end=\"1323\">\u2705 Consejos pr\u00e1cticos sobre:<\/p>\n<ul data-start=\"1327\" data-end=\"1594\">\n<li data-start=\"1327\" data-end=\"1362\">\n<p data-start=\"1329\" data-end=\"1362\">Aumento leg\u00edtimo de ingresos \ud83d\udcbc<\/p>\n<\/li>\n<li data-start=\"1366\" data-end=\"1417\">\n<p data-start=\"1368\" data-end=\"1417\">Evaluaci\u00f3n de negocios multinivel\/piramidales \u274c<\/p>\n<\/li>\n<li data-start=\"1421\" data-end=\"1446\">\n<p data-start=\"1423\" data-end=\"1446\">Inversi\u00f3n en bolsa \ud83d\udcc8<\/p>\n<\/li>\n<li data-start=\"1450\" data-end=\"1491\">\n<p data-start=\"1452\" data-end=\"1491\">Criptomonedas y su uso inteligente \ud83d\udcbb<\/p>\n<\/li>\n<li data-start=\"1495\" data-end=\"1537\">\n<p data-start=\"1497\" data-end=\"1537\">Elaboraci\u00f3n de presupuesto familiar \ud83d\udcdd<\/p>\n<\/li>\n<li data-start=\"1541\" data-end=\"1594\">\n<p data-start=\"1543\" data-end=\"1594\">Manejo sabio de deudas (vivienda y veh\u00edculo) \ud83c\udfe0\ud83d\ude97<\/p>\n<\/li>\n<\/ul>\n<\/li>\n<li data-start=\"1595\" data-end=\"1687\">\n<p data-start=\"1597\" data-end=\"1687\">\u2705 Herramienta para matrimonios, familias y l\u00edderes que enfrentan conflictos financieros.<\/p>\n<\/li>\n<li data-start=\"1688\" data-end=\"1789\">\n<p data-start=\"1690\" data-end=\"1789\">\u2705 Promueve la <strong data-start=\"1704\" data-end=\"1751\">generosidad, la fidelidad y la paz interior<\/strong> al depender de Dios como proveedor.<\/p>\n<\/li>\n<\/ul>\n<hr data-start=\"1791\" data-end=\"1794\" \/>\n<h2 data-start=\"1796\" data-end=\"1821\">\ud83c\udfaf Recomendado para:<\/h2>\n<p data-start=\"1822\" data-end=\"2312\">\ud83d\udc68\u200d\ud83d\udc69\u200d\ud83d\udc67\u200d\ud83d\udc66 <strong data-start=\"1834\" data-end=\"1860\">Familias y matrimonios<\/strong> que desean fortalecer su relaci\u00f3n a trav\u00e9s de una mayordom\u00eda correcta.<br data-start=\"1931\" data-end=\"1934\" \/>\ud83d\ude4b\u200d\u2642\ufe0f\ud83d\ude4b\u200d\u2640\ufe0f <strong data-start=\"1945\" data-end=\"1958\">Creyentes<\/strong> que buscan alinear sus finanzas con principios b\u00edblicos.<br data-start=\"2015\" data-end=\"2018\" \/>\ud83d\udcd6 <strong data-start=\"2021\" data-end=\"2043\">L\u00edderes y pastores<\/strong> que ense\u00f1an sobre finanzas y mayordom\u00eda cristiana.<br data-start=\"2094\" data-end=\"2097\" \/>\ud83e\uddd1\u200d\ud83d\udcbc <strong data-start=\"2103\" data-end=\"2124\">J\u00f3venes y adultos<\/strong> que quieren tomar decisiones econ\u00f3micas sabias y evitar la esclavitud de las deudas.<br data-start=\"2209\" data-end=\"2212\" \/>\ud83d\udca1 Todo aquel que desea experimentar <strong data-start=\"2249\" data-end=\"2282\">libertad financiera verdadera<\/strong> desde adentro hacia afuera.<\/p>\n","protected":false},"excerpt":{"rendered":"<p>&nbsp; \u201cTu manejo del dinero refleja qui\u00e9n eres\u201d Finanzas B\u00edblicas, escrito por H\u00e9ctor Salcedo, es una obra que combina principios eternos de la Palabra de Dios con consejos pr\u00e1cticos para el manejo del dinero. M\u00e1s que un manual financiero, es una gu\u00eda de transformaci\u00f3n personal que ense\u00f1a a alinear las finanzas con la voluntad de [&hellip;]<\/p>\n","protected":false},"featured_media":5834,"comment_status":"open","ping_status":"closed","template":"","meta":{"om_disable_all_campaigns":false,"_monsterinsights_skip_tracking":false,"_monsterinsights_sitenote_active":false,"_monsterinsights_sitenote_note":"","_monsterinsights_sitenote_category":0,"site-sidebar-layout":"default","site-content-layout":"","ast-site-content-layout":"default","site-content-style":"default","site-sidebar-style":"default","ast-global-header-display":"","ast-banner-title-visibility":"","ast-main-header-display":"","ast-hfb-above-header-display":"","ast-hfb-below-header-display":"","ast-hfb-mobile-header-display":"","site-post-title":"","ast-breadcrumbs-content":"","ast-featured-img":"","footer-sml-layout":"","ast-disable-related-posts":"","theme-transparent-header-meta":"default","adv-header-id-meta":"","stick-header-meta":"","header-above-stick-meta":"","header-main-stick-meta":"","header-below-stick-meta":"","astra-migrate-meta-layouts":"set","ast-page-background-enabled":"default","ast-page-background-meta":{"desktop":{"background-color":"var(--ast-global-color-4)","background-image":"","background-repeat":"repeat","background-position":"center center","background-size":"auto","background-attachment":"scroll","background-type":"","background-media":"","overlay-type":"","overlay-color":"","overlay-opacity":"","overlay-gradient":""},"tablet":{"background-color":"","background-image":"","background-repeat":"repeat","background-position":"center center","background-size":"auto","background-attachment":"scroll","background-type":"","background-media":"","overlay-type":"","overlay-color":"","overlay-opacity":"","overlay-gradient":""},"mobile":{"background-color":"","background-image":"","background-repeat":"repeat","background-position":"center center","background-size":"auto","background-attachment":"scroll","background-type":"","background-media":"","overlay-type":"","overlay-color":"","overlay-opacity":"","overlay-gradient":""}},"ast-content-background-meta":{"desktop":{"background-color":"var(--ast-global-color-5)","background-image":"","background-repeat":"repeat","background-position":"center center","background-size":"auto","background-attachment":"scroll","background-type":"","background-media":"","overlay-type":"","overlay-color":"","overlay-opacity":"","overlay-gradient":""},"tablet":{"background-color":"var(--ast-global-color-5)","background-image":"","background-repeat":"repeat","background-position":"center center","background-size":"auto","background-attachment":"scroll","background-type":"","background-media":"","overlay-type":"","overlay-color":"","overlay-opacity":"","overlay-gradient":""},"mobile":{"background-color":"var(--ast-global-color-5)","background-image":"","background-repeat":"repeat","background-position":"center center","background-size":"auto","background-attachment":"scroll","background-type":"","background-media":"","overlay-type":"","overlay-color":"","overlay-opacity":"","overlay-gradient":""}}},"product_brand":[],"product_cat":[310,23],"product_tag":[],"class_list":{"0":"post-5833","1":"product","2":"type-product","3":"status-publish","4":"has-post-thumbnail","6":"product_cat-finanzas","7":"product_cat-libros","8":"desktop-align-left","9":"tablet-align-left","10":"mobile-align-left","12":"first","13":"instock","14":"shipping-taxable","15":"purchasable","16":"product-type-simple"},"yoast_head":"<!-- This site is optimized with the Yoast SEO plugin v27.4 - https:\/\/yoast.com\/product\/yoast-seo-wordpress\/ -->\n<title>Finanzas Biblicas - Cambia t\u00fa y Cambiar\u00e1 tus Finanzas - tzionlibreria.com<\/title>\n<meta name=\"description\" content=\"Ense\u00f1a a alinear las finanzas con la voluntad de Dios, entendiendo que el problema no est\u00e1 solo en la billetera, sino en el coraz\u00f3n\" \/>\n<meta name=\"robots\" content=\"index, follow, max-snippet:-1, max-image-preview:large, max-video-preview:-1\" \/>\n<link rel=\"canonical\" href=\"https:\/\/tzionlibreria.com\/index.php\/product\/finanzas-biblicas-cambia-tu-y-cambiara-tus-finanzas\/\" \/>\n<meta property=\"og:locale\" content=\"es_ES\" \/>\n<meta property=\"og:type\" content=\"article\" \/>\n<meta property=\"og:title\" content=\"Finanzas Biblicas - Cambia t\u00fa y Cambiar\u00e1 tus Finanzas - tzionlibreria.com\" \/>\n<meta property=\"og:description\" content=\"Ense\u00f1a a alinear las finanzas con la voluntad de Dios, entendiendo que el problema no est\u00e1 solo en la billetera, sino en el coraz\u00f3n\" \/>\n<meta property=\"og:url\" content=\"https:\/\/tzionlibreria.com\/index.php\/product\/finanzas-biblicas-cambia-tu-y-cambiara-tus-finanzas\/\" \/>\n<meta property=\"og:site_name\" content=\"tzionlibreria.com\" \/>\n<meta property=\"article:modified_time\" content=\"2026-02-05T21:52:06+00:00\" \/>\n<meta property=\"og:image\" content=\"http:\/\/tzionlibreria.com\/wp-content\/uploads\/2025\/08\/18.png\" \/>\n\t<meta property=\"og:image:width\" content=\"1080\" \/>\n\t<meta property=\"og:image:height\" content=\"1080\" \/>\n\t<meta property=\"og:image:type\" content=\"image\/png\" \/>\n<meta name=\"twitter:card\" content=\"summary_large_image\" \/>\n<meta name=\"twitter:label1\" content=\"Tiempo de lectura\" \/>\n\t<meta name=\"twitter:data1\" content=\"2 minutos\" \/>\n<script type=\"application\/ld+json\" class=\"yoast-schema-graph\">{\"@context\":\"https:\\\/\\\/schema.org\",\"@graph\":[{\"@type\":\"WebPage\",\"@id\":\"https:\\\/\\\/tzionlibreria.com\\\/index.php\\\/product\\\/finanzas-biblicas-cambia-tu-y-cambiara-tus-finanzas\\\/\",\"url\":\"https:\\\/\\\/tzionlibreria.com\\\/index.php\\\/product\\\/finanzas-biblicas-cambia-tu-y-cambiara-tus-finanzas\\\/\",\"name\":\"Finanzas Biblicas - Cambia t\u00fa y Cambiar\u00e1 tus Finanzas - tzionlibreria.com\",\"isPartOf\":{\"@id\":\"https:\\\/\\\/tzionlibreria.com\\\/#website\"},\"primaryImageOfPage\":{\"@id\":\"https:\\\/\\\/tzionlibreria.com\\\/index.php\\\/product\\\/finanzas-biblicas-cambia-tu-y-cambiara-tus-finanzas\\\/#primaryimage\"},\"image\":{\"@id\":\"https:\\\/\\\/tzionlibreria.com\\\/index.php\\\/product\\\/finanzas-biblicas-cambia-tu-y-cambiara-tus-finanzas\\\/#primaryimage\"},\"thumbnailUrl\":\"https:\\\/\\\/tzionlibreria.com\\\/wp-content\\\/uploads\\\/2025\\\/08\\\/18.png\",\"datePublished\":\"2025-08-26T01:09:01+00:00\",\"dateModified\":\"2026-02-05T21:52:06+00:00\",\"description\":\"Ense\u00f1a a alinear las finanzas con la voluntad de Dios, entendiendo que el problema no est\u00e1 solo en la billetera, sino en el coraz\u00f3n\",\"breadcrumb\":{\"@id\":\"https:\\\/\\\/tzionlibreria.com\\\/index.php\\\/product\\\/finanzas-biblicas-cambia-tu-y-cambiara-tus-finanzas\\\/#breadcrumb\"},\"inLanguage\":\"es-CO\",\"potentialAction\":[{\"@type\":\"ReadAction\",\"target\":[\"https:\\\/\\\/tzionlibreria.com\\\/index.php\\\/product\\\/finanzas-biblicas-cambia-tu-y-cambiara-tus-finanzas\\\/\"]}]},{\"@type\":\"ImageObject\",\"inLanguage\":\"es-CO\",\"@id\":\"https:\\\/\\\/tzionlibreria.com\\\/index.php\\\/product\\\/finanzas-biblicas-cambia-tu-y-cambiara-tus-finanzas\\\/#primaryimage\",\"url\":\"https:\\\/\\\/tzionlibreria.com\\\/wp-content\\\/uploads\\\/2025\\\/08\\\/18.png\",\"contentUrl\":\"https:\\\/\\\/tzionlibreria.com\\\/wp-content\\\/uploads\\\/2025\\\/08\\\/18.png\",\"width\":1080,\"height\":1080},{\"@type\":\"BreadcrumbList\",\"@id\":\"https:\\\/\\\/tzionlibreria.com\\\/index.php\\\/product\\\/finanzas-biblicas-cambia-tu-y-cambiara-tus-finanzas\\\/#breadcrumb\",\"itemListElement\":[{\"@type\":\"ListItem\",\"position\":1,\"name\":\"Inicio\",\"item\":\"https:\\\/\\\/tzionlibreria.com\\\/\"},{\"@type\":\"ListItem\",\"position\":2,\"name\":\"Shop\",\"item\":\"https:\\\/\\\/tzionlibreria.com\\\/index.php\\\/shop\\\/\"},{\"@type\":\"ListItem\",\"position\":3,\"name\":\"Finanzas Biblicas &#8211; Cambia t\u00fa y Cambiar\u00e1 tus Finanzas\"}]},{\"@type\":\"WebSite\",\"@id\":\"https:\\\/\\\/tzionlibreria.com\\\/#website\",\"url\":\"https:\\\/\\\/tzionlibreria.com\\\/\",\"name\":\"tzionlibreria.com\",\"description\":\"Libreria Cristiana Venezuela\",\"publisher\":{\"@id\":\"https:\\\/\\\/tzionlibreria.com\\\/#organization\"},\"potentialAction\":[{\"@type\":\"SearchAction\",\"target\":{\"@type\":\"EntryPoint\",\"urlTemplate\":\"https:\\\/\\\/tzionlibreria.com\\\/?s={search_term_string}\"},\"query-input\":{\"@type\":\"PropertyValueSpecification\",\"valueRequired\":true,\"valueName\":\"search_term_string\"}}],\"inLanguage\":\"es-CO\"},{\"@type\":\"Organization\",\"@id\":\"https:\\\/\\\/tzionlibreria.com\\\/#organization\",\"name\":\"tzionlibreria.com\",\"url\":\"https:\\\/\\\/tzionlibreria.com\\\/\",\"logo\":{\"@type\":\"ImageObject\",\"inLanguage\":\"es-CO\",\"@id\":\"https:\\\/\\\/tzionlibreria.com\\\/#\\\/schema\\\/logo\\\/image\\\/\",\"url\":\"https:\\\/\\\/tzionlibreria.com\\\/wp-content\\\/uploads\\\/2023\\\/10\\\/cropped-Cuadricula-scaled-1.jpg\",\"contentUrl\":\"https:\\\/\\\/tzionlibreria.com\\\/wp-content\\\/uploads\\\/2023\\\/10\\\/cropped-Cuadricula-scaled-1.jpg\",\"width\":2560,\"height\":2560,\"caption\":\"tzionlibreria.com\"},\"image\":{\"@id\":\"https:\\\/\\\/tzionlibreria.com\\\/#\\\/schema\\\/logo\\\/image\\\/\"}}]}<\/script>\n<!-- \/ Yoast SEO plugin. -->","yoast_head_json":{"title":"Finanzas Biblicas - Cambia t\u00fa y Cambiar\u00e1 tus Finanzas - tzionlibreria.com","description":"Ense\u00f1a a alinear las finanzas con la voluntad de Dios, entendiendo que el problema no est\u00e1 solo en la billetera, sino en el coraz\u00f3n","robots":{"index":"index","follow":"follow","max-snippet":"max-snippet:-1","max-image-preview":"max-image-preview:large","max-video-preview":"max-video-preview:-1"},"canonical":"https:\/\/tzionlibreria.com\/index.php\/product\/finanzas-biblicas-cambia-tu-y-cambiara-tus-finanzas\/","og_locale":"es_ES","og_type":"article","og_title":"Finanzas Biblicas - Cambia t\u00fa y Cambiar\u00e1 tus Finanzas - tzionlibreria.com","og_description":"Ense\u00f1a a alinear las finanzas con la voluntad de Dios, entendiendo que el problema no est\u00e1 solo en la billetera, sino en el coraz\u00f3n","og_url":"https:\/\/tzionlibreria.com\/index.php\/product\/finanzas-biblicas-cambia-tu-y-cambiara-tus-finanzas\/","og_site_name":"tzionlibreria.com","article_modified_time":"2026-02-05T21:52:06+00:00","og_image":[{"width":1080,"height":1080,"url":"http:\/\/tzionlibreria.com\/wp-content\/uploads\/2025\/08\/18.png","type":"image\/png"}],"twitter_card":"summary_large_image","twitter_misc":{"Tiempo de lectura":"2 minutos"},"schema":{"@context":"https:\/\/schema.org","@graph":[{"@type":"WebPage","@id":"https:\/\/tzionlibreria.com\/index.php\/product\/finanzas-biblicas-cambia-tu-y-cambiara-tus-finanzas\/","url":"https:\/\/tzionlibreria.com\/index.php\/product\/finanzas-biblicas-cambia-tu-y-cambiara-tus-finanzas\/","name":"Finanzas Biblicas - Cambia t\u00fa y Cambiar\u00e1 tus Finanzas - tzionlibreria.com","isPartOf":{"@id":"https:\/\/tzionlibreria.com\/#website"},"primaryImageOfPage":{"@id":"https:\/\/tzionlibreria.com\/index.php\/product\/finanzas-biblicas-cambia-tu-y-cambiara-tus-finanzas\/#primaryimage"},"image":{"@id":"https:\/\/tzionlibreria.com\/index.php\/product\/finanzas-biblicas-cambia-tu-y-cambiara-tus-finanzas\/#primaryimage"},"thumbnailUrl":"https:\/\/tzionlibreria.com\/wp-content\/uploads\/2025\/08\/18.png","datePublished":"2025-08-26T01:09:01+00:00","dateModified":"2026-02-05T21:52:06+00:00","description":"Ense\u00f1a a alinear las finanzas con la voluntad de Dios, entendiendo que el problema no est\u00e1 solo en la billetera, sino en el coraz\u00f3n","breadcrumb":{"@id":"https:\/\/tzionlibreria.com\/index.php\/product\/finanzas-biblicas-cambia-tu-y-cambiara-tus-finanzas\/#breadcrumb"},"inLanguage":"es-CO","potentialAction":[{"@type":"ReadAction","target":["https:\/\/tzionlibreria.com\/index.php\/product\/finanzas-biblicas-cambia-tu-y-cambiara-tus-finanzas\/"]}]},{"@type":"ImageObject","inLanguage":"es-CO","@id":"https:\/\/tzionlibreria.com\/index.php\/product\/finanzas-biblicas-cambia-tu-y-cambiara-tus-finanzas\/#primaryimage","url":"https:\/\/tzionlibreria.com\/wp-content\/uploads\/2025\/08\/18.png","contentUrl":"https:\/\/tzionlibreria.com\/wp-content\/uploads\/2025\/08\/18.png","width":1080,"height":1080},{"@type":"BreadcrumbList","@id":"https:\/\/tzionlibreria.com\/index.php\/product\/finanzas-biblicas-cambia-tu-y-cambiara-tus-finanzas\/#breadcrumb","itemListElement":[{"@type":"ListItem","position":1,"name":"Inicio","item":"https:\/\/tzionlibreria.com\/"},{"@type":"ListItem","position":2,"name":"Shop","item":"https:\/\/tzionlibreria.com\/index.php\/shop\/"},{"@type":"ListItem","position":3,"name":"Finanzas Biblicas &#8211; Cambia t\u00fa y Cambiar\u00e1 tus Finanzas"}]},{"@type":"WebSite","@id":"https:\/\/tzionlibreria.com\/#website","url":"https:\/\/tzionlibreria.com\/","name":"tzionlibreria.com","description":"Libreria Cristiana Venezuela","publisher":{"@id":"https:\/\/tzionlibreria.com\/#organization"},"potentialAction":[{"@type":"SearchAction","target":{"@type":"EntryPoint","urlTemplate":"https:\/\/tzionlibreria.com\/?s={search_term_string}"},"query-input":{"@type":"PropertyValueSpecification","valueRequired":true,"valueName":"search_term_string"}}],"inLanguage":"es-CO"},{"@type":"Organization","@id":"https:\/\/tzionlibreria.com\/#organization","name":"tzionlibreria.com","url":"https:\/\/tzionlibreria.com\/","logo":{"@type":"ImageObject","inLanguage":"es-CO","@id":"https:\/\/tzionlibreria.com\/#\/schema\/logo\/image\/","url":"https:\/\/tzionlibreria.com\/wp-content\/uploads\/2023\/10\/cropped-Cuadricula-scaled-1.jpg","contentUrl":"https:\/\/tzionlibreria.com\/wp-content\/uploads\/2023\/10\/cropped-Cuadricula-scaled-1.jpg","width":2560,"height":2560,"caption":"tzionlibreria.com"},"image":{"@id":"https:\/\/tzionlibreria.com\/#\/schema\/logo\/image\/"}}]}},"jetpack_sharing_enabled":true,"_links":{"self":[{"href":"https:\/\/tzionlibreria.com\/index.php\/wp-json\/wp\/v2\/product\/5833","targetHints":{"allow":["GET"]}}],"collection":[{"href":"https:\/\/tzionlibreria.com\/index.php\/wp-json\/wp\/v2\/product"}],"about":[{"href":"https:\/\/tzionlibreria.com\/index.php\/wp-json\/wp\/v2\/types\/product"}],"replies":[{"embeddable":true,"href":"https:\/\/tzionlibreria.com\/index.php\/wp-json\/wp\/v2\/comments?post=5833"}],"wp:featuredmedia":[{"embeddable":true,"href":"https:\/\/tzionlibreria.com\/index.php\/wp-json\/wp\/v2\/media\/5834"}],"wp:attachment":[{"href":"https:\/\/tzionlibreria.com\/index.php\/wp-json\/wp\/v2\/media?parent=5833"}],"wp:term":[{"taxonomy":"product_brand","embeddable":true,"href":"https:\/\/tzionlibreria.com\/index.php\/wp-json\/wp\/v2\/product_brand?post=5833"},{"taxonomy":"product_cat","embeddable":true,"href":"https:\/\/tzionlibreria.com\/index.php\/wp-json\/wp\/v2\/product_cat?post=5833"},{"taxonomy":"product_tag","embeddable":true,"href":"https:\/\/tzionlibreria.com\/index.php\/wp-json\/wp\/v2\/product_tag?post=5833"}],"curies":[{"name":"wp","href":"https:\/\/api.w.org\/{rel}","templated":true}]}}