{"id":5852,"date":"2025-08-26T01:47:46","date_gmt":"2025-08-26T01:47:46","guid":{"rendered":"https:\/\/tzionlibreria.com\/?post_type=product&#038;p=5852"},"modified":"2026-03-25T21:56:09","modified_gmt":"2026-03-25T21:56:09","slug":"biblia-reina-valera-1995-edicion-de-estudio-piel-indice-cierre","status":"publish","type":"product","link":"https:\/\/tzionlibreria.com\/index.php\/product\/biblia-reina-valera-1995-edicion-de-estudio-piel-indice-cierre\/","title":{"rendered":"Biblia Reina Valera 1995 \u2013 Edici\u00f3n de Estudio &#8211; Piel Indice Cierre"},"content":{"rendered":"<div class=\"ast-oembed-container \" style=\"height: 100%;\"><iframe title=\"Biblia RVR95 Edici\u00f3n de Estudio - Negro Canto Dorado Indice Cierre\" width=\"500\" height=\"281\" src=\"https:\/\/www.youtube.com\/embed\/ad7As1Vdz9k?feature=oembed\" frameborder=\"0\" allow=\"accelerometer; autoplay; clipboard-write; encrypted-media; gyroscope; picture-in-picture; web-share\" referrerpolicy=\"strict-origin-when-cross-origin\" allowfullscreen><\/iframe><\/div>\n<p>&nbsp;<\/p>\n<p data-start=\"146\" data-end=\"484\">La <strong data-start=\"149\" data-end=\"198\">Biblia Reina Valera 1995 \u2013 Edici\u00f3n de Estudio<\/strong> ha sido dise\u00f1ada especialmente para quienes desean profundizar en el estudio riguroso de la Palabra de Dios. Su presentaci\u00f3n elegante en <strong data-start=\"336\" data-end=\"379\">imitaci\u00f3n piel negra con letras doradas<\/strong> y su pr\u00e1ctico <strong data-start=\"394\" data-end=\"412\">\u00edndice lateral<\/strong> la convierten en una herramienta de estudio duradera y f\u00e1cil de usar.<\/p>\n<p data-start=\"486\" data-end=\"672\">Con un amplio caudal de recursos adicionales, esta edici\u00f3n es ideal tanto para lectores individuales como para maestros, pastores y l\u00edderes que buscan mayor claridad en las Escrituras.<\/p>\n<hr data-start=\"674\" data-end=\"677\" \/>\n<h2 data-start=\"679\" data-end=\"705\">\ud83d\udccc Detalles:\u00a0 Letra mediana 10 Puntos<\/h2>\n<p data-start=\"706\" data-end=\"915\">\ud83d\udcda <strong data-start=\"709\" data-end=\"721\">Versi\u00f3n:<\/strong> Reina Valera 1995 \u2013 Edici\u00f3n de estudio<br data-start=\"760\" data-end=\"763\" \/>\ud83d\udd16 <strong data-start=\"766\" data-end=\"775\">ISBN:<\/strong> 9789587453553<br data-start=\"789\" data-end=\"792\" \/>\ud83d\udcd0 <strong data-start=\"795\" data-end=\"811\">Dimensiones:<\/strong> 142 x 208 x 28 mm<br data-start=\"829\" data-end=\"832\" \/>\ud83d\udce6 <strong data-start=\"835\" data-end=\"848\">Cubierta:<\/strong> Imitaci\u00f3n piel negra con letras doradas<br data-start=\"888\" data-end=\"891\" \/>\ud83c\udf0e <strong data-start=\"894\" data-end=\"905\">Idioma:<\/strong> Espa\u00f1ol<\/p>\n<hr data-start=\"917\" data-end=\"920\" \/>\n<h2 data-start=\"922\" data-end=\"948\">\ud83c\udf1f Recursos incluidos<\/h2>\n<ul data-start=\"949\" data-end=\"1385\">\n<li data-start=\"949\" data-end=\"976\">\n<p data-start=\"951\" data-end=\"976\">\u2705 Concordancia tem\u00e1tica<\/p>\n<\/li>\n<li data-start=\"977\" data-end=\"1002\">\n<p data-start=\"979\" data-end=\"1002\">\u2705 Diccionario b\u00edblico<\/p>\n<\/li>\n<li data-start=\"1003\" data-end=\"1041\">\n<p data-start=\"1005\" data-end=\"1041\">\u2705 Gu\u00eda sin\u00f3ptica de los evangelios<\/p>\n<\/li>\n<li data-start=\"1042\" data-end=\"1091\">\n<p data-start=\"1044\" data-end=\"1091\">\u2705 Panorama general de los libros de la Biblia<\/p>\n<\/li>\n<li data-start=\"1092\" data-end=\"1123\">\n<p data-start=\"1094\" data-end=\"1123\">\u2705 Introducci\u00f3n a cada libro<\/p>\n<\/li>\n<li data-start=\"1124\" data-end=\"1156\">\n<p data-start=\"1126\" data-end=\"1156\">\u2705 Comentario a pie de p\u00e1gina<\/p>\n<\/li>\n<li data-start=\"1157\" data-end=\"1190\">\n<p data-start=\"1159\" data-end=\"1190\">\u2705 Divisi\u00f3n devocional del d\u00eda<\/p>\n<\/li>\n<li data-start=\"1191\" data-end=\"1214\">\n<p data-start=\"1193\" data-end=\"1214\">\u2705 Calendario hebreo<\/p>\n<\/li>\n<li data-start=\"1215\" data-end=\"1238\">\n<p data-start=\"1217\" data-end=\"1238\">\u2705 Tabla cronol\u00f3gica<\/p>\n<\/li>\n<li data-start=\"1239\" data-end=\"1278\">\n<p data-start=\"1241\" data-end=\"1278\">\u2705 Tabla de pesas, monedas y medidas<\/p>\n<\/li>\n<li data-start=\"1279\" data-end=\"1318\">\n<p data-start=\"1281\" data-end=\"1318\">\u2705 C\u00f3mo encontrar ayuda en la Biblia<\/p>\n<\/li>\n<li data-start=\"1319\" data-end=\"1365\">\n<p data-start=\"1321\" data-end=\"1365\">\u2705 Historias del Antiguo y Nuevo Testamento<\/p>\n<\/li>\n<li data-start=\"1366\" data-end=\"1385\">\n<p data-start=\"1368\" data-end=\"1385\">\u2705 Mapas a color<\/p>\n<\/li>\n<\/ul>\n<hr data-start=\"1387\" data-end=\"1390\" \/>\n<h2 data-start=\"1392\" data-end=\"1416\">\ud83c\udfaf Recomendado para<\/h2>\n<p data-start=\"1417\" data-end=\"1720\">\ud83d\udcd6 Creyentes que desean profundizar en el estudio personal de la Palabra.<br data-start=\"1490\" data-end=\"1493\" \/>\ud83d\udc68\u200d\ud83c\udfeb Pastores, maestros y l\u00edderes que necesitan herramientas claras para la ense\u00f1anza.<br data-start=\"1580\" data-end=\"1583\" \/>\ud83d\udc68\u200d\ud83d\udc69\u200d\ud83d\udc67 Familias que quieren tener una <strong data-start=\"1623\" data-end=\"1666\">Biblia de consulta y formaci\u00f3n integral<\/strong> en casa.<br data-start=\"1675\" data-end=\"1678\" \/>\ud83d\udcda Estudiantes de teolog\u00eda y ministerio.<\/p>\n","protected":false},"excerpt":{"rendered":"<p>&nbsp; La Biblia Reina Valera 1995 \u2013 Edici\u00f3n de Estudio ha sido dise\u00f1ada especialmente para quienes desean profundizar en el estudio riguroso de la Palabra de Dios. Su presentaci\u00f3n elegante en imitaci\u00f3n piel negra con letras doradas y su pr\u00e1ctico \u00edndice lateral la convierten en una herramienta de estudio duradera y f\u00e1cil de usar. Con [&hellip;]<\/p>\n","protected":false},"featured_media":5851,"comment_status":"open","ping_status":"closed","template":"","meta":{"om_disable_all_campaigns":false,"_monsterinsights_skip_tracking":false,"_monsterinsights_sitenote_active":false,"_monsterinsights_sitenote_note":"","_monsterinsights_sitenote_category":0,"site-sidebar-layout":"default","site-content-layout":"","ast-site-content-layout":"default","site-content-style":"default","site-sidebar-style":"default","ast-global-header-display":"","ast-banner-title-visibility":"","ast-main-header-display":"","ast-hfb-above-header-display":"","ast-hfb-below-header-display":"","ast-hfb-mobile-header-display":"","site-post-title":"","ast-breadcrumbs-content":"","ast-featured-img":"","footer-sml-layout":"","ast-disable-related-posts":"","theme-transparent-header-meta":"default","adv-header-id-meta":"","stick-header-meta":"","header-above-stick-meta":"","header-main-stick-meta":"","header-below-stick-meta":"","astra-migrate-meta-layouts":"set","ast-page-background-enabled":"default","ast-page-background-meta":{"desktop":{"background-color":"var(--ast-global-color-4)","background-image":"","background-repeat":"repeat","background-position":"center center","background-size":"auto","background-attachment":"scroll","background-type":"","background-media":"","overlay-type":"","overlay-color":"","overlay-opacity":"","overlay-gradient":""},"tablet":{"background-color":"","background-image":"","background-repeat":"repeat","background-position":"center center","background-size":"auto","background-attachment":"scroll","background-type":"","background-media":"","overlay-type":"","overlay-color":"","overlay-opacity":"","overlay-gradient":""},"mobile":{"background-color":"","background-image":"","background-repeat":"repeat","background-position":"center center","background-size":"auto","background-attachment":"scroll","background-type":"","background-media":"","overlay-type":"","overlay-color":"","overlay-opacity":"","overlay-gradient":""}},"ast-content-background-meta":{"desktop":{"background-color":"var(--ast-global-color-5)","background-image":"","background-repeat":"repeat","background-position":"center center","background-size":"auto","background-attachment":"scroll","background-type":"","background-media":"","overlay-type":"","overlay-color":"","overlay-opacity":"","overlay-gradient":""},"tablet":{"background-color":"var(--ast-global-color-5)","background-image":"","background-repeat":"repeat","background-position":"center center","background-size":"auto","background-attachment":"scroll","background-type":"","background-media":"","overlay-type":"","overlay-color":"","overlay-opacity":"","overlay-gradient":""},"mobile":{"background-color":"var(--ast-global-color-5)","background-image":"","background-repeat":"repeat","background-position":"center center","background-size":"auto","background-attachment":"scroll","background-type":"","background-media":"","overlay-type":"","overlay-color":"","overlay-opacity":"","overlay-gradient":""}}},"product_brand":[],"product_cat":[22,30],"product_tag":[],"class_list":{"0":"post-5852","1":"product","2":"type-product","3":"status-publish","4":"has-post-thumbnail","6":"product_cat-biblias","7":"product_cat-biblia-de-estudio","8":"desktop-align-left","9":"tablet-align-left","10":"mobile-align-left","12":"first","13":"instock","14":"shipping-taxable","15":"purchasable","16":"product-type-simple"},"yoast_head":"<!-- This site is optimized with the Yoast SEO plugin v27.4 - https:\/\/yoast.com\/product\/yoast-seo-wordpress\/ -->\n<title>Biblia Reina Valera 1995 \u2013 Edici\u00f3n de Estudio - Piel Indice Cierre - tzionlibreria.com<\/title>\n<meta name=\"description\" content=\"La Biblia Reina Valera 1995 Edici\u00f3n de Estudio ha sido dise\u00f1ada especialmente para quienes desean profundizar en el estudio riguroso de la Palabra de Dios.\" \/>\n<meta name=\"robots\" content=\"index, follow, max-snippet:-1, max-image-preview:large, max-video-preview:-1\" \/>\n<link rel=\"canonical\" href=\"https:\/\/tzionlibreria.com\/index.php\/product\/biblia-reina-valera-1995-edicion-de-estudio-piel-indice-cierre\/\" \/>\n<meta property=\"og:locale\" content=\"es_ES\" \/>\n<meta property=\"og:type\" content=\"article\" \/>\n<meta property=\"og:title\" content=\"Biblia Reina Valera 1995 \u2013 Edici\u00f3n de Estudio - Piel Indice Cierre - tzionlibreria.com\" \/>\n<meta property=\"og:description\" content=\"La Biblia Reina Valera 1995 Edici\u00f3n de Estudio ha sido dise\u00f1ada especialmente para quienes desean profundizar en el estudio riguroso de la Palabra de Dios.\" \/>\n<meta property=\"og:url\" content=\"https:\/\/tzionlibreria.com\/index.php\/product\/biblia-reina-valera-1995-edicion-de-estudio-piel-indice-cierre\/\" \/>\n<meta property=\"og:site_name\" content=\"tzionlibreria.com\" \/>\n<meta property=\"article:modified_time\" content=\"2026-03-25T21:56:09+00:00\" \/>\n<meta property=\"og:image\" content=\"http:\/\/tzionlibreria.com\/wp-content\/uploads\/2025\/08\/21.png\" \/>\n\t<meta property=\"og:image:width\" content=\"1080\" \/>\n\t<meta property=\"og:image:height\" content=\"1080\" \/>\n\t<meta property=\"og:image:type\" content=\"image\/png\" \/>\n<meta name=\"twitter:card\" content=\"summary_large_image\" \/>\n<meta name=\"twitter:label1\" content=\"Tiempo de lectura\" \/>\n\t<meta name=\"twitter:data1\" content=\"2 minutos\" \/>\n<script type=\"application\/ld+json\" class=\"yoast-schema-graph\">{\"@context\":\"https:\\\/\\\/schema.org\",\"@graph\":[{\"@type\":\"WebPage\",\"@id\":\"https:\\\/\\\/tzionlibreria.com\\\/index.php\\\/product\\\/biblia-reina-valera-1995-edicion-de-estudio-piel-indice-cierre\\\/\",\"url\":\"https:\\\/\\\/tzionlibreria.com\\\/index.php\\\/product\\\/biblia-reina-valera-1995-edicion-de-estudio-piel-indice-cierre\\\/\",\"name\":\"Biblia Reina Valera 1995 \u2013 Edici\u00f3n de Estudio - Piel Indice Cierre - tzionlibreria.com\",\"isPartOf\":{\"@id\":\"https:\\\/\\\/tzionlibreria.com\\\/#website\"},\"primaryImageOfPage\":{\"@id\":\"https:\\\/\\\/tzionlibreria.com\\\/index.php\\\/product\\\/biblia-reina-valera-1995-edicion-de-estudio-piel-indice-cierre\\\/#primaryimage\"},\"image\":{\"@id\":\"https:\\\/\\\/tzionlibreria.com\\\/index.php\\\/product\\\/biblia-reina-valera-1995-edicion-de-estudio-piel-indice-cierre\\\/#primaryimage\"},\"thumbnailUrl\":\"https:\\\/\\\/tzionlibreria.com\\\/wp-content\\\/uploads\\\/2025\\\/08\\\/21.png\",\"datePublished\":\"2025-08-26T01:47:46+00:00\",\"dateModified\":\"2026-03-25T21:56:09+00:00\",\"description\":\"La Biblia Reina Valera 1995 Edici\u00f3n de Estudio ha sido dise\u00f1ada especialmente para quienes desean profundizar en el estudio riguroso de la Palabra de Dios.\",\"breadcrumb\":{\"@id\":\"https:\\\/\\\/tzionlibreria.com\\\/index.php\\\/product\\\/biblia-reina-valera-1995-edicion-de-estudio-piel-indice-cierre\\\/#breadcrumb\"},\"inLanguage\":\"es-CO\",\"potentialAction\":[{\"@type\":\"ReadAction\",\"target\":[\"https:\\\/\\\/tzionlibreria.com\\\/index.php\\\/product\\\/biblia-reina-valera-1995-edicion-de-estudio-piel-indice-cierre\\\/\"]}]},{\"@type\":\"ImageObject\",\"inLanguage\":\"es-CO\",\"@id\":\"https:\\\/\\\/tzionlibreria.com\\\/index.php\\\/product\\\/biblia-reina-valera-1995-edicion-de-estudio-piel-indice-cierre\\\/#primaryimage\",\"url\":\"https:\\\/\\\/tzionlibreria.com\\\/wp-content\\\/uploads\\\/2025\\\/08\\\/21.png\",\"contentUrl\":\"https:\\\/\\\/tzionlibreria.com\\\/wp-content\\\/uploads\\\/2025\\\/08\\\/21.png\",\"width\":1080,\"height\":1080},{\"@type\":\"BreadcrumbList\",\"@id\":\"https:\\\/\\\/tzionlibreria.com\\\/index.php\\\/product\\\/biblia-reina-valera-1995-edicion-de-estudio-piel-indice-cierre\\\/#breadcrumb\",\"itemListElement\":[{\"@type\":\"ListItem\",\"position\":1,\"name\":\"Inicio\",\"item\":\"https:\\\/\\\/tzionlibreria.com\\\/\"},{\"@type\":\"ListItem\",\"position\":2,\"name\":\"Shop\",\"item\":\"https:\\\/\\\/tzionlibreria.com\\\/index.php\\\/shop\\\/\"},{\"@type\":\"ListItem\",\"position\":3,\"name\":\"Biblia Reina Valera 1995 \u2013 Edici\u00f3n de Estudio &#8211; Piel Indice Cierre\"}]},{\"@type\":\"WebSite\",\"@id\":\"https:\\\/\\\/tzionlibreria.com\\\/#website\",\"url\":\"https:\\\/\\\/tzionlibreria.com\\\/\",\"name\":\"tzionlibreria.com\",\"description\":\"Libreria Cristiana Venezuela\",\"publisher\":{\"@id\":\"https:\\\/\\\/tzionlibreria.com\\\/#organization\"},\"potentialAction\":[{\"@type\":\"SearchAction\",\"target\":{\"@type\":\"EntryPoint\",\"urlTemplate\":\"https:\\\/\\\/tzionlibreria.com\\\/?s={search_term_string}\"},\"query-input\":{\"@type\":\"PropertyValueSpecification\",\"valueRequired\":true,\"valueName\":\"search_term_string\"}}],\"inLanguage\":\"es-CO\"},{\"@type\":\"Organization\",\"@id\":\"https:\\\/\\\/tzionlibreria.com\\\/#organization\",\"name\":\"tzionlibreria.com\",\"url\":\"https:\\\/\\\/tzionlibreria.com\\\/\",\"logo\":{\"@type\":\"ImageObject\",\"inLanguage\":\"es-CO\",\"@id\":\"https:\\\/\\\/tzionlibreria.com\\\/#\\\/schema\\\/logo\\\/image\\\/\",\"url\":\"https:\\\/\\\/tzionlibreria.com\\\/wp-content\\\/uploads\\\/2023\\\/10\\\/cropped-Cuadricula-scaled-1.jpg\",\"contentUrl\":\"https:\\\/\\\/tzionlibreria.com\\\/wp-content\\\/uploads\\\/2023\\\/10\\\/cropped-Cuadricula-scaled-1.jpg\",\"width\":2560,\"height\":2560,\"caption\":\"tzionlibreria.com\"},\"image\":{\"@id\":\"https:\\\/\\\/tzionlibreria.com\\\/#\\\/schema\\\/logo\\\/image\\\/\"}}]}<\/script>\n<!-- \/ Yoast SEO plugin. -->","yoast_head_json":{"title":"Biblia Reina Valera 1995 \u2013 Edici\u00f3n de Estudio - Piel Indice Cierre - tzionlibreria.com","description":"La Biblia Reina Valera 1995 Edici\u00f3n de Estudio ha sido dise\u00f1ada especialmente para quienes desean profundizar en el estudio riguroso de la Palabra de Dios.","robots":{"index":"index","follow":"follow","max-snippet":"max-snippet:-1","max-image-preview":"max-image-preview:large","max-video-preview":"max-video-preview:-1"},"canonical":"https:\/\/tzionlibreria.com\/index.php\/product\/biblia-reina-valera-1995-edicion-de-estudio-piel-indice-cierre\/","og_locale":"es_ES","og_type":"article","og_title":"Biblia Reina Valera 1995 \u2013 Edici\u00f3n de Estudio - Piel Indice Cierre - tzionlibreria.com","og_description":"La Biblia Reina Valera 1995 Edici\u00f3n de Estudio ha sido dise\u00f1ada especialmente para quienes desean profundizar en el estudio riguroso de la Palabra de Dios.","og_url":"https:\/\/tzionlibreria.com\/index.php\/product\/biblia-reina-valera-1995-edicion-de-estudio-piel-indice-cierre\/","og_site_name":"tzionlibreria.com","article_modified_time":"2026-03-25T21:56:09+00:00","og_image":[{"width":1080,"height":1080,"url":"http:\/\/tzionlibreria.com\/wp-content\/uploads\/2025\/08\/21.png","type":"image\/png"}],"twitter_card":"summary_large_image","twitter_misc":{"Tiempo de lectura":"2 minutos"},"schema":{"@context":"https:\/\/schema.org","@graph":[{"@type":"WebPage","@id":"https:\/\/tzionlibreria.com\/index.php\/product\/biblia-reina-valera-1995-edicion-de-estudio-piel-indice-cierre\/","url":"https:\/\/tzionlibreria.com\/index.php\/product\/biblia-reina-valera-1995-edicion-de-estudio-piel-indice-cierre\/","name":"Biblia Reina Valera 1995 \u2013 Edici\u00f3n de Estudio - Piel Indice Cierre - tzionlibreria.com","isPartOf":{"@id":"https:\/\/tzionlibreria.com\/#website"},"primaryImageOfPage":{"@id":"https:\/\/tzionlibreria.com\/index.php\/product\/biblia-reina-valera-1995-edicion-de-estudio-piel-indice-cierre\/#primaryimage"},"image":{"@id":"https:\/\/tzionlibreria.com\/index.php\/product\/biblia-reina-valera-1995-edicion-de-estudio-piel-indice-cierre\/#primaryimage"},"thumbnailUrl":"https:\/\/tzionlibreria.com\/wp-content\/uploads\/2025\/08\/21.png","datePublished":"2025-08-26T01:47:46+00:00","dateModified":"2026-03-25T21:56:09+00:00","description":"La Biblia Reina Valera 1995 Edici\u00f3n de Estudio ha sido dise\u00f1ada especialmente para quienes desean profundizar en el estudio riguroso de la Palabra de Dios.","breadcrumb":{"@id":"https:\/\/tzionlibreria.com\/index.php\/product\/biblia-reina-valera-1995-edicion-de-estudio-piel-indice-cierre\/#breadcrumb"},"inLanguage":"es-CO","potentialAction":[{"@type":"ReadAction","target":["https:\/\/tzionlibreria.com\/index.php\/product\/biblia-reina-valera-1995-edicion-de-estudio-piel-indice-cierre\/"]}]},{"@type":"ImageObject","inLanguage":"es-CO","@id":"https:\/\/tzionlibreria.com\/index.php\/product\/biblia-reina-valera-1995-edicion-de-estudio-piel-indice-cierre\/#primaryimage","url":"https:\/\/tzionlibreria.com\/wp-content\/uploads\/2025\/08\/21.png","contentUrl":"https:\/\/tzionlibreria.com\/wp-content\/uploads\/2025\/08\/21.png","width":1080,"height":1080},{"@type":"BreadcrumbList","@id":"https:\/\/tzionlibreria.com\/index.php\/product\/biblia-reina-valera-1995-edicion-de-estudio-piel-indice-cierre\/#breadcrumb","itemListElement":[{"@type":"ListItem","position":1,"name":"Inicio","item":"https:\/\/tzionlibreria.com\/"},{"@type":"ListItem","position":2,"name":"Shop","item":"https:\/\/tzionlibreria.com\/index.php\/shop\/"},{"@type":"ListItem","position":3,"name":"Biblia Reina Valera 1995 \u2013 Edici\u00f3n de Estudio &#8211; Piel Indice Cierre"}]},{"@type":"WebSite","@id":"https:\/\/tzionlibreria.com\/#website","url":"https:\/\/tzionlibreria.com\/","name":"tzionlibreria.com","description":"Libreria Cristiana Venezuela","publisher":{"@id":"https:\/\/tzionlibreria.com\/#organization"},"potentialAction":[{"@type":"SearchAction","target":{"@type":"EntryPoint","urlTemplate":"https:\/\/tzionlibreria.com\/?s={search_term_string}"},"query-input":{"@type":"PropertyValueSpecification","valueRequired":true,"valueName":"search_term_string"}}],"inLanguage":"es-CO"},{"@type":"Organization","@id":"https:\/\/tzionlibreria.com\/#organization","name":"tzionlibreria.com","url":"https:\/\/tzionlibreria.com\/","logo":{"@type":"ImageObject","inLanguage":"es-CO","@id":"https:\/\/tzionlibreria.com\/#\/schema\/logo\/image\/","url":"https:\/\/tzionlibreria.com\/wp-content\/uploads\/2023\/10\/cropped-Cuadricula-scaled-1.jpg","contentUrl":"https:\/\/tzionlibreria.com\/wp-content\/uploads\/2023\/10\/cropped-Cuadricula-scaled-1.jpg","width":2560,"height":2560,"caption":"tzionlibreria.com"},"image":{"@id":"https:\/\/tzionlibreria.com\/#\/schema\/logo\/image\/"}}]}},"jetpack_sharing_enabled":true,"_links":{"self":[{"href":"https:\/\/tzionlibreria.com\/index.php\/wp-json\/wp\/v2\/product\/5852","targetHints":{"allow":["GET"]}}],"collection":[{"href":"https:\/\/tzionlibreria.com\/index.php\/wp-json\/wp\/v2\/product"}],"about":[{"href":"https:\/\/tzionlibreria.com\/index.php\/wp-json\/wp\/v2\/types\/product"}],"replies":[{"embeddable":true,"href":"https:\/\/tzionlibreria.com\/index.php\/wp-json\/wp\/v2\/comments?post=5852"}],"wp:featuredmedia":[{"embeddable":true,"href":"https:\/\/tzionlibreria.com\/index.php\/wp-json\/wp\/v2\/media\/5851"}],"wp:attachment":[{"href":"https:\/\/tzionlibreria.com\/index.php\/wp-json\/wp\/v2\/media?parent=5852"}],"wp:term":[{"taxonomy":"product_brand","embeddable":true,"href":"https:\/\/tzionlibreria.com\/index.php\/wp-json\/wp\/v2\/product_brand?post=5852"},{"taxonomy":"product_cat","embeddable":true,"href":"https:\/\/tzionlibreria.com\/index.php\/wp-json\/wp\/v2\/product_cat?post=5852"},{"taxonomy":"product_tag","embeddable":true,"href":"https:\/\/tzionlibreria.com\/index.php\/wp-json\/wp\/v2\/product_tag?post=5852"}],"curies":[{"name":"wp","href":"https:\/\/api.w.org\/{rel}","templated":true}]}}