{"id":5857,"date":"2025-08-26T02:05:37","date_gmt":"2025-08-26T02:05:37","guid":{"rendered":"https:\/\/tzionlibreria.com\/?post_type=product&#038;p=5857"},"modified":"2025-08-26T02:16:39","modified_gmt":"2025-08-26T02:16:39","slug":"biblia-de-promesas-rvr1960-letra-grande-12-piel-cierre","status":"publish","type":"product","link":"https:\/\/tzionlibreria.com\/index.php\/product\/biblia-de-promesas-rvr1960-letra-grande-12-piel-cierre\/","title":{"rendered":"Biblia de Promesas RVR1960 Letra Grande 12 pts Piel Cierre"},"content":{"rendered":"<p data-start=\"112\" data-end=\"470\">La <strong data-start=\"115\" data-end=\"170\">Biblia de Promesas RVR1960 Tama\u00f1o Manual con Cierre<\/strong>\u00a0 es una edici\u00f3n pr\u00e1ctica, elegante y dise\u00f1ada para acompa\u00f1arte en tu d\u00eda a d\u00eda. Con un nuevo dise\u00f1o de cubierta en <strong data-start=\"304\" data-end=\"328\">imitaci\u00f3n piel negra<\/strong>, cierre lateral y un formato manual m\u00e1s c\u00f3modo, esta Biblia se convierte en una herramienta ideal para el estudio y la meditaci\u00f3n personal.<\/p>\n<p data-start=\"472\" data-end=\"763\">Incluye m\u00e1s de <strong data-start=\"487\" data-end=\"533\">1.800 promesas b\u00edblicas resaltadas en gris<\/strong>, que te ayudar\u00e1n a redescubrir las riquezas de la Palabra de Dios y aplicar sus verdades a tu vida. Adem\u00e1s, ahora presenta las <strong data-start=\"661\" data-end=\"690\">palabras de Jes\u00fas en rojo<\/strong> y letra grande de <strong data-start=\"709\" data-end=\"722\">12 puntos<\/strong> para una lectura m\u00e1s clara y sencilla.<\/p>\n<hr data-start=\"765\" data-end=\"768\" \/>\n<h2 data-start=\"770\" data-end=\"796\">\ud83d\udccc Detalles del libro<\/h2>\n<p data-start=\"797\" data-end=\"1077\">\ud83d\udcda <strong data-start=\"800\" data-end=\"812\">Versi\u00f3n:<\/strong> Reina Valera 1960<br data-start=\"830\" data-end=\"833\" \/>\ud83c\udff7\ufe0f <strong data-start=\"837\" data-end=\"851\">Editorial:<\/strong> Unilit<br data-start=\"858\" data-end=\"861\" \/>\ud83d\udcd6 <strong data-start=\"864\" data-end=\"888\">Cantidad de p\u00e1ginas:<\/strong> 1344<br data-start=\"893\" data-end=\"896\" \/>\ud83d\udcd0 <strong data-start=\"899\" data-end=\"915\">Dimensiones:<\/strong> 23 x 15 x 3.4 cm<br data-start=\"932\" data-end=\"935\" \/>\u2696\ufe0f <strong data-start=\"938\" data-end=\"947\">Peso:<\/strong> 0.67 kg<br data-start=\"955\" data-end=\"958\" \/>\ud83d\udce6 <strong data-start=\"961\" data-end=\"974\">Cubierta:<\/strong> Imitaci\u00f3n piel con cierre (color negro)<br data-start=\"1014\" data-end=\"1017\" \/>\ud83d\udd16 <strong data-start=\"1020\" data-end=\"1040\">Tama\u00f1o de letra:<\/strong> 12 puntos<br data-start=\"1050\" data-end=\"1053\" \/>\ud83c\udf0e <strong data-start=\"1056\" data-end=\"1067\">Idioma:<\/strong> Espa\u00f1ol<\/p>\n<hr data-start=\"1079\" data-end=\"1082\" \/>\n<h2 data-start=\"1084\" data-end=\"1118\">\ud83c\udf1f Caracter\u00edsticas especiales<\/h2>\n<ul data-start=\"1119\" data-end=\"1377\">\n<li data-start=\"1119\" data-end=\"1167\">\n<p data-start=\"1121\" data-end=\"1167\">\u2705 M\u00e1s de <strong data-start=\"1130\" data-end=\"1165\">1.800 promesas marcadas en gris<\/strong><\/p>\n<\/li>\n<li data-start=\"1168\" data-end=\"1203\">\n<p data-start=\"1170\" data-end=\"1203\">\u2705 <strong data-start=\"1172\" data-end=\"1201\">Palabras de Jes\u00fas en rojo<\/strong><\/p>\n<\/li>\n<li data-start=\"1204\" data-end=\"1243\">\n<p data-start=\"1206\" data-end=\"1243\">\u2705 <strong data-start=\"1208\" data-end=\"1241\">Secci\u00f3n de promesas por temas<\/strong><\/p>\n<\/li>\n<li data-start=\"1244\" data-end=\"1272\">\n<p data-start=\"1246\" data-end=\"1272\">\u2705 <strong data-start=\"1248\" data-end=\"1270\">\u00cdndice de promesas<\/strong><\/p>\n<\/li>\n<li data-start=\"1273\" data-end=\"1303\">\n<p data-start=\"1275\" data-end=\"1303\">\u2705 <strong data-start=\"1277\" data-end=\"1301\">Concordancia b\u00edblica<\/strong><\/p>\n<\/li>\n<li data-start=\"1304\" data-end=\"1331\">\n<p data-start=\"1306\" data-end=\"1331\">\u2705 <strong data-start=\"1308\" data-end=\"1329\">Plan de salvaci\u00f3n<\/strong><\/p>\n<\/li>\n<li data-start=\"1332\" data-end=\"1355\">\n<p data-start=\"1334\" data-end=\"1355\">\u2705 <strong data-start=\"1336\" data-end=\"1353\">Mapas a color<\/strong><\/p>\n<\/li>\n<li data-start=\"1356\" data-end=\"1377\">\n<p data-start=\"1358\" data-end=\"1377\">\u2705 Cinta marcadora<\/p>\n<\/li>\n<\/ul>\n<hr data-start=\"1379\" data-end=\"1382\" \/>\n<h2 data-start=\"1384\" data-end=\"1408\">\ud83c\udfaf Recomendado para<\/h2>\n<p data-start=\"1409\" data-end=\"1709\">\ud83d\udcd6 Creyentes que buscan una Biblia pr\u00e1ctica y de f\u00e1cil lectura.<br data-start=\"1472\" data-end=\"1475\" \/>\ud83d\ude4c Personas que desean fortalecer su fe a trav\u00e9s de las <strong data-start=\"1531\" data-end=\"1551\">promesas de Dios<\/strong>.<br data-start=\"1552\" data-end=\"1555\" \/>\ud83d\udc68\u200d\ud83d\udc69\u200d\ud83d\udc67 Familias que buscan una edici\u00f3n clara para el estudio y la devoci\u00f3n en el hogar.<br data-start=\"1644\" data-end=\"1647\" \/>\ud83c\udf81 Ideal como <strong data-start=\"1661\" data-end=\"1671\">regalo<\/strong> por su dise\u00f1o elegante y funcional.<\/p>\n","protected":false},"excerpt":{"rendered":"<p>La Biblia de Promesas RVR1960 Tama\u00f1o Manual con Cierre\u00a0 es una edici\u00f3n pr\u00e1ctica, elegante y dise\u00f1ada para acompa\u00f1arte en tu d\u00eda a d\u00eda. Con un nuevo dise\u00f1o de cubierta en imitaci\u00f3n piel negra, cierre lateral y un formato manual m\u00e1s c\u00f3modo, esta Biblia se convierte en una herramienta ideal para el estudio y la meditaci\u00f3n [&hellip;]<\/p>\n","protected":false},"featured_media":5858,"comment_status":"open","ping_status":"closed","template":"","meta":{"om_disable_all_campaigns":false,"_monsterinsights_skip_tracking":false,"_monsterinsights_sitenote_active":false,"_monsterinsights_sitenote_note":"","_monsterinsights_sitenote_category":0,"site-sidebar-layout":"default","site-content-layout":"","ast-site-content-layout":"default","site-content-style":"default","site-sidebar-style":"default","ast-global-header-display":"","ast-banner-title-visibility":"","ast-main-header-display":"","ast-hfb-above-header-display":"","ast-hfb-below-header-display":"","ast-hfb-mobile-header-display":"","site-post-title":"","ast-breadcrumbs-content":"","ast-featured-img":"","footer-sml-layout":"","ast-disable-related-posts":"","theme-transparent-header-meta":"default","adv-header-id-meta":"","stick-header-meta":"","header-above-stick-meta":"","header-main-stick-meta":"","header-below-stick-meta":"","astra-migrate-meta-layouts":"set","ast-page-background-enabled":"default","ast-page-background-meta":{"desktop":{"background-color":"var(--ast-global-color-4)","background-image":"","background-repeat":"repeat","background-position":"center center","background-size":"auto","background-attachment":"scroll","background-type":"","background-media":"","overlay-type":"","overlay-color":"","overlay-opacity":"","overlay-gradient":""},"tablet":{"background-color":"","background-image":"","background-repeat":"repeat","background-position":"center center","background-size":"auto","background-attachment":"scroll","background-type":"","background-media":"","overlay-type":"","overlay-color":"","overlay-opacity":"","overlay-gradient":""},"mobile":{"background-color":"","background-image":"","background-repeat":"repeat","background-position":"center center","background-size":"auto","background-attachment":"scroll","background-type":"","background-media":"","overlay-type":"","overlay-color":"","overlay-opacity":"","overlay-gradient":""}},"ast-content-background-meta":{"desktop":{"background-color":"var(--ast-global-color-5)","background-image":"","background-repeat":"repeat","background-position":"center center","background-size":"auto","background-attachment":"scroll","background-type":"","background-media":"","overlay-type":"","overlay-color":"","overlay-opacity":"","overlay-gradient":""},"tablet":{"background-color":"var(--ast-global-color-5)","background-image":"","background-repeat":"repeat","background-position":"center center","background-size":"auto","background-attachment":"scroll","background-type":"","background-media":"","overlay-type":"","overlay-color":"","overlay-opacity":"","overlay-gradient":""},"mobile":{"background-color":"var(--ast-global-color-5)","background-image":"","background-repeat":"repeat","background-position":"center center","background-size":"auto","background-attachment":"scroll","background-type":"","background-media":"","overlay-type":"","overlay-color":"","overlay-opacity":"","overlay-gradient":""}}},"product_brand":[],"product_cat":[312,22,42,177],"product_tag":[],"class_list":{"0":"post-5857","1":"product","2":"type-product","3":"status-publish","4":"has-post-thumbnail","6":"product_cat-biblia-de-promesas","7":"product_cat-biblias","8":"product_cat-biblias-reina-valera","9":"product_cat-letra-grande-rvr","10":"desktop-align-left","11":"tablet-align-left","12":"mobile-align-left","14":"first","15":"instock","16":"shipping-taxable","17":"purchasable","18":"product-type-simple"},"yoast_head":"<!-- This site is optimized with the Yoast SEO plugin v27.4 - https:\/\/yoast.com\/product\/yoast-seo-wordpress\/ -->\n<title>Biblia de Promesas RVR1960 Letra Grande 12 pts Piel Cierre - tzionlibreria.com<\/title>\n<meta name=\"description\" content=\"Biblia de promesas con m\u00e1s 1.800 promesas resaltadas en gris, que te ayudar\u00e1n a redescubrir las riquezas de la Palabra de Dios y aplicar sus verdades.\" \/>\n<meta name=\"robots\" content=\"index, follow, max-snippet:-1, max-image-preview:large, max-video-preview:-1\" \/>\n<link rel=\"canonical\" href=\"https:\/\/tzionlibreria.com\/index.php\/product\/biblia-de-promesas-rvr1960-letra-grande-12-piel-cierre\/\" \/>\n<meta property=\"og:locale\" content=\"es_ES\" \/>\n<meta property=\"og:type\" content=\"article\" \/>\n<meta property=\"og:title\" content=\"Biblia de Promesas RVR1960 Letra Grande 12 pts Piel Cierre - tzionlibreria.com\" \/>\n<meta property=\"og:description\" content=\"Biblia de promesas con m\u00e1s 1.800 promesas resaltadas en gris, que te ayudar\u00e1n a redescubrir las riquezas de la Palabra de Dios y aplicar sus verdades.\" \/>\n<meta property=\"og:url\" content=\"https:\/\/tzionlibreria.com\/index.php\/product\/biblia-de-promesas-rvr1960-letra-grande-12-piel-cierre\/\" \/>\n<meta property=\"og:site_name\" content=\"tzionlibreria.com\" \/>\n<meta property=\"article:modified_time\" content=\"2025-08-26T02:16:39+00:00\" \/>\n<meta property=\"og:image\" content=\"http:\/\/tzionlibreria.com\/wp-content\/uploads\/2025\/08\/22.png\" \/>\n\t<meta property=\"og:image:width\" content=\"1080\" \/>\n\t<meta property=\"og:image:height\" content=\"1080\" \/>\n\t<meta property=\"og:image:type\" content=\"image\/png\" \/>\n<meta name=\"twitter:card\" content=\"summary_large_image\" \/>\n<meta name=\"twitter:label1\" content=\"Tiempo de lectura\" \/>\n\t<meta name=\"twitter:data1\" content=\"2 minutos\" \/>\n<script type=\"application\/ld+json\" class=\"yoast-schema-graph\">{\"@context\":\"https:\\\/\\\/schema.org\",\"@graph\":[{\"@type\":\"WebPage\",\"@id\":\"https:\\\/\\\/tzionlibreria.com\\\/index.php\\\/product\\\/biblia-de-promesas-rvr1960-letra-grande-12-piel-cierre\\\/\",\"url\":\"https:\\\/\\\/tzionlibreria.com\\\/index.php\\\/product\\\/biblia-de-promesas-rvr1960-letra-grande-12-piel-cierre\\\/\",\"name\":\"Biblia de Promesas RVR1960 Letra Grande 12 pts Piel Cierre - tzionlibreria.com\",\"isPartOf\":{\"@id\":\"https:\\\/\\\/tzionlibreria.com\\\/#website\"},\"primaryImageOfPage\":{\"@id\":\"https:\\\/\\\/tzionlibreria.com\\\/index.php\\\/product\\\/biblia-de-promesas-rvr1960-letra-grande-12-piel-cierre\\\/#primaryimage\"},\"image\":{\"@id\":\"https:\\\/\\\/tzionlibreria.com\\\/index.php\\\/product\\\/biblia-de-promesas-rvr1960-letra-grande-12-piel-cierre\\\/#primaryimage\"},\"thumbnailUrl\":\"https:\\\/\\\/tzionlibreria.com\\\/wp-content\\\/uploads\\\/2025\\\/08\\\/22.png\",\"datePublished\":\"2025-08-26T02:05:37+00:00\",\"dateModified\":\"2025-08-26T02:16:39+00:00\",\"description\":\"Biblia de promesas con m\u00e1s 1.800 promesas resaltadas en gris, que te ayudar\u00e1n a redescubrir las riquezas de la Palabra de Dios y aplicar sus verdades.\",\"breadcrumb\":{\"@id\":\"https:\\\/\\\/tzionlibreria.com\\\/index.php\\\/product\\\/biblia-de-promesas-rvr1960-letra-grande-12-piel-cierre\\\/#breadcrumb\"},\"inLanguage\":\"es-CO\",\"potentialAction\":[{\"@type\":\"ReadAction\",\"target\":[\"https:\\\/\\\/tzionlibreria.com\\\/index.php\\\/product\\\/biblia-de-promesas-rvr1960-letra-grande-12-piel-cierre\\\/\"]}]},{\"@type\":\"ImageObject\",\"inLanguage\":\"es-CO\",\"@id\":\"https:\\\/\\\/tzionlibreria.com\\\/index.php\\\/product\\\/biblia-de-promesas-rvr1960-letra-grande-12-piel-cierre\\\/#primaryimage\",\"url\":\"https:\\\/\\\/tzionlibreria.com\\\/wp-content\\\/uploads\\\/2025\\\/08\\\/22.png\",\"contentUrl\":\"https:\\\/\\\/tzionlibreria.com\\\/wp-content\\\/uploads\\\/2025\\\/08\\\/22.png\",\"width\":1080,\"height\":1080},{\"@type\":\"BreadcrumbList\",\"@id\":\"https:\\\/\\\/tzionlibreria.com\\\/index.php\\\/product\\\/biblia-de-promesas-rvr1960-letra-grande-12-piel-cierre\\\/#breadcrumb\",\"itemListElement\":[{\"@type\":\"ListItem\",\"position\":1,\"name\":\"Inicio\",\"item\":\"https:\\\/\\\/tzionlibreria.com\\\/\"},{\"@type\":\"ListItem\",\"position\":2,\"name\":\"Shop\",\"item\":\"https:\\\/\\\/tzionlibreria.com\\\/index.php\\\/shop\\\/\"},{\"@type\":\"ListItem\",\"position\":3,\"name\":\"Biblia de Promesas RVR1960 Letra Grande 12 pts Piel Cierre\"}]},{\"@type\":\"WebSite\",\"@id\":\"https:\\\/\\\/tzionlibreria.com\\\/#website\",\"url\":\"https:\\\/\\\/tzionlibreria.com\\\/\",\"name\":\"tzionlibreria.com\",\"description\":\"Libreria Cristiana Venezuela\",\"publisher\":{\"@id\":\"https:\\\/\\\/tzionlibreria.com\\\/#organization\"},\"potentialAction\":[{\"@type\":\"SearchAction\",\"target\":{\"@type\":\"EntryPoint\",\"urlTemplate\":\"https:\\\/\\\/tzionlibreria.com\\\/?s={search_term_string}\"},\"query-input\":{\"@type\":\"PropertyValueSpecification\",\"valueRequired\":true,\"valueName\":\"search_term_string\"}}],\"inLanguage\":\"es-CO\"},{\"@type\":\"Organization\",\"@id\":\"https:\\\/\\\/tzionlibreria.com\\\/#organization\",\"name\":\"tzionlibreria.com\",\"url\":\"https:\\\/\\\/tzionlibreria.com\\\/\",\"logo\":{\"@type\":\"ImageObject\",\"inLanguage\":\"es-CO\",\"@id\":\"https:\\\/\\\/tzionlibreria.com\\\/#\\\/schema\\\/logo\\\/image\\\/\",\"url\":\"https:\\\/\\\/tzionlibreria.com\\\/wp-content\\\/uploads\\\/2023\\\/10\\\/cropped-Cuadricula-scaled-1.jpg\",\"contentUrl\":\"https:\\\/\\\/tzionlibreria.com\\\/wp-content\\\/uploads\\\/2023\\\/10\\\/cropped-Cuadricula-scaled-1.jpg\",\"width\":2560,\"height\":2560,\"caption\":\"tzionlibreria.com\"},\"image\":{\"@id\":\"https:\\\/\\\/tzionlibreria.com\\\/#\\\/schema\\\/logo\\\/image\\\/\"}}]}<\/script>\n<!-- \/ Yoast SEO plugin. -->","yoast_head_json":{"title":"Biblia de Promesas RVR1960 Letra Grande 12 pts Piel Cierre - tzionlibreria.com","description":"Biblia de promesas con m\u00e1s 1.800 promesas resaltadas en gris, que te ayudar\u00e1n a redescubrir las riquezas de la Palabra de Dios y aplicar sus verdades.","robots":{"index":"index","follow":"follow","max-snippet":"max-snippet:-1","max-image-preview":"max-image-preview:large","max-video-preview":"max-video-preview:-1"},"canonical":"https:\/\/tzionlibreria.com\/index.php\/product\/biblia-de-promesas-rvr1960-letra-grande-12-piel-cierre\/","og_locale":"es_ES","og_type":"article","og_title":"Biblia de Promesas RVR1960 Letra Grande 12 pts Piel Cierre - tzionlibreria.com","og_description":"Biblia de promesas con m\u00e1s 1.800 promesas resaltadas en gris, que te ayudar\u00e1n a redescubrir las riquezas de la Palabra de Dios y aplicar sus verdades.","og_url":"https:\/\/tzionlibreria.com\/index.php\/product\/biblia-de-promesas-rvr1960-letra-grande-12-piel-cierre\/","og_site_name":"tzionlibreria.com","article_modified_time":"2025-08-26T02:16:39+00:00","og_image":[{"width":1080,"height":1080,"url":"http:\/\/tzionlibreria.com\/wp-content\/uploads\/2025\/08\/22.png","type":"image\/png"}],"twitter_card":"summary_large_image","twitter_misc":{"Tiempo de lectura":"2 minutos"},"schema":{"@context":"https:\/\/schema.org","@graph":[{"@type":"WebPage","@id":"https:\/\/tzionlibreria.com\/index.php\/product\/biblia-de-promesas-rvr1960-letra-grande-12-piel-cierre\/","url":"https:\/\/tzionlibreria.com\/index.php\/product\/biblia-de-promesas-rvr1960-letra-grande-12-piel-cierre\/","name":"Biblia de Promesas RVR1960 Letra Grande 12 pts Piel Cierre - tzionlibreria.com","isPartOf":{"@id":"https:\/\/tzionlibreria.com\/#website"},"primaryImageOfPage":{"@id":"https:\/\/tzionlibreria.com\/index.php\/product\/biblia-de-promesas-rvr1960-letra-grande-12-piel-cierre\/#primaryimage"},"image":{"@id":"https:\/\/tzionlibreria.com\/index.php\/product\/biblia-de-promesas-rvr1960-letra-grande-12-piel-cierre\/#primaryimage"},"thumbnailUrl":"https:\/\/tzionlibreria.com\/wp-content\/uploads\/2025\/08\/22.png","datePublished":"2025-08-26T02:05:37+00:00","dateModified":"2025-08-26T02:16:39+00:00","description":"Biblia de promesas con m\u00e1s 1.800 promesas resaltadas en gris, que te ayudar\u00e1n a redescubrir las riquezas de la Palabra de Dios y aplicar sus verdades.","breadcrumb":{"@id":"https:\/\/tzionlibreria.com\/index.php\/product\/biblia-de-promesas-rvr1960-letra-grande-12-piel-cierre\/#breadcrumb"},"inLanguage":"es-CO","potentialAction":[{"@type":"ReadAction","target":["https:\/\/tzionlibreria.com\/index.php\/product\/biblia-de-promesas-rvr1960-letra-grande-12-piel-cierre\/"]}]},{"@type":"ImageObject","inLanguage":"es-CO","@id":"https:\/\/tzionlibreria.com\/index.php\/product\/biblia-de-promesas-rvr1960-letra-grande-12-piel-cierre\/#primaryimage","url":"https:\/\/tzionlibreria.com\/wp-content\/uploads\/2025\/08\/22.png","contentUrl":"https:\/\/tzionlibreria.com\/wp-content\/uploads\/2025\/08\/22.png","width":1080,"height":1080},{"@type":"BreadcrumbList","@id":"https:\/\/tzionlibreria.com\/index.php\/product\/biblia-de-promesas-rvr1960-letra-grande-12-piel-cierre\/#breadcrumb","itemListElement":[{"@type":"ListItem","position":1,"name":"Inicio","item":"https:\/\/tzionlibreria.com\/"},{"@type":"ListItem","position":2,"name":"Shop","item":"https:\/\/tzionlibreria.com\/index.php\/shop\/"},{"@type":"ListItem","position":3,"name":"Biblia de Promesas RVR1960 Letra Grande 12 pts Piel Cierre"}]},{"@type":"WebSite","@id":"https:\/\/tzionlibreria.com\/#website","url":"https:\/\/tzionlibreria.com\/","name":"tzionlibreria.com","description":"Libreria Cristiana Venezuela","publisher":{"@id":"https:\/\/tzionlibreria.com\/#organization"},"potentialAction":[{"@type":"SearchAction","target":{"@type":"EntryPoint","urlTemplate":"https:\/\/tzionlibreria.com\/?s={search_term_string}"},"query-input":{"@type":"PropertyValueSpecification","valueRequired":true,"valueName":"search_term_string"}}],"inLanguage":"es-CO"},{"@type":"Organization","@id":"https:\/\/tzionlibreria.com\/#organization","name":"tzionlibreria.com","url":"https:\/\/tzionlibreria.com\/","logo":{"@type":"ImageObject","inLanguage":"es-CO","@id":"https:\/\/tzionlibreria.com\/#\/schema\/logo\/image\/","url":"https:\/\/tzionlibreria.com\/wp-content\/uploads\/2023\/10\/cropped-Cuadricula-scaled-1.jpg","contentUrl":"https:\/\/tzionlibreria.com\/wp-content\/uploads\/2023\/10\/cropped-Cuadricula-scaled-1.jpg","width":2560,"height":2560,"caption":"tzionlibreria.com"},"image":{"@id":"https:\/\/tzionlibreria.com\/#\/schema\/logo\/image\/"}}]}},"jetpack_sharing_enabled":true,"_links":{"self":[{"href":"https:\/\/tzionlibreria.com\/index.php\/wp-json\/wp\/v2\/product\/5857","targetHints":{"allow":["GET"]}}],"collection":[{"href":"https:\/\/tzionlibreria.com\/index.php\/wp-json\/wp\/v2\/product"}],"about":[{"href":"https:\/\/tzionlibreria.com\/index.php\/wp-json\/wp\/v2\/types\/product"}],"replies":[{"embeddable":true,"href":"https:\/\/tzionlibreria.com\/index.php\/wp-json\/wp\/v2\/comments?post=5857"}],"wp:featuredmedia":[{"embeddable":true,"href":"https:\/\/tzionlibreria.com\/index.php\/wp-json\/wp\/v2\/media\/5858"}],"wp:attachment":[{"href":"https:\/\/tzionlibreria.com\/index.php\/wp-json\/wp\/v2\/media?parent=5857"}],"wp:term":[{"taxonomy":"product_brand","embeddable":true,"href":"https:\/\/tzionlibreria.com\/index.php\/wp-json\/wp\/v2\/product_brand?post=5857"},{"taxonomy":"product_cat","embeddable":true,"href":"https:\/\/tzionlibreria.com\/index.php\/wp-json\/wp\/v2\/product_cat?post=5857"},{"taxonomy":"product_tag","embeddable":true,"href":"https:\/\/tzionlibreria.com\/index.php\/wp-json\/wp\/v2\/product_tag?post=5857"}],"curies":[{"name":"wp","href":"https:\/\/api.w.org\/{rel}","templated":true}]}}