{"id":5882,"date":"2025-08-26T14:30:33","date_gmt":"2025-08-26T14:30:33","guid":{"rendered":"https:\/\/tzionlibreria.com\/?post_type=product&#038;p=5882"},"modified":"2025-08-26T14:30:41","modified_gmt":"2025-08-26T14:30:41","slug":"un-ano-con-dios-365-devocionales-para-inspirar-tu-vida","status":"publish","type":"product","link":"https:\/\/tzionlibreria.com\/index.php\/product\/un-ano-con-dios-365-devocionales-para-inspirar-tu-vida\/","title":{"rendered":"Un A\u00f1o Con Dios &#8211; 365 Devocionales para Inspirar tu Vida"},"content":{"rendered":"<div class=\"ast-oembed-container \" style=\"height: 100%;\"><iframe title=\"Un A\u00f1o Con Dios 365 Devocionales para Inspirar tu Vida\" width=\"500\" height=\"281\" src=\"https:\/\/www.youtube.com\/embed\/YeUjmlkaVMQ?feature=oembed\" frameborder=\"0\" allow=\"accelerometer; autoplay; clipboard-write; encrypted-media; gyroscope; picture-in-picture; web-share\" referrerpolicy=\"strict-origin-when-cross-origin\" allowfullscreen><\/iframe><\/div>\n<p>&nbsp;<\/p>\n<p>&nbsp;<\/p>\n<p data-start=\"139\" data-end=\"408\"><strong data-start=\"139\" data-end=\"158\">Un A\u00f1o con Dios<\/strong> es un hermoso libro devocional dise\u00f1ado para acompa\u00f1arte todos los d\u00edas del a\u00f1o en tu caminar espiritual. Con 365 devocionales, uno para cada d\u00eda, te invita a profundizar en tu relaci\u00f3n con Dios y aplicar los principios b\u00edblicos en tu vida diaria.<\/p>\n<p data-start=\"410\" data-end=\"628\">Cada devocional incluye un vers\u00edculo b\u00edblico inspirador, reflexiones pr\u00e1cticas, ilustraciones llenas de color y un dise\u00f1o con un delicado toque femenino que hace de cada lectura una experiencia motivadora y especial.<\/p>\n<p data-start=\"630\" data-end=\"763\">Su formato en <strong data-start=\"644\" data-end=\"657\">tapa dura<\/strong> lo convierte en un libro resistente y elegante, ideal para uso personal o como un regalo significativo.<\/p>\n<hr data-start=\"765\" data-end=\"768\" \/>\n<h3 data-start=\"770\" data-end=\"789\">\ud83c\udf1f Beneficios<\/h3>\n<ul data-start=\"790\" data-end=\"1354\">\n<li data-start=\"790\" data-end=\"891\">\n<p data-start=\"792\" data-end=\"891\"><strong data-start=\"792\" data-end=\"825\">Crecimiento espiritual diario<\/strong>: te ayuda a mantener un tiempo constante de devoci\u00f3n y oraci\u00f3n.<\/p>\n<\/li>\n<li data-start=\"892\" data-end=\"1006\">\n<p data-start=\"894\" data-end=\"1006\"><strong data-start=\"894\" data-end=\"917\">Aplicaci\u00f3n pr\u00e1ctica<\/strong>: conecta los valores y la sabidur\u00eda de la Biblia con situaciones de la vida cotidiana.<\/p>\n<\/li>\n<li data-start=\"1007\" data-end=\"1095\">\n<p data-start=\"1009\" data-end=\"1095\"><strong data-start=\"1009\" data-end=\"1033\">Inspiraci\u00f3n continua<\/strong>: cada p\u00e1gina es una fuente de \u00e1nimo, esperanza y fortaleza.<\/p>\n<\/li>\n<li data-start=\"1096\" data-end=\"1219\">\n<p data-start=\"1098\" data-end=\"1219\"><strong data-start=\"1098\" data-end=\"1118\">Dise\u00f1o atractivo<\/strong>: ilustraciones a color y estilo moderno con un enfoque femenino que lo hacen agradable a la vista.<\/p>\n<\/li>\n<li data-start=\"1220\" data-end=\"1354\">\n<p data-start=\"1222\" data-end=\"1354\"><strong data-start=\"1222\" data-end=\"1241\">Regalo especial<\/strong>: perfecto para bendecir la vida de una amiga, madre, hermana o cualquier mujer que desee acercarse m\u00e1s a Dios.<\/p>\n<\/li>\n<\/ul>\n<hr data-start=\"1356\" data-end=\"1359\" \/>\n<h3 data-start=\"1361\" data-end=\"1394\">\ud83c\udfaf \u00bfPara qui\u00e9n va dirigido?<\/h3>\n<ul data-start=\"1395\" data-end=\"1745\">\n<li data-start=\"1395\" data-end=\"1474\">\n<p data-start=\"1397\" data-end=\"1474\">Mujeres que desean fortalecer su fe y mantener un tiempo devocional diario.<\/p>\n<\/li>\n<li data-start=\"1475\" data-end=\"1561\">\n<p data-start=\"1477\" data-end=\"1561\">Personas que buscan un recurso pr\u00e1ctico y lleno de color para inspirarse cada d\u00eda.<\/p>\n<\/li>\n<li data-start=\"1562\" data-end=\"1668\">\n<p data-start=\"1564\" data-end=\"1668\">Creyentes que quieren regalar un libro que no solo sea hermoso, sino tambi\u00e9n profundamente edificante.<\/p>\n<\/li>\n<li data-start=\"1669\" data-end=\"1745\">\n<p data-start=\"1671\" data-end=\"1745\">J\u00f3venes y adultas que valoran la Palabra de Dios como gu\u00eda para su vida.<\/p>\n<\/li>\n<\/ul>\n<hr data-start=\"1747\" data-end=\"1750\" \/>\n<p data-start=\"1752\" data-end=\"1882\">\ud83d\udc49 Con <strong data-start=\"1759\" data-end=\"1778\">Un A\u00f1o con Dios<\/strong> cada d\u00eda se convierte en una oportunidad para crecer, aprender y vivir m\u00e1s cerca del coraz\u00f3n de Dios.<\/p>\n","protected":false},"excerpt":{"rendered":"<p>&nbsp; &nbsp; Un A\u00f1o con Dios es un hermoso libro devocional dise\u00f1ado para acompa\u00f1arte todos los d\u00edas del a\u00f1o en tu caminar espiritual. Con 365 devocionales, uno para cada d\u00eda, te invita a profundizar en tu relaci\u00f3n con Dios y aplicar los principios b\u00edblicos en tu vida diaria. Cada devocional incluye un vers\u00edculo b\u00edblico inspirador, [&hellip;]<\/p>\n","protected":false},"featured_media":5883,"comment_status":"open","ping_status":"closed","template":"","meta":{"om_disable_all_campaigns":false,"_monsterinsights_skip_tracking":false,"_monsterinsights_sitenote_active":false,"_monsterinsights_sitenote_note":"","_monsterinsights_sitenote_category":0,"site-sidebar-layout":"default","site-content-layout":"","ast-site-content-layout":"default","site-content-style":"default","site-sidebar-style":"default","ast-global-header-display":"","ast-banner-title-visibility":"","ast-main-header-display":"","ast-hfb-above-header-display":"","ast-hfb-below-header-display":"","ast-hfb-mobile-header-display":"","site-post-title":"","ast-breadcrumbs-content":"","ast-featured-img":"","footer-sml-layout":"","ast-disable-related-posts":"","theme-transparent-header-meta":"default","adv-header-id-meta":"","stick-header-meta":"","header-above-stick-meta":"","header-main-stick-meta":"","header-below-stick-meta":"","astra-migrate-meta-layouts":"set","ast-page-background-enabled":"default","ast-page-background-meta":{"desktop":{"background-color":"var(--ast-global-color-4)","background-image":"","background-repeat":"repeat","background-position":"center center","background-size":"auto","background-attachment":"scroll","background-type":"","background-media":"","overlay-type":"","overlay-color":"","overlay-opacity":"","overlay-gradient":""},"tablet":{"background-color":"","background-image":"","background-repeat":"repeat","background-position":"center center","background-size":"auto","background-attachment":"scroll","background-type":"","background-media":"","overlay-type":"","overlay-color":"","overlay-opacity":"","overlay-gradient":""},"mobile":{"background-color":"","background-image":"","background-repeat":"repeat","background-position":"center center","background-size":"auto","background-attachment":"scroll","background-type":"","background-media":"","overlay-type":"","overlay-color":"","overlay-opacity":"","overlay-gradient":""}},"ast-content-background-meta":{"desktop":{"background-color":"var(--ast-global-color-5)","background-image":"","background-repeat":"repeat","background-position":"center center","background-size":"auto","background-attachment":"scroll","background-type":"","background-media":"","overlay-type":"","overlay-color":"","overlay-opacity":"","overlay-gradient":""},"tablet":{"background-color":"var(--ast-global-color-5)","background-image":"","background-repeat":"repeat","background-position":"center center","background-size":"auto","background-attachment":"scroll","background-type":"","background-media":"","overlay-type":"","overlay-color":"","overlay-opacity":"","overlay-gradient":""},"mobile":{"background-color":"var(--ast-global-color-5)","background-image":"","background-repeat":"repeat","background-position":"center center","background-size":"auto","background-attachment":"scroll","background-type":"","background-media":"","overlay-type":"","overlay-color":"","overlay-opacity":"","overlay-gradient":""}}},"product_brand":[],"product_cat":[24],"product_tag":[],"class_list":{"0":"post-5882","1":"product","2":"type-product","3":"status-publish","4":"has-post-thumbnail","6":"product_cat-devocionales","7":"desktop-align-left","8":"tablet-align-left","9":"mobile-align-left","11":"first","12":"instock","13":"shipping-taxable","14":"purchasable","15":"product-type-simple"},"yoast_head":"<!-- This site is optimized with the Yoast SEO plugin v27.4 - https:\/\/yoast.com\/product\/yoast-seo-wordpress\/ -->\n<title>Un A\u00f1o Con Dios - 365 Devocionales para Inspirar tu Vida - tzionlibreria.com<\/title>\n<meta name=\"description\" content=\"Un A\u00f1o con Dios es un devocional dise\u00f1ado para acompa\u00f1arte todos los d\u00edas del a\u00f1o en tu caminar espiritual. Con 365 devocionales para mujeres.\" \/>\n<meta name=\"robots\" content=\"index, follow, max-snippet:-1, max-image-preview:large, max-video-preview:-1\" \/>\n<link rel=\"canonical\" href=\"https:\/\/tzionlibreria.com\/index.php\/product\/un-ano-con-dios-365-devocionales-para-inspirar-tu-vida\/\" \/>\n<meta property=\"og:locale\" content=\"es_ES\" \/>\n<meta property=\"og:type\" content=\"article\" \/>\n<meta property=\"og:title\" content=\"Un A\u00f1o Con Dios - 365 Devocionales para Inspirar tu Vida - tzionlibreria.com\" \/>\n<meta property=\"og:description\" content=\"Un A\u00f1o con Dios es un devocional dise\u00f1ado para acompa\u00f1arte todos los d\u00edas del a\u00f1o en tu caminar espiritual. Con 365 devocionales para mujeres.\" \/>\n<meta property=\"og:url\" content=\"https:\/\/tzionlibreria.com\/index.php\/product\/un-ano-con-dios-365-devocionales-para-inspirar-tu-vida\/\" \/>\n<meta property=\"og:site_name\" content=\"tzionlibreria.com\" \/>\n<meta property=\"article:modified_time\" content=\"2025-08-26T14:30:41+00:00\" \/>\n<meta property=\"og:image\" content=\"http:\/\/tzionlibreria.com\/wp-content\/uploads\/2025\/08\/25.png\" \/>\n\t<meta property=\"og:image:width\" content=\"1080\" \/>\n\t<meta property=\"og:image:height\" content=\"1080\" \/>\n\t<meta property=\"og:image:type\" content=\"image\/png\" \/>\n<meta name=\"twitter:card\" content=\"summary_large_image\" \/>\n<meta name=\"twitter:label1\" content=\"Tiempo de lectura\" \/>\n\t<meta name=\"twitter:data1\" content=\"2 minutos\" \/>\n<script type=\"application\/ld+json\" class=\"yoast-schema-graph\">{\"@context\":\"https:\\\/\\\/schema.org\",\"@graph\":[{\"@type\":\"WebPage\",\"@id\":\"https:\\\/\\\/tzionlibreria.com\\\/index.php\\\/product\\\/un-ano-con-dios-365-devocionales-para-inspirar-tu-vida\\\/\",\"url\":\"https:\\\/\\\/tzionlibreria.com\\\/index.php\\\/product\\\/un-ano-con-dios-365-devocionales-para-inspirar-tu-vida\\\/\",\"name\":\"Un A\u00f1o Con Dios - 365 Devocionales para Inspirar tu Vida - tzionlibreria.com\",\"isPartOf\":{\"@id\":\"https:\\\/\\\/tzionlibreria.com\\\/#website\"},\"primaryImageOfPage\":{\"@id\":\"https:\\\/\\\/tzionlibreria.com\\\/index.php\\\/product\\\/un-ano-con-dios-365-devocionales-para-inspirar-tu-vida\\\/#primaryimage\"},\"image\":{\"@id\":\"https:\\\/\\\/tzionlibreria.com\\\/index.php\\\/product\\\/un-ano-con-dios-365-devocionales-para-inspirar-tu-vida\\\/#primaryimage\"},\"thumbnailUrl\":\"https:\\\/\\\/tzionlibreria.com\\\/wp-content\\\/uploads\\\/2025\\\/08\\\/25.png\",\"datePublished\":\"2025-08-26T14:30:33+00:00\",\"dateModified\":\"2025-08-26T14:30:41+00:00\",\"description\":\"Un A\u00f1o con Dios es un devocional dise\u00f1ado para acompa\u00f1arte todos los d\u00edas del a\u00f1o en tu caminar espiritual. Con 365 devocionales para mujeres.\",\"breadcrumb\":{\"@id\":\"https:\\\/\\\/tzionlibreria.com\\\/index.php\\\/product\\\/un-ano-con-dios-365-devocionales-para-inspirar-tu-vida\\\/#breadcrumb\"},\"inLanguage\":\"es-CO\",\"potentialAction\":[{\"@type\":\"ReadAction\",\"target\":[\"https:\\\/\\\/tzionlibreria.com\\\/index.php\\\/product\\\/un-ano-con-dios-365-devocionales-para-inspirar-tu-vida\\\/\"]}]},{\"@type\":\"ImageObject\",\"inLanguage\":\"es-CO\",\"@id\":\"https:\\\/\\\/tzionlibreria.com\\\/index.php\\\/product\\\/un-ano-con-dios-365-devocionales-para-inspirar-tu-vida\\\/#primaryimage\",\"url\":\"https:\\\/\\\/tzionlibreria.com\\\/wp-content\\\/uploads\\\/2025\\\/08\\\/25.png\",\"contentUrl\":\"https:\\\/\\\/tzionlibreria.com\\\/wp-content\\\/uploads\\\/2025\\\/08\\\/25.png\",\"width\":1080,\"height\":1080},{\"@type\":\"BreadcrumbList\",\"@id\":\"https:\\\/\\\/tzionlibreria.com\\\/index.php\\\/product\\\/un-ano-con-dios-365-devocionales-para-inspirar-tu-vida\\\/#breadcrumb\",\"itemListElement\":[{\"@type\":\"ListItem\",\"position\":1,\"name\":\"Inicio\",\"item\":\"https:\\\/\\\/tzionlibreria.com\\\/\"},{\"@type\":\"ListItem\",\"position\":2,\"name\":\"Shop\",\"item\":\"https:\\\/\\\/tzionlibreria.com\\\/index.php\\\/shop\\\/\"},{\"@type\":\"ListItem\",\"position\":3,\"name\":\"Un A\u00f1o Con Dios &#8211; 365 Devocionales para Inspirar tu Vida\"}]},{\"@type\":\"WebSite\",\"@id\":\"https:\\\/\\\/tzionlibreria.com\\\/#website\",\"url\":\"https:\\\/\\\/tzionlibreria.com\\\/\",\"name\":\"tzionlibreria.com\",\"description\":\"Libreria Cristiana Venezuela\",\"publisher\":{\"@id\":\"https:\\\/\\\/tzionlibreria.com\\\/#organization\"},\"potentialAction\":[{\"@type\":\"SearchAction\",\"target\":{\"@type\":\"EntryPoint\",\"urlTemplate\":\"https:\\\/\\\/tzionlibreria.com\\\/?s={search_term_string}\"},\"query-input\":{\"@type\":\"PropertyValueSpecification\",\"valueRequired\":true,\"valueName\":\"search_term_string\"}}],\"inLanguage\":\"es-CO\"},{\"@type\":\"Organization\",\"@id\":\"https:\\\/\\\/tzionlibreria.com\\\/#organization\",\"name\":\"tzionlibreria.com\",\"url\":\"https:\\\/\\\/tzionlibreria.com\\\/\",\"logo\":{\"@type\":\"ImageObject\",\"inLanguage\":\"es-CO\",\"@id\":\"https:\\\/\\\/tzionlibreria.com\\\/#\\\/schema\\\/logo\\\/image\\\/\",\"url\":\"https:\\\/\\\/tzionlibreria.com\\\/wp-content\\\/uploads\\\/2023\\\/10\\\/cropped-Cuadricula-scaled-1.jpg\",\"contentUrl\":\"https:\\\/\\\/tzionlibreria.com\\\/wp-content\\\/uploads\\\/2023\\\/10\\\/cropped-Cuadricula-scaled-1.jpg\",\"width\":2560,\"height\":2560,\"caption\":\"tzionlibreria.com\"},\"image\":{\"@id\":\"https:\\\/\\\/tzionlibreria.com\\\/#\\\/schema\\\/logo\\\/image\\\/\"}}]}<\/script>\n<!-- \/ Yoast SEO plugin. -->","yoast_head_json":{"title":"Un A\u00f1o Con Dios - 365 Devocionales para Inspirar tu Vida - tzionlibreria.com","description":"Un A\u00f1o con Dios es un devocional dise\u00f1ado para acompa\u00f1arte todos los d\u00edas del a\u00f1o en tu caminar espiritual. Con 365 devocionales para mujeres.","robots":{"index":"index","follow":"follow","max-snippet":"max-snippet:-1","max-image-preview":"max-image-preview:large","max-video-preview":"max-video-preview:-1"},"canonical":"https:\/\/tzionlibreria.com\/index.php\/product\/un-ano-con-dios-365-devocionales-para-inspirar-tu-vida\/","og_locale":"es_ES","og_type":"article","og_title":"Un A\u00f1o Con Dios - 365 Devocionales para Inspirar tu Vida - tzionlibreria.com","og_description":"Un A\u00f1o con Dios es un devocional dise\u00f1ado para acompa\u00f1arte todos los d\u00edas del a\u00f1o en tu caminar espiritual. Con 365 devocionales para mujeres.","og_url":"https:\/\/tzionlibreria.com\/index.php\/product\/un-ano-con-dios-365-devocionales-para-inspirar-tu-vida\/","og_site_name":"tzionlibreria.com","article_modified_time":"2025-08-26T14:30:41+00:00","og_image":[{"width":1080,"height":1080,"url":"http:\/\/tzionlibreria.com\/wp-content\/uploads\/2025\/08\/25.png","type":"image\/png"}],"twitter_card":"summary_large_image","twitter_misc":{"Tiempo de lectura":"2 minutos"},"schema":{"@context":"https:\/\/schema.org","@graph":[{"@type":"WebPage","@id":"https:\/\/tzionlibreria.com\/index.php\/product\/un-ano-con-dios-365-devocionales-para-inspirar-tu-vida\/","url":"https:\/\/tzionlibreria.com\/index.php\/product\/un-ano-con-dios-365-devocionales-para-inspirar-tu-vida\/","name":"Un A\u00f1o Con Dios - 365 Devocionales para Inspirar tu Vida - tzionlibreria.com","isPartOf":{"@id":"https:\/\/tzionlibreria.com\/#website"},"primaryImageOfPage":{"@id":"https:\/\/tzionlibreria.com\/index.php\/product\/un-ano-con-dios-365-devocionales-para-inspirar-tu-vida\/#primaryimage"},"image":{"@id":"https:\/\/tzionlibreria.com\/index.php\/product\/un-ano-con-dios-365-devocionales-para-inspirar-tu-vida\/#primaryimage"},"thumbnailUrl":"https:\/\/tzionlibreria.com\/wp-content\/uploads\/2025\/08\/25.png","datePublished":"2025-08-26T14:30:33+00:00","dateModified":"2025-08-26T14:30:41+00:00","description":"Un A\u00f1o con Dios es un devocional dise\u00f1ado para acompa\u00f1arte todos los d\u00edas del a\u00f1o en tu caminar espiritual. Con 365 devocionales para mujeres.","breadcrumb":{"@id":"https:\/\/tzionlibreria.com\/index.php\/product\/un-ano-con-dios-365-devocionales-para-inspirar-tu-vida\/#breadcrumb"},"inLanguage":"es-CO","potentialAction":[{"@type":"ReadAction","target":["https:\/\/tzionlibreria.com\/index.php\/product\/un-ano-con-dios-365-devocionales-para-inspirar-tu-vida\/"]}]},{"@type":"ImageObject","inLanguage":"es-CO","@id":"https:\/\/tzionlibreria.com\/index.php\/product\/un-ano-con-dios-365-devocionales-para-inspirar-tu-vida\/#primaryimage","url":"https:\/\/tzionlibreria.com\/wp-content\/uploads\/2025\/08\/25.png","contentUrl":"https:\/\/tzionlibreria.com\/wp-content\/uploads\/2025\/08\/25.png","width":1080,"height":1080},{"@type":"BreadcrumbList","@id":"https:\/\/tzionlibreria.com\/index.php\/product\/un-ano-con-dios-365-devocionales-para-inspirar-tu-vida\/#breadcrumb","itemListElement":[{"@type":"ListItem","position":1,"name":"Inicio","item":"https:\/\/tzionlibreria.com\/"},{"@type":"ListItem","position":2,"name":"Shop","item":"https:\/\/tzionlibreria.com\/index.php\/shop\/"},{"@type":"ListItem","position":3,"name":"Un A\u00f1o Con Dios &#8211; 365 Devocionales para Inspirar tu Vida"}]},{"@type":"WebSite","@id":"https:\/\/tzionlibreria.com\/#website","url":"https:\/\/tzionlibreria.com\/","name":"tzionlibreria.com","description":"Libreria Cristiana Venezuela","publisher":{"@id":"https:\/\/tzionlibreria.com\/#organization"},"potentialAction":[{"@type":"SearchAction","target":{"@type":"EntryPoint","urlTemplate":"https:\/\/tzionlibreria.com\/?s={search_term_string}"},"query-input":{"@type":"PropertyValueSpecification","valueRequired":true,"valueName":"search_term_string"}}],"inLanguage":"es-CO"},{"@type":"Organization","@id":"https:\/\/tzionlibreria.com\/#organization","name":"tzionlibreria.com","url":"https:\/\/tzionlibreria.com\/","logo":{"@type":"ImageObject","inLanguage":"es-CO","@id":"https:\/\/tzionlibreria.com\/#\/schema\/logo\/image\/","url":"https:\/\/tzionlibreria.com\/wp-content\/uploads\/2023\/10\/cropped-Cuadricula-scaled-1.jpg","contentUrl":"https:\/\/tzionlibreria.com\/wp-content\/uploads\/2023\/10\/cropped-Cuadricula-scaled-1.jpg","width":2560,"height":2560,"caption":"tzionlibreria.com"},"image":{"@id":"https:\/\/tzionlibreria.com\/#\/schema\/logo\/image\/"}}]}},"jetpack_sharing_enabled":true,"_links":{"self":[{"href":"https:\/\/tzionlibreria.com\/index.php\/wp-json\/wp\/v2\/product\/5882","targetHints":{"allow":["GET"]}}],"collection":[{"href":"https:\/\/tzionlibreria.com\/index.php\/wp-json\/wp\/v2\/product"}],"about":[{"href":"https:\/\/tzionlibreria.com\/index.php\/wp-json\/wp\/v2\/types\/product"}],"replies":[{"embeddable":true,"href":"https:\/\/tzionlibreria.com\/index.php\/wp-json\/wp\/v2\/comments?post=5882"}],"wp:featuredmedia":[{"embeddable":true,"href":"https:\/\/tzionlibreria.com\/index.php\/wp-json\/wp\/v2\/media\/5883"}],"wp:attachment":[{"href":"https:\/\/tzionlibreria.com\/index.php\/wp-json\/wp\/v2\/media?parent=5882"}],"wp:term":[{"taxonomy":"product_brand","embeddable":true,"href":"https:\/\/tzionlibreria.com\/index.php\/wp-json\/wp\/v2\/product_brand?post=5882"},{"taxonomy":"product_cat","embeddable":true,"href":"https:\/\/tzionlibreria.com\/index.php\/wp-json\/wp\/v2\/product_cat?post=5882"},{"taxonomy":"product_tag","embeddable":true,"href":"https:\/\/tzionlibreria.com\/index.php\/wp-json\/wp\/v2\/product_tag?post=5882"}],"curies":[{"name":"wp","href":"https:\/\/api.w.org\/{rel}","templated":true}]}}