{"id":5930,"date":"2025-08-26T22:32:03","date_gmt":"2025-08-26T22:32:03","guid":{"rendered":"https:\/\/tzionlibreria.com\/?post_type=product&#038;p=5930"},"modified":"2025-08-26T22:34:33","modified_gmt":"2025-08-26T22:34:33","slug":"los-5-lenguajes-del-amor-de-los-ninos-bolsilibro","status":"publish","type":"product","link":"https:\/\/tzionlibreria.com\/index.php\/product\/los-5-lenguajes-del-amor-de-los-ninos-bolsilibro\/","title":{"rendered":"Los 5 lenguajes del amor de los ni\u00f1os &#8211; bolsilibro"},"content":{"rendered":"<div class=\"ast-oembed-container \" style=\"height: 100%;\"><iframe title=\"Conoce \u00abLos 5 lenguajes del amor de los ni\u00f1os\u00bb, de Gary Chapman (Tama\u00f1o bolsillo)\" width=\"500\" height=\"281\" src=\"https:\/\/www.youtube.com\/embed\/eZJUC1_hFgQ?feature=oembed\" frameborder=\"0\" allow=\"accelerometer; autoplay; clipboard-write; encrypted-media; gyroscope; picture-in-picture; web-share\" referrerpolicy=\"strict-origin-when-cross-origin\" allowfullscreen><\/iframe><\/div>\n<p data-start=\"178\" data-end=\"289\"><strong data-start=\"178\" data-end=\"287\">\u201cSabes que amas a tus ni\u00f1os. Pero, \u00bfc\u00f3mo puedes demostrarlo de manera que ellos realmente lo comprendan?\u201d<\/strong><\/p>\n<p data-start=\"291\" data-end=\"625\">En este best seller internacional, con m\u00e1s de <strong data-start=\"337\" data-end=\"369\">un mill\u00f3n de copias vendidas<\/strong>, el Dr. <strong data-start=\"378\" data-end=\"394\">Gary Chapman<\/strong> y el Dr. <strong data-start=\"404\" data-end=\"421\">Ross Campbell<\/strong> ofrecen herramientas pr\u00e1cticas y profundas para que los padres aprendan a hablar el <strong data-start=\"506\" data-end=\"540\">lenguaje del amor de sus hijos<\/strong>, fortaleciendo as\u00ed los lazos familiares y el desarrollo emocional de los peque\u00f1os.<\/p>\n<p data-start=\"627\" data-end=\"863\">Este libro no solo explica c\u00f3mo identificar el lenguaje de amor principal de cada ni\u00f1o, sino tambi\u00e9n c\u00f3mo aplicarlo en la disciplina, la educaci\u00f3n y la vida diaria, construyendo una relaci\u00f3n basada en un amor incondicional y duradero.<\/p>\n<hr data-start=\"865\" data-end=\"868\" \/>\n<h3 data-start=\"870\" data-end=\"889\">\ud83c\udf1f Beneficios<\/h3>\n<p data-start=\"890\" data-end=\"1266\">\u2705 Aprende a identificar y hablar el <strong data-start=\"926\" data-end=\"957\">lenguaje de amor de tu hijo<\/strong>.<br data-start=\"958\" data-end=\"961\" \/>\u2705 Comprende la relaci\u00f3n entre el <strong data-start=\"994\" data-end=\"1021\">\u00e9xito en el aprendizaje<\/strong> y los lenguajes del amor.<br data-start=\"1047\" data-end=\"1050\" \/>\u2705 Descubre c\u00f3mo aplicar el amor en la <strong data-start=\"1088\" data-end=\"1122\">disciplina positiva y efectiva<\/strong>.<br data-start=\"1123\" data-end=\"1126\" \/>\u2705 Construye un cimiento s\u00f3lido de <strong data-start=\"1160\" data-end=\"1182\">amor incondicional<\/strong>.<br data-start=\"1183\" data-end=\"1186\" \/>\u2705 Consejos pr\u00e1cticos y aplicables en la vida cotidiana de padres y educadores.<\/p>\n<hr data-start=\"1268\" data-end=\"1271\" \/>\n<h3 data-start=\"1273\" data-end=\"1306\">\ud83c\udfaf \u00bfPara qui\u00e9n va dirigido?<\/h3>\n<ul data-start=\"1307\" data-end=\"1666\">\n<li data-start=\"1307\" data-end=\"1390\">\n<p data-start=\"1309\" data-end=\"1390\">\ud83d\udc68\u200d\ud83d\udc69\u200d\ud83d\udc67\u200d\ud83d\udc66 <strong data-start=\"1321\" data-end=\"1340\">Padres y madres<\/strong> que desean fortalecer su v\u00ednculo con sus hijos.<\/p>\n<\/li>\n<li data-start=\"1391\" data-end=\"1486\">\n<p data-start=\"1393\" data-end=\"1486\">\ud83e\uddd1\u200d\ud83c\udfeb <strong data-start=\"1399\" data-end=\"1424\">Maestros y educadores<\/strong> interesados en comprender mejor el comportamiento infantil.<\/p>\n<\/li>\n<li data-start=\"1487\" data-end=\"1564\">\n<p data-start=\"1489\" data-end=\"1564\">\ud83d\ude4b\u200d\u2640\ufe0f\ud83d\ude4b\u200d\u2642\ufe0f <strong data-start=\"1500\" data-end=\"1535\">Cuidadores y l\u00edderes infantiles<\/strong> en iglesias o comunidades.<\/p>\n<\/li>\n<li data-start=\"1565\" data-end=\"1666\">\n<p data-start=\"1567\" data-end=\"1666\">\ud83d\udca1 Toda persona que busque establecer una relaci\u00f3n m\u00e1s s\u00f3lida, afectiva y efectiva con los ni\u00f1os.<\/p>\n<\/li>\n<\/ul>\n<hr data-start=\"1668\" data-end=\"1671\" \/>\n<p data-start=\"1673\" data-end=\"1695\">\ud83d\udccc <strong data-start=\"1676\" data-end=\"1693\">Ficha t\u00e9cnica<\/strong><\/p>\n<ul data-start=\"1696\" data-end=\"1975\">\n<li data-start=\"1696\" data-end=\"1748\">\n<p data-start=\"1698\" data-end=\"1748\">\u270d\ufe0f Autores: Dr. Gary Chapman &amp; Dr. Ross Campbell<\/p>\n<\/li>\n<li data-start=\"1749\" data-end=\"1768\">\n<p data-start=\"1751\" data-end=\"1768\">\ud83d\udcda P\u00e1ginas: 320<\/p>\n<\/li>\n<li data-start=\"1769\" data-end=\"1795\">\n<p data-start=\"1771\" data-end=\"1795\">\ud83d\udcd6 ISBN: 9780789924186<\/p>\n<\/li>\n<li data-start=\"1796\" data-end=\"1820\">\n<p data-start=\"1798\" data-end=\"1820\">\ud83d\udcd1 Editorial: Unilit<\/p>\n<\/li>\n<li data-start=\"1821\" data-end=\"1858\">\n<p data-start=\"1823\" data-end=\"1858\">\ud83d\udcd0 Dimensiones: 106 x 167 x 11 mm<\/p>\n<\/li>\n<li data-start=\"1859\" data-end=\"1880\">\n<p data-start=\"1861\" data-end=\"1880\">\u2696\ufe0f Peso: 0,162 kg<\/p>\n<\/li>\n<li data-start=\"1881\" data-end=\"1911\">\n<p data-start=\"1883\" data-end=\"1911\">\ud83d\udcd5 Encuadernaci\u00f3n: R\u00fastica<\/p>\n<\/li>\n<li data-start=\"1912\" data-end=\"1952\">\n<p data-start=\"1914\" data-end=\"1952\">\ud83d\udcc5 Lanzamiento: 16 de agosto de 2018<\/p>\n<\/li>\n<li data-start=\"1953\" data-end=\"1975\">\n<p data-start=\"1955\" data-end=\"1975\">\ud83c\udf0e Idioma: Espa\u00f1ol<\/p>\n<\/li>\n<\/ul>\n<hr data-start=\"1977\" data-end=\"1980\" \/>\n<p data-start=\"1982\" data-end=\"2137\">\ud83d\udc49 <strong data-start=\"1985\" data-end=\"2026\">Los 5 Lenguajes del Amor de los Ni\u00f1os<\/strong> es una gu\u00eda esencial para criar hijos seguros, felices y amados, entendiendo su forma \u00fanica de recibir amor.<\/p>\n","protected":false},"excerpt":{"rendered":"<p>\u201cSabes que amas a tus ni\u00f1os. Pero, \u00bfc\u00f3mo puedes demostrarlo de manera que ellos realmente lo comprendan?\u201d En este best seller internacional, con m\u00e1s de un mill\u00f3n de copias vendidas, el Dr. Gary Chapman y el Dr. Ross Campbell ofrecen herramientas pr\u00e1cticas y profundas para que los padres aprendan a hablar el lenguaje del amor [&hellip;]<\/p>\n","protected":false},"featured_media":5931,"comment_status":"open","ping_status":"closed","template":"","meta":{"om_disable_all_campaigns":false,"_monsterinsights_skip_tracking":false,"_monsterinsights_sitenote_active":false,"_monsterinsights_sitenote_note":"","_monsterinsights_sitenote_category":0,"site-sidebar-layout":"default","site-content-layout":"","ast-site-content-layout":"default","site-content-style":"default","site-sidebar-style":"default","ast-global-header-display":"","ast-banner-title-visibility":"","ast-main-header-display":"","ast-hfb-above-header-display":"","ast-hfb-below-header-display":"","ast-hfb-mobile-header-display":"","site-post-title":"","ast-breadcrumbs-content":"","ast-featured-img":"","footer-sml-layout":"","ast-disable-related-posts":"","theme-transparent-header-meta":"default","adv-header-id-meta":"","stick-header-meta":"","header-above-stick-meta":"","header-main-stick-meta":"","header-below-stick-meta":"","astra-migrate-meta-layouts":"set","ast-page-background-enabled":"default","ast-page-background-meta":{"desktop":{"background-color":"var(--ast-global-color-4)","background-image":"","background-repeat":"repeat","background-position":"center center","background-size":"auto","background-attachment":"scroll","background-type":"","background-media":"","overlay-type":"","overlay-color":"","overlay-opacity":"","overlay-gradient":""},"tablet":{"background-color":"","background-image":"","background-repeat":"repeat","background-position":"center center","background-size":"auto","background-attachment":"scroll","background-type":"","background-media":"","overlay-type":"","overlay-color":"","overlay-opacity":"","overlay-gradient":""},"mobile":{"background-color":"","background-image":"","background-repeat":"repeat","background-position":"center center","background-size":"auto","background-attachment":"scroll","background-type":"","background-media":"","overlay-type":"","overlay-color":"","overlay-opacity":"","overlay-gradient":""}},"ast-content-background-meta":{"desktop":{"background-color":"var(--ast-global-color-5)","background-image":"","background-repeat":"repeat","background-position":"center center","background-size":"auto","background-attachment":"scroll","background-type":"","background-media":"","overlay-type":"","overlay-color":"","overlay-opacity":"","overlay-gradient":""},"tablet":{"background-color":"var(--ast-global-color-5)","background-image":"","background-repeat":"repeat","background-position":"center center","background-size":"auto","background-attachment":"scroll","background-type":"","background-media":"","overlay-type":"","overlay-color":"","overlay-opacity":"","overlay-gradient":""},"mobile":{"background-color":"var(--ast-global-color-5)","background-image":"","background-repeat":"repeat","background-position":"center center","background-size":"auto","background-attachment":"scroll","background-type":"","background-media":"","overlay-type":"","overlay-color":"","overlay-opacity":"","overlay-gradient":""}}},"product_brand":[],"product_cat":[167,174,25,23,209,170],"product_tag":[],"class_list":{"0":"post-5930","1":"product","2":"type-product","3":"status-publish","4":"has-post-thumbnail","6":"product_cat-familia","7":"product_cat-iglesia","8":"product_cat-kids","9":"product_cat-libros","10":"product_cat-libros-kids","11":"product_cat-mujeres","12":"desktop-align-left","13":"tablet-align-left","14":"mobile-align-left","16":"first","17":"instock","18":"shipping-taxable","19":"purchasable","20":"product-type-simple"},"yoast_head":"<!-- This site is optimized with the Yoast SEO plugin v27.4 - https:\/\/yoast.com\/product\/yoast-seo-wordpress\/ -->\n<title>Los 5 lenguajes del amor de los ni\u00f1os - bolsilibro - tzionlibreria.com<\/title>\n<meta name=\"description\" content=\"Los 5 Lenguajes del Amor de los Ni\u00f1os es una gu\u00eda esencial para criar hijos seguros, felices y amados, entendiendo su forma \u00fanica de recibir amor.\" \/>\n<meta name=\"robots\" content=\"index, follow, max-snippet:-1, max-image-preview:large, max-video-preview:-1\" \/>\n<link rel=\"canonical\" href=\"https:\/\/tzionlibreria.com\/index.php\/product\/los-5-lenguajes-del-amor-de-los-ninos-bolsilibro\/\" \/>\n<meta property=\"og:locale\" content=\"es_ES\" \/>\n<meta property=\"og:type\" content=\"article\" \/>\n<meta property=\"og:title\" content=\"Los 5 lenguajes del amor de los ni\u00f1os - bolsilibro - tzionlibreria.com\" \/>\n<meta property=\"og:description\" content=\"Los 5 Lenguajes del Amor de los Ni\u00f1os es una gu\u00eda esencial para criar hijos seguros, felices y amados, entendiendo su forma \u00fanica de recibir amor.\" \/>\n<meta property=\"og:url\" content=\"https:\/\/tzionlibreria.com\/index.php\/product\/los-5-lenguajes-del-amor-de-los-ninos-bolsilibro\/\" \/>\n<meta property=\"og:site_name\" content=\"tzionlibreria.com\" \/>\n<meta property=\"article:modified_time\" content=\"2025-08-26T22:34:33+00:00\" \/>\n<meta property=\"og:image\" content=\"http:\/\/tzionlibreria.com\/wp-content\/uploads\/2025\/08\/129.png\" \/>\n\t<meta property=\"og:image:width\" content=\"1080\" \/>\n\t<meta property=\"og:image:height\" content=\"1080\" \/>\n\t<meta property=\"og:image:type\" content=\"image\/png\" \/>\n<meta name=\"twitter:card\" content=\"summary_large_image\" \/>\n<meta name=\"twitter:label1\" content=\"Tiempo de lectura\" \/>\n\t<meta name=\"twitter:data1\" content=\"2 minutos\" \/>\n<script type=\"application\/ld+json\" class=\"yoast-schema-graph\">{\"@context\":\"https:\\\/\\\/schema.org\",\"@graph\":[{\"@type\":\"WebPage\",\"@id\":\"https:\\\/\\\/tzionlibreria.com\\\/index.php\\\/product\\\/los-5-lenguajes-del-amor-de-los-ninos-bolsilibro\\\/\",\"url\":\"https:\\\/\\\/tzionlibreria.com\\\/index.php\\\/product\\\/los-5-lenguajes-del-amor-de-los-ninos-bolsilibro\\\/\",\"name\":\"Los 5 lenguajes del amor de los ni\u00f1os - bolsilibro - tzionlibreria.com\",\"isPartOf\":{\"@id\":\"https:\\\/\\\/tzionlibreria.com\\\/#website\"},\"primaryImageOfPage\":{\"@id\":\"https:\\\/\\\/tzionlibreria.com\\\/index.php\\\/product\\\/los-5-lenguajes-del-amor-de-los-ninos-bolsilibro\\\/#primaryimage\"},\"image\":{\"@id\":\"https:\\\/\\\/tzionlibreria.com\\\/index.php\\\/product\\\/los-5-lenguajes-del-amor-de-los-ninos-bolsilibro\\\/#primaryimage\"},\"thumbnailUrl\":\"https:\\\/\\\/tzionlibreria.com\\\/wp-content\\\/uploads\\\/2025\\\/08\\\/129.png\",\"datePublished\":\"2025-08-26T22:32:03+00:00\",\"dateModified\":\"2025-08-26T22:34:33+00:00\",\"description\":\"Los 5 Lenguajes del Amor de los Ni\u00f1os es una gu\u00eda esencial para criar hijos seguros, felices y amados, entendiendo su forma \u00fanica de recibir amor.\",\"breadcrumb\":{\"@id\":\"https:\\\/\\\/tzionlibreria.com\\\/index.php\\\/product\\\/los-5-lenguajes-del-amor-de-los-ninos-bolsilibro\\\/#breadcrumb\"},\"inLanguage\":\"es-CO\",\"potentialAction\":[{\"@type\":\"ReadAction\",\"target\":[\"https:\\\/\\\/tzionlibreria.com\\\/index.php\\\/product\\\/los-5-lenguajes-del-amor-de-los-ninos-bolsilibro\\\/\"]}]},{\"@type\":\"ImageObject\",\"inLanguage\":\"es-CO\",\"@id\":\"https:\\\/\\\/tzionlibreria.com\\\/index.php\\\/product\\\/los-5-lenguajes-del-amor-de-los-ninos-bolsilibro\\\/#primaryimage\",\"url\":\"https:\\\/\\\/tzionlibreria.com\\\/wp-content\\\/uploads\\\/2025\\\/08\\\/129.png\",\"contentUrl\":\"https:\\\/\\\/tzionlibreria.com\\\/wp-content\\\/uploads\\\/2025\\\/08\\\/129.png\",\"width\":1080,\"height\":1080},{\"@type\":\"BreadcrumbList\",\"@id\":\"https:\\\/\\\/tzionlibreria.com\\\/index.php\\\/product\\\/los-5-lenguajes-del-amor-de-los-ninos-bolsilibro\\\/#breadcrumb\",\"itemListElement\":[{\"@type\":\"ListItem\",\"position\":1,\"name\":\"Inicio\",\"item\":\"https:\\\/\\\/tzionlibreria.com\\\/\"},{\"@type\":\"ListItem\",\"position\":2,\"name\":\"Shop\",\"item\":\"https:\\\/\\\/tzionlibreria.com\\\/index.php\\\/shop\\\/\"},{\"@type\":\"ListItem\",\"position\":3,\"name\":\"Los 5 lenguajes del amor de los ni\u00f1os &#8211; bolsilibro\"}]},{\"@type\":\"WebSite\",\"@id\":\"https:\\\/\\\/tzionlibreria.com\\\/#website\",\"url\":\"https:\\\/\\\/tzionlibreria.com\\\/\",\"name\":\"tzionlibreria.com\",\"description\":\"Libreria Cristiana Venezuela\",\"publisher\":{\"@id\":\"https:\\\/\\\/tzionlibreria.com\\\/#organization\"},\"potentialAction\":[{\"@type\":\"SearchAction\",\"target\":{\"@type\":\"EntryPoint\",\"urlTemplate\":\"https:\\\/\\\/tzionlibreria.com\\\/?s={search_term_string}\"},\"query-input\":{\"@type\":\"PropertyValueSpecification\",\"valueRequired\":true,\"valueName\":\"search_term_string\"}}],\"inLanguage\":\"es-CO\"},{\"@type\":\"Organization\",\"@id\":\"https:\\\/\\\/tzionlibreria.com\\\/#organization\",\"name\":\"tzionlibreria.com\",\"url\":\"https:\\\/\\\/tzionlibreria.com\\\/\",\"logo\":{\"@type\":\"ImageObject\",\"inLanguage\":\"es-CO\",\"@id\":\"https:\\\/\\\/tzionlibreria.com\\\/#\\\/schema\\\/logo\\\/image\\\/\",\"url\":\"https:\\\/\\\/tzionlibreria.com\\\/wp-content\\\/uploads\\\/2023\\\/10\\\/cropped-Cuadricula-scaled-1.jpg\",\"contentUrl\":\"https:\\\/\\\/tzionlibreria.com\\\/wp-content\\\/uploads\\\/2023\\\/10\\\/cropped-Cuadricula-scaled-1.jpg\",\"width\":2560,\"height\":2560,\"caption\":\"tzionlibreria.com\"},\"image\":{\"@id\":\"https:\\\/\\\/tzionlibreria.com\\\/#\\\/schema\\\/logo\\\/image\\\/\"}}]}<\/script>\n<!-- \/ Yoast SEO plugin. -->","yoast_head_json":{"title":"Los 5 lenguajes del amor de los ni\u00f1os - bolsilibro - tzionlibreria.com","description":"Los 5 Lenguajes del Amor de los Ni\u00f1os es una gu\u00eda esencial para criar hijos seguros, felices y amados, entendiendo su forma \u00fanica de recibir amor.","robots":{"index":"index","follow":"follow","max-snippet":"max-snippet:-1","max-image-preview":"max-image-preview:large","max-video-preview":"max-video-preview:-1"},"canonical":"https:\/\/tzionlibreria.com\/index.php\/product\/los-5-lenguajes-del-amor-de-los-ninos-bolsilibro\/","og_locale":"es_ES","og_type":"article","og_title":"Los 5 lenguajes del amor de los ni\u00f1os - bolsilibro - tzionlibreria.com","og_description":"Los 5 Lenguajes del Amor de los Ni\u00f1os es una gu\u00eda esencial para criar hijos seguros, felices y amados, entendiendo su forma \u00fanica de recibir amor.","og_url":"https:\/\/tzionlibreria.com\/index.php\/product\/los-5-lenguajes-del-amor-de-los-ninos-bolsilibro\/","og_site_name":"tzionlibreria.com","article_modified_time":"2025-08-26T22:34:33+00:00","og_image":[{"width":1080,"height":1080,"url":"http:\/\/tzionlibreria.com\/wp-content\/uploads\/2025\/08\/129.png","type":"image\/png"}],"twitter_card":"summary_large_image","twitter_misc":{"Tiempo de lectura":"2 minutos"},"schema":{"@context":"https:\/\/schema.org","@graph":[{"@type":"WebPage","@id":"https:\/\/tzionlibreria.com\/index.php\/product\/los-5-lenguajes-del-amor-de-los-ninos-bolsilibro\/","url":"https:\/\/tzionlibreria.com\/index.php\/product\/los-5-lenguajes-del-amor-de-los-ninos-bolsilibro\/","name":"Los 5 lenguajes del amor de los ni\u00f1os - bolsilibro - tzionlibreria.com","isPartOf":{"@id":"https:\/\/tzionlibreria.com\/#website"},"primaryImageOfPage":{"@id":"https:\/\/tzionlibreria.com\/index.php\/product\/los-5-lenguajes-del-amor-de-los-ninos-bolsilibro\/#primaryimage"},"image":{"@id":"https:\/\/tzionlibreria.com\/index.php\/product\/los-5-lenguajes-del-amor-de-los-ninos-bolsilibro\/#primaryimage"},"thumbnailUrl":"https:\/\/tzionlibreria.com\/wp-content\/uploads\/2025\/08\/129.png","datePublished":"2025-08-26T22:32:03+00:00","dateModified":"2025-08-26T22:34:33+00:00","description":"Los 5 Lenguajes del Amor de los Ni\u00f1os es una gu\u00eda esencial para criar hijos seguros, felices y amados, entendiendo su forma \u00fanica de recibir amor.","breadcrumb":{"@id":"https:\/\/tzionlibreria.com\/index.php\/product\/los-5-lenguajes-del-amor-de-los-ninos-bolsilibro\/#breadcrumb"},"inLanguage":"es-CO","potentialAction":[{"@type":"ReadAction","target":["https:\/\/tzionlibreria.com\/index.php\/product\/los-5-lenguajes-del-amor-de-los-ninos-bolsilibro\/"]}]},{"@type":"ImageObject","inLanguage":"es-CO","@id":"https:\/\/tzionlibreria.com\/index.php\/product\/los-5-lenguajes-del-amor-de-los-ninos-bolsilibro\/#primaryimage","url":"https:\/\/tzionlibreria.com\/wp-content\/uploads\/2025\/08\/129.png","contentUrl":"https:\/\/tzionlibreria.com\/wp-content\/uploads\/2025\/08\/129.png","width":1080,"height":1080},{"@type":"BreadcrumbList","@id":"https:\/\/tzionlibreria.com\/index.php\/product\/los-5-lenguajes-del-amor-de-los-ninos-bolsilibro\/#breadcrumb","itemListElement":[{"@type":"ListItem","position":1,"name":"Inicio","item":"https:\/\/tzionlibreria.com\/"},{"@type":"ListItem","position":2,"name":"Shop","item":"https:\/\/tzionlibreria.com\/index.php\/shop\/"},{"@type":"ListItem","position":3,"name":"Los 5 lenguajes del amor de los ni\u00f1os &#8211; bolsilibro"}]},{"@type":"WebSite","@id":"https:\/\/tzionlibreria.com\/#website","url":"https:\/\/tzionlibreria.com\/","name":"tzionlibreria.com","description":"Libreria Cristiana Venezuela","publisher":{"@id":"https:\/\/tzionlibreria.com\/#organization"},"potentialAction":[{"@type":"SearchAction","target":{"@type":"EntryPoint","urlTemplate":"https:\/\/tzionlibreria.com\/?s={search_term_string}"},"query-input":{"@type":"PropertyValueSpecification","valueRequired":true,"valueName":"search_term_string"}}],"inLanguage":"es-CO"},{"@type":"Organization","@id":"https:\/\/tzionlibreria.com\/#organization","name":"tzionlibreria.com","url":"https:\/\/tzionlibreria.com\/","logo":{"@type":"ImageObject","inLanguage":"es-CO","@id":"https:\/\/tzionlibreria.com\/#\/schema\/logo\/image\/","url":"https:\/\/tzionlibreria.com\/wp-content\/uploads\/2023\/10\/cropped-Cuadricula-scaled-1.jpg","contentUrl":"https:\/\/tzionlibreria.com\/wp-content\/uploads\/2023\/10\/cropped-Cuadricula-scaled-1.jpg","width":2560,"height":2560,"caption":"tzionlibreria.com"},"image":{"@id":"https:\/\/tzionlibreria.com\/#\/schema\/logo\/image\/"}}]}},"jetpack_sharing_enabled":true,"_links":{"self":[{"href":"https:\/\/tzionlibreria.com\/index.php\/wp-json\/wp\/v2\/product\/5930","targetHints":{"allow":["GET"]}}],"collection":[{"href":"https:\/\/tzionlibreria.com\/index.php\/wp-json\/wp\/v2\/product"}],"about":[{"href":"https:\/\/tzionlibreria.com\/index.php\/wp-json\/wp\/v2\/types\/product"}],"replies":[{"embeddable":true,"href":"https:\/\/tzionlibreria.com\/index.php\/wp-json\/wp\/v2\/comments?post=5930"}],"wp:featuredmedia":[{"embeddable":true,"href":"https:\/\/tzionlibreria.com\/index.php\/wp-json\/wp\/v2\/media\/5931"}],"wp:attachment":[{"href":"https:\/\/tzionlibreria.com\/index.php\/wp-json\/wp\/v2\/media?parent=5930"}],"wp:term":[{"taxonomy":"product_brand","embeddable":true,"href":"https:\/\/tzionlibreria.com\/index.php\/wp-json\/wp\/v2\/product_brand?post=5930"},{"taxonomy":"product_cat","embeddable":true,"href":"https:\/\/tzionlibreria.com\/index.php\/wp-json\/wp\/v2\/product_cat?post=5930"},{"taxonomy":"product_tag","embeddable":true,"href":"https:\/\/tzionlibreria.com\/index.php\/wp-json\/wp\/v2\/product_tag?post=5930"}],"curies":[{"name":"wp","href":"https:\/\/api.w.org\/{rel}","templated":true}]}}