{"id":5936,"date":"2025-08-26T23:12:09","date_gmt":"2025-08-26T23:12:09","guid":{"rendered":"https:\/\/tzionlibreria.com\/?post_type=product&#038;p=5936"},"modified":"2025-08-26T23:12:17","modified_gmt":"2025-08-26T23:12:17","slug":"yo-soy-el-dios-que-transforma-miguel-nunez","status":"publish","type":"product","link":"https:\/\/tzionlibreria.com\/index.php\/product\/yo-soy-el-dios-que-transforma-miguel-nunez\/","title":{"rendered":"Yo Soy &#8211; El Dios que transforma-  Miguel N\u00fa\u00f1ez"},"content":{"rendered":"<p data-start=\"159\" data-end=\"378\"><strong data-start=\"159\" data-end=\"193\">Yo Soy: El Dios que transforma<\/strong> es una obra profunda y reveladora escrita por el pastor y m\u00e9dico <strong data-start=\"259\" data-end=\"275\">Miguel N\u00fa\u00f1ez<\/strong>, que aborda una de las preguntas m\u00e1s trascendentales de la humanidad: <em data-start=\"346\" data-end=\"376\">\u00bfQui\u00e9n es Dios? \u00bfC\u00f3mo es \u00c9l?<\/em><\/p>\n<p data-start=\"380\" data-end=\"645\">A lo largo de la historia, m\u00faltiples te\u00f3logos y pastores han reflexionado sobre los atributos divinos, pero este libro va m\u00e1s all\u00e1: no solo expone qui\u00e9n es Dios, sino que muestra c\u00f3mo el conocimiento de Su car\u00e1cter debe <strong data-start=\"600\" data-end=\"642\">transformar nuestros corazones y vidas<\/strong>.<\/p>\n<p data-start=\"647\" data-end=\"809\">El autor nos recuerda que el conocimiento de Dios no es un fin en s\u00ed mismo, sino el inicio de un proceso de <strong data-start=\"755\" data-end=\"806\">gratitud, adoraci\u00f3n y transformaci\u00f3n espiritual<\/strong>.<\/p>\n<hr data-start=\"811\" data-end=\"814\" \/>\n<h3 data-start=\"816\" data-end=\"835\">\ud83c\udf1f Beneficios<\/h3>\n<p data-start=\"836\" data-end=\"1162\">\u2705 Comprender los <strong data-start=\"853\" data-end=\"874\">atributos de Dios<\/strong> desde una perspectiva b\u00edblica y pastoral.<br data-start=\"916\" data-end=\"919\" \/>\u2705 Descubrir c\u00f3mo este conocimiento produce <strong data-start=\"962\" data-end=\"1001\">cambios reales en la vida cristiana<\/strong>.<br data-start=\"1002\" data-end=\"1005\" \/>\u2705 Crecer en <strong data-start=\"1017\" data-end=\"1045\">gratitud, confianza y fe<\/strong> al conocer mejor al Dios soberano.<br data-start=\"1080\" data-end=\"1083\" \/>\u2705 Recurso ideal para <strong data-start=\"1104\" data-end=\"1159\">discipulado, grupos de estudio o lectura devocional<\/strong>.<\/p>\n<hr data-start=\"1164\" data-end=\"1167\" \/>\n<h3 data-start=\"1169\" data-end=\"1202\">\ud83c\udfaf \u00bfPara qui\u00e9n va dirigido?<\/h3>\n<ul data-start=\"1203\" data-end=\"1526\">\n<li data-start=\"1203\" data-end=\"1284\">\n<p data-start=\"1205\" data-end=\"1284\">Creyentes que desean profundizar en el <strong data-start=\"1244\" data-end=\"1281\">conocimiento del car\u00e1cter de Dios<\/strong>.<\/p>\n<\/li>\n<li data-start=\"1285\" data-end=\"1364\">\n<p data-start=\"1287\" data-end=\"1364\">Estudiantes de teolog\u00eda y l\u00edderes espirituales que buscan recursos s\u00f3lidos.<\/p>\n<\/li>\n<li data-start=\"1365\" data-end=\"1431\">\n<p data-start=\"1367\" data-end=\"1431\">Iglesias y grupos peque\u00f1os que estudian los atributos divinos.<\/p>\n<\/li>\n<li data-start=\"1432\" data-end=\"1526\">\n<p data-start=\"1434\" data-end=\"1526\">Toda persona que anhele una <strong data-start=\"1462\" data-end=\"1501\">transformaci\u00f3n espiritual aut\u00e9ntica<\/strong> al conocer m\u00e1s a Dios.<\/p>\n<\/li>\n<\/ul>\n<hr data-start=\"1528\" data-end=\"1531\" \/>\n<p data-start=\"1533\" data-end=\"1555\">\ud83d\udccc <strong data-start=\"1536\" data-end=\"1553\">Ficha t\u00e9cnica<\/strong><\/p>\n<ul data-start=\"1556\" data-end=\"1822\">\n<li data-start=\"1556\" data-end=\"1582\">\n<p data-start=\"1558\" data-end=\"1582\">\u270d\ufe0f Autor: Miguel N\u00fa\u00f1ez<\/p>\n<\/li>\n<li data-start=\"1583\" data-end=\"1602\">\n<p data-start=\"1585\" data-end=\"1602\">\ud83d\udcda P\u00e1ginas: 240<\/p>\n<\/li>\n<li data-start=\"1603\" data-end=\"1629\">\n<p data-start=\"1605\" data-end=\"1629\">\ud83d\udcd6 ISBN: 9781087739236<\/p>\n<\/li>\n<li data-start=\"1630\" data-end=\"1667\">\n<p data-start=\"1632\" data-end=\"1667\">\ud83d\udcd1 Editorial \/ Productor: Lifeway<\/p>\n<\/li>\n<li data-start=\"1668\" data-end=\"1705\">\n<p data-start=\"1670\" data-end=\"1705\">\ud83d\udcd0 Dimensiones: 140 x 210 x 30 mm<\/p>\n<\/li>\n<li data-start=\"1706\" data-end=\"1727\">\n<p data-start=\"1708\" data-end=\"1727\">\u2696\ufe0f Peso: 0,250 kg<\/p>\n<\/li>\n<li data-start=\"1728\" data-end=\"1758\">\n<p data-start=\"1730\" data-end=\"1758\">\ud83d\udcd5 Encuadernaci\u00f3n: R\u00fastica<\/p>\n<\/li>\n<li data-start=\"1759\" data-end=\"1799\">\n<p data-start=\"1761\" data-end=\"1799\">\ud83d\udcc5 Lanzamiento: 15 de agosto de 2024<\/p>\n<\/li>\n<li data-start=\"1800\" data-end=\"1822\">\n<p data-start=\"1802\" data-end=\"1822\">\ud83c\udf0e Idioma: Espa\u00f1ol<\/p>\n<\/li>\n<\/ul>\n<hr data-start=\"1824\" data-end=\"1827\" \/>\n<p data-start=\"1829\" data-end=\"2026\">\ud83d\udc49 Con <strong data-start=\"1836\" data-end=\"1870\">Yo Soy: El Dios que transforma<\/strong>, Miguel N\u00fa\u00f1ez nos invita a conocer m\u00e1s a fondo al Dios eterno, para que ese conocimiento no solo llegue a la mente, sino transforme por completo la vida.<\/p>\n","protected":false},"excerpt":{"rendered":"<p>Yo Soy: El Dios que transforma es una obra profunda y reveladora escrita por el pastor y m\u00e9dico Miguel N\u00fa\u00f1ez, que aborda una de las preguntas m\u00e1s trascendentales de la humanidad: \u00bfQui\u00e9n es Dios? \u00bfC\u00f3mo es \u00c9l? A lo largo de la historia, m\u00faltiples te\u00f3logos y pastores han reflexionado sobre los atributos divinos, pero este [&hellip;]<\/p>\n","protected":false},"featured_media":5937,"comment_status":"open","ping_status":"closed","template":"","meta":{"om_disable_all_campaigns":false,"_monsterinsights_skip_tracking":false,"_monsterinsights_sitenote_active":false,"_monsterinsights_sitenote_note":"","_monsterinsights_sitenote_category":0,"site-sidebar-layout":"default","site-content-layout":"","ast-site-content-layout":"default","site-content-style":"default","site-sidebar-style":"default","ast-global-header-display":"","ast-banner-title-visibility":"","ast-main-header-display":"","ast-hfb-above-header-display":"","ast-hfb-below-header-display":"","ast-hfb-mobile-header-display":"","site-post-title":"","ast-breadcrumbs-content":"","ast-featured-img":"","footer-sml-layout":"","ast-disable-related-posts":"","theme-transparent-header-meta":"default","adv-header-id-meta":"","stick-header-meta":"","header-above-stick-meta":"","header-main-stick-meta":"","header-below-stick-meta":"","astra-migrate-meta-layouts":"set","ast-page-background-enabled":"default","ast-page-background-meta":{"desktop":{"background-color":"var(--ast-global-color-4)","background-image":"","background-repeat":"repeat","background-position":"center center","background-size":"auto","background-attachment":"scroll","background-type":"","background-media":"","overlay-type":"","overlay-color":"","overlay-opacity":"","overlay-gradient":""},"tablet":{"background-color":"","background-image":"","background-repeat":"repeat","background-position":"center center","background-size":"auto","background-attachment":"scroll","background-type":"","background-media":"","overlay-type":"","overlay-color":"","overlay-opacity":"","overlay-gradient":""},"mobile":{"background-color":"","background-image":"","background-repeat":"repeat","background-position":"center center","background-size":"auto","background-attachment":"scroll","background-type":"","background-media":"","overlay-type":"","overlay-color":"","overlay-opacity":"","overlay-gradient":""}},"ast-content-background-meta":{"desktop":{"background-color":"var(--ast-global-color-5)","background-image":"","background-repeat":"repeat","background-position":"center center","background-size":"auto","background-attachment":"scroll","background-type":"","background-media":"","overlay-type":"","overlay-color":"","overlay-opacity":"","overlay-gradient":""},"tablet":{"background-color":"var(--ast-global-color-5)","background-image":"","background-repeat":"repeat","background-position":"center center","background-size":"auto","background-attachment":"scroll","background-type":"","background-media":"","overlay-type":"","overlay-color":"","overlay-opacity":"","overlay-gradient":""},"mobile":{"background-color":"var(--ast-global-color-5)","background-image":"","background-repeat":"repeat","background-position":"center center","background-size":"auto","background-attachment":"scroll","background-type":"","background-media":"","overlay-type":"","overlay-color":"","overlay-opacity":"","overlay-gradient":""}}},"product_brand":[],"product_cat":[165,169,174,173,23,175],"product_tag":[],"class_list":{"0":"post-5936","1":"product","2":"type-product","3":"status-publish","4":"has-post-thumbnail","6":"product_cat-adoracion","7":"product_cat-hombres","8":"product_cat-iglesia","9":"product_cat-jovenes","10":"product_cat-libros","11":"product_cat-liderazgo","12":"desktop-align-left","13":"tablet-align-left","14":"mobile-align-left","16":"first","17":"instock","18":"shipping-taxable","19":"purchasable","20":"product-type-simple"},"yoast_head":"<!-- This site is optimized with the Yoast SEO plugin v27.4 - https:\/\/yoast.com\/product\/yoast-seo-wordpress\/ -->\n<title>Yo Soy - El Dios que transforma- Miguel N\u00fa\u00f1ez - tzionlibreria.com<\/title>\n<meta name=\"description\" content=\"Con Yo Soy: El Dios que transforma, Miguel N\u00fa\u00f1ez nos invita a conocer m\u00e1s a fondo al Dios eterno, para que ese conocimiento no solo llegue a la mente.\" \/>\n<meta name=\"robots\" content=\"index, follow, max-snippet:-1, max-image-preview:large, max-video-preview:-1\" \/>\n<link rel=\"canonical\" href=\"https:\/\/tzionlibreria.com\/index.php\/product\/yo-soy-el-dios-que-transforma-miguel-nunez\/\" \/>\n<meta property=\"og:locale\" content=\"es_ES\" \/>\n<meta property=\"og:type\" content=\"article\" \/>\n<meta property=\"og:title\" content=\"Yo Soy - El Dios que transforma- Miguel N\u00fa\u00f1ez - tzionlibreria.com\" \/>\n<meta property=\"og:description\" content=\"Con Yo Soy: El Dios que transforma, Miguel N\u00fa\u00f1ez nos invita a conocer m\u00e1s a fondo al Dios eterno, para que ese conocimiento no solo llegue a la mente.\" \/>\n<meta property=\"og:url\" content=\"https:\/\/tzionlibreria.com\/index.php\/product\/yo-soy-el-dios-que-transforma-miguel-nunez\/\" \/>\n<meta property=\"og:site_name\" content=\"tzionlibreria.com\" \/>\n<meta property=\"article:modified_time\" content=\"2025-08-26T23:12:17+00:00\" \/>\n<meta property=\"og:image\" content=\"http:\/\/tzionlibreria.com\/wp-content\/uploads\/2025\/08\/130.png\" \/>\n\t<meta property=\"og:image:width\" content=\"1080\" \/>\n\t<meta property=\"og:image:height\" content=\"1080\" \/>\n\t<meta property=\"og:image:type\" content=\"image\/png\" \/>\n<meta name=\"twitter:card\" content=\"summary_large_image\" \/>\n<meta name=\"twitter:label1\" content=\"Tiempo de lectura\" \/>\n\t<meta name=\"twitter:data1\" content=\"2 minutos\" \/>\n<script type=\"application\/ld+json\" class=\"yoast-schema-graph\">{\"@context\":\"https:\\\/\\\/schema.org\",\"@graph\":[{\"@type\":\"WebPage\",\"@id\":\"https:\\\/\\\/tzionlibreria.com\\\/index.php\\\/product\\\/yo-soy-el-dios-que-transforma-miguel-nunez\\\/\",\"url\":\"https:\\\/\\\/tzionlibreria.com\\\/index.php\\\/product\\\/yo-soy-el-dios-que-transforma-miguel-nunez\\\/\",\"name\":\"Yo Soy - El Dios que transforma- Miguel N\u00fa\u00f1ez - tzionlibreria.com\",\"isPartOf\":{\"@id\":\"https:\\\/\\\/tzionlibreria.com\\\/#website\"},\"primaryImageOfPage\":{\"@id\":\"https:\\\/\\\/tzionlibreria.com\\\/index.php\\\/product\\\/yo-soy-el-dios-que-transforma-miguel-nunez\\\/#primaryimage\"},\"image\":{\"@id\":\"https:\\\/\\\/tzionlibreria.com\\\/index.php\\\/product\\\/yo-soy-el-dios-que-transforma-miguel-nunez\\\/#primaryimage\"},\"thumbnailUrl\":\"https:\\\/\\\/tzionlibreria.com\\\/wp-content\\\/uploads\\\/2025\\\/08\\\/130.png\",\"datePublished\":\"2025-08-26T23:12:09+00:00\",\"dateModified\":\"2025-08-26T23:12:17+00:00\",\"description\":\"Con Yo Soy: El Dios que transforma, Miguel N\u00fa\u00f1ez nos invita a conocer m\u00e1s a fondo al Dios eterno, para que ese conocimiento no solo llegue a la mente.\",\"breadcrumb\":{\"@id\":\"https:\\\/\\\/tzionlibreria.com\\\/index.php\\\/product\\\/yo-soy-el-dios-que-transforma-miguel-nunez\\\/#breadcrumb\"},\"inLanguage\":\"es-CO\",\"potentialAction\":[{\"@type\":\"ReadAction\",\"target\":[\"https:\\\/\\\/tzionlibreria.com\\\/index.php\\\/product\\\/yo-soy-el-dios-que-transforma-miguel-nunez\\\/\"]}]},{\"@type\":\"ImageObject\",\"inLanguage\":\"es-CO\",\"@id\":\"https:\\\/\\\/tzionlibreria.com\\\/index.php\\\/product\\\/yo-soy-el-dios-que-transforma-miguel-nunez\\\/#primaryimage\",\"url\":\"https:\\\/\\\/tzionlibreria.com\\\/wp-content\\\/uploads\\\/2025\\\/08\\\/130.png\",\"contentUrl\":\"https:\\\/\\\/tzionlibreria.com\\\/wp-content\\\/uploads\\\/2025\\\/08\\\/130.png\",\"width\":1080,\"height\":1080},{\"@type\":\"BreadcrumbList\",\"@id\":\"https:\\\/\\\/tzionlibreria.com\\\/index.php\\\/product\\\/yo-soy-el-dios-que-transforma-miguel-nunez\\\/#breadcrumb\",\"itemListElement\":[{\"@type\":\"ListItem\",\"position\":1,\"name\":\"Inicio\",\"item\":\"https:\\\/\\\/tzionlibreria.com\\\/\"},{\"@type\":\"ListItem\",\"position\":2,\"name\":\"Shop\",\"item\":\"https:\\\/\\\/tzionlibreria.com\\\/index.php\\\/shop\\\/\"},{\"@type\":\"ListItem\",\"position\":3,\"name\":\"Yo Soy &#8211; El Dios que transforma- Miguel N\u00fa\u00f1ez\"}]},{\"@type\":\"WebSite\",\"@id\":\"https:\\\/\\\/tzionlibreria.com\\\/#website\",\"url\":\"https:\\\/\\\/tzionlibreria.com\\\/\",\"name\":\"tzionlibreria.com\",\"description\":\"Libreria Cristiana Venezuela\",\"publisher\":{\"@id\":\"https:\\\/\\\/tzionlibreria.com\\\/#organization\"},\"potentialAction\":[{\"@type\":\"SearchAction\",\"target\":{\"@type\":\"EntryPoint\",\"urlTemplate\":\"https:\\\/\\\/tzionlibreria.com\\\/?s={search_term_string}\"},\"query-input\":{\"@type\":\"PropertyValueSpecification\",\"valueRequired\":true,\"valueName\":\"search_term_string\"}}],\"inLanguage\":\"es-CO\"},{\"@type\":\"Organization\",\"@id\":\"https:\\\/\\\/tzionlibreria.com\\\/#organization\",\"name\":\"tzionlibreria.com\",\"url\":\"https:\\\/\\\/tzionlibreria.com\\\/\",\"logo\":{\"@type\":\"ImageObject\",\"inLanguage\":\"es-CO\",\"@id\":\"https:\\\/\\\/tzionlibreria.com\\\/#\\\/schema\\\/logo\\\/image\\\/\",\"url\":\"https:\\\/\\\/tzionlibreria.com\\\/wp-content\\\/uploads\\\/2023\\\/10\\\/cropped-Cuadricula-scaled-1.jpg\",\"contentUrl\":\"https:\\\/\\\/tzionlibreria.com\\\/wp-content\\\/uploads\\\/2023\\\/10\\\/cropped-Cuadricula-scaled-1.jpg\",\"width\":2560,\"height\":2560,\"caption\":\"tzionlibreria.com\"},\"image\":{\"@id\":\"https:\\\/\\\/tzionlibreria.com\\\/#\\\/schema\\\/logo\\\/image\\\/\"}}]}<\/script>\n<!-- \/ Yoast SEO plugin. -->","yoast_head_json":{"title":"Yo Soy - El Dios que transforma- Miguel N\u00fa\u00f1ez - tzionlibreria.com","description":"Con Yo Soy: El Dios que transforma, Miguel N\u00fa\u00f1ez nos invita a conocer m\u00e1s a fondo al Dios eterno, para que ese conocimiento no solo llegue a la mente.","robots":{"index":"index","follow":"follow","max-snippet":"max-snippet:-1","max-image-preview":"max-image-preview:large","max-video-preview":"max-video-preview:-1"},"canonical":"https:\/\/tzionlibreria.com\/index.php\/product\/yo-soy-el-dios-que-transforma-miguel-nunez\/","og_locale":"es_ES","og_type":"article","og_title":"Yo Soy - El Dios que transforma- Miguel N\u00fa\u00f1ez - tzionlibreria.com","og_description":"Con Yo Soy: El Dios que transforma, Miguel N\u00fa\u00f1ez nos invita a conocer m\u00e1s a fondo al Dios eterno, para que ese conocimiento no solo llegue a la mente.","og_url":"https:\/\/tzionlibreria.com\/index.php\/product\/yo-soy-el-dios-que-transforma-miguel-nunez\/","og_site_name":"tzionlibreria.com","article_modified_time":"2025-08-26T23:12:17+00:00","og_image":[{"width":1080,"height":1080,"url":"http:\/\/tzionlibreria.com\/wp-content\/uploads\/2025\/08\/130.png","type":"image\/png"}],"twitter_card":"summary_large_image","twitter_misc":{"Tiempo de lectura":"2 minutos"},"schema":{"@context":"https:\/\/schema.org","@graph":[{"@type":"WebPage","@id":"https:\/\/tzionlibreria.com\/index.php\/product\/yo-soy-el-dios-que-transforma-miguel-nunez\/","url":"https:\/\/tzionlibreria.com\/index.php\/product\/yo-soy-el-dios-que-transforma-miguel-nunez\/","name":"Yo Soy - El Dios que transforma- Miguel N\u00fa\u00f1ez - tzionlibreria.com","isPartOf":{"@id":"https:\/\/tzionlibreria.com\/#website"},"primaryImageOfPage":{"@id":"https:\/\/tzionlibreria.com\/index.php\/product\/yo-soy-el-dios-que-transforma-miguel-nunez\/#primaryimage"},"image":{"@id":"https:\/\/tzionlibreria.com\/index.php\/product\/yo-soy-el-dios-que-transforma-miguel-nunez\/#primaryimage"},"thumbnailUrl":"https:\/\/tzionlibreria.com\/wp-content\/uploads\/2025\/08\/130.png","datePublished":"2025-08-26T23:12:09+00:00","dateModified":"2025-08-26T23:12:17+00:00","description":"Con Yo Soy: El Dios que transforma, Miguel N\u00fa\u00f1ez nos invita a conocer m\u00e1s a fondo al Dios eterno, para que ese conocimiento no solo llegue a la mente.","breadcrumb":{"@id":"https:\/\/tzionlibreria.com\/index.php\/product\/yo-soy-el-dios-que-transforma-miguel-nunez\/#breadcrumb"},"inLanguage":"es-CO","potentialAction":[{"@type":"ReadAction","target":["https:\/\/tzionlibreria.com\/index.php\/product\/yo-soy-el-dios-que-transforma-miguel-nunez\/"]}]},{"@type":"ImageObject","inLanguage":"es-CO","@id":"https:\/\/tzionlibreria.com\/index.php\/product\/yo-soy-el-dios-que-transforma-miguel-nunez\/#primaryimage","url":"https:\/\/tzionlibreria.com\/wp-content\/uploads\/2025\/08\/130.png","contentUrl":"https:\/\/tzionlibreria.com\/wp-content\/uploads\/2025\/08\/130.png","width":1080,"height":1080},{"@type":"BreadcrumbList","@id":"https:\/\/tzionlibreria.com\/index.php\/product\/yo-soy-el-dios-que-transforma-miguel-nunez\/#breadcrumb","itemListElement":[{"@type":"ListItem","position":1,"name":"Inicio","item":"https:\/\/tzionlibreria.com\/"},{"@type":"ListItem","position":2,"name":"Shop","item":"https:\/\/tzionlibreria.com\/index.php\/shop\/"},{"@type":"ListItem","position":3,"name":"Yo Soy &#8211; El Dios que transforma- Miguel N\u00fa\u00f1ez"}]},{"@type":"WebSite","@id":"https:\/\/tzionlibreria.com\/#website","url":"https:\/\/tzionlibreria.com\/","name":"tzionlibreria.com","description":"Libreria Cristiana Venezuela","publisher":{"@id":"https:\/\/tzionlibreria.com\/#organization"},"potentialAction":[{"@type":"SearchAction","target":{"@type":"EntryPoint","urlTemplate":"https:\/\/tzionlibreria.com\/?s={search_term_string}"},"query-input":{"@type":"PropertyValueSpecification","valueRequired":true,"valueName":"search_term_string"}}],"inLanguage":"es-CO"},{"@type":"Organization","@id":"https:\/\/tzionlibreria.com\/#organization","name":"tzionlibreria.com","url":"https:\/\/tzionlibreria.com\/","logo":{"@type":"ImageObject","inLanguage":"es-CO","@id":"https:\/\/tzionlibreria.com\/#\/schema\/logo\/image\/","url":"https:\/\/tzionlibreria.com\/wp-content\/uploads\/2023\/10\/cropped-Cuadricula-scaled-1.jpg","contentUrl":"https:\/\/tzionlibreria.com\/wp-content\/uploads\/2023\/10\/cropped-Cuadricula-scaled-1.jpg","width":2560,"height":2560,"caption":"tzionlibreria.com"},"image":{"@id":"https:\/\/tzionlibreria.com\/#\/schema\/logo\/image\/"}}]}},"jetpack_sharing_enabled":true,"_links":{"self":[{"href":"https:\/\/tzionlibreria.com\/index.php\/wp-json\/wp\/v2\/product\/5936","targetHints":{"allow":["GET"]}}],"collection":[{"href":"https:\/\/tzionlibreria.com\/index.php\/wp-json\/wp\/v2\/product"}],"about":[{"href":"https:\/\/tzionlibreria.com\/index.php\/wp-json\/wp\/v2\/types\/product"}],"replies":[{"embeddable":true,"href":"https:\/\/tzionlibreria.com\/index.php\/wp-json\/wp\/v2\/comments?post=5936"}],"wp:featuredmedia":[{"embeddable":true,"href":"https:\/\/tzionlibreria.com\/index.php\/wp-json\/wp\/v2\/media\/5937"}],"wp:attachment":[{"href":"https:\/\/tzionlibreria.com\/index.php\/wp-json\/wp\/v2\/media?parent=5936"}],"wp:term":[{"taxonomy":"product_brand","embeddable":true,"href":"https:\/\/tzionlibreria.com\/index.php\/wp-json\/wp\/v2\/product_brand?post=5936"},{"taxonomy":"product_cat","embeddable":true,"href":"https:\/\/tzionlibreria.com\/index.php\/wp-json\/wp\/v2\/product_cat?post=5936"},{"taxonomy":"product_tag","embeddable":true,"href":"https:\/\/tzionlibreria.com\/index.php\/wp-json\/wp\/v2\/product_tag?post=5936"}],"curies":[{"name":"wp","href":"https:\/\/api.w.org\/{rel}","templated":true}]}}