{"id":5972,"date":"2025-08-27T00:21:13","date_gmt":"2025-08-27T00:21:13","guid":{"rendered":"https:\/\/tzionlibreria.com\/?post_type=product&#038;p=5972"},"modified":"2025-09-25T23:08:12","modified_gmt":"2025-09-25T23:08:12","slug":"cartilla-lettering-proverbios-arte-y-palabra","status":"publish","type":"product","link":"https:\/\/tzionlibreria.com\/index.php\/product\/cartilla-lettering-proverbios-arte-y-palabra\/","title":{"rendered":"Cartilla Lettering \/ Proverbios &#8211; Arte y Palabra"},"content":{"rendered":"<p data-start=\"127\" data-end=\"504\"><strong data-start=\"127\" data-end=\"147\">\u201cArte y Palabra\u201d<\/strong> es un libro \u00fanico que re\u00fane el texto completo de los <strong data-start=\"201\" data-end=\"226\">Proverbios de Salom\u00f3n<\/strong> en la <strong data-start=\"233\" data-end=\"272\">Traducci\u00f3n en Lenguaje Actual (TLA)<\/strong>, presentado de manera pr\u00e1ctica y creativa. Esta obra invita a acercarse a Dios desde una perspectiva diferente, brindando la oportunidad de <strong data-start=\"413\" data-end=\"448\">leer, reflexionar e interactuar<\/strong> con la Palabra de una forma din\u00e1mica y enriquecedora.<\/p>\n<p data-start=\"506\" data-end=\"715\">Con un dise\u00f1o especial y en un formato ligero, este libro se convierte en una herramienta ideal para quienes desean crecer en sabidur\u00eda y amor, inspir\u00e1ndose cada d\u00eda en las ense\u00f1anzas del Antiguo Testamento.<\/p>\n<hr data-start=\"717\" data-end=\"720\" \/>\n<h3 data-start=\"722\" data-end=\"741\">\ud83c\udf1f Beneficios<\/h3>\n<ul data-start=\"742\" data-end=\"1252\">\n<li data-start=\"742\" data-end=\"840\">\n<p data-start=\"744\" data-end=\"840\"><strong data-start=\"744\" data-end=\"780\">Interacci\u00f3n con el texto b\u00edblico<\/strong>: fomenta la lectura activa y reflexiva de los Proverbios.<\/p>\n<\/li>\n<li data-start=\"841\" data-end=\"968\">\n<p data-start=\"843\" data-end=\"968\"><strong data-start=\"843\" data-end=\"873\">Lenguaje claro y accesible<\/strong>: presentado en Traducci\u00f3n en Lenguaje Actual (TLA), f\u00e1cil de entender para todas las edades.<\/p>\n<\/li>\n<li data-start=\"969\" data-end=\"1062\">\n<p data-start=\"971\" data-end=\"1062\"><strong data-start=\"971\" data-end=\"997\">Crecimiento espiritual<\/strong>: ayuda a aplicar la sabidur\u00eda de la Palabra en la vida diaria.<\/p>\n<\/li>\n<li data-start=\"1063\" data-end=\"1164\">\n<p data-start=\"1065\" data-end=\"1164\"><strong data-start=\"1065\" data-end=\"1094\">Formato pr\u00e1ctico y ligero<\/strong>: con solo 56 p\u00e1ginas, es f\u00e1cil de portar y usar en cualquier lugar.<\/p>\n<\/li>\n<li data-start=\"1165\" data-end=\"1252\">\n<p data-start=\"1167\" data-end=\"1252\"><strong data-start=\"1167\" data-end=\"1191\">Inspiraci\u00f3n creativa<\/strong>: estimula a leer y meditar de manera personal y art\u00edstica.<\/p>\n<\/li>\n<\/ul>\n<hr data-start=\"1254\" data-end=\"1257\" \/>\n<h3 data-start=\"1259\" data-end=\"1292\">\ud83c\udfaf \u00bfPara qui\u00e9n va dirigido?<\/h3>\n<ul data-start=\"1293\" data-end=\"1662\">\n<li data-start=\"1293\" data-end=\"1381\">\n<p data-start=\"1295\" data-end=\"1381\">J\u00f3venes y adultos que buscan <strong data-start=\"1324\" data-end=\"1378\">acercarse a la Biblia de forma pr\u00e1ctica y creativa<\/strong>.<\/p>\n<\/li>\n<li data-start=\"1382\" data-end=\"1468\">\n<p data-start=\"1384\" data-end=\"1468\">Personas que desean <strong data-start=\"1404\" data-end=\"1444\">reflexionar y aplicar los Proverbios<\/strong> en su vida cotidiana.<\/p>\n<\/li>\n<li data-start=\"1469\" data-end=\"1578\">\n<p data-start=\"1471\" data-end=\"1578\">Ministerios e iglesias que busquen un recurso <strong data-start=\"1517\" data-end=\"1575\">econ\u00f3mico y sencillo para discipulado o evangelizaci\u00f3n<\/strong>.<\/p>\n<\/li>\n<li data-start=\"1579\" data-end=\"1662\">\n<p data-start=\"1581\" data-end=\"1662\">Todo aquel que anhele crecer en <strong data-start=\"1613\" data-end=\"1659\">sabidur\u00eda, amor y entendimiento espiritual<\/strong>.<\/p>\n<\/li>\n<\/ul>\n<hr data-start=\"1664\" data-end=\"1667\" \/>\n<p data-start=\"1669\" data-end=\"1691\">\ud83d\udccc <strong data-start=\"1672\" data-end=\"1689\">Ficha t\u00e9cnica<\/strong><\/p>\n<ul data-start=\"1692\" data-end=\"1886\">\n<li data-start=\"1692\" data-end=\"1746\">\n<p data-start=\"1694\" data-end=\"1746\">\u270d\ufe0f Contenido: Proverbios (Antiguo Testamento, TLA)<\/p>\n<\/li>\n<li data-start=\"1747\" data-end=\"1765\">\n<p data-start=\"1749\" data-end=\"1765\">\ud83d\udcda P\u00e1ginas: 56<\/p>\n<\/li>\n<li data-start=\"1766\" data-end=\"1792\">\n<p data-start=\"1768\" data-end=\"1792\">\ud83d\udcd6 ISBN: 9789587457575<\/p>\n<\/li>\n<li data-start=\"1793\" data-end=\"1832\">\n<p data-start=\"1795\" data-end=\"1832\">\ud83d\udcd0 Formato: 15 gr. papel Propalcote<\/p>\n<\/li>\n<li data-start=\"1833\" data-end=\"1863\">\n<p data-start=\"1835\" data-end=\"1863\">\ud83d\udcd5 Encuadernaci\u00f3n: R\u00fastica<\/p>\n<\/li>\n<li data-start=\"1864\" data-end=\"1886\">\n<p data-start=\"1866\" data-end=\"1886\">\ud83c\udf0e Idioma: Espa\u00f1ol<\/p>\n<\/li>\n<\/ul>\n<hr data-start=\"1888\" data-end=\"1891\" \/>\n<p data-start=\"1893\" data-end=\"2017\">\ud83d\udc49 Con <strong data-start=\"1900\" data-end=\"1920\">\u201cArte y Palabra\u201d<\/strong>, cada proverbio se convierte en una oportunidad para <strong data-start=\"1974\" data-end=\"2014\">crear, meditar y transformar tu vida<\/strong>.<\/p>\n","protected":false},"excerpt":{"rendered":"<p>\u201cArte y Palabra\u201d es un libro \u00fanico que re\u00fane el texto completo de los Proverbios de Salom\u00f3n en la Traducci\u00f3n en Lenguaje Actual (TLA), presentado de manera pr\u00e1ctica y creativa. Esta obra invita a acercarse a Dios desde una perspectiva diferente, brindando la oportunidad de leer, reflexionar e interactuar con la Palabra de una forma [&hellip;]<\/p>\n","protected":false},"featured_media":5973,"comment_status":"open","ping_status":"closed","template":"","meta":{"om_disable_all_campaigns":false,"_monsterinsights_skip_tracking":false,"_monsterinsights_sitenote_active":false,"_monsterinsights_sitenote_note":"","_monsterinsights_sitenote_category":0,"site-sidebar-layout":"default","site-content-layout":"","ast-site-content-layout":"default","site-content-style":"default","site-sidebar-style":"default","ast-global-header-display":"","ast-banner-title-visibility":"","ast-main-header-display":"","ast-hfb-above-header-display":"","ast-hfb-below-header-display":"","ast-hfb-mobile-header-display":"","site-post-title":"","ast-breadcrumbs-content":"","ast-featured-img":"","footer-sml-layout":"","ast-disable-related-posts":"","theme-transparent-header-meta":"default","adv-header-id-meta":"","stick-header-meta":"","header-above-stick-meta":"","header-main-stick-meta":"","header-below-stick-meta":"","astra-migrate-meta-layouts":"set","ast-page-background-enabled":"default","ast-page-background-meta":{"desktop":{"background-color":"var(--ast-global-color-4)","background-image":"","background-repeat":"repeat","background-position":"center center","background-size":"auto","background-attachment":"scroll","background-type":"","background-media":"","overlay-type":"","overlay-color":"","overlay-opacity":"","overlay-gradient":""},"tablet":{"background-color":"","background-image":"","background-repeat":"repeat","background-position":"center center","background-size":"auto","background-attachment":"scroll","background-type":"","background-media":"","overlay-type":"","overlay-color":"","overlay-opacity":"","overlay-gradient":""},"mobile":{"background-color":"","background-image":"","background-repeat":"repeat","background-position":"center center","background-size":"auto","background-attachment":"scroll","background-type":"","background-media":"","overlay-type":"","overlay-color":"","overlay-opacity":"","overlay-gradient":""}},"ast-content-background-meta":{"desktop":{"background-color":"var(--ast-global-color-5)","background-image":"","background-repeat":"repeat","background-position":"center center","background-size":"auto","background-attachment":"scroll","background-type":"","background-media":"","overlay-type":"","overlay-color":"","overlay-opacity":"","overlay-gradient":""},"tablet":{"background-color":"var(--ast-global-color-5)","background-image":"","background-repeat":"repeat","background-position":"center center","background-size":"auto","background-attachment":"scroll","background-type":"","background-media":"","overlay-type":"","overlay-color":"","overlay-opacity":"","overlay-gradient":""},"mobile":{"background-color":"var(--ast-global-color-5)","background-image":"","background-repeat":"repeat","background-position":"center center","background-size":"auto","background-attachment":"scroll","background-type":"","background-media":"","overlay-type":"","overlay-color":"","overlay-opacity":"","overlay-gradient":""}}},"product_brand":[],"product_cat":[313,25],"product_tag":[],"class_list":{"0":"post-5972","1":"product","2":"type-product","3":"status-publish","4":"has-post-thumbnail","6":"product_cat-colorear","7":"product_cat-kids","8":"desktop-align-left","9":"tablet-align-left","10":"mobile-align-left","12":"first","13":"outofstock","14":"shipping-taxable","15":"purchasable","16":"product-type-simple"},"yoast_head":"<!-- This site is optimized with the Yoast SEO plugin v27.4 - https:\/\/yoast.com\/product\/yoast-seo-wordpress\/ -->\n<title>Cartilla Lettering \/ Proverbios - Arte y Palabra - tzionlibreria.com<\/title>\n<meta name=\"description\" content=\"Con \u201cArte y Palabra\u201d, cada proverbio se convierte en una oportunidad para crear, meditar y transformar tu vida. Ideal para crecer en sabidur\u00eda y amor.\" \/>\n<meta name=\"robots\" content=\"index, follow, max-snippet:-1, max-image-preview:large, max-video-preview:-1\" \/>\n<link rel=\"canonical\" href=\"https:\/\/tzionlibreria.com\/index.php\/product\/cartilla-lettering-proverbios-arte-y-palabra\/\" \/>\n<meta property=\"og:locale\" content=\"es_ES\" \/>\n<meta property=\"og:type\" content=\"article\" \/>\n<meta property=\"og:title\" content=\"Cartilla Lettering \/ Proverbios - Arte y Palabra - tzionlibreria.com\" \/>\n<meta property=\"og:description\" content=\"Con \u201cArte y Palabra\u201d, cada proverbio se convierte en una oportunidad para crear, meditar y transformar tu vida. Ideal para crecer en sabidur\u00eda y amor.\" \/>\n<meta property=\"og:url\" content=\"https:\/\/tzionlibreria.com\/index.php\/product\/cartilla-lettering-proverbios-arte-y-palabra\/\" \/>\n<meta property=\"og:site_name\" content=\"tzionlibreria.com\" \/>\n<meta property=\"article:modified_time\" content=\"2025-09-25T23:08:12+00:00\" \/>\n<meta property=\"og:image\" content=\"http:\/\/tzionlibreria.com\/wp-content\/uploads\/2025\/08\/133.png\" \/>\n\t<meta property=\"og:image:width\" content=\"1080\" \/>\n\t<meta property=\"og:image:height\" content=\"1080\" \/>\n\t<meta property=\"og:image:type\" content=\"image\/png\" \/>\n<meta name=\"twitter:card\" content=\"summary_large_image\" \/>\n<meta name=\"twitter:label1\" content=\"Tiempo de lectura\" \/>\n\t<meta name=\"twitter:data1\" content=\"2 minutos\" \/>\n<script type=\"application\/ld+json\" class=\"yoast-schema-graph\">{\"@context\":\"https:\\\/\\\/schema.org\",\"@graph\":[{\"@type\":\"WebPage\",\"@id\":\"https:\\\/\\\/tzionlibreria.com\\\/index.php\\\/product\\\/cartilla-lettering-proverbios-arte-y-palabra\\\/\",\"url\":\"https:\\\/\\\/tzionlibreria.com\\\/index.php\\\/product\\\/cartilla-lettering-proverbios-arte-y-palabra\\\/\",\"name\":\"Cartilla Lettering \\\/ Proverbios - Arte y Palabra - tzionlibreria.com\",\"isPartOf\":{\"@id\":\"https:\\\/\\\/tzionlibreria.com\\\/#website\"},\"primaryImageOfPage\":{\"@id\":\"https:\\\/\\\/tzionlibreria.com\\\/index.php\\\/product\\\/cartilla-lettering-proverbios-arte-y-palabra\\\/#primaryimage\"},\"image\":{\"@id\":\"https:\\\/\\\/tzionlibreria.com\\\/index.php\\\/product\\\/cartilla-lettering-proverbios-arte-y-palabra\\\/#primaryimage\"},\"thumbnailUrl\":\"https:\\\/\\\/tzionlibreria.com\\\/wp-content\\\/uploads\\\/2025\\\/08\\\/133.png\",\"datePublished\":\"2025-08-27T00:21:13+00:00\",\"dateModified\":\"2025-09-25T23:08:12+00:00\",\"description\":\"Con \u201cArte y Palabra\u201d, cada proverbio se convierte en una oportunidad para crear, meditar y transformar tu vida. Ideal para crecer en sabidur\u00eda y amor.\",\"breadcrumb\":{\"@id\":\"https:\\\/\\\/tzionlibreria.com\\\/index.php\\\/product\\\/cartilla-lettering-proverbios-arte-y-palabra\\\/#breadcrumb\"},\"inLanguage\":\"es-CO\",\"potentialAction\":[{\"@type\":\"ReadAction\",\"target\":[\"https:\\\/\\\/tzionlibreria.com\\\/index.php\\\/product\\\/cartilla-lettering-proverbios-arte-y-palabra\\\/\"]}]},{\"@type\":\"ImageObject\",\"inLanguage\":\"es-CO\",\"@id\":\"https:\\\/\\\/tzionlibreria.com\\\/index.php\\\/product\\\/cartilla-lettering-proverbios-arte-y-palabra\\\/#primaryimage\",\"url\":\"https:\\\/\\\/tzionlibreria.com\\\/wp-content\\\/uploads\\\/2025\\\/08\\\/133.png\",\"contentUrl\":\"https:\\\/\\\/tzionlibreria.com\\\/wp-content\\\/uploads\\\/2025\\\/08\\\/133.png\",\"width\":1080,\"height\":1080},{\"@type\":\"BreadcrumbList\",\"@id\":\"https:\\\/\\\/tzionlibreria.com\\\/index.php\\\/product\\\/cartilla-lettering-proverbios-arte-y-palabra\\\/#breadcrumb\",\"itemListElement\":[{\"@type\":\"ListItem\",\"position\":1,\"name\":\"Inicio\",\"item\":\"https:\\\/\\\/tzionlibreria.com\\\/\"},{\"@type\":\"ListItem\",\"position\":2,\"name\":\"Shop\",\"item\":\"https:\\\/\\\/tzionlibreria.com\\\/index.php\\\/shop\\\/\"},{\"@type\":\"ListItem\",\"position\":3,\"name\":\"Cartilla Lettering \\\/ Proverbios &#8211; Arte y Palabra\"}]},{\"@type\":\"WebSite\",\"@id\":\"https:\\\/\\\/tzionlibreria.com\\\/#website\",\"url\":\"https:\\\/\\\/tzionlibreria.com\\\/\",\"name\":\"tzionlibreria.com\",\"description\":\"Libreria Cristiana Venezuela\",\"publisher\":{\"@id\":\"https:\\\/\\\/tzionlibreria.com\\\/#organization\"},\"potentialAction\":[{\"@type\":\"SearchAction\",\"target\":{\"@type\":\"EntryPoint\",\"urlTemplate\":\"https:\\\/\\\/tzionlibreria.com\\\/?s={search_term_string}\"},\"query-input\":{\"@type\":\"PropertyValueSpecification\",\"valueRequired\":true,\"valueName\":\"search_term_string\"}}],\"inLanguage\":\"es-CO\"},{\"@type\":\"Organization\",\"@id\":\"https:\\\/\\\/tzionlibreria.com\\\/#organization\",\"name\":\"tzionlibreria.com\",\"url\":\"https:\\\/\\\/tzionlibreria.com\\\/\",\"logo\":{\"@type\":\"ImageObject\",\"inLanguage\":\"es-CO\",\"@id\":\"https:\\\/\\\/tzionlibreria.com\\\/#\\\/schema\\\/logo\\\/image\\\/\",\"url\":\"https:\\\/\\\/tzionlibreria.com\\\/wp-content\\\/uploads\\\/2023\\\/10\\\/cropped-Cuadricula-scaled-1.jpg\",\"contentUrl\":\"https:\\\/\\\/tzionlibreria.com\\\/wp-content\\\/uploads\\\/2023\\\/10\\\/cropped-Cuadricula-scaled-1.jpg\",\"width\":2560,\"height\":2560,\"caption\":\"tzionlibreria.com\"},\"image\":{\"@id\":\"https:\\\/\\\/tzionlibreria.com\\\/#\\\/schema\\\/logo\\\/image\\\/\"}}]}<\/script>\n<!-- \/ Yoast SEO plugin. -->","yoast_head_json":{"title":"Cartilla Lettering \/ Proverbios - Arte y Palabra - tzionlibreria.com","description":"Con \u201cArte y Palabra\u201d, cada proverbio se convierte en una oportunidad para crear, meditar y transformar tu vida. Ideal para crecer en sabidur\u00eda y amor.","robots":{"index":"index","follow":"follow","max-snippet":"max-snippet:-1","max-image-preview":"max-image-preview:large","max-video-preview":"max-video-preview:-1"},"canonical":"https:\/\/tzionlibreria.com\/index.php\/product\/cartilla-lettering-proverbios-arte-y-palabra\/","og_locale":"es_ES","og_type":"article","og_title":"Cartilla Lettering \/ Proverbios - Arte y Palabra - tzionlibreria.com","og_description":"Con \u201cArte y Palabra\u201d, cada proverbio se convierte en una oportunidad para crear, meditar y transformar tu vida. Ideal para crecer en sabidur\u00eda y amor.","og_url":"https:\/\/tzionlibreria.com\/index.php\/product\/cartilla-lettering-proverbios-arte-y-palabra\/","og_site_name":"tzionlibreria.com","article_modified_time":"2025-09-25T23:08:12+00:00","og_image":[{"width":1080,"height":1080,"url":"http:\/\/tzionlibreria.com\/wp-content\/uploads\/2025\/08\/133.png","type":"image\/png"}],"twitter_card":"summary_large_image","twitter_misc":{"Tiempo de lectura":"2 minutos"},"schema":{"@context":"https:\/\/schema.org","@graph":[{"@type":"WebPage","@id":"https:\/\/tzionlibreria.com\/index.php\/product\/cartilla-lettering-proverbios-arte-y-palabra\/","url":"https:\/\/tzionlibreria.com\/index.php\/product\/cartilla-lettering-proverbios-arte-y-palabra\/","name":"Cartilla Lettering \/ Proverbios - Arte y Palabra - tzionlibreria.com","isPartOf":{"@id":"https:\/\/tzionlibreria.com\/#website"},"primaryImageOfPage":{"@id":"https:\/\/tzionlibreria.com\/index.php\/product\/cartilla-lettering-proverbios-arte-y-palabra\/#primaryimage"},"image":{"@id":"https:\/\/tzionlibreria.com\/index.php\/product\/cartilla-lettering-proverbios-arte-y-palabra\/#primaryimage"},"thumbnailUrl":"https:\/\/tzionlibreria.com\/wp-content\/uploads\/2025\/08\/133.png","datePublished":"2025-08-27T00:21:13+00:00","dateModified":"2025-09-25T23:08:12+00:00","description":"Con \u201cArte y Palabra\u201d, cada proverbio se convierte en una oportunidad para crear, meditar y transformar tu vida. Ideal para crecer en sabidur\u00eda y amor.","breadcrumb":{"@id":"https:\/\/tzionlibreria.com\/index.php\/product\/cartilla-lettering-proverbios-arte-y-palabra\/#breadcrumb"},"inLanguage":"es-CO","potentialAction":[{"@type":"ReadAction","target":["https:\/\/tzionlibreria.com\/index.php\/product\/cartilla-lettering-proverbios-arte-y-palabra\/"]}]},{"@type":"ImageObject","inLanguage":"es-CO","@id":"https:\/\/tzionlibreria.com\/index.php\/product\/cartilla-lettering-proverbios-arte-y-palabra\/#primaryimage","url":"https:\/\/tzionlibreria.com\/wp-content\/uploads\/2025\/08\/133.png","contentUrl":"https:\/\/tzionlibreria.com\/wp-content\/uploads\/2025\/08\/133.png","width":1080,"height":1080},{"@type":"BreadcrumbList","@id":"https:\/\/tzionlibreria.com\/index.php\/product\/cartilla-lettering-proverbios-arte-y-palabra\/#breadcrumb","itemListElement":[{"@type":"ListItem","position":1,"name":"Inicio","item":"https:\/\/tzionlibreria.com\/"},{"@type":"ListItem","position":2,"name":"Shop","item":"https:\/\/tzionlibreria.com\/index.php\/shop\/"},{"@type":"ListItem","position":3,"name":"Cartilla Lettering \/ Proverbios &#8211; Arte y Palabra"}]},{"@type":"WebSite","@id":"https:\/\/tzionlibreria.com\/#website","url":"https:\/\/tzionlibreria.com\/","name":"tzionlibreria.com","description":"Libreria Cristiana Venezuela","publisher":{"@id":"https:\/\/tzionlibreria.com\/#organization"},"potentialAction":[{"@type":"SearchAction","target":{"@type":"EntryPoint","urlTemplate":"https:\/\/tzionlibreria.com\/?s={search_term_string}"},"query-input":{"@type":"PropertyValueSpecification","valueRequired":true,"valueName":"search_term_string"}}],"inLanguage":"es-CO"},{"@type":"Organization","@id":"https:\/\/tzionlibreria.com\/#organization","name":"tzionlibreria.com","url":"https:\/\/tzionlibreria.com\/","logo":{"@type":"ImageObject","inLanguage":"es-CO","@id":"https:\/\/tzionlibreria.com\/#\/schema\/logo\/image\/","url":"https:\/\/tzionlibreria.com\/wp-content\/uploads\/2023\/10\/cropped-Cuadricula-scaled-1.jpg","contentUrl":"https:\/\/tzionlibreria.com\/wp-content\/uploads\/2023\/10\/cropped-Cuadricula-scaled-1.jpg","width":2560,"height":2560,"caption":"tzionlibreria.com"},"image":{"@id":"https:\/\/tzionlibreria.com\/#\/schema\/logo\/image\/"}}]}},"jetpack_sharing_enabled":true,"_links":{"self":[{"href":"https:\/\/tzionlibreria.com\/index.php\/wp-json\/wp\/v2\/product\/5972","targetHints":{"allow":["GET"]}}],"collection":[{"href":"https:\/\/tzionlibreria.com\/index.php\/wp-json\/wp\/v2\/product"}],"about":[{"href":"https:\/\/tzionlibreria.com\/index.php\/wp-json\/wp\/v2\/types\/product"}],"replies":[{"embeddable":true,"href":"https:\/\/tzionlibreria.com\/index.php\/wp-json\/wp\/v2\/comments?post=5972"}],"wp:featuredmedia":[{"embeddable":true,"href":"https:\/\/tzionlibreria.com\/index.php\/wp-json\/wp\/v2\/media\/5973"}],"wp:attachment":[{"href":"https:\/\/tzionlibreria.com\/index.php\/wp-json\/wp\/v2\/media?parent=5972"}],"wp:term":[{"taxonomy":"product_brand","embeddable":true,"href":"https:\/\/tzionlibreria.com\/index.php\/wp-json\/wp\/v2\/product_brand?post=5972"},{"taxonomy":"product_cat","embeddable":true,"href":"https:\/\/tzionlibreria.com\/index.php\/wp-json\/wp\/v2\/product_cat?post=5972"},{"taxonomy":"product_tag","embeddable":true,"href":"https:\/\/tzionlibreria.com\/index.php\/wp-json\/wp\/v2\/product_tag?post=5972"}],"curies":[{"name":"wp","href":"https:\/\/api.w.org\/{rel}","templated":true}]}}