{"id":6039,"date":"2025-08-27T01:23:13","date_gmt":"2025-08-27T01:23:13","guid":{"rendered":"https:\/\/tzionlibreria.com\/?post_type=product&#038;p=6039"},"modified":"2025-08-27T01:25:00","modified_gmt":"2025-08-27T01:25:00","slug":"biblia-rvr60-tipo-chequera-rosada-indice-cierre","status":"publish","type":"product","link":"https:\/\/tzionlibreria.com\/index.php\/product\/biblia-rvr60-tipo-chequera-rosada-indice-cierre\/","title":{"rendered":"Biblia RVR60 tipo chequera rosada \u00edndice cierre"},"content":{"rendered":"<div class=\"ast-oembed-container \" style=\"height: 100%;\"><iframe title=\"Biblia Tipo Billetera Reina Valera 1960 - Rosada\" width=\"500\" height=\"281\" src=\"https:\/\/www.youtube.com\/embed\/4-RANZnT2JE?feature=oembed\" frameborder=\"0\" allow=\"accelerometer; autoplay; clipboard-write; encrypted-media; gyroscope; picture-in-picture; web-share\" referrerpolicy=\"strict-origin-when-cross-origin\" allowfullscreen><\/iframe><\/div>\n<p data-start=\"194\" data-end=\"490\">La <strong data-start=\"197\" data-end=\"225\">Biblia tipo chequera RVR<\/strong> es una edici\u00f3n pr\u00e1ctica, elegante y ligera, ideal para llevar a todas partes y leer en cualquier momento. Con un dise\u00f1o moderno y diferente a las presentaciones tradicionales, su formato a <strong data-start=\"415\" data-end=\"435\">una sola columna<\/strong> facilita la lectura y comprensi\u00f3n del texto b\u00edblico.<\/p>\n<p data-start=\"492\" data-end=\"689\">Su <strong data-start=\"495\" data-end=\"550\">cubierta en s\u00edmil piel flexible con dise\u00f1o repujado<\/strong>, el <strong data-start=\"555\" data-end=\"573\">canto plateado<\/strong> y el cierre con cremallera la convierten en una Biblia resistente, segura y con una presentaci\u00f3n fina y especial.<\/p>\n<hr data-start=\"691\" data-end=\"694\" \/>\n<h3 data-start=\"696\" data-end=\"715\">\ud83c\udf1f Beneficios<\/h3>\n<ul data-start=\"716\" data-end=\"1216\">\n<li data-start=\"716\" data-end=\"788\">\n<p data-start=\"718\" data-end=\"788\"><strong data-start=\"718\" data-end=\"741\">Pr\u00e1ctica y port\u00e1til<\/strong>: tama\u00f1o tipo chequera, f\u00e1cil de transportar.<\/p>\n<\/li>\n<li data-start=\"789\" data-end=\"866\">\n<p data-start=\"791\" data-end=\"866\"><strong data-start=\"791\" data-end=\"810\">Dise\u00f1o elegante<\/strong>: cubierta en s\u00edmil piel con relieve y canto plateado.<\/p>\n<\/li>\n<li data-start=\"867\" data-end=\"949\">\n<p data-start=\"869\" data-end=\"949\"><strong data-start=\"869\" data-end=\"893\">Protecci\u00f3n adicional<\/strong>: con cremallera para cuidar el interior de la Biblia.<\/p>\n<\/li>\n<li data-start=\"950\" data-end=\"1027\">\n<p data-start=\"952\" data-end=\"1027\"><strong data-start=\"952\" data-end=\"969\">Lectura clara<\/strong>: texto en una sola columna y palabras de Jes\u00fas en rojo.<\/p>\n<\/li>\n<li data-start=\"1028\" data-end=\"1121\">\n<p data-start=\"1030\" data-end=\"1121\"><strong data-start=\"1030\" data-end=\"1048\">Uso organizado<\/strong>: \u00edndice a dos colores que diferencia el Antiguo y el Nuevo Testamento.<\/p>\n<\/li>\n<li data-start=\"1122\" data-end=\"1216\">\n<p data-start=\"1124\" data-end=\"1216\"><strong data-start=\"1124\" data-end=\"1139\">Durabilidad<\/strong>: papel Biblia de 28 g y cinta separadora para acompa\u00f1ar tu lectura diaria.<\/p>\n<\/li>\n<\/ul>\n<hr data-start=\"1218\" data-end=\"1221\" \/>\n<h3 data-start=\"1223\" data-end=\"1256\">\ud83c\udfaf \u00bfPara qui\u00e9n va dirigida?<\/h3>\n<ul data-start=\"1257\" data-end=\"1588\">\n<li data-start=\"1257\" data-end=\"1334\">\n<p data-start=\"1259\" data-end=\"1334\">Personas que desean una <strong data-start=\"1283\" data-end=\"1313\">Biblia pr\u00e1ctica y elegante<\/strong> para el d\u00eda a d\u00eda.<\/p>\n<\/li>\n<li data-start=\"1335\" data-end=\"1445\">\n<p data-start=\"1337\" data-end=\"1445\">Creyentes que prefieren una <strong data-start=\"1365\" data-end=\"1385\">edici\u00f3n port\u00e1til<\/strong> para llevar a la iglesia, al trabajo o a cualquier lugar.<\/p>\n<\/li>\n<li data-start=\"1446\" data-end=\"1518\">\n<p data-start=\"1448\" data-end=\"1518\">Iglesias que buscan una Biblia vers\u00e1til para <strong data-start=\"1493\" data-end=\"1515\">todos los p\u00fablicos<\/strong>.<\/p>\n<\/li>\n<li data-start=\"1519\" data-end=\"1588\">\n<p data-start=\"1521\" data-end=\"1588\">Un <strong data-start=\"1524\" data-end=\"1540\">regalo ideal<\/strong> por su dise\u00f1o moderno y su fina presentaci\u00f3n.<\/p>\n<\/li>\n<\/ul>\n<hr data-start=\"1590\" data-end=\"1593\" \/>\n<p data-start=\"1595\" data-end=\"1617\">\ud83d\udccc <strong data-start=\"1598\" data-end=\"1615\">Ficha t\u00e9cnica<\/strong><\/p>\n<ul data-start=\"1618\" data-end=\"2029\">\n<li data-start=\"1618\" data-end=\"1652\">\n<p data-start=\"1620\" data-end=\"1652\">\u270d\ufe0f Versi\u00f3n: Reina-Valera (RVR)<\/p>\n<\/li>\n<li data-start=\"1653\" data-end=\"1679\">\n<p data-start=\"1655\" data-end=\"1679\">\ud83d\udcd6 ISBN: 9789587455847<\/p>\n<\/li>\n<li data-start=\"1680\" data-end=\"1717\">\n<p data-start=\"1682\" data-end=\"1717\">\ud83d\udcda Dimensiones: 105 x 198 x 30 mm<\/p>\n<\/li>\n<li data-start=\"1718\" data-end=\"1771\">\n<p data-start=\"1720\" data-end=\"1771\">\ud83d\udcd5 Encuadernaci\u00f3n: S\u00edmil piel con cierre (zipper)<\/p>\n<\/li>\n<li data-start=\"1772\" data-end=\"1819\">\n<p data-start=\"1774\" data-end=\"1819\">\ud83c\udf08 Colores disponibles: rosada y otros tonos<\/p>\n<\/li>\n<li data-start=\"1820\" data-end=\"1870\">\n<p data-start=\"1822\" data-end=\"1870\">\u2696\ufe0f Peso: Ligera y pr\u00e1ctica (papel Biblia 28 g)<\/p>\n<\/li>\n<li data-start=\"1871\" data-end=\"1966\">\n<p data-start=\"1873\" data-end=\"1966\">\u2b50 Extras: Canto plateado, palabras de Jes\u00fas en rojo, cinta separadora, \u00edndice a dos colores<\/p>\n<\/li>\n<li data-start=\"1967\" data-end=\"2006\">\n<p data-start=\"1969\" data-end=\"2006\">\ud83d\udcc5 Lanzamiento: 6 de agosto de 2021<\/p>\n<\/li>\n<li data-start=\"2007\" data-end=\"2029\">\n<p data-start=\"2009\" data-end=\"2029\">\ud83c\udf0e Idioma: Espa\u00f1ol<\/p>\n<\/li>\n<\/ul>\n<hr data-start=\"2031\" data-end=\"2034\" \/>\n<p data-start=\"2036\" data-end=\"2197\">\ud83d\udc49 La <strong data-start=\"2042\" data-end=\"2070\">Biblia tipo chequera RVR<\/strong> combina <strong data-start=\"2079\" data-end=\"2117\">elegancia, portabilidad y claridad<\/strong> en un dise\u00f1o pensado para que siempre tengas la Palabra de Dios a tu alcance.<\/p>\n","protected":false},"excerpt":{"rendered":"<p>La Biblia tipo chequera RVR es una edici\u00f3n pr\u00e1ctica, elegante y ligera, ideal para llevar a todas partes y leer en cualquier momento. Con un dise\u00f1o moderno y diferente a las presentaciones tradicionales, su formato a una sola columna facilita la lectura y comprensi\u00f3n del texto b\u00edblico. Su cubierta en s\u00edmil piel flexible con dise\u00f1o [&hellip;]<\/p>\n","protected":false},"featured_media":6040,"comment_status":"open","ping_status":"closed","template":"","meta":{"om_disable_all_campaigns":false,"_monsterinsights_skip_tracking":false,"_monsterinsights_sitenote_active":false,"_monsterinsights_sitenote_note":"","_monsterinsights_sitenote_category":0,"site-sidebar-layout":"default","site-content-layout":"","ast-site-content-layout":"default","site-content-style":"default","site-sidebar-style":"default","ast-global-header-display":"","ast-banner-title-visibility":"","ast-main-header-display":"","ast-hfb-above-header-display":"","ast-hfb-below-header-display":"","ast-hfb-mobile-header-display":"","site-post-title":"","ast-breadcrumbs-content":"","ast-featured-img":"","footer-sml-layout":"","ast-disable-related-posts":"","theme-transparent-header-meta":"default","adv-header-id-meta":"","stick-header-meta":"","header-above-stick-meta":"","header-main-stick-meta":"","header-below-stick-meta":"","astra-migrate-meta-layouts":"set","ast-page-background-enabled":"default","ast-page-background-meta":{"desktop":{"background-color":"var(--ast-global-color-4)","background-image":"","background-repeat":"repeat","background-position":"center center","background-size":"auto","background-attachment":"scroll","background-type":"","background-media":"","overlay-type":"","overlay-color":"","overlay-opacity":"","overlay-gradient":""},"tablet":{"background-color":"","background-image":"","background-repeat":"repeat","background-position":"center center","background-size":"auto","background-attachment":"scroll","background-type":"","background-media":"","overlay-type":"","overlay-color":"","overlay-opacity":"","overlay-gradient":""},"mobile":{"background-color":"","background-image":"","background-repeat":"repeat","background-position":"center center","background-size":"auto","background-attachment":"scroll","background-type":"","background-media":"","overlay-type":"","overlay-color":"","overlay-opacity":"","overlay-gradient":""}},"ast-content-background-meta":{"desktop":{"background-color":"var(--ast-global-color-5)","background-image":"","background-repeat":"repeat","background-position":"center center","background-size":"auto","background-attachment":"scroll","background-type":"","background-media":"","overlay-type":"","overlay-color":"","overlay-opacity":"","overlay-gradient":""},"tablet":{"background-color":"var(--ast-global-color-5)","background-image":"","background-repeat":"repeat","background-position":"center center","background-size":"auto","background-attachment":"scroll","background-type":"","background-media":"","overlay-type":"","overlay-color":"","overlay-opacity":"","overlay-gradient":""},"mobile":{"background-color":"var(--ast-global-color-5)","background-image":"","background-repeat":"repeat","background-position":"center center","background-size":"auto","background-attachment":"scroll","background-type":"","background-media":"","overlay-type":"","overlay-color":"","overlay-opacity":"","overlay-gradient":""}}},"product_brand":[],"product_cat":[22,42,314],"product_tag":[],"class_list":{"0":"post-6039","1":"product","2":"type-product","3":"status-publish","4":"has-post-thumbnail","6":"product_cat-biblias","7":"product_cat-biblias-reina-valera","8":"product_cat-chequera-rvr","9":"desktop-align-left","10":"tablet-align-left","11":"mobile-align-left","13":"first","14":"instock","15":"shipping-taxable","16":"purchasable","17":"product-type-simple"},"yoast_head":"<!-- This site is optimized with the Yoast SEO plugin v27.4 - https:\/\/yoast.com\/product\/yoast-seo-wordpress\/ -->\n<title>Biblia RVR60 tipo chequera rosada \u00edndice cierre - tzionlibreria.com<\/title>\n<meta name=\"description\" content=\"Biblia tipo chequera RVR combina elegancia, portabilidad y claridad en un dise\u00f1o pensado para que siempre tengas la Palabra de Dios a tu alcance.\" \/>\n<meta name=\"robots\" content=\"index, follow, max-snippet:-1, max-image-preview:large, max-video-preview:-1\" \/>\n<link rel=\"canonical\" href=\"https:\/\/tzionlibreria.com\/index.php\/product\/biblia-rvr60-tipo-chequera-rosada-indice-cierre\/\" \/>\n<meta property=\"og:locale\" content=\"es_ES\" \/>\n<meta property=\"og:type\" content=\"article\" \/>\n<meta property=\"og:title\" content=\"Biblia RVR60 tipo chequera rosada \u00edndice cierre - tzionlibreria.com\" \/>\n<meta property=\"og:description\" content=\"Biblia tipo chequera RVR combina elegancia, portabilidad y claridad en un dise\u00f1o pensado para que siempre tengas la Palabra de Dios a tu alcance.\" \/>\n<meta property=\"og:url\" content=\"https:\/\/tzionlibreria.com\/index.php\/product\/biblia-rvr60-tipo-chequera-rosada-indice-cierre\/\" \/>\n<meta property=\"og:site_name\" content=\"tzionlibreria.com\" \/>\n<meta property=\"article:modified_time\" content=\"2025-08-27T01:25:00+00:00\" \/>\n<meta property=\"og:image\" content=\"http:\/\/tzionlibreria.com\/wp-content\/uploads\/2025\/08\/139.png\" \/>\n\t<meta property=\"og:image:width\" content=\"1080\" \/>\n\t<meta property=\"og:image:height\" content=\"1080\" \/>\n\t<meta property=\"og:image:type\" content=\"image\/png\" \/>\n<meta name=\"twitter:card\" content=\"summary_large_image\" \/>\n<meta name=\"twitter:label1\" content=\"Tiempo de lectura\" \/>\n\t<meta name=\"twitter:data1\" content=\"2 minutos\" \/>\n<script type=\"application\/ld+json\" class=\"yoast-schema-graph\">{\"@context\":\"https:\\\/\\\/schema.org\",\"@graph\":[{\"@type\":\"WebPage\",\"@id\":\"https:\\\/\\\/tzionlibreria.com\\\/index.php\\\/product\\\/biblia-rvr60-tipo-chequera-rosada-indice-cierre\\\/\",\"url\":\"https:\\\/\\\/tzionlibreria.com\\\/index.php\\\/product\\\/biblia-rvr60-tipo-chequera-rosada-indice-cierre\\\/\",\"name\":\"Biblia RVR60 tipo chequera rosada \u00edndice cierre - tzionlibreria.com\",\"isPartOf\":{\"@id\":\"https:\\\/\\\/tzionlibreria.com\\\/#website\"},\"primaryImageOfPage\":{\"@id\":\"https:\\\/\\\/tzionlibreria.com\\\/index.php\\\/product\\\/biblia-rvr60-tipo-chequera-rosada-indice-cierre\\\/#primaryimage\"},\"image\":{\"@id\":\"https:\\\/\\\/tzionlibreria.com\\\/index.php\\\/product\\\/biblia-rvr60-tipo-chequera-rosada-indice-cierre\\\/#primaryimage\"},\"thumbnailUrl\":\"https:\\\/\\\/tzionlibreria.com\\\/wp-content\\\/uploads\\\/2025\\\/08\\\/139.png\",\"datePublished\":\"2025-08-27T01:23:13+00:00\",\"dateModified\":\"2025-08-27T01:25:00+00:00\",\"description\":\"Biblia tipo chequera RVR combina elegancia, portabilidad y claridad en un dise\u00f1o pensado para que siempre tengas la Palabra de Dios a tu alcance.\",\"breadcrumb\":{\"@id\":\"https:\\\/\\\/tzionlibreria.com\\\/index.php\\\/product\\\/biblia-rvr60-tipo-chequera-rosada-indice-cierre\\\/#breadcrumb\"},\"inLanguage\":\"es-CO\",\"potentialAction\":[{\"@type\":\"ReadAction\",\"target\":[\"https:\\\/\\\/tzionlibreria.com\\\/index.php\\\/product\\\/biblia-rvr60-tipo-chequera-rosada-indice-cierre\\\/\"]}]},{\"@type\":\"ImageObject\",\"inLanguage\":\"es-CO\",\"@id\":\"https:\\\/\\\/tzionlibreria.com\\\/index.php\\\/product\\\/biblia-rvr60-tipo-chequera-rosada-indice-cierre\\\/#primaryimage\",\"url\":\"https:\\\/\\\/tzionlibreria.com\\\/wp-content\\\/uploads\\\/2025\\\/08\\\/139.png\",\"contentUrl\":\"https:\\\/\\\/tzionlibreria.com\\\/wp-content\\\/uploads\\\/2025\\\/08\\\/139.png\",\"width\":1080,\"height\":1080},{\"@type\":\"BreadcrumbList\",\"@id\":\"https:\\\/\\\/tzionlibreria.com\\\/index.php\\\/product\\\/biblia-rvr60-tipo-chequera-rosada-indice-cierre\\\/#breadcrumb\",\"itemListElement\":[{\"@type\":\"ListItem\",\"position\":1,\"name\":\"Inicio\",\"item\":\"https:\\\/\\\/tzionlibreria.com\\\/\"},{\"@type\":\"ListItem\",\"position\":2,\"name\":\"Shop\",\"item\":\"https:\\\/\\\/tzionlibreria.com\\\/index.php\\\/shop\\\/\"},{\"@type\":\"ListItem\",\"position\":3,\"name\":\"Biblia RVR60 tipo chequera rosada \u00edndice cierre\"}]},{\"@type\":\"WebSite\",\"@id\":\"https:\\\/\\\/tzionlibreria.com\\\/#website\",\"url\":\"https:\\\/\\\/tzionlibreria.com\\\/\",\"name\":\"tzionlibreria.com\",\"description\":\"Libreria Cristiana Venezuela\",\"publisher\":{\"@id\":\"https:\\\/\\\/tzionlibreria.com\\\/#organization\"},\"potentialAction\":[{\"@type\":\"SearchAction\",\"target\":{\"@type\":\"EntryPoint\",\"urlTemplate\":\"https:\\\/\\\/tzionlibreria.com\\\/?s={search_term_string}\"},\"query-input\":{\"@type\":\"PropertyValueSpecification\",\"valueRequired\":true,\"valueName\":\"search_term_string\"}}],\"inLanguage\":\"es-CO\"},{\"@type\":\"Organization\",\"@id\":\"https:\\\/\\\/tzionlibreria.com\\\/#organization\",\"name\":\"tzionlibreria.com\",\"url\":\"https:\\\/\\\/tzionlibreria.com\\\/\",\"logo\":{\"@type\":\"ImageObject\",\"inLanguage\":\"es-CO\",\"@id\":\"https:\\\/\\\/tzionlibreria.com\\\/#\\\/schema\\\/logo\\\/image\\\/\",\"url\":\"https:\\\/\\\/tzionlibreria.com\\\/wp-content\\\/uploads\\\/2023\\\/10\\\/cropped-Cuadricula-scaled-1.jpg\",\"contentUrl\":\"https:\\\/\\\/tzionlibreria.com\\\/wp-content\\\/uploads\\\/2023\\\/10\\\/cropped-Cuadricula-scaled-1.jpg\",\"width\":2560,\"height\":2560,\"caption\":\"tzionlibreria.com\"},\"image\":{\"@id\":\"https:\\\/\\\/tzionlibreria.com\\\/#\\\/schema\\\/logo\\\/image\\\/\"}}]}<\/script>\n<!-- \/ Yoast SEO plugin. -->","yoast_head_json":{"title":"Biblia RVR60 tipo chequera rosada \u00edndice cierre - tzionlibreria.com","description":"Biblia tipo chequera RVR combina elegancia, portabilidad y claridad en un dise\u00f1o pensado para que siempre tengas la Palabra de Dios a tu alcance.","robots":{"index":"index","follow":"follow","max-snippet":"max-snippet:-1","max-image-preview":"max-image-preview:large","max-video-preview":"max-video-preview:-1"},"canonical":"https:\/\/tzionlibreria.com\/index.php\/product\/biblia-rvr60-tipo-chequera-rosada-indice-cierre\/","og_locale":"es_ES","og_type":"article","og_title":"Biblia RVR60 tipo chequera rosada \u00edndice cierre - tzionlibreria.com","og_description":"Biblia tipo chequera RVR combina elegancia, portabilidad y claridad en un dise\u00f1o pensado para que siempre tengas la Palabra de Dios a tu alcance.","og_url":"https:\/\/tzionlibreria.com\/index.php\/product\/biblia-rvr60-tipo-chequera-rosada-indice-cierre\/","og_site_name":"tzionlibreria.com","article_modified_time":"2025-08-27T01:25:00+00:00","og_image":[{"width":1080,"height":1080,"url":"http:\/\/tzionlibreria.com\/wp-content\/uploads\/2025\/08\/139.png","type":"image\/png"}],"twitter_card":"summary_large_image","twitter_misc":{"Tiempo de lectura":"2 minutos"},"schema":{"@context":"https:\/\/schema.org","@graph":[{"@type":"WebPage","@id":"https:\/\/tzionlibreria.com\/index.php\/product\/biblia-rvr60-tipo-chequera-rosada-indice-cierre\/","url":"https:\/\/tzionlibreria.com\/index.php\/product\/biblia-rvr60-tipo-chequera-rosada-indice-cierre\/","name":"Biblia RVR60 tipo chequera rosada \u00edndice cierre - tzionlibreria.com","isPartOf":{"@id":"https:\/\/tzionlibreria.com\/#website"},"primaryImageOfPage":{"@id":"https:\/\/tzionlibreria.com\/index.php\/product\/biblia-rvr60-tipo-chequera-rosada-indice-cierre\/#primaryimage"},"image":{"@id":"https:\/\/tzionlibreria.com\/index.php\/product\/biblia-rvr60-tipo-chequera-rosada-indice-cierre\/#primaryimage"},"thumbnailUrl":"https:\/\/tzionlibreria.com\/wp-content\/uploads\/2025\/08\/139.png","datePublished":"2025-08-27T01:23:13+00:00","dateModified":"2025-08-27T01:25:00+00:00","description":"Biblia tipo chequera RVR combina elegancia, portabilidad y claridad en un dise\u00f1o pensado para que siempre tengas la Palabra de Dios a tu alcance.","breadcrumb":{"@id":"https:\/\/tzionlibreria.com\/index.php\/product\/biblia-rvr60-tipo-chequera-rosada-indice-cierre\/#breadcrumb"},"inLanguage":"es-CO","potentialAction":[{"@type":"ReadAction","target":["https:\/\/tzionlibreria.com\/index.php\/product\/biblia-rvr60-tipo-chequera-rosada-indice-cierre\/"]}]},{"@type":"ImageObject","inLanguage":"es-CO","@id":"https:\/\/tzionlibreria.com\/index.php\/product\/biblia-rvr60-tipo-chequera-rosada-indice-cierre\/#primaryimage","url":"https:\/\/tzionlibreria.com\/wp-content\/uploads\/2025\/08\/139.png","contentUrl":"https:\/\/tzionlibreria.com\/wp-content\/uploads\/2025\/08\/139.png","width":1080,"height":1080},{"@type":"BreadcrumbList","@id":"https:\/\/tzionlibreria.com\/index.php\/product\/biblia-rvr60-tipo-chequera-rosada-indice-cierre\/#breadcrumb","itemListElement":[{"@type":"ListItem","position":1,"name":"Inicio","item":"https:\/\/tzionlibreria.com\/"},{"@type":"ListItem","position":2,"name":"Shop","item":"https:\/\/tzionlibreria.com\/index.php\/shop\/"},{"@type":"ListItem","position":3,"name":"Biblia RVR60 tipo chequera rosada \u00edndice cierre"}]},{"@type":"WebSite","@id":"https:\/\/tzionlibreria.com\/#website","url":"https:\/\/tzionlibreria.com\/","name":"tzionlibreria.com","description":"Libreria Cristiana Venezuela","publisher":{"@id":"https:\/\/tzionlibreria.com\/#organization"},"potentialAction":[{"@type":"SearchAction","target":{"@type":"EntryPoint","urlTemplate":"https:\/\/tzionlibreria.com\/?s={search_term_string}"},"query-input":{"@type":"PropertyValueSpecification","valueRequired":true,"valueName":"search_term_string"}}],"inLanguage":"es-CO"},{"@type":"Organization","@id":"https:\/\/tzionlibreria.com\/#organization","name":"tzionlibreria.com","url":"https:\/\/tzionlibreria.com\/","logo":{"@type":"ImageObject","inLanguage":"es-CO","@id":"https:\/\/tzionlibreria.com\/#\/schema\/logo\/image\/","url":"https:\/\/tzionlibreria.com\/wp-content\/uploads\/2023\/10\/cropped-Cuadricula-scaled-1.jpg","contentUrl":"https:\/\/tzionlibreria.com\/wp-content\/uploads\/2023\/10\/cropped-Cuadricula-scaled-1.jpg","width":2560,"height":2560,"caption":"tzionlibreria.com"},"image":{"@id":"https:\/\/tzionlibreria.com\/#\/schema\/logo\/image\/"}}]}},"jetpack_sharing_enabled":true,"_links":{"self":[{"href":"https:\/\/tzionlibreria.com\/index.php\/wp-json\/wp\/v2\/product\/6039","targetHints":{"allow":["GET"]}}],"collection":[{"href":"https:\/\/tzionlibreria.com\/index.php\/wp-json\/wp\/v2\/product"}],"about":[{"href":"https:\/\/tzionlibreria.com\/index.php\/wp-json\/wp\/v2\/types\/product"}],"replies":[{"embeddable":true,"href":"https:\/\/tzionlibreria.com\/index.php\/wp-json\/wp\/v2\/comments?post=6039"}],"wp:featuredmedia":[{"embeddable":true,"href":"https:\/\/tzionlibreria.com\/index.php\/wp-json\/wp\/v2\/media\/6040"}],"wp:attachment":[{"href":"https:\/\/tzionlibreria.com\/index.php\/wp-json\/wp\/v2\/media?parent=6039"}],"wp:term":[{"taxonomy":"product_brand","embeddable":true,"href":"https:\/\/tzionlibreria.com\/index.php\/wp-json\/wp\/v2\/product_brand?post=6039"},{"taxonomy":"product_cat","embeddable":true,"href":"https:\/\/tzionlibreria.com\/index.php\/wp-json\/wp\/v2\/product_cat?post=6039"},{"taxonomy":"product_tag","embeddable":true,"href":"https:\/\/tzionlibreria.com\/index.php\/wp-json\/wp\/v2\/product_tag?post=6039"}],"curies":[{"name":"wp","href":"https:\/\/api.w.org\/{rel}","templated":true}]}}