{"id":6061,"date":"2025-09-18T00:16:12","date_gmt":"2025-09-18T00:16:12","guid":{"rendered":"https:\/\/tzionlibreria.com\/?post_type=product&#038;p=6061"},"modified":"2025-09-18T03:02:47","modified_gmt":"2025-09-18T03:02:47","slug":"obras-aun-mayores-reinhard-bonnke","status":"publish","type":"product","link":"https:\/\/tzionlibreria.com\/index.php\/product\/obras-aun-mayores-reinhard-bonnke\/","title":{"rendered":"Obras aun mayores &#8211; Reinhard Bonnke"},"content":{"rendered":"<p data-start=\"133\" data-end=\"256\">\u2728 Nuestros sue\u00f1os, como la inocencia de un ni\u00f1o, pueden ser fr\u00e1giles\u2026 hermosos de contemplar, pero f\u00e1ciles de quebrantar.<\/p>\n<p data-start=\"258\" data-end=\"380\">\ud83d\ude4f Sin embargo, Dios es m\u00e1s grande que cualquier sue\u00f1o, m\u00e1s fuerte que los temores y m\u00e1s alto que nuestras expectativas.<\/p>\n<p data-start=\"382\" data-end=\"638\">\ud83d\udcd6 Este libro re\u00fane historias reales de personas comunes que vieron a Dios obrar de manera extraordinaria en medio de sus fracasos y debilidades.<br data-start=\"527\" data-end=\"530\" \/>Un testimonio vivo de que, incluso cuando los sue\u00f1os se quiebran, \u00c9l puede levantar algo mucho m\u00e1s grande.<\/p>\n<p data-start=\"640\" data-end=\"731\">\ud83d\udd25 Prep\u00e1rate para ser tocado, inspirado y retado a emprender obras a\u00fan mayores para Dios.<\/p>\n<p data-start=\"733\" data-end=\"863\">\ud83d\udcda <strong data-start=\"736\" data-end=\"766\">Disponible en Librer\u00eda 247<\/strong><br data-start=\"766\" data-end=\"769\" \/>\ud83d\udd16 SKU: 9781933106281<br data-start=\"790\" data-end=\"793\" \/>\u270d\ufe0f Editorial: Desaf\u00edo<br data-start=\"814\" data-end=\"817\" \/>\ud83d\udcc5 Publicado: 18 Marzo 2007<br data-start=\"844\" data-end=\"847\" \/>\ud83d\udcd1 204 p\u00e1ginas<\/p>\n","protected":false},"excerpt":{"rendered":"<p>\u2728 Nuestros sue\u00f1os, como la inocencia de un ni\u00f1o, pueden ser fr\u00e1giles\u2026 hermosos de contemplar, pero f\u00e1ciles de quebrantar. \ud83d\ude4f Sin embargo, Dios es m\u00e1s grande que cualquier sue\u00f1o, m\u00e1s fuerte que los temores y m\u00e1s alto que nuestras expectativas. \ud83d\udcd6 Este libro re\u00fane historias reales de personas comunes que vieron a Dios obrar de [&hellip;]<\/p>\n","protected":false},"featured_media":6062,"comment_status":"open","ping_status":"closed","template":"","meta":{"om_disable_all_campaigns":false,"_monsterinsights_skip_tracking":false,"_monsterinsights_sitenote_active":false,"_monsterinsights_sitenote_note":"","_monsterinsights_sitenote_category":0,"site-sidebar-layout":"default","site-content-layout":"","ast-site-content-layout":"default","site-content-style":"default","site-sidebar-style":"default","ast-global-header-display":"","ast-banner-title-visibility":"","ast-main-header-display":"","ast-hfb-above-header-display":"","ast-hfb-below-header-display":"","ast-hfb-mobile-header-display":"","site-post-title":"","ast-breadcrumbs-content":"","ast-featured-img":"","footer-sml-layout":"","ast-disable-related-posts":"","theme-transparent-header-meta":"default","adv-header-id-meta":"","stick-header-meta":"","header-above-stick-meta":"","header-main-stick-meta":"","header-below-stick-meta":"","astra-migrate-meta-layouts":"set","ast-page-background-enabled":"default","ast-page-background-meta":{"desktop":{"background-color":"var(--ast-global-color-4)","background-image":"","background-repeat":"repeat","background-position":"center center","background-size":"auto","background-attachment":"scroll","background-type":"","background-media":"","overlay-type":"","overlay-color":"","overlay-opacity":"","overlay-gradient":""},"tablet":{"background-color":"","background-image":"","background-repeat":"repeat","background-position":"center center","background-size":"auto","background-attachment":"scroll","background-type":"","background-media":"","overlay-type":"","overlay-color":"","overlay-opacity":"","overlay-gradient":""},"mobile":{"background-color":"","background-image":"","background-repeat":"repeat","background-position":"center center","background-size":"auto","background-attachment":"scroll","background-type":"","background-media":"","overlay-type":"","overlay-color":"","overlay-opacity":"","overlay-gradient":""}},"ast-content-background-meta":{"desktop":{"background-color":"var(--ast-global-color-5)","background-image":"","background-repeat":"repeat","background-position":"center center","background-size":"auto","background-attachment":"scroll","background-type":"","background-media":"","overlay-type":"","overlay-color":"","overlay-opacity":"","overlay-gradient":""},"tablet":{"background-color":"var(--ast-global-color-5)","background-image":"","background-repeat":"repeat","background-position":"center center","background-size":"auto","background-attachment":"scroll","background-type":"","background-media":"","overlay-type":"","overlay-color":"","overlay-opacity":"","overlay-gradient":""},"mobile":{"background-color":"var(--ast-global-color-5)","background-image":"","background-repeat":"repeat","background-position":"center center","background-size":"auto","background-attachment":"scroll","background-type":"","background-media":"","overlay-type":"","overlay-color":"","overlay-opacity":"","overlay-gradient":""}}},"product_brand":[],"product_cat":[169,174,23],"product_tag":[306],"class_list":{"0":"post-6061","1":"product","2":"type-product","3":"status-publish","4":"has-post-thumbnail","6":"product_cat-hombres","7":"product_cat-iglesia","8":"product_cat-libros","9":"product_tag-desafio","10":"desktop-align-left","11":"tablet-align-left","12":"mobile-align-left","14":"first","15":"instock","16":"shipping-taxable","17":"purchasable","18":"product-type-simple"},"yoast_head":"<!-- This site is optimized with the Yoast SEO plugin v27.4 - https:\/\/yoast.com\/product\/yoast-seo-wordpress\/ -->\n<title>Obras aun mayores - Reinhard Bonnke - tzionlibreria.com<\/title>\n<meta name=\"description\" content=\"Obras a\u00fan mayores 12 historias reales que te inspiran a realizar grandes proezas para Dios. Una invitaci\u00f3n poderosa a creer que Dios puede usar tu historia.\" \/>\n<meta name=\"robots\" content=\"index, follow, max-snippet:-1, max-image-preview:large, max-video-preview:-1\" \/>\n<link rel=\"canonical\" href=\"https:\/\/tzionlibreria.com\/index.php\/product\/obras-aun-mayores-reinhard-bonnke\/\" \/>\n<meta property=\"og:locale\" content=\"es_ES\" \/>\n<meta property=\"og:type\" content=\"article\" \/>\n<meta property=\"og:title\" content=\"Obras aun mayores - Reinhard Bonnke - tzionlibreria.com\" \/>\n<meta property=\"og:description\" content=\"Obras a\u00fan mayores 12 historias reales que te inspiran a realizar grandes proezas para Dios. Una invitaci\u00f3n poderosa a creer que Dios puede usar tu historia.\" \/>\n<meta property=\"og:url\" content=\"https:\/\/tzionlibreria.com\/index.php\/product\/obras-aun-mayores-reinhard-bonnke\/\" \/>\n<meta property=\"og:site_name\" content=\"tzionlibreria.com\" \/>\n<meta property=\"article:modified_time\" content=\"2025-09-18T03:02:47+00:00\" \/>\n<meta property=\"og:image\" content=\"http:\/\/tzionlibreria.com\/wp-content\/uploads\/2025\/09\/269.png\" \/>\n\t<meta property=\"og:image:width\" content=\"1080\" \/>\n\t<meta property=\"og:image:height\" content=\"1080\" \/>\n\t<meta property=\"og:image:type\" content=\"image\/png\" \/>\n<meta name=\"twitter:card\" content=\"summary_large_image\" \/>\n<meta name=\"twitter:label1\" content=\"Tiempo de lectura\" \/>\n\t<meta name=\"twitter:data1\" content=\"1 minuto\" \/>\n<script type=\"application\/ld+json\" class=\"yoast-schema-graph\">{\"@context\":\"https:\\\/\\\/schema.org\",\"@graph\":[{\"@type\":\"WebPage\",\"@id\":\"https:\\\/\\\/tzionlibreria.com\\\/index.php\\\/product\\\/obras-aun-mayores-reinhard-bonnke\\\/\",\"url\":\"https:\\\/\\\/tzionlibreria.com\\\/index.php\\\/product\\\/obras-aun-mayores-reinhard-bonnke\\\/\",\"name\":\"Obras aun mayores - Reinhard Bonnke - tzionlibreria.com\",\"isPartOf\":{\"@id\":\"https:\\\/\\\/tzionlibreria.com\\\/#website\"},\"primaryImageOfPage\":{\"@id\":\"https:\\\/\\\/tzionlibreria.com\\\/index.php\\\/product\\\/obras-aun-mayores-reinhard-bonnke\\\/#primaryimage\"},\"image\":{\"@id\":\"https:\\\/\\\/tzionlibreria.com\\\/index.php\\\/product\\\/obras-aun-mayores-reinhard-bonnke\\\/#primaryimage\"},\"thumbnailUrl\":\"https:\\\/\\\/tzionlibreria.com\\\/wp-content\\\/uploads\\\/2025\\\/09\\\/269.png\",\"datePublished\":\"2025-09-18T00:16:12+00:00\",\"dateModified\":\"2025-09-18T03:02:47+00:00\",\"description\":\"Obras a\u00fan mayores 12 historias reales que te inspiran a realizar grandes proezas para Dios. Una invitaci\u00f3n poderosa a creer que Dios puede usar tu historia.\",\"breadcrumb\":{\"@id\":\"https:\\\/\\\/tzionlibreria.com\\\/index.php\\\/product\\\/obras-aun-mayores-reinhard-bonnke\\\/#breadcrumb\"},\"inLanguage\":\"es-CO\",\"potentialAction\":[{\"@type\":\"ReadAction\",\"target\":[\"https:\\\/\\\/tzionlibreria.com\\\/index.php\\\/product\\\/obras-aun-mayores-reinhard-bonnke\\\/\"]}]},{\"@type\":\"ImageObject\",\"inLanguage\":\"es-CO\",\"@id\":\"https:\\\/\\\/tzionlibreria.com\\\/index.php\\\/product\\\/obras-aun-mayores-reinhard-bonnke\\\/#primaryimage\",\"url\":\"https:\\\/\\\/tzionlibreria.com\\\/wp-content\\\/uploads\\\/2025\\\/09\\\/269.png\",\"contentUrl\":\"https:\\\/\\\/tzionlibreria.com\\\/wp-content\\\/uploads\\\/2025\\\/09\\\/269.png\",\"width\":1080,\"height\":1080},{\"@type\":\"BreadcrumbList\",\"@id\":\"https:\\\/\\\/tzionlibreria.com\\\/index.php\\\/product\\\/obras-aun-mayores-reinhard-bonnke\\\/#breadcrumb\",\"itemListElement\":[{\"@type\":\"ListItem\",\"position\":1,\"name\":\"Inicio\",\"item\":\"https:\\\/\\\/tzionlibreria.com\\\/\"},{\"@type\":\"ListItem\",\"position\":2,\"name\":\"Shop\",\"item\":\"https:\\\/\\\/tzionlibreria.com\\\/index.php\\\/shop\\\/\"},{\"@type\":\"ListItem\",\"position\":3,\"name\":\"Obras aun mayores &#8211; Reinhard Bonnke\"}]},{\"@type\":\"WebSite\",\"@id\":\"https:\\\/\\\/tzionlibreria.com\\\/#website\",\"url\":\"https:\\\/\\\/tzionlibreria.com\\\/\",\"name\":\"tzionlibreria.com\",\"description\":\"Libreria Cristiana Venezuela\",\"publisher\":{\"@id\":\"https:\\\/\\\/tzionlibreria.com\\\/#organization\"},\"potentialAction\":[{\"@type\":\"SearchAction\",\"target\":{\"@type\":\"EntryPoint\",\"urlTemplate\":\"https:\\\/\\\/tzionlibreria.com\\\/?s={search_term_string}\"},\"query-input\":{\"@type\":\"PropertyValueSpecification\",\"valueRequired\":true,\"valueName\":\"search_term_string\"}}],\"inLanguage\":\"es-CO\"},{\"@type\":\"Organization\",\"@id\":\"https:\\\/\\\/tzionlibreria.com\\\/#organization\",\"name\":\"tzionlibreria.com\",\"url\":\"https:\\\/\\\/tzionlibreria.com\\\/\",\"logo\":{\"@type\":\"ImageObject\",\"inLanguage\":\"es-CO\",\"@id\":\"https:\\\/\\\/tzionlibreria.com\\\/#\\\/schema\\\/logo\\\/image\\\/\",\"url\":\"https:\\\/\\\/tzionlibreria.com\\\/wp-content\\\/uploads\\\/2023\\\/10\\\/cropped-Cuadricula-scaled-1.jpg\",\"contentUrl\":\"https:\\\/\\\/tzionlibreria.com\\\/wp-content\\\/uploads\\\/2023\\\/10\\\/cropped-Cuadricula-scaled-1.jpg\",\"width\":2560,\"height\":2560,\"caption\":\"tzionlibreria.com\"},\"image\":{\"@id\":\"https:\\\/\\\/tzionlibreria.com\\\/#\\\/schema\\\/logo\\\/image\\\/\"}}]}<\/script>\n<!-- \/ Yoast SEO plugin. -->","yoast_head_json":{"title":"Obras aun mayores - Reinhard Bonnke - tzionlibreria.com","description":"Obras a\u00fan mayores 12 historias reales que te inspiran a realizar grandes proezas para Dios. Una invitaci\u00f3n poderosa a creer que Dios puede usar tu historia.","robots":{"index":"index","follow":"follow","max-snippet":"max-snippet:-1","max-image-preview":"max-image-preview:large","max-video-preview":"max-video-preview:-1"},"canonical":"https:\/\/tzionlibreria.com\/index.php\/product\/obras-aun-mayores-reinhard-bonnke\/","og_locale":"es_ES","og_type":"article","og_title":"Obras aun mayores - Reinhard Bonnke - tzionlibreria.com","og_description":"Obras a\u00fan mayores 12 historias reales que te inspiran a realizar grandes proezas para Dios. Una invitaci\u00f3n poderosa a creer que Dios puede usar tu historia.","og_url":"https:\/\/tzionlibreria.com\/index.php\/product\/obras-aun-mayores-reinhard-bonnke\/","og_site_name":"tzionlibreria.com","article_modified_time":"2025-09-18T03:02:47+00:00","og_image":[{"width":1080,"height":1080,"url":"http:\/\/tzionlibreria.com\/wp-content\/uploads\/2025\/09\/269.png","type":"image\/png"}],"twitter_card":"summary_large_image","twitter_misc":{"Tiempo de lectura":"1 minuto"},"schema":{"@context":"https:\/\/schema.org","@graph":[{"@type":"WebPage","@id":"https:\/\/tzionlibreria.com\/index.php\/product\/obras-aun-mayores-reinhard-bonnke\/","url":"https:\/\/tzionlibreria.com\/index.php\/product\/obras-aun-mayores-reinhard-bonnke\/","name":"Obras aun mayores - Reinhard Bonnke - tzionlibreria.com","isPartOf":{"@id":"https:\/\/tzionlibreria.com\/#website"},"primaryImageOfPage":{"@id":"https:\/\/tzionlibreria.com\/index.php\/product\/obras-aun-mayores-reinhard-bonnke\/#primaryimage"},"image":{"@id":"https:\/\/tzionlibreria.com\/index.php\/product\/obras-aun-mayores-reinhard-bonnke\/#primaryimage"},"thumbnailUrl":"https:\/\/tzionlibreria.com\/wp-content\/uploads\/2025\/09\/269.png","datePublished":"2025-09-18T00:16:12+00:00","dateModified":"2025-09-18T03:02:47+00:00","description":"Obras a\u00fan mayores 12 historias reales que te inspiran a realizar grandes proezas para Dios. Una invitaci\u00f3n poderosa a creer que Dios puede usar tu historia.","breadcrumb":{"@id":"https:\/\/tzionlibreria.com\/index.php\/product\/obras-aun-mayores-reinhard-bonnke\/#breadcrumb"},"inLanguage":"es-CO","potentialAction":[{"@type":"ReadAction","target":["https:\/\/tzionlibreria.com\/index.php\/product\/obras-aun-mayores-reinhard-bonnke\/"]}]},{"@type":"ImageObject","inLanguage":"es-CO","@id":"https:\/\/tzionlibreria.com\/index.php\/product\/obras-aun-mayores-reinhard-bonnke\/#primaryimage","url":"https:\/\/tzionlibreria.com\/wp-content\/uploads\/2025\/09\/269.png","contentUrl":"https:\/\/tzionlibreria.com\/wp-content\/uploads\/2025\/09\/269.png","width":1080,"height":1080},{"@type":"BreadcrumbList","@id":"https:\/\/tzionlibreria.com\/index.php\/product\/obras-aun-mayores-reinhard-bonnke\/#breadcrumb","itemListElement":[{"@type":"ListItem","position":1,"name":"Inicio","item":"https:\/\/tzionlibreria.com\/"},{"@type":"ListItem","position":2,"name":"Shop","item":"https:\/\/tzionlibreria.com\/index.php\/shop\/"},{"@type":"ListItem","position":3,"name":"Obras aun mayores &#8211; Reinhard Bonnke"}]},{"@type":"WebSite","@id":"https:\/\/tzionlibreria.com\/#website","url":"https:\/\/tzionlibreria.com\/","name":"tzionlibreria.com","description":"Libreria Cristiana Venezuela","publisher":{"@id":"https:\/\/tzionlibreria.com\/#organization"},"potentialAction":[{"@type":"SearchAction","target":{"@type":"EntryPoint","urlTemplate":"https:\/\/tzionlibreria.com\/?s={search_term_string}"},"query-input":{"@type":"PropertyValueSpecification","valueRequired":true,"valueName":"search_term_string"}}],"inLanguage":"es-CO"},{"@type":"Organization","@id":"https:\/\/tzionlibreria.com\/#organization","name":"tzionlibreria.com","url":"https:\/\/tzionlibreria.com\/","logo":{"@type":"ImageObject","inLanguage":"es-CO","@id":"https:\/\/tzionlibreria.com\/#\/schema\/logo\/image\/","url":"https:\/\/tzionlibreria.com\/wp-content\/uploads\/2023\/10\/cropped-Cuadricula-scaled-1.jpg","contentUrl":"https:\/\/tzionlibreria.com\/wp-content\/uploads\/2023\/10\/cropped-Cuadricula-scaled-1.jpg","width":2560,"height":2560,"caption":"tzionlibreria.com"},"image":{"@id":"https:\/\/tzionlibreria.com\/#\/schema\/logo\/image\/"}}]}},"jetpack_sharing_enabled":true,"_links":{"self":[{"href":"https:\/\/tzionlibreria.com\/index.php\/wp-json\/wp\/v2\/product\/6061","targetHints":{"allow":["GET"]}}],"collection":[{"href":"https:\/\/tzionlibreria.com\/index.php\/wp-json\/wp\/v2\/product"}],"about":[{"href":"https:\/\/tzionlibreria.com\/index.php\/wp-json\/wp\/v2\/types\/product"}],"replies":[{"embeddable":true,"href":"https:\/\/tzionlibreria.com\/index.php\/wp-json\/wp\/v2\/comments?post=6061"}],"wp:featuredmedia":[{"embeddable":true,"href":"https:\/\/tzionlibreria.com\/index.php\/wp-json\/wp\/v2\/media\/6062"}],"wp:attachment":[{"href":"https:\/\/tzionlibreria.com\/index.php\/wp-json\/wp\/v2\/media?parent=6061"}],"wp:term":[{"taxonomy":"product_brand","embeddable":true,"href":"https:\/\/tzionlibreria.com\/index.php\/wp-json\/wp\/v2\/product_brand?post=6061"},{"taxonomy":"product_cat","embeddable":true,"href":"https:\/\/tzionlibreria.com\/index.php\/wp-json\/wp\/v2\/product_cat?post=6061"},{"taxonomy":"product_tag","embeddable":true,"href":"https:\/\/tzionlibreria.com\/index.php\/wp-json\/wp\/v2\/product_tag?post=6061"}],"curies":[{"name":"wp","href":"https:\/\/api.w.org\/{rel}","templated":true}]}}