{"id":6064,"date":"2025-09-18T00:31:59","date_gmt":"2025-09-18T00:31:59","guid":{"rendered":"https:\/\/tzionlibreria.com\/?post_type=product&#038;p=6064"},"modified":"2025-09-18T00:32:04","modified_gmt":"2025-09-18T00:32:04","slug":"heridos-por-la-gente-de-dios-sanados-por-el-amor-de-dios","status":"publish","type":"product","link":"https:\/\/tzionlibreria.com\/index.php\/product\/heridos-por-la-gente-de-dios-sanados-por-el-amor-de-dios\/","title":{"rendered":"Heridos por la gente de Dios &#8211; Sanados por el amor de Dios"},"content":{"rendered":"<p data-start=\"154\" data-end=\"223\">\ud83d\udc94 <strong data-start=\"157\" data-end=\"218\">Heridos por la gente de Dios\u2026 Sanados por el amor de Dios<\/strong> \u271d\ufe0f<\/p>\n<p data-start=\"225\" data-end=\"397\">Todos, en alg\u00fan momento, hemos sido heridos.<br data-start=\"269\" data-end=\"272\" \/>Pero lo m\u00e1s doloroso es cuando esas heridas provienen de personas en quienes confi\u00e1bamos, incluso del mismo pueblo de Dios.<\/p>\n<p data-start=\"399\" data-end=\"629\">\ud83d\udcd6 En este libro, <strong data-start=\"417\" data-end=\"437\">Anne Graham Lotz<\/strong> comparte su propia experiencia y nos gu\u00eda por medio de la historia b\u00edblica de Agar hacia una verdad transformadora: el amor redentor de Dios tiene el poder de sanar lo que otros han da\u00f1ado.<\/p>\n<p data-start=\"631\" data-end=\"804\">\u2728 Este no es solo un libro\u2026 es un camino de restauraci\u00f3n, un recordatorio de que, aun cuando las palabras y acciones de otros hieren, <strong data-start=\"765\" data-end=\"801\">el amor de Dios siempre restaura<\/strong>.<\/p>\n<p data-start=\"806\" data-end=\"952\">\ud83d\udcda <strong data-start=\"809\" data-end=\"831\">Detalles del libro<\/strong><br data-start=\"831\" data-end=\"834\" \/>Editorial: Casa Creaci\u00f3n<br data-start=\"858\" data-end=\"861\" \/>Fecha de publicaci\u00f3n: 4 Marzo 2014<br data-start=\"895\" data-end=\"898\" \/>Idioma: Espa\u00f1ol<br data-start=\"913\" data-end=\"916\" \/>P\u00e1ginas: 240<br data-start=\"928\" data-end=\"931\" \/>ISBN: 9781621364924<\/p>\n","protected":false},"excerpt":{"rendered":"<p>\ud83d\udc94 Heridos por la gente de Dios\u2026 Sanados por el amor de Dios \u271d\ufe0f Todos, en alg\u00fan momento, hemos sido heridos.Pero lo m\u00e1s doloroso es cuando esas heridas provienen de personas en quienes confi\u00e1bamos, incluso del mismo pueblo de Dios. \ud83d\udcd6 En este libro, Anne Graham Lotz comparte su propia experiencia y nos gu\u00eda por [&hellip;]<\/p>\n","protected":false},"featured_media":6066,"comment_status":"open","ping_status":"closed","template":"","meta":{"om_disable_all_campaigns":false,"_monsterinsights_skip_tracking":false,"_monsterinsights_sitenote_active":false,"_monsterinsights_sitenote_note":"","_monsterinsights_sitenote_category":0,"site-sidebar-layout":"default","site-content-layout":"","ast-site-content-layout":"default","site-content-style":"default","site-sidebar-style":"default","ast-global-header-display":"","ast-banner-title-visibility":"","ast-main-header-display":"","ast-hfb-above-header-display":"","ast-hfb-below-header-display":"","ast-hfb-mobile-header-display":"","site-post-title":"","ast-breadcrumbs-content":"","ast-featured-img":"","footer-sml-layout":"","ast-disable-related-posts":"","theme-transparent-header-meta":"default","adv-header-id-meta":"","stick-header-meta":"","header-above-stick-meta":"","header-main-stick-meta":"","header-below-stick-meta":"","astra-migrate-meta-layouts":"set","ast-page-background-enabled":"default","ast-page-background-meta":{"desktop":{"background-color":"var(--ast-global-color-4)","background-image":"","background-repeat":"repeat","background-position":"center center","background-size":"auto","background-attachment":"scroll","background-type":"","background-media":"","overlay-type":"","overlay-color":"","overlay-opacity":"","overlay-gradient":""},"tablet":{"background-color":"","background-image":"","background-repeat":"repeat","background-position":"center center","background-size":"auto","background-attachment":"scroll","background-type":"","background-media":"","overlay-type":"","overlay-color":"","overlay-opacity":"","overlay-gradient":""},"mobile":{"background-color":"","background-image":"","background-repeat":"repeat","background-position":"center center","background-size":"auto","background-attachment":"scroll","background-type":"","background-media":"","overlay-type":"","overlay-color":"","overlay-opacity":"","overlay-gradient":""}},"ast-content-background-meta":{"desktop":{"background-color":"var(--ast-global-color-5)","background-image":"","background-repeat":"repeat","background-position":"center center","background-size":"auto","background-attachment":"scroll","background-type":"","background-media":"","overlay-type":"","overlay-color":"","overlay-opacity":"","overlay-gradient":""},"tablet":{"background-color":"var(--ast-global-color-5)","background-image":"","background-repeat":"repeat","background-position":"center center","background-size":"auto","background-attachment":"scroll","background-type":"","background-media":"","overlay-type":"","overlay-color":"","overlay-opacity":"","overlay-gradient":""},"mobile":{"background-color":"var(--ast-global-color-5)","background-image":"","background-repeat":"repeat","background-position":"center center","background-size":"auto","background-attachment":"scroll","background-type":"","background-media":"","overlay-type":"","overlay-color":"","overlay-opacity":"","overlay-gradient":""}}},"product_brand":[],"product_cat":[174,23],"product_tag":[],"class_list":{"0":"post-6064","1":"product","2":"type-product","3":"status-publish","4":"has-post-thumbnail","6":"product_cat-iglesia","7":"product_cat-libros","8":"desktop-align-left","9":"tablet-align-left","10":"mobile-align-left","12":"first","13":"instock","14":"shipping-taxable","15":"purchasable","16":"product-type-simple"},"yoast_head":"<!-- This site is optimized with the Yoast SEO plugin v27.4 - https:\/\/yoast.com\/product\/yoast-seo-wordpress\/ -->\n<title>Heridos por la gente de Dios - Sanados por el amor de Dios - tzionlibreria.com<\/title>\n<meta name=\"description\" content=\"Un libro\u2026 es un camino de restauraci\u00f3n, un recordatorio de que, aun cuando las palabras y acciones de otros hieren, el amor de Dios siempre restaura.\" \/>\n<meta name=\"robots\" content=\"index, follow, max-snippet:-1, max-image-preview:large, max-video-preview:-1\" \/>\n<link rel=\"canonical\" href=\"https:\/\/tzionlibreria.com\/index.php\/product\/heridos-por-la-gente-de-dios-sanados-por-el-amor-de-dios\/\" \/>\n<meta property=\"og:locale\" content=\"es_ES\" \/>\n<meta property=\"og:type\" content=\"article\" \/>\n<meta property=\"og:title\" content=\"Heridos por la gente de Dios - Sanados por el amor de Dios - tzionlibreria.com\" \/>\n<meta property=\"og:description\" content=\"Un libro\u2026 es un camino de restauraci\u00f3n, un recordatorio de que, aun cuando las palabras y acciones de otros hieren, el amor de Dios siempre restaura.\" \/>\n<meta property=\"og:url\" content=\"https:\/\/tzionlibreria.com\/index.php\/product\/heridos-por-la-gente-de-dios-sanados-por-el-amor-de-dios\/\" \/>\n<meta property=\"og:site_name\" content=\"tzionlibreria.com\" \/>\n<meta property=\"article:modified_time\" content=\"2025-09-18T00:32:04+00:00\" \/>\n<meta property=\"og:image\" content=\"http:\/\/tzionlibreria.com\/wp-content\/uploads\/2025\/09\/270.png\" \/>\n\t<meta property=\"og:image:width\" content=\"1080\" \/>\n\t<meta property=\"og:image:height\" content=\"1080\" \/>\n\t<meta property=\"og:image:type\" content=\"image\/png\" \/>\n<meta name=\"twitter:card\" content=\"summary_large_image\" \/>\n<meta name=\"twitter:label1\" content=\"Tiempo de lectura\" \/>\n\t<meta name=\"twitter:data1\" content=\"1 minuto\" \/>\n<script type=\"application\/ld+json\" class=\"yoast-schema-graph\">{\"@context\":\"https:\\\/\\\/schema.org\",\"@graph\":[{\"@type\":\"WebPage\",\"@id\":\"https:\\\/\\\/tzionlibreria.com\\\/index.php\\\/product\\\/heridos-por-la-gente-de-dios-sanados-por-el-amor-de-dios\\\/\",\"url\":\"https:\\\/\\\/tzionlibreria.com\\\/index.php\\\/product\\\/heridos-por-la-gente-de-dios-sanados-por-el-amor-de-dios\\\/\",\"name\":\"Heridos por la gente de Dios - Sanados por el amor de Dios - tzionlibreria.com\",\"isPartOf\":{\"@id\":\"https:\\\/\\\/tzionlibreria.com\\\/#website\"},\"primaryImageOfPage\":{\"@id\":\"https:\\\/\\\/tzionlibreria.com\\\/index.php\\\/product\\\/heridos-por-la-gente-de-dios-sanados-por-el-amor-de-dios\\\/#primaryimage\"},\"image\":{\"@id\":\"https:\\\/\\\/tzionlibreria.com\\\/index.php\\\/product\\\/heridos-por-la-gente-de-dios-sanados-por-el-amor-de-dios\\\/#primaryimage\"},\"thumbnailUrl\":\"https:\\\/\\\/tzionlibreria.com\\\/wp-content\\\/uploads\\\/2025\\\/09\\\/270.png\",\"datePublished\":\"2025-09-18T00:31:59+00:00\",\"dateModified\":\"2025-09-18T00:32:04+00:00\",\"description\":\"Un libro\u2026 es un camino de restauraci\u00f3n, un recordatorio de que, aun cuando las palabras y acciones de otros hieren, el amor de Dios siempre restaura.\",\"breadcrumb\":{\"@id\":\"https:\\\/\\\/tzionlibreria.com\\\/index.php\\\/product\\\/heridos-por-la-gente-de-dios-sanados-por-el-amor-de-dios\\\/#breadcrumb\"},\"inLanguage\":\"es-CO\",\"potentialAction\":[{\"@type\":\"ReadAction\",\"target\":[\"https:\\\/\\\/tzionlibreria.com\\\/index.php\\\/product\\\/heridos-por-la-gente-de-dios-sanados-por-el-amor-de-dios\\\/\"]}]},{\"@type\":\"ImageObject\",\"inLanguage\":\"es-CO\",\"@id\":\"https:\\\/\\\/tzionlibreria.com\\\/index.php\\\/product\\\/heridos-por-la-gente-de-dios-sanados-por-el-amor-de-dios\\\/#primaryimage\",\"url\":\"https:\\\/\\\/tzionlibreria.com\\\/wp-content\\\/uploads\\\/2025\\\/09\\\/270.png\",\"contentUrl\":\"https:\\\/\\\/tzionlibreria.com\\\/wp-content\\\/uploads\\\/2025\\\/09\\\/270.png\",\"width\":1080,\"height\":1080},{\"@type\":\"BreadcrumbList\",\"@id\":\"https:\\\/\\\/tzionlibreria.com\\\/index.php\\\/product\\\/heridos-por-la-gente-de-dios-sanados-por-el-amor-de-dios\\\/#breadcrumb\",\"itemListElement\":[{\"@type\":\"ListItem\",\"position\":1,\"name\":\"Inicio\",\"item\":\"https:\\\/\\\/tzionlibreria.com\\\/\"},{\"@type\":\"ListItem\",\"position\":2,\"name\":\"Shop\",\"item\":\"https:\\\/\\\/tzionlibreria.com\\\/index.php\\\/shop\\\/\"},{\"@type\":\"ListItem\",\"position\":3,\"name\":\"Heridos por la gente de Dios &#8211; Sanados por el amor de Dios\"}]},{\"@type\":\"WebSite\",\"@id\":\"https:\\\/\\\/tzionlibreria.com\\\/#website\",\"url\":\"https:\\\/\\\/tzionlibreria.com\\\/\",\"name\":\"tzionlibreria.com\",\"description\":\"Libreria Cristiana Venezuela\",\"publisher\":{\"@id\":\"https:\\\/\\\/tzionlibreria.com\\\/#organization\"},\"potentialAction\":[{\"@type\":\"SearchAction\",\"target\":{\"@type\":\"EntryPoint\",\"urlTemplate\":\"https:\\\/\\\/tzionlibreria.com\\\/?s={search_term_string}\"},\"query-input\":{\"@type\":\"PropertyValueSpecification\",\"valueRequired\":true,\"valueName\":\"search_term_string\"}}],\"inLanguage\":\"es-CO\"},{\"@type\":\"Organization\",\"@id\":\"https:\\\/\\\/tzionlibreria.com\\\/#organization\",\"name\":\"tzionlibreria.com\",\"url\":\"https:\\\/\\\/tzionlibreria.com\\\/\",\"logo\":{\"@type\":\"ImageObject\",\"inLanguage\":\"es-CO\",\"@id\":\"https:\\\/\\\/tzionlibreria.com\\\/#\\\/schema\\\/logo\\\/image\\\/\",\"url\":\"https:\\\/\\\/tzionlibreria.com\\\/wp-content\\\/uploads\\\/2023\\\/10\\\/cropped-Cuadricula-scaled-1.jpg\",\"contentUrl\":\"https:\\\/\\\/tzionlibreria.com\\\/wp-content\\\/uploads\\\/2023\\\/10\\\/cropped-Cuadricula-scaled-1.jpg\",\"width\":2560,\"height\":2560,\"caption\":\"tzionlibreria.com\"},\"image\":{\"@id\":\"https:\\\/\\\/tzionlibreria.com\\\/#\\\/schema\\\/logo\\\/image\\\/\"}}]}<\/script>\n<!-- \/ Yoast SEO plugin. -->","yoast_head_json":{"title":"Heridos por la gente de Dios - Sanados por el amor de Dios - tzionlibreria.com","description":"Un libro\u2026 es un camino de restauraci\u00f3n, un recordatorio de que, aun cuando las palabras y acciones de otros hieren, el amor de Dios siempre restaura.","robots":{"index":"index","follow":"follow","max-snippet":"max-snippet:-1","max-image-preview":"max-image-preview:large","max-video-preview":"max-video-preview:-1"},"canonical":"https:\/\/tzionlibreria.com\/index.php\/product\/heridos-por-la-gente-de-dios-sanados-por-el-amor-de-dios\/","og_locale":"es_ES","og_type":"article","og_title":"Heridos por la gente de Dios - Sanados por el amor de Dios - tzionlibreria.com","og_description":"Un libro\u2026 es un camino de restauraci\u00f3n, un recordatorio de que, aun cuando las palabras y acciones de otros hieren, el amor de Dios siempre restaura.","og_url":"https:\/\/tzionlibreria.com\/index.php\/product\/heridos-por-la-gente-de-dios-sanados-por-el-amor-de-dios\/","og_site_name":"tzionlibreria.com","article_modified_time":"2025-09-18T00:32:04+00:00","og_image":[{"width":1080,"height":1080,"url":"http:\/\/tzionlibreria.com\/wp-content\/uploads\/2025\/09\/270.png","type":"image\/png"}],"twitter_card":"summary_large_image","twitter_misc":{"Tiempo de lectura":"1 minuto"},"schema":{"@context":"https:\/\/schema.org","@graph":[{"@type":"WebPage","@id":"https:\/\/tzionlibreria.com\/index.php\/product\/heridos-por-la-gente-de-dios-sanados-por-el-amor-de-dios\/","url":"https:\/\/tzionlibreria.com\/index.php\/product\/heridos-por-la-gente-de-dios-sanados-por-el-amor-de-dios\/","name":"Heridos por la gente de Dios - Sanados por el amor de Dios - tzionlibreria.com","isPartOf":{"@id":"https:\/\/tzionlibreria.com\/#website"},"primaryImageOfPage":{"@id":"https:\/\/tzionlibreria.com\/index.php\/product\/heridos-por-la-gente-de-dios-sanados-por-el-amor-de-dios\/#primaryimage"},"image":{"@id":"https:\/\/tzionlibreria.com\/index.php\/product\/heridos-por-la-gente-de-dios-sanados-por-el-amor-de-dios\/#primaryimage"},"thumbnailUrl":"https:\/\/tzionlibreria.com\/wp-content\/uploads\/2025\/09\/270.png","datePublished":"2025-09-18T00:31:59+00:00","dateModified":"2025-09-18T00:32:04+00:00","description":"Un libro\u2026 es un camino de restauraci\u00f3n, un recordatorio de que, aun cuando las palabras y acciones de otros hieren, el amor de Dios siempre restaura.","breadcrumb":{"@id":"https:\/\/tzionlibreria.com\/index.php\/product\/heridos-por-la-gente-de-dios-sanados-por-el-amor-de-dios\/#breadcrumb"},"inLanguage":"es-CO","potentialAction":[{"@type":"ReadAction","target":["https:\/\/tzionlibreria.com\/index.php\/product\/heridos-por-la-gente-de-dios-sanados-por-el-amor-de-dios\/"]}]},{"@type":"ImageObject","inLanguage":"es-CO","@id":"https:\/\/tzionlibreria.com\/index.php\/product\/heridos-por-la-gente-de-dios-sanados-por-el-amor-de-dios\/#primaryimage","url":"https:\/\/tzionlibreria.com\/wp-content\/uploads\/2025\/09\/270.png","contentUrl":"https:\/\/tzionlibreria.com\/wp-content\/uploads\/2025\/09\/270.png","width":1080,"height":1080},{"@type":"BreadcrumbList","@id":"https:\/\/tzionlibreria.com\/index.php\/product\/heridos-por-la-gente-de-dios-sanados-por-el-amor-de-dios\/#breadcrumb","itemListElement":[{"@type":"ListItem","position":1,"name":"Inicio","item":"https:\/\/tzionlibreria.com\/"},{"@type":"ListItem","position":2,"name":"Shop","item":"https:\/\/tzionlibreria.com\/index.php\/shop\/"},{"@type":"ListItem","position":3,"name":"Heridos por la gente de Dios &#8211; Sanados por el amor de Dios"}]},{"@type":"WebSite","@id":"https:\/\/tzionlibreria.com\/#website","url":"https:\/\/tzionlibreria.com\/","name":"tzionlibreria.com","description":"Libreria Cristiana Venezuela","publisher":{"@id":"https:\/\/tzionlibreria.com\/#organization"},"potentialAction":[{"@type":"SearchAction","target":{"@type":"EntryPoint","urlTemplate":"https:\/\/tzionlibreria.com\/?s={search_term_string}"},"query-input":{"@type":"PropertyValueSpecification","valueRequired":true,"valueName":"search_term_string"}}],"inLanguage":"es-CO"},{"@type":"Organization","@id":"https:\/\/tzionlibreria.com\/#organization","name":"tzionlibreria.com","url":"https:\/\/tzionlibreria.com\/","logo":{"@type":"ImageObject","inLanguage":"es-CO","@id":"https:\/\/tzionlibreria.com\/#\/schema\/logo\/image\/","url":"https:\/\/tzionlibreria.com\/wp-content\/uploads\/2023\/10\/cropped-Cuadricula-scaled-1.jpg","contentUrl":"https:\/\/tzionlibreria.com\/wp-content\/uploads\/2023\/10\/cropped-Cuadricula-scaled-1.jpg","width":2560,"height":2560,"caption":"tzionlibreria.com"},"image":{"@id":"https:\/\/tzionlibreria.com\/#\/schema\/logo\/image\/"}}]}},"jetpack_sharing_enabled":true,"_links":{"self":[{"href":"https:\/\/tzionlibreria.com\/index.php\/wp-json\/wp\/v2\/product\/6064","targetHints":{"allow":["GET"]}}],"collection":[{"href":"https:\/\/tzionlibreria.com\/index.php\/wp-json\/wp\/v2\/product"}],"about":[{"href":"https:\/\/tzionlibreria.com\/index.php\/wp-json\/wp\/v2\/types\/product"}],"replies":[{"embeddable":true,"href":"https:\/\/tzionlibreria.com\/index.php\/wp-json\/wp\/v2\/comments?post=6064"}],"wp:featuredmedia":[{"embeddable":true,"href":"https:\/\/tzionlibreria.com\/index.php\/wp-json\/wp\/v2\/media\/6066"}],"wp:attachment":[{"href":"https:\/\/tzionlibreria.com\/index.php\/wp-json\/wp\/v2\/media?parent=6064"}],"wp:term":[{"taxonomy":"product_brand","embeddable":true,"href":"https:\/\/tzionlibreria.com\/index.php\/wp-json\/wp\/v2\/product_brand?post=6064"},{"taxonomy":"product_cat","embeddable":true,"href":"https:\/\/tzionlibreria.com\/index.php\/wp-json\/wp\/v2\/product_cat?post=6064"},{"taxonomy":"product_tag","embeddable":true,"href":"https:\/\/tzionlibreria.com\/index.php\/wp-json\/wp\/v2\/product_tag?post=6064"}],"curies":[{"name":"wp","href":"https:\/\/api.w.org\/{rel}","templated":true}]}}