{"id":6069,"date":"2025-09-18T00:46:28","date_gmt":"2025-09-18T00:46:28","guid":{"rendered":"https:\/\/tzionlibreria.com\/?post_type=product&#038;p=6069"},"modified":"2025-10-27T17:01:54","modified_gmt":"2025-10-27T17:01:54","slug":"woke-jesus-lucas-miles","status":"publish","type":"product","link":"https:\/\/tzionlibreria.com\/index.php\/product\/woke-jesus-lucas-miles\/","title":{"rendered":"Woke Jes\u00fas &#8211; Lucas Miles"},"content":{"rendered":"<p data-start=\"159\" data-end=\"261\">\u2694\ufe0f <strong data-start=\"162\" data-end=\"176\">Woke Jes\u00fas<\/strong> \u271d\ufe0f<br data-start=\"179\" data-end=\"182\" \/>\u00bfY si el \u201cJes\u00fas\u201d que promueve la cultura <em data-start=\"223\" data-end=\"229\">woke<\/em> no fuera el verdadero Cristo?<\/p>\n<p data-start=\"263\" data-end=\"508\">En un mundo donde la justicia social se presenta como un valor cristiano incuestionable, muchos creyentes est\u00e1n siendo seducidos por un evangelio alternativo que parece piadoso\u2026 pero que en realidad <strong data-start=\"462\" data-end=\"505\">socava los fundamentos de la fe b\u00edblica<\/strong>.<\/p>\n<p data-start=\"510\" data-end=\"796\">\ud83d\udcd6 En esta obra reveladora, el pastor y autor <strong data-start=\"556\" data-end=\"571\">Lucas Miles<\/strong> expone c\u00f3mo el cristianismo progresista est\u00e1 deformando el mensaje del evangelio para adaptarlo a ideolog\u00edas modernas, y te equipa con herramientas b\u00edblicas y teol\u00f3gicas para discernir, resistir y defender la fe aut\u00e9ntica.<\/p>\n<p data-start=\"798\" data-end=\"898\">\ud83d\udd25 Este es un llamado urgente a volver al evangelio verdadero y a redescubrir la fuerza de Cristo.<\/p>\n<p data-start=\"900\" data-end=\"1105\">\ud83d\udcda <strong data-start=\"903\" data-end=\"925\">Detalles del libro<\/strong><br data-start=\"925\" data-end=\"928\" \/>T\u00edtulo: Woke Jes\u00fas<br data-start=\"946\" data-end=\"949\" \/>Autor: Lucas Miles<br data-start=\"967\" data-end=\"970\" \/>Editorial: Casa Creaci\u00f3n<br data-start=\"994\" data-end=\"997\" \/>Fecha de publicaci\u00f3n: 22 julio 2025<br data-start=\"1032\" data-end=\"1035\" \/>Encuadernaci\u00f3n: R\u00fastica<br data-start=\"1058\" data-end=\"1061\" \/>Tama\u00f1o: 14 x 21.5 cm<br data-start=\"1081\" data-end=\"1084\" \/>ISBN: 9781966427117<\/p>\n","protected":false},"excerpt":{"rendered":"<p>\u2694\ufe0f Woke Jes\u00fas \u271d\ufe0f\u00bfY si el \u201cJes\u00fas\u201d que promueve la cultura woke no fuera el verdadero Cristo? En un mundo donde la justicia social se presenta como un valor cristiano incuestionable, muchos creyentes est\u00e1n siendo seducidos por un evangelio alternativo que parece piadoso\u2026 pero que en realidad socava los fundamentos de la fe b\u00edblica. \ud83d\udcd6 [&hellip;]<\/p>\n","protected":false},"featured_media":6071,"comment_status":"open","ping_status":"closed","template":"","meta":{"om_disable_all_campaigns":false,"_monsterinsights_skip_tracking":false,"_monsterinsights_sitenote_active":false,"_monsterinsights_sitenote_note":"","_monsterinsights_sitenote_category":0,"site-sidebar-layout":"default","site-content-layout":"","ast-site-content-layout":"default","site-content-style":"default","site-sidebar-style":"default","ast-global-header-display":"","ast-banner-title-visibility":"","ast-main-header-display":"","ast-hfb-above-header-display":"","ast-hfb-below-header-display":"","ast-hfb-mobile-header-display":"","site-post-title":"","ast-breadcrumbs-content":"","ast-featured-img":"","footer-sml-layout":"","ast-disable-related-posts":"","theme-transparent-header-meta":"default","adv-header-id-meta":"","stick-header-meta":"","header-above-stick-meta":"","header-main-stick-meta":"","header-below-stick-meta":"","astra-migrate-meta-layouts":"set","ast-page-background-enabled":"default","ast-page-background-meta":{"desktop":{"background-color":"var(--ast-global-color-4)","background-image":"","background-repeat":"repeat","background-position":"center center","background-size":"auto","background-attachment":"scroll","background-type":"","background-media":"","overlay-type":"","overlay-color":"","overlay-opacity":"","overlay-gradient":""},"tablet":{"background-color":"","background-image":"","background-repeat":"repeat","background-position":"center center","background-size":"auto","background-attachment":"scroll","background-type":"","background-media":"","overlay-type":"","overlay-color":"","overlay-opacity":"","overlay-gradient":""},"mobile":{"background-color":"","background-image":"","background-repeat":"repeat","background-position":"center center","background-size":"auto","background-attachment":"scroll","background-type":"","background-media":"","overlay-type":"","overlay-color":"","overlay-opacity":"","overlay-gradient":""}},"ast-content-background-meta":{"desktop":{"background-color":"var(--ast-global-color-5)","background-image":"","background-repeat":"repeat","background-position":"center center","background-size":"auto","background-attachment":"scroll","background-type":"","background-media":"","overlay-type":"","overlay-color":"","overlay-opacity":"","overlay-gradient":""},"tablet":{"background-color":"var(--ast-global-color-5)","background-image":"","background-repeat":"repeat","background-position":"center center","background-size":"auto","background-attachment":"scroll","background-type":"","background-media":"","overlay-type":"","overlay-color":"","overlay-opacity":"","overlay-gradient":""},"mobile":{"background-color":"var(--ast-global-color-5)","background-image":"","background-repeat":"repeat","background-position":"center center","background-size":"auto","background-attachment":"scroll","background-type":"","background-media":"","overlay-type":"","overlay-color":"","overlay-opacity":"","overlay-gradient":""}}},"product_brand":[],"product_cat":[173,23],"product_tag":[],"class_list":{"0":"post-6069","1":"product","2":"type-product","3":"status-publish","4":"has-post-thumbnail","6":"product_cat-jovenes","7":"product_cat-libros","8":"desktop-align-left","9":"tablet-align-left","10":"mobile-align-left","12":"first","13":"instock","14":"shipping-taxable","15":"purchasable","16":"product-type-simple"},"yoast_head":"<!-- This site is optimized with the Yoast SEO plugin v27.4 - https:\/\/yoast.com\/product\/yoast-seo-wordpress\/ -->\n<title>Woke Jes\u00fas - Lucas Miles - tzionlibreria.com<\/title>\n<meta name=\"description\" content=\"Lucas Miles expone c\u00f3mo el cristianismo progresista est\u00e1 deformando el mensaje del evangelio para adaptarlo a ideolog\u00edas modernas.\" \/>\n<meta name=\"robots\" content=\"index, follow, max-snippet:-1, max-image-preview:large, max-video-preview:-1\" \/>\n<link rel=\"canonical\" href=\"https:\/\/tzionlibreria.com\/index.php\/product\/woke-jesus-lucas-miles\/\" \/>\n<meta property=\"og:locale\" content=\"es_ES\" \/>\n<meta property=\"og:type\" content=\"article\" \/>\n<meta property=\"og:title\" content=\"Woke Jes\u00fas - Lucas Miles - tzionlibreria.com\" \/>\n<meta property=\"og:description\" content=\"Lucas Miles expone c\u00f3mo el cristianismo progresista est\u00e1 deformando el mensaje del evangelio para adaptarlo a ideolog\u00edas modernas.\" \/>\n<meta property=\"og:url\" content=\"https:\/\/tzionlibreria.com\/index.php\/product\/woke-jesus-lucas-miles\/\" \/>\n<meta property=\"og:site_name\" content=\"tzionlibreria.com\" \/>\n<meta property=\"article:modified_time\" content=\"2025-10-27T17:01:54+00:00\" \/>\n<meta property=\"og:image\" content=\"http:\/\/tzionlibreria.com\/wp-content\/uploads\/2025\/09\/268.png\" \/>\n\t<meta property=\"og:image:width\" content=\"1080\" \/>\n\t<meta property=\"og:image:height\" content=\"1080\" \/>\n\t<meta property=\"og:image:type\" content=\"image\/png\" \/>\n<meta name=\"twitter:card\" content=\"summary_large_image\" \/>\n<meta name=\"twitter:label1\" content=\"Tiempo de lectura\" \/>\n\t<meta name=\"twitter:data1\" content=\"1 minuto\" \/>\n<script type=\"application\/ld+json\" class=\"yoast-schema-graph\">{\"@context\":\"https:\\\/\\\/schema.org\",\"@graph\":[{\"@type\":\"WebPage\",\"@id\":\"https:\\\/\\\/tzionlibreria.com\\\/index.php\\\/product\\\/woke-jesus-lucas-miles\\\/\",\"url\":\"https:\\\/\\\/tzionlibreria.com\\\/index.php\\\/product\\\/woke-jesus-lucas-miles\\\/\",\"name\":\"Woke Jes\u00fas - Lucas Miles - tzionlibreria.com\",\"isPartOf\":{\"@id\":\"https:\\\/\\\/tzionlibreria.com\\\/#website\"},\"primaryImageOfPage\":{\"@id\":\"https:\\\/\\\/tzionlibreria.com\\\/index.php\\\/product\\\/woke-jesus-lucas-miles\\\/#primaryimage\"},\"image\":{\"@id\":\"https:\\\/\\\/tzionlibreria.com\\\/index.php\\\/product\\\/woke-jesus-lucas-miles\\\/#primaryimage\"},\"thumbnailUrl\":\"https:\\\/\\\/tzionlibreria.com\\\/wp-content\\\/uploads\\\/2025\\\/09\\\/268.png\",\"datePublished\":\"2025-09-18T00:46:28+00:00\",\"dateModified\":\"2025-10-27T17:01:54+00:00\",\"description\":\"Lucas Miles expone c\u00f3mo el cristianismo progresista est\u00e1 deformando el mensaje del evangelio para adaptarlo a ideolog\u00edas modernas.\",\"breadcrumb\":{\"@id\":\"https:\\\/\\\/tzionlibreria.com\\\/index.php\\\/product\\\/woke-jesus-lucas-miles\\\/#breadcrumb\"},\"inLanguage\":\"es-CO\",\"potentialAction\":[{\"@type\":\"ReadAction\",\"target\":[\"https:\\\/\\\/tzionlibreria.com\\\/index.php\\\/product\\\/woke-jesus-lucas-miles\\\/\"]}]},{\"@type\":\"ImageObject\",\"inLanguage\":\"es-CO\",\"@id\":\"https:\\\/\\\/tzionlibreria.com\\\/index.php\\\/product\\\/woke-jesus-lucas-miles\\\/#primaryimage\",\"url\":\"https:\\\/\\\/tzionlibreria.com\\\/wp-content\\\/uploads\\\/2025\\\/09\\\/268.png\",\"contentUrl\":\"https:\\\/\\\/tzionlibreria.com\\\/wp-content\\\/uploads\\\/2025\\\/09\\\/268.png\",\"width\":1080,\"height\":1080},{\"@type\":\"BreadcrumbList\",\"@id\":\"https:\\\/\\\/tzionlibreria.com\\\/index.php\\\/product\\\/woke-jesus-lucas-miles\\\/#breadcrumb\",\"itemListElement\":[{\"@type\":\"ListItem\",\"position\":1,\"name\":\"Inicio\",\"item\":\"https:\\\/\\\/tzionlibreria.com\\\/\"},{\"@type\":\"ListItem\",\"position\":2,\"name\":\"Shop\",\"item\":\"https:\\\/\\\/tzionlibreria.com\\\/index.php\\\/shop\\\/\"},{\"@type\":\"ListItem\",\"position\":3,\"name\":\"Woke Jes\u00fas &#8211; Lucas Miles\"}]},{\"@type\":\"WebSite\",\"@id\":\"https:\\\/\\\/tzionlibreria.com\\\/#website\",\"url\":\"https:\\\/\\\/tzionlibreria.com\\\/\",\"name\":\"tzionlibreria.com\",\"description\":\"Libreria Cristiana Venezuela\",\"publisher\":{\"@id\":\"https:\\\/\\\/tzionlibreria.com\\\/#organization\"},\"potentialAction\":[{\"@type\":\"SearchAction\",\"target\":{\"@type\":\"EntryPoint\",\"urlTemplate\":\"https:\\\/\\\/tzionlibreria.com\\\/?s={search_term_string}\"},\"query-input\":{\"@type\":\"PropertyValueSpecification\",\"valueRequired\":true,\"valueName\":\"search_term_string\"}}],\"inLanguage\":\"es-CO\"},{\"@type\":\"Organization\",\"@id\":\"https:\\\/\\\/tzionlibreria.com\\\/#organization\",\"name\":\"tzionlibreria.com\",\"url\":\"https:\\\/\\\/tzionlibreria.com\\\/\",\"logo\":{\"@type\":\"ImageObject\",\"inLanguage\":\"es-CO\",\"@id\":\"https:\\\/\\\/tzionlibreria.com\\\/#\\\/schema\\\/logo\\\/image\\\/\",\"url\":\"https:\\\/\\\/tzionlibreria.com\\\/wp-content\\\/uploads\\\/2023\\\/10\\\/cropped-Cuadricula-scaled-1.jpg\",\"contentUrl\":\"https:\\\/\\\/tzionlibreria.com\\\/wp-content\\\/uploads\\\/2023\\\/10\\\/cropped-Cuadricula-scaled-1.jpg\",\"width\":2560,\"height\":2560,\"caption\":\"tzionlibreria.com\"},\"image\":{\"@id\":\"https:\\\/\\\/tzionlibreria.com\\\/#\\\/schema\\\/logo\\\/image\\\/\"}}]}<\/script>\n<!-- \/ Yoast SEO plugin. -->","yoast_head_json":{"title":"Woke Jes\u00fas - Lucas Miles - tzionlibreria.com","description":"Lucas Miles expone c\u00f3mo el cristianismo progresista est\u00e1 deformando el mensaje del evangelio para adaptarlo a ideolog\u00edas modernas.","robots":{"index":"index","follow":"follow","max-snippet":"max-snippet:-1","max-image-preview":"max-image-preview:large","max-video-preview":"max-video-preview:-1"},"canonical":"https:\/\/tzionlibreria.com\/index.php\/product\/woke-jesus-lucas-miles\/","og_locale":"es_ES","og_type":"article","og_title":"Woke Jes\u00fas - Lucas Miles - tzionlibreria.com","og_description":"Lucas Miles expone c\u00f3mo el cristianismo progresista est\u00e1 deformando el mensaje del evangelio para adaptarlo a ideolog\u00edas modernas.","og_url":"https:\/\/tzionlibreria.com\/index.php\/product\/woke-jesus-lucas-miles\/","og_site_name":"tzionlibreria.com","article_modified_time":"2025-10-27T17:01:54+00:00","og_image":[{"width":1080,"height":1080,"url":"http:\/\/tzionlibreria.com\/wp-content\/uploads\/2025\/09\/268.png","type":"image\/png"}],"twitter_card":"summary_large_image","twitter_misc":{"Tiempo de lectura":"1 minuto"},"schema":{"@context":"https:\/\/schema.org","@graph":[{"@type":"WebPage","@id":"https:\/\/tzionlibreria.com\/index.php\/product\/woke-jesus-lucas-miles\/","url":"https:\/\/tzionlibreria.com\/index.php\/product\/woke-jesus-lucas-miles\/","name":"Woke Jes\u00fas - Lucas Miles - tzionlibreria.com","isPartOf":{"@id":"https:\/\/tzionlibreria.com\/#website"},"primaryImageOfPage":{"@id":"https:\/\/tzionlibreria.com\/index.php\/product\/woke-jesus-lucas-miles\/#primaryimage"},"image":{"@id":"https:\/\/tzionlibreria.com\/index.php\/product\/woke-jesus-lucas-miles\/#primaryimage"},"thumbnailUrl":"https:\/\/tzionlibreria.com\/wp-content\/uploads\/2025\/09\/268.png","datePublished":"2025-09-18T00:46:28+00:00","dateModified":"2025-10-27T17:01:54+00:00","description":"Lucas Miles expone c\u00f3mo el cristianismo progresista est\u00e1 deformando el mensaje del evangelio para adaptarlo a ideolog\u00edas modernas.","breadcrumb":{"@id":"https:\/\/tzionlibreria.com\/index.php\/product\/woke-jesus-lucas-miles\/#breadcrumb"},"inLanguage":"es-CO","potentialAction":[{"@type":"ReadAction","target":["https:\/\/tzionlibreria.com\/index.php\/product\/woke-jesus-lucas-miles\/"]}]},{"@type":"ImageObject","inLanguage":"es-CO","@id":"https:\/\/tzionlibreria.com\/index.php\/product\/woke-jesus-lucas-miles\/#primaryimage","url":"https:\/\/tzionlibreria.com\/wp-content\/uploads\/2025\/09\/268.png","contentUrl":"https:\/\/tzionlibreria.com\/wp-content\/uploads\/2025\/09\/268.png","width":1080,"height":1080},{"@type":"BreadcrumbList","@id":"https:\/\/tzionlibreria.com\/index.php\/product\/woke-jesus-lucas-miles\/#breadcrumb","itemListElement":[{"@type":"ListItem","position":1,"name":"Inicio","item":"https:\/\/tzionlibreria.com\/"},{"@type":"ListItem","position":2,"name":"Shop","item":"https:\/\/tzionlibreria.com\/index.php\/shop\/"},{"@type":"ListItem","position":3,"name":"Woke Jes\u00fas &#8211; Lucas Miles"}]},{"@type":"WebSite","@id":"https:\/\/tzionlibreria.com\/#website","url":"https:\/\/tzionlibreria.com\/","name":"tzionlibreria.com","description":"Libreria Cristiana Venezuela","publisher":{"@id":"https:\/\/tzionlibreria.com\/#organization"},"potentialAction":[{"@type":"SearchAction","target":{"@type":"EntryPoint","urlTemplate":"https:\/\/tzionlibreria.com\/?s={search_term_string}"},"query-input":{"@type":"PropertyValueSpecification","valueRequired":true,"valueName":"search_term_string"}}],"inLanguage":"es-CO"},{"@type":"Organization","@id":"https:\/\/tzionlibreria.com\/#organization","name":"tzionlibreria.com","url":"https:\/\/tzionlibreria.com\/","logo":{"@type":"ImageObject","inLanguage":"es-CO","@id":"https:\/\/tzionlibreria.com\/#\/schema\/logo\/image\/","url":"https:\/\/tzionlibreria.com\/wp-content\/uploads\/2023\/10\/cropped-Cuadricula-scaled-1.jpg","contentUrl":"https:\/\/tzionlibreria.com\/wp-content\/uploads\/2023\/10\/cropped-Cuadricula-scaled-1.jpg","width":2560,"height":2560,"caption":"tzionlibreria.com"},"image":{"@id":"https:\/\/tzionlibreria.com\/#\/schema\/logo\/image\/"}}]}},"jetpack_sharing_enabled":true,"_links":{"self":[{"href":"https:\/\/tzionlibreria.com\/index.php\/wp-json\/wp\/v2\/product\/6069","targetHints":{"allow":["GET"]}}],"collection":[{"href":"https:\/\/tzionlibreria.com\/index.php\/wp-json\/wp\/v2\/product"}],"about":[{"href":"https:\/\/tzionlibreria.com\/index.php\/wp-json\/wp\/v2\/types\/product"}],"replies":[{"embeddable":true,"href":"https:\/\/tzionlibreria.com\/index.php\/wp-json\/wp\/v2\/comments?post=6069"}],"wp:featuredmedia":[{"embeddable":true,"href":"https:\/\/tzionlibreria.com\/index.php\/wp-json\/wp\/v2\/media\/6071"}],"wp:attachment":[{"href":"https:\/\/tzionlibreria.com\/index.php\/wp-json\/wp\/v2\/media?parent=6069"}],"wp:term":[{"taxonomy":"product_brand","embeddable":true,"href":"https:\/\/tzionlibreria.com\/index.php\/wp-json\/wp\/v2\/product_brand?post=6069"},{"taxonomy":"product_cat","embeddable":true,"href":"https:\/\/tzionlibreria.com\/index.php\/wp-json\/wp\/v2\/product_cat?post=6069"},{"taxonomy":"product_tag","embeddable":true,"href":"https:\/\/tzionlibreria.com\/index.php\/wp-json\/wp\/v2\/product_tag?post=6069"}],"curies":[{"name":"wp","href":"https:\/\/api.w.org\/{rel}","templated":true}]}}