{"id":6074,"date":"2025-09-18T01:31:43","date_gmt":"2025-09-18T01:31:43","guid":{"rendered":"https:\/\/tzionlibreria.com\/?post_type=product&#038;p=6074"},"modified":"2025-10-17T14:01:05","modified_gmt":"2025-10-17T14:01:05","slug":"revolucion-de-la-iglesia-ricardo-y-marcos-codd","status":"publish","type":"product","link":"https:\/\/tzionlibreria.com\/index.php\/product\/revolucion-de-la-iglesia-ricardo-y-marcos-codd\/","title":{"rendered":"Revoluci\u00f3n de la iglesIA &#8211; Ricardo y Marcos Codd"},"content":{"rendered":"<p data-start=\"133\" data-end=\"229\">\ud83e\udd16\u2728 <strong data-start=\"137\" data-end=\"227\">\u00bfC\u00f3mo est\u00e1 transformando la inteligencia artificial la fe y nuestro futuro espiritual?<\/strong><\/p>\n<p data-start=\"231\" data-end=\"414\">\ud83d\udcd6 <em data-start=\"234\" data-end=\"260\">Revoluci\u00f3n de la Iglesia<\/em> de <strong data-start=\"264\" data-end=\"289\">Marcos y Ricardo Codd<\/strong> nos lleva a un recorrido fascinante sobre los desaf\u00edos y oportunidades que la tecnolog\u00eda presenta para la iglesia moderna.<\/p>\n<p data-start=\"416\" data-end=\"656\">Desde sermones con asistencia digital hasta comunidades de fe en entornos virtuales, este libro muestra c\u00f3mo la innovaci\u00f3n puede fortalecer la fe, mejorar la ense\u00f1anza y expandir el impacto del evangelio, sin perder la esencia espiritual.<\/p>\n<p data-start=\"658\" data-end=\"876\">\ud83d\ude4c Con pr\u00f3logo de <strong data-start=\"676\" data-end=\"691\">Dante Gebel<\/strong>, esta obra es una invitaci\u00f3n a abrazar el cambio con esperanza, a discernir con sabidur\u00eda y a ver la IA como una herramienta en manos de Dios para construir la iglesia del siglo XXI.<\/p>\n<p data-start=\"878\" data-end=\"1033\">\ud83d\udcda <strong data-start=\"881\" data-end=\"903\">Detalles del libro<\/strong><br data-start=\"903\" data-end=\"906\" \/>T\u00edtulo: Revoluci\u00f3n de la Iglesia<br data-start=\"938\" data-end=\"941\" \/>Autores: Marcos y Ricardo Codd<br data-start=\"971\" data-end=\"974\" \/>Pr\u00f3logo: Dante Gebel<br data-start=\"994\" data-end=\"997\" \/>P\u00e1ginas: 240<br data-start=\"1009\" data-end=\"1012\" \/>ISBN: 9781960436986<\/p>\n","protected":false},"excerpt":{"rendered":"<p>\ud83e\udd16\u2728 \u00bfC\u00f3mo est\u00e1 transformando la inteligencia artificial la fe y nuestro futuro espiritual? \ud83d\udcd6 Revoluci\u00f3n de la Iglesia de Marcos y Ricardo Codd nos lleva a un recorrido fascinante sobre los desaf\u00edos y oportunidades que la tecnolog\u00eda presenta para la iglesia moderna. Desde sermones con asistencia digital hasta comunidades de fe en entornos virtuales, este [&hellip;]<\/p>\n","protected":false},"featured_media":6075,"comment_status":"open","ping_status":"closed","template":"","meta":{"om_disable_all_campaigns":false,"_monsterinsights_skip_tracking":false,"_monsterinsights_sitenote_active":false,"_monsterinsights_sitenote_note":"","_monsterinsights_sitenote_category":0,"site-sidebar-layout":"default","site-content-layout":"","ast-site-content-layout":"default","site-content-style":"default","site-sidebar-style":"default","ast-global-header-display":"","ast-banner-title-visibility":"","ast-main-header-display":"","ast-hfb-above-header-display":"","ast-hfb-below-header-display":"","ast-hfb-mobile-header-display":"","site-post-title":"","ast-breadcrumbs-content":"","ast-featured-img":"","footer-sml-layout":"","ast-disable-related-posts":"","theme-transparent-header-meta":"default","adv-header-id-meta":"","stick-header-meta":"","header-above-stick-meta":"","header-main-stick-meta":"","header-below-stick-meta":"","astra-migrate-meta-layouts":"set","ast-page-background-enabled":"default","ast-page-background-meta":{"desktop":{"background-color":"var(--ast-global-color-4)","background-image":"","background-repeat":"repeat","background-position":"center center","background-size":"auto","background-attachment":"scroll","background-type":"","background-media":"","overlay-type":"","overlay-color":"","overlay-opacity":"","overlay-gradient":""},"tablet":{"background-color":"","background-image":"","background-repeat":"repeat","background-position":"center center","background-size":"auto","background-attachment":"scroll","background-type":"","background-media":"","overlay-type":"","overlay-color":"","overlay-opacity":"","overlay-gradient":""},"mobile":{"background-color":"","background-image":"","background-repeat":"repeat","background-position":"center center","background-size":"auto","background-attachment":"scroll","background-type":"","background-media":"","overlay-type":"","overlay-color":"","overlay-opacity":"","overlay-gradient":""}},"ast-content-background-meta":{"desktop":{"background-color":"var(--ast-global-color-5)","background-image":"","background-repeat":"repeat","background-position":"center center","background-size":"auto","background-attachment":"scroll","background-type":"","background-media":"","overlay-type":"","overlay-color":"","overlay-opacity":"","overlay-gradient":""},"tablet":{"background-color":"var(--ast-global-color-5)","background-image":"","background-repeat":"repeat","background-position":"center center","background-size":"auto","background-attachment":"scroll","background-type":"","background-media":"","overlay-type":"","overlay-color":"","overlay-opacity":"","overlay-gradient":""},"mobile":{"background-color":"var(--ast-global-color-5)","background-image":"","background-repeat":"repeat","background-position":"center center","background-size":"auto","background-attachment":"scroll","background-type":"","background-media":"","overlay-type":"","overlay-color":"","overlay-opacity":"","overlay-gradient":""}}},"product_brand":[],"product_cat":[174,173,23],"product_tag":[],"class_list":{"0":"post-6074","1":"product","2":"type-product","3":"status-publish","4":"has-post-thumbnail","6":"product_cat-iglesia","7":"product_cat-jovenes","8":"product_cat-libros","9":"desktop-align-left","10":"tablet-align-left","11":"mobile-align-left","13":"first","14":"outofstock","15":"shipping-taxable","16":"purchasable","17":"product-type-simple"},"yoast_head":"<!-- This site is optimized with the Yoast SEO plugin v27.4 - https:\/\/yoast.com\/product\/yoast-seo-wordpress\/ -->\n<title>Revoluci\u00f3n de la iglesIA - Ricardo y Marcos Codd - tzionlibreria.com<\/title>\n<meta name=\"description\" content=\"Este libro muestra c\u00f3mo discernir con sabidur\u00eda y a ver la IA como una herramienta en manos de Dios para construir la iglesia del siglo XXI.\" \/>\n<meta name=\"robots\" content=\"index, follow, max-snippet:-1, max-image-preview:large, max-video-preview:-1\" \/>\n<link rel=\"canonical\" href=\"https:\/\/tzionlibreria.com\/index.php\/product\/revolucion-de-la-iglesia-ricardo-y-marcos-codd\/\" \/>\n<meta property=\"og:locale\" content=\"es_ES\" \/>\n<meta property=\"og:type\" content=\"article\" \/>\n<meta property=\"og:title\" content=\"Revoluci\u00f3n de la iglesIA - Ricardo y Marcos Codd - tzionlibreria.com\" \/>\n<meta property=\"og:description\" content=\"Este libro muestra c\u00f3mo discernir con sabidur\u00eda y a ver la IA como una herramienta en manos de Dios para construir la iglesia del siglo XXI.\" \/>\n<meta property=\"og:url\" content=\"https:\/\/tzionlibreria.com\/index.php\/product\/revolucion-de-la-iglesia-ricardo-y-marcos-codd\/\" \/>\n<meta property=\"og:site_name\" content=\"tzionlibreria.com\" \/>\n<meta property=\"article:modified_time\" content=\"2025-10-17T14:01:05+00:00\" \/>\n<meta property=\"og:image\" content=\"http:\/\/tzionlibreria.com\/wp-content\/uploads\/2025\/09\/267.png\" \/>\n\t<meta property=\"og:image:width\" content=\"1080\" \/>\n\t<meta property=\"og:image:height\" content=\"1080\" \/>\n\t<meta property=\"og:image:type\" content=\"image\/png\" \/>\n<meta name=\"twitter:card\" content=\"summary_large_image\" \/>\n<meta name=\"twitter:label1\" content=\"Tiempo de lectura\" \/>\n\t<meta name=\"twitter:data1\" content=\"1 minuto\" \/>\n<script type=\"application\/ld+json\" class=\"yoast-schema-graph\">{\"@context\":\"https:\\\/\\\/schema.org\",\"@graph\":[{\"@type\":\"WebPage\",\"@id\":\"https:\\\/\\\/tzionlibreria.com\\\/index.php\\\/product\\\/revolucion-de-la-iglesia-ricardo-y-marcos-codd\\\/\",\"url\":\"https:\\\/\\\/tzionlibreria.com\\\/index.php\\\/product\\\/revolucion-de-la-iglesia-ricardo-y-marcos-codd\\\/\",\"name\":\"Revoluci\u00f3n de la iglesIA - Ricardo y Marcos Codd - tzionlibreria.com\",\"isPartOf\":{\"@id\":\"https:\\\/\\\/tzionlibreria.com\\\/#website\"},\"primaryImageOfPage\":{\"@id\":\"https:\\\/\\\/tzionlibreria.com\\\/index.php\\\/product\\\/revolucion-de-la-iglesia-ricardo-y-marcos-codd\\\/#primaryimage\"},\"image\":{\"@id\":\"https:\\\/\\\/tzionlibreria.com\\\/index.php\\\/product\\\/revolucion-de-la-iglesia-ricardo-y-marcos-codd\\\/#primaryimage\"},\"thumbnailUrl\":\"https:\\\/\\\/tzionlibreria.com\\\/wp-content\\\/uploads\\\/2025\\\/09\\\/267.png\",\"datePublished\":\"2025-09-18T01:31:43+00:00\",\"dateModified\":\"2025-10-17T14:01:05+00:00\",\"description\":\"Este libro muestra c\u00f3mo discernir con sabidur\u00eda y a ver la IA como una herramienta en manos de Dios para construir la iglesia del siglo XXI.\",\"breadcrumb\":{\"@id\":\"https:\\\/\\\/tzionlibreria.com\\\/index.php\\\/product\\\/revolucion-de-la-iglesia-ricardo-y-marcos-codd\\\/#breadcrumb\"},\"inLanguage\":\"es-CO\",\"potentialAction\":[{\"@type\":\"ReadAction\",\"target\":[\"https:\\\/\\\/tzionlibreria.com\\\/index.php\\\/product\\\/revolucion-de-la-iglesia-ricardo-y-marcos-codd\\\/\"]}]},{\"@type\":\"ImageObject\",\"inLanguage\":\"es-CO\",\"@id\":\"https:\\\/\\\/tzionlibreria.com\\\/index.php\\\/product\\\/revolucion-de-la-iglesia-ricardo-y-marcos-codd\\\/#primaryimage\",\"url\":\"https:\\\/\\\/tzionlibreria.com\\\/wp-content\\\/uploads\\\/2025\\\/09\\\/267.png\",\"contentUrl\":\"https:\\\/\\\/tzionlibreria.com\\\/wp-content\\\/uploads\\\/2025\\\/09\\\/267.png\",\"width\":1080,\"height\":1080},{\"@type\":\"BreadcrumbList\",\"@id\":\"https:\\\/\\\/tzionlibreria.com\\\/index.php\\\/product\\\/revolucion-de-la-iglesia-ricardo-y-marcos-codd\\\/#breadcrumb\",\"itemListElement\":[{\"@type\":\"ListItem\",\"position\":1,\"name\":\"Inicio\",\"item\":\"https:\\\/\\\/tzionlibreria.com\\\/\"},{\"@type\":\"ListItem\",\"position\":2,\"name\":\"Shop\",\"item\":\"https:\\\/\\\/tzionlibreria.com\\\/index.php\\\/shop\\\/\"},{\"@type\":\"ListItem\",\"position\":3,\"name\":\"Revoluci\u00f3n de la iglesIA &#8211; Ricardo y Marcos Codd\"}]},{\"@type\":\"WebSite\",\"@id\":\"https:\\\/\\\/tzionlibreria.com\\\/#website\",\"url\":\"https:\\\/\\\/tzionlibreria.com\\\/\",\"name\":\"tzionlibreria.com\",\"description\":\"Libreria Cristiana Venezuela\",\"publisher\":{\"@id\":\"https:\\\/\\\/tzionlibreria.com\\\/#organization\"},\"potentialAction\":[{\"@type\":\"SearchAction\",\"target\":{\"@type\":\"EntryPoint\",\"urlTemplate\":\"https:\\\/\\\/tzionlibreria.com\\\/?s={search_term_string}\"},\"query-input\":{\"@type\":\"PropertyValueSpecification\",\"valueRequired\":true,\"valueName\":\"search_term_string\"}}],\"inLanguage\":\"es-CO\"},{\"@type\":\"Organization\",\"@id\":\"https:\\\/\\\/tzionlibreria.com\\\/#organization\",\"name\":\"tzionlibreria.com\",\"url\":\"https:\\\/\\\/tzionlibreria.com\\\/\",\"logo\":{\"@type\":\"ImageObject\",\"inLanguage\":\"es-CO\",\"@id\":\"https:\\\/\\\/tzionlibreria.com\\\/#\\\/schema\\\/logo\\\/image\\\/\",\"url\":\"https:\\\/\\\/tzionlibreria.com\\\/wp-content\\\/uploads\\\/2023\\\/10\\\/cropped-Cuadricula-scaled-1.jpg\",\"contentUrl\":\"https:\\\/\\\/tzionlibreria.com\\\/wp-content\\\/uploads\\\/2023\\\/10\\\/cropped-Cuadricula-scaled-1.jpg\",\"width\":2560,\"height\":2560,\"caption\":\"tzionlibreria.com\"},\"image\":{\"@id\":\"https:\\\/\\\/tzionlibreria.com\\\/#\\\/schema\\\/logo\\\/image\\\/\"}}]}<\/script>\n<!-- \/ Yoast SEO plugin. -->","yoast_head_json":{"title":"Revoluci\u00f3n de la iglesIA - Ricardo y Marcos Codd - tzionlibreria.com","description":"Este libro muestra c\u00f3mo discernir con sabidur\u00eda y a ver la IA como una herramienta en manos de Dios para construir la iglesia del siglo XXI.","robots":{"index":"index","follow":"follow","max-snippet":"max-snippet:-1","max-image-preview":"max-image-preview:large","max-video-preview":"max-video-preview:-1"},"canonical":"https:\/\/tzionlibreria.com\/index.php\/product\/revolucion-de-la-iglesia-ricardo-y-marcos-codd\/","og_locale":"es_ES","og_type":"article","og_title":"Revoluci\u00f3n de la iglesIA - Ricardo y Marcos Codd - tzionlibreria.com","og_description":"Este libro muestra c\u00f3mo discernir con sabidur\u00eda y a ver la IA como una herramienta en manos de Dios para construir la iglesia del siglo XXI.","og_url":"https:\/\/tzionlibreria.com\/index.php\/product\/revolucion-de-la-iglesia-ricardo-y-marcos-codd\/","og_site_name":"tzionlibreria.com","article_modified_time":"2025-10-17T14:01:05+00:00","og_image":[{"width":1080,"height":1080,"url":"http:\/\/tzionlibreria.com\/wp-content\/uploads\/2025\/09\/267.png","type":"image\/png"}],"twitter_card":"summary_large_image","twitter_misc":{"Tiempo de lectura":"1 minuto"},"schema":{"@context":"https:\/\/schema.org","@graph":[{"@type":"WebPage","@id":"https:\/\/tzionlibreria.com\/index.php\/product\/revolucion-de-la-iglesia-ricardo-y-marcos-codd\/","url":"https:\/\/tzionlibreria.com\/index.php\/product\/revolucion-de-la-iglesia-ricardo-y-marcos-codd\/","name":"Revoluci\u00f3n de la iglesIA - Ricardo y Marcos Codd - tzionlibreria.com","isPartOf":{"@id":"https:\/\/tzionlibreria.com\/#website"},"primaryImageOfPage":{"@id":"https:\/\/tzionlibreria.com\/index.php\/product\/revolucion-de-la-iglesia-ricardo-y-marcos-codd\/#primaryimage"},"image":{"@id":"https:\/\/tzionlibreria.com\/index.php\/product\/revolucion-de-la-iglesia-ricardo-y-marcos-codd\/#primaryimage"},"thumbnailUrl":"https:\/\/tzionlibreria.com\/wp-content\/uploads\/2025\/09\/267.png","datePublished":"2025-09-18T01:31:43+00:00","dateModified":"2025-10-17T14:01:05+00:00","description":"Este libro muestra c\u00f3mo discernir con sabidur\u00eda y a ver la IA como una herramienta en manos de Dios para construir la iglesia del siglo XXI.","breadcrumb":{"@id":"https:\/\/tzionlibreria.com\/index.php\/product\/revolucion-de-la-iglesia-ricardo-y-marcos-codd\/#breadcrumb"},"inLanguage":"es-CO","potentialAction":[{"@type":"ReadAction","target":["https:\/\/tzionlibreria.com\/index.php\/product\/revolucion-de-la-iglesia-ricardo-y-marcos-codd\/"]}]},{"@type":"ImageObject","inLanguage":"es-CO","@id":"https:\/\/tzionlibreria.com\/index.php\/product\/revolucion-de-la-iglesia-ricardo-y-marcos-codd\/#primaryimage","url":"https:\/\/tzionlibreria.com\/wp-content\/uploads\/2025\/09\/267.png","contentUrl":"https:\/\/tzionlibreria.com\/wp-content\/uploads\/2025\/09\/267.png","width":1080,"height":1080},{"@type":"BreadcrumbList","@id":"https:\/\/tzionlibreria.com\/index.php\/product\/revolucion-de-la-iglesia-ricardo-y-marcos-codd\/#breadcrumb","itemListElement":[{"@type":"ListItem","position":1,"name":"Inicio","item":"https:\/\/tzionlibreria.com\/"},{"@type":"ListItem","position":2,"name":"Shop","item":"https:\/\/tzionlibreria.com\/index.php\/shop\/"},{"@type":"ListItem","position":3,"name":"Revoluci\u00f3n de la iglesIA &#8211; Ricardo y Marcos Codd"}]},{"@type":"WebSite","@id":"https:\/\/tzionlibreria.com\/#website","url":"https:\/\/tzionlibreria.com\/","name":"tzionlibreria.com","description":"Libreria Cristiana Venezuela","publisher":{"@id":"https:\/\/tzionlibreria.com\/#organization"},"potentialAction":[{"@type":"SearchAction","target":{"@type":"EntryPoint","urlTemplate":"https:\/\/tzionlibreria.com\/?s={search_term_string}"},"query-input":{"@type":"PropertyValueSpecification","valueRequired":true,"valueName":"search_term_string"}}],"inLanguage":"es-CO"},{"@type":"Organization","@id":"https:\/\/tzionlibreria.com\/#organization","name":"tzionlibreria.com","url":"https:\/\/tzionlibreria.com\/","logo":{"@type":"ImageObject","inLanguage":"es-CO","@id":"https:\/\/tzionlibreria.com\/#\/schema\/logo\/image\/","url":"https:\/\/tzionlibreria.com\/wp-content\/uploads\/2023\/10\/cropped-Cuadricula-scaled-1.jpg","contentUrl":"https:\/\/tzionlibreria.com\/wp-content\/uploads\/2023\/10\/cropped-Cuadricula-scaled-1.jpg","width":2560,"height":2560,"caption":"tzionlibreria.com"},"image":{"@id":"https:\/\/tzionlibreria.com\/#\/schema\/logo\/image\/"}}]}},"jetpack_sharing_enabled":true,"_links":{"self":[{"href":"https:\/\/tzionlibreria.com\/index.php\/wp-json\/wp\/v2\/product\/6074","targetHints":{"allow":["GET"]}}],"collection":[{"href":"https:\/\/tzionlibreria.com\/index.php\/wp-json\/wp\/v2\/product"}],"about":[{"href":"https:\/\/tzionlibreria.com\/index.php\/wp-json\/wp\/v2\/types\/product"}],"replies":[{"embeddable":true,"href":"https:\/\/tzionlibreria.com\/index.php\/wp-json\/wp\/v2\/comments?post=6074"}],"wp:featuredmedia":[{"embeddable":true,"href":"https:\/\/tzionlibreria.com\/index.php\/wp-json\/wp\/v2\/media\/6075"}],"wp:attachment":[{"href":"https:\/\/tzionlibreria.com\/index.php\/wp-json\/wp\/v2\/media?parent=6074"}],"wp:term":[{"taxonomy":"product_brand","embeddable":true,"href":"https:\/\/tzionlibreria.com\/index.php\/wp-json\/wp\/v2\/product_brand?post=6074"},{"taxonomy":"product_cat","embeddable":true,"href":"https:\/\/tzionlibreria.com\/index.php\/wp-json\/wp\/v2\/product_cat?post=6074"},{"taxonomy":"product_tag","embeddable":true,"href":"https:\/\/tzionlibreria.com\/index.php\/wp-json\/wp\/v2\/product_tag?post=6074"}],"curies":[{"name":"wp","href":"https:\/\/api.w.org\/{rel}","templated":true}]}}