{"id":6080,"date":"2025-09-18T01:49:15","date_gmt":"2025-09-18T01:49:15","guid":{"rendered":"https:\/\/tzionlibreria.com\/?post_type=product&#038;p=6080"},"modified":"2025-09-18T02:40:59","modified_gmt":"2025-09-18T02:40:59","slug":"ejerza-su-autoridad-espiritual","status":"publish","type":"product","link":"https:\/\/tzionlibreria.com\/index.php\/product\/ejerza-su-autoridad-espiritual\/","title":{"rendered":"Ejerza su Autoridad Espiritual y triunfe sobre los poderes demon\u00edacos"},"content":{"rendered":"<p data-start=\"216\" data-end=\"327\"><strong data-start=\"285\" data-end=\"327\">Y triunfe sobre los poderes demon\u00edacos<\/strong><\/p>\n<p data-start=\"329\" data-end=\"665\">Como hijo de Dios,\u00a0<strong data-start=\"348\" data-end=\"398\">no est\u00e1s llamado a vivir en derrota espiritual<\/strong>, sino a ejercer dominio y autoridad sobre toda obra de las tinieblas. En este poderoso manual de guerra espiritual, el Dr. Chandrakumar Manickam te ense\u00f1a\u00a0<strong data-start=\"554\" data-end=\"615\">c\u00f3mo tomar tu posici\u00f3n como ciudadano del Reino de la Luz<\/strong>\u00a0y enfrentar con victoria los ataques del enemigo.<\/p>\n<p data-start=\"667\" data-end=\"941\">\ud83d\udcd6 Este libro es una gu\u00eda pr\u00e1ctica para:<br data-start=\"707\" data-end=\"710\" \/>\u2714\ufe0f Reclamar tu autoridad en Cristo<br data-start=\"744\" data-end=\"747\" \/>\u2714\ufe0f Reconocer y vencer las obras del diablo<br data-start=\"789\" data-end=\"792\" \/>\u2714\ufe0f Diferenciar entre posesi\u00f3n e influencia demon\u00edaca<br data-start=\"844\" data-end=\"847\" \/>\u2714\ufe0f Conocer estrategias b\u00edblicas para la liberaci\u00f3n<br data-start=\"897\" data-end=\"900\" \/>\u2714\ufe0f Caminar en libertad y poder espiritual<\/p>\n<p data-start=\"943\" data-end=\"1095\"><strong data-start=\"943\" data-end=\"1095\">Ideal para ministerios de liberaci\u00f3n, l\u00edderes de grupos peque\u00f1os y cualquier creyente que desea vivir una vida espiritual firme, libre y empoderada.<\/strong><\/p>\n<p data-start=\"1097\" data-end=\"1197\">\ud83d\udd25 \u00a1No te dejes enga\u00f1ar ni oprimir!<br data-start=\"1132\" data-end=\"1135\" \/><strong data-start=\"1135\" data-end=\"1197\">Jes\u00fas ya gan\u00f3 la victoria\u2026 ahora es tu turno de ejercerla.<\/strong><\/p>\n<p data-start=\"1204\" data-end=\"1227\">\ud83d\udcd8\u00a0<strong data-start=\"1207\" data-end=\"1225\">Ficha t\u00e9cnica:<\/strong><\/p>\n<ul data-start=\"1228\" data-end=\"1498\">\n<li data-start=\"1228\" data-end=\"1254\">\n<p data-start=\"1230\" data-end=\"1254\">\ud83c\udd94 ISBN: 9789587370690<\/p>\n<\/li>\n<li data-start=\"1255\" data-end=\"1294\">\n<p data-start=\"1257\" data-end=\"1294\">\u270d\ufe0f Autor: Dr. Chandrakumar Manickam<\/p>\n<\/li>\n<li data-start=\"1295\" data-end=\"1314\">\n<p data-start=\"1297\" data-end=\"1314\">\ud83d\udcda P\u00e1ginas: 144<\/p>\n<\/li>\n<li data-start=\"1315\" data-end=\"1349\">\n<p data-start=\"1317\" data-end=\"1349\">\ud83d\udccf Dimensiones: 14 x 21 x 1 mm<\/p>\n<\/li>\n<li data-start=\"1350\" data-end=\"1371\">\n<p data-start=\"1352\" data-end=\"1371\">\u2696\ufe0f Peso: 0,172 kg<\/p>\n<\/li>\n<li data-start=\"1372\" data-end=\"1402\">\n<p data-start=\"1374\" data-end=\"1402\">\ud83d\udce6 Encuadernaci\u00f3n: R\u00fastica<\/p>\n<\/li>\n<li data-start=\"1403\" data-end=\"1425\">\n<p data-start=\"1405\" data-end=\"1425\">\ud83c\udf0d Idioma: Espa\u00f1ol<\/p>\n<\/li>\n<li data-start=\"1426\" data-end=\"1462\">\n<p data-start=\"1428\" data-end=\"1462\">\ud83c\udff7\ufe0f Categor\u00eda: Guerra espiritual<\/p>\n<\/li>\n<li data-start=\"1463\" data-end=\"1498\">\n<p data-start=\"1465\" data-end=\"1498\">\ud83c\udfe2 Editorial: Desaf\u00edo<\/p>\n<\/li>\n<\/ul>\n","protected":false},"excerpt":{"rendered":"<p>Y triunfe sobre los poderes demon\u00edacos Como hijo de Dios,\u00a0no est\u00e1s llamado a vivir en derrota espiritual, sino a ejercer dominio y autoridad sobre toda obra de las tinieblas. En este poderoso manual de guerra espiritual, el Dr. Chandrakumar Manickam te ense\u00f1a\u00a0c\u00f3mo tomar tu posici\u00f3n como ciudadano del Reino de la Luz\u00a0y enfrentar con victoria [&hellip;]<\/p>\n","protected":false},"featured_media":6081,"comment_status":"open","ping_status":"closed","template":"","meta":{"om_disable_all_campaigns":false,"_monsterinsights_skip_tracking":false,"_monsterinsights_sitenote_active":false,"_monsterinsights_sitenote_note":"","_monsterinsights_sitenote_category":0,"site-sidebar-layout":"default","site-content-layout":"","ast-site-content-layout":"default","site-content-style":"default","site-sidebar-style":"default","ast-global-header-display":"","ast-banner-title-visibility":"","ast-main-header-display":"","ast-hfb-above-header-display":"","ast-hfb-below-header-display":"","ast-hfb-mobile-header-display":"","site-post-title":"","ast-breadcrumbs-content":"","ast-featured-img":"","footer-sml-layout":"","ast-disable-related-posts":"","theme-transparent-header-meta":"default","adv-header-id-meta":"","stick-header-meta":"","header-above-stick-meta":"","header-main-stick-meta":"","header-below-stick-meta":"","astra-migrate-meta-layouts":"set","ast-page-background-enabled":"default","ast-page-background-meta":{"desktop":{"background-color":"var(--ast-global-color-4)","background-image":"","background-repeat":"repeat","background-position":"center center","background-size":"auto","background-attachment":"scroll","background-type":"","background-media":"","overlay-type":"","overlay-color":"","overlay-opacity":"","overlay-gradient":""},"tablet":{"background-color":"","background-image":"","background-repeat":"repeat","background-position":"center center","background-size":"auto","background-attachment":"scroll","background-type":"","background-media":"","overlay-type":"","overlay-color":"","overlay-opacity":"","overlay-gradient":""},"mobile":{"background-color":"","background-image":"","background-repeat":"repeat","background-position":"center center","background-size":"auto","background-attachment":"scroll","background-type":"","background-media":"","overlay-type":"","overlay-color":"","overlay-opacity":"","overlay-gradient":""}},"ast-content-background-meta":{"desktop":{"background-color":"var(--ast-global-color-5)","background-image":"","background-repeat":"repeat","background-position":"center center","background-size":"auto","background-attachment":"scroll","background-type":"","background-media":"","overlay-type":"","overlay-color":"","overlay-opacity":"","overlay-gradient":""},"tablet":{"background-color":"var(--ast-global-color-5)","background-image":"","background-repeat":"repeat","background-position":"center center","background-size":"auto","background-attachment":"scroll","background-type":"","background-media":"","overlay-type":"","overlay-color":"","overlay-opacity":"","overlay-gradient":""},"mobile":{"background-color":"var(--ast-global-color-5)","background-image":"","background-repeat":"repeat","background-position":"center center","background-size":"auto","background-attachment":"scroll","background-type":"","background-media":"","overlay-type":"","overlay-color":"","overlay-opacity":"","overlay-gradient":""}}},"product_brand":[],"product_cat":[168,174,23,166],"product_tag":[306],"class_list":{"0":"post-6080","1":"product","2":"type-product","3":"status-publish","4":"has-post-thumbnail","6":"product_cat-guerra-espiritual","7":"product_cat-iglesia","8":"product_cat-libros","9":"product_cat-profecia","10":"product_tag-desafio","11":"desktop-align-left","12":"tablet-align-left","13":"mobile-align-left","15":"first","16":"instock","17":"shipping-taxable","18":"purchasable","19":"product-type-simple"},"yoast_head":"<!-- This site is optimized with the Yoast SEO plugin v27.4 - https:\/\/yoast.com\/product\/yoast-seo-wordpress\/ -->\n<title>Ejerza su Autoridad Espiritual y triunfe sobre los poderes demon\u00edacos - tzionlibreria.com<\/title>\n<meta name=\"description\" content=\"C\u00f3mo tomar tu posici\u00f3n como ciudadano del Reino de la Luz\u00a0y enfrentar con victoria los ataques del enemigo. Jes\u00fas ya gan\u00f3 la victoria, ahora a ejercerla.\" \/>\n<meta name=\"robots\" content=\"index, follow, max-snippet:-1, max-image-preview:large, max-video-preview:-1\" \/>\n<link rel=\"canonical\" href=\"https:\/\/tzionlibreria.com\/index.php\/product\/ejerza-su-autoridad-espiritual\/\" \/>\n<meta property=\"og:locale\" content=\"es_ES\" \/>\n<meta property=\"og:type\" content=\"article\" \/>\n<meta property=\"og:title\" content=\"Ejerza su Autoridad Espiritual y triunfe sobre los poderes demon\u00edacos - tzionlibreria.com\" \/>\n<meta property=\"og:description\" content=\"C\u00f3mo tomar tu posici\u00f3n como ciudadano del Reino de la Luz\u00a0y enfrentar con victoria los ataques del enemigo. Jes\u00fas ya gan\u00f3 la victoria, ahora a ejercerla.\" \/>\n<meta property=\"og:url\" content=\"https:\/\/tzionlibreria.com\/index.php\/product\/ejerza-su-autoridad-espiritual\/\" \/>\n<meta property=\"og:site_name\" content=\"tzionlibreria.com\" \/>\n<meta property=\"article:modified_time\" content=\"2025-09-18T02:40:59+00:00\" \/>\n<meta property=\"og:image\" content=\"http:\/\/tzionlibreria.com\/wp-content\/uploads\/2025\/09\/265.png\" \/>\n\t<meta property=\"og:image:width\" content=\"1080\" \/>\n\t<meta property=\"og:image:height\" content=\"1080\" \/>\n\t<meta property=\"og:image:type\" content=\"image\/png\" \/>\n<meta name=\"twitter:card\" content=\"summary_large_image\" \/>\n<meta name=\"twitter:label1\" content=\"Tiempo de lectura\" \/>\n\t<meta name=\"twitter:data1\" content=\"2 minutos\" \/>\n<script type=\"application\/ld+json\" class=\"yoast-schema-graph\">{\"@context\":\"https:\\\/\\\/schema.org\",\"@graph\":[{\"@type\":\"WebPage\",\"@id\":\"https:\\\/\\\/tzionlibreria.com\\\/index.php\\\/product\\\/ejerza-su-autoridad-espiritual\\\/\",\"url\":\"https:\\\/\\\/tzionlibreria.com\\\/index.php\\\/product\\\/ejerza-su-autoridad-espiritual\\\/\",\"name\":\"Ejerza su Autoridad Espiritual y triunfe sobre los poderes demon\u00edacos - tzionlibreria.com\",\"isPartOf\":{\"@id\":\"https:\\\/\\\/tzionlibreria.com\\\/#website\"},\"primaryImageOfPage\":{\"@id\":\"https:\\\/\\\/tzionlibreria.com\\\/index.php\\\/product\\\/ejerza-su-autoridad-espiritual\\\/#primaryimage\"},\"image\":{\"@id\":\"https:\\\/\\\/tzionlibreria.com\\\/index.php\\\/product\\\/ejerza-su-autoridad-espiritual\\\/#primaryimage\"},\"thumbnailUrl\":\"https:\\\/\\\/tzionlibreria.com\\\/wp-content\\\/uploads\\\/2025\\\/09\\\/265.png\",\"datePublished\":\"2025-09-18T01:49:15+00:00\",\"dateModified\":\"2025-09-18T02:40:59+00:00\",\"description\":\"C\u00f3mo tomar tu posici\u00f3n como ciudadano del Reino de la Luz\u00a0y enfrentar con victoria los ataques del enemigo. Jes\u00fas ya gan\u00f3 la victoria, ahora a ejercerla.\",\"breadcrumb\":{\"@id\":\"https:\\\/\\\/tzionlibreria.com\\\/index.php\\\/product\\\/ejerza-su-autoridad-espiritual\\\/#breadcrumb\"},\"inLanguage\":\"es-CO\",\"potentialAction\":[{\"@type\":\"ReadAction\",\"target\":[\"https:\\\/\\\/tzionlibreria.com\\\/index.php\\\/product\\\/ejerza-su-autoridad-espiritual\\\/\"]}]},{\"@type\":\"ImageObject\",\"inLanguage\":\"es-CO\",\"@id\":\"https:\\\/\\\/tzionlibreria.com\\\/index.php\\\/product\\\/ejerza-su-autoridad-espiritual\\\/#primaryimage\",\"url\":\"https:\\\/\\\/tzionlibreria.com\\\/wp-content\\\/uploads\\\/2025\\\/09\\\/265.png\",\"contentUrl\":\"https:\\\/\\\/tzionlibreria.com\\\/wp-content\\\/uploads\\\/2025\\\/09\\\/265.png\",\"width\":1080,\"height\":1080},{\"@type\":\"BreadcrumbList\",\"@id\":\"https:\\\/\\\/tzionlibreria.com\\\/index.php\\\/product\\\/ejerza-su-autoridad-espiritual\\\/#breadcrumb\",\"itemListElement\":[{\"@type\":\"ListItem\",\"position\":1,\"name\":\"Inicio\",\"item\":\"https:\\\/\\\/tzionlibreria.com\\\/\"},{\"@type\":\"ListItem\",\"position\":2,\"name\":\"Shop\",\"item\":\"https:\\\/\\\/tzionlibreria.com\\\/index.php\\\/shop\\\/\"},{\"@type\":\"ListItem\",\"position\":3,\"name\":\"Ejerza su Autoridad Espiritual y triunfe sobre los poderes demon\u00edacos\"}]},{\"@type\":\"WebSite\",\"@id\":\"https:\\\/\\\/tzionlibreria.com\\\/#website\",\"url\":\"https:\\\/\\\/tzionlibreria.com\\\/\",\"name\":\"tzionlibreria.com\",\"description\":\"Libreria Cristiana Venezuela\",\"publisher\":{\"@id\":\"https:\\\/\\\/tzionlibreria.com\\\/#organization\"},\"potentialAction\":[{\"@type\":\"SearchAction\",\"target\":{\"@type\":\"EntryPoint\",\"urlTemplate\":\"https:\\\/\\\/tzionlibreria.com\\\/?s={search_term_string}\"},\"query-input\":{\"@type\":\"PropertyValueSpecification\",\"valueRequired\":true,\"valueName\":\"search_term_string\"}}],\"inLanguage\":\"es-CO\"},{\"@type\":\"Organization\",\"@id\":\"https:\\\/\\\/tzionlibreria.com\\\/#organization\",\"name\":\"tzionlibreria.com\",\"url\":\"https:\\\/\\\/tzionlibreria.com\\\/\",\"logo\":{\"@type\":\"ImageObject\",\"inLanguage\":\"es-CO\",\"@id\":\"https:\\\/\\\/tzionlibreria.com\\\/#\\\/schema\\\/logo\\\/image\\\/\",\"url\":\"https:\\\/\\\/tzionlibreria.com\\\/wp-content\\\/uploads\\\/2023\\\/10\\\/cropped-Cuadricula-scaled-1.jpg\",\"contentUrl\":\"https:\\\/\\\/tzionlibreria.com\\\/wp-content\\\/uploads\\\/2023\\\/10\\\/cropped-Cuadricula-scaled-1.jpg\",\"width\":2560,\"height\":2560,\"caption\":\"tzionlibreria.com\"},\"image\":{\"@id\":\"https:\\\/\\\/tzionlibreria.com\\\/#\\\/schema\\\/logo\\\/image\\\/\"}}]}<\/script>\n<!-- \/ Yoast SEO plugin. -->","yoast_head_json":{"title":"Ejerza su Autoridad Espiritual y triunfe sobre los poderes demon\u00edacos - tzionlibreria.com","description":"C\u00f3mo tomar tu posici\u00f3n como ciudadano del Reino de la Luz\u00a0y enfrentar con victoria los ataques del enemigo. Jes\u00fas ya gan\u00f3 la victoria, ahora a ejercerla.","robots":{"index":"index","follow":"follow","max-snippet":"max-snippet:-1","max-image-preview":"max-image-preview:large","max-video-preview":"max-video-preview:-1"},"canonical":"https:\/\/tzionlibreria.com\/index.php\/product\/ejerza-su-autoridad-espiritual\/","og_locale":"es_ES","og_type":"article","og_title":"Ejerza su Autoridad Espiritual y triunfe sobre los poderes demon\u00edacos - tzionlibreria.com","og_description":"C\u00f3mo tomar tu posici\u00f3n como ciudadano del Reino de la Luz\u00a0y enfrentar con victoria los ataques del enemigo. Jes\u00fas ya gan\u00f3 la victoria, ahora a ejercerla.","og_url":"https:\/\/tzionlibreria.com\/index.php\/product\/ejerza-su-autoridad-espiritual\/","og_site_name":"tzionlibreria.com","article_modified_time":"2025-09-18T02:40:59+00:00","og_image":[{"width":1080,"height":1080,"url":"http:\/\/tzionlibreria.com\/wp-content\/uploads\/2025\/09\/265.png","type":"image\/png"}],"twitter_card":"summary_large_image","twitter_misc":{"Tiempo de lectura":"2 minutos"},"schema":{"@context":"https:\/\/schema.org","@graph":[{"@type":"WebPage","@id":"https:\/\/tzionlibreria.com\/index.php\/product\/ejerza-su-autoridad-espiritual\/","url":"https:\/\/tzionlibreria.com\/index.php\/product\/ejerza-su-autoridad-espiritual\/","name":"Ejerza su Autoridad Espiritual y triunfe sobre los poderes demon\u00edacos - tzionlibreria.com","isPartOf":{"@id":"https:\/\/tzionlibreria.com\/#website"},"primaryImageOfPage":{"@id":"https:\/\/tzionlibreria.com\/index.php\/product\/ejerza-su-autoridad-espiritual\/#primaryimage"},"image":{"@id":"https:\/\/tzionlibreria.com\/index.php\/product\/ejerza-su-autoridad-espiritual\/#primaryimage"},"thumbnailUrl":"https:\/\/tzionlibreria.com\/wp-content\/uploads\/2025\/09\/265.png","datePublished":"2025-09-18T01:49:15+00:00","dateModified":"2025-09-18T02:40:59+00:00","description":"C\u00f3mo tomar tu posici\u00f3n como ciudadano del Reino de la Luz\u00a0y enfrentar con victoria los ataques del enemigo. Jes\u00fas ya gan\u00f3 la victoria, ahora a ejercerla.","breadcrumb":{"@id":"https:\/\/tzionlibreria.com\/index.php\/product\/ejerza-su-autoridad-espiritual\/#breadcrumb"},"inLanguage":"es-CO","potentialAction":[{"@type":"ReadAction","target":["https:\/\/tzionlibreria.com\/index.php\/product\/ejerza-su-autoridad-espiritual\/"]}]},{"@type":"ImageObject","inLanguage":"es-CO","@id":"https:\/\/tzionlibreria.com\/index.php\/product\/ejerza-su-autoridad-espiritual\/#primaryimage","url":"https:\/\/tzionlibreria.com\/wp-content\/uploads\/2025\/09\/265.png","contentUrl":"https:\/\/tzionlibreria.com\/wp-content\/uploads\/2025\/09\/265.png","width":1080,"height":1080},{"@type":"BreadcrumbList","@id":"https:\/\/tzionlibreria.com\/index.php\/product\/ejerza-su-autoridad-espiritual\/#breadcrumb","itemListElement":[{"@type":"ListItem","position":1,"name":"Inicio","item":"https:\/\/tzionlibreria.com\/"},{"@type":"ListItem","position":2,"name":"Shop","item":"https:\/\/tzionlibreria.com\/index.php\/shop\/"},{"@type":"ListItem","position":3,"name":"Ejerza su Autoridad Espiritual y triunfe sobre los poderes demon\u00edacos"}]},{"@type":"WebSite","@id":"https:\/\/tzionlibreria.com\/#website","url":"https:\/\/tzionlibreria.com\/","name":"tzionlibreria.com","description":"Libreria Cristiana Venezuela","publisher":{"@id":"https:\/\/tzionlibreria.com\/#organization"},"potentialAction":[{"@type":"SearchAction","target":{"@type":"EntryPoint","urlTemplate":"https:\/\/tzionlibreria.com\/?s={search_term_string}"},"query-input":{"@type":"PropertyValueSpecification","valueRequired":true,"valueName":"search_term_string"}}],"inLanguage":"es-CO"},{"@type":"Organization","@id":"https:\/\/tzionlibreria.com\/#organization","name":"tzionlibreria.com","url":"https:\/\/tzionlibreria.com\/","logo":{"@type":"ImageObject","inLanguage":"es-CO","@id":"https:\/\/tzionlibreria.com\/#\/schema\/logo\/image\/","url":"https:\/\/tzionlibreria.com\/wp-content\/uploads\/2023\/10\/cropped-Cuadricula-scaled-1.jpg","contentUrl":"https:\/\/tzionlibreria.com\/wp-content\/uploads\/2023\/10\/cropped-Cuadricula-scaled-1.jpg","width":2560,"height":2560,"caption":"tzionlibreria.com"},"image":{"@id":"https:\/\/tzionlibreria.com\/#\/schema\/logo\/image\/"}}]}},"jetpack_sharing_enabled":true,"_links":{"self":[{"href":"https:\/\/tzionlibreria.com\/index.php\/wp-json\/wp\/v2\/product\/6080","targetHints":{"allow":["GET"]}}],"collection":[{"href":"https:\/\/tzionlibreria.com\/index.php\/wp-json\/wp\/v2\/product"}],"about":[{"href":"https:\/\/tzionlibreria.com\/index.php\/wp-json\/wp\/v2\/types\/product"}],"replies":[{"embeddable":true,"href":"https:\/\/tzionlibreria.com\/index.php\/wp-json\/wp\/v2\/comments?post=6080"}],"wp:featuredmedia":[{"embeddable":true,"href":"https:\/\/tzionlibreria.com\/index.php\/wp-json\/wp\/v2\/media\/6081"}],"wp:attachment":[{"href":"https:\/\/tzionlibreria.com\/index.php\/wp-json\/wp\/v2\/media?parent=6080"}],"wp:term":[{"taxonomy":"product_brand","embeddable":true,"href":"https:\/\/tzionlibreria.com\/index.php\/wp-json\/wp\/v2\/product_brand?post=6080"},{"taxonomy":"product_cat","embeddable":true,"href":"https:\/\/tzionlibreria.com\/index.php\/wp-json\/wp\/v2\/product_cat?post=6080"},{"taxonomy":"product_tag","embeddable":true,"href":"https:\/\/tzionlibreria.com\/index.php\/wp-json\/wp\/v2\/product_tag?post=6080"}],"curies":[{"name":"wp","href":"https:\/\/api.w.org\/{rel}","templated":true}]}}