{"id":6082,"date":"2025-09-18T02:05:17","date_gmt":"2025-09-18T02:05:17","guid":{"rendered":"https:\/\/tzionlibreria.com\/?post_type=product&#038;p=6082"},"modified":"2025-09-18T02:40:27","modified_gmt":"2025-09-18T02:40:27","slug":"trabajando-con-los-angeles-fluyendo-con-dios-en-lo-sobrenatural","status":"publish","type":"product","link":"https:\/\/tzionlibreria.com\/index.php\/product\/trabajando-con-los-angeles-fluyendo-con-dios-en-lo-sobrenatural\/","title":{"rendered":"Trabajando Con Los Angeles: Fluyendo con Dios en lo Sobrenatural"},"content":{"rendered":"<p data-start=\"104\" data-end=\"182\">\ud83d\udc7c\u2728 <strong data-start=\"108\" data-end=\"180\">Trabajando con los \u00e1ngeles para cumplir el plan de Dios en la tierra<\/strong><\/p>\n<p data-start=\"184\" data-end=\"403\">El ministerio angelical est\u00e1 siendo restaurado en la Iglesia. Si anhelas un nivel espiritual m\u00e1s alto, este libro te guiar\u00e1 con <strong data-start=\"312\" data-end=\"359\">verdades b\u00edblicas y experiencias personales<\/strong> hacia una relaci\u00f3n m\u00e1s cercana con Jes\u00fas.<\/p>\n<p data-start=\"405\" data-end=\"755\">\ud83d\udcd6 Descubre:<br data-start=\"417\" data-end=\"420\" \/>\ud83d\udd39 Las sorprendentes similitudes entre <strong data-start=\"459\" data-end=\"481\">\u00e1ngeles y caballos<\/strong>.<br data-start=\"482\" data-end=\"485\" \/>\ud83d\udd39 Si eres un <strong data-start=\"499\" data-end=\"536\">caballo de guerra o de exhibici\u00f3n<\/strong>.<br data-start=\"537\" data-end=\"540\" \/>\ud83d\udd39 El rango en que Dios clasifica <strong data-start=\"574\" data-end=\"611\">\u00e1ngeles, demonios y seres humanos<\/strong>.<br data-start=\"612\" data-end=\"615\" \/>\ud83d\udd39 Si tienes un <strong data-start=\"631\" data-end=\"649\">\u00e1ngel personal<\/strong>.<br data-start=\"650\" data-end=\"653\" \/>\ud83d\udd39 El misterio del <strong data-start=\"672\" data-end=\"701\">\u201cManantial de los Cielos\u201d<\/strong>.<br data-start=\"702\" data-end=\"705\" \/>\ud83d\udd39 Y c\u00f3mo recuperar la <strong data-start=\"728\" data-end=\"752\">clave de la victoria<\/strong>.<\/p>\n<p data-start=\"757\" data-end=\"876\">\ud83d\ude4c Aprende a trabajar hombro a hombro con los \u00e1ngeles de Dios, y s\u00e9 parte de la edificaci\u00f3n de Su Reino en la tierra.<\/p>\n<p data-start=\"878\" data-end=\"1000\">\ud83d\udcda <strong data-start=\"881\" data-end=\"903\">Detalles del libro<\/strong><br data-start=\"903\" data-end=\"906\" \/>Editorial: Desaf\u00edo<br data-start=\"924\" data-end=\"927\" \/>Fecha de publicaci\u00f3n: 1 junio 2017<br data-start=\"961\" data-end=\"964\" \/>P\u00e1ginas: 186<br data-start=\"976\" data-end=\"979\" \/>ISBN: 9789587370355<\/p>\n","protected":false},"excerpt":{"rendered":"<p>\ud83d\udc7c\u2728 Trabajando con los \u00e1ngeles para cumplir el plan de Dios en la tierra El ministerio angelical est\u00e1 siendo restaurado en la Iglesia. Si anhelas un nivel espiritual m\u00e1s alto, este libro te guiar\u00e1 con verdades b\u00edblicas y experiencias personales hacia una relaci\u00f3n m\u00e1s cercana con Jes\u00fas. \ud83d\udcd6 Descubre:\ud83d\udd39 Las sorprendentes similitudes entre \u00e1ngeles y [&hellip;]<\/p>\n","protected":false},"featured_media":6083,"comment_status":"open","ping_status":"closed","template":"","meta":{"om_disable_all_campaigns":false,"_monsterinsights_skip_tracking":false,"_monsterinsights_sitenote_active":false,"_monsterinsights_sitenote_note":"","_monsterinsights_sitenote_category":0,"site-sidebar-layout":"default","site-content-layout":"","ast-site-content-layout":"default","site-content-style":"default","site-sidebar-style":"default","ast-global-header-display":"","ast-banner-title-visibility":"","ast-main-header-display":"","ast-hfb-above-header-display":"","ast-hfb-below-header-display":"","ast-hfb-mobile-header-display":"","site-post-title":"","ast-breadcrumbs-content":"","ast-featured-img":"","footer-sml-layout":"","ast-disable-related-posts":"","theme-transparent-header-meta":"default","adv-header-id-meta":"","stick-header-meta":"","header-above-stick-meta":"","header-main-stick-meta":"","header-below-stick-meta":"","astra-migrate-meta-layouts":"set","ast-page-background-enabled":"default","ast-page-background-meta":{"desktop":{"background-color":"var(--ast-global-color-4)","background-image":"","background-repeat":"repeat","background-position":"center center","background-size":"auto","background-attachment":"scroll","background-type":"","background-media":"","overlay-type":"","overlay-color":"","overlay-opacity":"","overlay-gradient":""},"tablet":{"background-color":"","background-image":"","background-repeat":"repeat","background-position":"center center","background-size":"auto","background-attachment":"scroll","background-type":"","background-media":"","overlay-type":"","overlay-color":"","overlay-opacity":"","overlay-gradient":""},"mobile":{"background-color":"","background-image":"","background-repeat":"repeat","background-position":"center center","background-size":"auto","background-attachment":"scroll","background-type":"","background-media":"","overlay-type":"","overlay-color":"","overlay-opacity":"","overlay-gradient":""}},"ast-content-background-meta":{"desktop":{"background-color":"var(--ast-global-color-5)","background-image":"","background-repeat":"repeat","background-position":"center center","background-size":"auto","background-attachment":"scroll","background-type":"","background-media":"","overlay-type":"","overlay-color":"","overlay-opacity":"","overlay-gradient":""},"tablet":{"background-color":"var(--ast-global-color-5)","background-image":"","background-repeat":"repeat","background-position":"center center","background-size":"auto","background-attachment":"scroll","background-type":"","background-media":"","overlay-type":"","overlay-color":"","overlay-opacity":"","overlay-gradient":""},"mobile":{"background-color":"var(--ast-global-color-5)","background-image":"","background-repeat":"repeat","background-position":"center center","background-size":"auto","background-attachment":"scroll","background-type":"","background-media":"","overlay-type":"","overlay-color":"","overlay-opacity":"","overlay-gradient":""}}},"product_brand":[],"product_cat":[165,23,166],"product_tag":[306],"class_list":{"0":"post-6082","1":"product","2":"type-product","3":"status-publish","4":"has-post-thumbnail","6":"product_cat-adoracion","7":"product_cat-libros","8":"product_cat-profecia","9":"product_tag-desafio","10":"desktop-align-left","11":"tablet-align-left","12":"mobile-align-left","14":"first","15":"instock","16":"shipping-taxable","17":"purchasable","18":"product-type-simple"},"yoast_head":"<!-- This site is optimized with the Yoast SEO plugin v27.4 - https:\/\/yoast.com\/product\/yoast-seo-wordpress\/ -->\n<title>Trabajando Con Los Angeles: Fluyendo con Dios en lo Sobrenatural - tzionlibreria.com<\/title>\n<meta name=\"description\" content=\"Aprende a trabajar con los \u00e1ngeles de Dios, y s\u00e9 parte de la edificaci\u00f3n de Su Reino en la tierra. Una gu\u00eda clara que combine principios b\u00edblicos\" \/>\n<meta name=\"robots\" content=\"index, follow, max-snippet:-1, max-image-preview:large, max-video-preview:-1\" \/>\n<link rel=\"canonical\" href=\"https:\/\/tzionlibreria.com\/index.php\/product\/trabajando-con-los-angeles-fluyendo-con-dios-en-lo-sobrenatural\/\" \/>\n<meta property=\"og:locale\" content=\"es_ES\" \/>\n<meta property=\"og:type\" content=\"article\" \/>\n<meta property=\"og:title\" content=\"Trabajando Con Los Angeles: Fluyendo con Dios en lo Sobrenatural - tzionlibreria.com\" \/>\n<meta property=\"og:description\" content=\"Aprende a trabajar con los \u00e1ngeles de Dios, y s\u00e9 parte de la edificaci\u00f3n de Su Reino en la tierra. Una gu\u00eda clara que combine principios b\u00edblicos\" \/>\n<meta property=\"og:url\" content=\"https:\/\/tzionlibreria.com\/index.php\/product\/trabajando-con-los-angeles-fluyendo-con-dios-en-lo-sobrenatural\/\" \/>\n<meta property=\"og:site_name\" content=\"tzionlibreria.com\" \/>\n<meta property=\"article:modified_time\" content=\"2025-09-18T02:40:27+00:00\" \/>\n<meta property=\"og:image\" content=\"http:\/\/tzionlibreria.com\/wp-content\/uploads\/2025\/09\/264.png\" \/>\n\t<meta property=\"og:image:width\" content=\"1080\" \/>\n\t<meta property=\"og:image:height\" content=\"1080\" \/>\n\t<meta property=\"og:image:type\" content=\"image\/png\" \/>\n<meta name=\"twitter:card\" content=\"summary_large_image\" \/>\n<meta name=\"twitter:label1\" content=\"Tiempo de lectura\" \/>\n\t<meta name=\"twitter:data1\" content=\"1 minuto\" \/>\n<script type=\"application\/ld+json\" class=\"yoast-schema-graph\">{\"@context\":\"https:\\\/\\\/schema.org\",\"@graph\":[{\"@type\":\"WebPage\",\"@id\":\"https:\\\/\\\/tzionlibreria.com\\\/index.php\\\/product\\\/trabajando-con-los-angeles-fluyendo-con-dios-en-lo-sobrenatural\\\/\",\"url\":\"https:\\\/\\\/tzionlibreria.com\\\/index.php\\\/product\\\/trabajando-con-los-angeles-fluyendo-con-dios-en-lo-sobrenatural\\\/\",\"name\":\"Trabajando Con Los Angeles: Fluyendo con Dios en lo Sobrenatural - tzionlibreria.com\",\"isPartOf\":{\"@id\":\"https:\\\/\\\/tzionlibreria.com\\\/#website\"},\"primaryImageOfPage\":{\"@id\":\"https:\\\/\\\/tzionlibreria.com\\\/index.php\\\/product\\\/trabajando-con-los-angeles-fluyendo-con-dios-en-lo-sobrenatural\\\/#primaryimage\"},\"image\":{\"@id\":\"https:\\\/\\\/tzionlibreria.com\\\/index.php\\\/product\\\/trabajando-con-los-angeles-fluyendo-con-dios-en-lo-sobrenatural\\\/#primaryimage\"},\"thumbnailUrl\":\"https:\\\/\\\/tzionlibreria.com\\\/wp-content\\\/uploads\\\/2025\\\/09\\\/264.png\",\"datePublished\":\"2025-09-18T02:05:17+00:00\",\"dateModified\":\"2025-09-18T02:40:27+00:00\",\"description\":\"Aprende a trabajar con los \u00e1ngeles de Dios, y s\u00e9 parte de la edificaci\u00f3n de Su Reino en la tierra. Una gu\u00eda clara que combine principios b\u00edblicos\",\"breadcrumb\":{\"@id\":\"https:\\\/\\\/tzionlibreria.com\\\/index.php\\\/product\\\/trabajando-con-los-angeles-fluyendo-con-dios-en-lo-sobrenatural\\\/#breadcrumb\"},\"inLanguage\":\"es-CO\",\"potentialAction\":[{\"@type\":\"ReadAction\",\"target\":[\"https:\\\/\\\/tzionlibreria.com\\\/index.php\\\/product\\\/trabajando-con-los-angeles-fluyendo-con-dios-en-lo-sobrenatural\\\/\"]}]},{\"@type\":\"ImageObject\",\"inLanguage\":\"es-CO\",\"@id\":\"https:\\\/\\\/tzionlibreria.com\\\/index.php\\\/product\\\/trabajando-con-los-angeles-fluyendo-con-dios-en-lo-sobrenatural\\\/#primaryimage\",\"url\":\"https:\\\/\\\/tzionlibreria.com\\\/wp-content\\\/uploads\\\/2025\\\/09\\\/264.png\",\"contentUrl\":\"https:\\\/\\\/tzionlibreria.com\\\/wp-content\\\/uploads\\\/2025\\\/09\\\/264.png\",\"width\":1080,\"height\":1080},{\"@type\":\"BreadcrumbList\",\"@id\":\"https:\\\/\\\/tzionlibreria.com\\\/index.php\\\/product\\\/trabajando-con-los-angeles-fluyendo-con-dios-en-lo-sobrenatural\\\/#breadcrumb\",\"itemListElement\":[{\"@type\":\"ListItem\",\"position\":1,\"name\":\"Inicio\",\"item\":\"https:\\\/\\\/tzionlibreria.com\\\/\"},{\"@type\":\"ListItem\",\"position\":2,\"name\":\"Shop\",\"item\":\"https:\\\/\\\/tzionlibreria.com\\\/index.php\\\/shop\\\/\"},{\"@type\":\"ListItem\",\"position\":3,\"name\":\"Trabajando Con Los Angeles: Fluyendo con Dios en lo Sobrenatural\"}]},{\"@type\":\"WebSite\",\"@id\":\"https:\\\/\\\/tzionlibreria.com\\\/#website\",\"url\":\"https:\\\/\\\/tzionlibreria.com\\\/\",\"name\":\"tzionlibreria.com\",\"description\":\"Libreria Cristiana Venezuela\",\"publisher\":{\"@id\":\"https:\\\/\\\/tzionlibreria.com\\\/#organization\"},\"potentialAction\":[{\"@type\":\"SearchAction\",\"target\":{\"@type\":\"EntryPoint\",\"urlTemplate\":\"https:\\\/\\\/tzionlibreria.com\\\/?s={search_term_string}\"},\"query-input\":{\"@type\":\"PropertyValueSpecification\",\"valueRequired\":true,\"valueName\":\"search_term_string\"}}],\"inLanguage\":\"es-CO\"},{\"@type\":\"Organization\",\"@id\":\"https:\\\/\\\/tzionlibreria.com\\\/#organization\",\"name\":\"tzionlibreria.com\",\"url\":\"https:\\\/\\\/tzionlibreria.com\\\/\",\"logo\":{\"@type\":\"ImageObject\",\"inLanguage\":\"es-CO\",\"@id\":\"https:\\\/\\\/tzionlibreria.com\\\/#\\\/schema\\\/logo\\\/image\\\/\",\"url\":\"https:\\\/\\\/tzionlibreria.com\\\/wp-content\\\/uploads\\\/2023\\\/10\\\/cropped-Cuadricula-scaled-1.jpg\",\"contentUrl\":\"https:\\\/\\\/tzionlibreria.com\\\/wp-content\\\/uploads\\\/2023\\\/10\\\/cropped-Cuadricula-scaled-1.jpg\",\"width\":2560,\"height\":2560,\"caption\":\"tzionlibreria.com\"},\"image\":{\"@id\":\"https:\\\/\\\/tzionlibreria.com\\\/#\\\/schema\\\/logo\\\/image\\\/\"}}]}<\/script>\n<!-- \/ Yoast SEO plugin. -->","yoast_head_json":{"title":"Trabajando Con Los Angeles: Fluyendo con Dios en lo Sobrenatural - tzionlibreria.com","description":"Aprende a trabajar con los \u00e1ngeles de Dios, y s\u00e9 parte de la edificaci\u00f3n de Su Reino en la tierra. Una gu\u00eda clara que combine principios b\u00edblicos","robots":{"index":"index","follow":"follow","max-snippet":"max-snippet:-1","max-image-preview":"max-image-preview:large","max-video-preview":"max-video-preview:-1"},"canonical":"https:\/\/tzionlibreria.com\/index.php\/product\/trabajando-con-los-angeles-fluyendo-con-dios-en-lo-sobrenatural\/","og_locale":"es_ES","og_type":"article","og_title":"Trabajando Con Los Angeles: Fluyendo con Dios en lo Sobrenatural - tzionlibreria.com","og_description":"Aprende a trabajar con los \u00e1ngeles de Dios, y s\u00e9 parte de la edificaci\u00f3n de Su Reino en la tierra. Una gu\u00eda clara que combine principios b\u00edblicos","og_url":"https:\/\/tzionlibreria.com\/index.php\/product\/trabajando-con-los-angeles-fluyendo-con-dios-en-lo-sobrenatural\/","og_site_name":"tzionlibreria.com","article_modified_time":"2025-09-18T02:40:27+00:00","og_image":[{"width":1080,"height":1080,"url":"http:\/\/tzionlibreria.com\/wp-content\/uploads\/2025\/09\/264.png","type":"image\/png"}],"twitter_card":"summary_large_image","twitter_misc":{"Tiempo de lectura":"1 minuto"},"schema":{"@context":"https:\/\/schema.org","@graph":[{"@type":"WebPage","@id":"https:\/\/tzionlibreria.com\/index.php\/product\/trabajando-con-los-angeles-fluyendo-con-dios-en-lo-sobrenatural\/","url":"https:\/\/tzionlibreria.com\/index.php\/product\/trabajando-con-los-angeles-fluyendo-con-dios-en-lo-sobrenatural\/","name":"Trabajando Con Los Angeles: Fluyendo con Dios en lo Sobrenatural - tzionlibreria.com","isPartOf":{"@id":"https:\/\/tzionlibreria.com\/#website"},"primaryImageOfPage":{"@id":"https:\/\/tzionlibreria.com\/index.php\/product\/trabajando-con-los-angeles-fluyendo-con-dios-en-lo-sobrenatural\/#primaryimage"},"image":{"@id":"https:\/\/tzionlibreria.com\/index.php\/product\/trabajando-con-los-angeles-fluyendo-con-dios-en-lo-sobrenatural\/#primaryimage"},"thumbnailUrl":"https:\/\/tzionlibreria.com\/wp-content\/uploads\/2025\/09\/264.png","datePublished":"2025-09-18T02:05:17+00:00","dateModified":"2025-09-18T02:40:27+00:00","description":"Aprende a trabajar con los \u00e1ngeles de Dios, y s\u00e9 parte de la edificaci\u00f3n de Su Reino en la tierra. Una gu\u00eda clara que combine principios b\u00edblicos","breadcrumb":{"@id":"https:\/\/tzionlibreria.com\/index.php\/product\/trabajando-con-los-angeles-fluyendo-con-dios-en-lo-sobrenatural\/#breadcrumb"},"inLanguage":"es-CO","potentialAction":[{"@type":"ReadAction","target":["https:\/\/tzionlibreria.com\/index.php\/product\/trabajando-con-los-angeles-fluyendo-con-dios-en-lo-sobrenatural\/"]}]},{"@type":"ImageObject","inLanguage":"es-CO","@id":"https:\/\/tzionlibreria.com\/index.php\/product\/trabajando-con-los-angeles-fluyendo-con-dios-en-lo-sobrenatural\/#primaryimage","url":"https:\/\/tzionlibreria.com\/wp-content\/uploads\/2025\/09\/264.png","contentUrl":"https:\/\/tzionlibreria.com\/wp-content\/uploads\/2025\/09\/264.png","width":1080,"height":1080},{"@type":"BreadcrumbList","@id":"https:\/\/tzionlibreria.com\/index.php\/product\/trabajando-con-los-angeles-fluyendo-con-dios-en-lo-sobrenatural\/#breadcrumb","itemListElement":[{"@type":"ListItem","position":1,"name":"Inicio","item":"https:\/\/tzionlibreria.com\/"},{"@type":"ListItem","position":2,"name":"Shop","item":"https:\/\/tzionlibreria.com\/index.php\/shop\/"},{"@type":"ListItem","position":3,"name":"Trabajando Con Los Angeles: Fluyendo con Dios en lo Sobrenatural"}]},{"@type":"WebSite","@id":"https:\/\/tzionlibreria.com\/#website","url":"https:\/\/tzionlibreria.com\/","name":"tzionlibreria.com","description":"Libreria Cristiana Venezuela","publisher":{"@id":"https:\/\/tzionlibreria.com\/#organization"},"potentialAction":[{"@type":"SearchAction","target":{"@type":"EntryPoint","urlTemplate":"https:\/\/tzionlibreria.com\/?s={search_term_string}"},"query-input":{"@type":"PropertyValueSpecification","valueRequired":true,"valueName":"search_term_string"}}],"inLanguage":"es-CO"},{"@type":"Organization","@id":"https:\/\/tzionlibreria.com\/#organization","name":"tzionlibreria.com","url":"https:\/\/tzionlibreria.com\/","logo":{"@type":"ImageObject","inLanguage":"es-CO","@id":"https:\/\/tzionlibreria.com\/#\/schema\/logo\/image\/","url":"https:\/\/tzionlibreria.com\/wp-content\/uploads\/2023\/10\/cropped-Cuadricula-scaled-1.jpg","contentUrl":"https:\/\/tzionlibreria.com\/wp-content\/uploads\/2023\/10\/cropped-Cuadricula-scaled-1.jpg","width":2560,"height":2560,"caption":"tzionlibreria.com"},"image":{"@id":"https:\/\/tzionlibreria.com\/#\/schema\/logo\/image\/"}}]}},"jetpack_sharing_enabled":true,"_links":{"self":[{"href":"https:\/\/tzionlibreria.com\/index.php\/wp-json\/wp\/v2\/product\/6082","targetHints":{"allow":["GET"]}}],"collection":[{"href":"https:\/\/tzionlibreria.com\/index.php\/wp-json\/wp\/v2\/product"}],"about":[{"href":"https:\/\/tzionlibreria.com\/index.php\/wp-json\/wp\/v2\/types\/product"}],"replies":[{"embeddable":true,"href":"https:\/\/tzionlibreria.com\/index.php\/wp-json\/wp\/v2\/comments?post=6082"}],"wp:featuredmedia":[{"embeddable":true,"href":"https:\/\/tzionlibreria.com\/index.php\/wp-json\/wp\/v2\/media\/6083"}],"wp:attachment":[{"href":"https:\/\/tzionlibreria.com\/index.php\/wp-json\/wp\/v2\/media?parent=6082"}],"wp:term":[{"taxonomy":"product_brand","embeddable":true,"href":"https:\/\/tzionlibreria.com\/index.php\/wp-json\/wp\/v2\/product_brand?post=6082"},{"taxonomy":"product_cat","embeddable":true,"href":"https:\/\/tzionlibreria.com\/index.php\/wp-json\/wp\/v2\/product_cat?post=6082"},{"taxonomy":"product_tag","embeddable":true,"href":"https:\/\/tzionlibreria.com\/index.php\/wp-json\/wp\/v2\/product_tag?post=6082"}],"curies":[{"name":"wp","href":"https:\/\/api.w.org\/{rel}","templated":true}]}}