{"id":6088,"date":"2025-09-18T02:38:38","date_gmt":"2025-09-18T02:38:38","guid":{"rendered":"https:\/\/tzionlibreria.com\/?post_type=product&#038;p=6088"},"modified":"2025-09-18T02:39:54","modified_gmt":"2025-09-18T02:39:54","slug":"los-secretos-de-las-maldiciones-generacionales","status":"publish","type":"product","link":"https:\/\/tzionlibreria.com\/index.php\/product\/los-secretos-de-las-maldiciones-generacionales\/","title":{"rendered":"Los Secretos de las Maldiciones Generacionales"},"content":{"rendered":"<p data-start=\"111\" data-end=\"189\">\u26d3\ufe0f\ud83d\udc94 <strong data-start=\"116\" data-end=\"166\">Los secretos de las maldiciones generacionales<\/strong> \u2013 <em data-start=\"169\" data-end=\"187\">Alexander Pagani<\/em><\/p>\n<p data-start=\"191\" data-end=\"444\">\u00bfCargas con ciclos de dolor que parecen repetirse una y otra vez en tu vida o familia? \ud83d\ude14<br data-start=\"280\" data-end=\"283\" \/>Este libro revela c\u00f3mo las <strong data-start=\"310\" data-end=\"340\">maldiciones generacionales<\/strong> pueden manifestarse en pobreza, violencia, adicciones, baja autoestima y otros patrones destructivos.<\/p>\n<p data-start=\"446\" data-end=\"754\">\ud83d\udcd6 Con sabidur\u00eda b\u00edblica y experiencias personales, Alexander Pagani ense\u00f1a a:<br data-start=\"524\" data-end=\"527\" \/>\u2728 Identificar las ra\u00edces de las maldiciones.<br data-start=\"571\" data-end=\"574\" \/>\u2728 Reconocer c\u00f3mo se transmiten de generaci\u00f3n en generaci\u00f3n.<br data-start=\"633\" data-end=\"636\" \/>\u2728 Romper ciclos de pecado que da\u00f1an familias enteras.<br data-start=\"689\" data-end=\"692\" \/>\u2728 Mantener limpio tu linaje y caminar en libertad en Cristo.<\/p>\n<p data-start=\"756\" data-end=\"908\">\ud83d\udd25 No importa si t\u00fa mismo luchas con estas cadenas o si deseas ayudar a otros a ser libres: esta gu\u00eda es un <strong data-start=\"864\" data-end=\"905\">camino hacia la sanidad y la victoria<\/strong>.<\/p>\n<p data-start=\"910\" data-end=\"1060\">\ud83d\udcda <strong data-start=\"913\" data-end=\"935\">Detalles del libro<\/strong><br data-start=\"935\" data-end=\"938\" \/>T\u00edtulo: Los secretos de las maldiciones generacionales<br data-start=\"992\" data-end=\"995\" \/>Autor: Alexander Pagani<br data-start=\"1018\" data-end=\"1021\" \/>Idioma: Espa\u00f1ol<br data-start=\"1036\" data-end=\"1039\" \/>ISBN: 9789587372403<\/p>\n<p data-start=\"1062\" data-end=\"1155\">\n","protected":false},"excerpt":{"rendered":"<p>\u26d3\ufe0f\ud83d\udc94 Los secretos de las maldiciones generacionales \u2013 Alexander Pagani \u00bfCargas con ciclos de dolor que parecen repetirse una y otra vez en tu vida o familia? \ud83d\ude14Este libro revela c\u00f3mo las maldiciones generacionales pueden manifestarse en pobreza, violencia, adicciones, baja autoestima y otros patrones destructivos. \ud83d\udcd6 Con sabidur\u00eda b\u00edblica y experiencias personales, Alexander Pagani [&hellip;]<\/p>\n","protected":false},"featured_media":6089,"comment_status":"open","ping_status":"closed","template":"","meta":{"om_disable_all_campaigns":false,"_monsterinsights_skip_tracking":false,"_monsterinsights_sitenote_active":false,"_monsterinsights_sitenote_note":"","_monsterinsights_sitenote_category":0,"site-sidebar-layout":"default","site-content-layout":"","ast-site-content-layout":"default","site-content-style":"default","site-sidebar-style":"default","ast-global-header-display":"","ast-banner-title-visibility":"","ast-main-header-display":"","ast-hfb-above-header-display":"","ast-hfb-below-header-display":"","ast-hfb-mobile-header-display":"","site-post-title":"","ast-breadcrumbs-content":"","ast-featured-img":"","footer-sml-layout":"","ast-disable-related-posts":"","theme-transparent-header-meta":"default","adv-header-id-meta":"","stick-header-meta":"","header-above-stick-meta":"","header-main-stick-meta":"","header-below-stick-meta":"","astra-migrate-meta-layouts":"set","ast-page-background-enabled":"default","ast-page-background-meta":{"desktop":{"background-color":"var(--ast-global-color-4)","background-image":"","background-repeat":"repeat","background-position":"center center","background-size":"auto","background-attachment":"scroll","background-type":"","background-media":"","overlay-type":"","overlay-color":"","overlay-opacity":"","overlay-gradient":""},"tablet":{"background-color":"","background-image":"","background-repeat":"repeat","background-position":"center center","background-size":"auto","background-attachment":"scroll","background-type":"","background-media":"","overlay-type":"","overlay-color":"","overlay-opacity":"","overlay-gradient":""},"mobile":{"background-color":"","background-image":"","background-repeat":"repeat","background-position":"center center","background-size":"auto","background-attachment":"scroll","background-type":"","background-media":"","overlay-type":"","overlay-color":"","overlay-opacity":"","overlay-gradient":""}},"ast-content-background-meta":{"desktop":{"background-color":"var(--ast-global-color-5)","background-image":"","background-repeat":"repeat","background-position":"center center","background-size":"auto","background-attachment":"scroll","background-type":"","background-media":"","overlay-type":"","overlay-color":"","overlay-opacity":"","overlay-gradient":""},"tablet":{"background-color":"var(--ast-global-color-5)","background-image":"","background-repeat":"repeat","background-position":"center center","background-size":"auto","background-attachment":"scroll","background-type":"","background-media":"","overlay-type":"","overlay-color":"","overlay-opacity":"","overlay-gradient":""},"mobile":{"background-color":"var(--ast-global-color-5)","background-image":"","background-repeat":"repeat","background-position":"center center","background-size":"auto","background-attachment":"scroll","background-type":"","background-media":"","overlay-type":"","overlay-color":"","overlay-opacity":"","overlay-gradient":""}}},"product_brand":[],"product_cat":[168,23,166],"product_tag":[306],"class_list":{"0":"post-6088","1":"product","2":"type-product","3":"status-publish","4":"has-post-thumbnail","6":"product_cat-guerra-espiritual","7":"product_cat-libros","8":"product_cat-profecia","9":"product_tag-desafio","10":"desktop-align-left","11":"tablet-align-left","12":"mobile-align-left","14":"first","15":"instock","16":"shipping-taxable","17":"purchasable","18":"product-type-simple"},"yoast_head":"<!-- This site is optimized with the Yoast SEO plugin v27.4 - https:\/\/yoast.com\/product\/yoast-seo-wordpress\/ -->\n<title>Los Secretos de las Maldiciones Generacionales - tzionlibreria.com<\/title>\n<meta name=\"description\" content=\"Este libro revela c\u00f3mo las maldiciones generacionales pueden manifestarse en pobreza, violencia, adicciones, baja autoestima y otros patrones destructivos.\" \/>\n<meta name=\"robots\" content=\"index, follow, max-snippet:-1, max-image-preview:large, max-video-preview:-1\" \/>\n<link rel=\"canonical\" href=\"https:\/\/tzionlibreria.com\/index.php\/product\/los-secretos-de-las-maldiciones-generacionales\/\" \/>\n<meta property=\"og:locale\" content=\"es_ES\" \/>\n<meta property=\"og:type\" content=\"article\" \/>\n<meta property=\"og:title\" content=\"Los Secretos de las Maldiciones Generacionales - tzionlibreria.com\" \/>\n<meta property=\"og:description\" content=\"Este libro revela c\u00f3mo las maldiciones generacionales pueden manifestarse en pobreza, violencia, adicciones, baja autoestima y otros patrones destructivos.\" \/>\n<meta property=\"og:url\" content=\"https:\/\/tzionlibreria.com\/index.php\/product\/los-secretos-de-las-maldiciones-generacionales\/\" \/>\n<meta property=\"og:site_name\" content=\"tzionlibreria.com\" \/>\n<meta property=\"article:modified_time\" content=\"2025-09-18T02:39:54+00:00\" \/>\n<meta property=\"og:image\" content=\"http:\/\/tzionlibreria.com\/wp-content\/uploads\/2025\/09\/261.png\" \/>\n\t<meta property=\"og:image:width\" content=\"1080\" \/>\n\t<meta property=\"og:image:height\" content=\"1080\" \/>\n\t<meta property=\"og:image:type\" content=\"image\/png\" \/>\n<meta name=\"twitter:card\" content=\"summary_large_image\" \/>\n<meta name=\"twitter:label1\" content=\"Tiempo de lectura\" \/>\n\t<meta name=\"twitter:data1\" content=\"1 minuto\" \/>\n<script type=\"application\/ld+json\" class=\"yoast-schema-graph\">{\"@context\":\"https:\\\/\\\/schema.org\",\"@graph\":[{\"@type\":\"WebPage\",\"@id\":\"https:\\\/\\\/tzionlibreria.com\\\/index.php\\\/product\\\/los-secretos-de-las-maldiciones-generacionales\\\/\",\"url\":\"https:\\\/\\\/tzionlibreria.com\\\/index.php\\\/product\\\/los-secretos-de-las-maldiciones-generacionales\\\/\",\"name\":\"Los Secretos de las Maldiciones Generacionales - tzionlibreria.com\",\"isPartOf\":{\"@id\":\"https:\\\/\\\/tzionlibreria.com\\\/#website\"},\"primaryImageOfPage\":{\"@id\":\"https:\\\/\\\/tzionlibreria.com\\\/index.php\\\/product\\\/los-secretos-de-las-maldiciones-generacionales\\\/#primaryimage\"},\"image\":{\"@id\":\"https:\\\/\\\/tzionlibreria.com\\\/index.php\\\/product\\\/los-secretos-de-las-maldiciones-generacionales\\\/#primaryimage\"},\"thumbnailUrl\":\"https:\\\/\\\/tzionlibreria.com\\\/wp-content\\\/uploads\\\/2025\\\/09\\\/261.png\",\"datePublished\":\"2025-09-18T02:38:38+00:00\",\"dateModified\":\"2025-09-18T02:39:54+00:00\",\"description\":\"Este libro revela c\u00f3mo las maldiciones generacionales pueden manifestarse en pobreza, violencia, adicciones, baja autoestima y otros patrones destructivos.\",\"breadcrumb\":{\"@id\":\"https:\\\/\\\/tzionlibreria.com\\\/index.php\\\/product\\\/los-secretos-de-las-maldiciones-generacionales\\\/#breadcrumb\"},\"inLanguage\":\"es-CO\",\"potentialAction\":[{\"@type\":\"ReadAction\",\"target\":[\"https:\\\/\\\/tzionlibreria.com\\\/index.php\\\/product\\\/los-secretos-de-las-maldiciones-generacionales\\\/\"]}]},{\"@type\":\"ImageObject\",\"inLanguage\":\"es-CO\",\"@id\":\"https:\\\/\\\/tzionlibreria.com\\\/index.php\\\/product\\\/los-secretos-de-las-maldiciones-generacionales\\\/#primaryimage\",\"url\":\"https:\\\/\\\/tzionlibreria.com\\\/wp-content\\\/uploads\\\/2025\\\/09\\\/261.png\",\"contentUrl\":\"https:\\\/\\\/tzionlibreria.com\\\/wp-content\\\/uploads\\\/2025\\\/09\\\/261.png\",\"width\":1080,\"height\":1080},{\"@type\":\"BreadcrumbList\",\"@id\":\"https:\\\/\\\/tzionlibreria.com\\\/index.php\\\/product\\\/los-secretos-de-las-maldiciones-generacionales\\\/#breadcrumb\",\"itemListElement\":[{\"@type\":\"ListItem\",\"position\":1,\"name\":\"Inicio\",\"item\":\"https:\\\/\\\/tzionlibreria.com\\\/\"},{\"@type\":\"ListItem\",\"position\":2,\"name\":\"Shop\",\"item\":\"https:\\\/\\\/tzionlibreria.com\\\/index.php\\\/shop\\\/\"},{\"@type\":\"ListItem\",\"position\":3,\"name\":\"Los Secretos de las Maldiciones Generacionales\"}]},{\"@type\":\"WebSite\",\"@id\":\"https:\\\/\\\/tzionlibreria.com\\\/#website\",\"url\":\"https:\\\/\\\/tzionlibreria.com\\\/\",\"name\":\"tzionlibreria.com\",\"description\":\"Libreria Cristiana Venezuela\",\"publisher\":{\"@id\":\"https:\\\/\\\/tzionlibreria.com\\\/#organization\"},\"potentialAction\":[{\"@type\":\"SearchAction\",\"target\":{\"@type\":\"EntryPoint\",\"urlTemplate\":\"https:\\\/\\\/tzionlibreria.com\\\/?s={search_term_string}\"},\"query-input\":{\"@type\":\"PropertyValueSpecification\",\"valueRequired\":true,\"valueName\":\"search_term_string\"}}],\"inLanguage\":\"es-CO\"},{\"@type\":\"Organization\",\"@id\":\"https:\\\/\\\/tzionlibreria.com\\\/#organization\",\"name\":\"tzionlibreria.com\",\"url\":\"https:\\\/\\\/tzionlibreria.com\\\/\",\"logo\":{\"@type\":\"ImageObject\",\"inLanguage\":\"es-CO\",\"@id\":\"https:\\\/\\\/tzionlibreria.com\\\/#\\\/schema\\\/logo\\\/image\\\/\",\"url\":\"https:\\\/\\\/tzionlibreria.com\\\/wp-content\\\/uploads\\\/2023\\\/10\\\/cropped-Cuadricula-scaled-1.jpg\",\"contentUrl\":\"https:\\\/\\\/tzionlibreria.com\\\/wp-content\\\/uploads\\\/2023\\\/10\\\/cropped-Cuadricula-scaled-1.jpg\",\"width\":2560,\"height\":2560,\"caption\":\"tzionlibreria.com\"},\"image\":{\"@id\":\"https:\\\/\\\/tzionlibreria.com\\\/#\\\/schema\\\/logo\\\/image\\\/\"}}]}<\/script>\n<!-- \/ Yoast SEO plugin. -->","yoast_head_json":{"title":"Los Secretos de las Maldiciones Generacionales - tzionlibreria.com","description":"Este libro revela c\u00f3mo las maldiciones generacionales pueden manifestarse en pobreza, violencia, adicciones, baja autoestima y otros patrones destructivos.","robots":{"index":"index","follow":"follow","max-snippet":"max-snippet:-1","max-image-preview":"max-image-preview:large","max-video-preview":"max-video-preview:-1"},"canonical":"https:\/\/tzionlibreria.com\/index.php\/product\/los-secretos-de-las-maldiciones-generacionales\/","og_locale":"es_ES","og_type":"article","og_title":"Los Secretos de las Maldiciones Generacionales - tzionlibreria.com","og_description":"Este libro revela c\u00f3mo las maldiciones generacionales pueden manifestarse en pobreza, violencia, adicciones, baja autoestima y otros patrones destructivos.","og_url":"https:\/\/tzionlibreria.com\/index.php\/product\/los-secretos-de-las-maldiciones-generacionales\/","og_site_name":"tzionlibreria.com","article_modified_time":"2025-09-18T02:39:54+00:00","og_image":[{"width":1080,"height":1080,"url":"http:\/\/tzionlibreria.com\/wp-content\/uploads\/2025\/09\/261.png","type":"image\/png"}],"twitter_card":"summary_large_image","twitter_misc":{"Tiempo de lectura":"1 minuto"},"schema":{"@context":"https:\/\/schema.org","@graph":[{"@type":"WebPage","@id":"https:\/\/tzionlibreria.com\/index.php\/product\/los-secretos-de-las-maldiciones-generacionales\/","url":"https:\/\/tzionlibreria.com\/index.php\/product\/los-secretos-de-las-maldiciones-generacionales\/","name":"Los Secretos de las Maldiciones Generacionales - tzionlibreria.com","isPartOf":{"@id":"https:\/\/tzionlibreria.com\/#website"},"primaryImageOfPage":{"@id":"https:\/\/tzionlibreria.com\/index.php\/product\/los-secretos-de-las-maldiciones-generacionales\/#primaryimage"},"image":{"@id":"https:\/\/tzionlibreria.com\/index.php\/product\/los-secretos-de-las-maldiciones-generacionales\/#primaryimage"},"thumbnailUrl":"https:\/\/tzionlibreria.com\/wp-content\/uploads\/2025\/09\/261.png","datePublished":"2025-09-18T02:38:38+00:00","dateModified":"2025-09-18T02:39:54+00:00","description":"Este libro revela c\u00f3mo las maldiciones generacionales pueden manifestarse en pobreza, violencia, adicciones, baja autoestima y otros patrones destructivos.","breadcrumb":{"@id":"https:\/\/tzionlibreria.com\/index.php\/product\/los-secretos-de-las-maldiciones-generacionales\/#breadcrumb"},"inLanguage":"es-CO","potentialAction":[{"@type":"ReadAction","target":["https:\/\/tzionlibreria.com\/index.php\/product\/los-secretos-de-las-maldiciones-generacionales\/"]}]},{"@type":"ImageObject","inLanguage":"es-CO","@id":"https:\/\/tzionlibreria.com\/index.php\/product\/los-secretos-de-las-maldiciones-generacionales\/#primaryimage","url":"https:\/\/tzionlibreria.com\/wp-content\/uploads\/2025\/09\/261.png","contentUrl":"https:\/\/tzionlibreria.com\/wp-content\/uploads\/2025\/09\/261.png","width":1080,"height":1080},{"@type":"BreadcrumbList","@id":"https:\/\/tzionlibreria.com\/index.php\/product\/los-secretos-de-las-maldiciones-generacionales\/#breadcrumb","itemListElement":[{"@type":"ListItem","position":1,"name":"Inicio","item":"https:\/\/tzionlibreria.com\/"},{"@type":"ListItem","position":2,"name":"Shop","item":"https:\/\/tzionlibreria.com\/index.php\/shop\/"},{"@type":"ListItem","position":3,"name":"Los Secretos de las Maldiciones Generacionales"}]},{"@type":"WebSite","@id":"https:\/\/tzionlibreria.com\/#website","url":"https:\/\/tzionlibreria.com\/","name":"tzionlibreria.com","description":"Libreria Cristiana Venezuela","publisher":{"@id":"https:\/\/tzionlibreria.com\/#organization"},"potentialAction":[{"@type":"SearchAction","target":{"@type":"EntryPoint","urlTemplate":"https:\/\/tzionlibreria.com\/?s={search_term_string}"},"query-input":{"@type":"PropertyValueSpecification","valueRequired":true,"valueName":"search_term_string"}}],"inLanguage":"es-CO"},{"@type":"Organization","@id":"https:\/\/tzionlibreria.com\/#organization","name":"tzionlibreria.com","url":"https:\/\/tzionlibreria.com\/","logo":{"@type":"ImageObject","inLanguage":"es-CO","@id":"https:\/\/tzionlibreria.com\/#\/schema\/logo\/image\/","url":"https:\/\/tzionlibreria.com\/wp-content\/uploads\/2023\/10\/cropped-Cuadricula-scaled-1.jpg","contentUrl":"https:\/\/tzionlibreria.com\/wp-content\/uploads\/2023\/10\/cropped-Cuadricula-scaled-1.jpg","width":2560,"height":2560,"caption":"tzionlibreria.com"},"image":{"@id":"https:\/\/tzionlibreria.com\/#\/schema\/logo\/image\/"}}]}},"jetpack_sharing_enabled":true,"_links":{"self":[{"href":"https:\/\/tzionlibreria.com\/index.php\/wp-json\/wp\/v2\/product\/6088","targetHints":{"allow":["GET"]}}],"collection":[{"href":"https:\/\/tzionlibreria.com\/index.php\/wp-json\/wp\/v2\/product"}],"about":[{"href":"https:\/\/tzionlibreria.com\/index.php\/wp-json\/wp\/v2\/types\/product"}],"replies":[{"embeddable":true,"href":"https:\/\/tzionlibreria.com\/index.php\/wp-json\/wp\/v2\/comments?post=6088"}],"wp:featuredmedia":[{"embeddable":true,"href":"https:\/\/tzionlibreria.com\/index.php\/wp-json\/wp\/v2\/media\/6089"}],"wp:attachment":[{"href":"https:\/\/tzionlibreria.com\/index.php\/wp-json\/wp\/v2\/media?parent=6088"}],"wp:term":[{"taxonomy":"product_brand","embeddable":true,"href":"https:\/\/tzionlibreria.com\/index.php\/wp-json\/wp\/v2\/product_brand?post=6088"},{"taxonomy":"product_cat","embeddable":true,"href":"https:\/\/tzionlibreria.com\/index.php\/wp-json\/wp\/v2\/product_cat?post=6088"},{"taxonomy":"product_tag","embeddable":true,"href":"https:\/\/tzionlibreria.com\/index.php\/wp-json\/wp\/v2\/product_tag?post=6088"}],"curies":[{"name":"wp","href":"https:\/\/api.w.org\/{rel}","templated":true}]}}