{"id":6096,"date":"2025-09-18T02:54:15","date_gmt":"2025-09-18T02:54:15","guid":{"rendered":"https:\/\/tzionlibreria.com\/?post_type=product&#038;p=6096"},"modified":"2025-09-18T02:54:15","modified_gmt":"2025-09-18T02:54:15","slug":"los-secretos-de-la-oracion-intercesora-como-poner-en-accion-el-poder-de-dios-en-la-vida-de-sus-seres-amados","status":"publish","type":"product","link":"https:\/\/tzionlibreria.com\/index.php\/product\/los-secretos-de-la-oracion-intercesora-como-poner-en-accion-el-poder-de-dios-en-la-vida-de-sus-seres-amados\/","title":{"rendered":"Los secretos de la oraci\u00f3n intercesora: C\u00f3mo poner en acci\u00f3n el poder de Dios en la vida de sus seres amados"},"content":{"rendered":"<p data-start=\"120\" data-end=\"173\">\ud83d\ude4f\u2728 <strong data-start=\"124\" data-end=\"154\">El poder de la intercesi\u00f3n<\/strong> \u2013 <em data-start=\"157\" data-end=\"171\">Jack Hayford<\/em><\/p>\n<p data-start=\"175\" data-end=\"493\">\u00bfQuieres ver a tus seres queridos transformados por la gracia de Dios? \ud83d\udc96<br data-start=\"248\" data-end=\"251\" \/>En este libro, el reconocido pastor y escritor <strong data-start=\"298\" data-end=\"314\">Jack Hayford<\/strong> comparte testimonios poderosos y principios b\u00edblicos que te ense\u00f1ar\u00e1n a <strong data-start=\"387\" data-end=\"414\">orar con mayor eficacia<\/strong>, desatando la bondad y el poder de Dios en la vida de las personas que amas.<\/p>\n<p data-start=\"495\" data-end=\"707\">\ud83d\udcd6 Aqu\u00ed descubrir\u00e1s:<br data-start=\"515\" data-end=\"518\" \/>\u2728 La clave para que tu oraci\u00f3n intercesora sea eficaz.<br data-start=\"572\" data-end=\"575\" \/>\u2728 C\u00f3mo orar con esperanza y fe en medio de cualquier situaci\u00f3n.<br data-start=\"638\" data-end=\"641\" \/>\u2728 El impacto eterno de una vida comprometida con la intercesi\u00f3n.<\/p>\n<p data-start=\"709\" data-end=\"826\">\ud83d\udd25 Este libro es m\u00e1s que una ense\u00f1anza: es una invitaci\u00f3n a una apasionada cruzada de oraci\u00f3n por tus seres amados.<\/p>\n<p data-start=\"828\" data-end=\"1008\">\ud83d\udcda <strong data-start=\"831\" data-end=\"853\">Detalles del libro<\/strong><br data-start=\"853\" data-end=\"856\" \/>Autor: Jack Hayford<br data-start=\"875\" data-end=\"878\" \/>Editorial: Desaf\u00edo<br data-start=\"896\" data-end=\"899\" \/>ISBN: 9789587371109<br data-start=\"918\" data-end=\"921\" \/>Dimensiones: 140 x 210 x 11 mm<br data-start=\"951\" data-end=\"954\" \/>Peso: 0,142 kg<br data-start=\"968\" data-end=\"971\" \/>Cubierta: R\u00fastica<br data-start=\"988\" data-end=\"991\" \/>Idioma: Espa\u00f1ol<\/p>\n<p data-start=\"1010\" data-end=\"1094\">\n","protected":false},"excerpt":{"rendered":"<p>\ud83d\ude4f\u2728 El poder de la intercesi\u00f3n \u2013 Jack Hayford \u00bfQuieres ver a tus seres queridos transformados por la gracia de Dios? \ud83d\udc96En este libro, el reconocido pastor y escritor Jack Hayford comparte testimonios poderosos y principios b\u00edblicos que te ense\u00f1ar\u00e1n a orar con mayor eficacia, desatando la bondad y el poder de Dios en la [&hellip;]<\/p>\n","protected":false},"featured_media":6097,"comment_status":"open","ping_status":"closed","template":"","meta":{"om_disable_all_campaigns":false,"_monsterinsights_skip_tracking":false,"_monsterinsights_sitenote_active":false,"_monsterinsights_sitenote_note":"","_monsterinsights_sitenote_category":0,"site-sidebar-layout":"default","site-content-layout":"","ast-site-content-layout":"default","site-content-style":"default","site-sidebar-style":"default","ast-global-header-display":"","ast-banner-title-visibility":"","ast-main-header-display":"","ast-hfb-above-header-display":"","ast-hfb-below-header-display":"","ast-hfb-mobile-header-display":"","site-post-title":"","ast-breadcrumbs-content":"","ast-featured-img":"","footer-sml-layout":"","ast-disable-related-posts":"","theme-transparent-header-meta":"default","adv-header-id-meta":"","stick-header-meta":"","header-above-stick-meta":"","header-main-stick-meta":"","header-below-stick-meta":"","astra-migrate-meta-layouts":"set","ast-page-background-enabled":"default","ast-page-background-meta":{"desktop":{"background-color":"var(--ast-global-color-4)","background-image":"","background-repeat":"repeat","background-position":"center center","background-size":"auto","background-attachment":"scroll","background-type":"","background-media":"","overlay-type":"","overlay-color":"","overlay-opacity":"","overlay-gradient":""},"tablet":{"background-color":"","background-image":"","background-repeat":"repeat","background-position":"center center","background-size":"auto","background-attachment":"scroll","background-type":"","background-media":"","overlay-type":"","overlay-color":"","overlay-opacity":"","overlay-gradient":""},"mobile":{"background-color":"","background-image":"","background-repeat":"repeat","background-position":"center center","background-size":"auto","background-attachment":"scroll","background-type":"","background-media":"","overlay-type":"","overlay-color":"","overlay-opacity":"","overlay-gradient":""}},"ast-content-background-meta":{"desktop":{"background-color":"var(--ast-global-color-5)","background-image":"","background-repeat":"repeat","background-position":"center center","background-size":"auto","background-attachment":"scroll","background-type":"","background-media":"","overlay-type":"","overlay-color":"","overlay-opacity":"","overlay-gradient":""},"tablet":{"background-color":"var(--ast-global-color-5)","background-image":"","background-repeat":"repeat","background-position":"center center","background-size":"auto","background-attachment":"scroll","background-type":"","background-media":"","overlay-type":"","overlay-color":"","overlay-opacity":"","overlay-gradient":""},"mobile":{"background-color":"var(--ast-global-color-5)","background-image":"","background-repeat":"repeat","background-position":"center center","background-size":"auto","background-attachment":"scroll","background-type":"","background-media":"","overlay-type":"","overlay-color":"","overlay-opacity":"","overlay-gradient":""}}},"product_brand":[],"product_cat":[174,23,176,166],"product_tag":[306],"class_list":{"0":"post-6096","1":"product","2":"type-product","3":"status-publish","4":"has-post-thumbnail","6":"product_cat-iglesia","7":"product_cat-libros","8":"product_cat-oraciones","9":"product_cat-profecia","10":"product_tag-desafio","11":"desktop-align-left","12":"tablet-align-left","13":"mobile-align-left","15":"first","16":"instock","17":"shipping-taxable","18":"purchasable","19":"product-type-simple"},"yoast_head":"<!-- This site is optimized with the Yoast SEO plugin v27.4 - https:\/\/yoast.com\/product\/yoast-seo-wordpress\/ -->\n<title>Los secretos de la oraci\u00f3n intercesora: C\u00f3mo poner en acci\u00f3n el poder de Dios en la vida de sus seres amados - tzionlibreria.com<\/title>\n<meta name=\"description\" content=\"Este libro es m\u00e1s que una ense\u00f1anza: es una invitaci\u00f3n a una apasionada cruzada de oraci\u00f3n por tus seres amados. Te ense\u00f1ar\u00e1n a orar con mayor eficacia.\" \/>\n<meta name=\"robots\" content=\"index, follow, max-snippet:-1, max-image-preview:large, max-video-preview:-1\" \/>\n<link rel=\"canonical\" href=\"https:\/\/tzionlibreria.com\/index.php\/product\/los-secretos-de-la-oracion-intercesora-como-poner-en-accion-el-poder-de-dios-en-la-vida-de-sus-seres-amados\/\" \/>\n<meta property=\"og:locale\" content=\"es_ES\" \/>\n<meta property=\"og:type\" content=\"article\" \/>\n<meta property=\"og:title\" content=\"Los secretos de la oraci\u00f3n intercesora: C\u00f3mo poner en acci\u00f3n el poder de Dios en la vida de sus seres amados - tzionlibreria.com\" \/>\n<meta property=\"og:description\" content=\"Este libro es m\u00e1s que una ense\u00f1anza: es una invitaci\u00f3n a una apasionada cruzada de oraci\u00f3n por tus seres amados. Te ense\u00f1ar\u00e1n a orar con mayor eficacia.\" \/>\n<meta property=\"og:url\" content=\"https:\/\/tzionlibreria.com\/index.php\/product\/los-secretos-de-la-oracion-intercesora-como-poner-en-accion-el-poder-de-dios-en-la-vida-de-sus-seres-amados\/\" \/>\n<meta property=\"og:site_name\" content=\"tzionlibreria.com\" \/>\n<meta property=\"og:image\" content=\"http:\/\/tzionlibreria.com\/wp-content\/uploads\/2025\/09\/259.png\" \/>\n\t<meta property=\"og:image:width\" content=\"1080\" \/>\n\t<meta property=\"og:image:height\" content=\"1080\" \/>\n\t<meta property=\"og:image:type\" content=\"image\/png\" \/>\n<meta name=\"twitter:card\" content=\"summary_large_image\" \/>\n<meta name=\"twitter:label1\" content=\"Tiempo de lectura\" \/>\n\t<meta name=\"twitter:data1\" content=\"1 minuto\" \/>\n<script type=\"application\/ld+json\" class=\"yoast-schema-graph\">{\"@context\":\"https:\\\/\\\/schema.org\",\"@graph\":[{\"@type\":\"WebPage\",\"@id\":\"https:\\\/\\\/tzionlibreria.com\\\/index.php\\\/product\\\/los-secretos-de-la-oracion-intercesora-como-poner-en-accion-el-poder-de-dios-en-la-vida-de-sus-seres-amados\\\/\",\"url\":\"https:\\\/\\\/tzionlibreria.com\\\/index.php\\\/product\\\/los-secretos-de-la-oracion-intercesora-como-poner-en-accion-el-poder-de-dios-en-la-vida-de-sus-seres-amados\\\/\",\"name\":\"Los secretos de la oraci\u00f3n intercesora: C\u00f3mo poner en acci\u00f3n el poder de Dios en la vida de sus seres amados - tzionlibreria.com\",\"isPartOf\":{\"@id\":\"https:\\\/\\\/tzionlibreria.com\\\/#website\"},\"primaryImageOfPage\":{\"@id\":\"https:\\\/\\\/tzionlibreria.com\\\/index.php\\\/product\\\/los-secretos-de-la-oracion-intercesora-como-poner-en-accion-el-poder-de-dios-en-la-vida-de-sus-seres-amados\\\/#primaryimage\"},\"image\":{\"@id\":\"https:\\\/\\\/tzionlibreria.com\\\/index.php\\\/product\\\/los-secretos-de-la-oracion-intercesora-como-poner-en-accion-el-poder-de-dios-en-la-vida-de-sus-seres-amados\\\/#primaryimage\"},\"thumbnailUrl\":\"https:\\\/\\\/tzionlibreria.com\\\/wp-content\\\/uploads\\\/2025\\\/09\\\/259.png\",\"datePublished\":\"2025-09-18T02:54:15+00:00\",\"description\":\"Este libro es m\u00e1s que una ense\u00f1anza: es una invitaci\u00f3n a una apasionada cruzada de oraci\u00f3n por tus seres amados. Te ense\u00f1ar\u00e1n a orar con mayor eficacia.\",\"breadcrumb\":{\"@id\":\"https:\\\/\\\/tzionlibreria.com\\\/index.php\\\/product\\\/los-secretos-de-la-oracion-intercesora-como-poner-en-accion-el-poder-de-dios-en-la-vida-de-sus-seres-amados\\\/#breadcrumb\"},\"inLanguage\":\"es-CO\",\"potentialAction\":[{\"@type\":\"ReadAction\",\"target\":[\"https:\\\/\\\/tzionlibreria.com\\\/index.php\\\/product\\\/los-secretos-de-la-oracion-intercesora-como-poner-en-accion-el-poder-de-dios-en-la-vida-de-sus-seres-amados\\\/\"]}]},{\"@type\":\"ImageObject\",\"inLanguage\":\"es-CO\",\"@id\":\"https:\\\/\\\/tzionlibreria.com\\\/index.php\\\/product\\\/los-secretos-de-la-oracion-intercesora-como-poner-en-accion-el-poder-de-dios-en-la-vida-de-sus-seres-amados\\\/#primaryimage\",\"url\":\"https:\\\/\\\/tzionlibreria.com\\\/wp-content\\\/uploads\\\/2025\\\/09\\\/259.png\",\"contentUrl\":\"https:\\\/\\\/tzionlibreria.com\\\/wp-content\\\/uploads\\\/2025\\\/09\\\/259.png\",\"width\":1080,\"height\":1080},{\"@type\":\"BreadcrumbList\",\"@id\":\"https:\\\/\\\/tzionlibreria.com\\\/index.php\\\/product\\\/los-secretos-de-la-oracion-intercesora-como-poner-en-accion-el-poder-de-dios-en-la-vida-de-sus-seres-amados\\\/#breadcrumb\",\"itemListElement\":[{\"@type\":\"ListItem\",\"position\":1,\"name\":\"Inicio\",\"item\":\"https:\\\/\\\/tzionlibreria.com\\\/\"},{\"@type\":\"ListItem\",\"position\":2,\"name\":\"Shop\",\"item\":\"https:\\\/\\\/tzionlibreria.com\\\/index.php\\\/shop\\\/\"},{\"@type\":\"ListItem\",\"position\":3,\"name\":\"Los secretos de la oraci\u00f3n intercesora: C\u00f3mo poner en acci\u00f3n el poder de Dios en la vida de sus seres amados\"}]},{\"@type\":\"WebSite\",\"@id\":\"https:\\\/\\\/tzionlibreria.com\\\/#website\",\"url\":\"https:\\\/\\\/tzionlibreria.com\\\/\",\"name\":\"tzionlibreria.com\",\"description\":\"Libreria Cristiana Venezuela\",\"publisher\":{\"@id\":\"https:\\\/\\\/tzionlibreria.com\\\/#organization\"},\"potentialAction\":[{\"@type\":\"SearchAction\",\"target\":{\"@type\":\"EntryPoint\",\"urlTemplate\":\"https:\\\/\\\/tzionlibreria.com\\\/?s={search_term_string}\"},\"query-input\":{\"@type\":\"PropertyValueSpecification\",\"valueRequired\":true,\"valueName\":\"search_term_string\"}}],\"inLanguage\":\"es-CO\"},{\"@type\":\"Organization\",\"@id\":\"https:\\\/\\\/tzionlibreria.com\\\/#organization\",\"name\":\"tzionlibreria.com\",\"url\":\"https:\\\/\\\/tzionlibreria.com\\\/\",\"logo\":{\"@type\":\"ImageObject\",\"inLanguage\":\"es-CO\",\"@id\":\"https:\\\/\\\/tzionlibreria.com\\\/#\\\/schema\\\/logo\\\/image\\\/\",\"url\":\"https:\\\/\\\/tzionlibreria.com\\\/wp-content\\\/uploads\\\/2023\\\/10\\\/cropped-Cuadricula-scaled-1.jpg\",\"contentUrl\":\"https:\\\/\\\/tzionlibreria.com\\\/wp-content\\\/uploads\\\/2023\\\/10\\\/cropped-Cuadricula-scaled-1.jpg\",\"width\":2560,\"height\":2560,\"caption\":\"tzionlibreria.com\"},\"image\":{\"@id\":\"https:\\\/\\\/tzionlibreria.com\\\/#\\\/schema\\\/logo\\\/image\\\/\"}}]}<\/script>\n<!-- \/ Yoast SEO plugin. -->","yoast_head_json":{"title":"Los secretos de la oraci\u00f3n intercesora: C\u00f3mo poner en acci\u00f3n el poder de Dios en la vida de sus seres amados - tzionlibreria.com","description":"Este libro es m\u00e1s que una ense\u00f1anza: es una invitaci\u00f3n a una apasionada cruzada de oraci\u00f3n por tus seres amados. Te ense\u00f1ar\u00e1n a orar con mayor eficacia.","robots":{"index":"index","follow":"follow","max-snippet":"max-snippet:-1","max-image-preview":"max-image-preview:large","max-video-preview":"max-video-preview:-1"},"canonical":"https:\/\/tzionlibreria.com\/index.php\/product\/los-secretos-de-la-oracion-intercesora-como-poner-en-accion-el-poder-de-dios-en-la-vida-de-sus-seres-amados\/","og_locale":"es_ES","og_type":"article","og_title":"Los secretos de la oraci\u00f3n intercesora: C\u00f3mo poner en acci\u00f3n el poder de Dios en la vida de sus seres amados - tzionlibreria.com","og_description":"Este libro es m\u00e1s que una ense\u00f1anza: es una invitaci\u00f3n a una apasionada cruzada de oraci\u00f3n por tus seres amados. Te ense\u00f1ar\u00e1n a orar con mayor eficacia.","og_url":"https:\/\/tzionlibreria.com\/index.php\/product\/los-secretos-de-la-oracion-intercesora-como-poner-en-accion-el-poder-de-dios-en-la-vida-de-sus-seres-amados\/","og_site_name":"tzionlibreria.com","og_image":[{"width":1080,"height":1080,"url":"http:\/\/tzionlibreria.com\/wp-content\/uploads\/2025\/09\/259.png","type":"image\/png"}],"twitter_card":"summary_large_image","twitter_misc":{"Tiempo de lectura":"1 minuto"},"schema":{"@context":"https:\/\/schema.org","@graph":[{"@type":"WebPage","@id":"https:\/\/tzionlibreria.com\/index.php\/product\/los-secretos-de-la-oracion-intercesora-como-poner-en-accion-el-poder-de-dios-en-la-vida-de-sus-seres-amados\/","url":"https:\/\/tzionlibreria.com\/index.php\/product\/los-secretos-de-la-oracion-intercesora-como-poner-en-accion-el-poder-de-dios-en-la-vida-de-sus-seres-amados\/","name":"Los secretos de la oraci\u00f3n intercesora: C\u00f3mo poner en acci\u00f3n el poder de Dios en la vida de sus seres amados - tzionlibreria.com","isPartOf":{"@id":"https:\/\/tzionlibreria.com\/#website"},"primaryImageOfPage":{"@id":"https:\/\/tzionlibreria.com\/index.php\/product\/los-secretos-de-la-oracion-intercesora-como-poner-en-accion-el-poder-de-dios-en-la-vida-de-sus-seres-amados\/#primaryimage"},"image":{"@id":"https:\/\/tzionlibreria.com\/index.php\/product\/los-secretos-de-la-oracion-intercesora-como-poner-en-accion-el-poder-de-dios-en-la-vida-de-sus-seres-amados\/#primaryimage"},"thumbnailUrl":"https:\/\/tzionlibreria.com\/wp-content\/uploads\/2025\/09\/259.png","datePublished":"2025-09-18T02:54:15+00:00","description":"Este libro es m\u00e1s que una ense\u00f1anza: es una invitaci\u00f3n a una apasionada cruzada de oraci\u00f3n por tus seres amados. Te ense\u00f1ar\u00e1n a orar con mayor eficacia.","breadcrumb":{"@id":"https:\/\/tzionlibreria.com\/index.php\/product\/los-secretos-de-la-oracion-intercesora-como-poner-en-accion-el-poder-de-dios-en-la-vida-de-sus-seres-amados\/#breadcrumb"},"inLanguage":"es-CO","potentialAction":[{"@type":"ReadAction","target":["https:\/\/tzionlibreria.com\/index.php\/product\/los-secretos-de-la-oracion-intercesora-como-poner-en-accion-el-poder-de-dios-en-la-vida-de-sus-seres-amados\/"]}]},{"@type":"ImageObject","inLanguage":"es-CO","@id":"https:\/\/tzionlibreria.com\/index.php\/product\/los-secretos-de-la-oracion-intercesora-como-poner-en-accion-el-poder-de-dios-en-la-vida-de-sus-seres-amados\/#primaryimage","url":"https:\/\/tzionlibreria.com\/wp-content\/uploads\/2025\/09\/259.png","contentUrl":"https:\/\/tzionlibreria.com\/wp-content\/uploads\/2025\/09\/259.png","width":1080,"height":1080},{"@type":"BreadcrumbList","@id":"https:\/\/tzionlibreria.com\/index.php\/product\/los-secretos-de-la-oracion-intercesora-como-poner-en-accion-el-poder-de-dios-en-la-vida-de-sus-seres-amados\/#breadcrumb","itemListElement":[{"@type":"ListItem","position":1,"name":"Inicio","item":"https:\/\/tzionlibreria.com\/"},{"@type":"ListItem","position":2,"name":"Shop","item":"https:\/\/tzionlibreria.com\/index.php\/shop\/"},{"@type":"ListItem","position":3,"name":"Los secretos de la oraci\u00f3n intercesora: C\u00f3mo poner en acci\u00f3n el poder de Dios en la vida de sus seres amados"}]},{"@type":"WebSite","@id":"https:\/\/tzionlibreria.com\/#website","url":"https:\/\/tzionlibreria.com\/","name":"tzionlibreria.com","description":"Libreria Cristiana Venezuela","publisher":{"@id":"https:\/\/tzionlibreria.com\/#organization"},"potentialAction":[{"@type":"SearchAction","target":{"@type":"EntryPoint","urlTemplate":"https:\/\/tzionlibreria.com\/?s={search_term_string}"},"query-input":{"@type":"PropertyValueSpecification","valueRequired":true,"valueName":"search_term_string"}}],"inLanguage":"es-CO"},{"@type":"Organization","@id":"https:\/\/tzionlibreria.com\/#organization","name":"tzionlibreria.com","url":"https:\/\/tzionlibreria.com\/","logo":{"@type":"ImageObject","inLanguage":"es-CO","@id":"https:\/\/tzionlibreria.com\/#\/schema\/logo\/image\/","url":"https:\/\/tzionlibreria.com\/wp-content\/uploads\/2023\/10\/cropped-Cuadricula-scaled-1.jpg","contentUrl":"https:\/\/tzionlibreria.com\/wp-content\/uploads\/2023\/10\/cropped-Cuadricula-scaled-1.jpg","width":2560,"height":2560,"caption":"tzionlibreria.com"},"image":{"@id":"https:\/\/tzionlibreria.com\/#\/schema\/logo\/image\/"}}]}},"jetpack_sharing_enabled":true,"_links":{"self":[{"href":"https:\/\/tzionlibreria.com\/index.php\/wp-json\/wp\/v2\/product\/6096","targetHints":{"allow":["GET"]}}],"collection":[{"href":"https:\/\/tzionlibreria.com\/index.php\/wp-json\/wp\/v2\/product"}],"about":[{"href":"https:\/\/tzionlibreria.com\/index.php\/wp-json\/wp\/v2\/types\/product"}],"replies":[{"embeddable":true,"href":"https:\/\/tzionlibreria.com\/index.php\/wp-json\/wp\/v2\/comments?post=6096"}],"wp:featuredmedia":[{"embeddable":true,"href":"https:\/\/tzionlibreria.com\/index.php\/wp-json\/wp\/v2\/media\/6097"}],"wp:attachment":[{"href":"https:\/\/tzionlibreria.com\/index.php\/wp-json\/wp\/v2\/media?parent=6096"}],"wp:term":[{"taxonomy":"product_brand","embeddable":true,"href":"https:\/\/tzionlibreria.com\/index.php\/wp-json\/wp\/v2\/product_brand?post=6096"},{"taxonomy":"product_cat","embeddable":true,"href":"https:\/\/tzionlibreria.com\/index.php\/wp-json\/wp\/v2\/product_cat?post=6096"},{"taxonomy":"product_tag","embeddable":true,"href":"https:\/\/tzionlibreria.com\/index.php\/wp-json\/wp\/v2\/product_tag?post=6096"}],"curies":[{"name":"wp","href":"https:\/\/api.w.org\/{rel}","templated":true}]}}