{"id":6098,"date":"2025-09-18T02:59:13","date_gmt":"2025-09-18T02:59:13","guid":{"rendered":"https:\/\/tzionlibreria.com\/?post_type=product&#038;p=6098"},"modified":"2025-09-18T02:59:14","modified_gmt":"2025-09-18T02:59:14","slug":"amor-redentor-una-novela-francine-rivers","status":"publish","type":"product","link":"https:\/\/tzionlibreria.com\/index.php\/product\/amor-redentor-una-novela-francine-rivers\/","title":{"rendered":"Amor Redentor -Una novela \u2013 Francine Rivers"},"content":{"rendered":"<p data-start=\"664\" data-end=\"736\"><strong data-start=\"664\" data-end=\"736\">Una historia que transforma el coraz\u00f3n\u2026 y sana las heridas del alma.<\/strong><\/p>\n<p data-start=\"738\" data-end=\"971\">En esta inolvidable novela inspirada en el libro de Oseas, la aclamada autora\u00a0<strong data-start=\"816\" data-end=\"835\">Francine Rivers<\/strong>\u00a0nos invita a un viaje de amor, dolor y redenci\u00f3n en medio del deslumbrante pero despiadado contexto de la fiebre del oro en California.<\/p>\n<p data-start=\"973\" data-end=\"1250\">La protagonista,\u00a0<strong data-start=\"990\" data-end=\"1000\">\u00c1ngela<\/strong>, ha sido marcada por la traici\u00f3n y la explotaci\u00f3n desde su infancia. Sin embargo, su historia da un giro inesperado cuando conoce a\u00a0<strong data-start=\"1133\" data-end=\"1149\">Miguel Oseas<\/strong>, un hombre con una fe profunda y una misi\u00f3n clara: mostrarle a \u00c1ngela el amor incondicional de Dios.<\/p>\n<p data-start=\"1252\" data-end=\"1473\">\ud83d\udcd6\u00a0<strong data-start=\"1255\" data-end=\"1335\">Este libro es m\u00e1s que una novela rom\u00e1ntica. Es una declaraci\u00f3n de esperanza.<\/strong><br data-start=\"1335\" data-end=\"1338\" \/>Con una narrativa poderosa,\u00a0<em data-start=\"1366\" data-end=\"1381\">Amor Redentor<\/em>\u00a0revela c\u00f3mo Dios persigue al alma rota y restaura lo que parec\u00eda irremediablemente perdido.<\/p>\n<p data-start=\"1475\" data-end=\"1488\">\ud83d\udca1 Incluye:<\/p>\n<ul data-start=\"1489\" data-end=\"1689\">\n<li data-start=\"1489\" data-end=\"1543\">\n<p data-start=\"1491\" data-end=\"1543\">Estudio b\u00edblico para reflexi\u00f3n personal o en grupo<\/p>\n<\/li>\n<li data-start=\"1544\" data-end=\"1597\">\n<p data-start=\"1546\" data-end=\"1597\">Temas de perd\u00f3n, gracia, redenci\u00f3n y restauraci\u00f3n<\/p>\n<\/li>\n<li data-start=\"1598\" data-end=\"1689\">\n<p data-start=\"1600\" data-end=\"1689\">Seleccionado por\u00a0<em data-start=\"1617\" data-end=\"1633\">Romantic Times<\/em>\u00a0como una de las mejores novelas rom\u00e1nticas cristianas<\/p>\n<\/li>\n<\/ul>\n<hr data-start=\"1691\" data-end=\"1694\" \/>\n<h3 data-start=\"1696\" data-end=\"1728\">\ud83c\udfaf\u00a0<strong data-start=\"1703\" data-end=\"1728\">\u00bfA qui\u00e9n va dirigido?<\/strong><\/h3>\n<ul data-start=\"1730\" data-end=\"2161\">\n<li data-start=\"1730\" data-end=\"1806\">\n<p data-start=\"1732\" data-end=\"1806\">A mujeres que buscan una historia con profundidad emocional y espiritual<\/p>\n<\/li>\n<li data-start=\"1807\" data-end=\"1902\">\n<p data-start=\"1809\" data-end=\"1902\">A lectores de novela cristiana que disfrutan historias transformadoras basadas en la Biblia<\/p>\n<\/li>\n<li data-start=\"1903\" data-end=\"2003\">\n<p data-start=\"1905\" data-end=\"2003\">A grupos de discipulado o lectura que deseen trabajar un estudio b\u00edblico con aplicaci\u00f3n pr\u00e1ctica<\/p>\n<\/li>\n<li data-start=\"2004\" data-end=\"2098\">\n<p data-start=\"2006\" data-end=\"2098\">A quienes han vivido dolor o rechazo y necesitan un recordatorio del amor redentor de Dios<\/p>\n<\/li>\n<li data-start=\"2099\" data-end=\"2161\">\n<p data-start=\"2101\" data-end=\"2161\">A fan\u00e1ticos de novelas hist\u00f3ricas con prop\u00f3sito espiritual<\/p>\n<\/li>\n<\/ul>\n<hr data-start=\"2163\" data-end=\"2166\" \/>\n<p data-start=\"2168\" data-end=\"2442\" data-is-last-node=\"\" data-is-only-node=\"\"><br data-start=\"2218\" data-end=\"2221\" \/><strong data-start=\"2221\" data-end=\"2282\">\u201cDios no se rinde contigo, incluso cuando t\u00fa s\u00ed lo haces\u201d<\/strong><br data-start=\"2286\" data-end=\"2289\" \/><strong data-start=\"2289\" data-end=\"2353\">\u201cUna historia de amor que nace del cielo\u2026 y redime el alma\u201d?<\/strong><\/p>\n<p data-start=\"2168\" data-end=\"2442\" data-is-last-node=\"\" data-is-only-node=\"\"><strong data-start=\"317\" data-end=\"328\">Autora:<\/strong>\u00a0Francine Rivers<br data-start=\"344\" data-end=\"347\" \/><strong data-start=\"347\" data-end=\"356\">ISBN:<\/strong>\u00a09781414317274<br data-start=\"370\" data-end=\"373\" \/><strong data-start=\"373\" data-end=\"399\">Editorial \/ Productor:<\/strong>\u00a0Tyndale<br data-start=\"442\" data-end=\"445\" \/><strong data-start=\"445\" data-end=\"456\">Idioma:<\/strong>\u00a0Espa\u00f1ol<br data-start=\"464\" data-end=\"467\" \/><strong data-start=\"467\" data-end=\"486\">Encuadernaci\u00f3n:<\/strong>\u00a0R\u00fastica<br data-start=\"494\" data-end=\"497\" \/><strong data-start=\"497\" data-end=\"513\">Dimensiones:<\/strong>\u00a0140 x 210 x 30 mm<br data-start=\"531\" data-end=\"534\" \/><strong data-start=\"534\" data-end=\"543\">Peso:<\/strong>\u00a00,397 kg<br data-start=\"552\" data-end=\"555\" \/><strong data-start=\"555\" data-end=\"567\" data-is-only-node=\"\">P\u00e1ginas:<\/strong>\u00a0496<br data-start=\"571\" data-end=\"574\" \/><strong data-start=\"574\" data-end=\"599\">Fecha de lanzamiento:<\/strong>\u00a031 de mayo de 2014<\/p>\n","protected":false},"excerpt":{"rendered":"<p>Una historia que transforma el coraz\u00f3n\u2026 y sana las heridas del alma. En esta inolvidable novela inspirada en el libro de Oseas, la aclamada autora\u00a0Francine Rivers\u00a0nos invita a un viaje de amor, dolor y redenci\u00f3n en medio del deslumbrante pero despiadado contexto de la fiebre del oro en California. La protagonista,\u00a0\u00c1ngela, ha sido marcada por [&hellip;]<\/p>\n","protected":false},"featured_media":6099,"comment_status":"open","ping_status":"closed","template":"","meta":{"om_disable_all_campaigns":false,"_monsterinsights_skip_tracking":false,"_monsterinsights_sitenote_active":false,"_monsterinsights_sitenote_note":"","_monsterinsights_sitenote_category":0,"site-sidebar-layout":"default","site-content-layout":"","ast-site-content-layout":"default","site-content-style":"default","site-sidebar-style":"default","ast-global-header-display":"","ast-banner-title-visibility":"","ast-main-header-display":"","ast-hfb-above-header-display":"","ast-hfb-below-header-display":"","ast-hfb-mobile-header-display":"","site-post-title":"","ast-breadcrumbs-content":"","ast-featured-img":"","footer-sml-layout":"","ast-disable-related-posts":"","theme-transparent-header-meta":"default","adv-header-id-meta":"","stick-header-meta":"","header-above-stick-meta":"","header-main-stick-meta":"","header-below-stick-meta":"","astra-migrate-meta-layouts":"set","ast-page-background-enabled":"default","ast-page-background-meta":{"desktop":{"background-color":"var(--ast-global-color-4)","background-image":"","background-repeat":"repeat","background-position":"center center","background-size":"auto","background-attachment":"scroll","background-type":"","background-media":"","overlay-type":"","overlay-color":"","overlay-opacity":"","overlay-gradient":""},"tablet":{"background-color":"","background-image":"","background-repeat":"repeat","background-position":"center center","background-size":"auto","background-attachment":"scroll","background-type":"","background-media":"","overlay-type":"","overlay-color":"","overlay-opacity":"","overlay-gradient":""},"mobile":{"background-color":"","background-image":"","background-repeat":"repeat","background-position":"center center","background-size":"auto","background-attachment":"scroll","background-type":"","background-media":"","overlay-type":"","overlay-color":"","overlay-opacity":"","overlay-gradient":""}},"ast-content-background-meta":{"desktop":{"background-color":"var(--ast-global-color-5)","background-image":"","background-repeat":"repeat","background-position":"center center","background-size":"auto","background-attachment":"scroll","background-type":"","background-media":"","overlay-type":"","overlay-color":"","overlay-opacity":"","overlay-gradient":""},"tablet":{"background-color":"var(--ast-global-color-5)","background-image":"","background-repeat":"repeat","background-position":"center center","background-size":"auto","background-attachment":"scroll","background-type":"","background-media":"","overlay-type":"","overlay-color":"","overlay-opacity":"","overlay-gradient":""},"mobile":{"background-color":"var(--ast-global-color-5)","background-image":"","background-repeat":"repeat","background-position":"center center","background-size":"auto","background-attachment":"scroll","background-type":"","background-media":"","overlay-type":"","overlay-color":"","overlay-opacity":"","overlay-gradient":""}}},"product_brand":[],"product_cat":[173,23,170,316],"product_tag":[],"class_list":{"0":"post-6098","1":"product","2":"type-product","3":"status-publish","4":"has-post-thumbnail","6":"product_cat-jovenes","7":"product_cat-libros","8":"product_cat-mujeres","9":"product_cat-novelas","10":"desktop-align-left","11":"tablet-align-left","12":"mobile-align-left","14":"first","15":"instock","16":"shipping-taxable","17":"purchasable","18":"product-type-simple"},"yoast_head":"<!-- This site is optimized with the Yoast SEO plugin v27.4 - https:\/\/yoast.com\/product\/yoast-seo-wordpress\/ -->\n<title>Amor Redentor -Una novela \u2013 Francine Rivers - tzionlibreria.com<\/title>\n<meta name=\"description\" content=\"Con una narrativa poderosa,\u00a0Amor Redentor\u00a0revela c\u00f3mo Dios persigue al alma rota y restaura lo que parec\u00eda irremediablemente perdido.\" \/>\n<meta name=\"robots\" content=\"index, follow, max-snippet:-1, max-image-preview:large, max-video-preview:-1\" \/>\n<link rel=\"canonical\" href=\"https:\/\/tzionlibreria.com\/index.php\/product\/amor-redentor-una-novela-francine-rivers\/\" \/>\n<meta property=\"og:locale\" content=\"es_ES\" \/>\n<meta property=\"og:type\" content=\"article\" \/>\n<meta property=\"og:title\" content=\"Amor Redentor -Una novela \u2013 Francine Rivers - tzionlibreria.com\" \/>\n<meta property=\"og:description\" content=\"Con una narrativa poderosa,\u00a0Amor Redentor\u00a0revela c\u00f3mo Dios persigue al alma rota y restaura lo que parec\u00eda irremediablemente perdido.\" \/>\n<meta property=\"og:url\" content=\"https:\/\/tzionlibreria.com\/index.php\/product\/amor-redentor-una-novela-francine-rivers\/\" \/>\n<meta property=\"og:site_name\" content=\"tzionlibreria.com\" \/>\n<meta property=\"article:modified_time\" content=\"2025-09-18T02:59:14+00:00\" \/>\n<meta property=\"og:image\" content=\"http:\/\/tzionlibreria.com\/wp-content\/uploads\/2025\/09\/258.png\" \/>\n\t<meta property=\"og:image:width\" content=\"1080\" \/>\n\t<meta property=\"og:image:height\" content=\"1080\" \/>\n\t<meta property=\"og:image:type\" content=\"image\/png\" \/>\n<meta name=\"twitter:card\" content=\"summary_large_image\" \/>\n<meta name=\"twitter:label1\" content=\"Tiempo de lectura\" \/>\n\t<meta name=\"twitter:data1\" content=\"2 minutos\" \/>\n<script type=\"application\/ld+json\" class=\"yoast-schema-graph\">{\"@context\":\"https:\\\/\\\/schema.org\",\"@graph\":[{\"@type\":\"WebPage\",\"@id\":\"https:\\\/\\\/tzionlibreria.com\\\/index.php\\\/product\\\/amor-redentor-una-novela-francine-rivers\\\/\",\"url\":\"https:\\\/\\\/tzionlibreria.com\\\/index.php\\\/product\\\/amor-redentor-una-novela-francine-rivers\\\/\",\"name\":\"Amor Redentor -Una novela \u2013 Francine Rivers - tzionlibreria.com\",\"isPartOf\":{\"@id\":\"https:\\\/\\\/tzionlibreria.com\\\/#website\"},\"primaryImageOfPage\":{\"@id\":\"https:\\\/\\\/tzionlibreria.com\\\/index.php\\\/product\\\/amor-redentor-una-novela-francine-rivers\\\/#primaryimage\"},\"image\":{\"@id\":\"https:\\\/\\\/tzionlibreria.com\\\/index.php\\\/product\\\/amor-redentor-una-novela-francine-rivers\\\/#primaryimage\"},\"thumbnailUrl\":\"https:\\\/\\\/tzionlibreria.com\\\/wp-content\\\/uploads\\\/2025\\\/09\\\/258.png\",\"datePublished\":\"2025-09-18T02:59:13+00:00\",\"dateModified\":\"2025-09-18T02:59:14+00:00\",\"description\":\"Con una narrativa poderosa,\u00a0Amor Redentor\u00a0revela c\u00f3mo Dios persigue al alma rota y restaura lo que parec\u00eda irremediablemente perdido.\",\"breadcrumb\":{\"@id\":\"https:\\\/\\\/tzionlibreria.com\\\/index.php\\\/product\\\/amor-redentor-una-novela-francine-rivers\\\/#breadcrumb\"},\"inLanguage\":\"es-CO\",\"potentialAction\":[{\"@type\":\"ReadAction\",\"target\":[\"https:\\\/\\\/tzionlibreria.com\\\/index.php\\\/product\\\/amor-redentor-una-novela-francine-rivers\\\/\"]}]},{\"@type\":\"ImageObject\",\"inLanguage\":\"es-CO\",\"@id\":\"https:\\\/\\\/tzionlibreria.com\\\/index.php\\\/product\\\/amor-redentor-una-novela-francine-rivers\\\/#primaryimage\",\"url\":\"https:\\\/\\\/tzionlibreria.com\\\/wp-content\\\/uploads\\\/2025\\\/09\\\/258.png\",\"contentUrl\":\"https:\\\/\\\/tzionlibreria.com\\\/wp-content\\\/uploads\\\/2025\\\/09\\\/258.png\",\"width\":1080,\"height\":1080},{\"@type\":\"BreadcrumbList\",\"@id\":\"https:\\\/\\\/tzionlibreria.com\\\/index.php\\\/product\\\/amor-redentor-una-novela-francine-rivers\\\/#breadcrumb\",\"itemListElement\":[{\"@type\":\"ListItem\",\"position\":1,\"name\":\"Inicio\",\"item\":\"https:\\\/\\\/tzionlibreria.com\\\/\"},{\"@type\":\"ListItem\",\"position\":2,\"name\":\"Shop\",\"item\":\"https:\\\/\\\/tzionlibreria.com\\\/index.php\\\/shop\\\/\"},{\"@type\":\"ListItem\",\"position\":3,\"name\":\"Amor Redentor -Una novela \u2013 Francine Rivers\"}]},{\"@type\":\"WebSite\",\"@id\":\"https:\\\/\\\/tzionlibreria.com\\\/#website\",\"url\":\"https:\\\/\\\/tzionlibreria.com\\\/\",\"name\":\"tzionlibreria.com\",\"description\":\"Libreria Cristiana Venezuela\",\"publisher\":{\"@id\":\"https:\\\/\\\/tzionlibreria.com\\\/#organization\"},\"potentialAction\":[{\"@type\":\"SearchAction\",\"target\":{\"@type\":\"EntryPoint\",\"urlTemplate\":\"https:\\\/\\\/tzionlibreria.com\\\/?s={search_term_string}\"},\"query-input\":{\"@type\":\"PropertyValueSpecification\",\"valueRequired\":true,\"valueName\":\"search_term_string\"}}],\"inLanguage\":\"es-CO\"},{\"@type\":\"Organization\",\"@id\":\"https:\\\/\\\/tzionlibreria.com\\\/#organization\",\"name\":\"tzionlibreria.com\",\"url\":\"https:\\\/\\\/tzionlibreria.com\\\/\",\"logo\":{\"@type\":\"ImageObject\",\"inLanguage\":\"es-CO\",\"@id\":\"https:\\\/\\\/tzionlibreria.com\\\/#\\\/schema\\\/logo\\\/image\\\/\",\"url\":\"https:\\\/\\\/tzionlibreria.com\\\/wp-content\\\/uploads\\\/2023\\\/10\\\/cropped-Cuadricula-scaled-1.jpg\",\"contentUrl\":\"https:\\\/\\\/tzionlibreria.com\\\/wp-content\\\/uploads\\\/2023\\\/10\\\/cropped-Cuadricula-scaled-1.jpg\",\"width\":2560,\"height\":2560,\"caption\":\"tzionlibreria.com\"},\"image\":{\"@id\":\"https:\\\/\\\/tzionlibreria.com\\\/#\\\/schema\\\/logo\\\/image\\\/\"}}]}<\/script>\n<!-- \/ Yoast SEO plugin. -->","yoast_head_json":{"title":"Amor Redentor -Una novela \u2013 Francine Rivers - tzionlibreria.com","description":"Con una narrativa poderosa,\u00a0Amor Redentor\u00a0revela c\u00f3mo Dios persigue al alma rota y restaura lo que parec\u00eda irremediablemente perdido.","robots":{"index":"index","follow":"follow","max-snippet":"max-snippet:-1","max-image-preview":"max-image-preview:large","max-video-preview":"max-video-preview:-1"},"canonical":"https:\/\/tzionlibreria.com\/index.php\/product\/amor-redentor-una-novela-francine-rivers\/","og_locale":"es_ES","og_type":"article","og_title":"Amor Redentor -Una novela \u2013 Francine Rivers - tzionlibreria.com","og_description":"Con una narrativa poderosa,\u00a0Amor Redentor\u00a0revela c\u00f3mo Dios persigue al alma rota y restaura lo que parec\u00eda irremediablemente perdido.","og_url":"https:\/\/tzionlibreria.com\/index.php\/product\/amor-redentor-una-novela-francine-rivers\/","og_site_name":"tzionlibreria.com","article_modified_time":"2025-09-18T02:59:14+00:00","og_image":[{"width":1080,"height":1080,"url":"http:\/\/tzionlibreria.com\/wp-content\/uploads\/2025\/09\/258.png","type":"image\/png"}],"twitter_card":"summary_large_image","twitter_misc":{"Tiempo de lectura":"2 minutos"},"schema":{"@context":"https:\/\/schema.org","@graph":[{"@type":"WebPage","@id":"https:\/\/tzionlibreria.com\/index.php\/product\/amor-redentor-una-novela-francine-rivers\/","url":"https:\/\/tzionlibreria.com\/index.php\/product\/amor-redentor-una-novela-francine-rivers\/","name":"Amor Redentor -Una novela \u2013 Francine Rivers - tzionlibreria.com","isPartOf":{"@id":"https:\/\/tzionlibreria.com\/#website"},"primaryImageOfPage":{"@id":"https:\/\/tzionlibreria.com\/index.php\/product\/amor-redentor-una-novela-francine-rivers\/#primaryimage"},"image":{"@id":"https:\/\/tzionlibreria.com\/index.php\/product\/amor-redentor-una-novela-francine-rivers\/#primaryimage"},"thumbnailUrl":"https:\/\/tzionlibreria.com\/wp-content\/uploads\/2025\/09\/258.png","datePublished":"2025-09-18T02:59:13+00:00","dateModified":"2025-09-18T02:59:14+00:00","description":"Con una narrativa poderosa,\u00a0Amor Redentor\u00a0revela c\u00f3mo Dios persigue al alma rota y restaura lo que parec\u00eda irremediablemente perdido.","breadcrumb":{"@id":"https:\/\/tzionlibreria.com\/index.php\/product\/amor-redentor-una-novela-francine-rivers\/#breadcrumb"},"inLanguage":"es-CO","potentialAction":[{"@type":"ReadAction","target":["https:\/\/tzionlibreria.com\/index.php\/product\/amor-redentor-una-novela-francine-rivers\/"]}]},{"@type":"ImageObject","inLanguage":"es-CO","@id":"https:\/\/tzionlibreria.com\/index.php\/product\/amor-redentor-una-novela-francine-rivers\/#primaryimage","url":"https:\/\/tzionlibreria.com\/wp-content\/uploads\/2025\/09\/258.png","contentUrl":"https:\/\/tzionlibreria.com\/wp-content\/uploads\/2025\/09\/258.png","width":1080,"height":1080},{"@type":"BreadcrumbList","@id":"https:\/\/tzionlibreria.com\/index.php\/product\/amor-redentor-una-novela-francine-rivers\/#breadcrumb","itemListElement":[{"@type":"ListItem","position":1,"name":"Inicio","item":"https:\/\/tzionlibreria.com\/"},{"@type":"ListItem","position":2,"name":"Shop","item":"https:\/\/tzionlibreria.com\/index.php\/shop\/"},{"@type":"ListItem","position":3,"name":"Amor Redentor -Una novela \u2013 Francine Rivers"}]},{"@type":"WebSite","@id":"https:\/\/tzionlibreria.com\/#website","url":"https:\/\/tzionlibreria.com\/","name":"tzionlibreria.com","description":"Libreria Cristiana Venezuela","publisher":{"@id":"https:\/\/tzionlibreria.com\/#organization"},"potentialAction":[{"@type":"SearchAction","target":{"@type":"EntryPoint","urlTemplate":"https:\/\/tzionlibreria.com\/?s={search_term_string}"},"query-input":{"@type":"PropertyValueSpecification","valueRequired":true,"valueName":"search_term_string"}}],"inLanguage":"es-CO"},{"@type":"Organization","@id":"https:\/\/tzionlibreria.com\/#organization","name":"tzionlibreria.com","url":"https:\/\/tzionlibreria.com\/","logo":{"@type":"ImageObject","inLanguage":"es-CO","@id":"https:\/\/tzionlibreria.com\/#\/schema\/logo\/image\/","url":"https:\/\/tzionlibreria.com\/wp-content\/uploads\/2023\/10\/cropped-Cuadricula-scaled-1.jpg","contentUrl":"https:\/\/tzionlibreria.com\/wp-content\/uploads\/2023\/10\/cropped-Cuadricula-scaled-1.jpg","width":2560,"height":2560,"caption":"tzionlibreria.com"},"image":{"@id":"https:\/\/tzionlibreria.com\/#\/schema\/logo\/image\/"}}]}},"jetpack_sharing_enabled":true,"_links":{"self":[{"href":"https:\/\/tzionlibreria.com\/index.php\/wp-json\/wp\/v2\/product\/6098","targetHints":{"allow":["GET"]}}],"collection":[{"href":"https:\/\/tzionlibreria.com\/index.php\/wp-json\/wp\/v2\/product"}],"about":[{"href":"https:\/\/tzionlibreria.com\/index.php\/wp-json\/wp\/v2\/types\/product"}],"replies":[{"embeddable":true,"href":"https:\/\/tzionlibreria.com\/index.php\/wp-json\/wp\/v2\/comments?post=6098"}],"wp:featuredmedia":[{"embeddable":true,"href":"https:\/\/tzionlibreria.com\/index.php\/wp-json\/wp\/v2\/media\/6099"}],"wp:attachment":[{"href":"https:\/\/tzionlibreria.com\/index.php\/wp-json\/wp\/v2\/media?parent=6098"}],"wp:term":[{"taxonomy":"product_brand","embeddable":true,"href":"https:\/\/tzionlibreria.com\/index.php\/wp-json\/wp\/v2\/product_brand?post=6098"},{"taxonomy":"product_cat","embeddable":true,"href":"https:\/\/tzionlibreria.com\/index.php\/wp-json\/wp\/v2\/product_cat?post=6098"},{"taxonomy":"product_tag","embeddable":true,"href":"https:\/\/tzionlibreria.com\/index.php\/wp-json\/wp\/v2\/product_tag?post=6098"}],"curies":[{"name":"wp","href":"https:\/\/api.w.org\/{rel}","templated":true}]}}