{"id":611,"date":"2023-10-07T12:22:30","date_gmt":"2023-10-07T12:22:30","guid":{"rendered":"https:\/\/tzionlibreria.com\/?post_type=product&#038;p=611"},"modified":"2024-11-22T02:29:48","modified_gmt":"2024-11-22T02:29:48","slug":"pharmakeia-ana-mendez-ferrell","status":"publish","type":"product","link":"https:\/\/tzionlibreria.com\/index.php\/product\/pharmakeia-ana-mendez-ferrell\/","title":{"rendered":"Pharmakeia &#8211; Ana M\u00e9ndez Ferrell"},"content":{"rendered":"<p>En este libro estoy desenmascarando a lo que considero uno de nuestros mayores adversarios de este siglo, el esp\u00edritu de \u201cPharmakeia\u201d. Este controla la industria farmac\u00e9utica mundial. Millones de personas est\u00e1n cautivas, creyendo que la respuesta a sus enfermedades est\u00e1 en los medicamentos. Aqu\u00ed, leer\u00e1 cosas que jam\u00e1s se imaginaba que pod\u00edan ser ciertas, conocer\u00e1 losprop\u00f3sitos detr\u00e1s de las grandes compa\u00f1\u00edas de f\u00e1rmacos y su trasfondo espiritual. Entender\u00e1 el origen de la enfermedad, c\u00f3mo destruirla con el poder de Jesucristo, c\u00f3mo romper las ataduras de \u201cPharmakeia\u201d y la estructura que esta ha edificado en su mente y en su cuerpo para matarle.<\/p>\n<p>Acerca de Ana M\u00e9ndez Ferrell<\/p>\n<p>Ana M\u00e9ndez Ferrell, naci\u00f3 en M\u00e9xico pero actualmente reside en Jacksonville, Florida, junto a su esposo Emerson Ferrell. Ellos tienen tres hijos: Ana, Pedro y Jordan. Jesucristo la salv\u00f3 en 1985 mientras estaba recluida en un hospital psiqui\u00e1trico, despu\u00e9s de involucrarse en el vud\u00fa. El milagroso poder de Dios la liber\u00f3 completamente, transform\u00e1ndola en una de sus generales para encabezar SU ej\u00e9rcito para destruir las obras del enemigo. Ordenada como Profeta y Ap\u00f3stol, el ministerio de la Doctora Ana M\u00e9ndez Ferrell est\u00e1 presente en m\u00e1s de 50 naciones, entrenando al Ej\u00e9rcito de Dios para derribar las fortalezas del mal y entrar en Su gloria. Su ministerio es conocido por el profundo entendimiento de la realidad espiritual, tanto en el reino de Dios como en el reino de la oscuridad. Su revelaci\u00f3n prof\u00e9tica y manifestaci\u00f3n de los cielos en sus conferencias han transformado radicalmente la vida de pueblos y ciudades.<\/p>\n<p>ISBN: 9781933163314<\/p>\n","protected":false},"excerpt":{"rendered":"<p>En este libro estoy desenmascarando a lo que considero uno de nuestros mayores adversarios de este siglo, el esp\u00edritu de \u201cPharmakeia\u201d. Este controla la industria farmac\u00e9utica mundial. Millones de personas est\u00e1n cautivas, creyendo que la respuesta a sus enfermedades est\u00e1 en los medicamentos. Aqu\u00ed, leer\u00e1 cosas que jam\u00e1s se imaginaba que pod\u00edan ser ciertas, conocer\u00e1 [&hellip;]<\/p>\n","protected":false},"featured_media":617,"comment_status":"open","ping_status":"closed","template":"","meta":{"om_disable_all_campaigns":false,"_monsterinsights_skip_tracking":false,"_monsterinsights_sitenote_active":false,"_monsterinsights_sitenote_note":"","_monsterinsights_sitenote_category":0,"site-sidebar-layout":"default","site-content-layout":"","ast-site-content-layout":"default","site-content-style":"default","site-sidebar-style":"default","ast-global-header-display":"","ast-banner-title-visibility":"","ast-main-header-display":"","ast-hfb-above-header-display":"","ast-hfb-below-header-display":"","ast-hfb-mobile-header-display":"","site-post-title":"","ast-breadcrumbs-content":"","ast-featured-img":"","footer-sml-layout":"","ast-disable-related-posts":"","theme-transparent-header-meta":"default","adv-header-id-meta":"","stick-header-meta":"","header-above-stick-meta":"","header-main-stick-meta":"","header-below-stick-meta":"","astra-migrate-meta-layouts":"set","ast-page-background-enabled":"default","ast-page-background-meta":{"desktop":{"background-color":"var(--ast-global-color-4)","background-image":"","background-repeat":"repeat","background-position":"center center","background-size":"auto","background-attachment":"scroll","background-type":"","background-media":"","overlay-type":"","overlay-color":"","overlay-opacity":"","overlay-gradient":""},"tablet":{"background-color":"","background-image":"","background-repeat":"repeat","background-position":"center center","background-size":"auto","background-attachment":"scroll","background-type":"","background-media":"","overlay-type":"","overlay-color":"","overlay-opacity":"","overlay-gradient":""},"mobile":{"background-color":"","background-image":"","background-repeat":"repeat","background-position":"center center","background-size":"auto","background-attachment":"scroll","background-type":"","background-media":"","overlay-type":"","overlay-color":"","overlay-opacity":"","overlay-gradient":""}},"ast-content-background-meta":{"desktop":{"background-color":"var(--ast-global-color-5)","background-image":"","background-repeat":"repeat","background-position":"center center","background-size":"auto","background-attachment":"scroll","background-type":"","background-media":"","overlay-type":"","overlay-color":"","overlay-opacity":"","overlay-gradient":""},"tablet":{"background-color":"var(--ast-global-color-5)","background-image":"","background-repeat":"repeat","background-position":"center center","background-size":"auto","background-attachment":"scroll","background-type":"","background-media":"","overlay-type":"","overlay-color":"","overlay-opacity":"","overlay-gradient":""},"mobile":{"background-color":"var(--ast-global-color-5)","background-image":"","background-repeat":"repeat","background-position":"center center","background-size":"auto","background-attachment":"scroll","background-type":"","background-media":"","overlay-type":"","overlay-color":"","overlay-opacity":"","overlay-gradient":""}}},"product_brand":[],"product_cat":[168,23],"product_tag":[63],"class_list":{"0":"post-611","1":"product","2":"type-product","3":"status-publish","4":"has-post-thumbnail","6":"product_cat-guerra-espiritual","7":"product_cat-libros","8":"product_tag-ana-mendez-ferrell","9":"desktop-align-left","10":"tablet-align-left","11":"mobile-align-left","13":"first","14":"instock","15":"shipping-taxable","16":"purchasable","17":"product-type-simple"},"yoast_head":"<!-- This site is optimized with the Yoast SEO plugin v27.5 - https:\/\/yoast.com\/product\/yoast-seo-wordpress\/ -->\n<title>Pharmakeia - Ana M\u00e9ndez Ferrell - tzionlibreria.com<\/title>\n<meta name=\"robots\" content=\"index, follow, max-snippet:-1, max-image-preview:large, max-video-preview:-1\" \/>\n<link rel=\"canonical\" href=\"https:\/\/tzionlibreria.com\/index.php\/product\/pharmakeia-ana-mendez-ferrell\/\" \/>\n<meta property=\"og:locale\" content=\"es_ES\" \/>\n<meta property=\"og:type\" content=\"article\" \/>\n<meta property=\"og:title\" content=\"Pharmakeia - Ana M\u00e9ndez Ferrell - tzionlibreria.com\" \/>\n<meta property=\"og:description\" content=\"En este libro estoy desenmascarando a lo que considero uno de nuestros mayores adversarios de este siglo, el esp\u00edritu de \u201cPharmakeia\u201d. Este controla la industria farmac\u00e9utica mundial. Millones de personas est\u00e1n cautivas, creyendo que la respuesta a sus enfermedades est\u00e1 en los medicamentos. Aqu\u00ed, leer\u00e1 cosas que jam\u00e1s se imaginaba que pod\u00edan ser ciertas, conocer\u00e1 [&hellip;]\" \/>\n<meta property=\"og:url\" content=\"https:\/\/tzionlibreria.com\/index.php\/product\/pharmakeia-ana-mendez-ferrell\/\" \/>\n<meta property=\"og:site_name\" content=\"tzionlibreria.com\" \/>\n<meta property=\"article:modified_time\" content=\"2024-11-22T02:29:48+00:00\" \/>\n<meta property=\"og:image\" content=\"http:\/\/tzionlibreria.com\/wp-content\/uploads\/2023\/10\/D_NQ_NP_2X_993646-MLV51619358280_092022-F.webp\" \/>\n\t<meta property=\"og:image:width\" content=\"1115\" \/>\n\t<meta property=\"og:image:height\" content=\"1019\" \/>\n\t<meta property=\"og:image:type\" content=\"image\/webp\" \/>\n<meta name=\"twitter:card\" content=\"summary_large_image\" \/>\n<meta name=\"twitter:label1\" content=\"Tiempo de lectura\" \/>\n\t<meta name=\"twitter:data1\" content=\"2 minutos\" \/>\n<script type=\"application\/ld+json\" class=\"yoast-schema-graph\">{\"@context\":\"https:\\\/\\\/schema.org\",\"@graph\":[{\"@type\":\"WebPage\",\"@id\":\"https:\\\/\\\/tzionlibreria.com\\\/index.php\\\/product\\\/pharmakeia-ana-mendez-ferrell\\\/\",\"url\":\"https:\\\/\\\/tzionlibreria.com\\\/index.php\\\/product\\\/pharmakeia-ana-mendez-ferrell\\\/\",\"name\":\"Pharmakeia - Ana M\u00e9ndez Ferrell - tzionlibreria.com\",\"isPartOf\":{\"@id\":\"https:\\\/\\\/tzionlibreria.com\\\/#website\"},\"primaryImageOfPage\":{\"@id\":\"https:\\\/\\\/tzionlibreria.com\\\/index.php\\\/product\\\/pharmakeia-ana-mendez-ferrell\\\/#primaryimage\"},\"image\":{\"@id\":\"https:\\\/\\\/tzionlibreria.com\\\/index.php\\\/product\\\/pharmakeia-ana-mendez-ferrell\\\/#primaryimage\"},\"thumbnailUrl\":\"https:\\\/\\\/tzionlibreria.com\\\/wp-content\\\/uploads\\\/2023\\\/10\\\/D_NQ_NP_2X_993646-MLV51619358280_092022-F.webp\",\"datePublished\":\"2023-10-07T12:22:30+00:00\",\"dateModified\":\"2024-11-22T02:29:48+00:00\",\"breadcrumb\":{\"@id\":\"https:\\\/\\\/tzionlibreria.com\\\/index.php\\\/product\\\/pharmakeia-ana-mendez-ferrell\\\/#breadcrumb\"},\"inLanguage\":\"es-CO\",\"potentialAction\":[{\"@type\":\"ReadAction\",\"target\":[\"https:\\\/\\\/tzionlibreria.com\\\/index.php\\\/product\\\/pharmakeia-ana-mendez-ferrell\\\/\"]}]},{\"@type\":\"ImageObject\",\"inLanguage\":\"es-CO\",\"@id\":\"https:\\\/\\\/tzionlibreria.com\\\/index.php\\\/product\\\/pharmakeia-ana-mendez-ferrell\\\/#primaryimage\",\"url\":\"https:\\\/\\\/tzionlibreria.com\\\/wp-content\\\/uploads\\\/2023\\\/10\\\/D_NQ_NP_2X_993646-MLV51619358280_092022-F.webp\",\"contentUrl\":\"https:\\\/\\\/tzionlibreria.com\\\/wp-content\\\/uploads\\\/2023\\\/10\\\/D_NQ_NP_2X_993646-MLV51619358280_092022-F.webp\",\"width\":1115,\"height\":1019},{\"@type\":\"BreadcrumbList\",\"@id\":\"https:\\\/\\\/tzionlibreria.com\\\/index.php\\\/product\\\/pharmakeia-ana-mendez-ferrell\\\/#breadcrumb\",\"itemListElement\":[{\"@type\":\"ListItem\",\"position\":1,\"name\":\"Inicio\",\"item\":\"https:\\\/\\\/tzionlibreria.com\\\/\"},{\"@type\":\"ListItem\",\"position\":2,\"name\":\"Shop\",\"item\":\"https:\\\/\\\/tzionlibreria.com\\\/index.php\\\/shop\\\/\"},{\"@type\":\"ListItem\",\"position\":3,\"name\":\"Pharmakeia &#8211; Ana M\u00e9ndez Ferrell\"}]},{\"@type\":\"WebSite\",\"@id\":\"https:\\\/\\\/tzionlibreria.com\\\/#website\",\"url\":\"https:\\\/\\\/tzionlibreria.com\\\/\",\"name\":\"tzionlibreria.com\",\"description\":\"Libreria Cristiana Venezuela\",\"publisher\":{\"@id\":\"https:\\\/\\\/tzionlibreria.com\\\/#organization\"},\"potentialAction\":[{\"@type\":\"SearchAction\",\"target\":{\"@type\":\"EntryPoint\",\"urlTemplate\":\"https:\\\/\\\/tzionlibreria.com\\\/?s={search_term_string}\"},\"query-input\":{\"@type\":\"PropertyValueSpecification\",\"valueRequired\":true,\"valueName\":\"search_term_string\"}}],\"inLanguage\":\"es-CO\"},{\"@type\":\"Organization\",\"@id\":\"https:\\\/\\\/tzionlibreria.com\\\/#organization\",\"name\":\"tzionlibreria.com\",\"url\":\"https:\\\/\\\/tzionlibreria.com\\\/\",\"logo\":{\"@type\":\"ImageObject\",\"inLanguage\":\"es-CO\",\"@id\":\"https:\\\/\\\/tzionlibreria.com\\\/#\\\/schema\\\/logo\\\/image\\\/\",\"url\":\"https:\\\/\\\/tzionlibreria.com\\\/wp-content\\\/uploads\\\/2023\\\/10\\\/cropped-Cuadricula-scaled-1.jpg\",\"contentUrl\":\"https:\\\/\\\/tzionlibreria.com\\\/wp-content\\\/uploads\\\/2023\\\/10\\\/cropped-Cuadricula-scaled-1.jpg\",\"width\":2560,\"height\":2560,\"caption\":\"tzionlibreria.com\"},\"image\":{\"@id\":\"https:\\\/\\\/tzionlibreria.com\\\/#\\\/schema\\\/logo\\\/image\\\/\"}}]}<\/script>\n<!-- \/ Yoast SEO plugin. -->","yoast_head_json":{"title":"Pharmakeia - Ana M\u00e9ndez Ferrell - tzionlibreria.com","robots":{"index":"index","follow":"follow","max-snippet":"max-snippet:-1","max-image-preview":"max-image-preview:large","max-video-preview":"max-video-preview:-1"},"canonical":"https:\/\/tzionlibreria.com\/index.php\/product\/pharmakeia-ana-mendez-ferrell\/","og_locale":"es_ES","og_type":"article","og_title":"Pharmakeia - Ana M\u00e9ndez Ferrell - tzionlibreria.com","og_description":"En este libro estoy desenmascarando a lo que considero uno de nuestros mayores adversarios de este siglo, el esp\u00edritu de \u201cPharmakeia\u201d. Este controla la industria farmac\u00e9utica mundial. Millones de personas est\u00e1n cautivas, creyendo que la respuesta a sus enfermedades est\u00e1 en los medicamentos. Aqu\u00ed, leer\u00e1 cosas que jam\u00e1s se imaginaba que pod\u00edan ser ciertas, conocer\u00e1 [&hellip;]","og_url":"https:\/\/tzionlibreria.com\/index.php\/product\/pharmakeia-ana-mendez-ferrell\/","og_site_name":"tzionlibreria.com","article_modified_time":"2024-11-22T02:29:48+00:00","og_image":[{"width":1115,"height":1019,"url":"http:\/\/tzionlibreria.com\/wp-content\/uploads\/2023\/10\/D_NQ_NP_2X_993646-MLV51619358280_092022-F.webp","type":"image\/webp"}],"twitter_card":"summary_large_image","twitter_misc":{"Tiempo de lectura":"2 minutos"},"schema":{"@context":"https:\/\/schema.org","@graph":[{"@type":"WebPage","@id":"https:\/\/tzionlibreria.com\/index.php\/product\/pharmakeia-ana-mendez-ferrell\/","url":"https:\/\/tzionlibreria.com\/index.php\/product\/pharmakeia-ana-mendez-ferrell\/","name":"Pharmakeia - Ana M\u00e9ndez Ferrell - tzionlibreria.com","isPartOf":{"@id":"https:\/\/tzionlibreria.com\/#website"},"primaryImageOfPage":{"@id":"https:\/\/tzionlibreria.com\/index.php\/product\/pharmakeia-ana-mendez-ferrell\/#primaryimage"},"image":{"@id":"https:\/\/tzionlibreria.com\/index.php\/product\/pharmakeia-ana-mendez-ferrell\/#primaryimage"},"thumbnailUrl":"https:\/\/tzionlibreria.com\/wp-content\/uploads\/2023\/10\/D_NQ_NP_2X_993646-MLV51619358280_092022-F.webp","datePublished":"2023-10-07T12:22:30+00:00","dateModified":"2024-11-22T02:29:48+00:00","breadcrumb":{"@id":"https:\/\/tzionlibreria.com\/index.php\/product\/pharmakeia-ana-mendez-ferrell\/#breadcrumb"},"inLanguage":"es-CO","potentialAction":[{"@type":"ReadAction","target":["https:\/\/tzionlibreria.com\/index.php\/product\/pharmakeia-ana-mendez-ferrell\/"]}]},{"@type":"ImageObject","inLanguage":"es-CO","@id":"https:\/\/tzionlibreria.com\/index.php\/product\/pharmakeia-ana-mendez-ferrell\/#primaryimage","url":"https:\/\/tzionlibreria.com\/wp-content\/uploads\/2023\/10\/D_NQ_NP_2X_993646-MLV51619358280_092022-F.webp","contentUrl":"https:\/\/tzionlibreria.com\/wp-content\/uploads\/2023\/10\/D_NQ_NP_2X_993646-MLV51619358280_092022-F.webp","width":1115,"height":1019},{"@type":"BreadcrumbList","@id":"https:\/\/tzionlibreria.com\/index.php\/product\/pharmakeia-ana-mendez-ferrell\/#breadcrumb","itemListElement":[{"@type":"ListItem","position":1,"name":"Inicio","item":"https:\/\/tzionlibreria.com\/"},{"@type":"ListItem","position":2,"name":"Shop","item":"https:\/\/tzionlibreria.com\/index.php\/shop\/"},{"@type":"ListItem","position":3,"name":"Pharmakeia &#8211; Ana M\u00e9ndez Ferrell"}]},{"@type":"WebSite","@id":"https:\/\/tzionlibreria.com\/#website","url":"https:\/\/tzionlibreria.com\/","name":"tzionlibreria.com","description":"Libreria Cristiana Venezuela","publisher":{"@id":"https:\/\/tzionlibreria.com\/#organization"},"potentialAction":[{"@type":"SearchAction","target":{"@type":"EntryPoint","urlTemplate":"https:\/\/tzionlibreria.com\/?s={search_term_string}"},"query-input":{"@type":"PropertyValueSpecification","valueRequired":true,"valueName":"search_term_string"}}],"inLanguage":"es-CO"},{"@type":"Organization","@id":"https:\/\/tzionlibreria.com\/#organization","name":"tzionlibreria.com","url":"https:\/\/tzionlibreria.com\/","logo":{"@type":"ImageObject","inLanguage":"es-CO","@id":"https:\/\/tzionlibreria.com\/#\/schema\/logo\/image\/","url":"https:\/\/tzionlibreria.com\/wp-content\/uploads\/2023\/10\/cropped-Cuadricula-scaled-1.jpg","contentUrl":"https:\/\/tzionlibreria.com\/wp-content\/uploads\/2023\/10\/cropped-Cuadricula-scaled-1.jpg","width":2560,"height":2560,"caption":"tzionlibreria.com"},"image":{"@id":"https:\/\/tzionlibreria.com\/#\/schema\/logo\/image\/"}}]}},"jetpack_sharing_enabled":true,"_links":{"self":[{"href":"https:\/\/tzionlibreria.com\/index.php\/wp-json\/wp\/v2\/product\/611","targetHints":{"allow":["GET"]}}],"collection":[{"href":"https:\/\/tzionlibreria.com\/index.php\/wp-json\/wp\/v2\/product"}],"about":[{"href":"https:\/\/tzionlibreria.com\/index.php\/wp-json\/wp\/v2\/types\/product"}],"replies":[{"embeddable":true,"href":"https:\/\/tzionlibreria.com\/index.php\/wp-json\/wp\/v2\/comments?post=611"}],"wp:featuredmedia":[{"embeddable":true,"href":"https:\/\/tzionlibreria.com\/index.php\/wp-json\/wp\/v2\/media\/617"}],"wp:attachment":[{"href":"https:\/\/tzionlibreria.com\/index.php\/wp-json\/wp\/v2\/media?parent=611"}],"wp:term":[{"taxonomy":"product_brand","embeddable":true,"href":"https:\/\/tzionlibreria.com\/index.php\/wp-json\/wp\/v2\/product_brand?post=611"},{"taxonomy":"product_cat","embeddable":true,"href":"https:\/\/tzionlibreria.com\/index.php\/wp-json\/wp\/v2\/product_cat?post=611"},{"taxonomy":"product_tag","embeddable":true,"href":"https:\/\/tzionlibreria.com\/index.php\/wp-json\/wp\/v2\/product_tag?post=611"}],"curies":[{"name":"wp","href":"https:\/\/api.w.org\/{rel}","templated":true}]}}