{"id":6152,"date":"2025-10-29T00:37:52","date_gmt":"2025-10-29T00:37:52","guid":{"rendered":"https:\/\/tzionlibreria.com\/?post_type=product&#038;p=6152"},"modified":"2025-10-29T00:41:17","modified_gmt":"2025-10-29T00:41:17","slug":"biblia-se-un-heroe-nina-letra-grande-tla-rosada-cierre","status":"publish","type":"product","link":"https:\/\/tzionlibreria.com\/index.php\/product\/biblia-se-un-heroe-nina-letra-grande-tla-rosada-cierre\/","title":{"rendered":"Biblia S\u00e9 Un H\u00e9roe Ni\u00f1a Letra Grande TLA Rosada Cierre"},"content":{"rendered":"<div class=\"ast-oembed-container \" style=\"height: 100%;\"><iframe title=\"Biblia S\u00e9 Un H\u00e9roe Ni\u00f1a Rosada Tla Cierre Letra Grande\" width=\"500\" height=\"281\" src=\"https:\/\/www.youtube.com\/embed\/Kfcng99iFec?feature=oembed\" frameborder=\"0\" allow=\"accelerometer; autoplay; clipboard-write; encrypted-media; gyroscope; picture-in-picture; web-share\" referrerpolicy=\"strict-origin-when-cross-origin\" allowfullscreen><\/iframe><\/div>\n<p data-start=\"0\" data-end=\"56\">\ud83d\udcd6 <strong data-start=\"3\" data-end=\"54\">Biblia S\u00e9 un H\u00e9roe TLA Rosada \u2013 Peque\u00f1os H\u00e9roes<\/strong><\/p>\n<p data-start=\"0\" data-end=\"56\"><strong>Edad de Lectura: 8 a 12 a\u00f1os<\/strong><\/p>\n<p data-start=\"58\" data-end=\"280\">La <strong data-start=\"61\" data-end=\"83\">Biblia S\u00e9 un H\u00e9roe<\/strong> es una edici\u00f3n especial en <strong data-start=\"111\" data-end=\"158\">versi\u00f3n TLA (Traducci\u00f3n al Lenguaje Actual)<\/strong>, creada para que los ni\u00f1os y ni\u00f1as aprendan a estudiar la Palabra de Dios por s\u00ed mismos de manera divertida y pr\u00e1ctica.<\/p>\n<p data-start=\"282\" data-end=\"484\">Esta Biblia incluye herramientas \u00fanicas que acompa\u00f1an a los peque\u00f1os en su crecimiento espiritual, ayud\u00e1ndolos a comprender que ser un h\u00e9roe de la fe significa vivir conforme a los principios de Dios.<\/p>\n<p data-start=\"486\" data-end=\"1079\">\u2728 <strong data-start=\"488\" data-end=\"500\">Incluye:<\/strong><br data-start=\"500\" data-end=\"503\" \/>\u2022 <strong data-start=\"505\" data-end=\"538\">Entrenamiento de 44 desaf\u00edos:<\/strong> Dise\u00f1ados para que los ni\u00f1os descubran que el prop\u00f3sito del estudio b\u00edblico no es solo conocer, sino <strong data-start=\"640\" data-end=\"660\">obedecer y vivir<\/strong> la Palabra de Dios en su d\u00eda a d\u00eda.<br data-start=\"696\" data-end=\"699\" \/>\u2022 <strong data-start=\"701\" data-end=\"788\">Acceso gratuito a la plataforma <a class=\"decorated-link\" href=\"https:\/\/bibliaseunheroe.com\" target=\"_new\" rel=\"noopener\" data-start=\"735\" data-end=\"785\">bibliaseunheroe.com<\/a>:<\/strong> Permite registrar el avance de cada h\u00e9roe, realizar seguimiento de los desaf\u00edos y obtener un <strong data-start=\"882\" data-end=\"905\">certificado digital<\/strong> al completar el plan.<br data-start=\"927\" data-end=\"930\" \/>\u2022 <strong data-start=\"932\" data-end=\"959\">Plan de lectura diario:<\/strong> Lecturas cortas especialmente pensadas para ni\u00f1os y ni\u00f1as, fomentando el <strong data-start=\"1033\" data-end=\"1076\">h\u00e1bito de leer la Biblia todos los d\u00edas<\/strong>.<\/p>\n<p data-start=\"1081\" data-end=\"1236\">Los desaf\u00edos son una excelente herramienta para que padres y maestros puedan <strong data-start=\"1158\" data-end=\"1203\">discipular a los ni\u00f1os y fortalecer su fe<\/strong> de forma din\u00e1mica y constante.<\/p>\n<p data-start=\"1238\" data-end=\"1263\">\ud83d\udcda <strong data-start=\"1241\" data-end=\"1261\">Caracter\u00edsticas:<\/strong><\/p>\n<ul data-start=\"1264\" data-end=\"1476\">\n<li data-start=\"1264\" data-end=\"1312\">\n<p data-start=\"1266\" data-end=\"1312\">Versi\u00f3n: TLA (Traducci\u00f3n al Lenguaje Actual)<\/p>\n<\/li>\n<li data-start=\"1313\" data-end=\"1354\">\n<p data-start=\"1315\" data-end=\"1354\">Tama\u00f1o de letra: 9.5 puntos (mediana)<\/p>\n<\/li>\n<li data-start=\"1355\" data-end=\"1374\">\n<p data-start=\"1357\" data-end=\"1374\">Idioma: Espa\u00f1ol<\/p>\n<\/li>\n<li data-start=\"1375\" data-end=\"1417\">\n<p data-start=\"1377\" data-end=\"1417\">Editorial: SBC<\/p>\n<\/li>\n<li data-start=\"1418\" data-end=\"1441\">\n<p data-start=\"1420\" data-end=\"1441\">ISBN: 9789587458992<\/p>\n<\/li>\n<li data-start=\"1442\" data-end=\"1476\">\n<p data-start=\"1444\" data-end=\"1476\">Dimensiones: 130 \u00d7 185 \u00d7 30 mm<\/p>\n<\/li>\n<\/ul>\n<p data-start=\"1478\" data-end=\"1621\">\ud83d\udc96 Una Biblia que inspira a los ni\u00f1os a convertirse en verdaderos h\u00e9roes de la fe, viviendo cada d\u00eda con prop\u00f3sito, obediencia y amor a Dios.<\/p>\n","protected":false},"excerpt":{"rendered":"<p>\ud83d\udcd6 Biblia S\u00e9 un H\u00e9roe TLA Rosada \u2013 Peque\u00f1os H\u00e9roes Edad de Lectura: 8 a 12 a\u00f1os La Biblia S\u00e9 un H\u00e9roe es una edici\u00f3n especial en versi\u00f3n TLA (Traducci\u00f3n al Lenguaje Actual), creada para que los ni\u00f1os y ni\u00f1as aprendan a estudiar la Palabra de Dios por s\u00ed mismos de manera divertida y pr\u00e1ctica. [&hellip;]<\/p>\n","protected":false},"featured_media":6154,"comment_status":"open","ping_status":"closed","template":"","meta":{"om_disable_all_campaigns":false,"_monsterinsights_skip_tracking":false,"_monsterinsights_sitenote_active":false,"_monsterinsights_sitenote_note":"","_monsterinsights_sitenote_category":0,"site-sidebar-layout":"default","site-content-layout":"","ast-site-content-layout":"default","site-content-style":"default","site-sidebar-style":"default","ast-global-header-display":"","ast-banner-title-visibility":"","ast-main-header-display":"","ast-hfb-above-header-display":"","ast-hfb-below-header-display":"","ast-hfb-mobile-header-display":"","site-post-title":"","ast-breadcrumbs-content":"","ast-featured-img":"","footer-sml-layout":"","ast-disable-related-posts":"","theme-transparent-header-meta":"default","adv-header-id-meta":"","stick-header-meta":"","header-above-stick-meta":"","header-main-stick-meta":"","header-below-stick-meta":"","astra-migrate-meta-layouts":"set","ast-page-background-enabled":"default","ast-page-background-meta":{"desktop":{"background-color":"var(--ast-global-color-4)","background-image":"","background-repeat":"repeat","background-position":"center center","background-size":"auto","background-attachment":"scroll","background-type":"","background-media":"","overlay-type":"","overlay-color":"","overlay-opacity":"","overlay-gradient":""},"tablet":{"background-color":"","background-image":"","background-repeat":"repeat","background-position":"center center","background-size":"auto","background-attachment":"scroll","background-type":"","background-media":"","overlay-type":"","overlay-color":"","overlay-opacity":"","overlay-gradient":""},"mobile":{"background-color":"","background-image":"","background-repeat":"repeat","background-position":"center center","background-size":"auto","background-attachment":"scroll","background-type":"","background-media":"","overlay-type":"","overlay-color":"","overlay-opacity":"","overlay-gradient":""}},"ast-content-background-meta":{"desktop":{"background-color":"var(--ast-global-color-5)","background-image":"","background-repeat":"repeat","background-position":"center center","background-size":"auto","background-attachment":"scroll","background-type":"","background-media":"","overlay-type":"","overlay-color":"","overlay-opacity":"","overlay-gradient":""},"tablet":{"background-color":"var(--ast-global-color-5)","background-image":"","background-repeat":"repeat","background-position":"center center","background-size":"auto","background-attachment":"scroll","background-type":"","background-media":"","overlay-type":"","overlay-color":"","overlay-opacity":"","overlay-gradient":""},"mobile":{"background-color":"var(--ast-global-color-5)","background-image":"","background-repeat":"repeat","background-position":"center center","background-size":"auto","background-attachment":"scroll","background-type":"","background-media":"","overlay-type":"","overlay-color":"","overlay-opacity":"","overlay-gradient":""}}},"product_brand":[],"product_cat":[22,38,25],"product_tag":[],"class_list":{"0":"post-6152","1":"product","2":"type-product","3":"status-publish","4":"has-post-thumbnail","6":"product_cat-biblias","7":"product_cat-biblias-de-ninos","8":"product_cat-kids","9":"desktop-align-left","10":"tablet-align-left","11":"mobile-align-left","13":"first","14":"instock","15":"shipping-taxable","16":"purchasable","17":"product-type-simple"},"yoast_head":"<!-- This site is optimized with the Yoast SEO plugin v27.6 - https:\/\/yoast.com\/product\/yoast-seo-wordpress\/ -->\n<title>Biblia S\u00e9 Un H\u00e9roe Ni\u00f1a Letra Grande TLA Rosada Cierre - tzionlibreria.com<\/title>\n<meta name=\"description\" content=\"La Biblia S\u00e9 un H\u00e9roe Traducci\u00f3n al Lenguaje Actual, creada para que los ni\u00f1os y ni\u00f1as aprendan a estudiar la Palabra de Dios por s\u00ed mismos.\" \/>\n<meta name=\"robots\" content=\"index, follow, max-snippet:-1, max-image-preview:large, max-video-preview:-1\" \/>\n<link rel=\"canonical\" href=\"https:\/\/tzionlibreria.com\/index.php\/product\/biblia-se-un-heroe-nina-letra-grande-tla-rosada-cierre\/\" \/>\n<meta property=\"og:locale\" content=\"es_ES\" \/>\n<meta property=\"og:type\" content=\"article\" \/>\n<meta property=\"og:title\" content=\"Biblia S\u00e9 Un H\u00e9roe Ni\u00f1a Letra Grande TLA Rosada Cierre - tzionlibreria.com\" \/>\n<meta property=\"og:description\" content=\"La Biblia S\u00e9 un H\u00e9roe Traducci\u00f3n al Lenguaje Actual, creada para que los ni\u00f1os y ni\u00f1as aprendan a estudiar la Palabra de Dios por s\u00ed mismos.\" \/>\n<meta property=\"og:url\" content=\"https:\/\/tzionlibreria.com\/index.php\/product\/biblia-se-un-heroe-nina-letra-grande-tla-rosada-cierre\/\" \/>\n<meta property=\"og:site_name\" content=\"tzionlibreria.com\" \/>\n<meta property=\"article:modified_time\" content=\"2025-10-29T00:41:17+00:00\" \/>\n<meta property=\"og:image\" content=\"http:\/\/tzionlibreria.com\/wp-content\/uploads\/2025\/10\/8.png\" \/>\n\t<meta property=\"og:image:width\" content=\"1080\" \/>\n\t<meta property=\"og:image:height\" content=\"1080\" \/>\n\t<meta property=\"og:image:type\" content=\"image\/png\" \/>\n<meta name=\"twitter:card\" content=\"summary_large_image\" \/>\n<meta name=\"twitter:label1\" content=\"Tiempo de lectura\" \/>\n\t<meta name=\"twitter:data1\" content=\"2 minutos\" \/>\n<script type=\"application\/ld+json\" class=\"yoast-schema-graph\">{\"@context\":\"https:\\\/\\\/schema.org\",\"@graph\":[{\"@type\":\"WebPage\",\"@id\":\"https:\\\/\\\/tzionlibreria.com\\\/index.php\\\/product\\\/biblia-se-un-heroe-nina-letra-grande-tla-rosada-cierre\\\/\",\"url\":\"https:\\\/\\\/tzionlibreria.com\\\/index.php\\\/product\\\/biblia-se-un-heroe-nina-letra-grande-tla-rosada-cierre\\\/\",\"name\":\"Biblia S\u00e9 Un H\u00e9roe Ni\u00f1a Letra Grande TLA Rosada Cierre - tzionlibreria.com\",\"isPartOf\":{\"@id\":\"https:\\\/\\\/tzionlibreria.com\\\/#website\"},\"primaryImageOfPage\":{\"@id\":\"https:\\\/\\\/tzionlibreria.com\\\/index.php\\\/product\\\/biblia-se-un-heroe-nina-letra-grande-tla-rosada-cierre\\\/#primaryimage\"},\"image\":{\"@id\":\"https:\\\/\\\/tzionlibreria.com\\\/index.php\\\/product\\\/biblia-se-un-heroe-nina-letra-grande-tla-rosada-cierre\\\/#primaryimage\"},\"thumbnailUrl\":\"https:\\\/\\\/tzionlibreria.com\\\/wp-content\\\/uploads\\\/2025\\\/10\\\/8.png\",\"datePublished\":\"2025-10-29T00:37:52+00:00\",\"dateModified\":\"2025-10-29T00:41:17+00:00\",\"description\":\"La Biblia S\u00e9 un H\u00e9roe Traducci\u00f3n al Lenguaje Actual, creada para que los ni\u00f1os y ni\u00f1as aprendan a estudiar la Palabra de Dios por s\u00ed mismos.\",\"breadcrumb\":{\"@id\":\"https:\\\/\\\/tzionlibreria.com\\\/index.php\\\/product\\\/biblia-se-un-heroe-nina-letra-grande-tla-rosada-cierre\\\/#breadcrumb\"},\"inLanguage\":\"es-CO\",\"potentialAction\":[{\"@type\":\"ReadAction\",\"target\":[\"https:\\\/\\\/tzionlibreria.com\\\/index.php\\\/product\\\/biblia-se-un-heroe-nina-letra-grande-tla-rosada-cierre\\\/\"]}]},{\"@type\":\"ImageObject\",\"inLanguage\":\"es-CO\",\"@id\":\"https:\\\/\\\/tzionlibreria.com\\\/index.php\\\/product\\\/biblia-se-un-heroe-nina-letra-grande-tla-rosada-cierre\\\/#primaryimage\",\"url\":\"https:\\\/\\\/tzionlibreria.com\\\/wp-content\\\/uploads\\\/2025\\\/10\\\/8.png\",\"contentUrl\":\"https:\\\/\\\/tzionlibreria.com\\\/wp-content\\\/uploads\\\/2025\\\/10\\\/8.png\",\"width\":1080,\"height\":1080},{\"@type\":\"BreadcrumbList\",\"@id\":\"https:\\\/\\\/tzionlibreria.com\\\/index.php\\\/product\\\/biblia-se-un-heroe-nina-letra-grande-tla-rosada-cierre\\\/#breadcrumb\",\"itemListElement\":[{\"@type\":\"ListItem\",\"position\":1,\"name\":\"Inicio\",\"item\":\"https:\\\/\\\/tzionlibreria.com\\\/\"},{\"@type\":\"ListItem\",\"position\":2,\"name\":\"Shop\",\"item\":\"https:\\\/\\\/tzionlibreria.com\\\/index.php\\\/shop\\\/\"},{\"@type\":\"ListItem\",\"position\":3,\"name\":\"Biblia S\u00e9 Un H\u00e9roe Ni\u00f1a Letra Grande TLA Rosada Cierre\"}]},{\"@type\":\"WebSite\",\"@id\":\"https:\\\/\\\/tzionlibreria.com\\\/#website\",\"url\":\"https:\\\/\\\/tzionlibreria.com\\\/\",\"name\":\"tzionlibreria.com\",\"description\":\"Libreria Cristiana Venezuela\",\"publisher\":{\"@id\":\"https:\\\/\\\/tzionlibreria.com\\\/#organization\"},\"potentialAction\":[{\"@type\":\"SearchAction\",\"target\":{\"@type\":\"EntryPoint\",\"urlTemplate\":\"https:\\\/\\\/tzionlibreria.com\\\/?s={search_term_string}\"},\"query-input\":{\"@type\":\"PropertyValueSpecification\",\"valueRequired\":true,\"valueName\":\"search_term_string\"}}],\"inLanguage\":\"es-CO\"},{\"@type\":\"Organization\",\"@id\":\"https:\\\/\\\/tzionlibreria.com\\\/#organization\",\"name\":\"tzionlibreria.com\",\"url\":\"https:\\\/\\\/tzionlibreria.com\\\/\",\"logo\":{\"@type\":\"ImageObject\",\"inLanguage\":\"es-CO\",\"@id\":\"https:\\\/\\\/tzionlibreria.com\\\/#\\\/schema\\\/logo\\\/image\\\/\",\"url\":\"https:\\\/\\\/tzionlibreria.com\\\/wp-content\\\/uploads\\\/2023\\\/10\\\/cropped-Cuadricula-scaled-1.jpg\",\"contentUrl\":\"https:\\\/\\\/tzionlibreria.com\\\/wp-content\\\/uploads\\\/2023\\\/10\\\/cropped-Cuadricula-scaled-1.jpg\",\"width\":2560,\"height\":2560,\"caption\":\"tzionlibreria.com\"},\"image\":{\"@id\":\"https:\\\/\\\/tzionlibreria.com\\\/#\\\/schema\\\/logo\\\/image\\\/\"}}]}<\/script>\n<!-- \/ Yoast SEO plugin. -->","yoast_head_json":{"title":"Biblia S\u00e9 Un H\u00e9roe Ni\u00f1a Letra Grande TLA Rosada Cierre - tzionlibreria.com","description":"La Biblia S\u00e9 un H\u00e9roe Traducci\u00f3n al Lenguaje Actual, creada para que los ni\u00f1os y ni\u00f1as aprendan a estudiar la Palabra de Dios por s\u00ed mismos.","robots":{"index":"index","follow":"follow","max-snippet":"max-snippet:-1","max-image-preview":"max-image-preview:large","max-video-preview":"max-video-preview:-1"},"canonical":"https:\/\/tzionlibreria.com\/index.php\/product\/biblia-se-un-heroe-nina-letra-grande-tla-rosada-cierre\/","og_locale":"es_ES","og_type":"article","og_title":"Biblia S\u00e9 Un H\u00e9roe Ni\u00f1a Letra Grande TLA Rosada Cierre - tzionlibreria.com","og_description":"La Biblia S\u00e9 un H\u00e9roe Traducci\u00f3n al Lenguaje Actual, creada para que los ni\u00f1os y ni\u00f1as aprendan a estudiar la Palabra de Dios por s\u00ed mismos.","og_url":"https:\/\/tzionlibreria.com\/index.php\/product\/biblia-se-un-heroe-nina-letra-grande-tla-rosada-cierre\/","og_site_name":"tzionlibreria.com","article_modified_time":"2025-10-29T00:41:17+00:00","og_image":[{"width":1080,"height":1080,"url":"http:\/\/tzionlibreria.com\/wp-content\/uploads\/2025\/10\/8.png","type":"image\/png"}],"twitter_card":"summary_large_image","twitter_misc":{"Tiempo de lectura":"2 minutos"},"schema":{"@context":"https:\/\/schema.org","@graph":[{"@type":"WebPage","@id":"https:\/\/tzionlibreria.com\/index.php\/product\/biblia-se-un-heroe-nina-letra-grande-tla-rosada-cierre\/","url":"https:\/\/tzionlibreria.com\/index.php\/product\/biblia-se-un-heroe-nina-letra-grande-tla-rosada-cierre\/","name":"Biblia S\u00e9 Un H\u00e9roe Ni\u00f1a Letra Grande TLA Rosada Cierre - tzionlibreria.com","isPartOf":{"@id":"https:\/\/tzionlibreria.com\/#website"},"primaryImageOfPage":{"@id":"https:\/\/tzionlibreria.com\/index.php\/product\/biblia-se-un-heroe-nina-letra-grande-tla-rosada-cierre\/#primaryimage"},"image":{"@id":"https:\/\/tzionlibreria.com\/index.php\/product\/biblia-se-un-heroe-nina-letra-grande-tla-rosada-cierre\/#primaryimage"},"thumbnailUrl":"https:\/\/tzionlibreria.com\/wp-content\/uploads\/2025\/10\/8.png","datePublished":"2025-10-29T00:37:52+00:00","dateModified":"2025-10-29T00:41:17+00:00","description":"La Biblia S\u00e9 un H\u00e9roe Traducci\u00f3n al Lenguaje Actual, creada para que los ni\u00f1os y ni\u00f1as aprendan a estudiar la Palabra de Dios por s\u00ed mismos.","breadcrumb":{"@id":"https:\/\/tzionlibreria.com\/index.php\/product\/biblia-se-un-heroe-nina-letra-grande-tla-rosada-cierre\/#breadcrumb"},"inLanguage":"es-CO","potentialAction":[{"@type":"ReadAction","target":["https:\/\/tzionlibreria.com\/index.php\/product\/biblia-se-un-heroe-nina-letra-grande-tla-rosada-cierre\/"]}]},{"@type":"ImageObject","inLanguage":"es-CO","@id":"https:\/\/tzionlibreria.com\/index.php\/product\/biblia-se-un-heroe-nina-letra-grande-tla-rosada-cierre\/#primaryimage","url":"https:\/\/tzionlibreria.com\/wp-content\/uploads\/2025\/10\/8.png","contentUrl":"https:\/\/tzionlibreria.com\/wp-content\/uploads\/2025\/10\/8.png","width":1080,"height":1080},{"@type":"BreadcrumbList","@id":"https:\/\/tzionlibreria.com\/index.php\/product\/biblia-se-un-heroe-nina-letra-grande-tla-rosada-cierre\/#breadcrumb","itemListElement":[{"@type":"ListItem","position":1,"name":"Inicio","item":"https:\/\/tzionlibreria.com\/"},{"@type":"ListItem","position":2,"name":"Shop","item":"https:\/\/tzionlibreria.com\/index.php\/shop\/"},{"@type":"ListItem","position":3,"name":"Biblia S\u00e9 Un H\u00e9roe Ni\u00f1a Letra Grande TLA Rosada Cierre"}]},{"@type":"WebSite","@id":"https:\/\/tzionlibreria.com\/#website","url":"https:\/\/tzionlibreria.com\/","name":"tzionlibreria.com","description":"Libreria Cristiana Venezuela","publisher":{"@id":"https:\/\/tzionlibreria.com\/#organization"},"potentialAction":[{"@type":"SearchAction","target":{"@type":"EntryPoint","urlTemplate":"https:\/\/tzionlibreria.com\/?s={search_term_string}"},"query-input":{"@type":"PropertyValueSpecification","valueRequired":true,"valueName":"search_term_string"}}],"inLanguage":"es-CO"},{"@type":"Organization","@id":"https:\/\/tzionlibreria.com\/#organization","name":"tzionlibreria.com","url":"https:\/\/tzionlibreria.com\/","logo":{"@type":"ImageObject","inLanguage":"es-CO","@id":"https:\/\/tzionlibreria.com\/#\/schema\/logo\/image\/","url":"https:\/\/tzionlibreria.com\/wp-content\/uploads\/2023\/10\/cropped-Cuadricula-scaled-1.jpg","contentUrl":"https:\/\/tzionlibreria.com\/wp-content\/uploads\/2023\/10\/cropped-Cuadricula-scaled-1.jpg","width":2560,"height":2560,"caption":"tzionlibreria.com"},"image":{"@id":"https:\/\/tzionlibreria.com\/#\/schema\/logo\/image\/"}}]}},"jetpack_sharing_enabled":true,"_links":{"self":[{"href":"https:\/\/tzionlibreria.com\/index.php\/wp-json\/wp\/v2\/product\/6152","targetHints":{"allow":["GET"]}}],"collection":[{"href":"https:\/\/tzionlibreria.com\/index.php\/wp-json\/wp\/v2\/product"}],"about":[{"href":"https:\/\/tzionlibreria.com\/index.php\/wp-json\/wp\/v2\/types\/product"}],"replies":[{"embeddable":true,"href":"https:\/\/tzionlibreria.com\/index.php\/wp-json\/wp\/v2\/comments?post=6152"}],"wp:featuredmedia":[{"embeddable":true,"href":"https:\/\/tzionlibreria.com\/index.php\/wp-json\/wp\/v2\/media\/6154"}],"wp:attachment":[{"href":"https:\/\/tzionlibreria.com\/index.php\/wp-json\/wp\/v2\/media?parent=6152"}],"wp:term":[{"taxonomy":"product_brand","embeddable":true,"href":"https:\/\/tzionlibreria.com\/index.php\/wp-json\/wp\/v2\/product_brand?post=6152"},{"taxonomy":"product_cat","embeddable":true,"href":"https:\/\/tzionlibreria.com\/index.php\/wp-json\/wp\/v2\/product_cat?post=6152"},{"taxonomy":"product_tag","embeddable":true,"href":"https:\/\/tzionlibreria.com\/index.php\/wp-json\/wp\/v2\/product_tag?post=6152"}],"curies":[{"name":"wp","href":"https:\/\/api.w.org\/{rel}","templated":true}]}}