{"id":6168,"date":"2025-10-29T00:55:53","date_gmt":"2025-10-29T00:55:53","guid":{"rendered":"https:\/\/tzionlibreria.com\/?post_type=product&#038;p=6168"},"modified":"2026-01-08T19:17:33","modified_gmt":"2026-01-08T19:17:33","slug":"la-profecia-del-dragon-israel-la-resurreccion-oscura-y-el-fin-de-los-tiempos-jonathan-cahn","status":"publish","type":"product","link":"https:\/\/tzionlibreria.com\/index.php\/product\/la-profecia-del-dragon-israel-la-resurreccion-oscura-y-el-fin-de-los-tiempos-jonathan-cahn\/","title":{"rendered":"La profec\u00eda del drag\u00f3n: Israel, la resurrecci\u00f3n oscura y el fin de los tiempos \u2013 Jonathan Cahn"},"content":{"rendered":"<p data-start=\"0\" data-end=\"47\">\ud83d\udcd8 <strong data-start=\"3\" data-end=\"45\">La Profec\u00eda del Drag\u00f3n \u2013 Jonathan Cahn<\/strong><\/p>\n<p data-start=\"49\" data-end=\"247\">Despu\u00e9s de ocho \u00e9xitos de ventas en el <em data-start=\"88\" data-end=\"104\">New York Times<\/em>, <strong data-start=\"106\" data-end=\"123\">Jonathan Cahn<\/strong> regresa con una revelaci\u00f3n sorprendente que conecta los misterios del pasado con los eventos que hoy estremecen al mundo.<\/p>\n<p data-start=\"249\" data-end=\"607\">\u00bfPodr\u00eda lo que estamos viendo en el mundo moderno \u2014guerras, crisis y conflictos espirituales\u2014 ser el cumplimiento de una <strong data-start=\"370\" data-end=\"390\">profec\u00eda antigua<\/strong>?<br data-start=\"391\" data-end=\"394\" \/>En este impactante libro, Cahn revela los secretos detr\u00e1s del <strong data-start=\"456\" data-end=\"479\">misterio del drag\u00f3n<\/strong>, la <strong data-start=\"484\" data-end=\"507\">resurrecci\u00f3n oscura<\/strong>, y c\u00f3mo todo esto se enlaza con <strong data-start=\"540\" data-end=\"550\">Israel<\/strong>, los <strong data-start=\"556\" data-end=\"576\">pueblos antiguos<\/strong> y el <strong data-start=\"582\" data-end=\"604\">fin de los tiempos<\/strong>.<\/p>\n<p data-start=\"609\" data-end=\"1013\">\ud83c\udf0d <strong data-start=\"612\" data-end=\"640\">Descubre en sus p\u00e1ginas:<\/strong><br data-start=\"640\" data-end=\"643\" \/>\u2022 El misterio de Israel y su conexi\u00f3n con los \u00faltimos tiempos.<br data-start=\"705\" data-end=\"708\" \/>\u2022 La resurrecci\u00f3n de civilizaciones perdidas hace m\u00e1s de 2,000 a\u00f1os.<br data-start=\"776\" data-end=\"779\" \/>\u2022 El regreso de los <em data-start=\"799\" data-end=\"816\">Pueblos del Mar<\/em> y el \u201cD\u00eda del Drag\u00f3n\u201d.<br data-start=\"839\" data-end=\"842\" \/>\u2022 La cuenta regresiva que marca los d\u00edas finales.<br data-start=\"891\" data-end=\"894\" data-is-only-node=\"\" \/>\u2022 Las revelaciones que explican los eventos globales actuales, incluso los m\u00e1s recientes conflictos en Medio Oriente.<\/p>\n<p data-start=\"1015\" data-end=\"1167\">\ud83d\udd25 <strong data-start=\"1018\" data-end=\"1078\">Un libro revelador, prof\u00e9tico y profundamente espiritual<\/strong>, que abrir\u00e1 tus ojos a lo que ha sido, lo que est\u00e1 ocurriendo y lo que est\u00e1 por venir.<\/p>\n<p data-start=\"1169\" data-end=\"1408\"><br data-start=\"1237\" data-end=\"1240\" \/>\ud83c\udff7\ufe0f <strong data-start=\"1244\" data-end=\"1258\">Editorial:<\/strong> Casa Creaci\u00f3n<br data-start=\"1273\" data-end=\"1276\" \/>\ud83d\udcda <strong data-start=\"1279\" data-end=\"1290\" data-is-only-node=\"\">Idioma:<\/strong> Espa\u00f1ol<br data-start=\"1298\" data-end=\"1301\" \/>\ud83d\udccf <strong data-start=\"1304\" data-end=\"1320\">Dimensiones:<\/strong> 150 x 230 mm (aprox.)<br data-start=\"1342\" data-end=\"1345\" \/>\ud83d\udcc4 <strong data-start=\"1348\" data-end=\"1357\">ISBN:<\/strong> <em data-start=\"1358\" data-end=\"1406\">(pendiente de confirmar seg\u00fan edici\u00f3n impresa)<\/em><\/p>\n<p data-start=\"1410\" data-end=\"1529\">\u2728 Un mensaje para nuestro tiempo: <strong data-start=\"1444\" data-end=\"1527\">prep\u00e1rate para comprender los misterios del fin y ver el mundo con nuevos ojos.<\/strong><\/p>\n","protected":false},"excerpt":{"rendered":"<p>\ud83d\udcd8 La Profec\u00eda del Drag\u00f3n \u2013 Jonathan Cahn Despu\u00e9s de ocho \u00e9xitos de ventas en el New York Times, Jonathan Cahn regresa con una revelaci\u00f3n sorprendente que conecta los misterios del pasado con los eventos que hoy estremecen al mundo. \u00bfPodr\u00eda lo que estamos viendo en el mundo moderno \u2014guerras, crisis y conflictos espirituales\u2014 ser [&hellip;]<\/p>\n","protected":false},"featured_media":6169,"comment_status":"open","ping_status":"closed","template":"","meta":{"om_disable_all_campaigns":false,"_monsterinsights_skip_tracking":false,"_monsterinsights_sitenote_active":false,"_monsterinsights_sitenote_note":"","_monsterinsights_sitenote_category":0,"site-sidebar-layout":"default","site-content-layout":"","ast-site-content-layout":"default","site-content-style":"default","site-sidebar-style":"default","ast-global-header-display":"","ast-banner-title-visibility":"","ast-main-header-display":"","ast-hfb-above-header-display":"","ast-hfb-below-header-display":"","ast-hfb-mobile-header-display":"","site-post-title":"","ast-breadcrumbs-content":"","ast-featured-img":"","footer-sml-layout":"","ast-disable-related-posts":"","theme-transparent-header-meta":"default","adv-header-id-meta":"","stick-header-meta":"","header-above-stick-meta":"","header-main-stick-meta":"","header-below-stick-meta":"","astra-migrate-meta-layouts":"set","ast-page-background-enabled":"default","ast-page-background-meta":{"desktop":{"background-color":"var(--ast-global-color-4)","background-image":"","background-repeat":"repeat","background-position":"center center","background-size":"auto","background-attachment":"scroll","background-type":"","background-media":"","overlay-type":"","overlay-color":"","overlay-opacity":"","overlay-gradient":""},"tablet":{"background-color":"","background-image":"","background-repeat":"repeat","background-position":"center center","background-size":"auto","background-attachment":"scroll","background-type":"","background-media":"","overlay-type":"","overlay-color":"","overlay-opacity":"","overlay-gradient":""},"mobile":{"background-color":"","background-image":"","background-repeat":"repeat","background-position":"center center","background-size":"auto","background-attachment":"scroll","background-type":"","background-media":"","overlay-type":"","overlay-color":"","overlay-opacity":"","overlay-gradient":""}},"ast-content-background-meta":{"desktop":{"background-color":"var(--ast-global-color-5)","background-image":"","background-repeat":"repeat","background-position":"center center","background-size":"auto","background-attachment":"scroll","background-type":"","background-media":"","overlay-type":"","overlay-color":"","overlay-opacity":"","overlay-gradient":""},"tablet":{"background-color":"var(--ast-global-color-5)","background-image":"","background-repeat":"repeat","background-position":"center center","background-size":"auto","background-attachment":"scroll","background-type":"","background-media":"","overlay-type":"","overlay-color":"","overlay-opacity":"","overlay-gradient":""},"mobile":{"background-color":"var(--ast-global-color-5)","background-image":"","background-repeat":"repeat","background-position":"center center","background-size":"auto","background-attachment":"scroll","background-type":"","background-media":"","overlay-type":"","overlay-color":"","overlay-opacity":"","overlay-gradient":""}}},"product_brand":[],"product_cat":[23,166],"product_tag":[],"class_list":{"0":"post-6168","1":"product","2":"type-product","3":"status-publish","4":"has-post-thumbnail","6":"product_cat-libros","7":"product_cat-profecia","8":"desktop-align-left","9":"tablet-align-left","10":"mobile-align-left","12":"first","13":"instock","14":"shipping-taxable","15":"purchasable","16":"product-type-simple"},"yoast_head":"<!-- This site is optimized with the Yoast SEO plugin v27.4 - https:\/\/yoast.com\/product\/yoast-seo-wordpress\/ -->\n<title>La profec\u00eda del drag\u00f3n: Israel, la resurrecci\u00f3n oscura y el fin de los tiempos \u2013 Jonathan Cahn - tzionlibreria.com<\/title>\n<meta name=\"description\" content=\"Este libro, Cahn revela los secretos detr\u00e1s del misterio del drag\u00f3n, la resurrecci\u00f3n oscura, y c\u00f3mo todo esto se enlaza con Israel, los pueblos antiguos.\" \/>\n<meta name=\"robots\" content=\"index, follow, max-snippet:-1, max-image-preview:large, max-video-preview:-1\" \/>\n<link rel=\"canonical\" href=\"https:\/\/tzionlibreria.com\/index.php\/product\/la-profecia-del-dragon-israel-la-resurreccion-oscura-y-el-fin-de-los-tiempos-jonathan-cahn\/\" \/>\n<meta property=\"og:locale\" content=\"es_ES\" \/>\n<meta property=\"og:type\" content=\"article\" \/>\n<meta property=\"og:title\" content=\"La profec\u00eda del drag\u00f3n: Israel, la resurrecci\u00f3n oscura y el fin de los tiempos \u2013 Jonathan Cahn - tzionlibreria.com\" \/>\n<meta property=\"og:description\" content=\"Este libro, Cahn revela los secretos detr\u00e1s del misterio del drag\u00f3n, la resurrecci\u00f3n oscura, y c\u00f3mo todo esto se enlaza con Israel, los pueblos antiguos.\" \/>\n<meta property=\"og:url\" content=\"https:\/\/tzionlibreria.com\/index.php\/product\/la-profecia-del-dragon-israel-la-resurreccion-oscura-y-el-fin-de-los-tiempos-jonathan-cahn\/\" \/>\n<meta property=\"og:site_name\" content=\"tzionlibreria.com\" \/>\n<meta property=\"article:modified_time\" content=\"2026-01-08T19:17:33+00:00\" \/>\n<meta property=\"og:image\" content=\"http:\/\/tzionlibreria.com\/wp-content\/uploads\/2025\/10\/10.png\" \/>\n\t<meta property=\"og:image:width\" content=\"1080\" \/>\n\t<meta property=\"og:image:height\" content=\"1080\" \/>\n\t<meta property=\"og:image:type\" content=\"image\/png\" \/>\n<meta name=\"twitter:card\" content=\"summary_large_image\" \/>\n<meta name=\"twitter:label1\" content=\"Tiempo de lectura\" \/>\n\t<meta name=\"twitter:data1\" content=\"2 minutos\" \/>\n<script type=\"application\/ld+json\" class=\"yoast-schema-graph\">{\"@context\":\"https:\\\/\\\/schema.org\",\"@graph\":[{\"@type\":\"WebPage\",\"@id\":\"https:\\\/\\\/tzionlibreria.com\\\/index.php\\\/product\\\/la-profecia-del-dragon-israel-la-resurreccion-oscura-y-el-fin-de-los-tiempos-jonathan-cahn\\\/\",\"url\":\"https:\\\/\\\/tzionlibreria.com\\\/index.php\\\/product\\\/la-profecia-del-dragon-israel-la-resurreccion-oscura-y-el-fin-de-los-tiempos-jonathan-cahn\\\/\",\"name\":\"La profec\u00eda del drag\u00f3n: Israel, la resurrecci\u00f3n oscura y el fin de los tiempos \u2013 Jonathan Cahn - tzionlibreria.com\",\"isPartOf\":{\"@id\":\"https:\\\/\\\/tzionlibreria.com\\\/#website\"},\"primaryImageOfPage\":{\"@id\":\"https:\\\/\\\/tzionlibreria.com\\\/index.php\\\/product\\\/la-profecia-del-dragon-israel-la-resurreccion-oscura-y-el-fin-de-los-tiempos-jonathan-cahn\\\/#primaryimage\"},\"image\":{\"@id\":\"https:\\\/\\\/tzionlibreria.com\\\/index.php\\\/product\\\/la-profecia-del-dragon-israel-la-resurreccion-oscura-y-el-fin-de-los-tiempos-jonathan-cahn\\\/#primaryimage\"},\"thumbnailUrl\":\"https:\\\/\\\/tzionlibreria.com\\\/wp-content\\\/uploads\\\/2025\\\/10\\\/10.png\",\"datePublished\":\"2025-10-29T00:55:53+00:00\",\"dateModified\":\"2026-01-08T19:17:33+00:00\",\"description\":\"Este libro, Cahn revela los secretos detr\u00e1s del misterio del drag\u00f3n, la resurrecci\u00f3n oscura, y c\u00f3mo todo esto se enlaza con Israel, los pueblos antiguos.\",\"breadcrumb\":{\"@id\":\"https:\\\/\\\/tzionlibreria.com\\\/index.php\\\/product\\\/la-profecia-del-dragon-israel-la-resurreccion-oscura-y-el-fin-de-los-tiempos-jonathan-cahn\\\/#breadcrumb\"},\"inLanguage\":\"es-CO\",\"potentialAction\":[{\"@type\":\"ReadAction\",\"target\":[\"https:\\\/\\\/tzionlibreria.com\\\/index.php\\\/product\\\/la-profecia-del-dragon-israel-la-resurreccion-oscura-y-el-fin-de-los-tiempos-jonathan-cahn\\\/\"]}]},{\"@type\":\"ImageObject\",\"inLanguage\":\"es-CO\",\"@id\":\"https:\\\/\\\/tzionlibreria.com\\\/index.php\\\/product\\\/la-profecia-del-dragon-israel-la-resurreccion-oscura-y-el-fin-de-los-tiempos-jonathan-cahn\\\/#primaryimage\",\"url\":\"https:\\\/\\\/tzionlibreria.com\\\/wp-content\\\/uploads\\\/2025\\\/10\\\/10.png\",\"contentUrl\":\"https:\\\/\\\/tzionlibreria.com\\\/wp-content\\\/uploads\\\/2025\\\/10\\\/10.png\",\"width\":1080,\"height\":1080},{\"@type\":\"BreadcrumbList\",\"@id\":\"https:\\\/\\\/tzionlibreria.com\\\/index.php\\\/product\\\/la-profecia-del-dragon-israel-la-resurreccion-oscura-y-el-fin-de-los-tiempos-jonathan-cahn\\\/#breadcrumb\",\"itemListElement\":[{\"@type\":\"ListItem\",\"position\":1,\"name\":\"Inicio\",\"item\":\"https:\\\/\\\/tzionlibreria.com\\\/\"},{\"@type\":\"ListItem\",\"position\":2,\"name\":\"Shop\",\"item\":\"https:\\\/\\\/tzionlibreria.com\\\/index.php\\\/shop\\\/\"},{\"@type\":\"ListItem\",\"position\":3,\"name\":\"La profec\u00eda del drag\u00f3n: Israel, la resurrecci\u00f3n oscura y el fin de los tiempos \u2013 Jonathan Cahn\"}]},{\"@type\":\"WebSite\",\"@id\":\"https:\\\/\\\/tzionlibreria.com\\\/#website\",\"url\":\"https:\\\/\\\/tzionlibreria.com\\\/\",\"name\":\"tzionlibreria.com\",\"description\":\"Libreria Cristiana Venezuela\",\"publisher\":{\"@id\":\"https:\\\/\\\/tzionlibreria.com\\\/#organization\"},\"potentialAction\":[{\"@type\":\"SearchAction\",\"target\":{\"@type\":\"EntryPoint\",\"urlTemplate\":\"https:\\\/\\\/tzionlibreria.com\\\/?s={search_term_string}\"},\"query-input\":{\"@type\":\"PropertyValueSpecification\",\"valueRequired\":true,\"valueName\":\"search_term_string\"}}],\"inLanguage\":\"es-CO\"},{\"@type\":\"Organization\",\"@id\":\"https:\\\/\\\/tzionlibreria.com\\\/#organization\",\"name\":\"tzionlibreria.com\",\"url\":\"https:\\\/\\\/tzionlibreria.com\\\/\",\"logo\":{\"@type\":\"ImageObject\",\"inLanguage\":\"es-CO\",\"@id\":\"https:\\\/\\\/tzionlibreria.com\\\/#\\\/schema\\\/logo\\\/image\\\/\",\"url\":\"https:\\\/\\\/tzionlibreria.com\\\/wp-content\\\/uploads\\\/2023\\\/10\\\/cropped-Cuadricula-scaled-1.jpg\",\"contentUrl\":\"https:\\\/\\\/tzionlibreria.com\\\/wp-content\\\/uploads\\\/2023\\\/10\\\/cropped-Cuadricula-scaled-1.jpg\",\"width\":2560,\"height\":2560,\"caption\":\"tzionlibreria.com\"},\"image\":{\"@id\":\"https:\\\/\\\/tzionlibreria.com\\\/#\\\/schema\\\/logo\\\/image\\\/\"}}]}<\/script>\n<!-- \/ Yoast SEO plugin. -->","yoast_head_json":{"title":"La profec\u00eda del drag\u00f3n: Israel, la resurrecci\u00f3n oscura y el fin de los tiempos \u2013 Jonathan Cahn - tzionlibreria.com","description":"Este libro, Cahn revela los secretos detr\u00e1s del misterio del drag\u00f3n, la resurrecci\u00f3n oscura, y c\u00f3mo todo esto se enlaza con Israel, los pueblos antiguos.","robots":{"index":"index","follow":"follow","max-snippet":"max-snippet:-1","max-image-preview":"max-image-preview:large","max-video-preview":"max-video-preview:-1"},"canonical":"https:\/\/tzionlibreria.com\/index.php\/product\/la-profecia-del-dragon-israel-la-resurreccion-oscura-y-el-fin-de-los-tiempos-jonathan-cahn\/","og_locale":"es_ES","og_type":"article","og_title":"La profec\u00eda del drag\u00f3n: Israel, la resurrecci\u00f3n oscura y el fin de los tiempos \u2013 Jonathan Cahn - tzionlibreria.com","og_description":"Este libro, Cahn revela los secretos detr\u00e1s del misterio del drag\u00f3n, la resurrecci\u00f3n oscura, y c\u00f3mo todo esto se enlaza con Israel, los pueblos antiguos.","og_url":"https:\/\/tzionlibreria.com\/index.php\/product\/la-profecia-del-dragon-israel-la-resurreccion-oscura-y-el-fin-de-los-tiempos-jonathan-cahn\/","og_site_name":"tzionlibreria.com","article_modified_time":"2026-01-08T19:17:33+00:00","og_image":[{"width":1080,"height":1080,"url":"http:\/\/tzionlibreria.com\/wp-content\/uploads\/2025\/10\/10.png","type":"image\/png"}],"twitter_card":"summary_large_image","twitter_misc":{"Tiempo de lectura":"2 minutos"},"schema":{"@context":"https:\/\/schema.org","@graph":[{"@type":"WebPage","@id":"https:\/\/tzionlibreria.com\/index.php\/product\/la-profecia-del-dragon-israel-la-resurreccion-oscura-y-el-fin-de-los-tiempos-jonathan-cahn\/","url":"https:\/\/tzionlibreria.com\/index.php\/product\/la-profecia-del-dragon-israel-la-resurreccion-oscura-y-el-fin-de-los-tiempos-jonathan-cahn\/","name":"La profec\u00eda del drag\u00f3n: Israel, la resurrecci\u00f3n oscura y el fin de los tiempos \u2013 Jonathan Cahn - tzionlibreria.com","isPartOf":{"@id":"https:\/\/tzionlibreria.com\/#website"},"primaryImageOfPage":{"@id":"https:\/\/tzionlibreria.com\/index.php\/product\/la-profecia-del-dragon-israel-la-resurreccion-oscura-y-el-fin-de-los-tiempos-jonathan-cahn\/#primaryimage"},"image":{"@id":"https:\/\/tzionlibreria.com\/index.php\/product\/la-profecia-del-dragon-israel-la-resurreccion-oscura-y-el-fin-de-los-tiempos-jonathan-cahn\/#primaryimage"},"thumbnailUrl":"https:\/\/tzionlibreria.com\/wp-content\/uploads\/2025\/10\/10.png","datePublished":"2025-10-29T00:55:53+00:00","dateModified":"2026-01-08T19:17:33+00:00","description":"Este libro, Cahn revela los secretos detr\u00e1s del misterio del drag\u00f3n, la resurrecci\u00f3n oscura, y c\u00f3mo todo esto se enlaza con Israel, los pueblos antiguos.","breadcrumb":{"@id":"https:\/\/tzionlibreria.com\/index.php\/product\/la-profecia-del-dragon-israel-la-resurreccion-oscura-y-el-fin-de-los-tiempos-jonathan-cahn\/#breadcrumb"},"inLanguage":"es-CO","potentialAction":[{"@type":"ReadAction","target":["https:\/\/tzionlibreria.com\/index.php\/product\/la-profecia-del-dragon-israel-la-resurreccion-oscura-y-el-fin-de-los-tiempos-jonathan-cahn\/"]}]},{"@type":"ImageObject","inLanguage":"es-CO","@id":"https:\/\/tzionlibreria.com\/index.php\/product\/la-profecia-del-dragon-israel-la-resurreccion-oscura-y-el-fin-de-los-tiempos-jonathan-cahn\/#primaryimage","url":"https:\/\/tzionlibreria.com\/wp-content\/uploads\/2025\/10\/10.png","contentUrl":"https:\/\/tzionlibreria.com\/wp-content\/uploads\/2025\/10\/10.png","width":1080,"height":1080},{"@type":"BreadcrumbList","@id":"https:\/\/tzionlibreria.com\/index.php\/product\/la-profecia-del-dragon-israel-la-resurreccion-oscura-y-el-fin-de-los-tiempos-jonathan-cahn\/#breadcrumb","itemListElement":[{"@type":"ListItem","position":1,"name":"Inicio","item":"https:\/\/tzionlibreria.com\/"},{"@type":"ListItem","position":2,"name":"Shop","item":"https:\/\/tzionlibreria.com\/index.php\/shop\/"},{"@type":"ListItem","position":3,"name":"La profec\u00eda del drag\u00f3n: Israel, la resurrecci\u00f3n oscura y el fin de los tiempos \u2013 Jonathan Cahn"}]},{"@type":"WebSite","@id":"https:\/\/tzionlibreria.com\/#website","url":"https:\/\/tzionlibreria.com\/","name":"tzionlibreria.com","description":"Libreria Cristiana Venezuela","publisher":{"@id":"https:\/\/tzionlibreria.com\/#organization"},"potentialAction":[{"@type":"SearchAction","target":{"@type":"EntryPoint","urlTemplate":"https:\/\/tzionlibreria.com\/?s={search_term_string}"},"query-input":{"@type":"PropertyValueSpecification","valueRequired":true,"valueName":"search_term_string"}}],"inLanguage":"es-CO"},{"@type":"Organization","@id":"https:\/\/tzionlibreria.com\/#organization","name":"tzionlibreria.com","url":"https:\/\/tzionlibreria.com\/","logo":{"@type":"ImageObject","inLanguage":"es-CO","@id":"https:\/\/tzionlibreria.com\/#\/schema\/logo\/image\/","url":"https:\/\/tzionlibreria.com\/wp-content\/uploads\/2023\/10\/cropped-Cuadricula-scaled-1.jpg","contentUrl":"https:\/\/tzionlibreria.com\/wp-content\/uploads\/2023\/10\/cropped-Cuadricula-scaled-1.jpg","width":2560,"height":2560,"caption":"tzionlibreria.com"},"image":{"@id":"https:\/\/tzionlibreria.com\/#\/schema\/logo\/image\/"}}]}},"jetpack_sharing_enabled":true,"_links":{"self":[{"href":"https:\/\/tzionlibreria.com\/index.php\/wp-json\/wp\/v2\/product\/6168","targetHints":{"allow":["GET"]}}],"collection":[{"href":"https:\/\/tzionlibreria.com\/index.php\/wp-json\/wp\/v2\/product"}],"about":[{"href":"https:\/\/tzionlibreria.com\/index.php\/wp-json\/wp\/v2\/types\/product"}],"replies":[{"embeddable":true,"href":"https:\/\/tzionlibreria.com\/index.php\/wp-json\/wp\/v2\/comments?post=6168"}],"wp:featuredmedia":[{"embeddable":true,"href":"https:\/\/tzionlibreria.com\/index.php\/wp-json\/wp\/v2\/media\/6169"}],"wp:attachment":[{"href":"https:\/\/tzionlibreria.com\/index.php\/wp-json\/wp\/v2\/media?parent=6168"}],"wp:term":[{"taxonomy":"product_brand","embeddable":true,"href":"https:\/\/tzionlibreria.com\/index.php\/wp-json\/wp\/v2\/product_brand?post=6168"},{"taxonomy":"product_cat","embeddable":true,"href":"https:\/\/tzionlibreria.com\/index.php\/wp-json\/wp\/v2\/product_cat?post=6168"},{"taxonomy":"product_tag","embeddable":true,"href":"https:\/\/tzionlibreria.com\/index.php\/wp-json\/wp\/v2\/product_tag?post=6168"}],"curies":[{"name":"wp","href":"https:\/\/api.w.org\/{rel}","templated":true}]}}