{"id":6206,"date":"2025-11-10T14:32:36","date_gmt":"2025-11-10T14:32:36","guid":{"rendered":"https:\/\/tzionlibreria.com\/?post_type=product&#038;p=6206"},"modified":"2025-11-10T14:32:37","modified_gmt":"2025-11-10T14:32:37","slug":"biblia-amigos-por-siempre-rvr1960-tapa-charol-rosado-compacta","status":"publish","type":"product","link":"https:\/\/tzionlibreria.com\/index.php\/product\/biblia-amigos-por-siempre-rvr1960-tapa-charol-rosado-compacta\/","title":{"rendered":"Biblia Amigos por Siempre RVR1960 Tapa Charol Rosado Compacta"},"content":{"rendered":"<div id=\"tab-description\" class=\"woocommerce-Tabs-panel woocommerce-Tabs-panel--description panel entry-content wc-tab\" role=\"tabpanel\" aria-labelledby=\"tab-title-description\">\n<div class=\"titudescrip\">Biblia Amigos por Siempre RVR1960 Tapa Charol Rosado | RVR022CD PZRA<\/div>\n<p>Esta Biblia ha sido dise\u00f1ada para ni\u00f1os con el fin que lleguen a conocer los relatos b\u00edblicos de una forma amena, contiene 56 l\u00e1minas a todo color las cuales har\u00e1n su aprendizaje m\u00e1s divertido y a la vez construimos en ellos las bases de su vida cristiana.<\/p>\n<p>Adem\u00e1s, tiene un tama\u00f1o adecuado, tapa dura y concordancia para que vayan aprendiendo a buscar temas en la biblia. En la versi\u00f3n de siempre Reina Valera 1960.<\/p>\n<p>Caracter\u00edsticas:<\/p>\n<p>\u2022 Contiene m\u00e1s de 50 l\u00e1minas a todo color (intercaladas entre el texto b\u00edblico)<\/p>\n<p>\u2022 Palabras de Cristo en Rojo<\/p>\n<p>\u2022 Referencia al pie de p\u00e1gina<\/p>\n<p>\u2022 Que se encuentra en la Biblia<\/p>\n<p>\u2022 Actividades<\/p>\n<\/div>\n","protected":false},"excerpt":{"rendered":"<p>Biblia Amigos por Siempre RVR1960 Tapa Charol Rosado | RVR022CD PZRA Esta Biblia ha sido dise\u00f1ada para ni\u00f1os con el fin que lleguen a conocer los relatos b\u00edblicos de una forma amena, contiene 56 l\u00e1minas a todo color las cuales har\u00e1n su aprendizaje m\u00e1s divertido y a la vez construimos en ellos las bases de [&hellip;]<\/p>\n","protected":false},"featured_media":6207,"comment_status":"open","ping_status":"closed","template":"","meta":{"om_disable_all_campaigns":false,"_monsterinsights_skip_tracking":false,"_monsterinsights_sitenote_active":false,"_monsterinsights_sitenote_note":"","_monsterinsights_sitenote_category":0,"site-sidebar-layout":"default","site-content-layout":"","ast-site-content-layout":"default","site-content-style":"default","site-sidebar-style":"default","ast-global-header-display":"","ast-banner-title-visibility":"","ast-main-header-display":"","ast-hfb-above-header-display":"","ast-hfb-below-header-display":"","ast-hfb-mobile-header-display":"","site-post-title":"","ast-breadcrumbs-content":"","ast-featured-img":"","footer-sml-layout":"","ast-disable-related-posts":"","theme-transparent-header-meta":"default","adv-header-id-meta":"","stick-header-meta":"","header-above-stick-meta":"","header-main-stick-meta":"","header-below-stick-meta":"","astra-migrate-meta-layouts":"set","ast-page-background-enabled":"default","ast-page-background-meta":{"desktop":{"background-color":"var(--ast-global-color-4)","background-image":"","background-repeat":"repeat","background-position":"center center","background-size":"auto","background-attachment":"scroll","background-type":"","background-media":"","overlay-type":"","overlay-color":"","overlay-opacity":"","overlay-gradient":""},"tablet":{"background-color":"","background-image":"","background-repeat":"repeat","background-position":"center center","background-size":"auto","background-attachment":"scroll","background-type":"","background-media":"","overlay-type":"","overlay-color":"","overlay-opacity":"","overlay-gradient":""},"mobile":{"background-color":"","background-image":"","background-repeat":"repeat","background-position":"center center","background-size":"auto","background-attachment":"scroll","background-type":"","background-media":"","overlay-type":"","overlay-color":"","overlay-opacity":"","overlay-gradient":""}},"ast-content-background-meta":{"desktop":{"background-color":"var(--ast-global-color-5)","background-image":"","background-repeat":"repeat","background-position":"center center","background-size":"auto","background-attachment":"scroll","background-type":"","background-media":"","overlay-type":"","overlay-color":"","overlay-opacity":"","overlay-gradient":""},"tablet":{"background-color":"var(--ast-global-color-5)","background-image":"","background-repeat":"repeat","background-position":"center center","background-size":"auto","background-attachment":"scroll","background-type":"","background-media":"","overlay-type":"","overlay-color":"","overlay-opacity":"","overlay-gradient":""},"mobile":{"background-color":"var(--ast-global-color-5)","background-image":"","background-repeat":"repeat","background-position":"center center","background-size":"auto","background-attachment":"scroll","background-type":"","background-media":"","overlay-type":"","overlay-color":"","overlay-opacity":"","overlay-gradient":""}}},"product_brand":[],"product_cat":[22,38,42,25],"product_tag":[],"class_list":{"0":"post-6206","1":"product","2":"type-product","3":"status-publish","4":"has-post-thumbnail","6":"product_cat-biblias","7":"product_cat-biblias-de-ninos","8":"product_cat-biblias-reina-valera","9":"product_cat-kids","10":"desktop-align-left","11":"tablet-align-left","12":"mobile-align-left","14":"first","15":"instock","16":"shipping-taxable","17":"purchasable","18":"product-type-simple"},"yoast_head":"<!-- This site is optimized with the Yoast SEO plugin v27.4 - https:\/\/yoast.com\/product\/yoast-seo-wordpress\/ -->\n<title>Biblia Amigos por Siempre RVR1960 Tapa Charol Rosado Compacta - tzionlibreria.com<\/title>\n<meta name=\"robots\" content=\"index, follow, max-snippet:-1, max-image-preview:large, max-video-preview:-1\" \/>\n<link rel=\"canonical\" href=\"https:\/\/tzionlibreria.com\/index.php\/product\/biblia-amigos-por-siempre-rvr1960-tapa-charol-rosado-compacta\/\" \/>\n<meta property=\"og:locale\" content=\"es_ES\" \/>\n<meta property=\"og:type\" content=\"article\" \/>\n<meta property=\"og:title\" content=\"Biblia Amigos por Siempre RVR1960 Tapa Charol Rosado Compacta - tzionlibreria.com\" \/>\n<meta property=\"og:description\" content=\"Biblia Amigos por Siempre RVR1960 Tapa Charol Rosado | RVR022CD PZRA Esta Biblia ha sido dise\u00f1ada para ni\u00f1os con el fin que lleguen a conocer los relatos b\u00edblicos de una forma amena, contiene 56 l\u00e1minas a todo color las cuales har\u00e1n su aprendizaje m\u00e1s divertido y a la vez construimos en ellos las bases de [&hellip;]\" \/>\n<meta property=\"og:url\" content=\"https:\/\/tzionlibreria.com\/index.php\/product\/biblia-amigos-por-siempre-rvr1960-tapa-charol-rosado-compacta\/\" \/>\n<meta property=\"og:site_name\" content=\"tzionlibreria.com\" \/>\n<meta property=\"article:modified_time\" content=\"2025-11-10T14:32:37+00:00\" \/>\n<meta property=\"og:image\" content=\"http:\/\/tzionlibreria.com\/wp-content\/uploads\/2025\/11\/9798886391350.jpg\" \/>\n\t<meta property=\"og:image:width\" content=\"1200\" \/>\n\t<meta property=\"og:image:height\" content=\"1200\" \/>\n\t<meta property=\"og:image:type\" content=\"image\/jpeg\" \/>\n<meta name=\"twitter:card\" content=\"summary_large_image\" \/>\n<meta name=\"twitter:label1\" content=\"Tiempo de lectura\" \/>\n\t<meta name=\"twitter:data1\" content=\"1 minuto\" \/>\n<script type=\"application\/ld+json\" class=\"yoast-schema-graph\">{\"@context\":\"https:\\\/\\\/schema.org\",\"@graph\":[{\"@type\":\"WebPage\",\"@id\":\"https:\\\/\\\/tzionlibreria.com\\\/index.php\\\/product\\\/biblia-amigos-por-siempre-rvr1960-tapa-charol-rosado-compacta\\\/\",\"url\":\"https:\\\/\\\/tzionlibreria.com\\\/index.php\\\/product\\\/biblia-amigos-por-siempre-rvr1960-tapa-charol-rosado-compacta\\\/\",\"name\":\"Biblia Amigos por Siempre RVR1960 Tapa Charol Rosado Compacta - tzionlibreria.com\",\"isPartOf\":{\"@id\":\"https:\\\/\\\/tzionlibreria.com\\\/#website\"},\"primaryImageOfPage\":{\"@id\":\"https:\\\/\\\/tzionlibreria.com\\\/index.php\\\/product\\\/biblia-amigos-por-siempre-rvr1960-tapa-charol-rosado-compacta\\\/#primaryimage\"},\"image\":{\"@id\":\"https:\\\/\\\/tzionlibreria.com\\\/index.php\\\/product\\\/biblia-amigos-por-siempre-rvr1960-tapa-charol-rosado-compacta\\\/#primaryimage\"},\"thumbnailUrl\":\"https:\\\/\\\/tzionlibreria.com\\\/wp-content\\\/uploads\\\/2025\\\/11\\\/9798886391350.jpg\",\"datePublished\":\"2025-11-10T14:32:36+00:00\",\"dateModified\":\"2025-11-10T14:32:37+00:00\",\"breadcrumb\":{\"@id\":\"https:\\\/\\\/tzionlibreria.com\\\/index.php\\\/product\\\/biblia-amigos-por-siempre-rvr1960-tapa-charol-rosado-compacta\\\/#breadcrumb\"},\"inLanguage\":\"es-CO\",\"potentialAction\":[{\"@type\":\"ReadAction\",\"target\":[\"https:\\\/\\\/tzionlibreria.com\\\/index.php\\\/product\\\/biblia-amigos-por-siempre-rvr1960-tapa-charol-rosado-compacta\\\/\"]}]},{\"@type\":\"ImageObject\",\"inLanguage\":\"es-CO\",\"@id\":\"https:\\\/\\\/tzionlibreria.com\\\/index.php\\\/product\\\/biblia-amigos-por-siempre-rvr1960-tapa-charol-rosado-compacta\\\/#primaryimage\",\"url\":\"https:\\\/\\\/tzionlibreria.com\\\/wp-content\\\/uploads\\\/2025\\\/11\\\/9798886391350.jpg\",\"contentUrl\":\"https:\\\/\\\/tzionlibreria.com\\\/wp-content\\\/uploads\\\/2025\\\/11\\\/9798886391350.jpg\",\"width\":1200,\"height\":1200},{\"@type\":\"BreadcrumbList\",\"@id\":\"https:\\\/\\\/tzionlibreria.com\\\/index.php\\\/product\\\/biblia-amigos-por-siempre-rvr1960-tapa-charol-rosado-compacta\\\/#breadcrumb\",\"itemListElement\":[{\"@type\":\"ListItem\",\"position\":1,\"name\":\"Inicio\",\"item\":\"https:\\\/\\\/tzionlibreria.com\\\/\"},{\"@type\":\"ListItem\",\"position\":2,\"name\":\"Shop\",\"item\":\"https:\\\/\\\/tzionlibreria.com\\\/index.php\\\/shop\\\/\"},{\"@type\":\"ListItem\",\"position\":3,\"name\":\"Biblia Amigos por Siempre RVR1960 Tapa Charol Rosado Compacta\"}]},{\"@type\":\"WebSite\",\"@id\":\"https:\\\/\\\/tzionlibreria.com\\\/#website\",\"url\":\"https:\\\/\\\/tzionlibreria.com\\\/\",\"name\":\"tzionlibreria.com\",\"description\":\"Libreria Cristiana Venezuela\",\"publisher\":{\"@id\":\"https:\\\/\\\/tzionlibreria.com\\\/#organization\"},\"potentialAction\":[{\"@type\":\"SearchAction\",\"target\":{\"@type\":\"EntryPoint\",\"urlTemplate\":\"https:\\\/\\\/tzionlibreria.com\\\/?s={search_term_string}\"},\"query-input\":{\"@type\":\"PropertyValueSpecification\",\"valueRequired\":true,\"valueName\":\"search_term_string\"}}],\"inLanguage\":\"es-CO\"},{\"@type\":\"Organization\",\"@id\":\"https:\\\/\\\/tzionlibreria.com\\\/#organization\",\"name\":\"tzionlibreria.com\",\"url\":\"https:\\\/\\\/tzionlibreria.com\\\/\",\"logo\":{\"@type\":\"ImageObject\",\"inLanguage\":\"es-CO\",\"@id\":\"https:\\\/\\\/tzionlibreria.com\\\/#\\\/schema\\\/logo\\\/image\\\/\",\"url\":\"https:\\\/\\\/tzionlibreria.com\\\/wp-content\\\/uploads\\\/2023\\\/10\\\/cropped-Cuadricula-scaled-1.jpg\",\"contentUrl\":\"https:\\\/\\\/tzionlibreria.com\\\/wp-content\\\/uploads\\\/2023\\\/10\\\/cropped-Cuadricula-scaled-1.jpg\",\"width\":2560,\"height\":2560,\"caption\":\"tzionlibreria.com\"},\"image\":{\"@id\":\"https:\\\/\\\/tzionlibreria.com\\\/#\\\/schema\\\/logo\\\/image\\\/\"}}]}<\/script>\n<!-- \/ Yoast SEO plugin. -->","yoast_head_json":{"title":"Biblia Amigos por Siempre RVR1960 Tapa Charol Rosado Compacta - tzionlibreria.com","robots":{"index":"index","follow":"follow","max-snippet":"max-snippet:-1","max-image-preview":"max-image-preview:large","max-video-preview":"max-video-preview:-1"},"canonical":"https:\/\/tzionlibreria.com\/index.php\/product\/biblia-amigos-por-siempre-rvr1960-tapa-charol-rosado-compacta\/","og_locale":"es_ES","og_type":"article","og_title":"Biblia Amigos por Siempre RVR1960 Tapa Charol Rosado Compacta - tzionlibreria.com","og_description":"Biblia Amigos por Siempre RVR1960 Tapa Charol Rosado | RVR022CD PZRA Esta Biblia ha sido dise\u00f1ada para ni\u00f1os con el fin que lleguen a conocer los relatos b\u00edblicos de una forma amena, contiene 56 l\u00e1minas a todo color las cuales har\u00e1n su aprendizaje m\u00e1s divertido y a la vez construimos en ellos las bases de [&hellip;]","og_url":"https:\/\/tzionlibreria.com\/index.php\/product\/biblia-amigos-por-siempre-rvr1960-tapa-charol-rosado-compacta\/","og_site_name":"tzionlibreria.com","article_modified_time":"2025-11-10T14:32:37+00:00","og_image":[{"width":1200,"height":1200,"url":"http:\/\/tzionlibreria.com\/wp-content\/uploads\/2025\/11\/9798886391350.jpg","type":"image\/jpeg"}],"twitter_card":"summary_large_image","twitter_misc":{"Tiempo de lectura":"1 minuto"},"schema":{"@context":"https:\/\/schema.org","@graph":[{"@type":"WebPage","@id":"https:\/\/tzionlibreria.com\/index.php\/product\/biblia-amigos-por-siempre-rvr1960-tapa-charol-rosado-compacta\/","url":"https:\/\/tzionlibreria.com\/index.php\/product\/biblia-amigos-por-siempre-rvr1960-tapa-charol-rosado-compacta\/","name":"Biblia Amigos por Siempre RVR1960 Tapa Charol Rosado Compacta - tzionlibreria.com","isPartOf":{"@id":"https:\/\/tzionlibreria.com\/#website"},"primaryImageOfPage":{"@id":"https:\/\/tzionlibreria.com\/index.php\/product\/biblia-amigos-por-siempre-rvr1960-tapa-charol-rosado-compacta\/#primaryimage"},"image":{"@id":"https:\/\/tzionlibreria.com\/index.php\/product\/biblia-amigos-por-siempre-rvr1960-tapa-charol-rosado-compacta\/#primaryimage"},"thumbnailUrl":"https:\/\/tzionlibreria.com\/wp-content\/uploads\/2025\/11\/9798886391350.jpg","datePublished":"2025-11-10T14:32:36+00:00","dateModified":"2025-11-10T14:32:37+00:00","breadcrumb":{"@id":"https:\/\/tzionlibreria.com\/index.php\/product\/biblia-amigos-por-siempre-rvr1960-tapa-charol-rosado-compacta\/#breadcrumb"},"inLanguage":"es-CO","potentialAction":[{"@type":"ReadAction","target":["https:\/\/tzionlibreria.com\/index.php\/product\/biblia-amigos-por-siempre-rvr1960-tapa-charol-rosado-compacta\/"]}]},{"@type":"ImageObject","inLanguage":"es-CO","@id":"https:\/\/tzionlibreria.com\/index.php\/product\/biblia-amigos-por-siempre-rvr1960-tapa-charol-rosado-compacta\/#primaryimage","url":"https:\/\/tzionlibreria.com\/wp-content\/uploads\/2025\/11\/9798886391350.jpg","contentUrl":"https:\/\/tzionlibreria.com\/wp-content\/uploads\/2025\/11\/9798886391350.jpg","width":1200,"height":1200},{"@type":"BreadcrumbList","@id":"https:\/\/tzionlibreria.com\/index.php\/product\/biblia-amigos-por-siempre-rvr1960-tapa-charol-rosado-compacta\/#breadcrumb","itemListElement":[{"@type":"ListItem","position":1,"name":"Inicio","item":"https:\/\/tzionlibreria.com\/"},{"@type":"ListItem","position":2,"name":"Shop","item":"https:\/\/tzionlibreria.com\/index.php\/shop\/"},{"@type":"ListItem","position":3,"name":"Biblia Amigos por Siempre RVR1960 Tapa Charol Rosado Compacta"}]},{"@type":"WebSite","@id":"https:\/\/tzionlibreria.com\/#website","url":"https:\/\/tzionlibreria.com\/","name":"tzionlibreria.com","description":"Libreria Cristiana Venezuela","publisher":{"@id":"https:\/\/tzionlibreria.com\/#organization"},"potentialAction":[{"@type":"SearchAction","target":{"@type":"EntryPoint","urlTemplate":"https:\/\/tzionlibreria.com\/?s={search_term_string}"},"query-input":{"@type":"PropertyValueSpecification","valueRequired":true,"valueName":"search_term_string"}}],"inLanguage":"es-CO"},{"@type":"Organization","@id":"https:\/\/tzionlibreria.com\/#organization","name":"tzionlibreria.com","url":"https:\/\/tzionlibreria.com\/","logo":{"@type":"ImageObject","inLanguage":"es-CO","@id":"https:\/\/tzionlibreria.com\/#\/schema\/logo\/image\/","url":"https:\/\/tzionlibreria.com\/wp-content\/uploads\/2023\/10\/cropped-Cuadricula-scaled-1.jpg","contentUrl":"https:\/\/tzionlibreria.com\/wp-content\/uploads\/2023\/10\/cropped-Cuadricula-scaled-1.jpg","width":2560,"height":2560,"caption":"tzionlibreria.com"},"image":{"@id":"https:\/\/tzionlibreria.com\/#\/schema\/logo\/image\/"}}]}},"jetpack_sharing_enabled":true,"_links":{"self":[{"href":"https:\/\/tzionlibreria.com\/index.php\/wp-json\/wp\/v2\/product\/6206","targetHints":{"allow":["GET"]}}],"collection":[{"href":"https:\/\/tzionlibreria.com\/index.php\/wp-json\/wp\/v2\/product"}],"about":[{"href":"https:\/\/tzionlibreria.com\/index.php\/wp-json\/wp\/v2\/types\/product"}],"replies":[{"embeddable":true,"href":"https:\/\/tzionlibreria.com\/index.php\/wp-json\/wp\/v2\/comments?post=6206"}],"wp:featuredmedia":[{"embeddable":true,"href":"https:\/\/tzionlibreria.com\/index.php\/wp-json\/wp\/v2\/media\/6207"}],"wp:attachment":[{"href":"https:\/\/tzionlibreria.com\/index.php\/wp-json\/wp\/v2\/media?parent=6206"}],"wp:term":[{"taxonomy":"product_brand","embeddable":true,"href":"https:\/\/tzionlibreria.com\/index.php\/wp-json\/wp\/v2\/product_brand?post=6206"},{"taxonomy":"product_cat","embeddable":true,"href":"https:\/\/tzionlibreria.com\/index.php\/wp-json\/wp\/v2\/product_cat?post=6206"},{"taxonomy":"product_tag","embeddable":true,"href":"https:\/\/tzionlibreria.com\/index.php\/wp-json\/wp\/v2\/product_tag?post=6206"}],"curies":[{"name":"wp","href":"https:\/\/api.w.org\/{rel}","templated":true}]}}