{"id":6211,"date":"2025-11-10T14:50:57","date_gmt":"2025-11-10T14:50:57","guid":{"rendered":"https:\/\/tzionlibreria.com\/?post_type=product&#038;p=6211"},"modified":"2025-11-10T14:51:04","modified_gmt":"2025-11-10T14:51:04","slug":"biblia-valientes-con-jesus-ilustrada-reina-valera-contemporanea","status":"publish","type":"product","link":"https:\/\/tzionlibreria.com\/index.php\/product\/biblia-valientes-con-jesus-ilustrada-reina-valera-contemporanea\/","title":{"rendered":"Biblia Valientes con Jes\u00fas Ilustrada Reina Valera Contempor\u00e1nea"},"content":{"rendered":"<ul>\n<li>Reina Valera Contempor\u00e1nea<\/li>\n<li>Referencias<\/li>\n<li>Con z\u00edper<\/li>\n<li>Color magenta canto fucsia<\/li>\n<li>Ideal para los chicos que ya sepan leer<\/li>\n<li>Biblia Completa (Antiguo y Nuevo Testamento)<\/li>\n<li>Hoja de dedicatoria<\/li>\n<li>Explicaci\u00f3n \u00bfQu\u00e9 es la Biblia?<\/li>\n<li>Explicaci\u00f3n sobre el Antiguo Testamento y Nuevo Testamento<\/li>\n<li>\u00bfC\u00f3mo leer la Biblia?<\/li>\n<li>Explicaci\u00f3n de c\u00f3mo encontrar una cita o lectura en la Biblia<\/li>\n<li>\u00edndice alfab\u00e9tico, libros y abreviaturas<\/li>\n<li>Ilustraciones de las historias m\u00e1s relevantes de la Biblia<\/li>\n<li>C\u00f3mo est\u00e1 formada la Biblia<\/li>\n<li>Lo que se encuentra en la Biblia (Peque\u00f1a introducci\u00f3n de cada libro)<\/li>\n<li>Pasajes famosos en la Biblia<\/li>\n<li>Plan para leer la Biblia en un a\u00f1o<\/li>\n<li>Sigo a mis personas favoritas (Nombre, significado, base B\u00edblica y peque\u00f1a Historia de los personajes m\u00e1s relevantes de la Biblia)<\/li>\n<li>Oraci\u00f3n guiada para recibir al Se\u00f1or Jes\u00fas como Salvador<\/li>\n<li>Cubierta Pl\u00e1stica<\/li>\n<\/ul>\n","protected":false},"excerpt":{"rendered":"<p>Reina Valera Contempor\u00e1nea Referencias Con z\u00edper Color magenta canto fucsia Ideal para los chicos que ya sepan leer Biblia Completa (Antiguo y Nuevo Testamento) Hoja de dedicatoria Explicaci\u00f3n \u00bfQu\u00e9 es la Biblia? Explicaci\u00f3n sobre el Antiguo Testamento y Nuevo Testamento \u00bfC\u00f3mo leer la Biblia? Explicaci\u00f3n de c\u00f3mo encontrar una cita o lectura en la Biblia [&hellip;]<\/p>\n","protected":false},"featured_media":6214,"comment_status":"open","ping_status":"closed","template":"","meta":{"om_disable_all_campaigns":false,"_monsterinsights_skip_tracking":false,"_monsterinsights_sitenote_active":false,"_monsterinsights_sitenote_note":"","_monsterinsights_sitenote_category":0,"site-sidebar-layout":"default","site-content-layout":"","ast-site-content-layout":"default","site-content-style":"default","site-sidebar-style":"default","ast-global-header-display":"","ast-banner-title-visibility":"","ast-main-header-display":"","ast-hfb-above-header-display":"","ast-hfb-below-header-display":"","ast-hfb-mobile-header-display":"","site-post-title":"","ast-breadcrumbs-content":"","ast-featured-img":"","footer-sml-layout":"","ast-disable-related-posts":"","theme-transparent-header-meta":"default","adv-header-id-meta":"","stick-header-meta":"","header-above-stick-meta":"","header-main-stick-meta":"","header-below-stick-meta":"","astra-migrate-meta-layouts":"set","ast-page-background-enabled":"default","ast-page-background-meta":{"desktop":{"background-color":"var(--ast-global-color-4)","background-image":"","background-repeat":"repeat","background-position":"center center","background-size":"auto","background-attachment":"scroll","background-type":"","background-media":"","overlay-type":"","overlay-color":"","overlay-opacity":"","overlay-gradient":""},"tablet":{"background-color":"","background-image":"","background-repeat":"repeat","background-position":"center center","background-size":"auto","background-attachment":"scroll","background-type":"","background-media":"","overlay-type":"","overlay-color":"","overlay-opacity":"","overlay-gradient":""},"mobile":{"background-color":"","background-image":"","background-repeat":"repeat","background-position":"center center","background-size":"auto","background-attachment":"scroll","background-type":"","background-media":"","overlay-type":"","overlay-color":"","overlay-opacity":"","overlay-gradient":""}},"ast-content-background-meta":{"desktop":{"background-color":"var(--ast-global-color-5)","background-image":"","background-repeat":"repeat","background-position":"center center","background-size":"auto","background-attachment":"scroll","background-type":"","background-media":"","overlay-type":"","overlay-color":"","overlay-opacity":"","overlay-gradient":""},"tablet":{"background-color":"var(--ast-global-color-5)","background-image":"","background-repeat":"repeat","background-position":"center center","background-size":"auto","background-attachment":"scroll","background-type":"","background-media":"","overlay-type":"","overlay-color":"","overlay-opacity":"","overlay-gradient":""},"mobile":{"background-color":"var(--ast-global-color-5)","background-image":"","background-repeat":"repeat","background-position":"center center","background-size":"auto","background-attachment":"scroll","background-type":"","background-media":"","overlay-type":"","overlay-color":"","overlay-opacity":"","overlay-gradient":""}}},"product_brand":[],"product_cat":[22,38,25,298],"product_tag":[],"class_list":{"0":"post-6211","1":"product","2":"type-product","3":"status-publish","4":"has-post-thumbnail","6":"product_cat-biblias","7":"product_cat-biblias-de-ninos","8":"product_cat-kids","9":"product_cat-rvc","10":"desktop-align-left","11":"tablet-align-left","12":"mobile-align-left","14":"first","15":"instock","16":"shipping-taxable","17":"purchasable","18":"product-type-simple"},"yoast_head":"<!-- This site is optimized with the Yoast SEO plugin v27.4 - https:\/\/yoast.com\/product\/yoast-seo-wordpress\/ -->\n<title>Biblia Valientes con Jes\u00fas Ilustrada Reina Valera Contempor\u00e1nea - tzionlibreria.com<\/title>\n<meta name=\"robots\" content=\"index, follow, max-snippet:-1, max-image-preview:large, max-video-preview:-1\" \/>\n<link rel=\"canonical\" href=\"https:\/\/tzionlibreria.com\/index.php\/product\/biblia-valientes-con-jesus-ilustrada-reina-valera-contemporanea\/\" \/>\n<meta property=\"og:locale\" content=\"es_ES\" \/>\n<meta property=\"og:type\" content=\"article\" \/>\n<meta property=\"og:title\" content=\"Biblia Valientes con Jes\u00fas Ilustrada Reina Valera Contempor\u00e1nea - tzionlibreria.com\" \/>\n<meta property=\"og:description\" content=\"Reina Valera Contempor\u00e1nea Referencias Con z\u00edper Color magenta canto fucsia Ideal para los chicos que ya sepan leer Biblia Completa (Antiguo y Nuevo Testamento) Hoja de dedicatoria Explicaci\u00f3n \u00bfQu\u00e9 es la Biblia? Explicaci\u00f3n sobre el Antiguo Testamento y Nuevo Testamento \u00bfC\u00f3mo leer la Biblia? Explicaci\u00f3n de c\u00f3mo encontrar una cita o lectura en la Biblia [&hellip;]\" \/>\n<meta property=\"og:url\" content=\"https:\/\/tzionlibreria.com\/index.php\/product\/biblia-valientes-con-jesus-ilustrada-reina-valera-contemporanea\/\" \/>\n<meta property=\"og:site_name\" content=\"tzionlibreria.com\" \/>\n<meta property=\"article:modified_time\" content=\"2025-11-10T14:51:04+00:00\" \/>\n<meta property=\"og:image\" content=\"http:\/\/tzionlibreria.com\/wp-content\/uploads\/2025\/11\/20180.jpg\" \/>\n\t<meta property=\"og:image:width\" content=\"305\" \/>\n\t<meta property=\"og:image:height\" content=\"394\" \/>\n\t<meta property=\"og:image:type\" content=\"image\/jpeg\" \/>\n<meta name=\"twitter:card\" content=\"summary_large_image\" \/>\n<meta name=\"twitter:label1\" content=\"Tiempo de lectura\" \/>\n\t<meta name=\"twitter:data1\" content=\"1 minuto\" \/>\n<script type=\"application\/ld+json\" class=\"yoast-schema-graph\">{\"@context\":\"https:\\\/\\\/schema.org\",\"@graph\":[{\"@type\":\"WebPage\",\"@id\":\"https:\\\/\\\/tzionlibreria.com\\\/index.php\\\/product\\\/biblia-valientes-con-jesus-ilustrada-reina-valera-contemporanea\\\/\",\"url\":\"https:\\\/\\\/tzionlibreria.com\\\/index.php\\\/product\\\/biblia-valientes-con-jesus-ilustrada-reina-valera-contemporanea\\\/\",\"name\":\"Biblia Valientes con Jes\u00fas Ilustrada Reina Valera Contempor\u00e1nea - tzionlibreria.com\",\"isPartOf\":{\"@id\":\"https:\\\/\\\/tzionlibreria.com\\\/#website\"},\"primaryImageOfPage\":{\"@id\":\"https:\\\/\\\/tzionlibreria.com\\\/index.php\\\/product\\\/biblia-valientes-con-jesus-ilustrada-reina-valera-contemporanea\\\/#primaryimage\"},\"image\":{\"@id\":\"https:\\\/\\\/tzionlibreria.com\\\/index.php\\\/product\\\/biblia-valientes-con-jesus-ilustrada-reina-valera-contemporanea\\\/#primaryimage\"},\"thumbnailUrl\":\"https:\\\/\\\/tzionlibreria.com\\\/wp-content\\\/uploads\\\/2025\\\/11\\\/20180.jpg\",\"datePublished\":\"2025-11-10T14:50:57+00:00\",\"dateModified\":\"2025-11-10T14:51:04+00:00\",\"breadcrumb\":{\"@id\":\"https:\\\/\\\/tzionlibreria.com\\\/index.php\\\/product\\\/biblia-valientes-con-jesus-ilustrada-reina-valera-contemporanea\\\/#breadcrumb\"},\"inLanguage\":\"es-CO\",\"potentialAction\":[{\"@type\":\"ReadAction\",\"target\":[\"https:\\\/\\\/tzionlibreria.com\\\/index.php\\\/product\\\/biblia-valientes-con-jesus-ilustrada-reina-valera-contemporanea\\\/\"]}]},{\"@type\":\"ImageObject\",\"inLanguage\":\"es-CO\",\"@id\":\"https:\\\/\\\/tzionlibreria.com\\\/index.php\\\/product\\\/biblia-valientes-con-jesus-ilustrada-reina-valera-contemporanea\\\/#primaryimage\",\"url\":\"https:\\\/\\\/tzionlibreria.com\\\/wp-content\\\/uploads\\\/2025\\\/11\\\/20180.jpg\",\"contentUrl\":\"https:\\\/\\\/tzionlibreria.com\\\/wp-content\\\/uploads\\\/2025\\\/11\\\/20180.jpg\",\"width\":305,\"height\":394},{\"@type\":\"BreadcrumbList\",\"@id\":\"https:\\\/\\\/tzionlibreria.com\\\/index.php\\\/product\\\/biblia-valientes-con-jesus-ilustrada-reina-valera-contemporanea\\\/#breadcrumb\",\"itemListElement\":[{\"@type\":\"ListItem\",\"position\":1,\"name\":\"Inicio\",\"item\":\"https:\\\/\\\/tzionlibreria.com\\\/\"},{\"@type\":\"ListItem\",\"position\":2,\"name\":\"Shop\",\"item\":\"https:\\\/\\\/tzionlibreria.com\\\/index.php\\\/shop\\\/\"},{\"@type\":\"ListItem\",\"position\":3,\"name\":\"Biblia Valientes con Jes\u00fas Ilustrada Reina Valera Contempor\u00e1nea\"}]},{\"@type\":\"WebSite\",\"@id\":\"https:\\\/\\\/tzionlibreria.com\\\/#website\",\"url\":\"https:\\\/\\\/tzionlibreria.com\\\/\",\"name\":\"tzionlibreria.com\",\"description\":\"Libreria Cristiana Venezuela\",\"publisher\":{\"@id\":\"https:\\\/\\\/tzionlibreria.com\\\/#organization\"},\"potentialAction\":[{\"@type\":\"SearchAction\",\"target\":{\"@type\":\"EntryPoint\",\"urlTemplate\":\"https:\\\/\\\/tzionlibreria.com\\\/?s={search_term_string}\"},\"query-input\":{\"@type\":\"PropertyValueSpecification\",\"valueRequired\":true,\"valueName\":\"search_term_string\"}}],\"inLanguage\":\"es-CO\"},{\"@type\":\"Organization\",\"@id\":\"https:\\\/\\\/tzionlibreria.com\\\/#organization\",\"name\":\"tzionlibreria.com\",\"url\":\"https:\\\/\\\/tzionlibreria.com\\\/\",\"logo\":{\"@type\":\"ImageObject\",\"inLanguage\":\"es-CO\",\"@id\":\"https:\\\/\\\/tzionlibreria.com\\\/#\\\/schema\\\/logo\\\/image\\\/\",\"url\":\"https:\\\/\\\/tzionlibreria.com\\\/wp-content\\\/uploads\\\/2023\\\/10\\\/cropped-Cuadricula-scaled-1.jpg\",\"contentUrl\":\"https:\\\/\\\/tzionlibreria.com\\\/wp-content\\\/uploads\\\/2023\\\/10\\\/cropped-Cuadricula-scaled-1.jpg\",\"width\":2560,\"height\":2560,\"caption\":\"tzionlibreria.com\"},\"image\":{\"@id\":\"https:\\\/\\\/tzionlibreria.com\\\/#\\\/schema\\\/logo\\\/image\\\/\"}}]}<\/script>\n<!-- \/ Yoast SEO plugin. -->","yoast_head_json":{"title":"Biblia Valientes con Jes\u00fas Ilustrada Reina Valera Contempor\u00e1nea - tzionlibreria.com","robots":{"index":"index","follow":"follow","max-snippet":"max-snippet:-1","max-image-preview":"max-image-preview:large","max-video-preview":"max-video-preview:-1"},"canonical":"https:\/\/tzionlibreria.com\/index.php\/product\/biblia-valientes-con-jesus-ilustrada-reina-valera-contemporanea\/","og_locale":"es_ES","og_type":"article","og_title":"Biblia Valientes con Jes\u00fas Ilustrada Reina Valera Contempor\u00e1nea - tzionlibreria.com","og_description":"Reina Valera Contempor\u00e1nea Referencias Con z\u00edper Color magenta canto fucsia Ideal para los chicos que ya sepan leer Biblia Completa (Antiguo y Nuevo Testamento) Hoja de dedicatoria Explicaci\u00f3n \u00bfQu\u00e9 es la Biblia? Explicaci\u00f3n sobre el Antiguo Testamento y Nuevo Testamento \u00bfC\u00f3mo leer la Biblia? Explicaci\u00f3n de c\u00f3mo encontrar una cita o lectura en la Biblia [&hellip;]","og_url":"https:\/\/tzionlibreria.com\/index.php\/product\/biblia-valientes-con-jesus-ilustrada-reina-valera-contemporanea\/","og_site_name":"tzionlibreria.com","article_modified_time":"2025-11-10T14:51:04+00:00","og_image":[{"width":305,"height":394,"url":"http:\/\/tzionlibreria.com\/wp-content\/uploads\/2025\/11\/20180.jpg","type":"image\/jpeg"}],"twitter_card":"summary_large_image","twitter_misc":{"Tiempo de lectura":"1 minuto"},"schema":{"@context":"https:\/\/schema.org","@graph":[{"@type":"WebPage","@id":"https:\/\/tzionlibreria.com\/index.php\/product\/biblia-valientes-con-jesus-ilustrada-reina-valera-contemporanea\/","url":"https:\/\/tzionlibreria.com\/index.php\/product\/biblia-valientes-con-jesus-ilustrada-reina-valera-contemporanea\/","name":"Biblia Valientes con Jes\u00fas Ilustrada Reina Valera Contempor\u00e1nea - tzionlibreria.com","isPartOf":{"@id":"https:\/\/tzionlibreria.com\/#website"},"primaryImageOfPage":{"@id":"https:\/\/tzionlibreria.com\/index.php\/product\/biblia-valientes-con-jesus-ilustrada-reina-valera-contemporanea\/#primaryimage"},"image":{"@id":"https:\/\/tzionlibreria.com\/index.php\/product\/biblia-valientes-con-jesus-ilustrada-reina-valera-contemporanea\/#primaryimage"},"thumbnailUrl":"https:\/\/tzionlibreria.com\/wp-content\/uploads\/2025\/11\/20180.jpg","datePublished":"2025-11-10T14:50:57+00:00","dateModified":"2025-11-10T14:51:04+00:00","breadcrumb":{"@id":"https:\/\/tzionlibreria.com\/index.php\/product\/biblia-valientes-con-jesus-ilustrada-reina-valera-contemporanea\/#breadcrumb"},"inLanguage":"es-CO","potentialAction":[{"@type":"ReadAction","target":["https:\/\/tzionlibreria.com\/index.php\/product\/biblia-valientes-con-jesus-ilustrada-reina-valera-contemporanea\/"]}]},{"@type":"ImageObject","inLanguage":"es-CO","@id":"https:\/\/tzionlibreria.com\/index.php\/product\/biblia-valientes-con-jesus-ilustrada-reina-valera-contemporanea\/#primaryimage","url":"https:\/\/tzionlibreria.com\/wp-content\/uploads\/2025\/11\/20180.jpg","contentUrl":"https:\/\/tzionlibreria.com\/wp-content\/uploads\/2025\/11\/20180.jpg","width":305,"height":394},{"@type":"BreadcrumbList","@id":"https:\/\/tzionlibreria.com\/index.php\/product\/biblia-valientes-con-jesus-ilustrada-reina-valera-contemporanea\/#breadcrumb","itemListElement":[{"@type":"ListItem","position":1,"name":"Inicio","item":"https:\/\/tzionlibreria.com\/"},{"@type":"ListItem","position":2,"name":"Shop","item":"https:\/\/tzionlibreria.com\/index.php\/shop\/"},{"@type":"ListItem","position":3,"name":"Biblia Valientes con Jes\u00fas Ilustrada Reina Valera Contempor\u00e1nea"}]},{"@type":"WebSite","@id":"https:\/\/tzionlibreria.com\/#website","url":"https:\/\/tzionlibreria.com\/","name":"tzionlibreria.com","description":"Libreria Cristiana Venezuela","publisher":{"@id":"https:\/\/tzionlibreria.com\/#organization"},"potentialAction":[{"@type":"SearchAction","target":{"@type":"EntryPoint","urlTemplate":"https:\/\/tzionlibreria.com\/?s={search_term_string}"},"query-input":{"@type":"PropertyValueSpecification","valueRequired":true,"valueName":"search_term_string"}}],"inLanguage":"es-CO"},{"@type":"Organization","@id":"https:\/\/tzionlibreria.com\/#organization","name":"tzionlibreria.com","url":"https:\/\/tzionlibreria.com\/","logo":{"@type":"ImageObject","inLanguage":"es-CO","@id":"https:\/\/tzionlibreria.com\/#\/schema\/logo\/image\/","url":"https:\/\/tzionlibreria.com\/wp-content\/uploads\/2023\/10\/cropped-Cuadricula-scaled-1.jpg","contentUrl":"https:\/\/tzionlibreria.com\/wp-content\/uploads\/2023\/10\/cropped-Cuadricula-scaled-1.jpg","width":2560,"height":2560,"caption":"tzionlibreria.com"},"image":{"@id":"https:\/\/tzionlibreria.com\/#\/schema\/logo\/image\/"}}]}},"jetpack_sharing_enabled":true,"_links":{"self":[{"href":"https:\/\/tzionlibreria.com\/index.php\/wp-json\/wp\/v2\/product\/6211","targetHints":{"allow":["GET"]}}],"collection":[{"href":"https:\/\/tzionlibreria.com\/index.php\/wp-json\/wp\/v2\/product"}],"about":[{"href":"https:\/\/tzionlibreria.com\/index.php\/wp-json\/wp\/v2\/types\/product"}],"replies":[{"embeddable":true,"href":"https:\/\/tzionlibreria.com\/index.php\/wp-json\/wp\/v2\/comments?post=6211"}],"wp:featuredmedia":[{"embeddable":true,"href":"https:\/\/tzionlibreria.com\/index.php\/wp-json\/wp\/v2\/media\/6214"}],"wp:attachment":[{"href":"https:\/\/tzionlibreria.com\/index.php\/wp-json\/wp\/v2\/media?parent=6211"}],"wp:term":[{"taxonomy":"product_brand","embeddable":true,"href":"https:\/\/tzionlibreria.com\/index.php\/wp-json\/wp\/v2\/product_brand?post=6211"},{"taxonomy":"product_cat","embeddable":true,"href":"https:\/\/tzionlibreria.com\/index.php\/wp-json\/wp\/v2\/product_cat?post=6211"},{"taxonomy":"product_tag","embeddable":true,"href":"https:\/\/tzionlibreria.com\/index.php\/wp-json\/wp\/v2\/product_tag?post=6211"}],"curies":[{"name":"wp","href":"https:\/\/api.w.org\/{rel}","templated":true}]}}