{"id":6219,"date":"2025-11-20T23:57:13","date_gmt":"2025-11-20T23:57:13","guid":{"rendered":"https:\/\/tzionlibreria.com\/?post_type=product&#038;p=6219"},"modified":"2025-11-21T00:28:48","modified_gmt":"2025-11-21T00:28:48","slug":"mejor-que-el-eden-nancy-guthrie-2","status":"publish","type":"product","link":"https:\/\/tzionlibreria.com\/index.php\/product\/mejor-que-el-eden-nancy-guthrie-2\/","title":{"rendered":"Mejor Que El Ed\u00e9n \u2013 Nancy Guthrie"},"content":{"rendered":"<p>La historia de Dios terminar\u00e1 mejor de lo que comenz\u00f3\u2026 Nancy Guthrie, una maestra con experiencia, traza 9 temas a trav\u00e9s de la Biblia que revelan c\u00f3mo el plan de Dios para la nueva creaci\u00f3n ser\u00e1 mucho m\u00e1s glorioso que el original. Pero esta nueva gloria de la creaci\u00f3n no est\u00e1 reservada solamente para el futuro. La esperanza del plan de Dios para Su pueblo transforma todo en nuestras vidas hoy. Escrito para leerse individualmente o en grupo, este libro le ayudar\u00e1 a entender el plan de Dios para el futuro de Su pueblo \u2015vida en un jard\u00edn mejor que el Ed\u00e9n\u2015 y as\u00ed poder experimentar la gloria de esta nueva creaci\u00f3n en su vida incluso ahora.<\/p>\n<p>&nbsp;<\/p>\n<p><strong>ISBN<\/strong>: 9781087737591<\/p>\n<p><strong>Editorial<\/strong>: Broadman &amp; Holman<\/p>\n<p><strong>Dimensiones<\/strong>: 140 x 215 x 1 mm<\/p>\n<p><strong>Peso<\/strong>: 0,225kg<\/p>\n<p><strong>Cubierta<\/strong>: R\u00fastica<\/p>\n<p><strong>N\u00famero de p\u00e1ginas<\/strong>: 224<\/p>\n<p><strong>Idioma<\/strong>: Espa\u00f1ol<\/p>\n","protected":false},"excerpt":{"rendered":"<p>La historia de Dios terminar\u00e1 mejor de lo que comenz\u00f3\u2026 Nancy Guthrie, una maestra con experiencia, traza 9 temas a trav\u00e9s de la Biblia que revelan c\u00f3mo el plan de Dios para la nueva creaci\u00f3n ser\u00e1 mucho m\u00e1s glorioso que el original. Pero esta nueva gloria de la creaci\u00f3n no est\u00e1 reservada solamente para el [&hellip;]<\/p>\n","protected":false},"featured_media":6494,"comment_status":"open","ping_status":"closed","template":"","meta":{"om_disable_all_campaigns":false,"_monsterinsights_skip_tracking":false,"_monsterinsights_sitenote_active":false,"_monsterinsights_sitenote_note":"","_monsterinsights_sitenote_category":0,"site-sidebar-layout":"default","site-content-layout":"","ast-site-content-layout":"default","site-content-style":"default","site-sidebar-style":"default","ast-global-header-display":"","ast-banner-title-visibility":"","ast-main-header-display":"","ast-hfb-above-header-display":"","ast-hfb-below-header-display":"","ast-hfb-mobile-header-display":"","site-post-title":"","ast-breadcrumbs-content":"","ast-featured-img":"","footer-sml-layout":"","ast-disable-related-posts":"","theme-transparent-header-meta":"default","adv-header-id-meta":"","stick-header-meta":"","header-above-stick-meta":"","header-main-stick-meta":"","header-below-stick-meta":"","astra-migrate-meta-layouts":"set","ast-page-background-enabled":"default","ast-page-background-meta":{"desktop":{"background-color":"var(--ast-global-color-4)","background-image":"","background-repeat":"repeat","background-position":"center center","background-size":"auto","background-attachment":"scroll","background-type":"","background-media":"","overlay-type":"","overlay-color":"","overlay-opacity":"","overlay-gradient":""},"tablet":{"background-color":"","background-image":"","background-repeat":"repeat","background-position":"center center","background-size":"auto","background-attachment":"scroll","background-type":"","background-media":"","overlay-type":"","overlay-color":"","overlay-opacity":"","overlay-gradient":""},"mobile":{"background-color":"","background-image":"","background-repeat":"repeat","background-position":"center center","background-size":"auto","background-attachment":"scroll","background-type":"","background-media":"","overlay-type":"","overlay-color":"","overlay-opacity":"","overlay-gradient":""}},"ast-content-background-meta":{"desktop":{"background-color":"var(--ast-global-color-5)","background-image":"","background-repeat":"repeat","background-position":"center center","background-size":"auto","background-attachment":"scroll","background-type":"","background-media":"","overlay-type":"","overlay-color":"","overlay-opacity":"","overlay-gradient":""},"tablet":{"background-color":"var(--ast-global-color-5)","background-image":"","background-repeat":"repeat","background-position":"center center","background-size":"auto","background-attachment":"scroll","background-type":"","background-media":"","overlay-type":"","overlay-color":"","overlay-opacity":"","overlay-gradient":""},"mobile":{"background-color":"var(--ast-global-color-5)","background-image":"","background-repeat":"repeat","background-position":"center center","background-size":"auto","background-attachment":"scroll","background-type":"","background-media":"","overlay-type":"","overlay-color":"","overlay-opacity":"","overlay-gradient":""}}},"product_brand":[],"product_cat":[18],"product_tag":[],"class_list":{"0":"post-6219","1":"product","2":"type-product","3":"status-publish","4":"has-post-thumbnail","6":"product_cat-uncategorized","7":"desktop-align-left","8":"tablet-align-left","9":"mobile-align-left","11":"first","12":"instock","13":"shipping-taxable","14":"purchasable","15":"product-type-simple"},"yoast_head":"<!-- This site is optimized with the Yoast SEO plugin v27.3 - https:\/\/yoast.com\/product\/yoast-seo-wordpress\/ -->\n<title>Mejor Que El Ed\u00e9n \u2013 Nancy Guthrie - tzionlibreria.com<\/title>\n<meta name=\"robots\" content=\"index, follow, max-snippet:-1, max-image-preview:large, max-video-preview:-1\" \/>\n<link rel=\"canonical\" href=\"https:\/\/tzionlibreria.com\/index.php\/product\/mejor-que-el-eden-nancy-guthrie-2\/\" \/>\n<meta property=\"og:locale\" content=\"es_ES\" \/>\n<meta property=\"og:type\" content=\"article\" \/>\n<meta property=\"og:title\" content=\"Mejor Que El Ed\u00e9n \u2013 Nancy Guthrie - tzionlibreria.com\" \/>\n<meta property=\"og:description\" content=\"La historia de Dios terminar\u00e1 mejor de lo que comenz\u00f3\u2026 Nancy Guthrie, una maestra con experiencia, traza 9 temas a trav\u00e9s de la Biblia que revelan c\u00f3mo el plan de Dios para la nueva creaci\u00f3n ser\u00e1 mucho m\u00e1s glorioso que el original. Pero esta nueva gloria de la creaci\u00f3n no est\u00e1 reservada solamente para el [&hellip;]\" \/>\n<meta property=\"og:url\" content=\"https:\/\/tzionlibreria.com\/index.php\/product\/mejor-que-el-eden-nancy-guthrie-2\/\" \/>\n<meta property=\"og:site_name\" content=\"tzionlibreria.com\" \/>\n<meta property=\"article:modified_time\" content=\"2025-11-21T00:28:48+00:00\" \/>\n<meta property=\"og:image\" content=\"http:\/\/tzionlibreria.com\/wp-content\/uploads\/2025\/11\/81JvURsnHYL._SL1500_.jpg\" \/>\n\t<meta property=\"og:image:width\" content=\"971\" \/>\n\t<meta property=\"og:image:height\" content=\"1500\" \/>\n\t<meta property=\"og:image:type\" content=\"image\/jpeg\" \/>\n<meta name=\"twitter:card\" content=\"summary_large_image\" \/>\n<meta name=\"twitter:label1\" content=\"Tiempo de lectura\" \/>\n\t<meta name=\"twitter:data1\" content=\"1 minuto\" \/>\n<script type=\"application\/ld+json\" class=\"yoast-schema-graph\">{\"@context\":\"https:\\\/\\\/schema.org\",\"@graph\":[{\"@type\":\"WebPage\",\"@id\":\"https:\\\/\\\/tzionlibreria.com\\\/index.php\\\/product\\\/mejor-que-el-eden-nancy-guthrie-2\\\/\",\"url\":\"https:\\\/\\\/tzionlibreria.com\\\/index.php\\\/product\\\/mejor-que-el-eden-nancy-guthrie-2\\\/\",\"name\":\"Mejor Que El Ed\u00e9n \u2013 Nancy Guthrie - tzionlibreria.com\",\"isPartOf\":{\"@id\":\"https:\\\/\\\/tzionlibreria.com\\\/#website\"},\"primaryImageOfPage\":{\"@id\":\"https:\\\/\\\/tzionlibreria.com\\\/index.php\\\/product\\\/mejor-que-el-eden-nancy-guthrie-2\\\/#primaryimage\"},\"image\":{\"@id\":\"https:\\\/\\\/tzionlibreria.com\\\/index.php\\\/product\\\/mejor-que-el-eden-nancy-guthrie-2\\\/#primaryimage\"},\"thumbnailUrl\":\"https:\\\/\\\/tzionlibreria.com\\\/wp-content\\\/uploads\\\/2025\\\/11\\\/81JvURsnHYL._SL1500_.jpg\",\"datePublished\":\"2025-11-20T23:57:13+00:00\",\"dateModified\":\"2025-11-21T00:28:48+00:00\",\"breadcrumb\":{\"@id\":\"https:\\\/\\\/tzionlibreria.com\\\/index.php\\\/product\\\/mejor-que-el-eden-nancy-guthrie-2\\\/#breadcrumb\"},\"inLanguage\":\"es-CO\",\"potentialAction\":[{\"@type\":\"ReadAction\",\"target\":[\"https:\\\/\\\/tzionlibreria.com\\\/index.php\\\/product\\\/mejor-que-el-eden-nancy-guthrie-2\\\/\"]}]},{\"@type\":\"ImageObject\",\"inLanguage\":\"es-CO\",\"@id\":\"https:\\\/\\\/tzionlibreria.com\\\/index.php\\\/product\\\/mejor-que-el-eden-nancy-guthrie-2\\\/#primaryimage\",\"url\":\"https:\\\/\\\/tzionlibreria.com\\\/wp-content\\\/uploads\\\/2025\\\/11\\\/81JvURsnHYL._SL1500_.jpg\",\"contentUrl\":\"https:\\\/\\\/tzionlibreria.com\\\/wp-content\\\/uploads\\\/2025\\\/11\\\/81JvURsnHYL._SL1500_.jpg\",\"width\":971,\"height\":1500},{\"@type\":\"BreadcrumbList\",\"@id\":\"https:\\\/\\\/tzionlibreria.com\\\/index.php\\\/product\\\/mejor-que-el-eden-nancy-guthrie-2\\\/#breadcrumb\",\"itemListElement\":[{\"@type\":\"ListItem\",\"position\":1,\"name\":\"Inicio\",\"item\":\"https:\\\/\\\/tzionlibreria.com\\\/\"},{\"@type\":\"ListItem\",\"position\":2,\"name\":\"Shop\",\"item\":\"https:\\\/\\\/tzionlibreria.com\\\/index.php\\\/shop\\\/\"},{\"@type\":\"ListItem\",\"position\":3,\"name\":\"Mejor Que El Ed\u00e9n \u2013 Nancy Guthrie\"}]},{\"@type\":\"WebSite\",\"@id\":\"https:\\\/\\\/tzionlibreria.com\\\/#website\",\"url\":\"https:\\\/\\\/tzionlibreria.com\\\/\",\"name\":\"tzionlibreria.com\",\"description\":\"Libreria Cristiana Venezuela\",\"publisher\":{\"@id\":\"https:\\\/\\\/tzionlibreria.com\\\/#organization\"},\"potentialAction\":[{\"@type\":\"SearchAction\",\"target\":{\"@type\":\"EntryPoint\",\"urlTemplate\":\"https:\\\/\\\/tzionlibreria.com\\\/?s={search_term_string}\"},\"query-input\":{\"@type\":\"PropertyValueSpecification\",\"valueRequired\":true,\"valueName\":\"search_term_string\"}}],\"inLanguage\":\"es-CO\"},{\"@type\":\"Organization\",\"@id\":\"https:\\\/\\\/tzionlibreria.com\\\/#organization\",\"name\":\"tzionlibreria.com\",\"url\":\"https:\\\/\\\/tzionlibreria.com\\\/\",\"logo\":{\"@type\":\"ImageObject\",\"inLanguage\":\"es-CO\",\"@id\":\"https:\\\/\\\/tzionlibreria.com\\\/#\\\/schema\\\/logo\\\/image\\\/\",\"url\":\"https:\\\/\\\/tzionlibreria.com\\\/wp-content\\\/uploads\\\/2023\\\/10\\\/cropped-Cuadricula-scaled-1.jpg\",\"contentUrl\":\"https:\\\/\\\/tzionlibreria.com\\\/wp-content\\\/uploads\\\/2023\\\/10\\\/cropped-Cuadricula-scaled-1.jpg\",\"width\":2560,\"height\":2560,\"caption\":\"tzionlibreria.com\"},\"image\":{\"@id\":\"https:\\\/\\\/tzionlibreria.com\\\/#\\\/schema\\\/logo\\\/image\\\/\"}}]}<\/script>\n<!-- \/ Yoast SEO plugin. -->","yoast_head_json":{"title":"Mejor Que El Ed\u00e9n \u2013 Nancy Guthrie - tzionlibreria.com","robots":{"index":"index","follow":"follow","max-snippet":"max-snippet:-1","max-image-preview":"max-image-preview:large","max-video-preview":"max-video-preview:-1"},"canonical":"https:\/\/tzionlibreria.com\/index.php\/product\/mejor-que-el-eden-nancy-guthrie-2\/","og_locale":"es_ES","og_type":"article","og_title":"Mejor Que El Ed\u00e9n \u2013 Nancy Guthrie - tzionlibreria.com","og_description":"La historia de Dios terminar\u00e1 mejor de lo que comenz\u00f3\u2026 Nancy Guthrie, una maestra con experiencia, traza 9 temas a trav\u00e9s de la Biblia que revelan c\u00f3mo el plan de Dios para la nueva creaci\u00f3n ser\u00e1 mucho m\u00e1s glorioso que el original. Pero esta nueva gloria de la creaci\u00f3n no est\u00e1 reservada solamente para el [&hellip;]","og_url":"https:\/\/tzionlibreria.com\/index.php\/product\/mejor-que-el-eden-nancy-guthrie-2\/","og_site_name":"tzionlibreria.com","article_modified_time":"2025-11-21T00:28:48+00:00","og_image":[{"width":971,"height":1500,"url":"http:\/\/tzionlibreria.com\/wp-content\/uploads\/2025\/11\/81JvURsnHYL._SL1500_.jpg","type":"image\/jpeg"}],"twitter_card":"summary_large_image","twitter_misc":{"Tiempo de lectura":"1 minuto"},"schema":{"@context":"https:\/\/schema.org","@graph":[{"@type":"WebPage","@id":"https:\/\/tzionlibreria.com\/index.php\/product\/mejor-que-el-eden-nancy-guthrie-2\/","url":"https:\/\/tzionlibreria.com\/index.php\/product\/mejor-que-el-eden-nancy-guthrie-2\/","name":"Mejor Que El Ed\u00e9n \u2013 Nancy Guthrie - tzionlibreria.com","isPartOf":{"@id":"https:\/\/tzionlibreria.com\/#website"},"primaryImageOfPage":{"@id":"https:\/\/tzionlibreria.com\/index.php\/product\/mejor-que-el-eden-nancy-guthrie-2\/#primaryimage"},"image":{"@id":"https:\/\/tzionlibreria.com\/index.php\/product\/mejor-que-el-eden-nancy-guthrie-2\/#primaryimage"},"thumbnailUrl":"https:\/\/tzionlibreria.com\/wp-content\/uploads\/2025\/11\/81JvURsnHYL._SL1500_.jpg","datePublished":"2025-11-20T23:57:13+00:00","dateModified":"2025-11-21T00:28:48+00:00","breadcrumb":{"@id":"https:\/\/tzionlibreria.com\/index.php\/product\/mejor-que-el-eden-nancy-guthrie-2\/#breadcrumb"},"inLanguage":"es-CO","potentialAction":[{"@type":"ReadAction","target":["https:\/\/tzionlibreria.com\/index.php\/product\/mejor-que-el-eden-nancy-guthrie-2\/"]}]},{"@type":"ImageObject","inLanguage":"es-CO","@id":"https:\/\/tzionlibreria.com\/index.php\/product\/mejor-que-el-eden-nancy-guthrie-2\/#primaryimage","url":"https:\/\/tzionlibreria.com\/wp-content\/uploads\/2025\/11\/81JvURsnHYL._SL1500_.jpg","contentUrl":"https:\/\/tzionlibreria.com\/wp-content\/uploads\/2025\/11\/81JvURsnHYL._SL1500_.jpg","width":971,"height":1500},{"@type":"BreadcrumbList","@id":"https:\/\/tzionlibreria.com\/index.php\/product\/mejor-que-el-eden-nancy-guthrie-2\/#breadcrumb","itemListElement":[{"@type":"ListItem","position":1,"name":"Inicio","item":"https:\/\/tzionlibreria.com\/"},{"@type":"ListItem","position":2,"name":"Shop","item":"https:\/\/tzionlibreria.com\/index.php\/shop\/"},{"@type":"ListItem","position":3,"name":"Mejor Que El Ed\u00e9n \u2013 Nancy Guthrie"}]},{"@type":"WebSite","@id":"https:\/\/tzionlibreria.com\/#website","url":"https:\/\/tzionlibreria.com\/","name":"tzionlibreria.com","description":"Libreria Cristiana Venezuela","publisher":{"@id":"https:\/\/tzionlibreria.com\/#organization"},"potentialAction":[{"@type":"SearchAction","target":{"@type":"EntryPoint","urlTemplate":"https:\/\/tzionlibreria.com\/?s={search_term_string}"},"query-input":{"@type":"PropertyValueSpecification","valueRequired":true,"valueName":"search_term_string"}}],"inLanguage":"es-CO"},{"@type":"Organization","@id":"https:\/\/tzionlibreria.com\/#organization","name":"tzionlibreria.com","url":"https:\/\/tzionlibreria.com\/","logo":{"@type":"ImageObject","inLanguage":"es-CO","@id":"https:\/\/tzionlibreria.com\/#\/schema\/logo\/image\/","url":"https:\/\/tzionlibreria.com\/wp-content\/uploads\/2023\/10\/cropped-Cuadricula-scaled-1.jpg","contentUrl":"https:\/\/tzionlibreria.com\/wp-content\/uploads\/2023\/10\/cropped-Cuadricula-scaled-1.jpg","width":2560,"height":2560,"caption":"tzionlibreria.com"},"image":{"@id":"https:\/\/tzionlibreria.com\/#\/schema\/logo\/image\/"}}]}},"jetpack_sharing_enabled":true,"_links":{"self":[{"href":"https:\/\/tzionlibreria.com\/index.php\/wp-json\/wp\/v2\/product\/6219","targetHints":{"allow":["GET"]}}],"collection":[{"href":"https:\/\/tzionlibreria.com\/index.php\/wp-json\/wp\/v2\/product"}],"about":[{"href":"https:\/\/tzionlibreria.com\/index.php\/wp-json\/wp\/v2\/types\/product"}],"replies":[{"embeddable":true,"href":"https:\/\/tzionlibreria.com\/index.php\/wp-json\/wp\/v2\/comments?post=6219"}],"wp:featuredmedia":[{"embeddable":true,"href":"https:\/\/tzionlibreria.com\/index.php\/wp-json\/wp\/v2\/media\/6494"}],"wp:attachment":[{"href":"https:\/\/tzionlibreria.com\/index.php\/wp-json\/wp\/v2\/media?parent=6219"}],"wp:term":[{"taxonomy":"product_brand","embeddable":true,"href":"https:\/\/tzionlibreria.com\/index.php\/wp-json\/wp\/v2\/product_brand?post=6219"},{"taxonomy":"product_cat","embeddable":true,"href":"https:\/\/tzionlibreria.com\/index.php\/wp-json\/wp\/v2\/product_cat?post=6219"},{"taxonomy":"product_tag","embeddable":true,"href":"https:\/\/tzionlibreria.com\/index.php\/wp-json\/wp\/v2\/product_tag?post=6219"}],"curies":[{"name":"wp","href":"https:\/\/api.w.org\/{rel}","templated":true}]}}