{"id":6243,"date":"2025-11-17T16:23:49","date_gmt":"2025-11-17T16:23:49","guid":{"rendered":"https:\/\/tzionlibreria.com\/?post_type=product&#038;p=6243"},"modified":"2025-11-17T16:23:50","modified_gmt":"2025-11-17T16:23:50","slug":"traicion-como-sobrevivir-la-infidelidad-de-tu-pareja","status":"publish","type":"product","link":"https:\/\/tzionlibreria.com\/index.php\/product\/traicion-como-sobrevivir-la-infidelidad-de-tu-pareja\/","title":{"rendered":"Traici\u00f3n \u2013 C\u00f3mo sobrevivir la infidelidad de tu pareja"},"content":{"rendered":"<p><strong>La infidelidad no tiene por qu\u00e9 ser el final de tu historia. Cuando ocurre una traici\u00f3n, las consecuencias se sienten como una onda expansiva: afecta el coraz\u00f3n, el matrimonio, la familia y la fe. <\/strong><em><strong>Traici\u00f3n<\/strong><\/em><strong> ofrece una gu\u00eda pr\u00e1ctica y b\u00edblica para enfrentar y sanar las heridas provocadas por la infidelidad.<\/strong><\/p>\n<p>Escrito por <strong>Kari Clewett<\/strong>, psic\u00f3loga y sex\u00f3loga, y <strong>Cornelia Hern\u00e1ndez de Matos<\/strong>, m\u00e9dica y terapeuta familiar, este libro combina herramientas profesionales, principios cristianos y una profunda compasi\u00f3n con el fin de acompa\u00f1ar tanto a quienes han sido heridos como a quienes buscan restaurar lo perdido.<\/p>\n<p>Con d\u00e9cadas de experiencia pastoral y en los \u00e1mbitos cl\u00ednico y sexol\u00f3gico, las autoras te brindan el acompa\u00f1amiento necesario en este viaje de sanaci\u00f3n, con un enfoque \u00fanico que integra la fe y la terapia profesional.<\/p>\n<p><strong>El libro est\u00e1 dividido en tres partes:<\/strong><\/p>\n<ul>\n<li><strong>La rotura,<\/strong> explora el dolor y la confusi\u00f3n tras la traici\u00f3n, comprendiendo su impacto emocional, sexual, familiar y espiritual.<\/li>\n<li><strong>La reconstrucci\u00f3n,<\/strong> presenta herramientas pr\u00e1cticas y pasos claros para sanar, utilizando el <strong>\u00abProtocolo de reconstrucci\u00f3n marital\u00bb<\/strong>, que te ayudar\u00e1 a procesar el dolor, fomentar la comunicaci\u00f3n y reconstruir la confianza.<\/li>\n<li><strong>La esperanza,<\/strong> apunta al poder restaurador de Dios, con o sin reconciliaci\u00f3n, gui\u00e1ndote hacia una vida plena en la fe y en relaciones saludables.<\/li>\n<\/ul>\n<p>Ya sea que desees restaurar el v\u00ednculo o seguir caminos separados, este libro te invita a sanar, aferr\u00e1ndote a la fe, sobre la base de la verdad y con el acompa\u00f1amiento necesario.<\/p>\n<p><strong>Betrayed<\/strong><\/p>\n<p>Infidelity doesn\u2019t have to be the end of your story. When betrayal occurs, its consequences ripple through your heart, marriage, family, and faith. <em>Betrayed<\/em> provides a practical, faith-based guide to face and heal the wounds caused by infidelity.<\/p>\n<p>Written by Kari Clewett, psychologist and sexologist, and Cornelia Hern\u00e1ndez de Matos, medical doctor and family therapist, this book combines professional tools, Christian principles, and deep compassion to accompany both those who have been hurt and those seeking to restore what was lost.<\/p>\n<p>With decades of experience in pastoral, clinical, and sexological fields, the authors provide the necessary support for this healing journey, with a unique approach that integrates faith and professional therapy.<\/p>\n<p><strong>The book is divided into three sections:<\/strong><\/p>\n<ul>\n<li><strong>Brokenness<\/strong>: Explore the pain and confusion after betrayal, understanding its emotional, sexual, familial, and spiritual impact.<\/li>\n<li><strong>Rebuilding<\/strong>: Presents practical tools and clear steps for healing, using the <strong>\u201cMarital Reconstruction Protocol\u201d<\/strong> to help process pain, foster communication, and rebuild trust.<\/li>\n<li><strong>Hope<\/strong>: Focuses on the restorative power of God, with or without reconciliation, guiding you toward a full life in faith and healthy relationships.<\/li>\n<\/ul>\n<p>Whether you seek to restore the bond or move forward separately, this book invites you to heal, holding on to faith, grounded in truth, and with the necessary support.<\/p>\n<p><strong><em>\u00a0<\/em><\/strong><\/p>\n<p>&nbsp;<\/p>\n","protected":false},"excerpt":{"rendered":"<p>La infidelidad no tiene por qu\u00e9 ser el final de tu historia. Cuando ocurre una traici\u00f3n, las consecuencias se sienten como una onda expansiva: afecta el coraz\u00f3n, el matrimonio, la familia y la fe. Traici\u00f3n ofrece una gu\u00eda pr\u00e1ctica y b\u00edblica para enfrentar y sanar las heridas provocadas por la infidelidad. Escrito por Kari Clewett, [&hellip;]<\/p>\n","protected":false},"featured_media":6244,"comment_status":"open","ping_status":"closed","template":"","meta":{"om_disable_all_campaigns":false,"_monsterinsights_skip_tracking":false,"_monsterinsights_sitenote_active":false,"_monsterinsights_sitenote_note":"","_monsterinsights_sitenote_category":0,"site-sidebar-layout":"default","site-content-layout":"","ast-site-content-layout":"default","site-content-style":"default","site-sidebar-style":"default","ast-global-header-display":"","ast-banner-title-visibility":"","ast-main-header-display":"","ast-hfb-above-header-display":"","ast-hfb-below-header-display":"","ast-hfb-mobile-header-display":"","site-post-title":"","ast-breadcrumbs-content":"","ast-featured-img":"","footer-sml-layout":"","ast-disable-related-posts":"","theme-transparent-header-meta":"default","adv-header-id-meta":"","stick-header-meta":"","header-above-stick-meta":"","header-main-stick-meta":"","header-below-stick-meta":"","astra-migrate-meta-layouts":"set","ast-page-background-enabled":"default","ast-page-background-meta":{"desktop":{"background-color":"var(--ast-global-color-4)","background-image":"","background-repeat":"repeat","background-position":"center center","background-size":"auto","background-attachment":"scroll","background-type":"","background-media":"","overlay-type":"","overlay-color":"","overlay-opacity":"","overlay-gradient":""},"tablet":{"background-color":"","background-image":"","background-repeat":"repeat","background-position":"center center","background-size":"auto","background-attachment":"scroll","background-type":"","background-media":"","overlay-type":"","overlay-color":"","overlay-opacity":"","overlay-gradient":""},"mobile":{"background-color":"","background-image":"","background-repeat":"repeat","background-position":"center center","background-size":"auto","background-attachment":"scroll","background-type":"","background-media":"","overlay-type":"","overlay-color":"","overlay-opacity":"","overlay-gradient":""}},"ast-content-background-meta":{"desktop":{"background-color":"var(--ast-global-color-5)","background-image":"","background-repeat":"repeat","background-position":"center center","background-size":"auto","background-attachment":"scroll","background-type":"","background-media":"","overlay-type":"","overlay-color":"","overlay-opacity":"","overlay-gradient":""},"tablet":{"background-color":"var(--ast-global-color-5)","background-image":"","background-repeat":"repeat","background-position":"center center","background-size":"auto","background-attachment":"scroll","background-type":"","background-media":"","overlay-type":"","overlay-color":"","overlay-opacity":"","overlay-gradient":""},"mobile":{"background-color":"var(--ast-global-color-5)","background-image":"","background-repeat":"repeat","background-position":"center center","background-size":"auto","background-attachment":"scroll","background-type":"","background-media":"","overlay-type":"","overlay-color":"","overlay-opacity":"","overlay-gradient":""}}},"product_brand":[],"product_cat":[23,172,18],"product_tag":[],"class_list":{"0":"post-6243","1":"product","2":"type-product","3":"status-publish","4":"has-post-thumbnail","6":"product_cat-libros","7":"product_cat-matrimonio-y-relaciones","8":"product_cat-uncategorized","9":"desktop-align-left","10":"tablet-align-left","11":"mobile-align-left","13":"first","14":"instock","15":"shipping-taxable","16":"purchasable","17":"product-type-simple"},"yoast_head":"<!-- This site is optimized with the Yoast SEO plugin v27.4 - https:\/\/yoast.com\/product\/yoast-seo-wordpress\/ -->\n<title>Traici\u00f3n \u2013 C\u00f3mo sobrevivir la infidelidad de tu pareja - tzionlibreria.com<\/title>\n<meta name=\"robots\" content=\"index, follow, max-snippet:-1, max-image-preview:large, max-video-preview:-1\" \/>\n<link rel=\"canonical\" href=\"https:\/\/tzionlibreria.com\/index.php\/product\/traicion-como-sobrevivir-la-infidelidad-de-tu-pareja\/\" \/>\n<meta property=\"og:locale\" content=\"es_ES\" \/>\n<meta property=\"og:type\" content=\"article\" \/>\n<meta property=\"og:title\" content=\"Traici\u00f3n \u2013 C\u00f3mo sobrevivir la infidelidad de tu pareja - tzionlibreria.com\" \/>\n<meta property=\"og:description\" content=\"La infidelidad no tiene por qu\u00e9 ser el final de tu historia. Cuando ocurre una traici\u00f3n, las consecuencias se sienten como una onda expansiva: afecta el coraz\u00f3n, el matrimonio, la familia y la fe. Traici\u00f3n ofrece una gu\u00eda pr\u00e1ctica y b\u00edblica para enfrentar y sanar las heridas provocadas por la infidelidad. Escrito por Kari Clewett, [&hellip;]\" \/>\n<meta property=\"og:url\" content=\"https:\/\/tzionlibreria.com\/index.php\/product\/traicion-como-sobrevivir-la-infidelidad-de-tu-pareja\/\" \/>\n<meta property=\"og:site_name\" content=\"tzionlibreria.com\" \/>\n<meta property=\"article:modified_time\" content=\"2025-11-17T16:23:50+00:00\" \/>\n<meta property=\"og:image\" content=\"http:\/\/tzionlibreria.com\/wp-content\/uploads\/2025\/11\/9780829773811.jpg\" \/>\n\t<meta property=\"og:image:width\" content=\"1200\" \/>\n\t<meta property=\"og:image:height\" content=\"1200\" \/>\n\t<meta property=\"og:image:type\" content=\"image\/jpeg\" \/>\n<meta name=\"twitter:card\" content=\"summary_large_image\" \/>\n<meta name=\"twitter:label1\" content=\"Tiempo de lectura\" \/>\n\t<meta name=\"twitter:data1\" content=\"3 minutos\" \/>\n<script type=\"application\/ld+json\" class=\"yoast-schema-graph\">{\"@context\":\"https:\\\/\\\/schema.org\",\"@graph\":[{\"@type\":\"WebPage\",\"@id\":\"https:\\\/\\\/tzionlibreria.com\\\/index.php\\\/product\\\/traicion-como-sobrevivir-la-infidelidad-de-tu-pareja\\\/\",\"url\":\"https:\\\/\\\/tzionlibreria.com\\\/index.php\\\/product\\\/traicion-como-sobrevivir-la-infidelidad-de-tu-pareja\\\/\",\"name\":\"Traici\u00f3n \u2013 C\u00f3mo sobrevivir la infidelidad de tu pareja - tzionlibreria.com\",\"isPartOf\":{\"@id\":\"https:\\\/\\\/tzionlibreria.com\\\/#website\"},\"primaryImageOfPage\":{\"@id\":\"https:\\\/\\\/tzionlibreria.com\\\/index.php\\\/product\\\/traicion-como-sobrevivir-la-infidelidad-de-tu-pareja\\\/#primaryimage\"},\"image\":{\"@id\":\"https:\\\/\\\/tzionlibreria.com\\\/index.php\\\/product\\\/traicion-como-sobrevivir-la-infidelidad-de-tu-pareja\\\/#primaryimage\"},\"thumbnailUrl\":\"https:\\\/\\\/tzionlibreria.com\\\/wp-content\\\/uploads\\\/2025\\\/11\\\/9780829773811.jpg\",\"datePublished\":\"2025-11-17T16:23:49+00:00\",\"dateModified\":\"2025-11-17T16:23:50+00:00\",\"breadcrumb\":{\"@id\":\"https:\\\/\\\/tzionlibreria.com\\\/index.php\\\/product\\\/traicion-como-sobrevivir-la-infidelidad-de-tu-pareja\\\/#breadcrumb\"},\"inLanguage\":\"es-CO\",\"potentialAction\":[{\"@type\":\"ReadAction\",\"target\":[\"https:\\\/\\\/tzionlibreria.com\\\/index.php\\\/product\\\/traicion-como-sobrevivir-la-infidelidad-de-tu-pareja\\\/\"]}]},{\"@type\":\"ImageObject\",\"inLanguage\":\"es-CO\",\"@id\":\"https:\\\/\\\/tzionlibreria.com\\\/index.php\\\/product\\\/traicion-como-sobrevivir-la-infidelidad-de-tu-pareja\\\/#primaryimage\",\"url\":\"https:\\\/\\\/tzionlibreria.com\\\/wp-content\\\/uploads\\\/2025\\\/11\\\/9780829773811.jpg\",\"contentUrl\":\"https:\\\/\\\/tzionlibreria.com\\\/wp-content\\\/uploads\\\/2025\\\/11\\\/9780829773811.jpg\",\"width\":1200,\"height\":1200},{\"@type\":\"BreadcrumbList\",\"@id\":\"https:\\\/\\\/tzionlibreria.com\\\/index.php\\\/product\\\/traicion-como-sobrevivir-la-infidelidad-de-tu-pareja\\\/#breadcrumb\",\"itemListElement\":[{\"@type\":\"ListItem\",\"position\":1,\"name\":\"Inicio\",\"item\":\"https:\\\/\\\/tzionlibreria.com\\\/\"},{\"@type\":\"ListItem\",\"position\":2,\"name\":\"Shop\",\"item\":\"https:\\\/\\\/tzionlibreria.com\\\/index.php\\\/shop\\\/\"},{\"@type\":\"ListItem\",\"position\":3,\"name\":\"Traici\u00f3n \u2013 C\u00f3mo sobrevivir la infidelidad de tu pareja\"}]},{\"@type\":\"WebSite\",\"@id\":\"https:\\\/\\\/tzionlibreria.com\\\/#website\",\"url\":\"https:\\\/\\\/tzionlibreria.com\\\/\",\"name\":\"tzionlibreria.com\",\"description\":\"Libreria Cristiana Venezuela\",\"publisher\":{\"@id\":\"https:\\\/\\\/tzionlibreria.com\\\/#organization\"},\"potentialAction\":[{\"@type\":\"SearchAction\",\"target\":{\"@type\":\"EntryPoint\",\"urlTemplate\":\"https:\\\/\\\/tzionlibreria.com\\\/?s={search_term_string}\"},\"query-input\":{\"@type\":\"PropertyValueSpecification\",\"valueRequired\":true,\"valueName\":\"search_term_string\"}}],\"inLanguage\":\"es-CO\"},{\"@type\":\"Organization\",\"@id\":\"https:\\\/\\\/tzionlibreria.com\\\/#organization\",\"name\":\"tzionlibreria.com\",\"url\":\"https:\\\/\\\/tzionlibreria.com\\\/\",\"logo\":{\"@type\":\"ImageObject\",\"inLanguage\":\"es-CO\",\"@id\":\"https:\\\/\\\/tzionlibreria.com\\\/#\\\/schema\\\/logo\\\/image\\\/\",\"url\":\"https:\\\/\\\/tzionlibreria.com\\\/wp-content\\\/uploads\\\/2023\\\/10\\\/cropped-Cuadricula-scaled-1.jpg\",\"contentUrl\":\"https:\\\/\\\/tzionlibreria.com\\\/wp-content\\\/uploads\\\/2023\\\/10\\\/cropped-Cuadricula-scaled-1.jpg\",\"width\":2560,\"height\":2560,\"caption\":\"tzionlibreria.com\"},\"image\":{\"@id\":\"https:\\\/\\\/tzionlibreria.com\\\/#\\\/schema\\\/logo\\\/image\\\/\"}}]}<\/script>\n<!-- \/ Yoast SEO plugin. -->","yoast_head_json":{"title":"Traici\u00f3n \u2013 C\u00f3mo sobrevivir la infidelidad de tu pareja - tzionlibreria.com","robots":{"index":"index","follow":"follow","max-snippet":"max-snippet:-1","max-image-preview":"max-image-preview:large","max-video-preview":"max-video-preview:-1"},"canonical":"https:\/\/tzionlibreria.com\/index.php\/product\/traicion-como-sobrevivir-la-infidelidad-de-tu-pareja\/","og_locale":"es_ES","og_type":"article","og_title":"Traici\u00f3n \u2013 C\u00f3mo sobrevivir la infidelidad de tu pareja - tzionlibreria.com","og_description":"La infidelidad no tiene por qu\u00e9 ser el final de tu historia. Cuando ocurre una traici\u00f3n, las consecuencias se sienten como una onda expansiva: afecta el coraz\u00f3n, el matrimonio, la familia y la fe. Traici\u00f3n ofrece una gu\u00eda pr\u00e1ctica y b\u00edblica para enfrentar y sanar las heridas provocadas por la infidelidad. Escrito por Kari Clewett, [&hellip;]","og_url":"https:\/\/tzionlibreria.com\/index.php\/product\/traicion-como-sobrevivir-la-infidelidad-de-tu-pareja\/","og_site_name":"tzionlibreria.com","article_modified_time":"2025-11-17T16:23:50+00:00","og_image":[{"width":1200,"height":1200,"url":"http:\/\/tzionlibreria.com\/wp-content\/uploads\/2025\/11\/9780829773811.jpg","type":"image\/jpeg"}],"twitter_card":"summary_large_image","twitter_misc":{"Tiempo de lectura":"3 minutos"},"schema":{"@context":"https:\/\/schema.org","@graph":[{"@type":"WebPage","@id":"https:\/\/tzionlibreria.com\/index.php\/product\/traicion-como-sobrevivir-la-infidelidad-de-tu-pareja\/","url":"https:\/\/tzionlibreria.com\/index.php\/product\/traicion-como-sobrevivir-la-infidelidad-de-tu-pareja\/","name":"Traici\u00f3n \u2013 C\u00f3mo sobrevivir la infidelidad de tu pareja - tzionlibreria.com","isPartOf":{"@id":"https:\/\/tzionlibreria.com\/#website"},"primaryImageOfPage":{"@id":"https:\/\/tzionlibreria.com\/index.php\/product\/traicion-como-sobrevivir-la-infidelidad-de-tu-pareja\/#primaryimage"},"image":{"@id":"https:\/\/tzionlibreria.com\/index.php\/product\/traicion-como-sobrevivir-la-infidelidad-de-tu-pareja\/#primaryimage"},"thumbnailUrl":"https:\/\/tzionlibreria.com\/wp-content\/uploads\/2025\/11\/9780829773811.jpg","datePublished":"2025-11-17T16:23:49+00:00","dateModified":"2025-11-17T16:23:50+00:00","breadcrumb":{"@id":"https:\/\/tzionlibreria.com\/index.php\/product\/traicion-como-sobrevivir-la-infidelidad-de-tu-pareja\/#breadcrumb"},"inLanguage":"es-CO","potentialAction":[{"@type":"ReadAction","target":["https:\/\/tzionlibreria.com\/index.php\/product\/traicion-como-sobrevivir-la-infidelidad-de-tu-pareja\/"]}]},{"@type":"ImageObject","inLanguage":"es-CO","@id":"https:\/\/tzionlibreria.com\/index.php\/product\/traicion-como-sobrevivir-la-infidelidad-de-tu-pareja\/#primaryimage","url":"https:\/\/tzionlibreria.com\/wp-content\/uploads\/2025\/11\/9780829773811.jpg","contentUrl":"https:\/\/tzionlibreria.com\/wp-content\/uploads\/2025\/11\/9780829773811.jpg","width":1200,"height":1200},{"@type":"BreadcrumbList","@id":"https:\/\/tzionlibreria.com\/index.php\/product\/traicion-como-sobrevivir-la-infidelidad-de-tu-pareja\/#breadcrumb","itemListElement":[{"@type":"ListItem","position":1,"name":"Inicio","item":"https:\/\/tzionlibreria.com\/"},{"@type":"ListItem","position":2,"name":"Shop","item":"https:\/\/tzionlibreria.com\/index.php\/shop\/"},{"@type":"ListItem","position":3,"name":"Traici\u00f3n \u2013 C\u00f3mo sobrevivir la infidelidad de tu pareja"}]},{"@type":"WebSite","@id":"https:\/\/tzionlibreria.com\/#website","url":"https:\/\/tzionlibreria.com\/","name":"tzionlibreria.com","description":"Libreria Cristiana Venezuela","publisher":{"@id":"https:\/\/tzionlibreria.com\/#organization"},"potentialAction":[{"@type":"SearchAction","target":{"@type":"EntryPoint","urlTemplate":"https:\/\/tzionlibreria.com\/?s={search_term_string}"},"query-input":{"@type":"PropertyValueSpecification","valueRequired":true,"valueName":"search_term_string"}}],"inLanguage":"es-CO"},{"@type":"Organization","@id":"https:\/\/tzionlibreria.com\/#organization","name":"tzionlibreria.com","url":"https:\/\/tzionlibreria.com\/","logo":{"@type":"ImageObject","inLanguage":"es-CO","@id":"https:\/\/tzionlibreria.com\/#\/schema\/logo\/image\/","url":"https:\/\/tzionlibreria.com\/wp-content\/uploads\/2023\/10\/cropped-Cuadricula-scaled-1.jpg","contentUrl":"https:\/\/tzionlibreria.com\/wp-content\/uploads\/2023\/10\/cropped-Cuadricula-scaled-1.jpg","width":2560,"height":2560,"caption":"tzionlibreria.com"},"image":{"@id":"https:\/\/tzionlibreria.com\/#\/schema\/logo\/image\/"}}]}},"jetpack_sharing_enabled":true,"_links":{"self":[{"href":"https:\/\/tzionlibreria.com\/index.php\/wp-json\/wp\/v2\/product\/6243","targetHints":{"allow":["GET"]}}],"collection":[{"href":"https:\/\/tzionlibreria.com\/index.php\/wp-json\/wp\/v2\/product"}],"about":[{"href":"https:\/\/tzionlibreria.com\/index.php\/wp-json\/wp\/v2\/types\/product"}],"replies":[{"embeddable":true,"href":"https:\/\/tzionlibreria.com\/index.php\/wp-json\/wp\/v2\/comments?post=6243"}],"wp:featuredmedia":[{"embeddable":true,"href":"https:\/\/tzionlibreria.com\/index.php\/wp-json\/wp\/v2\/media\/6244"}],"wp:attachment":[{"href":"https:\/\/tzionlibreria.com\/index.php\/wp-json\/wp\/v2\/media?parent=6243"}],"wp:term":[{"taxonomy":"product_brand","embeddable":true,"href":"https:\/\/tzionlibreria.com\/index.php\/wp-json\/wp\/v2\/product_brand?post=6243"},{"taxonomy":"product_cat","embeddable":true,"href":"https:\/\/tzionlibreria.com\/index.php\/wp-json\/wp\/v2\/product_cat?post=6243"},{"taxonomy":"product_tag","embeddable":true,"href":"https:\/\/tzionlibreria.com\/index.php\/wp-json\/wp\/v2\/product_tag?post=6243"}],"curies":[{"name":"wp","href":"https:\/\/api.w.org\/{rel}","templated":true}]}}