{"id":6250,"date":"2025-11-17T16:28:55","date_gmt":"2025-11-17T16:28:55","guid":{"rendered":"https:\/\/tzionlibreria.com\/?post_type=product&#038;p=6250"},"modified":"2025-11-17T16:28:56","modified_gmt":"2025-11-17T16:28:56","slug":"ama-a-tu-esposa-como-cristo-a-la-iglesia-joe-owen","status":"publish","type":"product","link":"https:\/\/tzionlibreria.com\/index.php\/product\/ama-a-tu-esposa-como-cristo-a-la-iglesia-joe-owen\/","title":{"rendered":"Ama a tu esposa como Cristo a la iglesia \u2013 Joe Owen"},"content":{"rendered":"<div id=\"tab-description\" class=\"woocommerce-Tabs-panel woocommerce-Tabs-panel--description panel entry-content wc-tab\" role=\"tabpanel\" aria-labelledby=\"tab-title-description\">\n<p>Esta es una obra valiente escrita para hombres y profundamente necesaria para revisar el coraz\u00f3n de los esposos. Aborda uno de los temas m\u00e1s silenciados dentro del matrimonio cristiano: el impacto destructivo del enojo y el orgullo persistente en el coraz\u00f3n masculino. Con un enfoque pastoral, b\u00edblico y pr\u00e1ctico, este libro acompa\u00f1a tanto a esposos como a esposas en el proceso de reconocer su pecado, y las heridas ocasionadas por \u00e9l, sanar las emociones y reconstruir el amor bajo el modelo de Cristo.<\/p>\n<p>El autor ofrece una mirada esperanzadora sobre la restauraci\u00f3n del matrimonio, sin justificar la violencia ni minimizar el sufrimiento, y presenta de manera honesta lo que sucede en el coraz\u00f3n de un esposo cuando da el paso del matrimonio, pero no ha resuelto algunos asuntos de su car\u00e1cter antes de hacerlo. A trav\u00e9s de situaciones reales, principios b\u00edblicos y consejos sabios, este libro se convierte en una herramienta \u00fatil para hombres y matrimonios en crisis, consejeros pastorales, l\u00edderes de grupos y toda persona comprometida con la sanidad y el prop\u00f3sito divino del v\u00ednculo conyugal.<\/p>\n<p>Est\u00e1 dirigido a hombres cristianos (casados o solteros) que necesitan confrontar su pecado, dejar la autojustificaci\u00f3n y abrazar el arrepentimiento b\u00edblico para amar a sus esposas como Cristo am\u00f3 a la Iglesia.<\/p>\n<p>Es una exhortaci\u00f3n b\u00edblica a los esposos cristianos para que: Reconozcan el orgullo y la ira oculta o normalizada en sus vidas; comprendan el da\u00f1o que esto causa a sus esposas e hijos; se arrepientan y busquen ayuda en Cristo; a trav\u00e9s de Cristo puedan ser esposos y l\u00edderes espirituales aut\u00e9nticos; enfrenten sus debilidades con humildad, perseveren en la gracia de Dios y reflejen a Cristo en cada \u00e1rea de su vida y matrimonio.<\/p>\n<ul>\n<li aria-level=\"1\"><strong>Un llamado poderoso<\/strong>: Descubre el est\u00e1ndar divino del amor conyugal: un amor sacrificado, paciente y redentor, como el de Cristo por su iglesia (Efesios 5:25).<\/li>\n<li aria-level=\"1\"><strong>M\u00e1s que emociones<\/strong>: Aprende a amar con compromiso diario, no solo con sentimientos, sino con acciones que reflejan la gracia de Dios.<\/li>\n<li aria-level=\"1\"><strong>Liderazgo con humildad<\/strong>: Este libro ense\u00f1a al esposo a liderar en el hogar con compasi\u00f3n, no con control, reflejando el coraz\u00f3n de Jes\u00fas.<\/li>\n<li aria-level=\"1\"><strong>Para matrimonios en cualquier etapa<\/strong>: Ya sea que est\u00e9s comenzando, necesites renovar tu relaci\u00f3n o enfrentar un momento dif\u00edcil, encontrar\u00e1s gu\u00eda y esperanza.<\/li>\n<li aria-level=\"1\"><strong>Aplicaciones pr\u00e1cticas<\/strong>: Incluye ejercicios, preguntas de reflexi\u00f3n y principios que pueden transformar tu relaci\u00f3n desde adentro hacia afuera.<\/li>\n<\/ul>\n<p><strong>Centrado en el evangelio<\/strong>: No se trata solo de \u201cmejorar el matrimonio\u201d, sino de reflejar el evangelio en la vida diaria de pareja.<\/p>\n<p>&nbsp;<\/p>\n<p><strong>ISBN<\/strong>: 9789585163423<\/p>\n<p><strong>Editorial<\/strong>:\u00a0Editorial CLC<\/p>\n<p><strong>Cubierta<\/strong>: R\u00fastica<\/p>\n<p><strong>N\u00famero de p\u00e1ginas<\/strong>: 260<\/p>\n<p><strong>Fecha de lanzamiento<\/strong>: 05.08.2025<\/p>\n<p><strong>Idioma<\/strong>: Espa\u00f1ol<\/p>\n<\/div>\n","protected":false},"excerpt":{"rendered":"<p>Esta es una obra valiente escrita para hombres y profundamente necesaria para revisar el coraz\u00f3n de los esposos. Aborda uno de los temas m\u00e1s silenciados dentro del matrimonio cristiano: el impacto destructivo del enojo y el orgullo persistente en el coraz\u00f3n masculino. Con un enfoque pastoral, b\u00edblico y pr\u00e1ctico, este libro acompa\u00f1a tanto a esposos [&hellip;]<\/p>\n","protected":false},"featured_media":6251,"comment_status":"open","ping_status":"closed","template":"","meta":{"om_disable_all_campaigns":false,"_monsterinsights_skip_tracking":false,"_monsterinsights_sitenote_active":false,"_monsterinsights_sitenote_note":"","_monsterinsights_sitenote_category":0,"site-sidebar-layout":"default","site-content-layout":"","ast-site-content-layout":"default","site-content-style":"default","site-sidebar-style":"default","ast-global-header-display":"","ast-banner-title-visibility":"","ast-main-header-display":"","ast-hfb-above-header-display":"","ast-hfb-below-header-display":"","ast-hfb-mobile-header-display":"","site-post-title":"","ast-breadcrumbs-content":"","ast-featured-img":"","footer-sml-layout":"","ast-disable-related-posts":"","theme-transparent-header-meta":"default","adv-header-id-meta":"","stick-header-meta":"","header-above-stick-meta":"","header-main-stick-meta":"","header-below-stick-meta":"","astra-migrate-meta-layouts":"set","ast-page-background-enabled":"default","ast-page-background-meta":{"desktop":{"background-color":"var(--ast-global-color-4)","background-image":"","background-repeat":"repeat","background-position":"center center","background-size":"auto","background-attachment":"scroll","background-type":"","background-media":"","overlay-type":"","overlay-color":"","overlay-opacity":"","overlay-gradient":""},"tablet":{"background-color":"","background-image":"","background-repeat":"repeat","background-position":"center center","background-size":"auto","background-attachment":"scroll","background-type":"","background-media":"","overlay-type":"","overlay-color":"","overlay-opacity":"","overlay-gradient":""},"mobile":{"background-color":"","background-image":"","background-repeat":"repeat","background-position":"center center","background-size":"auto","background-attachment":"scroll","background-type":"","background-media":"","overlay-type":"","overlay-color":"","overlay-opacity":"","overlay-gradient":""}},"ast-content-background-meta":{"desktop":{"background-color":"var(--ast-global-color-5)","background-image":"","background-repeat":"repeat","background-position":"center center","background-size":"auto","background-attachment":"scroll","background-type":"","background-media":"","overlay-type":"","overlay-color":"","overlay-opacity":"","overlay-gradient":""},"tablet":{"background-color":"var(--ast-global-color-5)","background-image":"","background-repeat":"repeat","background-position":"center center","background-size":"auto","background-attachment":"scroll","background-type":"","background-media":"","overlay-type":"","overlay-color":"","overlay-opacity":"","overlay-gradient":""},"mobile":{"background-color":"var(--ast-global-color-5)","background-image":"","background-repeat":"repeat","background-position":"center center","background-size":"auto","background-attachment":"scroll","background-type":"","background-media":"","overlay-type":"","overlay-color":"","overlay-opacity":"","overlay-gradient":""}}},"product_brand":[],"product_cat":[174,23],"product_tag":[],"class_list":{"0":"post-6250","1":"product","2":"type-product","3":"status-publish","4":"has-post-thumbnail","6":"product_cat-iglesia","7":"product_cat-libros","8":"desktop-align-left","9":"tablet-align-left","10":"mobile-align-left","12":"first","13":"instock","14":"shipping-taxable","15":"purchasable","16":"product-type-simple"},"yoast_head":"<!-- This site is optimized with the Yoast SEO plugin v27.4 - https:\/\/yoast.com\/product\/yoast-seo-wordpress\/ -->\n<title>Ama a tu esposa como Cristo a la iglesia \u2013 Joe Owen - tzionlibreria.com<\/title>\n<meta name=\"robots\" content=\"index, follow, max-snippet:-1, max-image-preview:large, max-video-preview:-1\" \/>\n<link rel=\"canonical\" href=\"https:\/\/tzionlibreria.com\/index.php\/product\/ama-a-tu-esposa-como-cristo-a-la-iglesia-joe-owen\/\" \/>\n<meta property=\"og:locale\" content=\"es_ES\" \/>\n<meta property=\"og:type\" content=\"article\" \/>\n<meta property=\"og:title\" content=\"Ama a tu esposa como Cristo a la iglesia \u2013 Joe Owen - tzionlibreria.com\" \/>\n<meta property=\"og:description\" content=\"Esta es una obra valiente escrita para hombres y profundamente necesaria para revisar el coraz\u00f3n de los esposos. Aborda uno de los temas m\u00e1s silenciados dentro del matrimonio cristiano: el impacto destructivo del enojo y el orgullo persistente en el coraz\u00f3n masculino. Con un enfoque pastoral, b\u00edblico y pr\u00e1ctico, este libro acompa\u00f1a tanto a esposos [&hellip;]\" \/>\n<meta property=\"og:url\" content=\"https:\/\/tzionlibreria.com\/index.php\/product\/ama-a-tu-esposa-como-cristo-a-la-iglesia-joe-owen\/\" \/>\n<meta property=\"og:site_name\" content=\"tzionlibreria.com\" \/>\n<meta property=\"article:modified_time\" content=\"2025-11-17T16:28:56+00:00\" \/>\n<meta property=\"og:image\" content=\"http:\/\/tzionlibreria.com\/wp-content\/uploads\/2025\/11\/9789585163423.jpg\" \/>\n\t<meta property=\"og:image:width\" content=\"1200\" \/>\n\t<meta property=\"og:image:height\" content=\"1200\" \/>\n\t<meta property=\"og:image:type\" content=\"image\/jpeg\" \/>\n<meta name=\"twitter:card\" content=\"summary_large_image\" \/>\n<meta name=\"twitter:label1\" content=\"Tiempo de lectura\" \/>\n\t<meta name=\"twitter:data1\" content=\"3 minutos\" \/>\n<script type=\"application\/ld+json\" class=\"yoast-schema-graph\">{\"@context\":\"https:\\\/\\\/schema.org\",\"@graph\":[{\"@type\":\"WebPage\",\"@id\":\"https:\\\/\\\/tzionlibreria.com\\\/index.php\\\/product\\\/ama-a-tu-esposa-como-cristo-a-la-iglesia-joe-owen\\\/\",\"url\":\"https:\\\/\\\/tzionlibreria.com\\\/index.php\\\/product\\\/ama-a-tu-esposa-como-cristo-a-la-iglesia-joe-owen\\\/\",\"name\":\"Ama a tu esposa como Cristo a la iglesia \u2013 Joe Owen - tzionlibreria.com\",\"isPartOf\":{\"@id\":\"https:\\\/\\\/tzionlibreria.com\\\/#website\"},\"primaryImageOfPage\":{\"@id\":\"https:\\\/\\\/tzionlibreria.com\\\/index.php\\\/product\\\/ama-a-tu-esposa-como-cristo-a-la-iglesia-joe-owen\\\/#primaryimage\"},\"image\":{\"@id\":\"https:\\\/\\\/tzionlibreria.com\\\/index.php\\\/product\\\/ama-a-tu-esposa-como-cristo-a-la-iglesia-joe-owen\\\/#primaryimage\"},\"thumbnailUrl\":\"https:\\\/\\\/tzionlibreria.com\\\/wp-content\\\/uploads\\\/2025\\\/11\\\/9789585163423.jpg\",\"datePublished\":\"2025-11-17T16:28:55+00:00\",\"dateModified\":\"2025-11-17T16:28:56+00:00\",\"breadcrumb\":{\"@id\":\"https:\\\/\\\/tzionlibreria.com\\\/index.php\\\/product\\\/ama-a-tu-esposa-como-cristo-a-la-iglesia-joe-owen\\\/#breadcrumb\"},\"inLanguage\":\"es-CO\",\"potentialAction\":[{\"@type\":\"ReadAction\",\"target\":[\"https:\\\/\\\/tzionlibreria.com\\\/index.php\\\/product\\\/ama-a-tu-esposa-como-cristo-a-la-iglesia-joe-owen\\\/\"]}]},{\"@type\":\"ImageObject\",\"inLanguage\":\"es-CO\",\"@id\":\"https:\\\/\\\/tzionlibreria.com\\\/index.php\\\/product\\\/ama-a-tu-esposa-como-cristo-a-la-iglesia-joe-owen\\\/#primaryimage\",\"url\":\"https:\\\/\\\/tzionlibreria.com\\\/wp-content\\\/uploads\\\/2025\\\/11\\\/9789585163423.jpg\",\"contentUrl\":\"https:\\\/\\\/tzionlibreria.com\\\/wp-content\\\/uploads\\\/2025\\\/11\\\/9789585163423.jpg\",\"width\":1200,\"height\":1200},{\"@type\":\"BreadcrumbList\",\"@id\":\"https:\\\/\\\/tzionlibreria.com\\\/index.php\\\/product\\\/ama-a-tu-esposa-como-cristo-a-la-iglesia-joe-owen\\\/#breadcrumb\",\"itemListElement\":[{\"@type\":\"ListItem\",\"position\":1,\"name\":\"Inicio\",\"item\":\"https:\\\/\\\/tzionlibreria.com\\\/\"},{\"@type\":\"ListItem\",\"position\":2,\"name\":\"Shop\",\"item\":\"https:\\\/\\\/tzionlibreria.com\\\/index.php\\\/shop\\\/\"},{\"@type\":\"ListItem\",\"position\":3,\"name\":\"Ama a tu esposa como Cristo a la iglesia \u2013 Joe Owen\"}]},{\"@type\":\"WebSite\",\"@id\":\"https:\\\/\\\/tzionlibreria.com\\\/#website\",\"url\":\"https:\\\/\\\/tzionlibreria.com\\\/\",\"name\":\"tzionlibreria.com\",\"description\":\"Libreria Cristiana Venezuela\",\"publisher\":{\"@id\":\"https:\\\/\\\/tzionlibreria.com\\\/#organization\"},\"potentialAction\":[{\"@type\":\"SearchAction\",\"target\":{\"@type\":\"EntryPoint\",\"urlTemplate\":\"https:\\\/\\\/tzionlibreria.com\\\/?s={search_term_string}\"},\"query-input\":{\"@type\":\"PropertyValueSpecification\",\"valueRequired\":true,\"valueName\":\"search_term_string\"}}],\"inLanguage\":\"es-CO\"},{\"@type\":\"Organization\",\"@id\":\"https:\\\/\\\/tzionlibreria.com\\\/#organization\",\"name\":\"tzionlibreria.com\",\"url\":\"https:\\\/\\\/tzionlibreria.com\\\/\",\"logo\":{\"@type\":\"ImageObject\",\"inLanguage\":\"es-CO\",\"@id\":\"https:\\\/\\\/tzionlibreria.com\\\/#\\\/schema\\\/logo\\\/image\\\/\",\"url\":\"https:\\\/\\\/tzionlibreria.com\\\/wp-content\\\/uploads\\\/2023\\\/10\\\/cropped-Cuadricula-scaled-1.jpg\",\"contentUrl\":\"https:\\\/\\\/tzionlibreria.com\\\/wp-content\\\/uploads\\\/2023\\\/10\\\/cropped-Cuadricula-scaled-1.jpg\",\"width\":2560,\"height\":2560,\"caption\":\"tzionlibreria.com\"},\"image\":{\"@id\":\"https:\\\/\\\/tzionlibreria.com\\\/#\\\/schema\\\/logo\\\/image\\\/\"}}]}<\/script>\n<!-- \/ Yoast SEO plugin. -->","yoast_head_json":{"title":"Ama a tu esposa como Cristo a la iglesia \u2013 Joe Owen - tzionlibreria.com","robots":{"index":"index","follow":"follow","max-snippet":"max-snippet:-1","max-image-preview":"max-image-preview:large","max-video-preview":"max-video-preview:-1"},"canonical":"https:\/\/tzionlibreria.com\/index.php\/product\/ama-a-tu-esposa-como-cristo-a-la-iglesia-joe-owen\/","og_locale":"es_ES","og_type":"article","og_title":"Ama a tu esposa como Cristo a la iglesia \u2013 Joe Owen - tzionlibreria.com","og_description":"Esta es una obra valiente escrita para hombres y profundamente necesaria para revisar el coraz\u00f3n de los esposos. Aborda uno de los temas m\u00e1s silenciados dentro del matrimonio cristiano: el impacto destructivo del enojo y el orgullo persistente en el coraz\u00f3n masculino. Con un enfoque pastoral, b\u00edblico y pr\u00e1ctico, este libro acompa\u00f1a tanto a esposos [&hellip;]","og_url":"https:\/\/tzionlibreria.com\/index.php\/product\/ama-a-tu-esposa-como-cristo-a-la-iglesia-joe-owen\/","og_site_name":"tzionlibreria.com","article_modified_time":"2025-11-17T16:28:56+00:00","og_image":[{"width":1200,"height":1200,"url":"http:\/\/tzionlibreria.com\/wp-content\/uploads\/2025\/11\/9789585163423.jpg","type":"image\/jpeg"}],"twitter_card":"summary_large_image","twitter_misc":{"Tiempo de lectura":"3 minutos"},"schema":{"@context":"https:\/\/schema.org","@graph":[{"@type":"WebPage","@id":"https:\/\/tzionlibreria.com\/index.php\/product\/ama-a-tu-esposa-como-cristo-a-la-iglesia-joe-owen\/","url":"https:\/\/tzionlibreria.com\/index.php\/product\/ama-a-tu-esposa-como-cristo-a-la-iglesia-joe-owen\/","name":"Ama a tu esposa como Cristo a la iglesia \u2013 Joe Owen - tzionlibreria.com","isPartOf":{"@id":"https:\/\/tzionlibreria.com\/#website"},"primaryImageOfPage":{"@id":"https:\/\/tzionlibreria.com\/index.php\/product\/ama-a-tu-esposa-como-cristo-a-la-iglesia-joe-owen\/#primaryimage"},"image":{"@id":"https:\/\/tzionlibreria.com\/index.php\/product\/ama-a-tu-esposa-como-cristo-a-la-iglesia-joe-owen\/#primaryimage"},"thumbnailUrl":"https:\/\/tzionlibreria.com\/wp-content\/uploads\/2025\/11\/9789585163423.jpg","datePublished":"2025-11-17T16:28:55+00:00","dateModified":"2025-11-17T16:28:56+00:00","breadcrumb":{"@id":"https:\/\/tzionlibreria.com\/index.php\/product\/ama-a-tu-esposa-como-cristo-a-la-iglesia-joe-owen\/#breadcrumb"},"inLanguage":"es-CO","potentialAction":[{"@type":"ReadAction","target":["https:\/\/tzionlibreria.com\/index.php\/product\/ama-a-tu-esposa-como-cristo-a-la-iglesia-joe-owen\/"]}]},{"@type":"ImageObject","inLanguage":"es-CO","@id":"https:\/\/tzionlibreria.com\/index.php\/product\/ama-a-tu-esposa-como-cristo-a-la-iglesia-joe-owen\/#primaryimage","url":"https:\/\/tzionlibreria.com\/wp-content\/uploads\/2025\/11\/9789585163423.jpg","contentUrl":"https:\/\/tzionlibreria.com\/wp-content\/uploads\/2025\/11\/9789585163423.jpg","width":1200,"height":1200},{"@type":"BreadcrumbList","@id":"https:\/\/tzionlibreria.com\/index.php\/product\/ama-a-tu-esposa-como-cristo-a-la-iglesia-joe-owen\/#breadcrumb","itemListElement":[{"@type":"ListItem","position":1,"name":"Inicio","item":"https:\/\/tzionlibreria.com\/"},{"@type":"ListItem","position":2,"name":"Shop","item":"https:\/\/tzionlibreria.com\/index.php\/shop\/"},{"@type":"ListItem","position":3,"name":"Ama a tu esposa como Cristo a la iglesia \u2013 Joe Owen"}]},{"@type":"WebSite","@id":"https:\/\/tzionlibreria.com\/#website","url":"https:\/\/tzionlibreria.com\/","name":"tzionlibreria.com","description":"Libreria Cristiana Venezuela","publisher":{"@id":"https:\/\/tzionlibreria.com\/#organization"},"potentialAction":[{"@type":"SearchAction","target":{"@type":"EntryPoint","urlTemplate":"https:\/\/tzionlibreria.com\/?s={search_term_string}"},"query-input":{"@type":"PropertyValueSpecification","valueRequired":true,"valueName":"search_term_string"}}],"inLanguage":"es-CO"},{"@type":"Organization","@id":"https:\/\/tzionlibreria.com\/#organization","name":"tzionlibreria.com","url":"https:\/\/tzionlibreria.com\/","logo":{"@type":"ImageObject","inLanguage":"es-CO","@id":"https:\/\/tzionlibreria.com\/#\/schema\/logo\/image\/","url":"https:\/\/tzionlibreria.com\/wp-content\/uploads\/2023\/10\/cropped-Cuadricula-scaled-1.jpg","contentUrl":"https:\/\/tzionlibreria.com\/wp-content\/uploads\/2023\/10\/cropped-Cuadricula-scaled-1.jpg","width":2560,"height":2560,"caption":"tzionlibreria.com"},"image":{"@id":"https:\/\/tzionlibreria.com\/#\/schema\/logo\/image\/"}}]}},"jetpack_sharing_enabled":true,"_links":{"self":[{"href":"https:\/\/tzionlibreria.com\/index.php\/wp-json\/wp\/v2\/product\/6250","targetHints":{"allow":["GET"]}}],"collection":[{"href":"https:\/\/tzionlibreria.com\/index.php\/wp-json\/wp\/v2\/product"}],"about":[{"href":"https:\/\/tzionlibreria.com\/index.php\/wp-json\/wp\/v2\/types\/product"}],"replies":[{"embeddable":true,"href":"https:\/\/tzionlibreria.com\/index.php\/wp-json\/wp\/v2\/comments?post=6250"}],"wp:featuredmedia":[{"embeddable":true,"href":"https:\/\/tzionlibreria.com\/index.php\/wp-json\/wp\/v2\/media\/6251"}],"wp:attachment":[{"href":"https:\/\/tzionlibreria.com\/index.php\/wp-json\/wp\/v2\/media?parent=6250"}],"wp:term":[{"taxonomy":"product_brand","embeddable":true,"href":"https:\/\/tzionlibreria.com\/index.php\/wp-json\/wp\/v2\/product_brand?post=6250"},{"taxonomy":"product_cat","embeddable":true,"href":"https:\/\/tzionlibreria.com\/index.php\/wp-json\/wp\/v2\/product_cat?post=6250"},{"taxonomy":"product_tag","embeddable":true,"href":"https:\/\/tzionlibreria.com\/index.php\/wp-json\/wp\/v2\/product_tag?post=6250"}],"curies":[{"name":"wp","href":"https:\/\/api.w.org\/{rel}","templated":true}]}}