{"id":6254,"date":"2025-11-17T16:37:07","date_gmt":"2025-11-17T16:37:07","guid":{"rendered":"https:\/\/tzionlibreria.com\/?post_type=product&#038;p=6254"},"modified":"2025-11-17T16:37:07","modified_gmt":"2025-11-17T16:37:07","slug":"la-gloria-postrera-de-dios-revelada-guillermo-maldonado","status":"publish","type":"product","link":"https:\/\/tzionlibreria.com\/index.php\/product\/la-gloria-postrera-de-dios-revelada-guillermo-maldonado\/","title":{"rendered":"La Gloria Postrera de Dios Revelada \u2013 Guillermo Maldonado"},"content":{"rendered":"<div id=\"tab-description\" class=\"woocommerce-Tabs-panel woocommerce-Tabs-panel--description panel entry-content wc-tab\" role=\"tabpanel\" aria-labelledby=\"tab-title-description\">\n<p data-start=\"142\" data-end=\"209\"><img decoding=\"async\" class=\"emoji\" role=\"img\" draggable=\"false\" src=\"https:\/\/s.w.org\/images\/core\/emoji\/16.0.1\/svg\/1f4d6.svg\" alt=\"\ud83d\udcd6\" \/><img decoding=\"async\" class=\"emoji\" role=\"img\" draggable=\"false\" src=\"https:\/\/s.w.org\/images\/core\/emoji\/16.0.1\/svg\/2728.svg\" alt=\"\u2728\" \/> <strong data-start=\"146\" data-end=\"203\">Portadores de la Gloria de Dios \u2013 Guillermo Maldonado<\/strong> <img decoding=\"async\" class=\"emoji\" role=\"img\" draggable=\"false\" src=\"https:\/\/s.w.org\/images\/core\/emoji\/16.0.1\/svg\/2728.svg\" alt=\"\u2728\" \/><img decoding=\"async\" class=\"emoji\" role=\"img\" draggable=\"false\" src=\"https:\/\/s.w.org\/images\/core\/emoji\/16.0.1\/svg\/1f4d6.svg\" alt=\"\ud83d\udcd6\" \/><\/p>\n<p data-start=\"211\" data-end=\"500\">En medio de un mundo consumido por el caos y de los tiempos finales que se acercan, la humanidad busca soluciones que fracasan una y otra vez. Pero Dios ha preparado un <strong data-start=\"380\" data-end=\"433\">remanente llamado a vivir impregnado de Su gloria<\/strong>, caminando bajo la nube de Su presencia en cada \u00e1rea de la vida.<\/p>\n<p data-start=\"502\" data-end=\"755\">El ap\u00f3stol y autor de bestsellers <strong data-start=\"536\" data-end=\"559\">Guillermo Maldonado<\/strong> comparte en este libro el plan de Dios para los \u00faltimos tiempos: activar la atm\u00f3sfera celestial, tener encuentros reales con la gloria de Dios y ser portadores visibles y tangibles de Su poder.<\/p>\n<p data-start=\"757\" data-end=\"799\"><img decoding=\"async\" class=\"emoji\" role=\"img\" draggable=\"false\" src=\"https:\/\/s.w.org\/images\/core\/emoji\/16.0.1\/svg\/1f449.svg\" alt=\"\ud83d\udc49\" \/> <strong data-start=\"760\" data-end=\"797\">Lo que aprender\u00e1s en sus p\u00e1ginas:<\/strong><\/p>\n<ul data-start=\"800\" data-end=\"1206\">\n<li data-start=\"800\" data-end=\"878\">\n<p data-start=\"802\" data-end=\"878\">C\u00f3mo vivir victoriosamente en tiempos turbulentos, bajo la nube de gloria.<\/p>\n<\/li>\n<li data-start=\"879\" data-end=\"970\">\n<p data-start=\"881\" data-end=\"970\">Experimentar dimensiones sobrenaturales donde los milagros ocurren sin esfuerzo humano.<\/p>\n<\/li>\n<li data-start=\"971\" data-end=\"1071\">\n<p data-start=\"973\" data-end=\"1071\">Ser portador de la gloria de Dios en tu vida diaria e influir en tu entorno con poder celestial.<\/p>\n<\/li>\n<li data-start=\"1072\" data-end=\"1206\">\n<p data-start=\"1074\" data-end=\"1206\">Caminar en una presencia tan real que incluso los no creyentes reconozcan a Dios y pregunten: <em data-start=\"1168\" data-end=\"1203\">\u201c\u00bfQu\u00e9 debo hacer para ser salvo?\u201d<\/em>.<\/p>\n<\/li>\n<\/ul>\n<p data-start=\"1208\" data-end=\"1242\"><img decoding=\"async\" class=\"emoji\" role=\"img\" draggable=\"false\" src=\"https:\/\/s.w.org\/images\/core\/emoji\/16.0.1\/svg\/1f64c.svg\" alt=\"\ud83d\ude4c\" \/> <strong data-start=\"1211\" data-end=\"1240\">Este libro es para ti si\u2026<\/strong><\/p>\n<ul data-start=\"1243\" data-end=\"1495\">\n<li data-start=\"1243\" data-end=\"1317\">\n<p data-start=\"1245\" data-end=\"1317\">Anhelas experimentar encuentros transformadores con la gloria de Dios.<\/p>\n<\/li>\n<li data-start=\"1318\" data-end=\"1403\">\n<p data-start=\"1320\" data-end=\"1403\">Deseas ser un instrumento visible de Su poder en tu familia, iglesia y comunidad.<\/p>\n<\/li>\n<li data-start=\"1404\" data-end=\"1495\">\n<p data-start=\"1406\" data-end=\"1495\">Buscas preparaci\u00f3n espiritual para los tiempos finales y el cumplimiento de tu llamado.<\/p>\n<\/li>\n<\/ul>\n<p data-start=\"1497\" data-end=\"1671\"><img decoding=\"async\" class=\"emoji\" role=\"img\" draggable=\"false\" src=\"https:\/\/s.w.org\/images\/core\/emoji\/16.0.1\/svg\/2728.svg\" alt=\"\u2728\" \/> <strong data-start=\"1499\" data-end=\"1534\">Portadores de la Gloria de Dios<\/strong> te mostrar\u00e1 c\u00f3mo vivir marcado por la gloria, como Mois\u00e9s en el monte, y ser un canal de poder, milagros y salvaci\u00f3n en tu generaci\u00f3n.<\/p>\n<p data-start=\"1497\" data-end=\"1671\">ISBN 9780768474800 \/ P\u00e1ginas 246\/ Dimensiones 22 x 15 x 1 cm.<\/p>\n<\/div>\n","protected":false},"excerpt":{"rendered":"<p>Portadores de la Gloria de Dios \u2013 Guillermo Maldonado En medio de un mundo consumido por el caos y de los tiempos finales que se acercan, la humanidad busca soluciones que fracasan una y otra vez. Pero Dios ha preparado un remanente llamado a vivir impregnado de Su gloria, caminando bajo la nube de Su [&hellip;]<\/p>\n","protected":false},"featured_media":6255,"comment_status":"open","ping_status":"closed","template":"","meta":{"om_disable_all_campaigns":false,"_monsterinsights_skip_tracking":false,"_monsterinsights_sitenote_active":false,"_monsterinsights_sitenote_note":"","_monsterinsights_sitenote_category":0,"site-sidebar-layout":"default","site-content-layout":"","ast-site-content-layout":"default","site-content-style":"default","site-sidebar-style":"default","ast-global-header-display":"","ast-banner-title-visibility":"","ast-main-header-display":"","ast-hfb-above-header-display":"","ast-hfb-below-header-display":"","ast-hfb-mobile-header-display":"","site-post-title":"","ast-breadcrumbs-content":"","ast-featured-img":"","footer-sml-layout":"","ast-disable-related-posts":"","theme-transparent-header-meta":"default","adv-header-id-meta":"","stick-header-meta":"","header-above-stick-meta":"","header-main-stick-meta":"","header-below-stick-meta":"","astra-migrate-meta-layouts":"set","ast-page-background-enabled":"default","ast-page-background-meta":{"desktop":{"background-color":"var(--ast-global-color-4)","background-image":"","background-repeat":"repeat","background-position":"center center","background-size":"auto","background-attachment":"scroll","background-type":"","background-media":"","overlay-type":"","overlay-color":"","overlay-opacity":"","overlay-gradient":""},"tablet":{"background-color":"","background-image":"","background-repeat":"repeat","background-position":"center center","background-size":"auto","background-attachment":"scroll","background-type":"","background-media":"","overlay-type":"","overlay-color":"","overlay-opacity":"","overlay-gradient":""},"mobile":{"background-color":"","background-image":"","background-repeat":"repeat","background-position":"center center","background-size":"auto","background-attachment":"scroll","background-type":"","background-media":"","overlay-type":"","overlay-color":"","overlay-opacity":"","overlay-gradient":""}},"ast-content-background-meta":{"desktop":{"background-color":"var(--ast-global-color-5)","background-image":"","background-repeat":"repeat","background-position":"center center","background-size":"auto","background-attachment":"scroll","background-type":"","background-media":"","overlay-type":"","overlay-color":"","overlay-opacity":"","overlay-gradient":""},"tablet":{"background-color":"var(--ast-global-color-5)","background-image":"","background-repeat":"repeat","background-position":"center center","background-size":"auto","background-attachment":"scroll","background-type":"","background-media":"","overlay-type":"","overlay-color":"","overlay-opacity":"","overlay-gradient":""},"mobile":{"background-color":"var(--ast-global-color-5)","background-image":"","background-repeat":"repeat","background-position":"center center","background-size":"auto","background-attachment":"scroll","background-type":"","background-media":"","overlay-type":"","overlay-color":"","overlay-opacity":"","overlay-gradient":""}}},"product_brand":[],"product_cat":[165,23,18],"product_tag":[],"class_list":{"0":"post-6254","1":"product","2":"type-product","3":"status-publish","4":"has-post-thumbnail","6":"product_cat-adoracion","7":"product_cat-libros","8":"product_cat-uncategorized","9":"desktop-align-left","10":"tablet-align-left","11":"mobile-align-left","13":"first","14":"instock","15":"shipping-taxable","16":"purchasable","17":"product-type-simple"},"yoast_head":"<!-- This site is optimized with the Yoast SEO plugin v27.3 - https:\/\/yoast.com\/product\/yoast-seo-wordpress\/ -->\n<title>La Gloria Postrera de Dios Revelada \u2013 Guillermo Maldonado - tzionlibreria.com<\/title>\n<meta name=\"robots\" content=\"index, follow, max-snippet:-1, max-image-preview:large, max-video-preview:-1\" \/>\n<link rel=\"canonical\" href=\"https:\/\/tzionlibreria.com\/index.php\/product\/la-gloria-postrera-de-dios-revelada-guillermo-maldonado\/\" \/>\n<meta property=\"og:locale\" content=\"es_ES\" \/>\n<meta property=\"og:type\" content=\"article\" \/>\n<meta property=\"og:title\" content=\"La Gloria Postrera de Dios Revelada \u2013 Guillermo Maldonado - tzionlibreria.com\" \/>\n<meta property=\"og:description\" content=\"Portadores de la Gloria de Dios \u2013 Guillermo Maldonado En medio de un mundo consumido por el caos y de los tiempos finales que se acercan, la humanidad busca soluciones que fracasan una y otra vez. Pero Dios ha preparado un remanente llamado a vivir impregnado de Su gloria, caminando bajo la nube de Su [&hellip;]\" \/>\n<meta property=\"og:url\" content=\"https:\/\/tzionlibreria.com\/index.php\/product\/la-gloria-postrera-de-dios-revelada-guillermo-maldonado\/\" \/>\n<meta property=\"og:site_name\" content=\"tzionlibreria.com\" \/>\n<meta property=\"og:image\" content=\"http:\/\/tzionlibreria.com\/wp-content\/uploads\/2025\/11\/9780768474800.jpg\" \/>\n\t<meta property=\"og:image:width\" content=\"1200\" \/>\n\t<meta property=\"og:image:height\" content=\"1200\" \/>\n\t<meta property=\"og:image:type\" content=\"image\/jpeg\" \/>\n<meta name=\"twitter:card\" content=\"summary_large_image\" \/>\n<meta name=\"twitter:label1\" content=\"Tiempo de lectura\" \/>\n\t<meta name=\"twitter:data1\" content=\"3 minutos\" \/>\n<script type=\"application\/ld+json\" class=\"yoast-schema-graph\">{\"@context\":\"https:\\\/\\\/schema.org\",\"@graph\":[{\"@type\":\"WebPage\",\"@id\":\"https:\\\/\\\/tzionlibreria.com\\\/index.php\\\/product\\\/la-gloria-postrera-de-dios-revelada-guillermo-maldonado\\\/\",\"url\":\"https:\\\/\\\/tzionlibreria.com\\\/index.php\\\/product\\\/la-gloria-postrera-de-dios-revelada-guillermo-maldonado\\\/\",\"name\":\"La Gloria Postrera de Dios Revelada \u2013 Guillermo Maldonado - tzionlibreria.com\",\"isPartOf\":{\"@id\":\"https:\\\/\\\/tzionlibreria.com\\\/#website\"},\"primaryImageOfPage\":{\"@id\":\"https:\\\/\\\/tzionlibreria.com\\\/index.php\\\/product\\\/la-gloria-postrera-de-dios-revelada-guillermo-maldonado\\\/#primaryimage\"},\"image\":{\"@id\":\"https:\\\/\\\/tzionlibreria.com\\\/index.php\\\/product\\\/la-gloria-postrera-de-dios-revelada-guillermo-maldonado\\\/#primaryimage\"},\"thumbnailUrl\":\"https:\\\/\\\/tzionlibreria.com\\\/wp-content\\\/uploads\\\/2025\\\/11\\\/9780768474800.jpg\",\"datePublished\":\"2025-11-17T16:37:07+00:00\",\"breadcrumb\":{\"@id\":\"https:\\\/\\\/tzionlibreria.com\\\/index.php\\\/product\\\/la-gloria-postrera-de-dios-revelada-guillermo-maldonado\\\/#breadcrumb\"},\"inLanguage\":\"es-CO\",\"potentialAction\":[{\"@type\":\"ReadAction\",\"target\":[\"https:\\\/\\\/tzionlibreria.com\\\/index.php\\\/product\\\/la-gloria-postrera-de-dios-revelada-guillermo-maldonado\\\/\"]}]},{\"@type\":\"ImageObject\",\"inLanguage\":\"es-CO\",\"@id\":\"https:\\\/\\\/tzionlibreria.com\\\/index.php\\\/product\\\/la-gloria-postrera-de-dios-revelada-guillermo-maldonado\\\/#primaryimage\",\"url\":\"https:\\\/\\\/tzionlibreria.com\\\/wp-content\\\/uploads\\\/2025\\\/11\\\/9780768474800.jpg\",\"contentUrl\":\"https:\\\/\\\/tzionlibreria.com\\\/wp-content\\\/uploads\\\/2025\\\/11\\\/9780768474800.jpg\",\"width\":1200,\"height\":1200},{\"@type\":\"BreadcrumbList\",\"@id\":\"https:\\\/\\\/tzionlibreria.com\\\/index.php\\\/product\\\/la-gloria-postrera-de-dios-revelada-guillermo-maldonado\\\/#breadcrumb\",\"itemListElement\":[{\"@type\":\"ListItem\",\"position\":1,\"name\":\"Inicio\",\"item\":\"https:\\\/\\\/tzionlibreria.com\\\/\"},{\"@type\":\"ListItem\",\"position\":2,\"name\":\"Shop\",\"item\":\"https:\\\/\\\/tzionlibreria.com\\\/index.php\\\/shop\\\/\"},{\"@type\":\"ListItem\",\"position\":3,\"name\":\"La Gloria Postrera de Dios Revelada \u2013 Guillermo Maldonado\"}]},{\"@type\":\"WebSite\",\"@id\":\"https:\\\/\\\/tzionlibreria.com\\\/#website\",\"url\":\"https:\\\/\\\/tzionlibreria.com\\\/\",\"name\":\"tzionlibreria.com\",\"description\":\"Libreria Cristiana Venezuela\",\"publisher\":{\"@id\":\"https:\\\/\\\/tzionlibreria.com\\\/#organization\"},\"potentialAction\":[{\"@type\":\"SearchAction\",\"target\":{\"@type\":\"EntryPoint\",\"urlTemplate\":\"https:\\\/\\\/tzionlibreria.com\\\/?s={search_term_string}\"},\"query-input\":{\"@type\":\"PropertyValueSpecification\",\"valueRequired\":true,\"valueName\":\"search_term_string\"}}],\"inLanguage\":\"es-CO\"},{\"@type\":\"Organization\",\"@id\":\"https:\\\/\\\/tzionlibreria.com\\\/#organization\",\"name\":\"tzionlibreria.com\",\"url\":\"https:\\\/\\\/tzionlibreria.com\\\/\",\"logo\":{\"@type\":\"ImageObject\",\"inLanguage\":\"es-CO\",\"@id\":\"https:\\\/\\\/tzionlibreria.com\\\/#\\\/schema\\\/logo\\\/image\\\/\",\"url\":\"https:\\\/\\\/tzionlibreria.com\\\/wp-content\\\/uploads\\\/2023\\\/10\\\/cropped-Cuadricula-scaled-1.jpg\",\"contentUrl\":\"https:\\\/\\\/tzionlibreria.com\\\/wp-content\\\/uploads\\\/2023\\\/10\\\/cropped-Cuadricula-scaled-1.jpg\",\"width\":2560,\"height\":2560,\"caption\":\"tzionlibreria.com\"},\"image\":{\"@id\":\"https:\\\/\\\/tzionlibreria.com\\\/#\\\/schema\\\/logo\\\/image\\\/\"}}]}<\/script>\n<!-- \/ Yoast SEO plugin. -->","yoast_head_json":{"title":"La Gloria Postrera de Dios Revelada \u2013 Guillermo Maldonado - tzionlibreria.com","robots":{"index":"index","follow":"follow","max-snippet":"max-snippet:-1","max-image-preview":"max-image-preview:large","max-video-preview":"max-video-preview:-1"},"canonical":"https:\/\/tzionlibreria.com\/index.php\/product\/la-gloria-postrera-de-dios-revelada-guillermo-maldonado\/","og_locale":"es_ES","og_type":"article","og_title":"La Gloria Postrera de Dios Revelada \u2013 Guillermo Maldonado - tzionlibreria.com","og_description":"Portadores de la Gloria de Dios \u2013 Guillermo Maldonado En medio de un mundo consumido por el caos y de los tiempos finales que se acercan, la humanidad busca soluciones que fracasan una y otra vez. Pero Dios ha preparado un remanente llamado a vivir impregnado de Su gloria, caminando bajo la nube de Su [&hellip;]","og_url":"https:\/\/tzionlibreria.com\/index.php\/product\/la-gloria-postrera-de-dios-revelada-guillermo-maldonado\/","og_site_name":"tzionlibreria.com","og_image":[{"width":1200,"height":1200,"url":"http:\/\/tzionlibreria.com\/wp-content\/uploads\/2025\/11\/9780768474800.jpg","type":"image\/jpeg"}],"twitter_card":"summary_large_image","twitter_misc":{"Tiempo de lectura":"3 minutos"},"schema":{"@context":"https:\/\/schema.org","@graph":[{"@type":"WebPage","@id":"https:\/\/tzionlibreria.com\/index.php\/product\/la-gloria-postrera-de-dios-revelada-guillermo-maldonado\/","url":"https:\/\/tzionlibreria.com\/index.php\/product\/la-gloria-postrera-de-dios-revelada-guillermo-maldonado\/","name":"La Gloria Postrera de Dios Revelada \u2013 Guillermo Maldonado - tzionlibreria.com","isPartOf":{"@id":"https:\/\/tzionlibreria.com\/#website"},"primaryImageOfPage":{"@id":"https:\/\/tzionlibreria.com\/index.php\/product\/la-gloria-postrera-de-dios-revelada-guillermo-maldonado\/#primaryimage"},"image":{"@id":"https:\/\/tzionlibreria.com\/index.php\/product\/la-gloria-postrera-de-dios-revelada-guillermo-maldonado\/#primaryimage"},"thumbnailUrl":"https:\/\/tzionlibreria.com\/wp-content\/uploads\/2025\/11\/9780768474800.jpg","datePublished":"2025-11-17T16:37:07+00:00","breadcrumb":{"@id":"https:\/\/tzionlibreria.com\/index.php\/product\/la-gloria-postrera-de-dios-revelada-guillermo-maldonado\/#breadcrumb"},"inLanguage":"es-CO","potentialAction":[{"@type":"ReadAction","target":["https:\/\/tzionlibreria.com\/index.php\/product\/la-gloria-postrera-de-dios-revelada-guillermo-maldonado\/"]}]},{"@type":"ImageObject","inLanguage":"es-CO","@id":"https:\/\/tzionlibreria.com\/index.php\/product\/la-gloria-postrera-de-dios-revelada-guillermo-maldonado\/#primaryimage","url":"https:\/\/tzionlibreria.com\/wp-content\/uploads\/2025\/11\/9780768474800.jpg","contentUrl":"https:\/\/tzionlibreria.com\/wp-content\/uploads\/2025\/11\/9780768474800.jpg","width":1200,"height":1200},{"@type":"BreadcrumbList","@id":"https:\/\/tzionlibreria.com\/index.php\/product\/la-gloria-postrera-de-dios-revelada-guillermo-maldonado\/#breadcrumb","itemListElement":[{"@type":"ListItem","position":1,"name":"Inicio","item":"https:\/\/tzionlibreria.com\/"},{"@type":"ListItem","position":2,"name":"Shop","item":"https:\/\/tzionlibreria.com\/index.php\/shop\/"},{"@type":"ListItem","position":3,"name":"La Gloria Postrera de Dios Revelada \u2013 Guillermo Maldonado"}]},{"@type":"WebSite","@id":"https:\/\/tzionlibreria.com\/#website","url":"https:\/\/tzionlibreria.com\/","name":"tzionlibreria.com","description":"Libreria Cristiana Venezuela","publisher":{"@id":"https:\/\/tzionlibreria.com\/#organization"},"potentialAction":[{"@type":"SearchAction","target":{"@type":"EntryPoint","urlTemplate":"https:\/\/tzionlibreria.com\/?s={search_term_string}"},"query-input":{"@type":"PropertyValueSpecification","valueRequired":true,"valueName":"search_term_string"}}],"inLanguage":"es-CO"},{"@type":"Organization","@id":"https:\/\/tzionlibreria.com\/#organization","name":"tzionlibreria.com","url":"https:\/\/tzionlibreria.com\/","logo":{"@type":"ImageObject","inLanguage":"es-CO","@id":"https:\/\/tzionlibreria.com\/#\/schema\/logo\/image\/","url":"https:\/\/tzionlibreria.com\/wp-content\/uploads\/2023\/10\/cropped-Cuadricula-scaled-1.jpg","contentUrl":"https:\/\/tzionlibreria.com\/wp-content\/uploads\/2023\/10\/cropped-Cuadricula-scaled-1.jpg","width":2560,"height":2560,"caption":"tzionlibreria.com"},"image":{"@id":"https:\/\/tzionlibreria.com\/#\/schema\/logo\/image\/"}}]}},"jetpack_sharing_enabled":true,"_links":{"self":[{"href":"https:\/\/tzionlibreria.com\/index.php\/wp-json\/wp\/v2\/product\/6254","targetHints":{"allow":["GET"]}}],"collection":[{"href":"https:\/\/tzionlibreria.com\/index.php\/wp-json\/wp\/v2\/product"}],"about":[{"href":"https:\/\/tzionlibreria.com\/index.php\/wp-json\/wp\/v2\/types\/product"}],"replies":[{"embeddable":true,"href":"https:\/\/tzionlibreria.com\/index.php\/wp-json\/wp\/v2\/comments?post=6254"}],"wp:featuredmedia":[{"embeddable":true,"href":"https:\/\/tzionlibreria.com\/index.php\/wp-json\/wp\/v2\/media\/6255"}],"wp:attachment":[{"href":"https:\/\/tzionlibreria.com\/index.php\/wp-json\/wp\/v2\/media?parent=6254"}],"wp:term":[{"taxonomy":"product_brand","embeddable":true,"href":"https:\/\/tzionlibreria.com\/index.php\/wp-json\/wp\/v2\/product_brand?post=6254"},{"taxonomy":"product_cat","embeddable":true,"href":"https:\/\/tzionlibreria.com\/index.php\/wp-json\/wp\/v2\/product_cat?post=6254"},{"taxonomy":"product_tag","embeddable":true,"href":"https:\/\/tzionlibreria.com\/index.php\/wp-json\/wp\/v2\/product_tag?post=6254"}],"curies":[{"name":"wp","href":"https:\/\/api.w.org\/{rel}","templated":true}]}}