{"id":6257,"date":"2025-11-17T16:42:42","date_gmt":"2025-11-17T16:42:42","guid":{"rendered":"https:\/\/tzionlibreria.com\/?post_type=product&#038;p=6257"},"modified":"2026-01-30T17:34:06","modified_gmt":"2026-01-30T17:34:06","slug":"restaurando-la-presencia-de-dios-guillermo-maldonado","status":"publish","type":"product","link":"https:\/\/tzionlibreria.com\/index.php\/product\/restaurando-la-presencia-de-dios-guillermo-maldonado\/","title":{"rendered":"Restaurando la Presencia de Dios \u2013 Guillermo Maldonado"},"content":{"rendered":"<div id=\"tab-description\" class=\"woocommerce-Tabs-panel woocommerce-Tabs-panel--description panel entry-content wc-tab\" role=\"tabpanel\" aria-labelledby=\"tab-title-description\">\n<h2 data-start=\"185\" data-end=\"251\"><img decoding=\"async\" class=\"emoji\" role=\"img\" draggable=\"false\" src=\"https:\/\/s.w.org\/images\/core\/emoji\/16.0.1\/svg\/1f525.svg\" alt=\"\ud83d\udd25\" \/> <strong data-start=\"191\" data-end=\"249\">Restaurando la Presencia de Dios \u2013 Guillermo Maldonado<\/strong><\/h2>\n<p data-start=\"252\" data-end=\"312\"><strong data-start=\"252\" data-end=\"312\">Viviendo cada d\u00eda en el poder de su gozo, paz y descanso<\/strong><\/p>\n<p data-start=\"348\" data-end=\"539\">En medio de los tiempos finales y las se\u00f1ales prof\u00e9ticas que se cumplen ante nuestros ojos, Dios est\u00e1 llamando a Su pueblo a regresar al \u00fanico lugar verdaderamente seguro: <strong data-start=\"520\" data-end=\"536\">Su presencia<\/strong>.<\/p>\n<p data-start=\"541\" data-end=\"841\">En este poderoso libro, el ap\u00f3stol <strong data-start=\"576\" data-end=\"599\">Guillermo Maldonado<\/strong> revela c\u00f3mo experimentar la presencia tangible de Dios y permanecer en ella cada d\u00eda.<br data-start=\"685\" data-end=\"688\" \/>A trav\u00e9s del Salmo 91, el autor ense\u00f1a c\u00f3mo la comuni\u00f3n con el Esp\u00edritu Santo trae <strong data-start=\"771\" data-end=\"815\">gozo, paz, descanso y poder sobrenatural<\/strong> a la vida del creyente.<\/p>\n<hr data-start=\"843\" data-end=\"846\" \/>\n<h3 data-start=\"848\" data-end=\"874\"><img decoding=\"async\" class=\"emoji\" role=\"img\" draggable=\"false\" src=\"https:\/\/s.w.org\/images\/core\/emoji\/16.0.1\/svg\/1f33f.svg\" alt=\"\ud83c\udf3f\" \/> <strong data-start=\"855\" data-end=\"872\">Aprender\u00e1s a:<\/strong><\/h3>\n<ul data-start=\"875\" data-end=\"1214\">\n<li data-start=\"875\" data-end=\"949\">\n<p data-start=\"877\" data-end=\"949\">Desarrollar hambre por encuentros personales con la presencia de Dios.<\/p>\n<\/li>\n<li data-start=\"950\" data-end=\"1008\">\n<p data-start=\"952\" data-end=\"1008\">Acceder a Su presencia de manera pr\u00e1ctica y constante.<\/p>\n<\/li>\n<li data-start=\"1009\" data-end=\"1074\">\n<p data-start=\"1011\" data-end=\"1074\">Identificar los peligros espirituales de perder Su presencia.<\/p>\n<\/li>\n<li data-start=\"1075\" data-end=\"1145\">\n<p data-start=\"1077\" data-end=\"1145\">Romper fortalezas mentales y espirituales que te alejan de Su voz.<\/p>\n<\/li>\n<li data-start=\"1146\" data-end=\"1214\">\n<p data-start=\"1148\" data-end=\"1214\">Ser transformado y vivir bajo la cobertura y el descanso divino.<\/p>\n<\/li>\n<\/ul>\n<hr data-start=\"1216\" data-end=\"1219\" \/>\n<p data-start=\"1221\" data-end=\"1375\"><img decoding=\"async\" class=\"emoji\" role=\"img\" draggable=\"false\" src=\"https:\/\/s.w.org\/images\/core\/emoji\/16.0.1\/svg\/2728.svg\" alt=\"\u2728\" \/> <strong data-start=\"1223\" data-end=\"1373\">En un mundo dominado por el miedo, Dios te invita a refugiarte en Su presencia, donde hay plenitud de gozo y paz que sobrepasa todo entendimiento.<\/strong><\/p>\n<p data-start=\"1377\" data-end=\"1531\"><img decoding=\"async\" class=\"emoji\" role=\"img\" draggable=\"false\" src=\"https:\/\/s.w.org\/images\/core\/emoji\/16.0.1\/svg\/1f4d8.svg\" alt=\"\ud83d\udcd8\" \/> <em data-start=\"1380\" data-end=\"1414\">Restaurando la Presencia de Dios<\/em> es una gu\u00eda para renovar tu comuni\u00f3n con el Esp\u00edritu Santo y convertirte en un portador de Su gloria en la tierra.<\/p>\n<h3 data-start=\"1538\" data-end=\"1570\"><\/h3>\n<ul data-start=\"1571\" data-end=\"1850\">\n<li data-start=\"1571\" data-end=\"1605\">\n<p data-start=\"1573\" data-end=\"1605\"><strong data-start=\"1573\" data-end=\"1583\">Autor:<\/strong> Guillermo Maldonado<\/p>\n<\/li>\n<li data-start=\"1606\" data-end=\"1723\">\n<p data-start=\"1608\" data-end=\"1723\"><strong data-start=\"1608\" data-end=\"1628\">T\u00edtulo completo:<\/strong> <em data-start=\"1629\" data-end=\"1721\">Restaurando la Presencia de Dios: Viviendo cada d\u00eda en el poder de su gozo, paz y descanso<\/em><\/p>\n<\/li>\n<li data-start=\"1724\" data-end=\"1790\">\n<p data-start=\"1726\" data-end=\"1790\"><strong data-start=\"1726\" data-end=\"1740\">Categor\u00eda:<\/strong> Vida cristiana \/ Presencia de Dios \/ Devocional<\/p>\n<\/li>\n<li data-start=\"1791\" data-end=\"1826\">\n<p data-start=\"1793\" data-end=\"1826\"><strong data-start=\"1793\" data-end=\"1812\">Encuadernaci\u00f3n:<\/strong> Tapa blanda<\/p>\n<\/li>\n<li data-start=\"1827\" data-end=\"1850\">\n<p data-start=\"1829\" data-end=\"1850\"><strong data-start=\"1829\" data-end=\"1840\">Idioma:<\/strong> Espa\u00f1ol<\/p>\n<\/li>\n<\/ul>\n<\/div>\n","protected":false},"excerpt":{"rendered":"<p>Restaurando la Presencia de Dios \u2013 Guillermo Maldonado Viviendo cada d\u00eda en el poder de su gozo, paz y descanso En medio de los tiempos finales y las se\u00f1ales prof\u00e9ticas que se cumplen ante nuestros ojos, Dios est\u00e1 llamando a Su pueblo a regresar al \u00fanico lugar verdaderamente seguro: Su presencia. En este poderoso libro, [&hellip;]<\/p>\n","protected":false},"featured_media":6258,"comment_status":"open","ping_status":"closed","template":"","meta":{"om_disable_all_campaigns":false,"_monsterinsights_skip_tracking":false,"_monsterinsights_sitenote_active":false,"_monsterinsights_sitenote_note":"","_monsterinsights_sitenote_category":0,"site-sidebar-layout":"default","site-content-layout":"","ast-site-content-layout":"default","site-content-style":"default","site-sidebar-style":"default","ast-global-header-display":"","ast-banner-title-visibility":"","ast-main-header-display":"","ast-hfb-above-header-display":"","ast-hfb-below-header-display":"","ast-hfb-mobile-header-display":"","site-post-title":"","ast-breadcrumbs-content":"","ast-featured-img":"","footer-sml-layout":"","ast-disable-related-posts":"","theme-transparent-header-meta":"default","adv-header-id-meta":"","stick-header-meta":"","header-above-stick-meta":"","header-main-stick-meta":"","header-below-stick-meta":"","astra-migrate-meta-layouts":"set","ast-page-background-enabled":"default","ast-page-background-meta":{"desktop":{"background-color":"var(--ast-global-color-4)","background-image":"","background-repeat":"repeat","background-position":"center center","background-size":"auto","background-attachment":"scroll","background-type":"","background-media":"","overlay-type":"","overlay-color":"","overlay-opacity":"","overlay-gradient":""},"tablet":{"background-color":"","background-image":"","background-repeat":"repeat","background-position":"center center","background-size":"auto","background-attachment":"scroll","background-type":"","background-media":"","overlay-type":"","overlay-color":"","overlay-opacity":"","overlay-gradient":""},"mobile":{"background-color":"","background-image":"","background-repeat":"repeat","background-position":"center center","background-size":"auto","background-attachment":"scroll","background-type":"","background-media":"","overlay-type":"","overlay-color":"","overlay-opacity":"","overlay-gradient":""}},"ast-content-background-meta":{"desktop":{"background-color":"var(--ast-global-color-5)","background-image":"","background-repeat":"repeat","background-position":"center center","background-size":"auto","background-attachment":"scroll","background-type":"","background-media":"","overlay-type":"","overlay-color":"","overlay-opacity":"","overlay-gradient":""},"tablet":{"background-color":"var(--ast-global-color-5)","background-image":"","background-repeat":"repeat","background-position":"center center","background-size":"auto","background-attachment":"scroll","background-type":"","background-media":"","overlay-type":"","overlay-color":"","overlay-opacity":"","overlay-gradient":""},"mobile":{"background-color":"var(--ast-global-color-5)","background-image":"","background-repeat":"repeat","background-position":"center center","background-size":"auto","background-attachment":"scroll","background-type":"","background-media":"","overlay-type":"","overlay-color":"","overlay-opacity":"","overlay-gradient":""}}},"product_brand":[],"product_cat":[174,23,18],"product_tag":[],"class_list":{"0":"post-6257","1":"product","2":"type-product","3":"status-publish","4":"has-post-thumbnail","6":"product_cat-iglesia","7":"product_cat-libros","8":"product_cat-uncategorized","9":"desktop-align-left","10":"tablet-align-left","11":"mobile-align-left","13":"first","14":"instock","15":"shipping-taxable","16":"purchasable","17":"product-type-simple"},"yoast_head":"<!-- This site is optimized with the Yoast SEO plugin v27.3 - https:\/\/yoast.com\/product\/yoast-seo-wordpress\/ -->\n<title>Restaurando la Presencia de Dios \u2013 Guillermo Maldonado - tzionlibreria.com<\/title>\n<meta name=\"robots\" content=\"index, follow, max-snippet:-1, max-image-preview:large, max-video-preview:-1\" \/>\n<link rel=\"canonical\" href=\"https:\/\/tzionlibreria.com\/index.php\/product\/restaurando-la-presencia-de-dios-guillermo-maldonado\/\" \/>\n<meta property=\"og:locale\" content=\"es_ES\" \/>\n<meta property=\"og:type\" content=\"article\" \/>\n<meta property=\"og:title\" content=\"Restaurando la Presencia de Dios \u2013 Guillermo Maldonado - tzionlibreria.com\" \/>\n<meta property=\"og:description\" content=\"Restaurando la Presencia de Dios \u2013 Guillermo Maldonado Viviendo cada d\u00eda en el poder de su gozo, paz y descanso En medio de los tiempos finales y las se\u00f1ales prof\u00e9ticas que se cumplen ante nuestros ojos, Dios est\u00e1 llamando a Su pueblo a regresar al \u00fanico lugar verdaderamente seguro: Su presencia. En este poderoso libro, [&hellip;]\" \/>\n<meta property=\"og:url\" content=\"https:\/\/tzionlibreria.com\/index.php\/product\/restaurando-la-presencia-de-dios-guillermo-maldonado\/\" \/>\n<meta property=\"og:site_name\" content=\"tzionlibreria.com\" \/>\n<meta property=\"article:modified_time\" content=\"2026-01-30T17:34:06+00:00\" \/>\n<meta property=\"og:image\" content=\"http:\/\/tzionlibreria.com\/wp-content\/uploads\/2025\/11\/9780800773373.jpg\" \/>\n\t<meta property=\"og:image:width\" content=\"1200\" \/>\n\t<meta property=\"og:image:height\" content=\"1200\" \/>\n\t<meta property=\"og:image:type\" content=\"image\/jpeg\" \/>\n<meta name=\"twitter:card\" content=\"summary_large_image\" \/>\n<meta name=\"twitter:label1\" content=\"Tiempo de lectura\" \/>\n\t<meta name=\"twitter:data1\" content=\"3 minutos\" \/>\n<script type=\"application\/ld+json\" class=\"yoast-schema-graph\">{\"@context\":\"https:\\\/\\\/schema.org\",\"@graph\":[{\"@type\":\"WebPage\",\"@id\":\"https:\\\/\\\/tzionlibreria.com\\\/index.php\\\/product\\\/restaurando-la-presencia-de-dios-guillermo-maldonado\\\/\",\"url\":\"https:\\\/\\\/tzionlibreria.com\\\/index.php\\\/product\\\/restaurando-la-presencia-de-dios-guillermo-maldonado\\\/\",\"name\":\"Restaurando la Presencia de Dios \u2013 Guillermo Maldonado - tzionlibreria.com\",\"isPartOf\":{\"@id\":\"https:\\\/\\\/tzionlibreria.com\\\/#website\"},\"primaryImageOfPage\":{\"@id\":\"https:\\\/\\\/tzionlibreria.com\\\/index.php\\\/product\\\/restaurando-la-presencia-de-dios-guillermo-maldonado\\\/#primaryimage\"},\"image\":{\"@id\":\"https:\\\/\\\/tzionlibreria.com\\\/index.php\\\/product\\\/restaurando-la-presencia-de-dios-guillermo-maldonado\\\/#primaryimage\"},\"thumbnailUrl\":\"https:\\\/\\\/tzionlibreria.com\\\/wp-content\\\/uploads\\\/2025\\\/11\\\/9780800773373.jpg\",\"datePublished\":\"2025-11-17T16:42:42+00:00\",\"dateModified\":\"2026-01-30T17:34:06+00:00\",\"breadcrumb\":{\"@id\":\"https:\\\/\\\/tzionlibreria.com\\\/index.php\\\/product\\\/restaurando-la-presencia-de-dios-guillermo-maldonado\\\/#breadcrumb\"},\"inLanguage\":\"es-CO\",\"potentialAction\":[{\"@type\":\"ReadAction\",\"target\":[\"https:\\\/\\\/tzionlibreria.com\\\/index.php\\\/product\\\/restaurando-la-presencia-de-dios-guillermo-maldonado\\\/\"]}]},{\"@type\":\"ImageObject\",\"inLanguage\":\"es-CO\",\"@id\":\"https:\\\/\\\/tzionlibreria.com\\\/index.php\\\/product\\\/restaurando-la-presencia-de-dios-guillermo-maldonado\\\/#primaryimage\",\"url\":\"https:\\\/\\\/tzionlibreria.com\\\/wp-content\\\/uploads\\\/2025\\\/11\\\/9780800773373.jpg\",\"contentUrl\":\"https:\\\/\\\/tzionlibreria.com\\\/wp-content\\\/uploads\\\/2025\\\/11\\\/9780800773373.jpg\",\"width\":1200,\"height\":1200},{\"@type\":\"BreadcrumbList\",\"@id\":\"https:\\\/\\\/tzionlibreria.com\\\/index.php\\\/product\\\/restaurando-la-presencia-de-dios-guillermo-maldonado\\\/#breadcrumb\",\"itemListElement\":[{\"@type\":\"ListItem\",\"position\":1,\"name\":\"Inicio\",\"item\":\"https:\\\/\\\/tzionlibreria.com\\\/\"},{\"@type\":\"ListItem\",\"position\":2,\"name\":\"Shop\",\"item\":\"https:\\\/\\\/tzionlibreria.com\\\/index.php\\\/shop\\\/\"},{\"@type\":\"ListItem\",\"position\":3,\"name\":\"Restaurando la Presencia de Dios \u2013 Guillermo Maldonado\"}]},{\"@type\":\"WebSite\",\"@id\":\"https:\\\/\\\/tzionlibreria.com\\\/#website\",\"url\":\"https:\\\/\\\/tzionlibreria.com\\\/\",\"name\":\"tzionlibreria.com\",\"description\":\"Libreria Cristiana Venezuela\",\"publisher\":{\"@id\":\"https:\\\/\\\/tzionlibreria.com\\\/#organization\"},\"potentialAction\":[{\"@type\":\"SearchAction\",\"target\":{\"@type\":\"EntryPoint\",\"urlTemplate\":\"https:\\\/\\\/tzionlibreria.com\\\/?s={search_term_string}\"},\"query-input\":{\"@type\":\"PropertyValueSpecification\",\"valueRequired\":true,\"valueName\":\"search_term_string\"}}],\"inLanguage\":\"es-CO\"},{\"@type\":\"Organization\",\"@id\":\"https:\\\/\\\/tzionlibreria.com\\\/#organization\",\"name\":\"tzionlibreria.com\",\"url\":\"https:\\\/\\\/tzionlibreria.com\\\/\",\"logo\":{\"@type\":\"ImageObject\",\"inLanguage\":\"es-CO\",\"@id\":\"https:\\\/\\\/tzionlibreria.com\\\/#\\\/schema\\\/logo\\\/image\\\/\",\"url\":\"https:\\\/\\\/tzionlibreria.com\\\/wp-content\\\/uploads\\\/2023\\\/10\\\/cropped-Cuadricula-scaled-1.jpg\",\"contentUrl\":\"https:\\\/\\\/tzionlibreria.com\\\/wp-content\\\/uploads\\\/2023\\\/10\\\/cropped-Cuadricula-scaled-1.jpg\",\"width\":2560,\"height\":2560,\"caption\":\"tzionlibreria.com\"},\"image\":{\"@id\":\"https:\\\/\\\/tzionlibreria.com\\\/#\\\/schema\\\/logo\\\/image\\\/\"}}]}<\/script>\n<!-- \/ Yoast SEO plugin. -->","yoast_head_json":{"title":"Restaurando la Presencia de Dios \u2013 Guillermo Maldonado - tzionlibreria.com","robots":{"index":"index","follow":"follow","max-snippet":"max-snippet:-1","max-image-preview":"max-image-preview:large","max-video-preview":"max-video-preview:-1"},"canonical":"https:\/\/tzionlibreria.com\/index.php\/product\/restaurando-la-presencia-de-dios-guillermo-maldonado\/","og_locale":"es_ES","og_type":"article","og_title":"Restaurando la Presencia de Dios \u2013 Guillermo Maldonado - tzionlibreria.com","og_description":"Restaurando la Presencia de Dios \u2013 Guillermo Maldonado Viviendo cada d\u00eda en el poder de su gozo, paz y descanso En medio de los tiempos finales y las se\u00f1ales prof\u00e9ticas que se cumplen ante nuestros ojos, Dios est\u00e1 llamando a Su pueblo a regresar al \u00fanico lugar verdaderamente seguro: Su presencia. En este poderoso libro, [&hellip;]","og_url":"https:\/\/tzionlibreria.com\/index.php\/product\/restaurando-la-presencia-de-dios-guillermo-maldonado\/","og_site_name":"tzionlibreria.com","article_modified_time":"2026-01-30T17:34:06+00:00","og_image":[{"width":1200,"height":1200,"url":"http:\/\/tzionlibreria.com\/wp-content\/uploads\/2025\/11\/9780800773373.jpg","type":"image\/jpeg"}],"twitter_card":"summary_large_image","twitter_misc":{"Tiempo de lectura":"3 minutos"},"schema":{"@context":"https:\/\/schema.org","@graph":[{"@type":"WebPage","@id":"https:\/\/tzionlibreria.com\/index.php\/product\/restaurando-la-presencia-de-dios-guillermo-maldonado\/","url":"https:\/\/tzionlibreria.com\/index.php\/product\/restaurando-la-presencia-de-dios-guillermo-maldonado\/","name":"Restaurando la Presencia de Dios \u2013 Guillermo Maldonado - tzionlibreria.com","isPartOf":{"@id":"https:\/\/tzionlibreria.com\/#website"},"primaryImageOfPage":{"@id":"https:\/\/tzionlibreria.com\/index.php\/product\/restaurando-la-presencia-de-dios-guillermo-maldonado\/#primaryimage"},"image":{"@id":"https:\/\/tzionlibreria.com\/index.php\/product\/restaurando-la-presencia-de-dios-guillermo-maldonado\/#primaryimage"},"thumbnailUrl":"https:\/\/tzionlibreria.com\/wp-content\/uploads\/2025\/11\/9780800773373.jpg","datePublished":"2025-11-17T16:42:42+00:00","dateModified":"2026-01-30T17:34:06+00:00","breadcrumb":{"@id":"https:\/\/tzionlibreria.com\/index.php\/product\/restaurando-la-presencia-de-dios-guillermo-maldonado\/#breadcrumb"},"inLanguage":"es-CO","potentialAction":[{"@type":"ReadAction","target":["https:\/\/tzionlibreria.com\/index.php\/product\/restaurando-la-presencia-de-dios-guillermo-maldonado\/"]}]},{"@type":"ImageObject","inLanguage":"es-CO","@id":"https:\/\/tzionlibreria.com\/index.php\/product\/restaurando-la-presencia-de-dios-guillermo-maldonado\/#primaryimage","url":"https:\/\/tzionlibreria.com\/wp-content\/uploads\/2025\/11\/9780800773373.jpg","contentUrl":"https:\/\/tzionlibreria.com\/wp-content\/uploads\/2025\/11\/9780800773373.jpg","width":1200,"height":1200},{"@type":"BreadcrumbList","@id":"https:\/\/tzionlibreria.com\/index.php\/product\/restaurando-la-presencia-de-dios-guillermo-maldonado\/#breadcrumb","itemListElement":[{"@type":"ListItem","position":1,"name":"Inicio","item":"https:\/\/tzionlibreria.com\/"},{"@type":"ListItem","position":2,"name":"Shop","item":"https:\/\/tzionlibreria.com\/index.php\/shop\/"},{"@type":"ListItem","position":3,"name":"Restaurando la Presencia de Dios \u2013 Guillermo Maldonado"}]},{"@type":"WebSite","@id":"https:\/\/tzionlibreria.com\/#website","url":"https:\/\/tzionlibreria.com\/","name":"tzionlibreria.com","description":"Libreria Cristiana Venezuela","publisher":{"@id":"https:\/\/tzionlibreria.com\/#organization"},"potentialAction":[{"@type":"SearchAction","target":{"@type":"EntryPoint","urlTemplate":"https:\/\/tzionlibreria.com\/?s={search_term_string}"},"query-input":{"@type":"PropertyValueSpecification","valueRequired":true,"valueName":"search_term_string"}}],"inLanguage":"es-CO"},{"@type":"Organization","@id":"https:\/\/tzionlibreria.com\/#organization","name":"tzionlibreria.com","url":"https:\/\/tzionlibreria.com\/","logo":{"@type":"ImageObject","inLanguage":"es-CO","@id":"https:\/\/tzionlibreria.com\/#\/schema\/logo\/image\/","url":"https:\/\/tzionlibreria.com\/wp-content\/uploads\/2023\/10\/cropped-Cuadricula-scaled-1.jpg","contentUrl":"https:\/\/tzionlibreria.com\/wp-content\/uploads\/2023\/10\/cropped-Cuadricula-scaled-1.jpg","width":2560,"height":2560,"caption":"tzionlibreria.com"},"image":{"@id":"https:\/\/tzionlibreria.com\/#\/schema\/logo\/image\/"}}]}},"jetpack_sharing_enabled":true,"_links":{"self":[{"href":"https:\/\/tzionlibreria.com\/index.php\/wp-json\/wp\/v2\/product\/6257","targetHints":{"allow":["GET"]}}],"collection":[{"href":"https:\/\/tzionlibreria.com\/index.php\/wp-json\/wp\/v2\/product"}],"about":[{"href":"https:\/\/tzionlibreria.com\/index.php\/wp-json\/wp\/v2\/types\/product"}],"replies":[{"embeddable":true,"href":"https:\/\/tzionlibreria.com\/index.php\/wp-json\/wp\/v2\/comments?post=6257"}],"wp:featuredmedia":[{"embeddable":true,"href":"https:\/\/tzionlibreria.com\/index.php\/wp-json\/wp\/v2\/media\/6258"}],"wp:attachment":[{"href":"https:\/\/tzionlibreria.com\/index.php\/wp-json\/wp\/v2\/media?parent=6257"}],"wp:term":[{"taxonomy":"product_brand","embeddable":true,"href":"https:\/\/tzionlibreria.com\/index.php\/wp-json\/wp\/v2\/product_brand?post=6257"},{"taxonomy":"product_cat","embeddable":true,"href":"https:\/\/tzionlibreria.com\/index.php\/wp-json\/wp\/v2\/product_cat?post=6257"},{"taxonomy":"product_tag","embeddable":true,"href":"https:\/\/tzionlibreria.com\/index.php\/wp-json\/wp\/v2\/product_tag?post=6257"}],"curies":[{"name":"wp","href":"https:\/\/api.w.org\/{rel}","templated":true}]}}