{"id":6259,"date":"2025-11-17T16:50:03","date_gmt":"2025-11-17T16:50:03","guid":{"rendered":"https:\/\/tzionlibreria.com\/?post_type=product&#038;p=6259"},"modified":"2025-11-17T16:50:09","modified_gmt":"2025-11-17T16:50:09","slug":"la-toalla-del-servicio-guillermo-maldonado","status":"publish","type":"product","link":"https:\/\/tzionlibreria.com\/index.php\/product\/la-toalla-del-servicio-guillermo-maldonado\/","title":{"rendered":"La Toalla del Servicio \u2013 Guillermo Maldonado"},"content":{"rendered":"<h2 data-start=\"155\" data-end=\"212\"><img decoding=\"async\" class=\"emoji\" role=\"img\" draggable=\"false\" src=\"https:\/\/s.w.org\/images\/core\/emoji\/16.0.1\/svg\/1f54a.svg\" alt=\"\ud83d\udd4a\ufe0f\" \/> <strong data-start=\"162\" data-end=\"210\">La Toalla del Servicio \u2013 Guillermo Maldonado<\/strong><\/h2>\n<p data-start=\"213\" data-end=\"248\"><strong data-start=\"213\" data-end=\"248\">\u2026El camino para llegar al \u00e9xito<\/strong><\/p>\n<p data-start=\"284\" data-end=\"585\">\u00bfSab\u00eda que el servicio es una puerta a la unci\u00f3n y al verdadero \u00e9xito en el Reino de Dios?<br data-start=\"374\" data-end=\"377\" \/>En este inspirador libro, el ap\u00f3stol <strong data-start=\"414\" data-end=\"437\">Guillermo Maldonado<\/strong> ense\u00f1a que la verdadera grandeza no se mide por el poder ni por la posici\u00f3n, sino por la <strong data-start=\"527\" data-end=\"582\">capacidad de servir con humildad, amor y excelencia<\/strong>.<\/p>\n<p data-start=\"587\" data-end=\"777\">A trav\u00e9s de ense\u00f1anzas pr\u00e1cticas y ejemplos b\u00edblicos, descubrir\u00e1s c\u00f3mo el servicio abre el camino hacia el prop\u00f3sito divino y c\u00f3mo Dios recompensa a quienes sirven con un coraz\u00f3n correcto.<\/p>\n<hr data-start=\"779\" data-end=\"782\" \/>\n<h3 data-start=\"784\" data-end=\"824\"><img decoding=\"async\" class=\"emoji\" role=\"img\" draggable=\"false\" src=\"https:\/\/s.w.org\/images\/core\/emoji\/16.0.1\/svg\/1f4a7.svg\" alt=\"\ud83d\udca7\" \/> <strong data-start=\"791\" data-end=\"822\">En este libro aprender\u00e1s a:<\/strong><\/h3>\n<ul data-start=\"825\" data-end=\"1130\">\n<li data-start=\"825\" data-end=\"893\">\n<p data-start=\"827\" data-end=\"893\">Entender por qu\u00e9 el servicio es la base del liderazgo cristiano.<\/p>\n<\/li>\n<li data-start=\"894\" data-end=\"950\">\n<p data-start=\"896\" data-end=\"950\">Recibir el manto de unci\u00f3n que se obtiene al servir.<\/p>\n<\/li>\n<li data-start=\"951\" data-end=\"1009\">\n<p data-start=\"953\" data-end=\"1009\">Servir con los motivos y actitudes que agradan a Dios.<\/p>\n<\/li>\n<li data-start=\"1010\" data-end=\"1058\">\n<p data-start=\"1012\" data-end=\"1058\">Desarrollar un car\u00e1cter humilde y obediente.<\/p>\n<\/li>\n<li data-start=\"1059\" data-end=\"1130\">\n<p data-start=\"1061\" data-end=\"1130\">Encontrar prop\u00f3sito, favor y crecimiento espiritual en el servicio.<\/p>\n<\/li>\n<\/ul>\n<hr data-start=\"1132\" data-end=\"1135\" \/>\n<p data-start=\"1137\" data-end=\"1370\"><img decoding=\"async\" class=\"emoji\" role=\"img\" draggable=\"false\" src=\"https:\/\/s.w.org\/images\/core\/emoji\/16.0.1\/svg\/2728.svg\" alt=\"\u2728\" \/> <strong data-start=\"1139\" data-end=\"1193\">\u201cLa grandeza del hombre comienza por el servicio.\u201d<\/strong><br data-start=\"1193\" data-end=\"1196\" \/>Este libro es una invitaci\u00f3n a tomar la toalla \u2014como Jes\u00fas lo hizo\u2014 y servir a otros con amor, sabiendo que ese es el verdadero camino hacia el \u00e9xito y la plenitud en Dios.<\/p>\n<ul data-start=\"1410\" data-end=\"1655\">\n<li data-start=\"1410\" data-end=\"1444\">\n<p data-start=\"1412\" data-end=\"1444\"><strong data-start=\"1412\" data-end=\"1422\">Autor:<\/strong> Guillermo Maldonado<\/p>\n<\/li>\n<li data-start=\"1445\" data-end=\"1526\">\n<p data-start=\"1447\" data-end=\"1526\"><strong data-start=\"1447\" data-end=\"1467\">T\u00edtulo completo:<\/strong> <em data-start=\"1468\" data-end=\"1524\">La Toalla del Servicio: El camino para llegar al \u00e9xito<\/em><\/p>\n<\/li>\n<li data-start=\"1527\" data-end=\"1595\">\n<p data-start=\"1529\" data-end=\"1595\"><strong data-start=\"1529\" data-end=\"1543\">Categor\u00eda:<\/strong> Liderazgo \/ Vida cristiana \/ Formaci\u00f3n espiritual<\/p>\n<\/li>\n<li data-start=\"1596\" data-end=\"1631\">\n<p data-start=\"1598\" data-end=\"1631\"><strong data-start=\"1598\" data-end=\"1617\">Encuadernaci\u00f3n:<\/strong> Tapa blanda<\/p>\n<\/li>\n<li data-start=\"1632\" data-end=\"1655\">\n<p data-start=\"1634\" data-end=\"1655\"><strong data-start=\"1634\" data-end=\"1645\">Idioma:<\/strong> Espa\u00f1ol<\/p>\n<\/li>\n<\/ul>\n<hr data-start=\"1657\" data-end=\"1660\" \/>\n","protected":false},"excerpt":{"rendered":"<p>La Toalla del Servicio \u2013 Guillermo Maldonado \u2026El camino para llegar al \u00e9xito \u00bfSab\u00eda que el servicio es una puerta a la unci\u00f3n y al verdadero \u00e9xito en el Reino de Dios?En este inspirador libro, el ap\u00f3stol Guillermo Maldonado ense\u00f1a que la verdadera grandeza no se mide por el poder ni por la posici\u00f3n, sino [&hellip;]<\/p>\n","protected":false},"featured_media":6260,"comment_status":"open","ping_status":"closed","template":"","meta":{"om_disable_all_campaigns":false,"_monsterinsights_skip_tracking":false,"_monsterinsights_sitenote_active":false,"_monsterinsights_sitenote_note":"","_monsterinsights_sitenote_category":0,"site-sidebar-layout":"default","site-content-layout":"","ast-site-content-layout":"default","site-content-style":"default","site-sidebar-style":"default","ast-global-header-display":"","ast-banner-title-visibility":"","ast-main-header-display":"","ast-hfb-above-header-display":"","ast-hfb-below-header-display":"","ast-hfb-mobile-header-display":"","site-post-title":"","ast-breadcrumbs-content":"","ast-featured-img":"","footer-sml-layout":"","ast-disable-related-posts":"","theme-transparent-header-meta":"default","adv-header-id-meta":"","stick-header-meta":"","header-above-stick-meta":"","header-main-stick-meta":"","header-below-stick-meta":"","astra-migrate-meta-layouts":"set","ast-page-background-enabled":"default","ast-page-background-meta":{"desktop":{"background-color":"var(--ast-global-color-4)","background-image":"","background-repeat":"repeat","background-position":"center center","background-size":"auto","background-attachment":"scroll","background-type":"","background-media":"","overlay-type":"","overlay-color":"","overlay-opacity":"","overlay-gradient":""},"tablet":{"background-color":"","background-image":"","background-repeat":"repeat","background-position":"center center","background-size":"auto","background-attachment":"scroll","background-type":"","background-media":"","overlay-type":"","overlay-color":"","overlay-opacity":"","overlay-gradient":""},"mobile":{"background-color":"","background-image":"","background-repeat":"repeat","background-position":"center center","background-size":"auto","background-attachment":"scroll","background-type":"","background-media":"","overlay-type":"","overlay-color":"","overlay-opacity":"","overlay-gradient":""}},"ast-content-background-meta":{"desktop":{"background-color":"var(--ast-global-color-5)","background-image":"","background-repeat":"repeat","background-position":"center center","background-size":"auto","background-attachment":"scroll","background-type":"","background-media":"","overlay-type":"","overlay-color":"","overlay-opacity":"","overlay-gradient":""},"tablet":{"background-color":"var(--ast-global-color-5)","background-image":"","background-repeat":"repeat","background-position":"center center","background-size":"auto","background-attachment":"scroll","background-type":"","background-media":"","overlay-type":"","overlay-color":"","overlay-opacity":"","overlay-gradient":""},"mobile":{"background-color":"var(--ast-global-color-5)","background-image":"","background-repeat":"repeat","background-position":"center center","background-size":"auto","background-attachment":"scroll","background-type":"","background-media":"","overlay-type":"","overlay-color":"","overlay-opacity":"","overlay-gradient":""}}},"product_brand":[],"product_cat":[174,23],"product_tag":[],"class_list":{"0":"post-6259","1":"product","2":"type-product","3":"status-publish","4":"has-post-thumbnail","6":"product_cat-iglesia","7":"product_cat-libros","8":"desktop-align-left","9":"tablet-align-left","10":"mobile-align-left","12":"first","13":"instock","14":"shipping-taxable","15":"purchasable","16":"product-type-simple"},"yoast_head":"<!-- This site is optimized with the Yoast SEO plugin v27.4 - https:\/\/yoast.com\/product\/yoast-seo-wordpress\/ -->\n<title>La Toalla del Servicio \u2013 Guillermo Maldonado - tzionlibreria.com<\/title>\n<meta name=\"robots\" content=\"index, follow, max-snippet:-1, max-image-preview:large, max-video-preview:-1\" \/>\n<link rel=\"canonical\" href=\"https:\/\/tzionlibreria.com\/index.php\/product\/la-toalla-del-servicio-guillermo-maldonado\/\" \/>\n<meta property=\"og:locale\" content=\"es_ES\" \/>\n<meta property=\"og:type\" content=\"article\" \/>\n<meta property=\"og:title\" content=\"La Toalla del Servicio \u2013 Guillermo Maldonado - tzionlibreria.com\" \/>\n<meta property=\"og:description\" content=\"La Toalla del Servicio \u2013 Guillermo Maldonado \u2026El camino para llegar al \u00e9xito \u00bfSab\u00eda que el servicio es una puerta a la unci\u00f3n y al verdadero \u00e9xito en el Reino de Dios?En este inspirador libro, el ap\u00f3stol Guillermo Maldonado ense\u00f1a que la verdadera grandeza no se mide por el poder ni por la posici\u00f3n, sino [&hellip;]\" \/>\n<meta property=\"og:url\" content=\"https:\/\/tzionlibreria.com\/index.php\/product\/la-toalla-del-servicio-guillermo-maldonado\/\" \/>\n<meta property=\"og:site_name\" content=\"tzionlibreria.com\" \/>\n<meta property=\"article:modified_time\" content=\"2025-11-17T16:50:09+00:00\" \/>\n<meta property=\"og:image\" content=\"http:\/\/tzionlibreria.com\/wp-content\/uploads\/2025\/11\/2.png\" \/>\n\t<meta property=\"og:image:width\" content=\"1200\" \/>\n\t<meta property=\"og:image:height\" content=\"1200\" \/>\n\t<meta property=\"og:image:type\" content=\"image\/png\" \/>\n<meta name=\"twitter:card\" content=\"summary_large_image\" \/>\n<meta name=\"twitter:label1\" content=\"Tiempo de lectura\" \/>\n\t<meta name=\"twitter:data1\" content=\"2 minutos\" \/>\n<script type=\"application\/ld+json\" class=\"yoast-schema-graph\">{\"@context\":\"https:\\\/\\\/schema.org\",\"@graph\":[{\"@type\":\"WebPage\",\"@id\":\"https:\\\/\\\/tzionlibreria.com\\\/index.php\\\/product\\\/la-toalla-del-servicio-guillermo-maldonado\\\/\",\"url\":\"https:\\\/\\\/tzionlibreria.com\\\/index.php\\\/product\\\/la-toalla-del-servicio-guillermo-maldonado\\\/\",\"name\":\"La Toalla del Servicio \u2013 Guillermo Maldonado - tzionlibreria.com\",\"isPartOf\":{\"@id\":\"https:\\\/\\\/tzionlibreria.com\\\/#website\"},\"primaryImageOfPage\":{\"@id\":\"https:\\\/\\\/tzionlibreria.com\\\/index.php\\\/product\\\/la-toalla-del-servicio-guillermo-maldonado\\\/#primaryimage\"},\"image\":{\"@id\":\"https:\\\/\\\/tzionlibreria.com\\\/index.php\\\/product\\\/la-toalla-del-servicio-guillermo-maldonado\\\/#primaryimage\"},\"thumbnailUrl\":\"https:\\\/\\\/tzionlibreria.com\\\/wp-content\\\/uploads\\\/2025\\\/11\\\/2.png\",\"datePublished\":\"2025-11-17T16:50:03+00:00\",\"dateModified\":\"2025-11-17T16:50:09+00:00\",\"breadcrumb\":{\"@id\":\"https:\\\/\\\/tzionlibreria.com\\\/index.php\\\/product\\\/la-toalla-del-servicio-guillermo-maldonado\\\/#breadcrumb\"},\"inLanguage\":\"es-CO\",\"potentialAction\":[{\"@type\":\"ReadAction\",\"target\":[\"https:\\\/\\\/tzionlibreria.com\\\/index.php\\\/product\\\/la-toalla-del-servicio-guillermo-maldonado\\\/\"]}]},{\"@type\":\"ImageObject\",\"inLanguage\":\"es-CO\",\"@id\":\"https:\\\/\\\/tzionlibreria.com\\\/index.php\\\/product\\\/la-toalla-del-servicio-guillermo-maldonado\\\/#primaryimage\",\"url\":\"https:\\\/\\\/tzionlibreria.com\\\/wp-content\\\/uploads\\\/2025\\\/11\\\/2.png\",\"contentUrl\":\"https:\\\/\\\/tzionlibreria.com\\\/wp-content\\\/uploads\\\/2025\\\/11\\\/2.png\",\"width\":1200,\"height\":1200},{\"@type\":\"BreadcrumbList\",\"@id\":\"https:\\\/\\\/tzionlibreria.com\\\/index.php\\\/product\\\/la-toalla-del-servicio-guillermo-maldonado\\\/#breadcrumb\",\"itemListElement\":[{\"@type\":\"ListItem\",\"position\":1,\"name\":\"Inicio\",\"item\":\"https:\\\/\\\/tzionlibreria.com\\\/\"},{\"@type\":\"ListItem\",\"position\":2,\"name\":\"Shop\",\"item\":\"https:\\\/\\\/tzionlibreria.com\\\/index.php\\\/shop\\\/\"},{\"@type\":\"ListItem\",\"position\":3,\"name\":\"La Toalla del Servicio \u2013 Guillermo Maldonado\"}]},{\"@type\":\"WebSite\",\"@id\":\"https:\\\/\\\/tzionlibreria.com\\\/#website\",\"url\":\"https:\\\/\\\/tzionlibreria.com\\\/\",\"name\":\"tzionlibreria.com\",\"description\":\"Libreria Cristiana Venezuela\",\"publisher\":{\"@id\":\"https:\\\/\\\/tzionlibreria.com\\\/#organization\"},\"potentialAction\":[{\"@type\":\"SearchAction\",\"target\":{\"@type\":\"EntryPoint\",\"urlTemplate\":\"https:\\\/\\\/tzionlibreria.com\\\/?s={search_term_string}\"},\"query-input\":{\"@type\":\"PropertyValueSpecification\",\"valueRequired\":true,\"valueName\":\"search_term_string\"}}],\"inLanguage\":\"es-CO\"},{\"@type\":\"Organization\",\"@id\":\"https:\\\/\\\/tzionlibreria.com\\\/#organization\",\"name\":\"tzionlibreria.com\",\"url\":\"https:\\\/\\\/tzionlibreria.com\\\/\",\"logo\":{\"@type\":\"ImageObject\",\"inLanguage\":\"es-CO\",\"@id\":\"https:\\\/\\\/tzionlibreria.com\\\/#\\\/schema\\\/logo\\\/image\\\/\",\"url\":\"https:\\\/\\\/tzionlibreria.com\\\/wp-content\\\/uploads\\\/2023\\\/10\\\/cropped-Cuadricula-scaled-1.jpg\",\"contentUrl\":\"https:\\\/\\\/tzionlibreria.com\\\/wp-content\\\/uploads\\\/2023\\\/10\\\/cropped-Cuadricula-scaled-1.jpg\",\"width\":2560,\"height\":2560,\"caption\":\"tzionlibreria.com\"},\"image\":{\"@id\":\"https:\\\/\\\/tzionlibreria.com\\\/#\\\/schema\\\/logo\\\/image\\\/\"}}]}<\/script>\n<!-- \/ Yoast SEO plugin. -->","yoast_head_json":{"title":"La Toalla del Servicio \u2013 Guillermo Maldonado - tzionlibreria.com","robots":{"index":"index","follow":"follow","max-snippet":"max-snippet:-1","max-image-preview":"max-image-preview:large","max-video-preview":"max-video-preview:-1"},"canonical":"https:\/\/tzionlibreria.com\/index.php\/product\/la-toalla-del-servicio-guillermo-maldonado\/","og_locale":"es_ES","og_type":"article","og_title":"La Toalla del Servicio \u2013 Guillermo Maldonado - tzionlibreria.com","og_description":"La Toalla del Servicio \u2013 Guillermo Maldonado \u2026El camino para llegar al \u00e9xito \u00bfSab\u00eda que el servicio es una puerta a la unci\u00f3n y al verdadero \u00e9xito en el Reino de Dios?En este inspirador libro, el ap\u00f3stol Guillermo Maldonado ense\u00f1a que la verdadera grandeza no se mide por el poder ni por la posici\u00f3n, sino [&hellip;]","og_url":"https:\/\/tzionlibreria.com\/index.php\/product\/la-toalla-del-servicio-guillermo-maldonado\/","og_site_name":"tzionlibreria.com","article_modified_time":"2025-11-17T16:50:09+00:00","og_image":[{"width":1200,"height":1200,"url":"http:\/\/tzionlibreria.com\/wp-content\/uploads\/2025\/11\/2.png","type":"image\/png"}],"twitter_card":"summary_large_image","twitter_misc":{"Tiempo de lectura":"2 minutos"},"schema":{"@context":"https:\/\/schema.org","@graph":[{"@type":"WebPage","@id":"https:\/\/tzionlibreria.com\/index.php\/product\/la-toalla-del-servicio-guillermo-maldonado\/","url":"https:\/\/tzionlibreria.com\/index.php\/product\/la-toalla-del-servicio-guillermo-maldonado\/","name":"La Toalla del Servicio \u2013 Guillermo Maldonado - tzionlibreria.com","isPartOf":{"@id":"https:\/\/tzionlibreria.com\/#website"},"primaryImageOfPage":{"@id":"https:\/\/tzionlibreria.com\/index.php\/product\/la-toalla-del-servicio-guillermo-maldonado\/#primaryimage"},"image":{"@id":"https:\/\/tzionlibreria.com\/index.php\/product\/la-toalla-del-servicio-guillermo-maldonado\/#primaryimage"},"thumbnailUrl":"https:\/\/tzionlibreria.com\/wp-content\/uploads\/2025\/11\/2.png","datePublished":"2025-11-17T16:50:03+00:00","dateModified":"2025-11-17T16:50:09+00:00","breadcrumb":{"@id":"https:\/\/tzionlibreria.com\/index.php\/product\/la-toalla-del-servicio-guillermo-maldonado\/#breadcrumb"},"inLanguage":"es-CO","potentialAction":[{"@type":"ReadAction","target":["https:\/\/tzionlibreria.com\/index.php\/product\/la-toalla-del-servicio-guillermo-maldonado\/"]}]},{"@type":"ImageObject","inLanguage":"es-CO","@id":"https:\/\/tzionlibreria.com\/index.php\/product\/la-toalla-del-servicio-guillermo-maldonado\/#primaryimage","url":"https:\/\/tzionlibreria.com\/wp-content\/uploads\/2025\/11\/2.png","contentUrl":"https:\/\/tzionlibreria.com\/wp-content\/uploads\/2025\/11\/2.png","width":1200,"height":1200},{"@type":"BreadcrumbList","@id":"https:\/\/tzionlibreria.com\/index.php\/product\/la-toalla-del-servicio-guillermo-maldonado\/#breadcrumb","itemListElement":[{"@type":"ListItem","position":1,"name":"Inicio","item":"https:\/\/tzionlibreria.com\/"},{"@type":"ListItem","position":2,"name":"Shop","item":"https:\/\/tzionlibreria.com\/index.php\/shop\/"},{"@type":"ListItem","position":3,"name":"La Toalla del Servicio \u2013 Guillermo Maldonado"}]},{"@type":"WebSite","@id":"https:\/\/tzionlibreria.com\/#website","url":"https:\/\/tzionlibreria.com\/","name":"tzionlibreria.com","description":"Libreria Cristiana Venezuela","publisher":{"@id":"https:\/\/tzionlibreria.com\/#organization"},"potentialAction":[{"@type":"SearchAction","target":{"@type":"EntryPoint","urlTemplate":"https:\/\/tzionlibreria.com\/?s={search_term_string}"},"query-input":{"@type":"PropertyValueSpecification","valueRequired":true,"valueName":"search_term_string"}}],"inLanguage":"es-CO"},{"@type":"Organization","@id":"https:\/\/tzionlibreria.com\/#organization","name":"tzionlibreria.com","url":"https:\/\/tzionlibreria.com\/","logo":{"@type":"ImageObject","inLanguage":"es-CO","@id":"https:\/\/tzionlibreria.com\/#\/schema\/logo\/image\/","url":"https:\/\/tzionlibreria.com\/wp-content\/uploads\/2023\/10\/cropped-Cuadricula-scaled-1.jpg","contentUrl":"https:\/\/tzionlibreria.com\/wp-content\/uploads\/2023\/10\/cropped-Cuadricula-scaled-1.jpg","width":2560,"height":2560,"caption":"tzionlibreria.com"},"image":{"@id":"https:\/\/tzionlibreria.com\/#\/schema\/logo\/image\/"}}]}},"jetpack_sharing_enabled":true,"_links":{"self":[{"href":"https:\/\/tzionlibreria.com\/index.php\/wp-json\/wp\/v2\/product\/6259","targetHints":{"allow":["GET"]}}],"collection":[{"href":"https:\/\/tzionlibreria.com\/index.php\/wp-json\/wp\/v2\/product"}],"about":[{"href":"https:\/\/tzionlibreria.com\/index.php\/wp-json\/wp\/v2\/types\/product"}],"replies":[{"embeddable":true,"href":"https:\/\/tzionlibreria.com\/index.php\/wp-json\/wp\/v2\/comments?post=6259"}],"wp:featuredmedia":[{"embeddable":true,"href":"https:\/\/tzionlibreria.com\/index.php\/wp-json\/wp\/v2\/media\/6260"}],"wp:attachment":[{"href":"https:\/\/tzionlibreria.com\/index.php\/wp-json\/wp\/v2\/media?parent=6259"}],"wp:term":[{"taxonomy":"product_brand","embeddable":true,"href":"https:\/\/tzionlibreria.com\/index.php\/wp-json\/wp\/v2\/product_brand?post=6259"},{"taxonomy":"product_cat","embeddable":true,"href":"https:\/\/tzionlibreria.com\/index.php\/wp-json\/wp\/v2\/product_cat?post=6259"},{"taxonomy":"product_tag","embeddable":true,"href":"https:\/\/tzionlibreria.com\/index.php\/wp-json\/wp\/v2\/product_tag?post=6259"}],"curies":[{"name":"wp","href":"https:\/\/api.w.org\/{rel}","templated":true}]}}