{"id":6267,"date":"2025-11-17T18:10:46","date_gmt":"2025-11-17T18:10:46","guid":{"rendered":"https:\/\/tzionlibreria.com\/?post_type=product&#038;p=6267"},"modified":"2025-11-17T18:10:47","modified_gmt":"2025-11-17T18:10:47","slug":"cara-a-cara-con-dios-devocional-guillermo-maldonado","status":"publish","type":"product","link":"https:\/\/tzionlibreria.com\/index.php\/product\/cara-a-cara-con-dios-devocional-guillermo-maldonado\/","title":{"rendered":"Cara a Cara con Dios \u2013 Devocional \u2013 Guillermo Maldonado"},"content":{"rendered":"<div id=\"tab-description\" class=\"woocommerce-Tabs-panel woocommerce-Tabs-panel--description panel entry-content wc-tab\" role=\"tabpanel\" aria-labelledby=\"tab-title-description\">\n<p data-start=\"200\" data-end=\"275\"><img decoding=\"async\" class=\"emoji\" role=\"img\" draggable=\"false\" src=\"https:\/\/s.w.org\/images\/core\/emoji\/16.0.1\/svg\/1f4d6.svg\" alt=\"\ud83d\udcd6\" \/><img decoding=\"async\" class=\"emoji\" role=\"img\" draggable=\"false\" src=\"https:\/\/s.w.org\/images\/core\/emoji\/16.0.1\/svg\/2728.svg\" alt=\"\u2728\" \/> <strong data-start=\"204\" data-end=\"269\">Cultivando una relaci\u00f3n \u00edntima con Dios \u2013 Guillermo Maldonado<\/strong> <img decoding=\"async\" class=\"emoji\" role=\"img\" draggable=\"false\" src=\"https:\/\/s.w.org\/images\/core\/emoji\/16.0.1\/svg\/2728.svg\" alt=\"\u2728\" \/><img decoding=\"async\" class=\"emoji\" role=\"img\" draggable=\"false\" src=\"https:\/\/s.w.org\/images\/core\/emoji\/16.0.1\/svg\/1f4d6.svg\" alt=\"\ud83d\udcd6\" \/><\/p>\n<p data-start=\"277\" data-end=\"579\">Muchos creyentes practican disciplinas espirituales y participan en actividades religiosas, pero a\u00fan sienten un vac\u00edo: no logran acercarse verdaderamente a Dios. Este libro llega como una respuesta a ese anhelo profundo del coraz\u00f3n: <strong data-start=\"510\" data-end=\"576\">vivir en una relaci\u00f3n \u00edntima, viva y sobrenatural con el Se\u00f1or<\/strong>.<\/p>\n<p data-start=\"581\" data-end=\"707\">En sus p\u00e1ginas, el Ap\u00f3stol Guillermo Maldonado comparte <strong data-start=\"637\" data-end=\"686\">ense\u00f1anzas poderosas y activaciones pr\u00e1cticas<\/strong> que te llevar\u00e1n a:<\/p>\n<ul data-start=\"708\" data-end=\"1042\">\n<li data-start=\"708\" data-end=\"783\">\n<p data-start=\"710\" data-end=\"783\">Descubrir los secretos de la vida de oraci\u00f3n de Jes\u00fas y aplicarlos hoy.<\/p>\n<\/li>\n<li data-start=\"784\" data-end=\"905\">\n<p data-start=\"786\" data-end=\"905\">Experimentar los <strong data-start=\"803\" data-end=\"841\">7 niveles de compa\u00f1erismo con Dios<\/strong>, pasando de una vida seca a una llena del fuego del Esp\u00edritu.<\/p>\n<\/li>\n<li data-start=\"906\" data-end=\"977\">\n<p data-start=\"908\" data-end=\"977\">Conocer y disfrutar las <strong data-start=\"932\" data-end=\"974\">4 bendiciones de la intimidad con Dios<\/strong>.<\/p>\n<\/li>\n<li data-start=\"978\" data-end=\"1042\">\n<p data-start=\"980\" data-end=\"1042\">Entrar en una relaci\u00f3n de pacto sobrenatural con tu Creador.<\/p>\n<\/li>\n<\/ul>\n<p data-start=\"1044\" data-end=\"1078\"><img decoding=\"async\" class=\"emoji\" role=\"img\" draggable=\"false\" src=\"https:\/\/s.w.org\/images\/core\/emoji\/16.0.1\/svg\/1f64c.svg\" alt=\"\ud83d\ude4c\" \/> <strong data-start=\"1047\" data-end=\"1076\">Este libro es para ti si\u2026<\/strong><\/p>\n<ul data-start=\"1079\" data-end=\"1456\">\n<li data-start=\"1079\" data-end=\"1165\">\n<p data-start=\"1081\" data-end=\"1165\">Eres creyente y sientes que tu vida cristiana se ha vuelto rutinaria o sin pasi\u00f3n.<\/p>\n<\/li>\n<li data-start=\"1166\" data-end=\"1242\">\n<p data-start=\"1168\" data-end=\"1242\">Deseas experimentar la <strong data-start=\"1191\" data-end=\"1239\">presencia y el poder de Dios en lo cotidiano<\/strong>.<\/p>\n<\/li>\n<li data-start=\"1243\" data-end=\"1342\">\n<p data-start=\"1245\" data-end=\"1342\">Buscas una gu\u00eda pr\u00e1ctica que transforme tu tiempo de oraci\u00f3n en intimidad genuina con el Se\u00f1or.<\/p>\n<\/li>\n<li data-start=\"1343\" data-end=\"1456\">\n<p data-start=\"1345\" data-end=\"1456\">Eres l\u00edder, pastor, intercesor o miembro activo de la iglesia que quiere profundizar en su comuni\u00f3n con Dios.<\/p>\n<\/li>\n<\/ul>\n<p data-start=\"1458\" data-end=\"1627\"><img decoding=\"async\" class=\"emoji\" role=\"img\" draggable=\"false\" src=\"https:\/\/s.w.org\/images\/core\/emoji\/16.0.1\/svg\/2728.svg\" alt=\"\u2728\" \/> <strong data-start=\"1460\" data-end=\"1503\">Cultivando una relaci\u00f3n \u00edntima con Dios<\/strong> no es solo un libro: es una <strong data-start=\"1532\" data-end=\"1564\">gu\u00eda de avivamiento personal<\/strong> que te ayudar\u00e1 a caminar con Dios cara a cara, aqu\u00ed y ahora.<\/p>\n<p data-start=\"1458\" data-end=\"1627\">ISBN: 9789878536224 \/ Nro p\u00e1gina 247 \/ Dimensiones 18 x 13 x1.5 cm<\/p>\n<\/div>\n","protected":false},"excerpt":{"rendered":"<p>Cultivando una relaci\u00f3n \u00edntima con Dios \u2013 Guillermo Maldonado Muchos creyentes practican disciplinas espirituales y participan en actividades religiosas, pero a\u00fan sienten un vac\u00edo: no logran acercarse verdaderamente a Dios. Este libro llega como una respuesta a ese anhelo profundo del coraz\u00f3n: vivir en una relaci\u00f3n \u00edntima, viva y sobrenatural con el Se\u00f1or. En sus [&hellip;]<\/p>\n","protected":false},"featured_media":6268,"comment_status":"open","ping_status":"closed","template":"","meta":{"om_disable_all_campaigns":false,"_monsterinsights_skip_tracking":false,"_monsterinsights_sitenote_active":false,"_monsterinsights_sitenote_note":"","_monsterinsights_sitenote_category":0,"site-sidebar-layout":"default","site-content-layout":"","ast-site-content-layout":"default","site-content-style":"default","site-sidebar-style":"default","ast-global-header-display":"","ast-banner-title-visibility":"","ast-main-header-display":"","ast-hfb-above-header-display":"","ast-hfb-below-header-display":"","ast-hfb-mobile-header-display":"","site-post-title":"","ast-breadcrumbs-content":"","ast-featured-img":"","footer-sml-layout":"","ast-disable-related-posts":"","theme-transparent-header-meta":"default","adv-header-id-meta":"","stick-header-meta":"","header-above-stick-meta":"","header-main-stick-meta":"","header-below-stick-meta":"","astra-migrate-meta-layouts":"set","ast-page-background-enabled":"default","ast-page-background-meta":{"desktop":{"background-color":"var(--ast-global-color-4)","background-image":"","background-repeat":"repeat","background-position":"center center","background-size":"auto","background-attachment":"scroll","background-type":"","background-media":"","overlay-type":"","overlay-color":"","overlay-opacity":"","overlay-gradient":""},"tablet":{"background-color":"","background-image":"","background-repeat":"repeat","background-position":"center center","background-size":"auto","background-attachment":"scroll","background-type":"","background-media":"","overlay-type":"","overlay-color":"","overlay-opacity":"","overlay-gradient":""},"mobile":{"background-color":"","background-image":"","background-repeat":"repeat","background-position":"center center","background-size":"auto","background-attachment":"scroll","background-type":"","background-media":"","overlay-type":"","overlay-color":"","overlay-opacity":"","overlay-gradient":""}},"ast-content-background-meta":{"desktop":{"background-color":"var(--ast-global-color-5)","background-image":"","background-repeat":"repeat","background-position":"center center","background-size":"auto","background-attachment":"scroll","background-type":"","background-media":"","overlay-type":"","overlay-color":"","overlay-opacity":"","overlay-gradient":""},"tablet":{"background-color":"var(--ast-global-color-5)","background-image":"","background-repeat":"repeat","background-position":"center center","background-size":"auto","background-attachment":"scroll","background-type":"","background-media":"","overlay-type":"","overlay-color":"","overlay-opacity":"","overlay-gradient":""},"mobile":{"background-color":"var(--ast-global-color-5)","background-image":"","background-repeat":"repeat","background-position":"center center","background-size":"auto","background-attachment":"scroll","background-type":"","background-media":"","overlay-type":"","overlay-color":"","overlay-opacity":"","overlay-gradient":""}}},"product_brand":[],"product_cat":[24,23],"product_tag":[],"class_list":{"0":"post-6267","1":"product","2":"type-product","3":"status-publish","4":"has-post-thumbnail","6":"product_cat-devocionales","7":"product_cat-libros","8":"desktop-align-left","9":"tablet-align-left","10":"mobile-align-left","12":"first","13":"instock","14":"shipping-taxable","15":"purchasable","16":"product-type-simple"},"yoast_head":"<!-- This site is optimized with the Yoast SEO plugin v27.4 - https:\/\/yoast.com\/product\/yoast-seo-wordpress\/ -->\n<title>Cara a Cara con Dios \u2013 Devocional \u2013 Guillermo Maldonado - tzionlibreria.com<\/title>\n<meta name=\"robots\" content=\"index, follow, max-snippet:-1, max-image-preview:large, max-video-preview:-1\" \/>\n<link rel=\"canonical\" href=\"https:\/\/tzionlibreria.com\/index.php\/product\/cara-a-cara-con-dios-devocional-guillermo-maldonado\/\" \/>\n<meta property=\"og:locale\" content=\"es_ES\" \/>\n<meta property=\"og:type\" content=\"article\" \/>\n<meta property=\"og:title\" content=\"Cara a Cara con Dios \u2013 Devocional \u2013 Guillermo Maldonado - tzionlibreria.com\" \/>\n<meta property=\"og:description\" content=\"Cultivando una relaci\u00f3n \u00edntima con Dios \u2013 Guillermo Maldonado Muchos creyentes practican disciplinas espirituales y participan en actividades religiosas, pero a\u00fan sienten un vac\u00edo: no logran acercarse verdaderamente a Dios. Este libro llega como una respuesta a ese anhelo profundo del coraz\u00f3n: vivir en una relaci\u00f3n \u00edntima, viva y sobrenatural con el Se\u00f1or. En sus [&hellip;]\" \/>\n<meta property=\"og:url\" content=\"https:\/\/tzionlibreria.com\/index.php\/product\/cara-a-cara-con-dios-devocional-guillermo-maldonado\/\" \/>\n<meta property=\"og:site_name\" content=\"tzionlibreria.com\" \/>\n<meta property=\"article:modified_time\" content=\"2025-11-17T18:10:47+00:00\" \/>\n<meta property=\"og:image\" content=\"http:\/\/tzionlibreria.com\/wp-content\/uploads\/2025\/11\/9789878536224.jpg\" \/>\n\t<meta property=\"og:image:width\" content=\"1200\" \/>\n\t<meta property=\"og:image:height\" content=\"1200\" \/>\n\t<meta property=\"og:image:type\" content=\"image\/jpeg\" \/>\n<meta name=\"twitter:card\" content=\"summary_large_image\" \/>\n<meta name=\"twitter:label1\" content=\"Tiempo de lectura\" \/>\n\t<meta name=\"twitter:data1\" content=\"3 minutos\" \/>\n<script type=\"application\/ld+json\" class=\"yoast-schema-graph\">{\"@context\":\"https:\\\/\\\/schema.org\",\"@graph\":[{\"@type\":\"WebPage\",\"@id\":\"https:\\\/\\\/tzionlibreria.com\\\/index.php\\\/product\\\/cara-a-cara-con-dios-devocional-guillermo-maldonado\\\/\",\"url\":\"https:\\\/\\\/tzionlibreria.com\\\/index.php\\\/product\\\/cara-a-cara-con-dios-devocional-guillermo-maldonado\\\/\",\"name\":\"Cara a Cara con Dios \u2013 Devocional \u2013 Guillermo Maldonado - tzionlibreria.com\",\"isPartOf\":{\"@id\":\"https:\\\/\\\/tzionlibreria.com\\\/#website\"},\"primaryImageOfPage\":{\"@id\":\"https:\\\/\\\/tzionlibreria.com\\\/index.php\\\/product\\\/cara-a-cara-con-dios-devocional-guillermo-maldonado\\\/#primaryimage\"},\"image\":{\"@id\":\"https:\\\/\\\/tzionlibreria.com\\\/index.php\\\/product\\\/cara-a-cara-con-dios-devocional-guillermo-maldonado\\\/#primaryimage\"},\"thumbnailUrl\":\"https:\\\/\\\/tzionlibreria.com\\\/wp-content\\\/uploads\\\/2025\\\/11\\\/9789878536224.jpg\",\"datePublished\":\"2025-11-17T18:10:46+00:00\",\"dateModified\":\"2025-11-17T18:10:47+00:00\",\"breadcrumb\":{\"@id\":\"https:\\\/\\\/tzionlibreria.com\\\/index.php\\\/product\\\/cara-a-cara-con-dios-devocional-guillermo-maldonado\\\/#breadcrumb\"},\"inLanguage\":\"es-CO\",\"potentialAction\":[{\"@type\":\"ReadAction\",\"target\":[\"https:\\\/\\\/tzionlibreria.com\\\/index.php\\\/product\\\/cara-a-cara-con-dios-devocional-guillermo-maldonado\\\/\"]}]},{\"@type\":\"ImageObject\",\"inLanguage\":\"es-CO\",\"@id\":\"https:\\\/\\\/tzionlibreria.com\\\/index.php\\\/product\\\/cara-a-cara-con-dios-devocional-guillermo-maldonado\\\/#primaryimage\",\"url\":\"https:\\\/\\\/tzionlibreria.com\\\/wp-content\\\/uploads\\\/2025\\\/11\\\/9789878536224.jpg\",\"contentUrl\":\"https:\\\/\\\/tzionlibreria.com\\\/wp-content\\\/uploads\\\/2025\\\/11\\\/9789878536224.jpg\",\"width\":1200,\"height\":1200},{\"@type\":\"BreadcrumbList\",\"@id\":\"https:\\\/\\\/tzionlibreria.com\\\/index.php\\\/product\\\/cara-a-cara-con-dios-devocional-guillermo-maldonado\\\/#breadcrumb\",\"itemListElement\":[{\"@type\":\"ListItem\",\"position\":1,\"name\":\"Inicio\",\"item\":\"https:\\\/\\\/tzionlibreria.com\\\/\"},{\"@type\":\"ListItem\",\"position\":2,\"name\":\"Shop\",\"item\":\"https:\\\/\\\/tzionlibreria.com\\\/index.php\\\/shop\\\/\"},{\"@type\":\"ListItem\",\"position\":3,\"name\":\"Cara a Cara con Dios \u2013 Devocional \u2013 Guillermo Maldonado\"}]},{\"@type\":\"WebSite\",\"@id\":\"https:\\\/\\\/tzionlibreria.com\\\/#website\",\"url\":\"https:\\\/\\\/tzionlibreria.com\\\/\",\"name\":\"tzionlibreria.com\",\"description\":\"Libreria Cristiana Venezuela\",\"publisher\":{\"@id\":\"https:\\\/\\\/tzionlibreria.com\\\/#organization\"},\"potentialAction\":[{\"@type\":\"SearchAction\",\"target\":{\"@type\":\"EntryPoint\",\"urlTemplate\":\"https:\\\/\\\/tzionlibreria.com\\\/?s={search_term_string}\"},\"query-input\":{\"@type\":\"PropertyValueSpecification\",\"valueRequired\":true,\"valueName\":\"search_term_string\"}}],\"inLanguage\":\"es-CO\"},{\"@type\":\"Organization\",\"@id\":\"https:\\\/\\\/tzionlibreria.com\\\/#organization\",\"name\":\"tzionlibreria.com\",\"url\":\"https:\\\/\\\/tzionlibreria.com\\\/\",\"logo\":{\"@type\":\"ImageObject\",\"inLanguage\":\"es-CO\",\"@id\":\"https:\\\/\\\/tzionlibreria.com\\\/#\\\/schema\\\/logo\\\/image\\\/\",\"url\":\"https:\\\/\\\/tzionlibreria.com\\\/wp-content\\\/uploads\\\/2023\\\/10\\\/cropped-Cuadricula-scaled-1.jpg\",\"contentUrl\":\"https:\\\/\\\/tzionlibreria.com\\\/wp-content\\\/uploads\\\/2023\\\/10\\\/cropped-Cuadricula-scaled-1.jpg\",\"width\":2560,\"height\":2560,\"caption\":\"tzionlibreria.com\"},\"image\":{\"@id\":\"https:\\\/\\\/tzionlibreria.com\\\/#\\\/schema\\\/logo\\\/image\\\/\"}}]}<\/script>\n<!-- \/ Yoast SEO plugin. -->","yoast_head_json":{"title":"Cara a Cara con Dios \u2013 Devocional \u2013 Guillermo Maldonado - tzionlibreria.com","robots":{"index":"index","follow":"follow","max-snippet":"max-snippet:-1","max-image-preview":"max-image-preview:large","max-video-preview":"max-video-preview:-1"},"canonical":"https:\/\/tzionlibreria.com\/index.php\/product\/cara-a-cara-con-dios-devocional-guillermo-maldonado\/","og_locale":"es_ES","og_type":"article","og_title":"Cara a Cara con Dios \u2013 Devocional \u2013 Guillermo Maldonado - tzionlibreria.com","og_description":"Cultivando una relaci\u00f3n \u00edntima con Dios \u2013 Guillermo Maldonado Muchos creyentes practican disciplinas espirituales y participan en actividades religiosas, pero a\u00fan sienten un vac\u00edo: no logran acercarse verdaderamente a Dios. Este libro llega como una respuesta a ese anhelo profundo del coraz\u00f3n: vivir en una relaci\u00f3n \u00edntima, viva y sobrenatural con el Se\u00f1or. En sus [&hellip;]","og_url":"https:\/\/tzionlibreria.com\/index.php\/product\/cara-a-cara-con-dios-devocional-guillermo-maldonado\/","og_site_name":"tzionlibreria.com","article_modified_time":"2025-11-17T18:10:47+00:00","og_image":[{"width":1200,"height":1200,"url":"http:\/\/tzionlibreria.com\/wp-content\/uploads\/2025\/11\/9789878536224.jpg","type":"image\/jpeg"}],"twitter_card":"summary_large_image","twitter_misc":{"Tiempo de lectura":"3 minutos"},"schema":{"@context":"https:\/\/schema.org","@graph":[{"@type":"WebPage","@id":"https:\/\/tzionlibreria.com\/index.php\/product\/cara-a-cara-con-dios-devocional-guillermo-maldonado\/","url":"https:\/\/tzionlibreria.com\/index.php\/product\/cara-a-cara-con-dios-devocional-guillermo-maldonado\/","name":"Cara a Cara con Dios \u2013 Devocional \u2013 Guillermo Maldonado - tzionlibreria.com","isPartOf":{"@id":"https:\/\/tzionlibreria.com\/#website"},"primaryImageOfPage":{"@id":"https:\/\/tzionlibreria.com\/index.php\/product\/cara-a-cara-con-dios-devocional-guillermo-maldonado\/#primaryimage"},"image":{"@id":"https:\/\/tzionlibreria.com\/index.php\/product\/cara-a-cara-con-dios-devocional-guillermo-maldonado\/#primaryimage"},"thumbnailUrl":"https:\/\/tzionlibreria.com\/wp-content\/uploads\/2025\/11\/9789878536224.jpg","datePublished":"2025-11-17T18:10:46+00:00","dateModified":"2025-11-17T18:10:47+00:00","breadcrumb":{"@id":"https:\/\/tzionlibreria.com\/index.php\/product\/cara-a-cara-con-dios-devocional-guillermo-maldonado\/#breadcrumb"},"inLanguage":"es-CO","potentialAction":[{"@type":"ReadAction","target":["https:\/\/tzionlibreria.com\/index.php\/product\/cara-a-cara-con-dios-devocional-guillermo-maldonado\/"]}]},{"@type":"ImageObject","inLanguage":"es-CO","@id":"https:\/\/tzionlibreria.com\/index.php\/product\/cara-a-cara-con-dios-devocional-guillermo-maldonado\/#primaryimage","url":"https:\/\/tzionlibreria.com\/wp-content\/uploads\/2025\/11\/9789878536224.jpg","contentUrl":"https:\/\/tzionlibreria.com\/wp-content\/uploads\/2025\/11\/9789878536224.jpg","width":1200,"height":1200},{"@type":"BreadcrumbList","@id":"https:\/\/tzionlibreria.com\/index.php\/product\/cara-a-cara-con-dios-devocional-guillermo-maldonado\/#breadcrumb","itemListElement":[{"@type":"ListItem","position":1,"name":"Inicio","item":"https:\/\/tzionlibreria.com\/"},{"@type":"ListItem","position":2,"name":"Shop","item":"https:\/\/tzionlibreria.com\/index.php\/shop\/"},{"@type":"ListItem","position":3,"name":"Cara a Cara con Dios \u2013 Devocional \u2013 Guillermo Maldonado"}]},{"@type":"WebSite","@id":"https:\/\/tzionlibreria.com\/#website","url":"https:\/\/tzionlibreria.com\/","name":"tzionlibreria.com","description":"Libreria Cristiana Venezuela","publisher":{"@id":"https:\/\/tzionlibreria.com\/#organization"},"potentialAction":[{"@type":"SearchAction","target":{"@type":"EntryPoint","urlTemplate":"https:\/\/tzionlibreria.com\/?s={search_term_string}"},"query-input":{"@type":"PropertyValueSpecification","valueRequired":true,"valueName":"search_term_string"}}],"inLanguage":"es-CO"},{"@type":"Organization","@id":"https:\/\/tzionlibreria.com\/#organization","name":"tzionlibreria.com","url":"https:\/\/tzionlibreria.com\/","logo":{"@type":"ImageObject","inLanguage":"es-CO","@id":"https:\/\/tzionlibreria.com\/#\/schema\/logo\/image\/","url":"https:\/\/tzionlibreria.com\/wp-content\/uploads\/2023\/10\/cropped-Cuadricula-scaled-1.jpg","contentUrl":"https:\/\/tzionlibreria.com\/wp-content\/uploads\/2023\/10\/cropped-Cuadricula-scaled-1.jpg","width":2560,"height":2560,"caption":"tzionlibreria.com"},"image":{"@id":"https:\/\/tzionlibreria.com\/#\/schema\/logo\/image\/"}}]}},"jetpack_sharing_enabled":true,"_links":{"self":[{"href":"https:\/\/tzionlibreria.com\/index.php\/wp-json\/wp\/v2\/product\/6267","targetHints":{"allow":["GET"]}}],"collection":[{"href":"https:\/\/tzionlibreria.com\/index.php\/wp-json\/wp\/v2\/product"}],"about":[{"href":"https:\/\/tzionlibreria.com\/index.php\/wp-json\/wp\/v2\/types\/product"}],"replies":[{"embeddable":true,"href":"https:\/\/tzionlibreria.com\/index.php\/wp-json\/wp\/v2\/comments?post=6267"}],"wp:featuredmedia":[{"embeddable":true,"href":"https:\/\/tzionlibreria.com\/index.php\/wp-json\/wp\/v2\/media\/6268"}],"wp:attachment":[{"href":"https:\/\/tzionlibreria.com\/index.php\/wp-json\/wp\/v2\/media?parent=6267"}],"wp:term":[{"taxonomy":"product_brand","embeddable":true,"href":"https:\/\/tzionlibreria.com\/index.php\/wp-json\/wp\/v2\/product_brand?post=6267"},{"taxonomy":"product_cat","embeddable":true,"href":"https:\/\/tzionlibreria.com\/index.php\/wp-json\/wp\/v2\/product_cat?post=6267"},{"taxonomy":"product_tag","embeddable":true,"href":"https:\/\/tzionlibreria.com\/index.php\/wp-json\/wp\/v2\/product_tag?post=6267"}],"curies":[{"name":"wp","href":"https:\/\/api.w.org\/{rel}","templated":true}]}}