{"id":6272,"date":"2025-11-17T19:13:44","date_gmt":"2025-11-17T19:13:44","guid":{"rendered":"https:\/\/tzionlibreria.com\/?post_type=product&#038;p=6272"},"modified":"2025-11-17T19:13:50","modified_gmt":"2025-11-17T19:13:50","slug":"biblia-inspira-ntv-tapa-dura-lavanda-filament-app","status":"publish","type":"product","link":"https:\/\/tzionlibreria.com\/index.php\/product\/biblia-inspira-ntv-tapa-dura-lavanda-filament-app\/","title":{"rendered":"Biblia Inspira NTV Tapa dura Lavanda \u2013 Filament App"},"content":{"rendered":"<div id=\"tab-description\" class=\"woocommerce-Tabs-panel woocommerce-Tabs-panel--description panel entry-content wc-tab\" role=\"tabpanel\" aria-labelledby=\"tab-title-description\">\n<h3 data-start=\"199\" data-end=\"259\"><img decoding=\"async\" class=\"emoji\" role=\"img\" draggable=\"false\" src=\"https:\/\/s.w.org\/images\/core\/emoji\/16.0.1\/svg\/1f4d6.svg\" alt=\"\ud83d\udcd6\" \/> Biblia Inspira NTV \u2013 Tapa Dura Lavanda (SentiPiel\u2122)<\/h3>\n<p data-start=\"260\" data-end=\"345\"><strong data-start=\"260\" data-end=\"310\">Ganadora del premio \u201cBiblia del A\u00f1o\u201d SEPA 2024<\/strong><\/p>\n<p data-start=\"260\" data-end=\"345\"><br data-start=\"310\" data-end=\"313\" \/><img decoding=\"async\" class=\"emoji\" role=\"img\" draggable=\"false\" src=\"https:\/\/s.w.org\/images\/core\/emoji\/16.0.1\/svg\/1f381.svg\" alt=\"\ud83c\udf81\" \/> <em data-start=\"316\" data-end=\"345\">\u00a1Incluye empaque de regalo!<\/em><\/p>\n<p data-start=\"347\" data-end=\"649\">Dise\u00f1ada para mujeres creativas que desean profundizar en la Palabra de Dios de forma art\u00edstica y reflexiva. La <strong data-start=\"459\" data-end=\"477\">Biblia Inspira<\/strong> es la versi\u00f3n en espa\u00f1ol de la galardonada <em data-start=\"521\" data-end=\"536\">Inspire Bible<\/em>, ahora con tapa dura <strong data-start=\"558\" data-end=\"580\">SentiPiel\u2122 lavanda<\/strong> y habilitada para la aplicaci\u00f3n <strong data-start=\"613\" data-end=\"625\">Filament<\/strong>, \u00a1completamente gratis!<\/p>\n<p data-start=\"348\" data-end=\"761\">La <strong data-start=\"351\" data-end=\"369\">Biblia Inspira<\/strong> es la versi\u00f3n en espa\u00f1ol de la galardonada <em data-start=\"413\" data-end=\"428\">Inspire Bible<\/em>, reconocida por combinar el arte, la meditaci\u00f3n y el estudio b\u00edblico. Con m\u00e1s de <strong data-start=\"510\" data-end=\"545\">400 ilustraciones para colorear<\/strong> y un dise\u00f1o cuidadosamente pensado para la expresi\u00f3n personal, esta Biblia es perfecta para mujeres creativas, artistas de la fe y lectoras que desean vivir una experiencia profunda y hermosa con la Palabra de Dios.<\/p>\n<p data-start=\"763\" data-end=\"798\"><img decoding=\"async\" class=\"emoji\" role=\"img\" draggable=\"false\" src=\"https:\/\/s.w.org\/images\/core\/emoji\/16.0.1\/svg\/1f3a8.svg\" alt=\"\ud83c\udfa8\" \/> <strong data-start=\"766\" data-end=\"798\">Caracter\u00edsticas principales:<\/strong><\/p>\n<ul data-start=\"799\" data-end=\"1292\">\n<li data-start=\"799\" data-end=\"873\">\n<p data-start=\"801\" data-end=\"873\"><strong data-start=\"801\" data-end=\"830\">Texto en una sola columna<\/strong> con amplio margen para notas y reflexiones<\/p>\n<\/li>\n<li data-start=\"874\" data-end=\"929\">\n<p data-start=\"876\" data-end=\"929\"><strong data-start=\"876\" data-end=\"915\">M\u00e1s de 400 ilustraciones originales<\/strong> para colorear<\/p>\n<\/li>\n<li data-start=\"930\" data-end=\"977\">\n<p data-start=\"932\" data-end=\"977\"><strong data-start=\"932\" data-end=\"977\">Arte b\u00edblico de p\u00e1gina completa y parcial<\/strong><\/p>\n<\/li>\n<li data-start=\"978\" data-end=\"1009\">\n<p data-start=\"980\" data-end=\"1009\"><strong data-start=\"980\" data-end=\"1009\">Letra legible de 8.25 pts<\/strong><\/p>\n<\/li>\n<li data-start=\"1010\" data-end=\"1064\">\n<p data-start=\"1012\" data-end=\"1064\">Encuadernaci\u00f3n en <strong data-start=\"1030\" data-end=\"1064\">SentiPiel con detalles dorados<\/strong><\/p>\n<\/li>\n<li data-start=\"1065\" data-end=\"1292\">\n<p data-start=\"1067\" data-end=\"1130\"><strong data-start=\"1067\" data-end=\"1102\">Habilitada para la App Filament<\/strong>: accede desde tu celular a:<\/p>\n<ul data-start=\"1133\" data-end=\"1292\">\n<li data-start=\"1133\" data-end=\"1159\">\n<p data-start=\"1135\" data-end=\"1159\">+25.000 notas de estudio<\/p>\n<\/li>\n<li data-start=\"1162\" data-end=\"1179\">\n<p data-start=\"1164\" data-end=\"1179\">Biblia en audio<\/p>\n<\/li>\n<li data-start=\"1182\" data-end=\"1248\">\n<p data-start=\"1184\" data-end=\"1248\">Videos, mapas, perfiles, devocionales, art\u00edculos tem\u00e1ticos y m\u00e1s<\/p>\n<\/li>\n<li data-start=\"1251\" data-end=\"1292\">\n<p data-start=\"1253\" data-end=\"1292\">M\u00fasica de adoraci\u00f3n y planes de lectura<\/p>\n<\/li>\n<\/ul>\n<\/li>\n<\/ul>\n<p data-start=\"1294\" data-end=\"1394\"><img decoding=\"async\" class=\"emoji\" role=\"img\" draggable=\"false\" src=\"https:\/\/s.w.org\/images\/core\/emoji\/16.0.1\/svg\/1f58c.svg\" alt=\"\ud83d\udd8c\ufe0f\" \/> <em data-start=\"1298\" data-end=\"1394\">Ideal para devocionales, tiempos creativos con Dios o grupos peque\u00f1os con prop\u00f3sito art\u00edstico.<\/em><\/p>\n<\/div>\n","protected":false},"excerpt":{"rendered":"<p>Biblia Inspira NTV \u2013 Tapa Dura Lavanda (SentiPiel\u2122) Ganadora del premio \u201cBiblia del A\u00f1o\u201d SEPA 2024 \u00a1Incluye empaque de regalo! Dise\u00f1ada para mujeres creativas que desean profundizar en la Palabra de Dios de forma art\u00edstica y reflexiva. La Biblia Inspira es la versi\u00f3n en espa\u00f1ol de la galardonada Inspire Bible, ahora con tapa dura SentiPiel\u2122 [&hellip;]<\/p>\n","protected":false},"featured_media":6273,"comment_status":"open","ping_status":"closed","template":"","meta":{"om_disable_all_campaigns":false,"_monsterinsights_skip_tracking":false,"_monsterinsights_sitenote_active":false,"_monsterinsights_sitenote_note":"","_monsterinsights_sitenote_category":0,"site-sidebar-layout":"default","site-content-layout":"","ast-site-content-layout":"default","site-content-style":"default","site-sidebar-style":"default","ast-global-header-display":"","ast-banner-title-visibility":"","ast-main-header-display":"","ast-hfb-above-header-display":"","ast-hfb-below-header-display":"","ast-hfb-mobile-header-display":"","site-post-title":"","ast-breadcrumbs-content":"","ast-featured-img":"","footer-sml-layout":"","ast-disable-related-posts":"","theme-transparent-header-meta":"default","adv-header-id-meta":"","stick-header-meta":"","header-above-stick-meta":"","header-main-stick-meta":"","header-below-stick-meta":"","astra-migrate-meta-layouts":"set","ast-page-background-enabled":"default","ast-page-background-meta":{"desktop":{"background-color":"var(--ast-global-color-4)","background-image":"","background-repeat":"repeat","background-position":"center center","background-size":"auto","background-attachment":"scroll","background-type":"","background-media":"","overlay-type":"","overlay-color":"","overlay-opacity":"","overlay-gradient":""},"tablet":{"background-color":"","background-image":"","background-repeat":"repeat","background-position":"center center","background-size":"auto","background-attachment":"scroll","background-type":"","background-media":"","overlay-type":"","overlay-color":"","overlay-opacity":"","overlay-gradient":""},"mobile":{"background-color":"","background-image":"","background-repeat":"repeat","background-position":"center center","background-size":"auto","background-attachment":"scroll","background-type":"","background-media":"","overlay-type":"","overlay-color":"","overlay-opacity":"","overlay-gradient":""}},"ast-content-background-meta":{"desktop":{"background-color":"var(--ast-global-color-5)","background-image":"","background-repeat":"repeat","background-position":"center center","background-size":"auto","background-attachment":"scroll","background-type":"","background-media":"","overlay-type":"","overlay-color":"","overlay-opacity":"","overlay-gradient":""},"tablet":{"background-color":"var(--ast-global-color-5)","background-image":"","background-repeat":"repeat","background-position":"center center","background-size":"auto","background-attachment":"scroll","background-type":"","background-media":"","overlay-type":"","overlay-color":"","overlay-opacity":"","overlay-gradient":""},"mobile":{"background-color":"var(--ast-global-color-5)","background-image":"","background-repeat":"repeat","background-position":"center center","background-size":"auto","background-attachment":"scroll","background-type":"","background-media":"","overlay-type":"","overlay-color":"","overlay-opacity":"","overlay-gradient":""}}},"product_brand":[],"product_cat":[22,31],"product_tag":[],"class_list":{"0":"post-6272","1":"product","2":"type-product","3":"status-publish","4":"has-post-thumbnail","6":"product_cat-biblias","7":"product_cat-biblias-ntv","8":"desktop-align-left","9":"tablet-align-left","10":"mobile-align-left","12":"first","13":"instock","14":"shipping-taxable","15":"purchasable","16":"product-type-simple"},"yoast_head":"<!-- This site is optimized with the Yoast SEO plugin v27.4 - https:\/\/yoast.com\/product\/yoast-seo-wordpress\/ -->\n<title>Biblia Inspira NTV Tapa dura Lavanda \u2013 Filament App - tzionlibreria.com<\/title>\n<meta name=\"robots\" content=\"index, follow, max-snippet:-1, max-image-preview:large, max-video-preview:-1\" \/>\n<link rel=\"canonical\" href=\"https:\/\/tzionlibreria.com\/index.php\/product\/biblia-inspira-ntv-tapa-dura-lavanda-filament-app\/\" \/>\n<meta property=\"og:locale\" content=\"es_ES\" \/>\n<meta property=\"og:type\" content=\"article\" \/>\n<meta property=\"og:title\" content=\"Biblia Inspira NTV Tapa dura Lavanda \u2013 Filament App - tzionlibreria.com\" \/>\n<meta property=\"og:description\" content=\"Biblia Inspira NTV \u2013 Tapa Dura Lavanda (SentiPiel\u2122) Ganadora del premio \u201cBiblia del A\u00f1o\u201d SEPA 2024 \u00a1Incluye empaque de regalo! Dise\u00f1ada para mujeres creativas que desean profundizar en la Palabra de Dios de forma art\u00edstica y reflexiva. La Biblia Inspira es la versi\u00f3n en espa\u00f1ol de la galardonada Inspire Bible, ahora con tapa dura SentiPiel\u2122 [&hellip;]\" \/>\n<meta property=\"og:url\" content=\"https:\/\/tzionlibreria.com\/index.php\/product\/biblia-inspira-ntv-tapa-dura-lavanda-filament-app\/\" \/>\n<meta property=\"og:site_name\" content=\"tzionlibreria.com\" \/>\n<meta property=\"article:modified_time\" content=\"2025-11-17T19:13:50+00:00\" \/>\n<meta property=\"og:image\" content=\"http:\/\/tzionlibreria.com\/wp-content\/uploads\/2025\/11\/9798400509537.jpg\" \/>\n\t<meta property=\"og:image:width\" content=\"1200\" \/>\n\t<meta property=\"og:image:height\" content=\"1200\" \/>\n\t<meta property=\"og:image:type\" content=\"image\/jpeg\" \/>\n<meta name=\"twitter:card\" content=\"summary_large_image\" \/>\n<meta name=\"twitter:label1\" content=\"Tiempo de lectura\" \/>\n\t<meta name=\"twitter:data1\" content=\"2 minutos\" \/>\n<script type=\"application\/ld+json\" class=\"yoast-schema-graph\">{\"@context\":\"https:\\\/\\\/schema.org\",\"@graph\":[{\"@type\":\"WebPage\",\"@id\":\"https:\\\/\\\/tzionlibreria.com\\\/index.php\\\/product\\\/biblia-inspira-ntv-tapa-dura-lavanda-filament-app\\\/\",\"url\":\"https:\\\/\\\/tzionlibreria.com\\\/index.php\\\/product\\\/biblia-inspira-ntv-tapa-dura-lavanda-filament-app\\\/\",\"name\":\"Biblia Inspira NTV Tapa dura Lavanda \u2013 Filament App - tzionlibreria.com\",\"isPartOf\":{\"@id\":\"https:\\\/\\\/tzionlibreria.com\\\/#website\"},\"primaryImageOfPage\":{\"@id\":\"https:\\\/\\\/tzionlibreria.com\\\/index.php\\\/product\\\/biblia-inspira-ntv-tapa-dura-lavanda-filament-app\\\/#primaryimage\"},\"image\":{\"@id\":\"https:\\\/\\\/tzionlibreria.com\\\/index.php\\\/product\\\/biblia-inspira-ntv-tapa-dura-lavanda-filament-app\\\/#primaryimage\"},\"thumbnailUrl\":\"https:\\\/\\\/tzionlibreria.com\\\/wp-content\\\/uploads\\\/2025\\\/11\\\/9798400509537.jpg\",\"datePublished\":\"2025-11-17T19:13:44+00:00\",\"dateModified\":\"2025-11-17T19:13:50+00:00\",\"breadcrumb\":{\"@id\":\"https:\\\/\\\/tzionlibreria.com\\\/index.php\\\/product\\\/biblia-inspira-ntv-tapa-dura-lavanda-filament-app\\\/#breadcrumb\"},\"inLanguage\":\"es-CO\",\"potentialAction\":[{\"@type\":\"ReadAction\",\"target\":[\"https:\\\/\\\/tzionlibreria.com\\\/index.php\\\/product\\\/biblia-inspira-ntv-tapa-dura-lavanda-filament-app\\\/\"]}]},{\"@type\":\"ImageObject\",\"inLanguage\":\"es-CO\",\"@id\":\"https:\\\/\\\/tzionlibreria.com\\\/index.php\\\/product\\\/biblia-inspira-ntv-tapa-dura-lavanda-filament-app\\\/#primaryimage\",\"url\":\"https:\\\/\\\/tzionlibreria.com\\\/wp-content\\\/uploads\\\/2025\\\/11\\\/9798400509537.jpg\",\"contentUrl\":\"https:\\\/\\\/tzionlibreria.com\\\/wp-content\\\/uploads\\\/2025\\\/11\\\/9798400509537.jpg\",\"width\":1200,\"height\":1200},{\"@type\":\"BreadcrumbList\",\"@id\":\"https:\\\/\\\/tzionlibreria.com\\\/index.php\\\/product\\\/biblia-inspira-ntv-tapa-dura-lavanda-filament-app\\\/#breadcrumb\",\"itemListElement\":[{\"@type\":\"ListItem\",\"position\":1,\"name\":\"Inicio\",\"item\":\"https:\\\/\\\/tzionlibreria.com\\\/\"},{\"@type\":\"ListItem\",\"position\":2,\"name\":\"Shop\",\"item\":\"https:\\\/\\\/tzionlibreria.com\\\/index.php\\\/shop\\\/\"},{\"@type\":\"ListItem\",\"position\":3,\"name\":\"Biblia Inspira NTV Tapa dura Lavanda \u2013 Filament App\"}]},{\"@type\":\"WebSite\",\"@id\":\"https:\\\/\\\/tzionlibreria.com\\\/#website\",\"url\":\"https:\\\/\\\/tzionlibreria.com\\\/\",\"name\":\"tzionlibreria.com\",\"description\":\"Libreria Cristiana Venezuela\",\"publisher\":{\"@id\":\"https:\\\/\\\/tzionlibreria.com\\\/#organization\"},\"potentialAction\":[{\"@type\":\"SearchAction\",\"target\":{\"@type\":\"EntryPoint\",\"urlTemplate\":\"https:\\\/\\\/tzionlibreria.com\\\/?s={search_term_string}\"},\"query-input\":{\"@type\":\"PropertyValueSpecification\",\"valueRequired\":true,\"valueName\":\"search_term_string\"}}],\"inLanguage\":\"es-CO\"},{\"@type\":\"Organization\",\"@id\":\"https:\\\/\\\/tzionlibreria.com\\\/#organization\",\"name\":\"tzionlibreria.com\",\"url\":\"https:\\\/\\\/tzionlibreria.com\\\/\",\"logo\":{\"@type\":\"ImageObject\",\"inLanguage\":\"es-CO\",\"@id\":\"https:\\\/\\\/tzionlibreria.com\\\/#\\\/schema\\\/logo\\\/image\\\/\",\"url\":\"https:\\\/\\\/tzionlibreria.com\\\/wp-content\\\/uploads\\\/2023\\\/10\\\/cropped-Cuadricula-scaled-1.jpg\",\"contentUrl\":\"https:\\\/\\\/tzionlibreria.com\\\/wp-content\\\/uploads\\\/2023\\\/10\\\/cropped-Cuadricula-scaled-1.jpg\",\"width\":2560,\"height\":2560,\"caption\":\"tzionlibreria.com\"},\"image\":{\"@id\":\"https:\\\/\\\/tzionlibreria.com\\\/#\\\/schema\\\/logo\\\/image\\\/\"}}]}<\/script>\n<!-- \/ Yoast SEO plugin. -->","yoast_head_json":{"title":"Biblia Inspira NTV Tapa dura Lavanda \u2013 Filament App - tzionlibreria.com","robots":{"index":"index","follow":"follow","max-snippet":"max-snippet:-1","max-image-preview":"max-image-preview:large","max-video-preview":"max-video-preview:-1"},"canonical":"https:\/\/tzionlibreria.com\/index.php\/product\/biblia-inspira-ntv-tapa-dura-lavanda-filament-app\/","og_locale":"es_ES","og_type":"article","og_title":"Biblia Inspira NTV Tapa dura Lavanda \u2013 Filament App - tzionlibreria.com","og_description":"Biblia Inspira NTV \u2013 Tapa Dura Lavanda (SentiPiel\u2122) Ganadora del premio \u201cBiblia del A\u00f1o\u201d SEPA 2024 \u00a1Incluye empaque de regalo! Dise\u00f1ada para mujeres creativas que desean profundizar en la Palabra de Dios de forma art\u00edstica y reflexiva. La Biblia Inspira es la versi\u00f3n en espa\u00f1ol de la galardonada Inspire Bible, ahora con tapa dura SentiPiel\u2122 [&hellip;]","og_url":"https:\/\/tzionlibreria.com\/index.php\/product\/biblia-inspira-ntv-tapa-dura-lavanda-filament-app\/","og_site_name":"tzionlibreria.com","article_modified_time":"2025-11-17T19:13:50+00:00","og_image":[{"width":1200,"height":1200,"url":"http:\/\/tzionlibreria.com\/wp-content\/uploads\/2025\/11\/9798400509537.jpg","type":"image\/jpeg"}],"twitter_card":"summary_large_image","twitter_misc":{"Tiempo de lectura":"2 minutos"},"schema":{"@context":"https:\/\/schema.org","@graph":[{"@type":"WebPage","@id":"https:\/\/tzionlibreria.com\/index.php\/product\/biblia-inspira-ntv-tapa-dura-lavanda-filament-app\/","url":"https:\/\/tzionlibreria.com\/index.php\/product\/biblia-inspira-ntv-tapa-dura-lavanda-filament-app\/","name":"Biblia Inspira NTV Tapa dura Lavanda \u2013 Filament App - tzionlibreria.com","isPartOf":{"@id":"https:\/\/tzionlibreria.com\/#website"},"primaryImageOfPage":{"@id":"https:\/\/tzionlibreria.com\/index.php\/product\/biblia-inspira-ntv-tapa-dura-lavanda-filament-app\/#primaryimage"},"image":{"@id":"https:\/\/tzionlibreria.com\/index.php\/product\/biblia-inspira-ntv-tapa-dura-lavanda-filament-app\/#primaryimage"},"thumbnailUrl":"https:\/\/tzionlibreria.com\/wp-content\/uploads\/2025\/11\/9798400509537.jpg","datePublished":"2025-11-17T19:13:44+00:00","dateModified":"2025-11-17T19:13:50+00:00","breadcrumb":{"@id":"https:\/\/tzionlibreria.com\/index.php\/product\/biblia-inspira-ntv-tapa-dura-lavanda-filament-app\/#breadcrumb"},"inLanguage":"es-CO","potentialAction":[{"@type":"ReadAction","target":["https:\/\/tzionlibreria.com\/index.php\/product\/biblia-inspira-ntv-tapa-dura-lavanda-filament-app\/"]}]},{"@type":"ImageObject","inLanguage":"es-CO","@id":"https:\/\/tzionlibreria.com\/index.php\/product\/biblia-inspira-ntv-tapa-dura-lavanda-filament-app\/#primaryimage","url":"https:\/\/tzionlibreria.com\/wp-content\/uploads\/2025\/11\/9798400509537.jpg","contentUrl":"https:\/\/tzionlibreria.com\/wp-content\/uploads\/2025\/11\/9798400509537.jpg","width":1200,"height":1200},{"@type":"BreadcrumbList","@id":"https:\/\/tzionlibreria.com\/index.php\/product\/biblia-inspira-ntv-tapa-dura-lavanda-filament-app\/#breadcrumb","itemListElement":[{"@type":"ListItem","position":1,"name":"Inicio","item":"https:\/\/tzionlibreria.com\/"},{"@type":"ListItem","position":2,"name":"Shop","item":"https:\/\/tzionlibreria.com\/index.php\/shop\/"},{"@type":"ListItem","position":3,"name":"Biblia Inspira NTV Tapa dura Lavanda \u2013 Filament App"}]},{"@type":"WebSite","@id":"https:\/\/tzionlibreria.com\/#website","url":"https:\/\/tzionlibreria.com\/","name":"tzionlibreria.com","description":"Libreria Cristiana Venezuela","publisher":{"@id":"https:\/\/tzionlibreria.com\/#organization"},"potentialAction":[{"@type":"SearchAction","target":{"@type":"EntryPoint","urlTemplate":"https:\/\/tzionlibreria.com\/?s={search_term_string}"},"query-input":{"@type":"PropertyValueSpecification","valueRequired":true,"valueName":"search_term_string"}}],"inLanguage":"es-CO"},{"@type":"Organization","@id":"https:\/\/tzionlibreria.com\/#organization","name":"tzionlibreria.com","url":"https:\/\/tzionlibreria.com\/","logo":{"@type":"ImageObject","inLanguage":"es-CO","@id":"https:\/\/tzionlibreria.com\/#\/schema\/logo\/image\/","url":"https:\/\/tzionlibreria.com\/wp-content\/uploads\/2023\/10\/cropped-Cuadricula-scaled-1.jpg","contentUrl":"https:\/\/tzionlibreria.com\/wp-content\/uploads\/2023\/10\/cropped-Cuadricula-scaled-1.jpg","width":2560,"height":2560,"caption":"tzionlibreria.com"},"image":{"@id":"https:\/\/tzionlibreria.com\/#\/schema\/logo\/image\/"}}]}},"jetpack_sharing_enabled":true,"_links":{"self":[{"href":"https:\/\/tzionlibreria.com\/index.php\/wp-json\/wp\/v2\/product\/6272","targetHints":{"allow":["GET"]}}],"collection":[{"href":"https:\/\/tzionlibreria.com\/index.php\/wp-json\/wp\/v2\/product"}],"about":[{"href":"https:\/\/tzionlibreria.com\/index.php\/wp-json\/wp\/v2\/types\/product"}],"replies":[{"embeddable":true,"href":"https:\/\/tzionlibreria.com\/index.php\/wp-json\/wp\/v2\/comments?post=6272"}],"wp:featuredmedia":[{"embeddable":true,"href":"https:\/\/tzionlibreria.com\/index.php\/wp-json\/wp\/v2\/media\/6273"}],"wp:attachment":[{"href":"https:\/\/tzionlibreria.com\/index.php\/wp-json\/wp\/v2\/media?parent=6272"}],"wp:term":[{"taxonomy":"product_brand","embeddable":true,"href":"https:\/\/tzionlibreria.com\/index.php\/wp-json\/wp\/v2\/product_brand?post=6272"},{"taxonomy":"product_cat","embeddable":true,"href":"https:\/\/tzionlibreria.com\/index.php\/wp-json\/wp\/v2\/product_cat?post=6272"},{"taxonomy":"product_tag","embeddable":true,"href":"https:\/\/tzionlibreria.com\/index.php\/wp-json\/wp\/v2\/product_tag?post=6272"}],"curies":[{"name":"wp","href":"https:\/\/api.w.org\/{rel}","templated":true}]}}