{"id":6293,"date":"2025-11-17T19:49:33","date_gmt":"2025-11-17T19:49:33","guid":{"rendered":"https:\/\/tzionlibreria.com\/?post_type=product&#038;p=6293"},"modified":"2025-11-17T19:49:38","modified_gmt":"2025-11-17T19:49:38","slug":"el-precio-de-la-gracia-dietrich-bonhoeffer-biblioteca-de-clasicos-cristianos-tomo-18","status":"publish","type":"product","link":"https:\/\/tzionlibreria.com\/index.php\/product\/el-precio-de-la-gracia-dietrich-bonhoeffer-biblioteca-de-clasicos-cristianos-tomo-18\/","title":{"rendered":"El precio de la Gracia \u2013 Dietrich Bonhoeffer \u2013 Biblioteca de cl\u00e1sicos cristianos. Tomo 18."},"content":{"rendered":"<div id=\"tab-description\" class=\"woocommerce-Tabs-panel woocommerce-Tabs-panel--description panel entry-content wc-tab\" role=\"tabpanel\" aria-labelledby=\"tab-title-description\">\n<p>\u201cTodos necesitamos libros que corrijan los errores caracter\u00edsticos de nuestro propio per\u00edodo y esos son los libros antiguos. Podemos estar seguros que la ceguera caracter\u00edstica del siglo XX radica donde nunca hemos sospechado. Nadie puede escapar por completo de esa ceguera. El \u00fanico paliativo es mantener soplando la brisa limpia del mar de los siglos y esto solo puede lograrse leyendo libros antiguos\u201d<\/p>\n<p>(Dios en el banquillo. Rialp, Madrid 2002).<\/p>\n<p>El protestantismo en Espa\u00f1a y Am\u00e9rica Latina adolece de un grave problema: Ignora a sus grandes autores, a sus autores cl\u00e1sicos, a sus viejos autores, que en sus a\u00f1os acumulan sabidur\u00eda y experiencia vital. Si bien nada hay m\u00e1s cierto que las Escrituras son y deben ser el pilar fundamental de la fe y de la pr\u00e1ctica, no lo es menos que los autores cl\u00e1sicos son fuentes de ilustraci\u00f3n que no deber\u00edamos despreciar y acudir a beber de ellos m\u00e1s a menudo. Solo as\u00ed la \u201cbrisa limpia del mar de los siglos\u201d podr\u00e1 despejar nuestra ceguera caracter\u00edstica del siglo presente. Seg\u00fan la Biblia, a veces \u201cla senda antigua\u201d (Jerem\u00edas 6:16), es la que mejor ilumina el camino y gratifica el alma.<\/p>\n<p>El obietivo de la Biblioteca de Cl\u00e1sicos cristianos, editados por Abba, es recuperar y poner a disposici\u00f3n del pueblo hispano la sabidur\u00eda que Dios puso a nuestros antepasados en la fe. Muchos de ellos son editados por primera vez en espa\u00f1ol, y otros son recuperados y revisados completamente para una mejor comprensi\u00f3n en el siglo XXI.<\/p>\n<p>La Biblioteca de Cl\u00e1sicos Cristianos est\u00e1 compuesta por las obras cl\u00e1sicas que todo cristiano deber\u00eda leer por lo menos una vez en la vida. Son pozos de sabidur\u00eda B\u00edblica que nos hablan desde los siglos. La Biblioteca de Cl\u00e1sicos cristianos tiene las siguientes caracter\u00edsticas:<\/p>\n<p>1. Gran colecci\u00f3n de m\u00e1s de 50 tomos.<\/p>\n<p>2. Encuadernaci\u00f3n de gran lujo en imitaci\u00f3n piel y tela de gran belleza est\u00e9tica.<\/p>\n<p>3. Interdenominacional: Autores cl\u00e1sicos de todos los movimientos hist\u00f3ricos protestantes.<\/p>\n<p>4. Pr\u00f3logos por expertos en la obra y la vida del autor. En \u00e9l se nos detallar\u00e1 la biograf\u00eda, el contexto hist\u00f3rico y la obra de cada escritor cl\u00e1sico.<\/p>\n<p>5. Interior dise\u00f1ado a dos colores.<\/p>\n<p>6. Letra grande de 12 puntos, para que todos los lectores puedan disfrutar de las bendiciones de estos cl\u00e1sicos.<\/p>\n<p>7. Secciones en blanco al final de cada cap\u00edtulo para tomar notas y tener un tiempo de meditaci\u00f3n sobre la lectura realizada.<\/p>\n<\/div>\n","protected":false},"excerpt":{"rendered":"<p>\u201cTodos necesitamos libros que corrijan los errores caracter\u00edsticos de nuestro propio per\u00edodo y esos son los libros antiguos. Podemos estar seguros que la ceguera caracter\u00edstica del siglo XX radica donde nunca hemos sospechado. Nadie puede escapar por completo de esa ceguera. El \u00fanico paliativo es mantener soplando la brisa limpia del mar de los siglos [&hellip;]<\/p>\n","protected":false},"featured_media":6294,"comment_status":"open","ping_status":"closed","template":"","meta":{"om_disable_all_campaigns":false,"_monsterinsights_skip_tracking":false,"_monsterinsights_sitenote_active":false,"_monsterinsights_sitenote_note":"","_monsterinsights_sitenote_category":0,"site-sidebar-layout":"default","site-content-layout":"","ast-site-content-layout":"default","site-content-style":"default","site-sidebar-style":"default","ast-global-header-display":"","ast-banner-title-visibility":"","ast-main-header-display":"","ast-hfb-above-header-display":"","ast-hfb-below-header-display":"","ast-hfb-mobile-header-display":"","site-post-title":"","ast-breadcrumbs-content":"","ast-featured-img":"","footer-sml-layout":"","ast-disable-related-posts":"","theme-transparent-header-meta":"default","adv-header-id-meta":"","stick-header-meta":"","header-above-stick-meta":"","header-main-stick-meta":"","header-below-stick-meta":"","astra-migrate-meta-layouts":"set","ast-page-background-enabled":"default","ast-page-background-meta":{"desktop":{"background-color":"var(--ast-global-color-4)","background-image":"","background-repeat":"repeat","background-position":"center center","background-size":"auto","background-attachment":"scroll","background-type":"","background-media":"","overlay-type":"","overlay-color":"","overlay-opacity":"","overlay-gradient":""},"tablet":{"background-color":"","background-image":"","background-repeat":"repeat","background-position":"center center","background-size":"auto","background-attachment":"scroll","background-type":"","background-media":"","overlay-type":"","overlay-color":"","overlay-opacity":"","overlay-gradient":""},"mobile":{"background-color":"","background-image":"","background-repeat":"repeat","background-position":"center center","background-size":"auto","background-attachment":"scroll","background-type":"","background-media":"","overlay-type":"","overlay-color":"","overlay-opacity":"","overlay-gradient":""}},"ast-content-background-meta":{"desktop":{"background-color":"var(--ast-global-color-5)","background-image":"","background-repeat":"repeat","background-position":"center center","background-size":"auto","background-attachment":"scroll","background-type":"","background-media":"","overlay-type":"","overlay-color":"","overlay-opacity":"","overlay-gradient":""},"tablet":{"background-color":"var(--ast-global-color-5)","background-image":"","background-repeat":"repeat","background-position":"center center","background-size":"auto","background-attachment":"scroll","background-type":"","background-media":"","overlay-type":"","overlay-color":"","overlay-opacity":"","overlay-gradient":""},"mobile":{"background-color":"var(--ast-global-color-5)","background-image":"","background-repeat":"repeat","background-position":"center center","background-size":"auto","background-attachment":"scroll","background-type":"","background-media":"","overlay-type":"","overlay-color":"","overlay-opacity":"","overlay-gradient":""}}},"product_brand":[],"product_cat":[174,23,175],"product_tag":[],"class_list":{"0":"post-6293","1":"product","2":"type-product","3":"status-publish","4":"has-post-thumbnail","6":"product_cat-iglesia","7":"product_cat-libros","8":"product_cat-liderazgo","9":"desktop-align-left","10":"tablet-align-left","11":"mobile-align-left","13":"first","14":"instock","15":"shipping-taxable","16":"purchasable","17":"product-type-simple"},"yoast_head":"<!-- This site is optimized with the Yoast SEO plugin v27.4 - https:\/\/yoast.com\/product\/yoast-seo-wordpress\/ -->\n<title>El precio de la Gracia \u2013 Dietrich Bonhoeffer \u2013 Biblioteca de cl\u00e1sicos cristianos. Tomo 18. - tzionlibreria.com<\/title>\n<meta name=\"robots\" content=\"index, follow, max-snippet:-1, max-image-preview:large, max-video-preview:-1\" \/>\n<link rel=\"canonical\" href=\"https:\/\/tzionlibreria.com\/index.php\/product\/el-precio-de-la-gracia-dietrich-bonhoeffer-biblioteca-de-clasicos-cristianos-tomo-18\/\" \/>\n<meta property=\"og:locale\" content=\"es_ES\" \/>\n<meta property=\"og:type\" content=\"article\" \/>\n<meta property=\"og:title\" content=\"El precio de la Gracia \u2013 Dietrich Bonhoeffer \u2013 Biblioteca de cl\u00e1sicos cristianos. Tomo 18. - tzionlibreria.com\" \/>\n<meta property=\"og:description\" content=\"\u201cTodos necesitamos libros que corrijan los errores caracter\u00edsticos de nuestro propio per\u00edodo y esos son los libros antiguos. Podemos estar seguros que la ceguera caracter\u00edstica del siglo XX radica donde nunca hemos sospechado. Nadie puede escapar por completo de esa ceguera. El \u00fanico paliativo es mantener soplando la brisa limpia del mar de los siglos [&hellip;]\" \/>\n<meta property=\"og:url\" content=\"https:\/\/tzionlibreria.com\/index.php\/product\/el-precio-de-la-gracia-dietrich-bonhoeffer-biblioteca-de-clasicos-cristianos-tomo-18\/\" \/>\n<meta property=\"og:site_name\" content=\"tzionlibreria.com\" \/>\n<meta property=\"article:modified_time\" content=\"2025-11-17T19:49:38+00:00\" \/>\n<meta property=\"og:image\" content=\"http:\/\/tzionlibreria.com\/wp-content\/uploads\/2025\/11\/9798885167680-.jpg\" \/>\n\t<meta property=\"og:image:width\" content=\"1200\" \/>\n\t<meta property=\"og:image:height\" content=\"1200\" \/>\n\t<meta property=\"og:image:type\" content=\"image\/jpeg\" \/>\n<meta name=\"twitter:card\" content=\"summary_large_image\" \/>\n<meta name=\"twitter:label1\" content=\"Tiempo de lectura\" \/>\n\t<meta name=\"twitter:data1\" content=\"3 minutos\" \/>\n<script type=\"application\/ld+json\" class=\"yoast-schema-graph\">{\"@context\":\"https:\\\/\\\/schema.org\",\"@graph\":[{\"@type\":\"WebPage\",\"@id\":\"https:\\\/\\\/tzionlibreria.com\\\/index.php\\\/product\\\/el-precio-de-la-gracia-dietrich-bonhoeffer-biblioteca-de-clasicos-cristianos-tomo-18\\\/\",\"url\":\"https:\\\/\\\/tzionlibreria.com\\\/index.php\\\/product\\\/el-precio-de-la-gracia-dietrich-bonhoeffer-biblioteca-de-clasicos-cristianos-tomo-18\\\/\",\"name\":\"El precio de la Gracia \u2013 Dietrich Bonhoeffer \u2013 Biblioteca de cl\u00e1sicos cristianos. Tomo 18. - tzionlibreria.com\",\"isPartOf\":{\"@id\":\"https:\\\/\\\/tzionlibreria.com\\\/#website\"},\"primaryImageOfPage\":{\"@id\":\"https:\\\/\\\/tzionlibreria.com\\\/index.php\\\/product\\\/el-precio-de-la-gracia-dietrich-bonhoeffer-biblioteca-de-clasicos-cristianos-tomo-18\\\/#primaryimage\"},\"image\":{\"@id\":\"https:\\\/\\\/tzionlibreria.com\\\/index.php\\\/product\\\/el-precio-de-la-gracia-dietrich-bonhoeffer-biblioteca-de-clasicos-cristianos-tomo-18\\\/#primaryimage\"},\"thumbnailUrl\":\"https:\\\/\\\/tzionlibreria.com\\\/wp-content\\\/uploads\\\/2025\\\/11\\\/9798885167680-.jpg\",\"datePublished\":\"2025-11-17T19:49:33+00:00\",\"dateModified\":\"2025-11-17T19:49:38+00:00\",\"breadcrumb\":{\"@id\":\"https:\\\/\\\/tzionlibreria.com\\\/index.php\\\/product\\\/el-precio-de-la-gracia-dietrich-bonhoeffer-biblioteca-de-clasicos-cristianos-tomo-18\\\/#breadcrumb\"},\"inLanguage\":\"es-CO\",\"potentialAction\":[{\"@type\":\"ReadAction\",\"target\":[\"https:\\\/\\\/tzionlibreria.com\\\/index.php\\\/product\\\/el-precio-de-la-gracia-dietrich-bonhoeffer-biblioteca-de-clasicos-cristianos-tomo-18\\\/\"]}]},{\"@type\":\"ImageObject\",\"inLanguage\":\"es-CO\",\"@id\":\"https:\\\/\\\/tzionlibreria.com\\\/index.php\\\/product\\\/el-precio-de-la-gracia-dietrich-bonhoeffer-biblioteca-de-clasicos-cristianos-tomo-18\\\/#primaryimage\",\"url\":\"https:\\\/\\\/tzionlibreria.com\\\/wp-content\\\/uploads\\\/2025\\\/11\\\/9798885167680-.jpg\",\"contentUrl\":\"https:\\\/\\\/tzionlibreria.com\\\/wp-content\\\/uploads\\\/2025\\\/11\\\/9798885167680-.jpg\",\"width\":1200,\"height\":1200},{\"@type\":\"BreadcrumbList\",\"@id\":\"https:\\\/\\\/tzionlibreria.com\\\/index.php\\\/product\\\/el-precio-de-la-gracia-dietrich-bonhoeffer-biblioteca-de-clasicos-cristianos-tomo-18\\\/#breadcrumb\",\"itemListElement\":[{\"@type\":\"ListItem\",\"position\":1,\"name\":\"Inicio\",\"item\":\"https:\\\/\\\/tzionlibreria.com\\\/\"},{\"@type\":\"ListItem\",\"position\":2,\"name\":\"Shop\",\"item\":\"https:\\\/\\\/tzionlibreria.com\\\/index.php\\\/shop\\\/\"},{\"@type\":\"ListItem\",\"position\":3,\"name\":\"El precio de la Gracia \u2013 Dietrich Bonhoeffer \u2013 Biblioteca de cl\u00e1sicos cristianos. Tomo 18.\"}]},{\"@type\":\"WebSite\",\"@id\":\"https:\\\/\\\/tzionlibreria.com\\\/#website\",\"url\":\"https:\\\/\\\/tzionlibreria.com\\\/\",\"name\":\"tzionlibreria.com\",\"description\":\"Libreria Cristiana Venezuela\",\"publisher\":{\"@id\":\"https:\\\/\\\/tzionlibreria.com\\\/#organization\"},\"potentialAction\":[{\"@type\":\"SearchAction\",\"target\":{\"@type\":\"EntryPoint\",\"urlTemplate\":\"https:\\\/\\\/tzionlibreria.com\\\/?s={search_term_string}\"},\"query-input\":{\"@type\":\"PropertyValueSpecification\",\"valueRequired\":true,\"valueName\":\"search_term_string\"}}],\"inLanguage\":\"es-CO\"},{\"@type\":\"Organization\",\"@id\":\"https:\\\/\\\/tzionlibreria.com\\\/#organization\",\"name\":\"tzionlibreria.com\",\"url\":\"https:\\\/\\\/tzionlibreria.com\\\/\",\"logo\":{\"@type\":\"ImageObject\",\"inLanguage\":\"es-CO\",\"@id\":\"https:\\\/\\\/tzionlibreria.com\\\/#\\\/schema\\\/logo\\\/image\\\/\",\"url\":\"https:\\\/\\\/tzionlibreria.com\\\/wp-content\\\/uploads\\\/2023\\\/10\\\/cropped-Cuadricula-scaled-1.jpg\",\"contentUrl\":\"https:\\\/\\\/tzionlibreria.com\\\/wp-content\\\/uploads\\\/2023\\\/10\\\/cropped-Cuadricula-scaled-1.jpg\",\"width\":2560,\"height\":2560,\"caption\":\"tzionlibreria.com\"},\"image\":{\"@id\":\"https:\\\/\\\/tzionlibreria.com\\\/#\\\/schema\\\/logo\\\/image\\\/\"}}]}<\/script>\n<!-- \/ Yoast SEO plugin. -->","yoast_head_json":{"title":"El precio de la Gracia \u2013 Dietrich Bonhoeffer \u2013 Biblioteca de cl\u00e1sicos cristianos. Tomo 18. - tzionlibreria.com","robots":{"index":"index","follow":"follow","max-snippet":"max-snippet:-1","max-image-preview":"max-image-preview:large","max-video-preview":"max-video-preview:-1"},"canonical":"https:\/\/tzionlibreria.com\/index.php\/product\/el-precio-de-la-gracia-dietrich-bonhoeffer-biblioteca-de-clasicos-cristianos-tomo-18\/","og_locale":"es_ES","og_type":"article","og_title":"El precio de la Gracia \u2013 Dietrich Bonhoeffer \u2013 Biblioteca de cl\u00e1sicos cristianos. Tomo 18. - tzionlibreria.com","og_description":"\u201cTodos necesitamos libros que corrijan los errores caracter\u00edsticos de nuestro propio per\u00edodo y esos son los libros antiguos. Podemos estar seguros que la ceguera caracter\u00edstica del siglo XX radica donde nunca hemos sospechado. Nadie puede escapar por completo de esa ceguera. El \u00fanico paliativo es mantener soplando la brisa limpia del mar de los siglos [&hellip;]","og_url":"https:\/\/tzionlibreria.com\/index.php\/product\/el-precio-de-la-gracia-dietrich-bonhoeffer-biblioteca-de-clasicos-cristianos-tomo-18\/","og_site_name":"tzionlibreria.com","article_modified_time":"2025-11-17T19:49:38+00:00","og_image":[{"width":1200,"height":1200,"url":"http:\/\/tzionlibreria.com\/wp-content\/uploads\/2025\/11\/9798885167680-.jpg","type":"image\/jpeg"}],"twitter_card":"summary_large_image","twitter_misc":{"Tiempo de lectura":"3 minutos"},"schema":{"@context":"https:\/\/schema.org","@graph":[{"@type":"WebPage","@id":"https:\/\/tzionlibreria.com\/index.php\/product\/el-precio-de-la-gracia-dietrich-bonhoeffer-biblioteca-de-clasicos-cristianos-tomo-18\/","url":"https:\/\/tzionlibreria.com\/index.php\/product\/el-precio-de-la-gracia-dietrich-bonhoeffer-biblioteca-de-clasicos-cristianos-tomo-18\/","name":"El precio de la Gracia \u2013 Dietrich Bonhoeffer \u2013 Biblioteca de cl\u00e1sicos cristianos. Tomo 18. - tzionlibreria.com","isPartOf":{"@id":"https:\/\/tzionlibreria.com\/#website"},"primaryImageOfPage":{"@id":"https:\/\/tzionlibreria.com\/index.php\/product\/el-precio-de-la-gracia-dietrich-bonhoeffer-biblioteca-de-clasicos-cristianos-tomo-18\/#primaryimage"},"image":{"@id":"https:\/\/tzionlibreria.com\/index.php\/product\/el-precio-de-la-gracia-dietrich-bonhoeffer-biblioteca-de-clasicos-cristianos-tomo-18\/#primaryimage"},"thumbnailUrl":"https:\/\/tzionlibreria.com\/wp-content\/uploads\/2025\/11\/9798885167680-.jpg","datePublished":"2025-11-17T19:49:33+00:00","dateModified":"2025-11-17T19:49:38+00:00","breadcrumb":{"@id":"https:\/\/tzionlibreria.com\/index.php\/product\/el-precio-de-la-gracia-dietrich-bonhoeffer-biblioteca-de-clasicos-cristianos-tomo-18\/#breadcrumb"},"inLanguage":"es-CO","potentialAction":[{"@type":"ReadAction","target":["https:\/\/tzionlibreria.com\/index.php\/product\/el-precio-de-la-gracia-dietrich-bonhoeffer-biblioteca-de-clasicos-cristianos-tomo-18\/"]}]},{"@type":"ImageObject","inLanguage":"es-CO","@id":"https:\/\/tzionlibreria.com\/index.php\/product\/el-precio-de-la-gracia-dietrich-bonhoeffer-biblioteca-de-clasicos-cristianos-tomo-18\/#primaryimage","url":"https:\/\/tzionlibreria.com\/wp-content\/uploads\/2025\/11\/9798885167680-.jpg","contentUrl":"https:\/\/tzionlibreria.com\/wp-content\/uploads\/2025\/11\/9798885167680-.jpg","width":1200,"height":1200},{"@type":"BreadcrumbList","@id":"https:\/\/tzionlibreria.com\/index.php\/product\/el-precio-de-la-gracia-dietrich-bonhoeffer-biblioteca-de-clasicos-cristianos-tomo-18\/#breadcrumb","itemListElement":[{"@type":"ListItem","position":1,"name":"Inicio","item":"https:\/\/tzionlibreria.com\/"},{"@type":"ListItem","position":2,"name":"Shop","item":"https:\/\/tzionlibreria.com\/index.php\/shop\/"},{"@type":"ListItem","position":3,"name":"El precio de la Gracia \u2013 Dietrich Bonhoeffer \u2013 Biblioteca de cl\u00e1sicos cristianos. Tomo 18."}]},{"@type":"WebSite","@id":"https:\/\/tzionlibreria.com\/#website","url":"https:\/\/tzionlibreria.com\/","name":"tzionlibreria.com","description":"Libreria Cristiana Venezuela","publisher":{"@id":"https:\/\/tzionlibreria.com\/#organization"},"potentialAction":[{"@type":"SearchAction","target":{"@type":"EntryPoint","urlTemplate":"https:\/\/tzionlibreria.com\/?s={search_term_string}"},"query-input":{"@type":"PropertyValueSpecification","valueRequired":true,"valueName":"search_term_string"}}],"inLanguage":"es-CO"},{"@type":"Organization","@id":"https:\/\/tzionlibreria.com\/#organization","name":"tzionlibreria.com","url":"https:\/\/tzionlibreria.com\/","logo":{"@type":"ImageObject","inLanguage":"es-CO","@id":"https:\/\/tzionlibreria.com\/#\/schema\/logo\/image\/","url":"https:\/\/tzionlibreria.com\/wp-content\/uploads\/2023\/10\/cropped-Cuadricula-scaled-1.jpg","contentUrl":"https:\/\/tzionlibreria.com\/wp-content\/uploads\/2023\/10\/cropped-Cuadricula-scaled-1.jpg","width":2560,"height":2560,"caption":"tzionlibreria.com"},"image":{"@id":"https:\/\/tzionlibreria.com\/#\/schema\/logo\/image\/"}}]}},"jetpack_sharing_enabled":true,"_links":{"self":[{"href":"https:\/\/tzionlibreria.com\/index.php\/wp-json\/wp\/v2\/product\/6293","targetHints":{"allow":["GET"]}}],"collection":[{"href":"https:\/\/tzionlibreria.com\/index.php\/wp-json\/wp\/v2\/product"}],"about":[{"href":"https:\/\/tzionlibreria.com\/index.php\/wp-json\/wp\/v2\/types\/product"}],"replies":[{"embeddable":true,"href":"https:\/\/tzionlibreria.com\/index.php\/wp-json\/wp\/v2\/comments?post=6293"}],"wp:featuredmedia":[{"embeddable":true,"href":"https:\/\/tzionlibreria.com\/index.php\/wp-json\/wp\/v2\/media\/6294"}],"wp:attachment":[{"href":"https:\/\/tzionlibreria.com\/index.php\/wp-json\/wp\/v2\/media?parent=6293"}],"wp:term":[{"taxonomy":"product_brand","embeddable":true,"href":"https:\/\/tzionlibreria.com\/index.php\/wp-json\/wp\/v2\/product_brand?post=6293"},{"taxonomy":"product_cat","embeddable":true,"href":"https:\/\/tzionlibreria.com\/index.php\/wp-json\/wp\/v2\/product_cat?post=6293"},{"taxonomy":"product_tag","embeddable":true,"href":"https:\/\/tzionlibreria.com\/index.php\/wp-json\/wp\/v2\/product_tag?post=6293"}],"curies":[{"name":"wp","href":"https:\/\/api.w.org\/{rel}","templated":true}]}}