{"id":6295,"date":"2025-11-17T19:55:36","date_gmt":"2025-11-17T19:55:36","guid":{"rendered":"https:\/\/tzionlibreria.com\/?post_type=product&#038;p=6295"},"modified":"2025-11-17T19:55:37","modified_gmt":"2025-11-17T19:55:37","slug":"el-evangelio-segun-marx-joe-owen","status":"publish","type":"product","link":"https:\/\/tzionlibreria.com\/index.php\/product\/el-evangelio-segun-marx-joe-owen\/","title":{"rendered":"El Evangelio seg\u00fan Marx \u2013 Joe Owen"},"content":{"rendered":"<section class=\"elementor-section elementor-top-section elementor-element elementor-element-b9a2aba elementor-hidden-mobile elementor-section-stretched elementor-section-boxed elementor-section-height-default elementor-section-height-default\" data-id=\"b9a2aba\" data-element_type=\"section\" data-settings=\"{&quot;stretch_section&quot;:&quot;section-stretched&quot;}\">\n<div class=\"elementor-container elementor-column-gap-default\">\n<div class=\"elementor-column elementor-col-66 elementor-top-column elementor-element elementor-element-082e95f\" data-id=\"082e95f\" data-element_type=\"column\">\n<div class=\"elementor-widget-wrap elementor-element-populated\">\n<div class=\"elementor-element elementor-element-5034cf3 elementor-widget elementor-widget-wl-product-data-tabs\" data-id=\"5034cf3\" data-element_type=\"widget\" data-widget_type=\"wl-product-data-tabs.default\">\n<div class=\"elementor-widget-container\">\n<div class=\"woocommerce-tabs wc-tabs-wrapper\">\n<div id=\"tab-description\" class=\"woocommerce-Tabs-panel woocommerce-Tabs-panel--description panel entry-content wc-tab\" role=\"tabpanel\" aria-labelledby=\"tab-title-description\">\n<p><span class=\"a-text-bold\">Descubre c\u00f3mo discernir entre la verdad b\u00edblica y las ideolog\u00edas culturales que est\u00e1n infiltrando la iglesia, para que puedas vivir tu fe con claridad y convicci\u00f3n en medio de un mundo confuso y politizado.<\/span><\/p>\n<p>En el siglo veinte, dos ideas opuestas destacaban en Occidente: las ense\u00f1anzas de Jesucristo y la versi\u00f3n de una utop\u00eda inspirada por Karl Marx. Ahora, en el siglo veintiuno, estas ideas est\u00e1n extra\u00f1amente mezcladas tanto en la cultura como dentro de la Iglesia.<\/p>\n<p>El autor Joe Owen entrega un examen oportuno de c\u00f3mo el pensamiento marxista ha infiltrado las comunidades de fe modernas. Este manual integral te equipa para reconocer y responder a las maneras sutiles en que las cosmovisiones seculares desaf\u00edan los fundamentos b\u00edblicos.<\/p>\n<p><span class=\"a-text-bold\">Lo que descubrir\u00e1s:<\/span><\/p>\n<ul class=\"a-unordered-list a-vertical\">\n<li><span class=\"a-list-item\"><span class=\"a-text-bold\">Herramientas pr\u00e1cticas<\/span>\u00a0para pastores, l\u00edderes y creyentes navegando las presiones culturales<\/span><\/li>\n<li><span class=\"a-list-item\"><span class=\"a-text-bold\">Respuestas b\u00edblicas<\/span>\u00a0a la teor\u00eda cr\u00edtica de la raza, ideolog\u00eda de g\u00e9nero y movimientos de justicia social<\/span><\/li>\n<li><span class=\"a-list-item\"><span class=\"a-text-bold\">Fundamentos teol\u00f3gicos<\/span>\u00a0para entender la naturaleza humana, el pecado y la redenci\u00f3n por medio de Cristo<\/span><\/li>\n<li><span class=\"a-list-item\"><span class=\"a-text-bold\">Las ra\u00edces hist\u00f3ricas<\/span>\u00a0de c\u00f3mo la ideolog\u00eda marxista evolucion\u00f3 de teor\u00eda econ\u00f3mica a revoluci\u00f3n cultural<\/span><\/li>\n<\/ul>\n<p><span class=\"a-text-bold\">\u00bfListo para reclamar la verdad b\u00edblica?<\/span><\/p>\n<p>Transforma tu comprensi\u00f3n de c\u00f3mo vivir fielmente en un mundo cegado por las tinieblas. Redescubre el poder radical del cristianismo aut\u00e9ntico que trasciende las ideolog\u00edas humanas.<\/p>\n<p><span class=\"a-text-italic\">Disponible en formato de tapa blanda, libro electr\u00f3nico y audiolibro para tu conveniencia.<\/span><\/p>\n<p>&nbsp;<\/p>\n<p><strong>ISBN<\/strong>: 9780829773842<\/p>\n<p><strong>Editorial<\/strong>:\u00a0Vida<\/p>\n<p><strong>Dimensiones<\/strong>: 150 x 226 mm<\/p>\n<p><strong>Cubierta<\/strong>: R\u00fastica<\/p>\n<p><strong>N\u00famero de p\u00e1ginas<\/strong>: 416<\/p>\n<p><strong>Fecha de lanzamiento<\/strong>: 17.09.2025<\/p>\n<p><strong>Idioma<\/strong>: Espa\u00f1o<\/p>\n<\/div>\n<\/div>\n<\/div>\n<\/div>\n<\/div>\n<\/div>\n<div class=\"elementor-column elementor-col-16 elementor-top-column elementor-element elementor-element-daec809\" data-id=\"daec809\" data-element_type=\"column\">\n<div class=\"elementor-widget-wrap elementor-element-populated\">\n<div class=\"elementor-element elementor-element-0a5cff2 elementor-widget elementor-widget-heading\" data-id=\"0a5cff2\" data-element_type=\"widget\" data-widget_type=\"heading.default\">\n<div class=\"elementor-widget-container\"><\/div>\n<\/div>\n<\/div>\n<\/div>\n<\/div>\n<\/section>\n<section class=\"elementor-section elementor-top-section elementor-element elementor-element-93d0fdc elementor-section-stretched elementor-section-boxed elementor-section-height-default elementor-section-height-default\" data-id=\"93d0fdc\" data-element_type=\"section\" data-settings=\"{&quot;stretch_section&quot;:&quot;section-stretched&quot;}\">\n<div class=\"elementor-container elementor-column-gap-default\">\n<div class=\"elementor-column elementor-col-100 elementor-top-column elementor-element elementor-element-c744c10\" data-id=\"c744c10\" data-element_type=\"column\">\n<div class=\"elementor-widget-wrap elementor-element-populated\">\n<div class=\"elementor-element elementor-element-bf537d9 woolentorducts-columns-5 wlshow-heading-yes elementor-widget elementor-widget-wl-product-related\" data-id=\"bf537d9\" data-element_type=\"widget\" data-widget_type=\"wl-product-related.default\">\n<div class=\"elementor-widget-container\">\n<section class=\"related products\">\n<h2><\/h2>\n<\/section>\n<\/div>\n<\/div>\n<\/div>\n<\/div>\n<\/div>\n<\/section>\n","protected":false},"excerpt":{"rendered":"<p>Descubre c\u00f3mo discernir entre la verdad b\u00edblica y las ideolog\u00edas culturales que est\u00e1n infiltrando la iglesia, para que puedas vivir tu fe con claridad y convicci\u00f3n en medio de un mundo confuso y politizado. En el siglo veinte, dos ideas opuestas destacaban en Occidente: las ense\u00f1anzas de Jesucristo y la versi\u00f3n de una utop\u00eda inspirada [&hellip;]<\/p>\n","protected":false},"featured_media":6296,"comment_status":"open","ping_status":"closed","template":"","meta":{"om_disable_all_campaigns":false,"_monsterinsights_skip_tracking":false,"_monsterinsights_sitenote_active":false,"_monsterinsights_sitenote_note":"","_monsterinsights_sitenote_category":0,"site-sidebar-layout":"default","site-content-layout":"","ast-site-content-layout":"default","site-content-style":"default","site-sidebar-style":"default","ast-global-header-display":"","ast-banner-title-visibility":"","ast-main-header-display":"","ast-hfb-above-header-display":"","ast-hfb-below-header-display":"","ast-hfb-mobile-header-display":"","site-post-title":"","ast-breadcrumbs-content":"","ast-featured-img":"","footer-sml-layout":"","ast-disable-related-posts":"","theme-transparent-header-meta":"default","adv-header-id-meta":"","stick-header-meta":"","header-above-stick-meta":"","header-main-stick-meta":"","header-below-stick-meta":"","astra-migrate-meta-layouts":"set","ast-page-background-enabled":"default","ast-page-background-meta":{"desktop":{"background-color":"var(--ast-global-color-4)","background-image":"","background-repeat":"repeat","background-position":"center center","background-size":"auto","background-attachment":"scroll","background-type":"","background-media":"","overlay-type":"","overlay-color":"","overlay-opacity":"","overlay-gradient":""},"tablet":{"background-color":"","background-image":"","background-repeat":"repeat","background-position":"center center","background-size":"auto","background-attachment":"scroll","background-type":"","background-media":"","overlay-type":"","overlay-color":"","overlay-opacity":"","overlay-gradient":""},"mobile":{"background-color":"","background-image":"","background-repeat":"repeat","background-position":"center center","background-size":"auto","background-attachment":"scroll","background-type":"","background-media":"","overlay-type":"","overlay-color":"","overlay-opacity":"","overlay-gradient":""}},"ast-content-background-meta":{"desktop":{"background-color":"var(--ast-global-color-5)","background-image":"","background-repeat":"repeat","background-position":"center center","background-size":"auto","background-attachment":"scroll","background-type":"","background-media":"","overlay-type":"","overlay-color":"","overlay-opacity":"","overlay-gradient":""},"tablet":{"background-color":"var(--ast-global-color-5)","background-image":"","background-repeat":"repeat","background-position":"center center","background-size":"auto","background-attachment":"scroll","background-type":"","background-media":"","overlay-type":"","overlay-color":"","overlay-opacity":"","overlay-gradient":""},"mobile":{"background-color":"var(--ast-global-color-5)","background-image":"","background-repeat":"repeat","background-position":"center center","background-size":"auto","background-attachment":"scroll","background-type":"","background-media":"","overlay-type":"","overlay-color":"","overlay-opacity":"","overlay-gradient":""}}},"product_brand":[],"product_cat":[174,23,175],"product_tag":[],"class_list":{"0":"post-6295","1":"product","2":"type-product","3":"status-publish","4":"has-post-thumbnail","6":"product_cat-iglesia","7":"product_cat-libros","8":"product_cat-liderazgo","9":"desktop-align-left","10":"tablet-align-left","11":"mobile-align-left","13":"first","14":"instock","15":"shipping-taxable","16":"purchasable","17":"product-type-simple"},"yoast_head":"<!-- This site is optimized with the Yoast SEO plugin v27.4 - https:\/\/yoast.com\/product\/yoast-seo-wordpress\/ -->\n<title>El Evangelio seg\u00fan Marx \u2013 Joe Owen - tzionlibreria.com<\/title>\n<meta name=\"robots\" content=\"index, follow, max-snippet:-1, max-image-preview:large, max-video-preview:-1\" \/>\n<link rel=\"canonical\" href=\"https:\/\/tzionlibreria.com\/index.php\/product\/el-evangelio-segun-marx-joe-owen\/\" \/>\n<meta property=\"og:locale\" content=\"es_ES\" \/>\n<meta property=\"og:type\" content=\"article\" \/>\n<meta property=\"og:title\" content=\"El Evangelio seg\u00fan Marx \u2013 Joe Owen - tzionlibreria.com\" \/>\n<meta property=\"og:description\" content=\"Descubre c\u00f3mo discernir entre la verdad b\u00edblica y las ideolog\u00edas culturales que est\u00e1n infiltrando la iglesia, para que puedas vivir tu fe con claridad y convicci\u00f3n en medio de un mundo confuso y politizado. En el siglo veinte, dos ideas opuestas destacaban en Occidente: las ense\u00f1anzas de Jesucristo y la versi\u00f3n de una utop\u00eda inspirada [&hellip;]\" \/>\n<meta property=\"og:url\" content=\"https:\/\/tzionlibreria.com\/index.php\/product\/el-evangelio-segun-marx-joe-owen\/\" \/>\n<meta property=\"og:site_name\" content=\"tzionlibreria.com\" \/>\n<meta property=\"article:modified_time\" content=\"2025-11-17T19:55:37+00:00\" \/>\n<meta property=\"og:image\" content=\"http:\/\/tzionlibreria.com\/wp-content\/uploads\/2025\/11\/9780829773842.jpg\" \/>\n\t<meta property=\"og:image:width\" content=\"1200\" \/>\n\t<meta property=\"og:image:height\" content=\"1200\" \/>\n\t<meta property=\"og:image:type\" content=\"image\/jpeg\" \/>\n<meta name=\"twitter:card\" content=\"summary_large_image\" \/>\n<meta name=\"twitter:label1\" content=\"Tiempo de lectura\" \/>\n\t<meta name=\"twitter:data1\" content=\"2 minutos\" \/>\n<script type=\"application\/ld+json\" class=\"yoast-schema-graph\">{\"@context\":\"https:\\\/\\\/schema.org\",\"@graph\":[{\"@type\":\"WebPage\",\"@id\":\"https:\\\/\\\/tzionlibreria.com\\\/index.php\\\/product\\\/el-evangelio-segun-marx-joe-owen\\\/\",\"url\":\"https:\\\/\\\/tzionlibreria.com\\\/index.php\\\/product\\\/el-evangelio-segun-marx-joe-owen\\\/\",\"name\":\"El Evangelio seg\u00fan Marx \u2013 Joe Owen - tzionlibreria.com\",\"isPartOf\":{\"@id\":\"https:\\\/\\\/tzionlibreria.com\\\/#website\"},\"primaryImageOfPage\":{\"@id\":\"https:\\\/\\\/tzionlibreria.com\\\/index.php\\\/product\\\/el-evangelio-segun-marx-joe-owen\\\/#primaryimage\"},\"image\":{\"@id\":\"https:\\\/\\\/tzionlibreria.com\\\/index.php\\\/product\\\/el-evangelio-segun-marx-joe-owen\\\/#primaryimage\"},\"thumbnailUrl\":\"https:\\\/\\\/tzionlibreria.com\\\/wp-content\\\/uploads\\\/2025\\\/11\\\/9780829773842.jpg\",\"datePublished\":\"2025-11-17T19:55:36+00:00\",\"dateModified\":\"2025-11-17T19:55:37+00:00\",\"breadcrumb\":{\"@id\":\"https:\\\/\\\/tzionlibreria.com\\\/index.php\\\/product\\\/el-evangelio-segun-marx-joe-owen\\\/#breadcrumb\"},\"inLanguage\":\"es-CO\",\"potentialAction\":[{\"@type\":\"ReadAction\",\"target\":[\"https:\\\/\\\/tzionlibreria.com\\\/index.php\\\/product\\\/el-evangelio-segun-marx-joe-owen\\\/\"]}]},{\"@type\":\"ImageObject\",\"inLanguage\":\"es-CO\",\"@id\":\"https:\\\/\\\/tzionlibreria.com\\\/index.php\\\/product\\\/el-evangelio-segun-marx-joe-owen\\\/#primaryimage\",\"url\":\"https:\\\/\\\/tzionlibreria.com\\\/wp-content\\\/uploads\\\/2025\\\/11\\\/9780829773842.jpg\",\"contentUrl\":\"https:\\\/\\\/tzionlibreria.com\\\/wp-content\\\/uploads\\\/2025\\\/11\\\/9780829773842.jpg\",\"width\":1200,\"height\":1200},{\"@type\":\"BreadcrumbList\",\"@id\":\"https:\\\/\\\/tzionlibreria.com\\\/index.php\\\/product\\\/el-evangelio-segun-marx-joe-owen\\\/#breadcrumb\",\"itemListElement\":[{\"@type\":\"ListItem\",\"position\":1,\"name\":\"Inicio\",\"item\":\"https:\\\/\\\/tzionlibreria.com\\\/\"},{\"@type\":\"ListItem\",\"position\":2,\"name\":\"Shop\",\"item\":\"https:\\\/\\\/tzionlibreria.com\\\/index.php\\\/shop\\\/\"},{\"@type\":\"ListItem\",\"position\":3,\"name\":\"El Evangelio seg\u00fan Marx \u2013 Joe Owen\"}]},{\"@type\":\"WebSite\",\"@id\":\"https:\\\/\\\/tzionlibreria.com\\\/#website\",\"url\":\"https:\\\/\\\/tzionlibreria.com\\\/\",\"name\":\"tzionlibreria.com\",\"description\":\"Libreria Cristiana Venezuela\",\"publisher\":{\"@id\":\"https:\\\/\\\/tzionlibreria.com\\\/#organization\"},\"potentialAction\":[{\"@type\":\"SearchAction\",\"target\":{\"@type\":\"EntryPoint\",\"urlTemplate\":\"https:\\\/\\\/tzionlibreria.com\\\/?s={search_term_string}\"},\"query-input\":{\"@type\":\"PropertyValueSpecification\",\"valueRequired\":true,\"valueName\":\"search_term_string\"}}],\"inLanguage\":\"es-CO\"},{\"@type\":\"Organization\",\"@id\":\"https:\\\/\\\/tzionlibreria.com\\\/#organization\",\"name\":\"tzionlibreria.com\",\"url\":\"https:\\\/\\\/tzionlibreria.com\\\/\",\"logo\":{\"@type\":\"ImageObject\",\"inLanguage\":\"es-CO\",\"@id\":\"https:\\\/\\\/tzionlibreria.com\\\/#\\\/schema\\\/logo\\\/image\\\/\",\"url\":\"https:\\\/\\\/tzionlibreria.com\\\/wp-content\\\/uploads\\\/2023\\\/10\\\/cropped-Cuadricula-scaled-1.jpg\",\"contentUrl\":\"https:\\\/\\\/tzionlibreria.com\\\/wp-content\\\/uploads\\\/2023\\\/10\\\/cropped-Cuadricula-scaled-1.jpg\",\"width\":2560,\"height\":2560,\"caption\":\"tzionlibreria.com\"},\"image\":{\"@id\":\"https:\\\/\\\/tzionlibreria.com\\\/#\\\/schema\\\/logo\\\/image\\\/\"}}]}<\/script>\n<!-- \/ Yoast SEO plugin. -->","yoast_head_json":{"title":"El Evangelio seg\u00fan Marx \u2013 Joe Owen - tzionlibreria.com","robots":{"index":"index","follow":"follow","max-snippet":"max-snippet:-1","max-image-preview":"max-image-preview:large","max-video-preview":"max-video-preview:-1"},"canonical":"https:\/\/tzionlibreria.com\/index.php\/product\/el-evangelio-segun-marx-joe-owen\/","og_locale":"es_ES","og_type":"article","og_title":"El Evangelio seg\u00fan Marx \u2013 Joe Owen - tzionlibreria.com","og_description":"Descubre c\u00f3mo discernir entre la verdad b\u00edblica y las ideolog\u00edas culturales que est\u00e1n infiltrando la iglesia, para que puedas vivir tu fe con claridad y convicci\u00f3n en medio de un mundo confuso y politizado. En el siglo veinte, dos ideas opuestas destacaban en Occidente: las ense\u00f1anzas de Jesucristo y la versi\u00f3n de una utop\u00eda inspirada [&hellip;]","og_url":"https:\/\/tzionlibreria.com\/index.php\/product\/el-evangelio-segun-marx-joe-owen\/","og_site_name":"tzionlibreria.com","article_modified_time":"2025-11-17T19:55:37+00:00","og_image":[{"width":1200,"height":1200,"url":"http:\/\/tzionlibreria.com\/wp-content\/uploads\/2025\/11\/9780829773842.jpg","type":"image\/jpeg"}],"twitter_card":"summary_large_image","twitter_misc":{"Tiempo de lectura":"2 minutos"},"schema":{"@context":"https:\/\/schema.org","@graph":[{"@type":"WebPage","@id":"https:\/\/tzionlibreria.com\/index.php\/product\/el-evangelio-segun-marx-joe-owen\/","url":"https:\/\/tzionlibreria.com\/index.php\/product\/el-evangelio-segun-marx-joe-owen\/","name":"El Evangelio seg\u00fan Marx \u2013 Joe Owen - tzionlibreria.com","isPartOf":{"@id":"https:\/\/tzionlibreria.com\/#website"},"primaryImageOfPage":{"@id":"https:\/\/tzionlibreria.com\/index.php\/product\/el-evangelio-segun-marx-joe-owen\/#primaryimage"},"image":{"@id":"https:\/\/tzionlibreria.com\/index.php\/product\/el-evangelio-segun-marx-joe-owen\/#primaryimage"},"thumbnailUrl":"https:\/\/tzionlibreria.com\/wp-content\/uploads\/2025\/11\/9780829773842.jpg","datePublished":"2025-11-17T19:55:36+00:00","dateModified":"2025-11-17T19:55:37+00:00","breadcrumb":{"@id":"https:\/\/tzionlibreria.com\/index.php\/product\/el-evangelio-segun-marx-joe-owen\/#breadcrumb"},"inLanguage":"es-CO","potentialAction":[{"@type":"ReadAction","target":["https:\/\/tzionlibreria.com\/index.php\/product\/el-evangelio-segun-marx-joe-owen\/"]}]},{"@type":"ImageObject","inLanguage":"es-CO","@id":"https:\/\/tzionlibreria.com\/index.php\/product\/el-evangelio-segun-marx-joe-owen\/#primaryimage","url":"https:\/\/tzionlibreria.com\/wp-content\/uploads\/2025\/11\/9780829773842.jpg","contentUrl":"https:\/\/tzionlibreria.com\/wp-content\/uploads\/2025\/11\/9780829773842.jpg","width":1200,"height":1200},{"@type":"BreadcrumbList","@id":"https:\/\/tzionlibreria.com\/index.php\/product\/el-evangelio-segun-marx-joe-owen\/#breadcrumb","itemListElement":[{"@type":"ListItem","position":1,"name":"Inicio","item":"https:\/\/tzionlibreria.com\/"},{"@type":"ListItem","position":2,"name":"Shop","item":"https:\/\/tzionlibreria.com\/index.php\/shop\/"},{"@type":"ListItem","position":3,"name":"El Evangelio seg\u00fan Marx \u2013 Joe Owen"}]},{"@type":"WebSite","@id":"https:\/\/tzionlibreria.com\/#website","url":"https:\/\/tzionlibreria.com\/","name":"tzionlibreria.com","description":"Libreria Cristiana Venezuela","publisher":{"@id":"https:\/\/tzionlibreria.com\/#organization"},"potentialAction":[{"@type":"SearchAction","target":{"@type":"EntryPoint","urlTemplate":"https:\/\/tzionlibreria.com\/?s={search_term_string}"},"query-input":{"@type":"PropertyValueSpecification","valueRequired":true,"valueName":"search_term_string"}}],"inLanguage":"es-CO"},{"@type":"Organization","@id":"https:\/\/tzionlibreria.com\/#organization","name":"tzionlibreria.com","url":"https:\/\/tzionlibreria.com\/","logo":{"@type":"ImageObject","inLanguage":"es-CO","@id":"https:\/\/tzionlibreria.com\/#\/schema\/logo\/image\/","url":"https:\/\/tzionlibreria.com\/wp-content\/uploads\/2023\/10\/cropped-Cuadricula-scaled-1.jpg","contentUrl":"https:\/\/tzionlibreria.com\/wp-content\/uploads\/2023\/10\/cropped-Cuadricula-scaled-1.jpg","width":2560,"height":2560,"caption":"tzionlibreria.com"},"image":{"@id":"https:\/\/tzionlibreria.com\/#\/schema\/logo\/image\/"}}]}},"jetpack_sharing_enabled":true,"_links":{"self":[{"href":"https:\/\/tzionlibreria.com\/index.php\/wp-json\/wp\/v2\/product\/6295","targetHints":{"allow":["GET"]}}],"collection":[{"href":"https:\/\/tzionlibreria.com\/index.php\/wp-json\/wp\/v2\/product"}],"about":[{"href":"https:\/\/tzionlibreria.com\/index.php\/wp-json\/wp\/v2\/types\/product"}],"replies":[{"embeddable":true,"href":"https:\/\/tzionlibreria.com\/index.php\/wp-json\/wp\/v2\/comments?post=6295"}],"wp:featuredmedia":[{"embeddable":true,"href":"https:\/\/tzionlibreria.com\/index.php\/wp-json\/wp\/v2\/media\/6296"}],"wp:attachment":[{"href":"https:\/\/tzionlibreria.com\/index.php\/wp-json\/wp\/v2\/media?parent=6295"}],"wp:term":[{"taxonomy":"product_brand","embeddable":true,"href":"https:\/\/tzionlibreria.com\/index.php\/wp-json\/wp\/v2\/product_brand?post=6295"},{"taxonomy":"product_cat","embeddable":true,"href":"https:\/\/tzionlibreria.com\/index.php\/wp-json\/wp\/v2\/product_cat?post=6295"},{"taxonomy":"product_tag","embeddable":true,"href":"https:\/\/tzionlibreria.com\/index.php\/wp-json\/wp\/v2\/product_tag?post=6295"}],"curies":[{"name":"wp","href":"https:\/\/api.w.org\/{rel}","templated":true}]}}