{"id":6318,"date":"2025-11-18T01:35:03","date_gmt":"2025-11-18T01:35:03","guid":{"rendered":"https:\/\/tzionlibreria.com\/?post_type=product&#038;p=6318"},"modified":"2025-11-18T01:35:03","modified_gmt":"2025-11-18T01:35:03","slug":"cambios-profundos-cuando-el-evangelio-transforma-los-deseos-del-corazon","status":"publish","type":"product","link":"https:\/\/tzionlibreria.com\/index.php\/product\/cambios-profundos-cuando-el-evangelio-transforma-los-deseos-del-corazon\/","title":{"rendered":"Cambios Profundos \u2013 Cuando el evangelio transforma los deseos del coraz\u00f3n"},"content":{"rendered":"<div>l mirar la vida de Jon\u00e1s uno descubre algo tan desconcertante como cierto: es posible obedecer sin cambiar. Es posible hablarle a otros del amor de Dios, sin sentir amor por otros. Es posible hacer obras espirituales, sin ser una persona espiritual. Es posible cambiar nuestras acciones externas, sin cambiar nuestros deseos m\u00e1s profundos.<\/div>\n<div><\/div>\n<div>La Biblia nos muestra una y otra vez que \u00abDios no mira como mira el hombre, pues el hombre mira la apariencia exterior, pero el Se\u00f1or mira el coraz\u00f3n\u00bb (1 Samuel 16:7). Cambiar, desde un punto de vista b\u00edblico, no es simplemente obedecer; cambiar es experimentar una trasformaci\u00f3n de nuestros deseos m\u00e1s profundos. Es que cambien nuestros anhelos, nuestros sue\u00f1os, nuestras ambiciones, nuestras fantas\u00edas y nuestras pasiones. Es que cambie lo que disfruta nuestro coraz\u00f3n y, como resultado de este cambio, que cambie nuestra manera de vivir.<\/div>\n<div><\/div>\n<div>\u00bfC\u00f3mo cambiamos? Ese es el desaf\u00edo de este libro. Llevarte a tener un nuevo encuentro con Cristo y su obra. \u00c9l, a trav\u00e9s del Esp\u00edritu, es el \u00fanico que tiene el poder para hacer lo que nosotros jam\u00e1s podr\u00edamos hacer: cambiar no solo nuestro comportamiento sino aquello que en verdad ama nuestro coraz\u00f3n.<\/div>\n<div><\/div>\n<div><strong>ISBN<\/strong>: 9788409321612&nbsp;<\/p>\n<p><strong>Dimensiones<\/strong>: 152 x 230 x 25 mm<\/p>\n<p><strong>Peso<\/strong>: 0,503kg<\/p>\n<p><strong>Cubierta<\/strong>: R\u00fastica<\/p>\n<p><strong>N\u00famero de p\u00e1ginas<\/strong>: 384<\/p>\n<p><strong>Fecha de lanzamiento<\/strong>: 21.05.2019<\/p>\n<p><strong>Idioma<\/strong>: Espa\u00f1ol<\/p>\n<\/div>\n","protected":false},"excerpt":{"rendered":"<p>l mirar la vida de Jon\u00e1s uno descubre algo tan desconcertante como cierto: es posible obedecer sin cambiar. Es posible hablarle a otros del amor de Dios, sin sentir amor por otros. Es posible hacer obras espirituales, sin ser una persona espiritual. Es posible cambiar nuestras acciones externas, sin cambiar nuestros deseos m\u00e1s profundos. La [&hellip;]<\/p>\n","protected":false},"featured_media":6319,"comment_status":"open","ping_status":"closed","template":"","meta":{"om_disable_all_campaigns":false,"_monsterinsights_skip_tracking":false,"_monsterinsights_sitenote_active":false,"_monsterinsights_sitenote_note":"","_monsterinsights_sitenote_category":0,"site-sidebar-layout":"default","site-content-layout":"","ast-site-content-layout":"default","site-content-style":"default","site-sidebar-style":"default","ast-global-header-display":"","ast-banner-title-visibility":"","ast-main-header-display":"","ast-hfb-above-header-display":"","ast-hfb-below-header-display":"","ast-hfb-mobile-header-display":"","site-post-title":"","ast-breadcrumbs-content":"","ast-featured-img":"","footer-sml-layout":"","ast-disable-related-posts":"","theme-transparent-header-meta":"default","adv-header-id-meta":"","stick-header-meta":"","header-above-stick-meta":"","header-main-stick-meta":"","header-below-stick-meta":"","astra-migrate-meta-layouts":"set","ast-page-background-enabled":"default","ast-page-background-meta":{"desktop":{"background-color":"var(--ast-global-color-4)","background-image":"","background-repeat":"repeat","background-position":"center center","background-size":"auto","background-attachment":"scroll","background-type":"","background-media":"","overlay-type":"","overlay-color":"","overlay-opacity":"","overlay-gradient":""},"tablet":{"background-color":"","background-image":"","background-repeat":"repeat","background-position":"center center","background-size":"auto","background-attachment":"scroll","background-type":"","background-media":"","overlay-type":"","overlay-color":"","overlay-opacity":"","overlay-gradient":""},"mobile":{"background-color":"","background-image":"","background-repeat":"repeat","background-position":"center center","background-size":"auto","background-attachment":"scroll","background-type":"","background-media":"","overlay-type":"","overlay-color":"","overlay-opacity":"","overlay-gradient":""}},"ast-content-background-meta":{"desktop":{"background-color":"var(--ast-global-color-5)","background-image":"","background-repeat":"repeat","background-position":"center center","background-size":"auto","background-attachment":"scroll","background-type":"","background-media":"","overlay-type":"","overlay-color":"","overlay-opacity":"","overlay-gradient":""},"tablet":{"background-color":"var(--ast-global-color-5)","background-image":"","background-repeat":"repeat","background-position":"center center","background-size":"auto","background-attachment":"scroll","background-type":"","background-media":"","overlay-type":"","overlay-color":"","overlay-opacity":"","overlay-gradient":""},"mobile":{"background-color":"var(--ast-global-color-5)","background-image":"","background-repeat":"repeat","background-position":"center center","background-size":"auto","background-attachment":"scroll","background-type":"","background-media":"","overlay-type":"","overlay-color":"","overlay-opacity":"","overlay-gradient":""}}},"product_brand":[],"product_cat":[174,23,175],"product_tag":[],"class_list":{"0":"post-6318","1":"product","2":"type-product","3":"status-publish","4":"has-post-thumbnail","6":"product_cat-iglesia","7":"product_cat-libros","8":"product_cat-liderazgo","9":"desktop-align-left","10":"tablet-align-left","11":"mobile-align-left","13":"first","14":"instock","15":"shipping-taxable","16":"purchasable","17":"product-type-simple"},"yoast_head":"<!-- This site is optimized with the Yoast SEO plugin v27.4 - https:\/\/yoast.com\/product\/yoast-seo-wordpress\/ -->\n<title>Cambios Profundos \u2013 Cuando el evangelio transforma los deseos del coraz\u00f3n - tzionlibreria.com<\/title>\n<meta name=\"robots\" content=\"index, follow, max-snippet:-1, max-image-preview:large, max-video-preview:-1\" \/>\n<link rel=\"canonical\" href=\"https:\/\/tzionlibreria.com\/index.php\/product\/cambios-profundos-cuando-el-evangelio-transforma-los-deseos-del-corazon\/\" \/>\n<meta property=\"og:locale\" content=\"es_ES\" \/>\n<meta property=\"og:type\" content=\"article\" \/>\n<meta property=\"og:title\" content=\"Cambios Profundos \u2013 Cuando el evangelio transforma los deseos del coraz\u00f3n - tzionlibreria.com\" \/>\n<meta property=\"og:description\" content=\"l mirar la vida de Jon\u00e1s uno descubre algo tan desconcertante como cierto: es posible obedecer sin cambiar. Es posible hablarle a otros del amor de Dios, sin sentir amor por otros. Es posible hacer obras espirituales, sin ser una persona espiritual. Es posible cambiar nuestras acciones externas, sin cambiar nuestros deseos m\u00e1s profundos. La [&hellip;]\" \/>\n<meta property=\"og:url\" content=\"https:\/\/tzionlibreria.com\/index.php\/product\/cambios-profundos-cuando-el-evangelio-transforma-los-deseos-del-corazon\/\" \/>\n<meta property=\"og:site_name\" content=\"tzionlibreria.com\" \/>\n<meta property=\"og:image\" content=\"http:\/\/tzionlibreria.com\/wp-content\/uploads\/2025\/11\/9788409321612.jpg\" \/>\n\t<meta property=\"og:image:width\" content=\"1200\" \/>\n\t<meta property=\"og:image:height\" content=\"1200\" \/>\n\t<meta property=\"og:image:type\" content=\"image\/jpeg\" \/>\n<meta name=\"twitter:card\" content=\"summary_large_image\" \/>\n<meta name=\"twitter:label1\" content=\"Tiempo de lectura\" \/>\n\t<meta name=\"twitter:data1\" content=\"2 minutos\" \/>\n<script type=\"application\/ld+json\" class=\"yoast-schema-graph\">{\"@context\":\"https:\\\/\\\/schema.org\",\"@graph\":[{\"@type\":\"WebPage\",\"@id\":\"https:\\\/\\\/tzionlibreria.com\\\/index.php\\\/product\\\/cambios-profundos-cuando-el-evangelio-transforma-los-deseos-del-corazon\\\/\",\"url\":\"https:\\\/\\\/tzionlibreria.com\\\/index.php\\\/product\\\/cambios-profundos-cuando-el-evangelio-transforma-los-deseos-del-corazon\\\/\",\"name\":\"Cambios Profundos \u2013 Cuando el evangelio transforma los deseos del coraz\u00f3n - tzionlibreria.com\",\"isPartOf\":{\"@id\":\"https:\\\/\\\/tzionlibreria.com\\\/#website\"},\"primaryImageOfPage\":{\"@id\":\"https:\\\/\\\/tzionlibreria.com\\\/index.php\\\/product\\\/cambios-profundos-cuando-el-evangelio-transforma-los-deseos-del-corazon\\\/#primaryimage\"},\"image\":{\"@id\":\"https:\\\/\\\/tzionlibreria.com\\\/index.php\\\/product\\\/cambios-profundos-cuando-el-evangelio-transforma-los-deseos-del-corazon\\\/#primaryimage\"},\"thumbnailUrl\":\"https:\\\/\\\/tzionlibreria.com\\\/wp-content\\\/uploads\\\/2025\\\/11\\\/9788409321612.jpg\",\"datePublished\":\"2025-11-18T01:35:03+00:00\",\"breadcrumb\":{\"@id\":\"https:\\\/\\\/tzionlibreria.com\\\/index.php\\\/product\\\/cambios-profundos-cuando-el-evangelio-transforma-los-deseos-del-corazon\\\/#breadcrumb\"},\"inLanguage\":\"es-CO\",\"potentialAction\":[{\"@type\":\"ReadAction\",\"target\":[\"https:\\\/\\\/tzionlibreria.com\\\/index.php\\\/product\\\/cambios-profundos-cuando-el-evangelio-transforma-los-deseos-del-corazon\\\/\"]}]},{\"@type\":\"ImageObject\",\"inLanguage\":\"es-CO\",\"@id\":\"https:\\\/\\\/tzionlibreria.com\\\/index.php\\\/product\\\/cambios-profundos-cuando-el-evangelio-transforma-los-deseos-del-corazon\\\/#primaryimage\",\"url\":\"https:\\\/\\\/tzionlibreria.com\\\/wp-content\\\/uploads\\\/2025\\\/11\\\/9788409321612.jpg\",\"contentUrl\":\"https:\\\/\\\/tzionlibreria.com\\\/wp-content\\\/uploads\\\/2025\\\/11\\\/9788409321612.jpg\",\"width\":1200,\"height\":1200},{\"@type\":\"BreadcrumbList\",\"@id\":\"https:\\\/\\\/tzionlibreria.com\\\/index.php\\\/product\\\/cambios-profundos-cuando-el-evangelio-transforma-los-deseos-del-corazon\\\/#breadcrumb\",\"itemListElement\":[{\"@type\":\"ListItem\",\"position\":1,\"name\":\"Inicio\",\"item\":\"https:\\\/\\\/tzionlibreria.com\\\/\"},{\"@type\":\"ListItem\",\"position\":2,\"name\":\"Shop\",\"item\":\"https:\\\/\\\/tzionlibreria.com\\\/index.php\\\/shop\\\/\"},{\"@type\":\"ListItem\",\"position\":3,\"name\":\"Cambios Profundos \u2013 Cuando el evangelio transforma los deseos del coraz\u00f3n\"}]},{\"@type\":\"WebSite\",\"@id\":\"https:\\\/\\\/tzionlibreria.com\\\/#website\",\"url\":\"https:\\\/\\\/tzionlibreria.com\\\/\",\"name\":\"tzionlibreria.com\",\"description\":\"Libreria Cristiana Venezuela\",\"publisher\":{\"@id\":\"https:\\\/\\\/tzionlibreria.com\\\/#organization\"},\"potentialAction\":[{\"@type\":\"SearchAction\",\"target\":{\"@type\":\"EntryPoint\",\"urlTemplate\":\"https:\\\/\\\/tzionlibreria.com\\\/?s={search_term_string}\"},\"query-input\":{\"@type\":\"PropertyValueSpecification\",\"valueRequired\":true,\"valueName\":\"search_term_string\"}}],\"inLanguage\":\"es-CO\"},{\"@type\":\"Organization\",\"@id\":\"https:\\\/\\\/tzionlibreria.com\\\/#organization\",\"name\":\"tzionlibreria.com\",\"url\":\"https:\\\/\\\/tzionlibreria.com\\\/\",\"logo\":{\"@type\":\"ImageObject\",\"inLanguage\":\"es-CO\",\"@id\":\"https:\\\/\\\/tzionlibreria.com\\\/#\\\/schema\\\/logo\\\/image\\\/\",\"url\":\"https:\\\/\\\/tzionlibreria.com\\\/wp-content\\\/uploads\\\/2023\\\/10\\\/cropped-Cuadricula-scaled-1.jpg\",\"contentUrl\":\"https:\\\/\\\/tzionlibreria.com\\\/wp-content\\\/uploads\\\/2023\\\/10\\\/cropped-Cuadricula-scaled-1.jpg\",\"width\":2560,\"height\":2560,\"caption\":\"tzionlibreria.com\"},\"image\":{\"@id\":\"https:\\\/\\\/tzionlibreria.com\\\/#\\\/schema\\\/logo\\\/image\\\/\"}}]}<\/script>\n<!-- \/ Yoast SEO plugin. -->","yoast_head_json":{"title":"Cambios Profundos \u2013 Cuando el evangelio transforma los deseos del coraz\u00f3n - tzionlibreria.com","robots":{"index":"index","follow":"follow","max-snippet":"max-snippet:-1","max-image-preview":"max-image-preview:large","max-video-preview":"max-video-preview:-1"},"canonical":"https:\/\/tzionlibreria.com\/index.php\/product\/cambios-profundos-cuando-el-evangelio-transforma-los-deseos-del-corazon\/","og_locale":"es_ES","og_type":"article","og_title":"Cambios Profundos \u2013 Cuando el evangelio transforma los deseos del coraz\u00f3n - tzionlibreria.com","og_description":"l mirar la vida de Jon\u00e1s uno descubre algo tan desconcertante como cierto: es posible obedecer sin cambiar. Es posible hablarle a otros del amor de Dios, sin sentir amor por otros. Es posible hacer obras espirituales, sin ser una persona espiritual. Es posible cambiar nuestras acciones externas, sin cambiar nuestros deseos m\u00e1s profundos. La [&hellip;]","og_url":"https:\/\/tzionlibreria.com\/index.php\/product\/cambios-profundos-cuando-el-evangelio-transforma-los-deseos-del-corazon\/","og_site_name":"tzionlibreria.com","og_image":[{"width":1200,"height":1200,"url":"http:\/\/tzionlibreria.com\/wp-content\/uploads\/2025\/11\/9788409321612.jpg","type":"image\/jpeg"}],"twitter_card":"summary_large_image","twitter_misc":{"Tiempo de lectura":"2 minutos"},"schema":{"@context":"https:\/\/schema.org","@graph":[{"@type":"WebPage","@id":"https:\/\/tzionlibreria.com\/index.php\/product\/cambios-profundos-cuando-el-evangelio-transforma-los-deseos-del-corazon\/","url":"https:\/\/tzionlibreria.com\/index.php\/product\/cambios-profundos-cuando-el-evangelio-transforma-los-deseos-del-corazon\/","name":"Cambios Profundos \u2013 Cuando el evangelio transforma los deseos del coraz\u00f3n - tzionlibreria.com","isPartOf":{"@id":"https:\/\/tzionlibreria.com\/#website"},"primaryImageOfPage":{"@id":"https:\/\/tzionlibreria.com\/index.php\/product\/cambios-profundos-cuando-el-evangelio-transforma-los-deseos-del-corazon\/#primaryimage"},"image":{"@id":"https:\/\/tzionlibreria.com\/index.php\/product\/cambios-profundos-cuando-el-evangelio-transforma-los-deseos-del-corazon\/#primaryimage"},"thumbnailUrl":"https:\/\/tzionlibreria.com\/wp-content\/uploads\/2025\/11\/9788409321612.jpg","datePublished":"2025-11-18T01:35:03+00:00","breadcrumb":{"@id":"https:\/\/tzionlibreria.com\/index.php\/product\/cambios-profundos-cuando-el-evangelio-transforma-los-deseos-del-corazon\/#breadcrumb"},"inLanguage":"es-CO","potentialAction":[{"@type":"ReadAction","target":["https:\/\/tzionlibreria.com\/index.php\/product\/cambios-profundos-cuando-el-evangelio-transforma-los-deseos-del-corazon\/"]}]},{"@type":"ImageObject","inLanguage":"es-CO","@id":"https:\/\/tzionlibreria.com\/index.php\/product\/cambios-profundos-cuando-el-evangelio-transforma-los-deseos-del-corazon\/#primaryimage","url":"https:\/\/tzionlibreria.com\/wp-content\/uploads\/2025\/11\/9788409321612.jpg","contentUrl":"https:\/\/tzionlibreria.com\/wp-content\/uploads\/2025\/11\/9788409321612.jpg","width":1200,"height":1200},{"@type":"BreadcrumbList","@id":"https:\/\/tzionlibreria.com\/index.php\/product\/cambios-profundos-cuando-el-evangelio-transforma-los-deseos-del-corazon\/#breadcrumb","itemListElement":[{"@type":"ListItem","position":1,"name":"Inicio","item":"https:\/\/tzionlibreria.com\/"},{"@type":"ListItem","position":2,"name":"Shop","item":"https:\/\/tzionlibreria.com\/index.php\/shop\/"},{"@type":"ListItem","position":3,"name":"Cambios Profundos \u2013 Cuando el evangelio transforma los deseos del coraz\u00f3n"}]},{"@type":"WebSite","@id":"https:\/\/tzionlibreria.com\/#website","url":"https:\/\/tzionlibreria.com\/","name":"tzionlibreria.com","description":"Libreria Cristiana Venezuela","publisher":{"@id":"https:\/\/tzionlibreria.com\/#organization"},"potentialAction":[{"@type":"SearchAction","target":{"@type":"EntryPoint","urlTemplate":"https:\/\/tzionlibreria.com\/?s={search_term_string}"},"query-input":{"@type":"PropertyValueSpecification","valueRequired":true,"valueName":"search_term_string"}}],"inLanguage":"es-CO"},{"@type":"Organization","@id":"https:\/\/tzionlibreria.com\/#organization","name":"tzionlibreria.com","url":"https:\/\/tzionlibreria.com\/","logo":{"@type":"ImageObject","inLanguage":"es-CO","@id":"https:\/\/tzionlibreria.com\/#\/schema\/logo\/image\/","url":"https:\/\/tzionlibreria.com\/wp-content\/uploads\/2023\/10\/cropped-Cuadricula-scaled-1.jpg","contentUrl":"https:\/\/tzionlibreria.com\/wp-content\/uploads\/2023\/10\/cropped-Cuadricula-scaled-1.jpg","width":2560,"height":2560,"caption":"tzionlibreria.com"},"image":{"@id":"https:\/\/tzionlibreria.com\/#\/schema\/logo\/image\/"}}]}},"jetpack_sharing_enabled":true,"_links":{"self":[{"href":"https:\/\/tzionlibreria.com\/index.php\/wp-json\/wp\/v2\/product\/6318","targetHints":{"allow":["GET"]}}],"collection":[{"href":"https:\/\/tzionlibreria.com\/index.php\/wp-json\/wp\/v2\/product"}],"about":[{"href":"https:\/\/tzionlibreria.com\/index.php\/wp-json\/wp\/v2\/types\/product"}],"replies":[{"embeddable":true,"href":"https:\/\/tzionlibreria.com\/index.php\/wp-json\/wp\/v2\/comments?post=6318"}],"wp:featuredmedia":[{"embeddable":true,"href":"https:\/\/tzionlibreria.com\/index.php\/wp-json\/wp\/v2\/media\/6319"}],"wp:attachment":[{"href":"https:\/\/tzionlibreria.com\/index.php\/wp-json\/wp\/v2\/media?parent=6318"}],"wp:term":[{"taxonomy":"product_brand","embeddable":true,"href":"https:\/\/tzionlibreria.com\/index.php\/wp-json\/wp\/v2\/product_brand?post=6318"},{"taxonomy":"product_cat","embeddable":true,"href":"https:\/\/tzionlibreria.com\/index.php\/wp-json\/wp\/v2\/product_cat?post=6318"},{"taxonomy":"product_tag","embeddable":true,"href":"https:\/\/tzionlibreria.com\/index.php\/wp-json\/wp\/v2\/product_tag?post=6318"}],"curies":[{"name":"wp","href":"https:\/\/api.w.org\/{rel}","templated":true}]}}