{"id":6342,"date":"2025-11-18T20:46:47","date_gmt":"2025-11-18T20:46:47","guid":{"rendered":"https:\/\/tzionlibreria.com\/?post_type=product&#038;p=6342"},"modified":"2025-11-18T20:46:52","modified_gmt":"2025-11-18T20:46:52","slug":"biblia-reina-valera-1960-mediana-rvr-letra-grande-11-puntos-lila-con-ayudas-digitales","status":"publish","type":"product","link":"https:\/\/tzionlibreria.com\/index.php\/product\/biblia-reina-valera-1960-mediana-rvr-letra-grande-11-puntos-lila-con-ayudas-digitales\/","title":{"rendered":"Biblia Reina Valera 1960 mediana RVR Letra Grande 11 puntos Lila Con Ayudas Digitales"},"content":{"rendered":"<div id=\"tab-description\" class=\"woocommerce-Tabs-panel woocommerce-Tabs-panel--description panel entry-content wc-tab\" role=\"tabpanel\" aria-labelledby=\"tab-title-description\">\n<p data-start=\"212\" data-end=\"287\"><strong data-start=\"212\" data-end=\"285\">Biblia RVR046 Letra Grande 11 pts. \u2013 Lectura c\u00f3moda, estudio profundo<\/strong><\/p>\n<p data-start=\"289\" data-end=\"675\">Disfruta de una lectura clara y sin esfuerzo con la\u00a0<strong data-start=\"341\" data-end=\"384\">Biblia RVR046 letra grande de 11 puntos<\/strong>, ideal para quienes buscan combinar comodidad, portabilidad y recursos de estudio completos. Su tipograf\u00eda en d\u00fao tono facilita la identificaci\u00f3n de cap\u00edtulos y vers\u00edculos, mientras que las notas a pie de p\u00e1gina enriquecen la comprensi\u00f3n y profundizan en el significado de las Escrituras.<\/p>\n<p data-start=\"677\" data-end=\"880\">El papel de alta calidad de 28 g, su encuadernaci\u00f3n en cubierta Semipiel y su dise\u00f1o elegante hacen de esta Biblia una excelente elecci\u00f3n tanto para el estudio personal como para la meditaci\u00f3n diaria.<\/p>\n<p data-start=\"882\" data-end=\"918\"><strong data-start=\"882\" data-end=\"916\"><img decoding=\"async\" class=\"emoji\" role=\"img\" draggable=\"false\" src=\"https:\/\/s.w.org\/images\/core\/emoji\/16.0.1\/svg\/1f4d6.svg\" alt=\"\ud83d\udcd6\" \/> Caracter\u00edsticas destacadas:<\/strong><\/p>\n<table border=\"0\" cellspacing=\"0\" cellpadding=\"8\">\n<tbody>\n<tr>\n<td><strong>ISBN<\/strong><\/td>\n<td>\n<div data-olk-copy-source=\"MessageBody\"><span data-olk-copy-source=\"MessageBody\">9786287781306<\/span><\/div>\n<\/td>\n<td><\/td>\n<\/tr>\n<tr>\n<td><strong>No. de p\u00e1ginas<\/strong><\/td>\n<td>1760 p\u00e1ginas<\/td>\n<td><\/td>\n<\/tr>\n<tr>\n<td><strong>Papel<\/strong><\/td>\n<td>Papel Biblia de 28 gr<\/td>\n<td><\/td>\n<\/tr>\n<tr>\n<td><strong>Puntaje letra<\/strong><\/td>\n<td><strong>11 puntos<\/strong><\/td>\n<td><\/td>\n<\/tr>\n<tr>\n<td><strong>Cubierta:<\/strong><\/td>\n<td>Sensipiel<\/td>\n<td><\/td>\n<\/tr>\n<\/tbody>\n<\/table>\n<h2 class=\"\" data-start=\"525\" data-end=\"563\"><\/h2>\n<p data-start=\"1157\" data-end=\"1193\"><strong data-start=\"1157\" data-end=\"1191\"><img decoding=\"async\" class=\"emoji\" role=\"img\" draggable=\"false\" src=\"https:\/\/s.w.org\/images\/core\/emoji\/16.0.1\/svg\/1f4da.svg\" alt=\"\ud83d\udcda\" \/> Contenidos complementarios:<\/strong><\/p>\n<ul data-start=\"1194\" data-end=\"1572\">\n<li data-start=\"1194\" data-end=\"1255\">\n<p data-start=\"1196\" data-end=\"1255\"><strong data-start=\"1196\" data-end=\"1221\">Notas a pie de p\u00e1gina<\/strong>\u00a0para aclaraciones y referencias<\/p>\n<\/li>\n<li data-start=\"1256\" data-end=\"1312\">\n<p data-start=\"1258\" data-end=\"1312\"><strong data-start=\"1258\" data-end=\"1276\">\u00cdndice general<\/strong>\u00a0para encontrar pasajes f\u00e1cilmente<\/p>\n<\/li>\n<li data-start=\"1313\" data-end=\"1368\">\n<p data-start=\"1315\" data-end=\"1368\"><strong data-start=\"1315\" data-end=\"1347\">Palabras de Jes\u00fas resaltadas<\/strong>\u00a0para mayor \u00e9nfasis<\/p>\n<\/li>\n<li data-start=\"1369\" data-end=\"1500\">\n<p data-start=\"1371\" data-end=\"1500\"><strong data-start=\"1371\" data-end=\"1391\">Ayudas digitales<\/strong>\u00a0con introducciones al Antiguo y Nuevo Testamento, videos explicativos, concordancia digital y m\u00e1s recursos<\/p>\n<\/li>\n<li data-start=\"1501\" data-end=\"1572\">\n<p data-start=\"1503\" data-end=\"1572\"><strong data-start=\"1503\" data-end=\"1536\">10 m\u00e9todos de estudio b\u00edblico<\/strong>\u00a0y\u00a0<strong data-start=\"1539\" data-end=\"1557\">mapas impresos<\/strong>\u00a0a todo color<\/p>\n<\/li>\n<\/ul>\n<p data-start=\"1574\" data-end=\"1593\"><strong data-start=\"1574\" data-end=\"1591\"><img decoding=\"async\" class=\"emoji\" role=\"img\" draggable=\"false\" src=\"https:\/\/s.w.org\/images\/core\/emoji\/16.0.1\/svg\/2728.svg\" alt=\"\u2728\" \/> Beneficios:<\/strong><\/p>\n<ul data-start=\"1594\" data-end=\"1795\">\n<li data-start=\"1594\" data-end=\"1632\">\n<p data-start=\"1596\" data-end=\"1632\">Lectura fluida y sin fatiga visual<\/p>\n<\/li>\n<li data-start=\"1633\" data-end=\"1692\">\n<p data-start=\"1635\" data-end=\"1692\">Ideal para devocionales, estudio personal y predicaci\u00f3n<\/p>\n<\/li>\n<li data-start=\"1693\" data-end=\"1746\">\n<p data-start=\"1695\" data-end=\"1746\">Recursos pr\u00e1cticos para profundizar en la Palabra<\/p>\n<\/li>\n<li data-start=\"1747\" data-end=\"1795\">\n<p data-start=\"1749\" data-end=\"1795\">Dise\u00f1o resistente y duradero para uso diario<\/p>\n<\/li>\n<\/ul>\n<p data-start=\"1797\" data-end=\"1976\">Con la\u00a0<strong data-start=\"1804\" data-end=\"1842\">Biblia RVR046 Letra Grande 11 pts.<\/strong>\u00a0tendr\u00e1s una herramienta perfecta para disfrutar de la Palabra de Dios de forma c\u00f3moda y enriquecedora en cualquier momento y lugar.<\/p>\n<\/div>\n","protected":false},"excerpt":{"rendered":"<p>Biblia RVR046 Letra Grande 11 pts. \u2013 Lectura c\u00f3moda, estudio profundo Disfruta de una lectura clara y sin esfuerzo con la\u00a0Biblia RVR046 letra grande de 11 puntos, ideal para quienes buscan combinar comodidad, portabilidad y recursos de estudio completos. Su tipograf\u00eda en d\u00fao tono facilita la identificaci\u00f3n de cap\u00edtulos y vers\u00edculos, mientras que las notas [&hellip;]<\/p>\n","protected":false},"featured_media":6343,"comment_status":"open","ping_status":"closed","template":"","meta":{"om_disable_all_campaigns":false,"_monsterinsights_skip_tracking":false,"_monsterinsights_sitenote_active":false,"_monsterinsights_sitenote_note":"","_monsterinsights_sitenote_category":0,"site-sidebar-layout":"default","site-content-layout":"","ast-site-content-layout":"default","site-content-style":"default","site-sidebar-style":"default","ast-global-header-display":"","ast-banner-title-visibility":"","ast-main-header-display":"","ast-hfb-above-header-display":"","ast-hfb-below-header-display":"","ast-hfb-mobile-header-display":"","site-post-title":"","ast-breadcrumbs-content":"","ast-featured-img":"","footer-sml-layout":"","ast-disable-related-posts":"","theme-transparent-header-meta":"default","adv-header-id-meta":"","stick-header-meta":"","header-above-stick-meta":"","header-main-stick-meta":"","header-below-stick-meta":"","astra-migrate-meta-layouts":"set","ast-page-background-enabled":"default","ast-page-background-meta":{"desktop":{"background-color":"var(--ast-global-color-4)","background-image":"","background-repeat":"repeat","background-position":"center center","background-size":"auto","background-attachment":"scroll","background-type":"","background-media":"","overlay-type":"","overlay-color":"","overlay-opacity":"","overlay-gradient":""},"tablet":{"background-color":"","background-image":"","background-repeat":"repeat","background-position":"center center","background-size":"auto","background-attachment":"scroll","background-type":"","background-media":"","overlay-type":"","overlay-color":"","overlay-opacity":"","overlay-gradient":""},"mobile":{"background-color":"","background-image":"","background-repeat":"repeat","background-position":"center center","background-size":"auto","background-attachment":"scroll","background-type":"","background-media":"","overlay-type":"","overlay-color":"","overlay-opacity":"","overlay-gradient":""}},"ast-content-background-meta":{"desktop":{"background-color":"var(--ast-global-color-5)","background-image":"","background-repeat":"repeat","background-position":"center center","background-size":"auto","background-attachment":"scroll","background-type":"","background-media":"","overlay-type":"","overlay-color":"","overlay-opacity":"","overlay-gradient":""},"tablet":{"background-color":"var(--ast-global-color-5)","background-image":"","background-repeat":"repeat","background-position":"center center","background-size":"auto","background-attachment":"scroll","background-type":"","background-media":"","overlay-type":"","overlay-color":"","overlay-opacity":"","overlay-gradient":""},"mobile":{"background-color":"var(--ast-global-color-5)","background-image":"","background-repeat":"repeat","background-position":"center center","background-size":"auto","background-attachment":"scroll","background-type":"","background-media":"","overlay-type":"","overlay-color":"","overlay-opacity":"","overlay-gradient":""}}},"product_brand":[],"product_cat":[304,22,42,178],"product_tag":[],"class_list":{"0":"post-6342","1":"product","2":"type-product","3":"status-publish","4":"has-post-thumbnail","6":"product_cat-biblia-juvenil","7":"product_cat-biblias","8":"product_cat-biblias-reina-valera","9":"product_cat-letra-grande-nvi","10":"desktop-align-left","11":"tablet-align-left","12":"mobile-align-left","14":"first","15":"instock","16":"shipping-taxable","17":"purchasable","18":"product-type-simple"},"yoast_head":"<!-- This site is optimized with the Yoast SEO plugin v27.4 - https:\/\/yoast.com\/product\/yoast-seo-wordpress\/ -->\n<title>Biblia Reina Valera 1960 mediana RVR Letra Grande 11 puntos Lila Con Ayudas Digitales - tzionlibreria.com<\/title>\n<meta name=\"robots\" content=\"index, follow, max-snippet:-1, max-image-preview:large, max-video-preview:-1\" \/>\n<link rel=\"canonical\" href=\"https:\/\/tzionlibreria.com\/index.php\/product\/biblia-reina-valera-1960-mediana-rvr-letra-grande-11-puntos-lila-con-ayudas-digitales\/\" \/>\n<meta property=\"og:locale\" content=\"es_ES\" \/>\n<meta property=\"og:type\" content=\"article\" \/>\n<meta property=\"og:title\" content=\"Biblia Reina Valera 1960 mediana RVR Letra Grande 11 puntos Lila Con Ayudas Digitales - tzionlibreria.com\" \/>\n<meta property=\"og:description\" content=\"Biblia RVR046 Letra Grande 11 pts. \u2013 Lectura c\u00f3moda, estudio profundo Disfruta de una lectura clara y sin esfuerzo con la\u00a0Biblia RVR046 letra grande de 11 puntos, ideal para quienes buscan combinar comodidad, portabilidad y recursos de estudio completos. Su tipograf\u00eda en d\u00fao tono facilita la identificaci\u00f3n de cap\u00edtulos y vers\u00edculos, mientras que las notas [&hellip;]\" \/>\n<meta property=\"og:url\" content=\"https:\/\/tzionlibreria.com\/index.php\/product\/biblia-reina-valera-1960-mediana-rvr-letra-grande-11-puntos-lila-con-ayudas-digitales\/\" \/>\n<meta property=\"og:site_name\" content=\"tzionlibreria.com\" \/>\n<meta property=\"article:modified_time\" content=\"2025-11-18T20:46:52+00:00\" \/>\n<meta property=\"og:image\" content=\"http:\/\/tzionlibreria.com\/wp-content\/uploads\/2025\/11\/9786287781306.jpg\" \/>\n\t<meta property=\"og:image:width\" content=\"1200\" \/>\n\t<meta property=\"og:image:height\" content=\"1200\" \/>\n\t<meta property=\"og:image:type\" content=\"image\/jpeg\" \/>\n<meta name=\"twitter:card\" content=\"summary_large_image\" \/>\n<meta name=\"twitter:label1\" content=\"Tiempo de lectura\" \/>\n\t<meta name=\"twitter:data1\" content=\"2 minutos\" \/>\n<script type=\"application\/ld+json\" class=\"yoast-schema-graph\">{\"@context\":\"https:\\\/\\\/schema.org\",\"@graph\":[{\"@type\":\"WebPage\",\"@id\":\"https:\\\/\\\/tzionlibreria.com\\\/index.php\\\/product\\\/biblia-reina-valera-1960-mediana-rvr-letra-grande-11-puntos-lila-con-ayudas-digitales\\\/\",\"url\":\"https:\\\/\\\/tzionlibreria.com\\\/index.php\\\/product\\\/biblia-reina-valera-1960-mediana-rvr-letra-grande-11-puntos-lila-con-ayudas-digitales\\\/\",\"name\":\"Biblia Reina Valera 1960 mediana RVR Letra Grande 11 puntos Lila Con Ayudas Digitales - tzionlibreria.com\",\"isPartOf\":{\"@id\":\"https:\\\/\\\/tzionlibreria.com\\\/#website\"},\"primaryImageOfPage\":{\"@id\":\"https:\\\/\\\/tzionlibreria.com\\\/index.php\\\/product\\\/biblia-reina-valera-1960-mediana-rvr-letra-grande-11-puntos-lila-con-ayudas-digitales\\\/#primaryimage\"},\"image\":{\"@id\":\"https:\\\/\\\/tzionlibreria.com\\\/index.php\\\/product\\\/biblia-reina-valera-1960-mediana-rvr-letra-grande-11-puntos-lila-con-ayudas-digitales\\\/#primaryimage\"},\"thumbnailUrl\":\"https:\\\/\\\/tzionlibreria.com\\\/wp-content\\\/uploads\\\/2025\\\/11\\\/9786287781306.jpg\",\"datePublished\":\"2025-11-18T20:46:47+00:00\",\"dateModified\":\"2025-11-18T20:46:52+00:00\",\"breadcrumb\":{\"@id\":\"https:\\\/\\\/tzionlibreria.com\\\/index.php\\\/product\\\/biblia-reina-valera-1960-mediana-rvr-letra-grande-11-puntos-lila-con-ayudas-digitales\\\/#breadcrumb\"},\"inLanguage\":\"es-CO\",\"potentialAction\":[{\"@type\":\"ReadAction\",\"target\":[\"https:\\\/\\\/tzionlibreria.com\\\/index.php\\\/product\\\/biblia-reina-valera-1960-mediana-rvr-letra-grande-11-puntos-lila-con-ayudas-digitales\\\/\"]}]},{\"@type\":\"ImageObject\",\"inLanguage\":\"es-CO\",\"@id\":\"https:\\\/\\\/tzionlibreria.com\\\/index.php\\\/product\\\/biblia-reina-valera-1960-mediana-rvr-letra-grande-11-puntos-lila-con-ayudas-digitales\\\/#primaryimage\",\"url\":\"https:\\\/\\\/tzionlibreria.com\\\/wp-content\\\/uploads\\\/2025\\\/11\\\/9786287781306.jpg\",\"contentUrl\":\"https:\\\/\\\/tzionlibreria.com\\\/wp-content\\\/uploads\\\/2025\\\/11\\\/9786287781306.jpg\",\"width\":1200,\"height\":1200},{\"@type\":\"BreadcrumbList\",\"@id\":\"https:\\\/\\\/tzionlibreria.com\\\/index.php\\\/product\\\/biblia-reina-valera-1960-mediana-rvr-letra-grande-11-puntos-lila-con-ayudas-digitales\\\/#breadcrumb\",\"itemListElement\":[{\"@type\":\"ListItem\",\"position\":1,\"name\":\"Inicio\",\"item\":\"https:\\\/\\\/tzionlibreria.com\\\/\"},{\"@type\":\"ListItem\",\"position\":2,\"name\":\"Shop\",\"item\":\"https:\\\/\\\/tzionlibreria.com\\\/index.php\\\/shop\\\/\"},{\"@type\":\"ListItem\",\"position\":3,\"name\":\"Biblia Reina Valera 1960 mediana RVR Letra Grande 11 puntos Lila Con Ayudas Digitales\"}]},{\"@type\":\"WebSite\",\"@id\":\"https:\\\/\\\/tzionlibreria.com\\\/#website\",\"url\":\"https:\\\/\\\/tzionlibreria.com\\\/\",\"name\":\"tzionlibreria.com\",\"description\":\"Libreria Cristiana Venezuela\",\"publisher\":{\"@id\":\"https:\\\/\\\/tzionlibreria.com\\\/#organization\"},\"potentialAction\":[{\"@type\":\"SearchAction\",\"target\":{\"@type\":\"EntryPoint\",\"urlTemplate\":\"https:\\\/\\\/tzionlibreria.com\\\/?s={search_term_string}\"},\"query-input\":{\"@type\":\"PropertyValueSpecification\",\"valueRequired\":true,\"valueName\":\"search_term_string\"}}],\"inLanguage\":\"es-CO\"},{\"@type\":\"Organization\",\"@id\":\"https:\\\/\\\/tzionlibreria.com\\\/#organization\",\"name\":\"tzionlibreria.com\",\"url\":\"https:\\\/\\\/tzionlibreria.com\\\/\",\"logo\":{\"@type\":\"ImageObject\",\"inLanguage\":\"es-CO\",\"@id\":\"https:\\\/\\\/tzionlibreria.com\\\/#\\\/schema\\\/logo\\\/image\\\/\",\"url\":\"https:\\\/\\\/tzionlibreria.com\\\/wp-content\\\/uploads\\\/2023\\\/10\\\/cropped-Cuadricula-scaled-1.jpg\",\"contentUrl\":\"https:\\\/\\\/tzionlibreria.com\\\/wp-content\\\/uploads\\\/2023\\\/10\\\/cropped-Cuadricula-scaled-1.jpg\",\"width\":2560,\"height\":2560,\"caption\":\"tzionlibreria.com\"},\"image\":{\"@id\":\"https:\\\/\\\/tzionlibreria.com\\\/#\\\/schema\\\/logo\\\/image\\\/\"}}]}<\/script>\n<!-- \/ Yoast SEO plugin. -->","yoast_head_json":{"title":"Biblia Reina Valera 1960 mediana RVR Letra Grande 11 puntos Lila Con Ayudas Digitales - tzionlibreria.com","robots":{"index":"index","follow":"follow","max-snippet":"max-snippet:-1","max-image-preview":"max-image-preview:large","max-video-preview":"max-video-preview:-1"},"canonical":"https:\/\/tzionlibreria.com\/index.php\/product\/biblia-reina-valera-1960-mediana-rvr-letra-grande-11-puntos-lila-con-ayudas-digitales\/","og_locale":"es_ES","og_type":"article","og_title":"Biblia Reina Valera 1960 mediana RVR Letra Grande 11 puntos Lila Con Ayudas Digitales - tzionlibreria.com","og_description":"Biblia RVR046 Letra Grande 11 pts. \u2013 Lectura c\u00f3moda, estudio profundo Disfruta de una lectura clara y sin esfuerzo con la\u00a0Biblia RVR046 letra grande de 11 puntos, ideal para quienes buscan combinar comodidad, portabilidad y recursos de estudio completos. Su tipograf\u00eda en d\u00fao tono facilita la identificaci\u00f3n de cap\u00edtulos y vers\u00edculos, mientras que las notas [&hellip;]","og_url":"https:\/\/tzionlibreria.com\/index.php\/product\/biblia-reina-valera-1960-mediana-rvr-letra-grande-11-puntos-lila-con-ayudas-digitales\/","og_site_name":"tzionlibreria.com","article_modified_time":"2025-11-18T20:46:52+00:00","og_image":[{"width":1200,"height":1200,"url":"http:\/\/tzionlibreria.com\/wp-content\/uploads\/2025\/11\/9786287781306.jpg","type":"image\/jpeg"}],"twitter_card":"summary_large_image","twitter_misc":{"Tiempo de lectura":"2 minutos"},"schema":{"@context":"https:\/\/schema.org","@graph":[{"@type":"WebPage","@id":"https:\/\/tzionlibreria.com\/index.php\/product\/biblia-reina-valera-1960-mediana-rvr-letra-grande-11-puntos-lila-con-ayudas-digitales\/","url":"https:\/\/tzionlibreria.com\/index.php\/product\/biblia-reina-valera-1960-mediana-rvr-letra-grande-11-puntos-lila-con-ayudas-digitales\/","name":"Biblia Reina Valera 1960 mediana RVR Letra Grande 11 puntos Lila Con Ayudas Digitales - tzionlibreria.com","isPartOf":{"@id":"https:\/\/tzionlibreria.com\/#website"},"primaryImageOfPage":{"@id":"https:\/\/tzionlibreria.com\/index.php\/product\/biblia-reina-valera-1960-mediana-rvr-letra-grande-11-puntos-lila-con-ayudas-digitales\/#primaryimage"},"image":{"@id":"https:\/\/tzionlibreria.com\/index.php\/product\/biblia-reina-valera-1960-mediana-rvr-letra-grande-11-puntos-lila-con-ayudas-digitales\/#primaryimage"},"thumbnailUrl":"https:\/\/tzionlibreria.com\/wp-content\/uploads\/2025\/11\/9786287781306.jpg","datePublished":"2025-11-18T20:46:47+00:00","dateModified":"2025-11-18T20:46:52+00:00","breadcrumb":{"@id":"https:\/\/tzionlibreria.com\/index.php\/product\/biblia-reina-valera-1960-mediana-rvr-letra-grande-11-puntos-lila-con-ayudas-digitales\/#breadcrumb"},"inLanguage":"es-CO","potentialAction":[{"@type":"ReadAction","target":["https:\/\/tzionlibreria.com\/index.php\/product\/biblia-reina-valera-1960-mediana-rvr-letra-grande-11-puntos-lila-con-ayudas-digitales\/"]}]},{"@type":"ImageObject","inLanguage":"es-CO","@id":"https:\/\/tzionlibreria.com\/index.php\/product\/biblia-reina-valera-1960-mediana-rvr-letra-grande-11-puntos-lila-con-ayudas-digitales\/#primaryimage","url":"https:\/\/tzionlibreria.com\/wp-content\/uploads\/2025\/11\/9786287781306.jpg","contentUrl":"https:\/\/tzionlibreria.com\/wp-content\/uploads\/2025\/11\/9786287781306.jpg","width":1200,"height":1200},{"@type":"BreadcrumbList","@id":"https:\/\/tzionlibreria.com\/index.php\/product\/biblia-reina-valera-1960-mediana-rvr-letra-grande-11-puntos-lila-con-ayudas-digitales\/#breadcrumb","itemListElement":[{"@type":"ListItem","position":1,"name":"Inicio","item":"https:\/\/tzionlibreria.com\/"},{"@type":"ListItem","position":2,"name":"Shop","item":"https:\/\/tzionlibreria.com\/index.php\/shop\/"},{"@type":"ListItem","position":3,"name":"Biblia Reina Valera 1960 mediana RVR Letra Grande 11 puntos Lila Con Ayudas Digitales"}]},{"@type":"WebSite","@id":"https:\/\/tzionlibreria.com\/#website","url":"https:\/\/tzionlibreria.com\/","name":"tzionlibreria.com","description":"Libreria Cristiana Venezuela","publisher":{"@id":"https:\/\/tzionlibreria.com\/#organization"},"potentialAction":[{"@type":"SearchAction","target":{"@type":"EntryPoint","urlTemplate":"https:\/\/tzionlibreria.com\/?s={search_term_string}"},"query-input":{"@type":"PropertyValueSpecification","valueRequired":true,"valueName":"search_term_string"}}],"inLanguage":"es-CO"},{"@type":"Organization","@id":"https:\/\/tzionlibreria.com\/#organization","name":"tzionlibreria.com","url":"https:\/\/tzionlibreria.com\/","logo":{"@type":"ImageObject","inLanguage":"es-CO","@id":"https:\/\/tzionlibreria.com\/#\/schema\/logo\/image\/","url":"https:\/\/tzionlibreria.com\/wp-content\/uploads\/2023\/10\/cropped-Cuadricula-scaled-1.jpg","contentUrl":"https:\/\/tzionlibreria.com\/wp-content\/uploads\/2023\/10\/cropped-Cuadricula-scaled-1.jpg","width":2560,"height":2560,"caption":"tzionlibreria.com"},"image":{"@id":"https:\/\/tzionlibreria.com\/#\/schema\/logo\/image\/"}}]}},"jetpack_sharing_enabled":true,"_links":{"self":[{"href":"https:\/\/tzionlibreria.com\/index.php\/wp-json\/wp\/v2\/product\/6342","targetHints":{"allow":["GET"]}}],"collection":[{"href":"https:\/\/tzionlibreria.com\/index.php\/wp-json\/wp\/v2\/product"}],"about":[{"href":"https:\/\/tzionlibreria.com\/index.php\/wp-json\/wp\/v2\/types\/product"}],"replies":[{"embeddable":true,"href":"https:\/\/tzionlibreria.com\/index.php\/wp-json\/wp\/v2\/comments?post=6342"}],"wp:featuredmedia":[{"embeddable":true,"href":"https:\/\/tzionlibreria.com\/index.php\/wp-json\/wp\/v2\/media\/6343"}],"wp:attachment":[{"href":"https:\/\/tzionlibreria.com\/index.php\/wp-json\/wp\/v2\/media?parent=6342"}],"wp:term":[{"taxonomy":"product_brand","embeddable":true,"href":"https:\/\/tzionlibreria.com\/index.php\/wp-json\/wp\/v2\/product_brand?post=6342"},{"taxonomy":"product_cat","embeddable":true,"href":"https:\/\/tzionlibreria.com\/index.php\/wp-json\/wp\/v2\/product_cat?post=6342"},{"taxonomy":"product_tag","embeddable":true,"href":"https:\/\/tzionlibreria.com\/index.php\/wp-json\/wp\/v2\/product_tag?post=6342"}],"curies":[{"name":"wp","href":"https:\/\/api.w.org\/{rel}","templated":true}]}}